{"id":10139,"date":"2020-03-05T21:40:58","date_gmt":"2020-03-05T21:40:58","guid":{"rendered":"https:\/\/internetaddictsanonymous.org\/?page_id=10139"},"modified":"2024-11-24T12:50:03","modified_gmt":"2024-11-24T20:50:03","slug":"donere","status":"publish","type":"page","link":"https:\/\/internetaddictsanonymous.org\/da\/donate\/","title":{"rendered":"Giv et bidrag"},"content":{"rendered":"<p>I overensstemmelse med de 7<sup>th<\/sup>\u00a0Traditionelt set er ITAA fuldt selvfors\u00f8rgende og udelukkende afh\u00e6ngig af donationer fra medlemmer. Hvis du har fundet ITAA gavnlig i din bedring, beder vi dig om at overveje at oprette et tilbagevendende m\u00e5nedligt bidrag for at hj\u00e6lpe vores f\u00e6llesskab med at forts\u00e6tte med at fungere effektivt. Ethvert bel\u00f8b hj\u00e6lper, og vi er virkelig taknemmelige for din deltagelse, mens vi bringer budskabet videre til internet- og teknologiafh\u00e6ngige, der stadig lider. <\/p>\n\n\n\n<p>Du kan give et bidrag via betalingskort, kreditkort, bankoverf\u00f8rsel, PayPal eller Venmo. Bem\u00e6rk venligst, at hvis du \u00f8nsker at forblive anonym, kan du blot skrive en initial i feltet &quot;efternavn&quot; og\/eller bruge en anonym e-mailadresse.<\/p>\n\n\n\n<script src=\"https:\/\/donorbox.org\/widget.js\" type=\"text\/javascript\"><\/script><iframe src=\"https:\/\/donorbox.org\/embed\/itaa\" width=\"100%\" style=\"max-width:500px; min-width:310px;\" seamless=\"seamless\" id=\"dbox-form-embed\" name=\"donorbox\" frameborder=\"0\" scrolling=\"no\" allowpaymentrequest><\/iframe>\n\n\n\n<p>ITAA praktiserer \u00e5ben bogf\u00f8ring. Du kan se vores tidligere kasserers rapporter <a href=\"https:\/\/drive.google.com\/drive\/folders\/116fSRg_xja1Fjo72RUP2-Cp3anwWK6LD?usp=sharing\" target=\"_blank\" rel=\"noreferrer noopener nofollow\">her<\/a>. Vi er en amerikansk f\u00f8deral skattefri nonprofitorganisation i henhold til 501(c)(3)-loven, der er registreret i staten Colorado.<\/p>\n<!-- PMB print buttons is only displayed on a single post\/page URLs-->","protected":false},"excerpt":{"rendered":"<p>I overensstemmelse med den 7. tradition er ITAA fuldt ud selvfors\u00f8rgende og udelukkende afh\u00e6ngig af donationer fra medlemmer. Hvis du har fundet ITAA gavnlig i din bedring, beder vi dig om at overveje at oprette et tilbagevendende m\u00e5nedligt bidrag for at hj\u00e6lpe vores f\u00e6llesskab med at forts\u00e6tte med at fungere effektivt. Ethvert bel\u00f8b hj\u00e6lper, og vi er virkelig taknemmelige for din deltagelse ... <a href=\"https:\/\/internetaddictsanonymous.org\/da\/donate\/\" class=\"more-link\">Forts\u00e6t med at l\u00e6se <span class=\"screen-reader-text\">Giv et bidrag<\/span><\/a><\/p>","protected":false},"author":35194237,"featured_media":0,"parent":0,"menu_order":0,"comment_status":"closed","ping_status":"closed","template":"full-width-page.php","meta":{"inline_featured_image":false,"_lmt_disableupdate":"","_lmt_disable":"","jetpack_post_was_ever_published":false,"footnotes":""},"tags":[],"class_list":["post-10139","page","type-page","status-publish","hentry"],"yoast_head":"<!-- This site is optimized with the Yoast SEO plugin v27.3 - https:\/\/yoast.com\/product\/yoast-seo-wordpress\/ -->\n<title>Make a Contribution &#8211; Internet and Technology Addicts Anonymous<\/title>\n<meta name=\"robots\" content=\"index, follow, max-snippet:-1, max-image-preview:large, max-video-preview:-1\" \/>\n<link rel=\"canonical\" href=\"https:\/\/internetaddictsanonymous.org\/da\/donere\/\" \/>\n<meta property=\"og:locale\" content=\"da_DK\" \/>\n<meta property=\"og:type\" content=\"article\" \/>\n<meta property=\"og:title\" content=\"Make a Contribution &#8211; Internet and Technology Addicts Anonymous\" \/>\n<meta property=\"og:description\" content=\"In keeping with the 7th\u00a0tradition, ITAA is fully self-supporting and relies entirely on donations from members. If you have found ITAA beneficial in your recovery, we ask that you consider setting up a recurring monthly contribution to help our fellowship continue to operate effectively. Any amount helps, and we are truly grateful for your participation &hellip; Continue reading Make a Contribution\" \/>\n<meta property=\"og:url\" content=\"https:\/\/internetaddictsanonymous.org\/da\/donere\/\" \/>\n<meta property=\"og:site_name\" content=\"Internet and Technology Addicts Anonymous\" \/>\n<meta property=\"article:modified_time\" content=\"2024-11-24T20:50:03+00:00\" \/>\n<meta name=\"twitter:card\" content=\"summary_large_image\" \/>\n<meta name=\"twitter:label1\" content=\"Estimeret l\u00e6setid\" \/>\n\t<meta name=\"twitter:data1\" content=\"1 minut\" \/>\n<script type=\"application\/ld+json\" class=\"yoast-schema-graph\">{\"@context\":\"https:\\\/\\\/schema.org\",\"@graph\":[{\"@type\":\"WebPage\",\"@id\":\"https:\\\/\\\/internetaddictsanonymous.org\\\/donate\\\/\",\"url\":\"https:\\\/\\\/internetaddictsanonymous.org\\\/donate\\\/\",\"name\":\"Make a Contribution &#8211; Internet and Technology Addicts Anonymous\",\"isPartOf\":{\"@id\":\"https:\\\/\\\/internetaddictsanonymous.org\\\/#website\"},\"datePublished\":\"2020-03-05T21:40:58+00:00\",\"dateModified\":\"2024-11-24T20:50:03+00:00\",\"breadcrumb\":{\"@id\":\"https:\\\/\\\/internetaddictsanonymous.org\\\/donate\\\/#breadcrumb\"},\"inLanguage\":\"da-DK\",\"potentialAction\":[{\"@type\":\"ReadAction\",\"target\":[\"https:\\\/\\\/internetaddictsanonymous.org\\\/donate\\\/\"]}]},{\"@type\":\"BreadcrumbList\",\"@id\":\"https:\\\/\\\/internetaddictsanonymous.org\\\/donate\\\/#breadcrumb\",\"itemListElement\":[{\"@type\":\"ListItem\",\"position\":1,\"name\":\"Home\",\"item\":\"https:\\\/\\\/internetaddictsanonymous.org\\\/\"},{\"@type\":\"ListItem\",\"position\":2,\"name\":\"Make a Contribution\"}]},{\"@type\":\"WebSite\",\"@id\":\"https:\\\/\\\/internetaddictsanonymous.org\\\/#website\",\"url\":\"https:\\\/\\\/internetaddictsanonymous.org\\\/\",\"name\":\"Internet and Technology Addicts Anonymous\",\"description\":\"Worldwide 12-step Fellowship for Internet and Technology Addiction\",\"publisher\":{\"@id\":\"https:\\\/\\\/internetaddictsanonymous.org\\\/#organization\"},\"potentialAction\":[{\"@type\":\"SearchAction\",\"target\":{\"@type\":\"EntryPoint\",\"urlTemplate\":\"https:\\\/\\\/internetaddictsanonymous.org\\\/?s={search_term_string}\"},\"query-input\":{\"@type\":\"PropertyValueSpecification\",\"valueRequired\":true,\"valueName\":\"search_term_string\"}}],\"inLanguage\":\"da-DK\"},{\"@type\":\"Organization\",\"@id\":\"https:\\\/\\\/internetaddictsanonymous.org\\\/#organization\",\"name\":\"Internet and Technology Addicts Anonymous\",\"url\":\"https:\\\/\\\/internetaddictsanonymous.org\\\/\",\"logo\":{\"@type\":\"ImageObject\",\"inLanguage\":\"da-DK\",\"@id\":\"https:\\\/\\\/internetaddictsanonymous.org\\\/#\\\/schema\\\/logo\\\/image\\\/\",\"url\":\"https:\\\/\\\/internetaddictsanonymous.org\\\/wp-content\\\/uploads\\\/2023\\\/01\\\/cropped-ITAA-logo-480px.png\",\"contentUrl\":\"https:\\\/\\\/internetaddictsanonymous.org\\\/wp-content\\\/uploads\\\/2023\\\/01\\\/cropped-ITAA-logo-480px.png\",\"width\":480,\"height\":480,\"caption\":\"Internet and Technology Addicts Anonymous\"},\"image\":{\"@id\":\"https:\\\/\\\/internetaddictsanonymous.org\\\/#\\\/schema\\\/logo\\\/image\\\/\"}}]}<\/script>\n<!-- \/ Yoast SEO plugin. -->","yoast_head_json":{"title":"Giv et bidrag - Anonyme internet- og teknologiafh\u00e6ngige","robots":{"index":"index","follow":"follow","max-snippet":"max-snippet:-1","max-image-preview":"max-image-preview:large","max-video-preview":"max-video-preview:-1"},"canonical":"https:\/\/internetaddictsanonymous.org\/da\/donere\/","og_locale":"da_DK","og_type":"article","og_title":"Make a Contribution &#8211; Internet and Technology Addicts Anonymous","og_description":"In keeping with the 7th\u00a0tradition, ITAA is fully self-supporting and relies entirely on donations from members. If you have found ITAA beneficial in your recovery, we ask that you consider setting up a recurring monthly contribution to help our fellowship continue to operate effectively. Any amount helps, and we are truly grateful for your participation &hellip; Continue reading Make a Contribution","og_url":"https:\/\/internetaddictsanonymous.org\/da\/donere\/","og_site_name":"Internet and Technology Addicts Anonymous","article_modified_time":"2024-11-24T20:50:03+00:00","twitter_card":"summary_large_image","twitter_misc":{"Estimeret l\u00e6setid":"1 minut"},"schema":{"@context":"https:\/\/schema.org","@graph":[{"@type":"WebPage","@id":"https:\/\/internetaddictsanonymous.org\/donate\/","url":"https:\/\/internetaddictsanonymous.org\/donate\/","name":"Giv et bidrag - Anonyme internet- og teknologiafh\u00e6ngige","isPartOf":{"@id":"https:\/\/internetaddictsanonymous.org\/#website"},"datePublished":"2020-03-05T21:40:58+00:00","dateModified":"2024-11-24T20:50:03+00:00","breadcrumb":{"@id":"https:\/\/internetaddictsanonymous.org\/donate\/#breadcrumb"},"inLanguage":"da-DK","potentialAction":[{"@type":"ReadAction","target":["https:\/\/internetaddictsanonymous.org\/donate\/"]}]},{"@type":"BreadcrumbList","@id":"https:\/\/internetaddictsanonymous.org\/donate\/#breadcrumb","itemListElement":[{"@type":"ListItem","position":1,"name":"Home","item":"https:\/\/internetaddictsanonymous.org\/"},{"@type":"ListItem","position":2,"name":"Make a Contribution"}]},{"@type":"WebSite","@id":"https:\/\/internetaddictsanonymous.org\/#website","url":"https:\/\/internetaddictsanonymous.org\/","name":"Anonyme internet- og teknologiafh\u00e6ngige","description":"Verdensomsp\u00e6ndende 12-trinsf\u00e6llesskab for internet- og teknologiafh\u00e6ngighed","publisher":{"@id":"https:\/\/internetaddictsanonymous.org\/#organization"},"potentialAction":[{"@type":"SearchAction","target":{"@type":"EntryPoint","urlTemplate":"https:\/\/internetaddictsanonymous.org\/?s={search_term_string}"},"query-input":{"@type":"PropertyValueSpecification","valueRequired":true,"valueName":"search_term_string"}}],"inLanguage":"da-DK"},{"@type":"Organization","@id":"https:\/\/internetaddictsanonymous.org\/#organization","name":"Anonyme internet- og teknologiafh\u00e6ngige","url":"https:\/\/internetaddictsanonymous.org\/","logo":{"@type":"ImageObject","inLanguage":"da-DK","@id":"https:\/\/internetaddictsanonymous.org\/#\/schema\/logo\/image\/","url":"https:\/\/internetaddictsanonymous.org\/wp-content\/uploads\/2023\/01\/cropped-ITAA-logo-480px.png","contentUrl":"https:\/\/internetaddictsanonymous.org\/wp-content\/uploads\/2023\/01\/cropped-ITAA-logo-480px.png","width":480,"height":480,"caption":"Internet and Technology Addicts Anonymous"},"image":{"@id":"https:\/\/internetaddictsanonymous.org\/#\/schema\/logo\/image\/"}}]}},"jetpack_sharing_enabled":true,"jetpack_shortlink":"https:\/\/wp.me\/P9Fwob-2Dx","_links":{"self":[{"href":"https:\/\/internetaddictsanonymous.org\/da\/wp-json\/wp\/v2\/pages\/10139","targetHints":{"allow":["GET"]}}],"collection":[{"href":"https:\/\/internetaddictsanonymous.org\/da\/wp-json\/wp\/v2\/pages"}],"about":[{"href":"https:\/\/internetaddictsanonymous.org\/da\/wp-json\/wp\/v2\/types\/page"}],"author":[{"embeddable":true,"href":"https:\/\/internetaddictsanonymous.org\/da\/wp-json\/wp\/v2\/users\/35194237"}],"replies":[{"embeddable":true,"href":"https:\/\/internetaddictsanonymous.org\/da\/wp-json\/wp\/v2\/comments?post=10139"}],"version-history":[{"count":36,"href":"https:\/\/internetaddictsanonymous.org\/da\/wp-json\/wp\/v2\/pages\/10139\/revisions"}],"predecessor-version":[{"id":18966,"href":"https:\/\/internetaddictsanonymous.org\/da\/wp-json\/wp\/v2\/pages\/10139\/revisions\/18966"}],"wp:attachment":[{"href":"https:\/\/internetaddictsanonymous.org\/da\/wp-json\/wp\/v2\/media?parent=10139"}],"wp:term":[{"taxonomy":"post_tag","embeddable":true,"href":"https:\/\/internetaddictsanonymous.org\/da\/wp-json\/wp\/v2\/tags?post=10139"}],"curies":[{"name":"wp","href":"https:\/\/api.w.org\/{rel}","templated":true}]}}