{"id":10620,"date":"2020-05-03T13:30:03","date_gmt":"2020-05-03T13:30:03","guid":{"rendered":"https:\/\/internetaddictsanonymous.org\/?page_id=10620"},"modified":"2023-01-14T07:03:14","modified_gmt":"2023-01-14T12:03:14","slug":"service","status":"publish","type":"page","link":"https:\/\/internetaddictsanonymous.org\/da\/service\/","title":{"rendered":"En guide til service"},"content":{"rendered":"<p>Et af vores st\u00e6rkeste redskaber til at komme sig er at v\u00e6re til tjeneste for andre afh\u00e6ngige s\u00e5vel som vores bredere samfund. ITAA er udelukkende en frivillig organisation uden l\u00f8nnede fagfolk. Nedenfor er nogle forslag til, hvordan du kan v\u00e6re til tjeneste i ITAA. Du kan ogs\u00e5 finde se vores <a href=\"https:\/\/internetaddictsanonymous.org\/da\/abne-servicestillinger\/\">i \u00f8jeblikket ledige servicestillinger<\/a> for flere muligheder for at v\u00e6re til tjeneste.<\/p>\n\n\n\n<p>M\u00e5der at v\u00e6re til tjeneste i ITAA:<\/p>\n\n\n\n<ol class=\"wp-block-list\">\n<li>Tag godt imod nytilkomne. Hj\u00e6lp nytilkomne med at f\u00f8le sig trygge, velkomne og v\u00e6rdsat som menneske, uanset hvor slemt de m\u00e5tte f\u00f8le sig fanget i deres internet- og teknologiafh\u00e6ngighed. At st\u00f8tte andre og huske, hvordan det f\u00f8ltes at deltage i dit f\u00f8rste m\u00f8de, kan v\u00e6re en hj\u00e6lp til at fastholde en &quot;taknemmelighedsholdning&quot;, som er en stor st\u00f8tte for at bevare den daglige \u00e6druelighed.<\/li>\n\n\n\n<li>Ledelse af et eksisterende m\u00f8de. Alle vores ledere er kun betroede tjenere, de regerer ikke (tradition 2). Du skal bare v\u00e6re dig selv, &quot;kl\u00e6de dig op og dukke op&quot; til m\u00f8det i l\u00f8bet af din forpligtelse til at v\u00e6re formand (eller, hvis du ved, du ikke kan n\u00e5 det, bede et andet medlem om at tage over for dig) og l\u00e6se det&nbsp;<a href=\"https:\/\/internetaddictsanonymous.org\/da\/online-mode-plan\/modescript\/\" target=\"_blank\" rel=\"noreferrer noopener\">m\u00f8descript<\/a>. <\/li>\n\n\n\n<li>Start et nyt m\u00f8de! Enhver kan starte et nyt m\u00f8de. Du kan se p\u00e5 vores m\u00f8deplan for at se huller, hvor et nyt m\u00f8de kan tilf\u00f8jes. Det kan v\u00e6re nyttigt at finde en dedikeret bisidder eller m\u00f8dekammerat, s\u00e5 du ikke er alene. Hvis du starter et nyt m\u00f8de, skal du blot sende en mail via kontaktformularen, s\u00e5 kan vi tilf\u00f8je det til kalenderen. Her er nogle flere forslag til&nbsp;<a href=\"https:\/\/internetaddictsanonymous.org\/da\/starte-et-nyt-ansigt-til-ansigt-mode\/\" target=\"_blank\" rel=\"noreferrer noopener\">starter nye m\u00f8der<\/a>.<\/li>\n\n\n\n<li>Ops\u00f8gende. Overvej at kontakte andre medlemmer. Dele om din erfaring, styrke og h\u00e5b og give et andet medlem chancen for at tilbyde service ved at bede dem om hj\u00e6lp til at overvinde kampe, udskridninger og tilbagefald <em>er<\/em> en fantastisk form for service. Efter at have delt, er det ogs\u00e5 en m\u00e5de at v\u00e6re til tjeneste ved at sp\u00f8rge, hvordan din kollega har det.<\/li>\n\n\n\n<li>Medsponsor\/ansvarlighedspartner. Du kunne overveje at v\u00e6re nogens medsponsor eller ansvarlighedspartner. Du kan ogs\u00e5 deltage i et medsponsorm\u00f8de eller et litteratur-diskussionsm\u00f8de, eller du kan oprette et nyt trinarbejde-m\u00f8de. Her er nogle bem\u00e6rkninger vedr&nbsp;<a href=\"https:\/\/internetaddictsanonymous.org\/da\/sponsorat\/\" target=\"_blank\" rel=\"noreferrer noopener\">sponsorat og medsponsorat<\/a>.<\/li>\n\n\n\n<li>Sponsorat. Hvis du har \u00e6druelighed og erfaring med at arbejde med trinene, s\u00e5 overvej at sponsorere et andet medlem. Det anbefales ofte at vente, indtil du har taget trin 3, f\u00f8r du begynder at sponsorere nytilkomne. Sponsorering er en fantastisk m\u00e5de at hj\u00e6lpe andre p\u00e5, og det er ofte lige s\u00e5 nyttigt for din egen restitution. &quot;Vi beholder kun det, vi har, ved at give det v\u00e6k.&quot;<\/li>\n\n\n\n<li>Deltag i vores&nbsp;<a href=\"https:\/\/internetaddictsanonymous.org\/da\/isme\/\">m\u00e5nedlige internationale servicem\u00f8der<\/a>, hvor vi diskuterer administrative sp\u00f8rgsm\u00e5l til gavn for f\u00e6llesskabet. Hvert medlem af ITAA har en lige stemme. Hvis du har en mening, der kan v\u00e6re med til at opbygge en st\u00e6rk gruppesamvittighed og g\u00f8re kollektivet i ITAA st\u00e6rkere og klogere, s\u00e5 g\u00f8r det kendt i ISM, n\u00e5r folk danner en gruppesamvittighed om et bestemt emne for at n\u00e5 en informeret beslutning. P\u00e5 samme m\u00e5de afholder hvert enkelt m\u00f8de lejlighedsvis forretningsm\u00f8der for at diskutere sp\u00f8rgsm\u00e5l, der er relevante for den p\u00e5g\u00e6ldende gruppe, og deltagelse i disse er ogs\u00e5 en god m\u00e5de at v\u00e6re til tjeneste. Hvis du har sp\u00f8rgsm\u00e5l om, hvad noget betyder, eller hvordan forretningsm\u00f8der fungerer, kan du sp\u00f8rge under et forretningsm\u00f8de, og mere erfarne medlemmer kan hj\u00e6lpe dig med at forst\u00e5.<\/li>\n\n\n\n<li>Du kan melde dig ind i et af vores serviceudvalg, som er grupper dedikeret til et s\u00e6rligt serviceansvar, s\u00e5som litteraturskrivning. Du kan finde udvalgsmuligheder p\u00e5 <a href=\"https:\/\/internetaddictsanonymous.org\/da\/abne-servicestillinger\/\">\u00e5bne servicestillinger<\/a> side.<\/li>\n\n\n\n<li>Du kan indsende en novelle p\u00e5 omkring 250 ord, der beskriver, hvordan tingene var, hvordan det var i aktiv afh\u00e6ngighed, hvordan du kom til ITAA, og hvilke \u00e6delstene du har fundet indtil nu i bedring. Dette vil hj\u00e6lpe os med at begynde at opbygge en daglig l\u00e6ser.&nbsp;<\/li>\n\n\n\n<li>Hvis du har langsigtet bedring i ITAA og \u00f8nsker at dele din recovery-historie, kan vi tilf\u00f8je den til vores\u00a0<a href=\"https:\/\/internetaddictsanonymous.org\/da\/historier-om-at-komme-sig\/\" target=\"_blank\" rel=\"noreferrer noopener\">Historier om at komme sig<\/a>\u00a0side. Foresl\u00e5et l\u00e6ngde er 2500-5000 ord.<\/li>\n\n\n\n<li>Du kan&nbsp;<a href=\"https:\/\/internetaddictsanonymous.org\/da\/donere\/\" target=\"_blank\" rel=\"noreferrer noopener\">donere<\/a>&nbsp;til f\u00e6llesskabet. Vores 7. tradition siger: &quot;Enhver gruppe burde v\u00e6re fuldt selvfors\u00f8rgende og afsl\u00e5 bidrag udefra&quot;.<\/li>\n<\/ol>\n\n\n\n<p>Du kan ogs\u00e5 v\u00e6re kreativ i at t\u00e6nke p\u00e5 andre m\u00e5der at v\u00e6re til tjeneste. Du er velkommen til at kontakte os via kontaktsiden om enhver m\u00e5de, hvorp\u00e5 du kunne t\u00e6nke dig at hj\u00e6lpe med at formidle budskabet til misbrugere i n\u00f8d.<\/p>\n<!-- PMB print buttons is only displayed on a single post\/page URLs-->","protected":false},"excerpt":{"rendered":"<p>Et af vores st\u00e6rkeste redskaber til at komme sig er at v\u00e6re til tjeneste for andre afh\u00e6ngige s\u00e5vel som for vores bredere samfund. ITAA er udelukkende en frivillig organisation uden l\u00f8nnede fagfolk. Nedenfor er nogle forslag til, hvordan du kan v\u00e6re til tjeneste i ITAA. Du kan ogs\u00e5 finde vores aktuelt ledige servicestillinger for... <a href=\"https:\/\/internetaddictsanonymous.org\/da\/service\/\" class=\"more-link\">Forts\u00e6t med at l\u00e6se <span class=\"screen-reader-text\">En guide til service<\/span><\/a><\/p>","protected":false},"author":35194237,"featured_media":0,"parent":0,"menu_order":0,"comment_status":"closed","ping_status":"closed","template":"full-width-page.php","meta":{"inline_featured_image":false,"_lmt_disableupdate":"no","_lmt_disable":"","jetpack_post_was_ever_published":false,"footnotes":""},"tags":[],"class_list":["post-10620","page","type-page","status-publish","hentry"],"yoast_head":"<!-- This site is optimized with the Yoast SEO plugin v27.3 - https:\/\/yoast.com\/product\/yoast-seo-wordpress\/ -->\n<title>A Guide to Service &#8211; Internet and Technology Addicts Anonymous<\/title>\n<meta name=\"robots\" content=\"index, follow, max-snippet:-1, max-image-preview:large, max-video-preview:-1\" \/>\n<link rel=\"canonical\" href=\"https:\/\/internetaddictsanonymous.org\/da\/service\/\" \/>\n<meta property=\"og:locale\" content=\"da_DK\" \/>\n<meta property=\"og:type\" content=\"article\" \/>\n<meta property=\"og:title\" content=\"A Guide to Service &#8211; Internet and Technology Addicts Anonymous\" \/>\n<meta property=\"og:description\" content=\"One of our strongest tools in recovering is being of service to other addicts, as well as to our wider communities. ITAA is entirely a volunteer organization, with no paid professionals. Below are some suggestions for how you might be of service in ITAA. You can also find see our currently open service positions for &hellip; Continue reading A Guide to Service\" \/>\n<meta property=\"og:url\" content=\"https:\/\/internetaddictsanonymous.org\/da\/service\/\" \/>\n<meta property=\"og:site_name\" content=\"Internet and Technology Addicts Anonymous\" \/>\n<meta property=\"article:modified_time\" content=\"2023-01-14T12:03:14+00:00\" \/>\n<meta name=\"twitter:card\" content=\"summary_large_image\" \/>\n<meta name=\"twitter:label1\" content=\"Estimeret l\u00e6setid\" \/>\n\t<meta name=\"twitter:data1\" content=\"4 minutter\" \/>\n<script type=\"application\/ld+json\" class=\"yoast-schema-graph\">{\"@context\":\"https:\\\/\\\/schema.org\",\"@graph\":[{\"@type\":\"WebPage\",\"@id\":\"https:\\\/\\\/internetaddictsanonymous.org\\\/service\\\/\",\"url\":\"https:\\\/\\\/internetaddictsanonymous.org\\\/service\\\/\",\"name\":\"A Guide to Service &#8211; Internet and Technology Addicts Anonymous\",\"isPartOf\":{\"@id\":\"https:\\\/\\\/internetaddictsanonymous.org\\\/#website\"},\"datePublished\":\"2020-05-03T13:30:03+00:00\",\"dateModified\":\"2023-01-14T12:03:14+00:00\",\"breadcrumb\":{\"@id\":\"https:\\\/\\\/internetaddictsanonymous.org\\\/service\\\/#breadcrumb\"},\"inLanguage\":\"da-DK\",\"potentialAction\":[{\"@type\":\"ReadAction\",\"target\":[\"https:\\\/\\\/internetaddictsanonymous.org\\\/service\\\/\"]}]},{\"@type\":\"BreadcrumbList\",\"@id\":\"https:\\\/\\\/internetaddictsanonymous.org\\\/service\\\/#breadcrumb\",\"itemListElement\":[{\"@type\":\"ListItem\",\"position\":1,\"name\":\"Home\",\"item\":\"https:\\\/\\\/internetaddictsanonymous.org\\\/\"},{\"@type\":\"ListItem\",\"position\":2,\"name\":\"A Guide to Service\"}]},{\"@type\":\"WebSite\",\"@id\":\"https:\\\/\\\/internetaddictsanonymous.org\\\/#website\",\"url\":\"https:\\\/\\\/internetaddictsanonymous.org\\\/\",\"name\":\"Internet and Technology Addicts Anonymous\",\"description\":\"Worldwide 12-step Fellowship for Internet and Technology Addiction\",\"publisher\":{\"@id\":\"https:\\\/\\\/internetaddictsanonymous.org\\\/#organization\"},\"potentialAction\":[{\"@type\":\"SearchAction\",\"target\":{\"@type\":\"EntryPoint\",\"urlTemplate\":\"https:\\\/\\\/internetaddictsanonymous.org\\\/?s={search_term_string}\"},\"query-input\":{\"@type\":\"PropertyValueSpecification\",\"valueRequired\":true,\"valueName\":\"search_term_string\"}}],\"inLanguage\":\"da-DK\"},{\"@type\":\"Organization\",\"@id\":\"https:\\\/\\\/internetaddictsanonymous.org\\\/#organization\",\"name\":\"Internet and Technology Addicts Anonymous\",\"url\":\"https:\\\/\\\/internetaddictsanonymous.org\\\/\",\"logo\":{\"@type\":\"ImageObject\",\"inLanguage\":\"da-DK\",\"@id\":\"https:\\\/\\\/internetaddictsanonymous.org\\\/#\\\/schema\\\/logo\\\/image\\\/\",\"url\":\"https:\\\/\\\/internetaddictsanonymous.org\\\/wp-content\\\/uploads\\\/2023\\\/01\\\/cropped-ITAA-logo-480px.png\",\"contentUrl\":\"https:\\\/\\\/internetaddictsanonymous.org\\\/wp-content\\\/uploads\\\/2023\\\/01\\\/cropped-ITAA-logo-480px.png\",\"width\":480,\"height\":480,\"caption\":\"Internet and Technology Addicts Anonymous\"},\"image\":{\"@id\":\"https:\\\/\\\/internetaddictsanonymous.org\\\/#\\\/schema\\\/logo\\\/image\\\/\"}}]}<\/script>\n<!-- \/ Yoast SEO plugin. -->","yoast_head_json":{"title":"En guide til service \u2013 anonyme internet- og teknologiafh\u00e6ngige","robots":{"index":"index","follow":"follow","max-snippet":"max-snippet:-1","max-image-preview":"max-image-preview:large","max-video-preview":"max-video-preview:-1"},"canonical":"https:\/\/internetaddictsanonymous.org\/da\/service\/","og_locale":"da_DK","og_type":"article","og_title":"A Guide to Service &#8211; Internet and Technology Addicts Anonymous","og_description":"One of our strongest tools in recovering is being of service to other addicts, as well as to our wider communities. ITAA is entirely a volunteer organization, with no paid professionals. Below are some suggestions for how you might be of service in ITAA. You can also find see our currently open service positions for &hellip; Continue reading A Guide to Service","og_url":"https:\/\/internetaddictsanonymous.org\/da\/service\/","og_site_name":"Internet and Technology Addicts Anonymous","article_modified_time":"2023-01-14T12:03:14+00:00","twitter_card":"summary_large_image","twitter_misc":{"Estimeret l\u00e6setid":"4 minutter"},"schema":{"@context":"https:\/\/schema.org","@graph":[{"@type":"WebPage","@id":"https:\/\/internetaddictsanonymous.org\/service\/","url":"https:\/\/internetaddictsanonymous.org\/service\/","name":"En guide til service \u2013 anonyme internet- og teknologiafh\u00e6ngige","isPartOf":{"@id":"https:\/\/internetaddictsanonymous.org\/#website"},"datePublished":"2020-05-03T13:30:03+00:00","dateModified":"2023-01-14T12:03:14+00:00","breadcrumb":{"@id":"https:\/\/internetaddictsanonymous.org\/service\/#breadcrumb"},"inLanguage":"da-DK","potentialAction":[{"@type":"ReadAction","target":["https:\/\/internetaddictsanonymous.org\/service\/"]}]},{"@type":"BreadcrumbList","@id":"https:\/\/internetaddictsanonymous.org\/service\/#breadcrumb","itemListElement":[{"@type":"ListItem","position":1,"name":"Home","item":"https:\/\/internetaddictsanonymous.org\/"},{"@type":"ListItem","position":2,"name":"A Guide to Service"}]},{"@type":"WebSite","@id":"https:\/\/internetaddictsanonymous.org\/#website","url":"https:\/\/internetaddictsanonymous.org\/","name":"Anonyme internet- og teknologiafh\u00e6ngige","description":"Verdensomsp\u00e6ndende 12-trinsf\u00e6llesskab for internet- og teknologiafh\u00e6ngighed","publisher":{"@id":"https:\/\/internetaddictsanonymous.org\/#organization"},"potentialAction":[{"@type":"SearchAction","target":{"@type":"EntryPoint","urlTemplate":"https:\/\/internetaddictsanonymous.org\/?s={search_term_string}"},"query-input":{"@type":"PropertyValueSpecification","valueRequired":true,"valueName":"search_term_string"}}],"inLanguage":"da-DK"},{"@type":"Organization","@id":"https:\/\/internetaddictsanonymous.org\/#organization","name":"Anonyme internet- og teknologiafh\u00e6ngige","url":"https:\/\/internetaddictsanonymous.org\/","logo":{"@type":"ImageObject","inLanguage":"da-DK","@id":"https:\/\/internetaddictsanonymous.org\/#\/schema\/logo\/image\/","url":"https:\/\/internetaddictsanonymous.org\/wp-content\/uploads\/2023\/01\/cropped-ITAA-logo-480px.png","contentUrl":"https:\/\/internetaddictsanonymous.org\/wp-content\/uploads\/2023\/01\/cropped-ITAA-logo-480px.png","width":480,"height":480,"caption":"Internet and Technology Addicts Anonymous"},"image":{"@id":"https:\/\/internetaddictsanonymous.org\/#\/schema\/logo\/image\/"}}]}},"jetpack_sharing_enabled":true,"jetpack_shortlink":"https:\/\/wp.me\/P9Fwob-2Li","_links":{"self":[{"href":"https:\/\/internetaddictsanonymous.org\/da\/wp-json\/wp\/v2\/pages\/10620","targetHints":{"allow":["GET"]}}],"collection":[{"href":"https:\/\/internetaddictsanonymous.org\/da\/wp-json\/wp\/v2\/pages"}],"about":[{"href":"https:\/\/internetaddictsanonymous.org\/da\/wp-json\/wp\/v2\/types\/page"}],"author":[{"embeddable":true,"href":"https:\/\/internetaddictsanonymous.org\/da\/wp-json\/wp\/v2\/users\/35194237"}],"replies":[{"embeddable":true,"href":"https:\/\/internetaddictsanonymous.org\/da\/wp-json\/wp\/v2\/comments?post=10620"}],"version-history":[{"count":22,"href":"https:\/\/internetaddictsanonymous.org\/da\/wp-json\/wp\/v2\/pages\/10620\/revisions"}],"predecessor-version":[{"id":14799,"href":"https:\/\/internetaddictsanonymous.org\/da\/wp-json\/wp\/v2\/pages\/10620\/revisions\/14799"}],"wp:attachment":[{"href":"https:\/\/internetaddictsanonymous.org\/da\/wp-json\/wp\/v2\/media?parent=10620"}],"wp:term":[{"taxonomy":"post_tag","embeddable":true,"href":"https:\/\/internetaddictsanonymous.org\/da\/wp-json\/wp\/v2\/tags?post=10620"}],"curies":[{"name":"wp","href":"https:\/\/api.w.org\/{rel}","templated":true}]}}