{"id":11137,"date":"2020-06-14T09:28:47","date_gmt":"2020-06-14T09:28:47","guid":{"rendered":"https:\/\/internetaddictsanonymous.org\/?page_id=11137"},"modified":"2023-12-09T12:12:45","modified_gmt":"2023-12-09T17:12:45","slug":"guide-til-nyankomne","status":"publish","type":"page","link":"https:\/\/internetaddictsanonymous.org\/da\/guide-for-newcomers\/","title":{"rendered":"En guide til nyankomne"},"content":{"rendered":"\n<p>Welcome! We\u2019re glad you\u2019ve found our fellowship. Nobody should have to suffer as a result of their internet and technology use, and we hope you find in this fellowship the freedom and relief that so many of us have discovered. Below are several suggestions which you may find to be a helpful starting place as you begin your recovery.<\/p>\n\n\n\n<ol class=\"wp-block-list\">\n<li><strong><a href=\"https:\/\/internetaddictsanonymous.org\/online-meetings\/\">Attend daily meetings<\/a><\/strong>. ITAA offers a variety of different meeting types and times, and we are encouraged to try attending six meetings in a short time frame to help decide whether this program may be helpful to us. Going to a meeting every day gives us a tremendous support system for navigating the unforeseeable twists and turns that are an inevitable part of the recovery process, and as we listen to the stories of others, we come to understand ourselves and our own experiences more fully.<\/li>\n<\/ol>\n\n\n\n<ol class=\"wp-block-list\" start=\"2\">\n<li><strong><a href=\"https:\/\/internetaddictsanonymous.org\/discovering-sobriety-worksheet-an-introduction-to-internet-addiction-recovery\/\">Abstain<\/a>. <\/strong>Because technology is a part of our everyday lives, sobriety in ITAA is a process of discovery that looks different for each of us. As part of this process, we identify and abstain from the specific behaviors which trigger our addiction. We use the term <em>bottom lines<\/em> to describe the compulsive behaviors that once we start we can\u2019t stop, and once we stop we can\u2019t stay stopped. <em>Middle lines<\/em> are the triggering behaviors and situations that feed our urge to act out. And <em>top lines<\/em> are activities that are positive for us, enhance our self esteem, and help us maintain sobriety while meeting our needs in healthy, functional ways. We have also found it beneficial to establish a positive vision for our internet use. For example, we may practice using technology purposefully, minimally, or only as necessary. We work with other experienced members to help define what sobriety means for each of us as individuals, and we lean on meetings and phone calls to help maintain our sobriety commitments. Rather than using for distraction or to numb our emotions, we seek to use technology as a tool for meeting our goals, living in alignment with our values, and developing flourishing lives.&nbsp;<\/li>\n<\/ol>\n\n\n\n<ol class=\"wp-block-list\" start=\"3\">\n<li><strong><a href=\"https:\/\/internetaddictsanonymous.org\/a-guide-to-sobriety-slips-and-relapses-in-itaa\/\">One day at a time<\/a>. <\/strong>Recovery is a gentle process. Some of us have found it helpful to not worry about counting sober days in the beginning of our recovery, particularly as we are still learning what sobriety means for us. For other members, counting days can give us a clear measure of progress around our sobriety commitments. One way or the other, what\u2019s important is that we focus on staying sober one day at a time. If we slip, we share honestly, let go of shame, practice acceptance and self-compassion, and look at what we might try differently moving forward. Every moment is a chance for a fresh start.<\/li>\n<\/ol>\n\n\n\n<ol class=\"wp-block-list\" start=\"4\">\n<li><strong><a href=\"https:\/\/internetaddictsanonymous.org\/a-guide-to-outreach-calls-in-itaa\/\">Make daily outreach calls<\/a>. <\/strong>Our addiction drew us into isolation and self-reliance. As we begin to recover, we learn that we can trust others and be vulnerable. Calling other members outside of meetings helps us stay connected, supported, and sober, and it gives us an opportunity to share in greater detail than we might during a meeting. When we hear somebody share something in a meeting that resonates with us, afterwards we can ask that person for their phone number or find them on an outreach list and arrange a call.<\/li>\n<\/ol>\n\n\n\n<ol class=\"wp-block-list\" start=\"5\">\n<li><strong><strong><a href=\"https:\/\/internetaddictsanonymous.org\/resources\/\">Learn more about the recovery process<\/a><\/strong>. <\/strong>Our website has many resources about the nature of our addiction and how we might best navigate our recovery journey. In addition, there\u2019s a rich body of literature from other Twelve-Step programs that we can lean on to better inform our healing process and to learn more about the time-tested methods which have helped millions of other addicts find sobriety.<\/li>\n<\/ol>\n\n\n\n<ol class=\"wp-block-list\" start=\"6\">\n<li><strong><a href=\"https:\/\/internetaddictsanonymous.org\/sponsorship\/\">Find a sponsor and work the steps<\/a>. <\/strong>We have benefitted from asking somebody we resonate with to sponsor us and working the Twelve Steps together with them, which is the vital and transformative basis of our long-term recovery from our addiction. A great way to connect with potential sponsors is to make outreach calls with other members who are sober and working the Steps. As we are a growing fellowship, some members have had success finding sponsors in other Twelve-Step programs while consulting with a more experienced ITAA member on tech-specific issues.<\/li>\n<\/ol>\n\n\n\n<p>Those of us who have followed all of these suggestions have noticed great changes, and have begun to experience freedom. As we progress in our recovery journey, we continue developing insights about ourselves and about which tools are most helpful for our long-term sobriety. More and more we\u2019re able to engage with our lives from a grounded, honest, and sober place. We begin to find a richness and fullness of existence that far exceeds what we imagined possible when we first entered recovery.<\/p>\n\n\n\n<div class=\"wp-block-buttons is-layout-flex wp-block-buttons-is-layout-flex\">\n<div class=\"wp-block-button has-custom-width wp-block-button__width-50 has-custom-font-size is-style-fill\" style=\"font-size:25px;font-style:normal;font-weight:900\"><a class=\"wp-block-button__link has-white-color has-blue-background-color has-text-color has-background wp-element-button\" href=\"https:\/\/internetaddictsanonymous.org\/online-meetings\/\" style=\"border-radius:100px\">Join a meeting<\/a><\/div>\n<\/div>\n\n\n\n<p><\/p>\n\n\n\n<h2 class=\"wp-block-heading\"><strong>Additional resources<\/strong><\/h2>\n\n\n\n<p><a href=\"https:\/\/internetaddictsanonymous.org\/discovering-sobriety-worksheet-an-introduction-to-internet-addiction-recovery\/\">Discovering Sobriety Worksheet<br><\/a><a href=\"https:\/\/internetaddictsanonymous.org\/internet-and-technology-addiction\/\">Symptoms of Internet and Technology Addiction<\/a><br><a href=\"https:\/\/internetaddictsanonymous.org\/resources\/tools-of-recovery\/\">Tools of Recovery<\/a><br><a href=\"https:\/\/internetaddictsanonymous.org\/recovery-stories\/\">ITAA Recovery Stories<\/a><br><a href=\"https:\/\/internetaddictsanonymous.org\/a-guide-to-outreach-calls-in-itaa\/\">A Guide to Outreach Calls<\/a><br><a href=\"https:\/\/internetaddictsanonymous.org\/a-guide-to-withdrawals\/\">A Guide to Withdrawals<\/a><br><a href=\"https:\/\/internetaddictsanonymous.org\/resources\/literature\/\">How to Work the Steps<\/a><br><a href=\"https:\/\/internetaddictsanonymous.org\/sponsorship\/\">A Guide to Sponsorship<\/a><br><a href=\"https:\/\/drive.google.com\/file\/d\/1y8ZgwLScawJeQq0LZ8vN3THEhiBk4YAv\/view\">ITAA Welcome Pamphlet<\/a> (<a href=\"https:\/\/drive.google.com\/file\/d\/1fmIJRc_6SpHw75_1qrfd7NkuC-67Epxm\/view?usp=sharing\" target=\"_blank\" rel=\"noreferrer noopener\">A4<\/a>)&nbsp;(<a href=\"https:\/\/docs.google.com\/document\/d\/1SJDReYLLhs5hgC0I1hotkrCmZ3-6YZmxTNB7lb27KJM\/edit?usp=sharing\">printing instructions<\/a>)<\/p>\n\n\n\n<p><em>[This page has been written by ITAA\u2019s Web Content Committee. If you would like to share feedback or contribute to our efforts, we would love to hear from you or have you join one of our meetings. More details can be found on the <\/em><a href=\"https:\/\/internetaddictsanonymous.org\/open-service-positions\/\"><em>Service Committees<\/em><\/a><em> page.]<\/em><\/p>\n<!-- PMB print buttons is only displayed on a single post\/page URLs-->","protected":false},"excerpt":{"rendered":"<p>Velkommen! Vi er glade for, at du har fundet vores f\u00e6llesskab. Ingen skal skulle lide som f\u00f8lge af deres internet- og teknologibrug, og vi h\u00e5ber, at du i dette f\u00e6llesskab finder den frihed og lettelse, som s\u00e5 mange af os har opdaget. Nedenfor er flere forslag, som du kan finde som et nyttigt udgangspunkt som... <a href=\"https:\/\/internetaddictsanonymous.org\/da\/guide-for-newcomers\/\" class=\"more-link\">Forts\u00e6t med at l\u00e6se <span class=\"screen-reader-text\">En guide til nyankomne<\/span><\/a><\/p>","protected":false},"author":35194237,"featured_media":0,"parent":0,"menu_order":0,"comment_status":"closed","ping_status":"closed","template":"full-width-page.php","meta":{"inline_featured_image":false,"_lmt_disableupdate":"no","_lmt_disable":"","jetpack_post_was_ever_published":false,"footnotes":""},"tags":[],"class_list":["post-11137","page","type-page","status-publish","hentry"],"yoast_head":"<!-- This site is optimized with the Yoast SEO plugin v27.1.1 - https:\/\/yoast.com\/product\/yoast-seo-wordpress\/ -->\n<title>A Guide for Newcomers &#8211; Internet and Technology Addicts Anonymous<\/title>\n<meta name=\"description\" content=\"A beginner&#039;s guide to ITAA with several suggestions that can help you get started in your recovery from internet and technology addiction.\" \/>\n<meta name=\"robots\" content=\"index, follow, max-snippet:-1, max-image-preview:large, max-video-preview:-1\" \/>\n<link rel=\"canonical\" href=\"https:\/\/internetaddictsanonymous.org\/da\/guide-til-nyankomne\/\" \/>\n<meta property=\"og:locale\" content=\"da_DK\" \/>\n<meta property=\"og:type\" content=\"article\" \/>\n<meta property=\"og:title\" content=\"A Guide for Newcomers &#8211; Internet and Technology Addicts Anonymous\" \/>\n<meta property=\"og:description\" content=\"A beginner&#039;s guide to ITAA with several suggestions that can help you get started in your recovery from internet and technology addiction.\" \/>\n<meta property=\"og:url\" content=\"https:\/\/internetaddictsanonymous.org\/da\/guide-til-nyankomne\/\" \/>\n<meta property=\"og:site_name\" content=\"Internet and Technology Addicts Anonymous\" \/>\n<meta property=\"article:modified_time\" content=\"2023-12-09T17:12:45+00:00\" \/>\n<meta name=\"twitter:card\" content=\"summary_large_image\" \/>\n<meta name=\"twitter:label1\" content=\"Estimeret l\u00e6setid\" \/>\n\t<meta name=\"twitter:data1\" content=\"4 minutter\" \/>\n<script type=\"application\/ld+json\" class=\"yoast-schema-graph\">{\"@context\":\"https:\/\/schema.org\",\"@graph\":[{\"@type\":\"WebPage\",\"@id\":\"https:\/\/internetaddictsanonymous.org\/guide-for-newcomers\/\",\"url\":\"https:\/\/internetaddictsanonymous.org\/guide-for-newcomers\/\",\"name\":\"A Guide for Newcomers &#8211; Internet and Technology Addicts Anonymous\",\"isPartOf\":{\"@id\":\"https:\/\/internetaddictsanonymous.org\/#website\"},\"datePublished\":\"2020-06-14T09:28:47+00:00\",\"dateModified\":\"2023-12-09T17:12:45+00:00\",\"description\":\"A beginner's guide to ITAA with several suggestions that can help you get started in your recovery from internet and technology addiction.\",\"breadcrumb\":{\"@id\":\"https:\/\/internetaddictsanonymous.org\/guide-for-newcomers\/#breadcrumb\"},\"inLanguage\":\"da-DK\",\"potentialAction\":[{\"@type\":\"ReadAction\",\"target\":[\"https:\/\/internetaddictsanonymous.org\/guide-for-newcomers\/\"]}]},{\"@type\":\"BreadcrumbList\",\"@id\":\"https:\/\/internetaddictsanonymous.org\/guide-for-newcomers\/#breadcrumb\",\"itemListElement\":[{\"@type\":\"ListItem\",\"position\":1,\"name\":\"Home\",\"item\":\"https:\/\/internetaddictsanonymous.org\/\"},{\"@type\":\"ListItem\",\"position\":2,\"name\":\"A Guide for Newcomers\"}]},{\"@type\":\"WebSite\",\"@id\":\"https:\/\/internetaddictsanonymous.org\/#website\",\"url\":\"https:\/\/internetaddictsanonymous.org\/\",\"name\":\"Internet and Technology Addicts Anonymous\",\"description\":\"Worldwide 12-step Fellowship for Internet and Technology Addiction\",\"publisher\":{\"@id\":\"https:\/\/internetaddictsanonymous.org\/#organization\"},\"potentialAction\":[{\"@type\":\"SearchAction\",\"target\":{\"@type\":\"EntryPoint\",\"urlTemplate\":\"https:\/\/internetaddictsanonymous.org\/?s={search_term_string}\"},\"query-input\":{\"@type\":\"PropertyValueSpecification\",\"valueRequired\":true,\"valueName\":\"search_term_string\"}}],\"inLanguage\":\"da-DK\"},{\"@type\":\"Organization\",\"@id\":\"https:\/\/internetaddictsanonymous.org\/#organization\",\"name\":\"Internet and Technology Addicts Anonymous\",\"url\":\"https:\/\/internetaddictsanonymous.org\/\",\"logo\":{\"@type\":\"ImageObject\",\"inLanguage\":\"da-DK\",\"@id\":\"https:\/\/internetaddictsanonymous.org\/#\/schema\/logo\/image\/\",\"url\":\"https:\/\/internetaddictsanonymous.org\/wp-content\/uploads\/2023\/01\/cropped-ITAA-logo-480px.png\",\"contentUrl\":\"https:\/\/internetaddictsanonymous.org\/wp-content\/uploads\/2023\/01\/cropped-ITAA-logo-480px.png\",\"width\":480,\"height\":480,\"caption\":\"Internet and Technology Addicts Anonymous\"},\"image\":{\"@id\":\"https:\/\/internetaddictsanonymous.org\/#\/schema\/logo\/image\/\"}}]}<\/script>\n<!-- \/ Yoast SEO plugin. -->","yoast_head_json":{"title":"En guide til nybegyndere - Anonyme internet- og teknologiafh\u00e6ngige","description":"En begynderguide til ITAA med flere forslag, der kan hj\u00e6lpe dig med at komme i gang med din recovery fra internet- og teknologiafh\u00e6ngighed.","robots":{"index":"index","follow":"follow","max-snippet":"max-snippet:-1","max-image-preview":"max-image-preview:large","max-video-preview":"max-video-preview:-1"},"canonical":"https:\/\/internetaddictsanonymous.org\/da\/guide-til-nyankomne\/","og_locale":"da_DK","og_type":"article","og_title":"A Guide for Newcomers &#8211; Internet and Technology Addicts Anonymous","og_description":"A beginner's guide to ITAA with several suggestions that can help you get started in your recovery from internet and technology addiction.","og_url":"https:\/\/internetaddictsanonymous.org\/da\/guide-til-nyankomne\/","og_site_name":"Internet and Technology Addicts Anonymous","article_modified_time":"2023-12-09T17:12:45+00:00","twitter_card":"summary_large_image","twitter_misc":{"Estimeret l\u00e6setid":"4 minutter"},"schema":{"@context":"https:\/\/schema.org","@graph":[{"@type":"WebPage","@id":"https:\/\/internetaddictsanonymous.org\/guide-for-newcomers\/","url":"https:\/\/internetaddictsanonymous.org\/guide-for-newcomers\/","name":"En guide til nybegyndere - Anonyme internet- og teknologiafh\u00e6ngige","isPartOf":{"@id":"https:\/\/internetaddictsanonymous.org\/#website"},"datePublished":"2020-06-14T09:28:47+00:00","dateModified":"2023-12-09T17:12:45+00:00","description":"En begynderguide til ITAA med flere forslag, der kan hj\u00e6lpe dig med at komme i gang med din recovery fra internet- og teknologiafh\u00e6ngighed.","breadcrumb":{"@id":"https:\/\/internetaddictsanonymous.org\/guide-for-newcomers\/#breadcrumb"},"inLanguage":"da-DK","potentialAction":[{"@type":"ReadAction","target":["https:\/\/internetaddictsanonymous.org\/guide-for-newcomers\/"]}]},{"@type":"BreadcrumbList","@id":"https:\/\/internetaddictsanonymous.org\/guide-for-newcomers\/#breadcrumb","itemListElement":[{"@type":"ListItem","position":1,"name":"Home","item":"https:\/\/internetaddictsanonymous.org\/"},{"@type":"ListItem","position":2,"name":"A Guide for Newcomers"}]},{"@type":"WebSite","@id":"https:\/\/internetaddictsanonymous.org\/#website","url":"https:\/\/internetaddictsanonymous.org\/","name":"Anonyme internet- og teknologiafh\u00e6ngige","description":"Verdensomsp\u00e6ndende 12-trinsf\u00e6llesskab for internet- og teknologiafh\u00e6ngighed","publisher":{"@id":"https:\/\/internetaddictsanonymous.org\/#organization"},"potentialAction":[{"@type":"SearchAction","target":{"@type":"EntryPoint","urlTemplate":"https:\/\/internetaddictsanonymous.org\/?s={search_term_string}"},"query-input":{"@type":"PropertyValueSpecification","valueRequired":true,"valueName":"search_term_string"}}],"inLanguage":"da-DK"},{"@type":"Organization","@id":"https:\/\/internetaddictsanonymous.org\/#organization","name":"Anonyme internet- og teknologiafh\u00e6ngige","url":"https:\/\/internetaddictsanonymous.org\/","logo":{"@type":"ImageObject","inLanguage":"da-DK","@id":"https:\/\/internetaddictsanonymous.org\/#\/schema\/logo\/image\/","url":"https:\/\/internetaddictsanonymous.org\/wp-content\/uploads\/2023\/01\/cropped-ITAA-logo-480px.png","contentUrl":"https:\/\/internetaddictsanonymous.org\/wp-content\/uploads\/2023\/01\/cropped-ITAA-logo-480px.png","width":480,"height":480,"caption":"Internet and Technology Addicts Anonymous"},"image":{"@id":"https:\/\/internetaddictsanonymous.org\/#\/schema\/logo\/image\/"}}]}},"jetpack_sharing_enabled":true,"jetpack_shortlink":"https:\/\/wp.me\/P9Fwob-2TD","_links":{"self":[{"href":"https:\/\/internetaddictsanonymous.org\/da\/wp-json\/wp\/v2\/pages\/11137","targetHints":{"allow":["GET"]}}],"collection":[{"href":"https:\/\/internetaddictsanonymous.org\/da\/wp-json\/wp\/v2\/pages"}],"about":[{"href":"https:\/\/internetaddictsanonymous.org\/da\/wp-json\/wp\/v2\/types\/page"}],"author":[{"embeddable":true,"href":"https:\/\/internetaddictsanonymous.org\/da\/wp-json\/wp\/v2\/users\/35194237"}],"replies":[{"embeddable":true,"href":"https:\/\/internetaddictsanonymous.org\/da\/wp-json\/wp\/v2\/comments?post=11137"}],"version-history":[{"count":62,"href":"https:\/\/internetaddictsanonymous.org\/da\/wp-json\/wp\/v2\/pages\/11137\/revisions"}],"predecessor-version":[{"id":17289,"href":"https:\/\/internetaddictsanonymous.org\/da\/wp-json\/wp\/v2\/pages\/11137\/revisions\/17289"}],"wp:attachment":[{"href":"https:\/\/internetaddictsanonymous.org\/da\/wp-json\/wp\/v2\/media?parent=11137"}],"wp:term":[{"taxonomy":"post_tag","embeddable":true,"href":"https:\/\/internetaddictsanonymous.org\/da\/wp-json\/wp\/v2\/tags?post=11137"}],"curies":[{"name":"wp","href":"https:\/\/api.w.org\/{rel}","templated":true}]}}