{"id":13592,"date":"2022-03-24T00:02:20","date_gmt":"2022-03-24T00:02:20","guid":{"rendered":"https:\/\/internetaddictsanonymous.org\/?page_id=13592"},"modified":"2025-01-21T13:31:26","modified_gmt":"2025-01-21T21:31:26","slug":"gsr","status":"publish","type":"page","link":"https:\/\/internetaddictsanonymous.org\/da\/gsr\/","title":{"rendered":"Hvad er en 'Group Service Representative' i ITAA?"},"content":{"rendered":"<p>En 'Group Service Representative' (GSR) er et medlem af ITAA, som er blevet valgt af en bestemt ITAA-gruppe til at repr\u00e6sentere denne gruppe ved International Service Meetings (ISM). ITAA's servicestruktur ligner en omvendt pyramide med grupperne i toppen og ISM i bunden. Med andre ord tjener de internationale servicem\u00f8der gruppernes interesser. Det betyder, at den vigtigste overvejelse for vores serviceorganer, n\u00e5r de tr\u00e6ffer beslutninger p\u00e5 f\u00e6llesskabsniveau, er, at alle ITAA-gruppers behov og perspektiver er godt repr\u00e6senteret. GSR'erne sikrer, at vores gruppers stemmer bliver h\u00f8rt, n\u00e5r der tr\u00e6ffes beslutninger p\u00e5 f\u00e6llesskabsniveau.<\/p>\n\n\n\n<p>Mens GSR'erne har et s\u00e6rligt ansvar for at repr\u00e6sentere deres gruppers synspunkter, opfordres alle medlemmer af ITAA kraftigt til at deltage i og stemme ved ISM, da det er med til at forbedre mangfoldigheden og styrken af vores f\u00e6llesskabs beslutninger.&nbsp;<\/p>\n\n\n\n<p>Hver gruppe er selvst\u00e6ndig og kan fasts\u00e6tte sine egne krav, valgperiodens l\u00e6ngde og opgaver for sine GSR'er. Nedenfor er nogle forslag til, hvordan grupper kan definere GSR's rolle p\u00e5 deres m\u00f8de.<\/p>\n\n\n\n<h3 class=\"wp-block-heading\"><strong>Foresl\u00e5ede krav<\/strong><\/h3>\n\n\n\n<p>Hver gruppe kan fasts\u00e6tte de krav til GSR-rollen, som gruppesamvittigheden finder fornuftige. Nogle eksempler p\u00e5 krav kan v\u00e6re:<\/p>\n\n\n\n<ul class=\"wp-block-list\">\n<li>Villighed<\/li>\n\n\n\n<li>Have deltaget i mindst 10 ITAA-m\u00f8der<\/li>\n\n\n\n<li>Efter at have v\u00e6ret i ITAA i 3 m\u00e5neder<\/li>\n\n\n\n<li>Regelm\u00e6ssig deltagelse i de s\u00e6rlige m\u00f8der i den gruppe, du vil repr\u00e6sentere.<\/li>\n\n\n\n<li>At kunne deltage i gruppesamvittighedsm\u00f8det i den gruppe, du ville repr\u00e6sentere\u00a0<\/li>\n\n\n\n<li>Regelm\u00e6ssig deltagelse i ITAA-m\u00f8der<\/li>\n\n\n\n<li>Arbejder i \u00f8jeblikket p\u00e5 trinene<\/li>\n\n\n\n<li>Fortrolighed med traditioner og koncepter<\/li>\n\n\n\n<li>At have stabil \u00e6druelighed, som du definerer det<\/li>\n\n\n\n<li>At kunne deltage i 1 af de 2 roterende m\u00f8detidspunkter for ISM-m\u00f8derne<\/li>\n\n\n\n<li>Ikke allerede GSR for en anden gruppe<\/li>\n\n\n\n<li>Ingen krav<\/li>\n<\/ul>\n\n\n\n<h3 class=\"wp-block-heading\"><strong>Foresl\u00e5et l\u00e6ngde af perioden<\/strong><\/h3>\n\n\n\n<p>Hver gruppe er ogs\u00e5 bemyndiget til at fasts\u00e6tte l\u00e6ngden af perioden for denne servicerolle. Det internationale f\u00e6llesskab har foresl\u00e5et en maksimal periode p\u00e5 2 \u00e5r.<\/p>\n\n\n\n<h3 class=\"wp-block-heading\"><strong>Forslag til ansvarsomr\u00e5der<\/strong><\/h3>\n\n\n\n<p>GSR'er forbinder ISM-m\u00f8det med den gruppe, de repr\u00e6senterer. Hver gruppe kan beslutte, hvilke ansvarsomr\u00e5der deres GSR(s) skal have. Til dette form\u00e5l kan GSR'er:<\/p>\n\n\n\n<ul class=\"wp-block-list\">\n<li>Deltage i internationale servicem\u00f8der gennem diskussion og afstemning.<\/li>\n\n\n\n<li>Repr\u00e6sentere deres gruppes behov og perspektiver p\u00e5 internationale servicem\u00f8der.<\/li>\n\n\n\n<li>Underrette deres gruppe om alle relevante beslutninger eller oplysninger<\/li>\n\n\n\n<li>Ud\u00f8ve ITAA's 12 traditioner gennem deres tjeneste<\/li>\n\n\n\n<li>Efter behov afholde gruppesamtaler i deres hjemmegrupper om dagsordenspunkter, der skal diskuteres p\u00e5 ISM-m\u00f8derne, og derefter videresende resultaterne og holdningerne fra gruppesamtalerne til ISM.<\/li>\n<\/ul>\n\n\n\n<p>Individuelle grupper kan ogs\u00e5 beslutte sig for alternative eller yderligere ansvarsomr\u00e5der.<\/p>\n\n\n\n<h3 class=\"wp-block-heading\"><strong>Kendskab til ITAA's Tolv Traditioner<\/strong><\/h3>\n\n\n\n<p>Mens vores Tolv Trin guider os p\u00e5 vores individuelle vej til bedring, hj\u00e6lper de Tolv Traditioner med at holde vores grupper og vores bredere f\u00e6llesskab p\u00e5 et sundt \u00e5ndeligt grundlag, n\u00e5r vi g\u00f8r tjeneste. Som betroede tjenere skal GSR'erne have en forst\u00e5else af traditionerne eller v\u00e6re villige til at l\u00e6re om dem. Det vil v\u00e6re en stor hj\u00e6lp at l\u00e6se noget litteratur om traditionerne. Til det form\u00e5l er der nogle forslag til ressourcer i slutningen af dette dokument.&nbsp;<\/p>\n\n\n\n<p>Der kan v\u00e6re forskellige fortolkninger af visse traditioner, og i sidste ende fors\u00f8ger vi at anvende og opretholde dem efter bedste evne og stoler p\u00e5, at vores H\u00f8jere Magts vilje bliver \u00e5benbaret gennem gruppesamvittigheden. N\u00e5r vi er usikre p\u00e5, hvordan vi skal fortolke eller anvende en bestemt tradition, kan vi bede vores tjenestef\u00e6ller om vejledning.&nbsp;<\/p>\n\n\n\n<h3 class=\"wp-block-heading\"><strong>Om valg af flere GSR'er<\/strong><\/h3>\n\n\n\n<p>ITAA har i \u00f8jeblikket n\u00e6sten 100 grupper (online og ansigt-til-ansigt) med medlemmer p\u00e5 alle kontinenter. Da ITAA er et internationalt f\u00e6llesskab, afholdes vores internationale servicem\u00f8der efter en roterende tidsplan, s\u00e5 medlemmer i forskellige tidszoner kan deltage. Ideelt set ville vi til hvert ISM have repr\u00e6sentanter til stede fra mange, hvis ikke alle, ITAA-grupper. Til det form\u00e5l kan grupper beslutte at v\u00e6lge flere GSR'er, der er baseret i forskellige tidszoner, s\u00e5 de kan sende en repr\u00e6sentant til alle ISM'er.&nbsp;<\/p>\n\n\n\n<p>P\u00e5 den anden side kan grupper \u00f8nske at undg\u00e5 at v\u00e6lge et enkelt medlem som GSR for flere grupper, s\u00e5 flere medlemmer har mulighed for at g\u00f8re tjeneste og deltage i vores f\u00e6llesskabsd\u00e6kkende gruppesamvittighed.<\/p>\n\n\n\n<h3 class=\"wp-block-heading\"><strong>Stemmeafgivelse ved internationale servicem\u00f8der<\/strong><\/h3>\n\n\n\n<p>I ITAA kan ethvert medlem deltage i og stemme ved de internationale servicem\u00f8der. Man beh\u00f8ver ikke at v\u00e6re valgt til GSR for at kunne deltage og stemme.<\/p>\n\n\n\n<h3 class=\"wp-block-heading\"><strong>Foresl\u00e5ede ressourcer til GSR'er<\/strong><\/h3>\n\n\n\n<p>At praktisere de 12 traditioner er centralt for vores tjeneste som GSR'er. Derudover er Robert's Rules of Order en metode til at tage gruppesamvittighed og en proces til at bev\u00e6ge sig gennem diskussion og afstemning p\u00e5 en s\u00e5dan m\u00e5de, at alles stemme kan blive h\u00f8rt. Vi bruger Robert's Rules til at afholde internationale servicem\u00f8der. Vi anbefaler, at GSR'er g\u00f8r sig bekendt med f\u00f8lgende ressourcer:<\/p>\n\n\n\n<ul class=\"wp-block-list\">\n<li><a href=\"https:\/\/internetaddictsanonymous.org\/da\/12-trin-af-itaa\/\">ITAA's 12 traditioner<\/a><\/li>\n\n\n\n<li><a href=\"https:\/\/drive.google.com\/file\/d\/13_d1quYWWJbjwdo9M9LPnczjkyfL1ypR\/view?usp=sharing\">ITAA's guide til Roberts ordensregler<\/a><\/li>\n<\/ul>\n\n\n\n<p>Mange af os har ogs\u00e5 fundet v\u00e6rdifuld vejledning i litteraturen fra andre 12-trinsf\u00e6llesskaber, selv om ikke alle detaljer kan anvendes p\u00e5 ITAA:<\/p>\n\n\n\n<ul class=\"wp-block-list\">\n<li><a href=\"https:\/\/www.aa.org\/pages\/en_US\/twelve-steps-and-twelve-traditions\">AA 12 trin og 12 traditioner<\/a><\/li>\n\n\n\n<li><a href=\"https:\/\/www.alcoholics-anonymous.org.uk\/download\/1\/Library\/Documents\/Literature%20Downloads\/3345%20Twelve%20Traditions%20Checklist.pdf\">Tjekliste til AA's 12 traditioner<\/a><\/li>\n\n\n\n<li><a href=\"https:\/\/www.aa.org\/sites\/default\/files\/literature\/assets\/p-19_gsr.pdf\">AA GSR-pjece<\/a><\/li>\n\n\n\n<li><a href=\"https:\/\/al-anon.org\/pdf\/G11.pdf%20https:\/\/www.alcoholics-\">Al-Anon GSR-pjece<\/a><\/li>\n\n\n\n<li><a href=\"http:\/\/www.alcoholics-anonymous.org.uk\/download\/1\/Library\/Documents\/Literature%20Downloads\/3300%20Twelve%20Concepts%20Illustrated.pdf\">AA's 12 koncepter illustreret<\/a><\/li>\n\n\n\n<li><a href=\"http:\/\/www.alcoholics-anonymous.org.uk\/download\/1\/Library\/Documents\/Literature%20Downloads\/3346%20Twelve%20Concepts%20Checklist.pdf\">Tjekliste til AA's 12 koncepter<\/a><\/li>\n\n\n\n<li><a href=\"http:\/\/aagb.silverink.ie\/download\/1\/Library\/Documents\/Handbooks\/AA%20Service%20Handbook%20for%20Great%20Britain%204th%20edition%202018.pdf\">AA's serviceh\u00e5ndbog<\/a><\/li>\n<\/ul>\n<!-- PMB print buttons is only displayed on a single post\/page URLs-->","protected":false},"excerpt":{"rendered":"<p>En &#039;Group Service Representative&#039; (GSR) er et medlem af ITAA, som er blevet valgt af en bestemt ITAA-gruppe til at repr\u00e6sentere denne gruppe ved International Service Meetings (ISM&#039;er). ITAAs servicestruktur ligner en omvendt pyramide, med grupperne \u00f8verst og ISM nederst. Med andre ord tjener de internationale servicem\u00f8der ... <a href=\"https:\/\/internetaddictsanonymous.org\/da\/gsr\/\" class=\"more-link\">Forts\u00e6t med at l\u00e6se <span class=\"screen-reader-text\">Hvad er en 'Group Service Representative' i ITAA?<\/span><\/a><\/p>","protected":false},"author":35194255,"featured_media":0,"parent":0,"menu_order":0,"comment_status":"closed","ping_status":"closed","template":"full-width-page.php","meta":{"inline_featured_image":false,"_lmt_disableupdate":"","_lmt_disable":"","footnotes":""},"tags":[],"class_list":["post-13592","page","type-page","status-publish","hentry"],"yoast_head":"<!-- This site is optimized with the Yoast SEO plugin v27.3 - https:\/\/yoast.com\/product\/yoast-seo-wordpress\/ -->\n<title>What is a \u2018Group Service Representative\u2019 in ITAA? &#8211; Internet and Technology Addicts Anonymous<\/title>\n<meta name=\"robots\" content=\"index, follow, max-snippet:-1, max-image-preview:large, max-video-preview:-1\" \/>\n<link rel=\"canonical\" href=\"https:\/\/internetaddictsanonymous.org\/da\/gsr\/\" \/>\n<meta property=\"og:locale\" content=\"da_DK\" \/>\n<meta property=\"og:type\" content=\"article\" \/>\n<meta property=\"og:title\" content=\"What is a \u2018Group Service Representative\u2019 in ITAA? &#8211; Internet and Technology Addicts Anonymous\" \/>\n<meta property=\"og:description\" content=\"A \u2018Group Service Representative\u2019 (GSR) is a member of ITAA who has been elected by a particular ITAA group to represent that group at International Service Meetings (ISMs). ITAA\u2019s service structure resembles an inverted pyramid, with the groups at the top, and the ISM at the bottom. In other words, the International Service Meetings serves &hellip; Continue reading What is a \u2018Group Service Representative\u2019 in ITAA?\" \/>\n<meta property=\"og:url\" content=\"https:\/\/internetaddictsanonymous.org\/da\/gsr\/\" \/>\n<meta property=\"og:site_name\" content=\"Internet and Technology Addicts Anonymous\" \/>\n<meta property=\"article:modified_time\" content=\"2025-01-21T21:31:26+00:00\" \/>\n<meta name=\"twitter:card\" content=\"summary_large_image\" \/>\n<meta name=\"twitter:label1\" content=\"Estimeret l\u00e6setid\" \/>\n\t<meta name=\"twitter:data1\" content=\"4 minutter\" \/>\n<script type=\"application\/ld+json\" class=\"yoast-schema-graph\">{\"@context\":\"https:\\\/\\\/schema.org\",\"@graph\":[{\"@type\":\"WebPage\",\"@id\":\"https:\\\/\\\/internetaddictsanonymous.org\\\/gsr\\\/\",\"url\":\"https:\\\/\\\/internetaddictsanonymous.org\\\/gsr\\\/\",\"name\":\"What is a \u2018Group Service Representative\u2019 in ITAA? &#8211; Internet and Technology Addicts Anonymous\",\"isPartOf\":{\"@id\":\"https:\\\/\\\/internetaddictsanonymous.org\\\/#website\"},\"datePublished\":\"2022-03-24T00:02:20+00:00\",\"dateModified\":\"2025-01-21T21:31:26+00:00\",\"breadcrumb\":{\"@id\":\"https:\\\/\\\/internetaddictsanonymous.org\\\/gsr\\\/#breadcrumb\"},\"inLanguage\":\"da-DK\",\"potentialAction\":[{\"@type\":\"ReadAction\",\"target\":[\"https:\\\/\\\/internetaddictsanonymous.org\\\/gsr\\\/\"]}]},{\"@type\":\"BreadcrumbList\",\"@id\":\"https:\\\/\\\/internetaddictsanonymous.org\\\/gsr\\\/#breadcrumb\",\"itemListElement\":[{\"@type\":\"ListItem\",\"position\":1,\"name\":\"Home\",\"item\":\"https:\\\/\\\/internetaddictsanonymous.org\\\/\"},{\"@type\":\"ListItem\",\"position\":2,\"name\":\"What is a \u2018Group Service Representative\u2019 in ITAA?\"}]},{\"@type\":\"WebSite\",\"@id\":\"https:\\\/\\\/internetaddictsanonymous.org\\\/#website\",\"url\":\"https:\\\/\\\/internetaddictsanonymous.org\\\/\",\"name\":\"Internet and Technology Addicts Anonymous\",\"description\":\"Worldwide 12-step Fellowship for Internet and Technology Addiction\",\"publisher\":{\"@id\":\"https:\\\/\\\/internetaddictsanonymous.org\\\/#organization\"},\"potentialAction\":[{\"@type\":\"SearchAction\",\"target\":{\"@type\":\"EntryPoint\",\"urlTemplate\":\"https:\\\/\\\/internetaddictsanonymous.org\\\/?s={search_term_string}\"},\"query-input\":{\"@type\":\"PropertyValueSpecification\",\"valueRequired\":true,\"valueName\":\"search_term_string\"}}],\"inLanguage\":\"da-DK\"},{\"@type\":\"Organization\",\"@id\":\"https:\\\/\\\/internetaddictsanonymous.org\\\/#organization\",\"name\":\"Internet and Technology Addicts Anonymous\",\"url\":\"https:\\\/\\\/internetaddictsanonymous.org\\\/\",\"logo\":{\"@type\":\"ImageObject\",\"inLanguage\":\"da-DK\",\"@id\":\"https:\\\/\\\/internetaddictsanonymous.org\\\/#\\\/schema\\\/logo\\\/image\\\/\",\"url\":\"https:\\\/\\\/internetaddictsanonymous.org\\\/wp-content\\\/uploads\\\/2023\\\/01\\\/cropped-ITAA-logo-480px.png\",\"contentUrl\":\"https:\\\/\\\/internetaddictsanonymous.org\\\/wp-content\\\/uploads\\\/2023\\\/01\\\/cropped-ITAA-logo-480px.png\",\"width\":480,\"height\":480,\"caption\":\"Internet and Technology Addicts Anonymous\"},\"image\":{\"@id\":\"https:\\\/\\\/internetaddictsanonymous.org\\\/#\\\/schema\\\/logo\\\/image\\\/\"}}]}<\/script>\n<!-- \/ Yoast SEO plugin. -->","yoast_head_json":{"title":"Hvad er en 'Group Service Representative' i ITAA? - Anonyme internet- og teknologiafh\u00e6ngige","robots":{"index":"index","follow":"follow","max-snippet":"max-snippet:-1","max-image-preview":"max-image-preview:large","max-video-preview":"max-video-preview:-1"},"canonical":"https:\/\/internetaddictsanonymous.org\/da\/gsr\/","og_locale":"da_DK","og_type":"article","og_title":"What is a \u2018Group Service Representative\u2019 in ITAA? &#8211; Internet and Technology Addicts Anonymous","og_description":"A \u2018Group Service Representative\u2019 (GSR) is a member of ITAA who has been elected by a particular ITAA group to represent that group at International Service Meetings (ISMs). ITAA\u2019s service structure resembles an inverted pyramid, with the groups at the top, and the ISM at the bottom. In other words, the International Service Meetings serves &hellip; Continue reading What is a \u2018Group Service Representative\u2019 in ITAA?","og_url":"https:\/\/internetaddictsanonymous.org\/da\/gsr\/","og_site_name":"Internet and Technology Addicts Anonymous","article_modified_time":"2025-01-21T21:31:26+00:00","twitter_card":"summary_large_image","twitter_misc":{"Estimeret l\u00e6setid":"4 minutter"},"schema":{"@context":"https:\/\/schema.org","@graph":[{"@type":"WebPage","@id":"https:\/\/internetaddictsanonymous.org\/gsr\/","url":"https:\/\/internetaddictsanonymous.org\/gsr\/","name":"Hvad er en 'Group Service Representative' i ITAA? - Anonyme internet- og teknologiafh\u00e6ngige","isPartOf":{"@id":"https:\/\/internetaddictsanonymous.org\/#website"},"datePublished":"2022-03-24T00:02:20+00:00","dateModified":"2025-01-21T21:31:26+00:00","breadcrumb":{"@id":"https:\/\/internetaddictsanonymous.org\/gsr\/#breadcrumb"},"inLanguage":"da-DK","potentialAction":[{"@type":"ReadAction","target":["https:\/\/internetaddictsanonymous.org\/gsr\/"]}]},{"@type":"BreadcrumbList","@id":"https:\/\/internetaddictsanonymous.org\/gsr\/#breadcrumb","itemListElement":[{"@type":"ListItem","position":1,"name":"Home","item":"https:\/\/internetaddictsanonymous.org\/"},{"@type":"ListItem","position":2,"name":"What is a \u2018Group Service Representative\u2019 in ITAA?"}]},{"@type":"WebSite","@id":"https:\/\/internetaddictsanonymous.org\/#website","url":"https:\/\/internetaddictsanonymous.org\/","name":"Anonyme internet- og teknologiafh\u00e6ngige","description":"Verdensomsp\u00e6ndende 12-trinsf\u00e6llesskab for internet- og teknologiafh\u00e6ngighed","publisher":{"@id":"https:\/\/internetaddictsanonymous.org\/#organization"},"potentialAction":[{"@type":"SearchAction","target":{"@type":"EntryPoint","urlTemplate":"https:\/\/internetaddictsanonymous.org\/?s={search_term_string}"},"query-input":{"@type":"PropertyValueSpecification","valueRequired":true,"valueName":"search_term_string"}}],"inLanguage":"da-DK"},{"@type":"Organization","@id":"https:\/\/internetaddictsanonymous.org\/#organization","name":"Anonyme internet- og teknologiafh\u00e6ngige","url":"https:\/\/internetaddictsanonymous.org\/","logo":{"@type":"ImageObject","inLanguage":"da-DK","@id":"https:\/\/internetaddictsanonymous.org\/#\/schema\/logo\/image\/","url":"https:\/\/internetaddictsanonymous.org\/wp-content\/uploads\/2023\/01\/cropped-ITAA-logo-480px.png","contentUrl":"https:\/\/internetaddictsanonymous.org\/wp-content\/uploads\/2023\/01\/cropped-ITAA-logo-480px.png","width":480,"height":480,"caption":"Internet and Technology Addicts Anonymous"},"image":{"@id":"https:\/\/internetaddictsanonymous.org\/#\/schema\/logo\/image\/"}}]}},"jetpack_sharing_enabled":true,"jetpack_shortlink":"https:\/\/wp.me\/P9Fwob-3xe","_links":{"self":[{"href":"https:\/\/internetaddictsanonymous.org\/da\/wp-json\/wp\/v2\/pages\/13592","targetHints":{"allow":["GET"]}}],"collection":[{"href":"https:\/\/internetaddictsanonymous.org\/da\/wp-json\/wp\/v2\/pages"}],"about":[{"href":"https:\/\/internetaddictsanonymous.org\/da\/wp-json\/wp\/v2\/types\/page"}],"author":[{"embeddable":true,"href":"https:\/\/internetaddictsanonymous.org\/da\/wp-json\/wp\/v2\/users\/35194255"}],"replies":[{"embeddable":true,"href":"https:\/\/internetaddictsanonymous.org\/da\/wp-json\/wp\/v2\/comments?post=13592"}],"version-history":[{"count":9,"href":"https:\/\/internetaddictsanonymous.org\/da\/wp-json\/wp\/v2\/pages\/13592\/revisions"}],"predecessor-version":[{"id":19241,"href":"https:\/\/internetaddictsanonymous.org\/da\/wp-json\/wp\/v2\/pages\/13592\/revisions\/19241"}],"wp:attachment":[{"href":"https:\/\/internetaddictsanonymous.org\/da\/wp-json\/wp\/v2\/media?parent=13592"}],"wp:term":[{"taxonomy":"post_tag","embeddable":true,"href":"https:\/\/internetaddictsanonymous.org\/da\/wp-json\/wp\/v2\/tags?post=13592"}],"curies":[{"name":"wp","href":"https:\/\/api.w.org\/{rel}","templated":true}]}}