{"id":13923,"date":"2022-07-15T00:52:02","date_gmt":"2022-07-15T00:52:02","guid":{"rendered":"https:\/\/internetaddictsanonymous.org\/?page_id=13923"},"modified":"2026-04-07T23:50:52","modified_gmt":"2026-04-08T06:50:52","slug":"meddelelser-arkiv","status":"publish","type":"page","link":"https:\/\/internetaddictsanonymous.org\/da\/announcements-archive\/","title":{"rendered":"Meddelelser Arkiv"},"content":{"rendered":"\n<p><em>Below are past announcements from the Announcements Bulletin Board<\/em>. <em>(The date listed is when the announcement was removed from the Board)<\/em><\/p>\n\n\n\n<p>4\/8<\/p>\n\n\n\n<p>A new ITAA in-person meeting is starting in\u00a0Yuba City, California. Our in-person meeting details for Albuquerque, NM, Naperville, IL, and Oxford, UK, have been updated. Additionally, there is interest in starting an in-person meeting in South Bay, California. For more information, please visit the in-person meetings page.<\/p>\n\n\n\n<p>4\/7<br>Recently there have reports of disruptions such as interruptions and harassment during meetings. We encourage all members to review &#8216;Safety in ITAA&#8217;, which can be found in &#8216;Being of Service&#8217; under the &#8216;Literature&#8217; tab on the website.<\/p>\n\n\n\n<p>4\/1<\/p>\n\n\n\n<p>Excited for NAC 3? NAC T-shirt ordering is closing soon; get your limited-edition shirt while you can! All proceeds go to scholarship tickets. Preordering is the only way to get one. Order here before April 15th:&nbsp;<a href=\"https:\/\/bit.ly\/NAC3Shirt\" target=\"_blank\" rel=\"noreferrer noopener\">https:\/\/bit.ly\/NAC3Shirt<\/a><\/p>\n\n\n\n<p>We need your art! Send in your design(s) embracing this year\u2019s North American Convention (NAC) theme, \u201cDeveloping Flourishing Lives,\u201d for a chance to have your work displayed on our NAC 3 limited-edition T-shirt! Submit your work at &nbsp;<a href=\"https:\/\/bit.ly\/NAC3Art\" target=\"_blank\" rel=\"noreferrer noopener\">https:\/\/bit.ly\/NAC3Art<\/a>&nbsp;by&nbsp;April 15th.<\/p>\n\n\n\n<p>-~-<\/p>\n\n\n\n<p>3\/27<br>New in-person meetings have started in Seattle, Edinburgh and K\u00f8benhavn \u00d8. There is interest in starting in-person meetings in Buffalo, NY, and Cleveland, Ohio. See the in-person meetings page on the website for more details. Additionally, our Cleveland, Toronto and London in-person meeting details have been updated.<\/p>\n\n\n\n<p class=\"has-text-align-center\">-~-<\/p>\n\n\n\n<p>The 3rd North American Convention is HAPPENING!! June 19-21st! Come party with us in Portland OR. Spots are filling up, so grab your ticket now! To learn more, visit&nbsp;<a href=\"https:\/\/bit.ly\/4tAXMcr\" target=\"_blank\" rel=\"noreferrer noopener\">https:\/\/bit.ly\/4tAXMcr<\/a>&nbsp;, attend the next NAC info session or email&nbsp;<a href=\"mailto:itaa.nacc@gmail.com\" target=\"_blank\" rel=\"noreferrer noopener\">itaa.nacc@gmail.com<\/a>.<\/p>\n\n\n\n<p>3\/17<br>On March 8th, the US will enter Daylight Saving Time. The ITAA calendar follows this shift, so if you are not in the US, your meeting times may change over the next few weeks.<\/p>\n\n\n\n<p class=\"has-text-align-center\">-~-<\/p>\n\n\n\n<p>Planning has started for a potential ITAA Mid-Atlantic gathering this spring in NYC. The Mid-Atlantic Convention Committee (MACC) will be holding its first planning meeting on March 19th and all are welcome to attend. If you\u2019d like to attend or help with early planning, please email itaa.macc@gmail.com<\/p>\n\n\n\n<p>3\/10<br>Is art a top-line of yours? Send in your design(s) embracing this year\u2019s North American Convention (NAC) theme, \u201cDeveloping Flourishing Lives,\u201d for a chance to have your work displayed on our NAC 3 limited-edition T-shirt!<br>Submission form: <a href=\"https:\/\/bit.ly\/NAC3Art\" target=\"_blank\" rel=\"noreferrer noopener\">https:\/\/bit.ly\/NAC3Art<\/a><\/p>\n\n\n\n<p class=\"has-text-align-center\">-~-<\/p>\n\n\n\n<p>Excited for NAC 3 and already wanting to take a piece of it home with you? We have good news! This year\u2019s convention offers a limited-edition t-shirt! All proceeds go to scholarship tickets. Preordering is the only way to get one; extras will not be printed. Order here before April 15th:&nbsp;<a href=\"https:\/\/bit.ly\/NAC3Shirt\" target=\"_blank\" rel=\"noreferrer noopener\">https:\/\/bit.ly\/NAC3Shirt<\/a><\/p>\n\n\n\n<p>2\/22<br>Great news! Early Bird registration for the 3rd North American Convention has been extended! The $50 discount on all standard tickets will be available until 8pm US Eastern Time on February 21st! To learn more, visit <a href=\"https:\/\/bit.ly\/4tAXMcr\">https:\/\/bit.ly\/4tAXMcr<\/a> , attend the next NAC info session (also on the 21st), or email <a href=\"mailto:itaa.nacc@gmail.com\" target=\"_blank\" rel=\"noreferrer noopener\">itaa.nacc@gmail.com<\/a>.<\/p>\n\n\n\n<p>2\/21<br>ITAA is seeking a volunteer co-webmaster to join our team. This is a great opportunity to be of service to the fellowship with a 1 hour weekly commitment. Must have at least 6 months in ITAA and be able to make a 6 month commitment. Email&nbsp;webmaster.itaa@gmail.com to apply.<\/p>\n\n\n\n<p class=\"has-text-align-center\">-~-<\/p>\n\n\n\n<p>NAC (night) 2! Just what you&#8217;ve been waiting for! Come celebrate top lines with us on February 21st at 3:30 PM EST and get a taste of the in-person NAC experience.<\/p>\n\n\n\n<p>2\/17<br>From June 19\u201321, 2026, a German-speakingITAA Convention will take place in Immenhausen near Kassel, featuring meetings and shared cooking activities.<br>For Registration please contact: <a href=\"mailto:itaa.treffen.immenhausen.2026@gmail.com\" target=\"_blank\" rel=\"noreferrer noopener\">itaa.treffen.immenhausen.2026@gmail.com<\/a><br>&#8212;<br><em>[Previous announcement in German]<\/em>:<br>Vom 19.\u201321. Juni 2026 findet eine deutschsprachige ITAA Convention in Immenhausen bei Kassel mit Meetings und gemeinsamem Kochen statt. Infos zur Anmeldung unter: <a href=\"mailto:itaa.treffen.immenhausen.2026@gmail.com\" target=\"_blank\" rel=\"noreferrer noopener\">itaa.treffen.immenhausen.2026@gmail.com<\/a><\/p>\n\n\n\n<p>2\/16\/26<br>The Literature Committee is looking for more consistent participating fellows (this Committee is separate from the Basic Text Editing Team). We meet on the third Sunday of every month at 1:30PM US Eastern Time. Our next meeting is February 15th. If you cannot attend our time but are interested in contributing, please contact <a href=\"mailto:literature.itaa@gmail.com\" target=\"_blank\" rel=\"noreferrer noopener\">literature.itaa@gmail.com<\/a><\/p>\n\n\n\n<p>2\/9\/26<br>There is interest in starting a new in-person meeting in Eugene, OR. The in-person meeting details in Boston, MA, London, UK, and Houston, TX have been changed. See the in-person meetings page on the website for more details.<\/p>\n\n\n\n<p>2\/7\/26<br>A new Open Path Step Workshop will begin Saturday, February 7th at 1pm US Eastern Time. More details can be found on the website:&nbsp;<a href=\"https:\/\/internetaddictsanonymous.org\/step-workshops\/\">https:\/\/internetaddictsanonymous.org\/step-workshops\/<\/a><\/p>\n\n\n\n<p>2\/5\/26<br>Registration is open for the 3rd North American Convention! NAC3 is June 19-21 just outside of Portland, Oregon. There\u2019s an early bird special: $50 off all standard tickets until February 18th! For more information and to register, go to <a href=\"https:\/\/docs.google.com\/document\/d\/18E0DZBR4hg_FICBhGSVHA6cA6m6HEadJkjgzwnJYn-4\/edit?tab=t.0%E2%80%9D\">https:\/\/docs.google.com\/document\/d\/18E0DZBR4hg_FICBhGSVHA6cA6m6HEadJkjgzwnJYn-4\/edit?tab=t.0<\/a><\/p>\n\n\n\n<p>2\/1\/26<br>A new ITAA in-person meeting is starting in Albuquerque, New Mexico. For more details, please visit the in-person meetings page.<\/p>\n\n\n\n<p class=\"has-text-align-left\">The in-person Denver meeting is marking its 4th year with a new meeting time on Saturdays. See the in-person meeting calendar for info.<\/p>\n\n\n\n<p>1\/27\/26<br>The email responders are looking for an additional volunteer who is available to help respond to newcomer questions through the contact form. Email responders must have at least 3 months in ITAA and the time commitment is 30 minutes per week. If you are interested, please email internetandtechaa@gmail.com. Please only volunteer if you are truly willing to contribute and uphold this commitment, as we frequently have members volunteer only to drop out. Thank you!<\/p>\n\n\n\n<p>1\/20\/26<br>We are announcing a new in-person meeting that has started in early January, in Southern California, a new meeting is starting in Grand Rapids, Michigan, and a new hybrid (online + in person) meeting in San Diego (Oceanside) CA. There is an interest in starting a new in-person meeting in Chico, CA and Cambridge, UK. For more information, please visit the in-person meeting page.<\/p>\n\n\n\n<p>1\/19\/26<br>A new Open Path Step Workshop will begin Monday, January 19th at 10:30am US Eastern Time. More details can be found on the website:&nbsp;<a href=\"https:\/\/internetaddictsanonymous.org\/step-workshops\/\">https:\/\/internetaddictsanonymous.org\/step-workshops\/<\/a><\/p>\n\n\n\n<p>1\/11\/26<br>Thanks to all who came out to NAC Night! We are so grateful for your enthusiasm, silliness, and generous donations, all of which make NAC3 possible. The theme selection poll will remain open until Friday the 16th at midnight. Love, Programming Subcommittee&nbsp;<a href=\"https:\/\/forms.gle\/hcuh58bBizSSjZt59\" target=\"_blank\" rel=\"noreferrer noopener\">https:\/\/forms.gle\/hcuh58bBizSSjZt59<\/a><\/p>\n\n\n\n<p>1\/11\/26<br>The 3rd North American Convention (NAC 3) is planned for June 19-21, 2026 in Portland, Oregon! We need YOUR help to select a theme! Click here to share your ideas:<strong>&nbsp;<a href=\"https:\/\/forms.gle\/KccysoZBotdREaKH8\" target=\"_blank\" rel=\"noreferrer noopener\">https:\/\/forms.gle\/KccysoZBotdREaKH8<\/a><\/strong><\/p>\n\n\n\n<p>1\/10\/26<br>Curious about the third North American&nbsp;Convention happening on June 19-21, 2026 in Portland, Oregon??? Come party with us on <strong>Saturday, January 10th, 2026 at 8pm EST<\/strong> to get all of your questions answered! It will be listed on the online calendar as NAC3 NIGHT: INFO SESSION.<\/p>\n\n\n\n<p><\/p>\n\n\n\n<p class=\"has-text-align-center\">-~-<\/p>\n\n\n\n<p><a href=\"https:\/\/internetaddictsanonymous.org\/announcements-archive\/2025-announcements-archive\/\">2025 Announcements Archive<\/a><\/p>\n\n\n\n<p><a href=\"https:\/\/internetaddictsanonymous.org\/announcements-archive\/2024-announcements-archive\/\">2024 Announcements Archive<\/a><\/p>\n\n\n\n<p><a href=\"https:\/\/internetaddictsanonymous.org\/announcements-archive\/2023-announcements-archive\/\">2023 Announcements Archive<\/a><\/p>\n\n\n\n<p><a href=\"https:\/\/internetaddictsanonymous.org\/announcements-archive\/2022-announcements-archive\/\">2022 Announcements Archive<\/a><\/p>\n\n\n\n<p><\/p>\n<!-- PMB print buttons is only displayed on a single post\/page URLs-->","protected":false},"excerpt":{"rendered":"<p>Below are past announcements from the Announcements Bulletin Board. (The date listed is when the announcement was removed from the Board) 4\/8 A new ITAA in-person meeting is starting in\u00a0Yuba City, California. Our in-person meeting details for Albuquerque, NM, Naperville, IL, and Oxford, UK, have been updated. Additionally, there is interest in starting an in-person &hellip; <a href=\"https:\/\/internetaddictsanonymous.org\/da\/announcements-archive\/\" class=\"more-link\">Forts\u00e6t med at l\u00e6se <span class=\"screen-reader-text\">Meddelelser Arkiv<\/span><\/a><\/p>","protected":false},"author":35194255,"featured_media":0,"parent":0,"menu_order":0,"comment_status":"closed","ping_status":"closed","template":"full-width-page.php","meta":{"inline_featured_image":false,"_lmt_disableupdate":"","_lmt_disable":"","jetpack_post_was_ever_published":false,"footnotes":""},"tags":[],"class_list":["post-13923","page","type-page","status-publish","hentry"],"yoast_head":"<!-- This site is optimized with the Yoast SEO plugin v27.3 - https:\/\/yoast.com\/product\/yoast-seo-wordpress\/ -->\n<title>Announcements Archive &#8211; Internet and Technology Addicts Anonymous<\/title>\n<meta name=\"robots\" content=\"index, follow, max-snippet:-1, max-image-preview:large, max-video-preview:-1\" \/>\n<link rel=\"canonical\" href=\"https:\/\/internetaddictsanonymous.org\/da\/meddelelser-arkiv\/\" \/>\n<meta property=\"og:locale\" content=\"da_DK\" \/>\n<meta property=\"og:type\" content=\"article\" \/>\n<meta property=\"og:title\" content=\"Announcements Archive &#8211; Internet and Technology Addicts Anonymous\" \/>\n<meta property=\"og:description\" content=\"Below are past announcements from the Announcements Bulletin Board. (The date listed is when the announcement was removed from the Board) 4\/8 A new ITAA in-person meeting is starting in\u00a0Yuba City, California. Our in-person meeting details for Albuquerque, NM, Naperville, IL, and Oxford, UK, have been updated. Additionally, there is interest in starting an in-person &hellip; Continue reading Announcements Archive\" \/>\n<meta property=\"og:url\" content=\"https:\/\/internetaddictsanonymous.org\/da\/meddelelser-arkiv\/\" \/>\n<meta property=\"og:site_name\" content=\"Internet and Technology Addicts Anonymous\" \/>\n<meta property=\"article:modified_time\" content=\"2026-04-08T06:50:52+00:00\" \/>\n<meta name=\"twitter:card\" content=\"summary_large_image\" \/>\n<meta name=\"twitter:label1\" content=\"Estimeret l\u00e6setid\" \/>\n\t<meta name=\"twitter:data1\" content=\"6 minutter\" \/>\n<script type=\"application\/ld+json\" class=\"yoast-schema-graph\">{\"@context\":\"https:\\\/\\\/schema.org\",\"@graph\":[{\"@type\":\"WebPage\",\"@id\":\"https:\\\/\\\/internetaddictsanonymous.org\\\/announcements-archive\\\/\",\"url\":\"https:\\\/\\\/internetaddictsanonymous.org\\\/announcements-archive\\\/\",\"name\":\"Announcements Archive &#8211; Internet and Technology Addicts Anonymous\",\"isPartOf\":{\"@id\":\"https:\\\/\\\/internetaddictsanonymous.org\\\/#website\"},\"datePublished\":\"2022-07-15T00:52:02+00:00\",\"dateModified\":\"2026-04-08T06:50:52+00:00\",\"breadcrumb\":{\"@id\":\"https:\\\/\\\/internetaddictsanonymous.org\\\/announcements-archive\\\/#breadcrumb\"},\"inLanguage\":\"da-DK\",\"potentialAction\":[{\"@type\":\"ReadAction\",\"target\":[\"https:\\\/\\\/internetaddictsanonymous.org\\\/announcements-archive\\\/\"]}]},{\"@type\":\"BreadcrumbList\",\"@id\":\"https:\\\/\\\/internetaddictsanonymous.org\\\/announcements-archive\\\/#breadcrumb\",\"itemListElement\":[{\"@type\":\"ListItem\",\"position\":1,\"name\":\"Home\",\"item\":\"https:\\\/\\\/internetaddictsanonymous.org\\\/\"},{\"@type\":\"ListItem\",\"position\":2,\"name\":\"Announcements Archive\"}]},{\"@type\":\"WebSite\",\"@id\":\"https:\\\/\\\/internetaddictsanonymous.org\\\/#website\",\"url\":\"https:\\\/\\\/internetaddictsanonymous.org\\\/\",\"name\":\"Internet and Technology Addicts Anonymous\",\"description\":\"Worldwide 12-step Fellowship for Internet and Technology Addiction\",\"publisher\":{\"@id\":\"https:\\\/\\\/internetaddictsanonymous.org\\\/#organization\"},\"potentialAction\":[{\"@type\":\"SearchAction\",\"target\":{\"@type\":\"EntryPoint\",\"urlTemplate\":\"https:\\\/\\\/internetaddictsanonymous.org\\\/?s={search_term_string}\"},\"query-input\":{\"@type\":\"PropertyValueSpecification\",\"valueRequired\":true,\"valueName\":\"search_term_string\"}}],\"inLanguage\":\"da-DK\"},{\"@type\":\"Organization\",\"@id\":\"https:\\\/\\\/internetaddictsanonymous.org\\\/#organization\",\"name\":\"Internet and Technology Addicts Anonymous\",\"url\":\"https:\\\/\\\/internetaddictsanonymous.org\\\/\",\"logo\":{\"@type\":\"ImageObject\",\"inLanguage\":\"da-DK\",\"@id\":\"https:\\\/\\\/internetaddictsanonymous.org\\\/#\\\/schema\\\/logo\\\/image\\\/\",\"url\":\"https:\\\/\\\/internetaddictsanonymous.org\\\/wp-content\\\/uploads\\\/2023\\\/01\\\/cropped-ITAA-logo-480px.png\",\"contentUrl\":\"https:\\\/\\\/internetaddictsanonymous.org\\\/wp-content\\\/uploads\\\/2023\\\/01\\\/cropped-ITAA-logo-480px.png\",\"width\":480,\"height\":480,\"caption\":\"Internet and Technology Addicts Anonymous\"},\"image\":{\"@id\":\"https:\\\/\\\/internetaddictsanonymous.org\\\/#\\\/schema\\\/logo\\\/image\\\/\"}}]}<\/script>\n<!-- \/ Yoast SEO plugin. -->","yoast_head_json":{"title":"Annoncements Archive - Anonyme Internet- og teknologiafh\u00e6ngige","robots":{"index":"index","follow":"follow","max-snippet":"max-snippet:-1","max-image-preview":"max-image-preview:large","max-video-preview":"max-video-preview:-1"},"canonical":"https:\/\/internetaddictsanonymous.org\/da\/meddelelser-arkiv\/","og_locale":"da_DK","og_type":"article","og_title":"Announcements Archive &#8211; Internet and Technology Addicts Anonymous","og_description":"Below are past announcements from the Announcements Bulletin Board. (The date listed is when the announcement was removed from the Board) 4\/8 A new ITAA in-person meeting is starting in\u00a0Yuba City, California. Our in-person meeting details for Albuquerque, NM, Naperville, IL, and Oxford, UK, have been updated. Additionally, there is interest in starting an in-person &hellip; Continue reading Announcements Archive","og_url":"https:\/\/internetaddictsanonymous.org\/da\/meddelelser-arkiv\/","og_site_name":"Internet and Technology Addicts Anonymous","article_modified_time":"2026-04-08T06:50:52+00:00","twitter_card":"summary_large_image","twitter_misc":{"Estimeret l\u00e6setid":"6 minutter"},"schema":{"@context":"https:\/\/schema.org","@graph":[{"@type":"WebPage","@id":"https:\/\/internetaddictsanonymous.org\/announcements-archive\/","url":"https:\/\/internetaddictsanonymous.org\/announcements-archive\/","name":"Annoncements Archive - Anonyme Internet- og teknologiafh\u00e6ngige","isPartOf":{"@id":"https:\/\/internetaddictsanonymous.org\/#website"},"datePublished":"2022-07-15T00:52:02+00:00","dateModified":"2026-04-08T06:50:52+00:00","breadcrumb":{"@id":"https:\/\/internetaddictsanonymous.org\/announcements-archive\/#breadcrumb"},"inLanguage":"da-DK","potentialAction":[{"@type":"ReadAction","target":["https:\/\/internetaddictsanonymous.org\/announcements-archive\/"]}]},{"@type":"BreadcrumbList","@id":"https:\/\/internetaddictsanonymous.org\/announcements-archive\/#breadcrumb","itemListElement":[{"@type":"ListItem","position":1,"name":"Home","item":"https:\/\/internetaddictsanonymous.org\/"},{"@type":"ListItem","position":2,"name":"Announcements Archive"}]},{"@type":"WebSite","@id":"https:\/\/internetaddictsanonymous.org\/#website","url":"https:\/\/internetaddictsanonymous.org\/","name":"Anonyme internet- og teknologiafh\u00e6ngige","description":"Verdensomsp\u00e6ndende 12-trinsf\u00e6llesskab for internet- og teknologiafh\u00e6ngighed","publisher":{"@id":"https:\/\/internetaddictsanonymous.org\/#organization"},"potentialAction":[{"@type":"SearchAction","target":{"@type":"EntryPoint","urlTemplate":"https:\/\/internetaddictsanonymous.org\/?s={search_term_string}"},"query-input":{"@type":"PropertyValueSpecification","valueRequired":true,"valueName":"search_term_string"}}],"inLanguage":"da-DK"},{"@type":"Organization","@id":"https:\/\/internetaddictsanonymous.org\/#organization","name":"Anonyme internet- og teknologiafh\u00e6ngige","url":"https:\/\/internetaddictsanonymous.org\/","logo":{"@type":"ImageObject","inLanguage":"da-DK","@id":"https:\/\/internetaddictsanonymous.org\/#\/schema\/logo\/image\/","url":"https:\/\/internetaddictsanonymous.org\/wp-content\/uploads\/2023\/01\/cropped-ITAA-logo-480px.png","contentUrl":"https:\/\/internetaddictsanonymous.org\/wp-content\/uploads\/2023\/01\/cropped-ITAA-logo-480px.png","width":480,"height":480,"caption":"Internet and Technology Addicts Anonymous"},"image":{"@id":"https:\/\/internetaddictsanonymous.org\/#\/schema\/logo\/image\/"}}]}},"jetpack_sharing_enabled":true,"jetpack_shortlink":"https:\/\/wp.me\/P9Fwob-3Cz","_links":{"self":[{"href":"https:\/\/internetaddictsanonymous.org\/da\/wp-json\/wp\/v2\/pages\/13923","targetHints":{"allow":["GET"]}}],"collection":[{"href":"https:\/\/internetaddictsanonymous.org\/da\/wp-json\/wp\/v2\/pages"}],"about":[{"href":"https:\/\/internetaddictsanonymous.org\/da\/wp-json\/wp\/v2\/types\/page"}],"author":[{"embeddable":true,"href":"https:\/\/internetaddictsanonymous.org\/da\/wp-json\/wp\/v2\/users\/35194255"}],"replies":[{"embeddable":true,"href":"https:\/\/internetaddictsanonymous.org\/da\/wp-json\/wp\/v2\/comments?post=13923"}],"version-history":[{"count":100,"href":"https:\/\/internetaddictsanonymous.org\/da\/wp-json\/wp\/v2\/pages\/13923\/revisions"}],"predecessor-version":[{"id":21205,"href":"https:\/\/internetaddictsanonymous.org\/da\/wp-json\/wp\/v2\/pages\/13923\/revisions\/21205"}],"wp:attachment":[{"href":"https:\/\/internetaddictsanonymous.org\/da\/wp-json\/wp\/v2\/media?parent=13923"}],"wp:term":[{"taxonomy":"post_tag","embeddable":true,"href":"https:\/\/internetaddictsanonymous.org\/da\/wp-json\/wp\/v2\/tags?post=13923"}],"curies":[{"name":"wp","href":"https:\/\/api.w.org\/{rel}","templated":true}]}}