{"id":14440,"date":"2022-10-24T01:33:42","date_gmt":"2022-10-24T05:33:42","guid":{"rendered":"https:\/\/internetaddictsanonymous.org\/?page_id=14440"},"modified":"2023-02-19T13:16:50","modified_gmt":"2023-02-19T18:16:50","slug":"ikke-engelske-moder","status":"publish","type":"page","link":"https:\/\/internetaddictsanonymous.org\/da\/non-english-meetings\/","title":{"rendered":"Ikke-engelsk m\u00f8dekalender"},"content":{"rendered":"<p>Nedenfor er en kalender over ITAA-m\u00f8der p\u00e5 andre sprog end engelsk. Vi har i \u00f8jeblikket m\u00f8der p\u00e5 spansk, portugisisk, fransk, tysk, hebraisk, russisk, polsk, koreansk og arabisk.\u00a0<strong><mark style=\"background-color:rgba(0, 0, 0, 0)\" class=\"has-inline-color has-dark-gray-color\">M\u00f8detiderne vises i din lokale tidszone. <\/mark><\/strong>Du kan finde detaljerne for hvert m\u00f8de, herunder videolinket, opkaldsnumre og m\u00f8dets fokus, ved at klikke p\u00e5 m\u00f8debegivenheden i kalenderen.<\/p>\n\n\n\n<p><strong><mark style=\"background-color:rgba(0, 0, 0, 0)\" class=\"has-inline-color has-dark-gray-color\">Hvis du er ny, opfordrer vi dig til at pr\u00f8ve at deltage i seks m\u00f8der inden for en kort tidsramme for at se, om vores program kan v\u00e6re nyttigt for dig.<\/mark><\/strong> Hvert m\u00f8de er lidt forskelligt, og vi er altid glade for at byde nye velkommen. Alle m\u00f8der er helt gratis og anonyme.<\/p>\n\n\n<p><iframe style=\"height: 1150px; width: 100%;\" src=\"https:\/\/teamup.com\/ks4zmgyh24h9ae4dwm?view=a&amp;showHeader=0&amp;showLogo=0&amp;showTitle=0&amp;disableSidepanel=1&amp;showViewSelector=1\" width=\"100%\" height=\"1150\" frameborder=\"0\"><\/iframe><\/p>\n\n\n<p>Du kan finde den komplette liste over ITAA-m\u00f8der, herunder engelske m\u00f8der <a href=\"https:\/\/internetaddictsanonymous.org\/da\/online-moder\/\">her<\/a>.<\/p>\n\n\n\n<h3 class=\"wp-block-heading\"><strong>Hvordan fungerer m\u00f8der?<\/strong><\/h3>\n\n\n\n<p>Hvis du skal deltage i et m\u00f8de for f\u00f8rste gang, er der ingen grund til at v\u00e6re nerv\u00f8s. De fleste af vores m\u00f8der er meget enkle; hvert m\u00f8de har en m\u00f8deleder, som leder m\u00f8det, og de fleste m\u00f8der varer en time. Formanden og andre frivillige l\u00e6ser nogle indledende erkl\u00e6ringer op, f\u00f8r vi \u00e5bner m\u00f8det for medlemmer, der vil dele. Der er ikke noget krav om at dele, og det er okay bare at lytte. Du kan fort\u00e6lle, hvordan du har det, pr\u00e6sentere dig selv, og hvad der bragte dig til ITAA, eller stille sp\u00f8rgsm\u00e5l. Medmindre medlemmet, der fort\u00e6ller, beder om det, kommer vi ikke med forslag eller kommentarer som svar p\u00e5 andres fort\u00e6llinger; vi lytter bare uden at d\u00f8mme. N\u00e5r timen er g\u00e5et, afsluttes m\u00f8det med nogle afsluttende bem\u00e6rkninger, hvorefter medlemmerne normalt bliver p\u00e5 linjen for at tale uformelt, stille sp\u00f8rgsm\u00e5l og udveksle kontaktoplysninger.<\/p>\n\n\n\n<h3 class=\"wp-block-heading\"><strong>Forskellige navne p\u00e5 m\u00f8der<\/strong><\/h3>\n\n\n\n<p>Mange m\u00f8der i kalenderen har unikke navne. Det er en venlig m\u00e5de at hj\u00e6lpe medlemmerne med at skelne m\u00f8derne fra hinanden. Nogle m\u00f8der kan have s\u00e6rlige formater, og du kan holde musen over eller klikke p\u00e5 et m\u00f8de for at se m\u00f8dedetaljerne. Hvis der ikke er nogen m\u00f8dedetaljer, f\u00f8lger m\u00f8det sandsynligvis en eller anden version af standardformatet. <a href=\"https:\/\/internetaddictsanonymous.org\/da\/online-mode-plan\/modescript\/\">m\u00f8descript<\/a>. Hvert m\u00f8de er uafh\u00e6ngigt og har en lidt anderledes smag - hvis du ikke er sikker p\u00e5, hvilket du skal deltage i, kan du pr\u00f8ve et par forskellige m\u00f8der for at se, hvilke der v\u00e6kker genklang hos dig.<\/p>\n\n\n\n<h3 class=\"wp-block-heading\"><strong>Sikkerhed<\/strong><\/h3>\n\n\n\n<p>Vores m\u00f8der har sk\u00e6rmdeling sl\u00e5et fra og kryptering sl\u00e5et til. V\u00e6rterne har mulighed for at sl\u00e5 lyden fra og fjerne forstyrrende deltagere. Hvis du er v\u00e6rt for et m\u00f8de, foresl\u00e5r vi, at du l\u00e6ser ITAA's <a href=\"https:\/\/internetaddictsanonymous.org\/da\/sikkerheds-retningslinjer-for-itaa-mode-vaerter\/\">guide til, hvordan man forebygger og reagerer p\u00e5 forstyrrelser<\/a>.<\/p>\n\n\n\n<h3 class=\"wp-block-heading\"><strong>Tilg\u00e6ngelighedsrelaterede ressourcer<\/strong><\/h3>\n\n\n\n<p><a href=\"https:\/\/internetaddictsanonymous.org\/da\/tilgaengelighed\/\">Tilg\u00e6ngelighed for tale- og h\u00f8reh\u00e6mmede medlemmer<\/a><\/p>\n\n\n\n<p><a href=\"https:\/\/support.zoom.us\/hc\/en-us\/articles\/201362893-How-much-bandwidth-do-I-need-when-using-3G-or-4G-LTE\">B\u00e5ndbreddebehov ved brug af 3G, 4G\/LTE eller 5G (support.zoom.us)<\/a><\/p>\n\n\n\n<p><a href=\"https:\/\/support.zoom.us\/hc\/en-us\/articles\/4409500570381-Stopping-all-incoming-video-in-a-meeting-or-webinar\">S\u00e5dan stopper du al indg\u00e5ende video (support.zoom.us<\/a>)<\/p>\n<!-- PMB print buttons is only displayed on a single post\/page URLs-->","protected":false},"excerpt":{"rendered":"<p>Nedenfor er en kalender over ikke-engelske ITAA-m\u00f8der. Vi har i \u00f8jeblikket m\u00f8der p\u00e5 spansk, portugisisk, fransk, tysk, hebraisk, russisk, polsk, koreansk og arabisk. M\u00f8detider vises i din lokale tidszone. Du kan finde detaljerne for hvert m\u00f8de, inklusive videolinket, opkaldsnumre og m\u00f8defokus, ved at klikke p\u00e5 m\u00f8debegivenheden i ... <a href=\"https:\/\/internetaddictsanonymous.org\/da\/non-english-meetings\/\" class=\"more-link\">Forts\u00e6t med at l\u00e6se <span class=\"screen-reader-text\">Ikke-engelsk m\u00f8dekalender<\/span><\/a><\/p>","protected":false},"author":35194237,"featured_media":0,"parent":0,"menu_order":0,"comment_status":"closed","ping_status":"closed","template":"full-width-page.php","meta":{"inline_featured_image":false,"_lmt_disableupdate":"","_lmt_disable":"","footnotes":""},"tags":[],"class_list":["post-14440","page","type-page","status-publish","hentry"],"yoast_head":"<!-- This site is optimized with the Yoast SEO plugin v27.6 - https:\/\/yoast.com\/product\/yoast-seo-wordpress\/ -->\n<title>Non-English Meeting Calendar &#8211; Internet and Technology Addicts Anonymous<\/title>\n<meta name=\"robots\" content=\"index, follow, max-snippet:-1, max-image-preview:large, max-video-preview:-1\" \/>\n<link rel=\"canonical\" href=\"https:\/\/internetaddictsanonymous.org\/da\/ikke-engelske-moder\/\" \/>\n<meta property=\"og:locale\" content=\"da_DK\" \/>\n<meta property=\"og:type\" content=\"article\" \/>\n<meta property=\"og:title\" content=\"Non-English Meeting Calendar &#8211; Internet and Technology Addicts Anonymous\" \/>\n<meta property=\"og:description\" content=\"Below is a calendar of non-English ITAA meetings. We currently have meetings in Spanish, Portuguese, French, German, Hebrew, Russian, Polish, Korean, and Arabic.\u00a0Meeting times are displayed in your local time zone. You can find the details for each meeting, including the video link, dial-in numbers, and meeting focus, by clicking on the meeting event in &hellip; Continue reading Non-English Meeting Calendar\" \/>\n<meta property=\"og:url\" content=\"https:\/\/internetaddictsanonymous.org\/da\/ikke-engelske-moder\/\" \/>\n<meta property=\"og:site_name\" content=\"Internet and Technology Addicts Anonymous\" \/>\n<meta property=\"article:modified_time\" content=\"2023-02-19T18:16:50+00:00\" \/>\n<meta name=\"twitter:card\" content=\"summary_large_image\" \/>\n<meta name=\"twitter:label1\" content=\"Estimeret l\u00e6setid\" \/>\n\t<meta name=\"twitter:data1\" content=\"2 minutter\" \/>\n<script type=\"application\/ld+json\" class=\"yoast-schema-graph\">{\"@context\":\"https:\\\/\\\/schema.org\",\"@graph\":[{\"@type\":\"WebPage\",\"@id\":\"https:\\\/\\\/internetaddictsanonymous.org\\\/non-english-meetings\\\/\",\"url\":\"https:\\\/\\\/internetaddictsanonymous.org\\\/non-english-meetings\\\/\",\"name\":\"Non-English Meeting Calendar &#8211; Internet and Technology Addicts Anonymous\",\"isPartOf\":{\"@id\":\"https:\\\/\\\/internetaddictsanonymous.org\\\/#website\"},\"datePublished\":\"2022-10-24T05:33:42+00:00\",\"dateModified\":\"2023-02-19T18:16:50+00:00\",\"breadcrumb\":{\"@id\":\"https:\\\/\\\/internetaddictsanonymous.org\\\/non-english-meetings\\\/#breadcrumb\"},\"inLanguage\":\"da-DK\",\"potentialAction\":[{\"@type\":\"ReadAction\",\"target\":[\"https:\\\/\\\/internetaddictsanonymous.org\\\/non-english-meetings\\\/\"]}]},{\"@type\":\"BreadcrumbList\",\"@id\":\"https:\\\/\\\/internetaddictsanonymous.org\\\/non-english-meetings\\\/#breadcrumb\",\"itemListElement\":[{\"@type\":\"ListItem\",\"position\":1,\"name\":\"Home\",\"item\":\"https:\\\/\\\/internetaddictsanonymous.org\\\/\"},{\"@type\":\"ListItem\",\"position\":2,\"name\":\"Non-English Meeting Calendar\"}]},{\"@type\":\"WebSite\",\"@id\":\"https:\\\/\\\/internetaddictsanonymous.org\\\/#website\",\"url\":\"https:\\\/\\\/internetaddictsanonymous.org\\\/\",\"name\":\"Internet and Technology Addicts Anonymous\",\"description\":\"Worldwide 12-step Fellowship for Internet and Technology Addiction\",\"publisher\":{\"@id\":\"https:\\\/\\\/internetaddictsanonymous.org\\\/#organization\"},\"potentialAction\":[{\"@type\":\"SearchAction\",\"target\":{\"@type\":\"EntryPoint\",\"urlTemplate\":\"https:\\\/\\\/internetaddictsanonymous.org\\\/?s={search_term_string}\"},\"query-input\":{\"@type\":\"PropertyValueSpecification\",\"valueRequired\":true,\"valueName\":\"search_term_string\"}}],\"inLanguage\":\"da-DK\"},{\"@type\":\"Organization\",\"@id\":\"https:\\\/\\\/internetaddictsanonymous.org\\\/#organization\",\"name\":\"Internet and Technology Addicts Anonymous\",\"url\":\"https:\\\/\\\/internetaddictsanonymous.org\\\/\",\"logo\":{\"@type\":\"ImageObject\",\"inLanguage\":\"da-DK\",\"@id\":\"https:\\\/\\\/internetaddictsanonymous.org\\\/#\\\/schema\\\/logo\\\/image\\\/\",\"url\":\"https:\\\/\\\/internetaddictsanonymous.org\\\/wp-content\\\/uploads\\\/2023\\\/01\\\/cropped-ITAA-logo-480px.png\",\"contentUrl\":\"https:\\\/\\\/internetaddictsanonymous.org\\\/wp-content\\\/uploads\\\/2023\\\/01\\\/cropped-ITAA-logo-480px.png\",\"width\":480,\"height\":480,\"caption\":\"Internet and Technology Addicts Anonymous\"},\"image\":{\"@id\":\"https:\\\/\\\/internetaddictsanonymous.org\\\/#\\\/schema\\\/logo\\\/image\\\/\"}}]}<\/script>\n<!-- \/ Yoast SEO plugin. -->","yoast_head_json":{"title":"Ikke-engelsk m\u00f8dekalender - Internet and Technology Addicts Anonymous","robots":{"index":"index","follow":"follow","max-snippet":"max-snippet:-1","max-image-preview":"max-image-preview:large","max-video-preview":"max-video-preview:-1"},"canonical":"https:\/\/internetaddictsanonymous.org\/da\/ikke-engelske-moder\/","og_locale":"da_DK","og_type":"article","og_title":"Non-English Meeting Calendar &#8211; Internet and Technology Addicts Anonymous","og_description":"Below is a calendar of non-English ITAA meetings. We currently have meetings in Spanish, Portuguese, French, German, Hebrew, Russian, Polish, Korean, and Arabic.\u00a0Meeting times are displayed in your local time zone. You can find the details for each meeting, including the video link, dial-in numbers, and meeting focus, by clicking on the meeting event in &hellip; Continue reading Non-English Meeting Calendar","og_url":"https:\/\/internetaddictsanonymous.org\/da\/ikke-engelske-moder\/","og_site_name":"Internet and Technology Addicts Anonymous","article_modified_time":"2023-02-19T18:16:50+00:00","twitter_card":"summary_large_image","twitter_misc":{"Estimeret l\u00e6setid":"2 minutter"},"schema":{"@context":"https:\/\/schema.org","@graph":[{"@type":"WebPage","@id":"https:\/\/internetaddictsanonymous.org\/non-english-meetings\/","url":"https:\/\/internetaddictsanonymous.org\/non-english-meetings\/","name":"Ikke-engelsk m\u00f8dekalender - Internet and Technology Addicts Anonymous","isPartOf":{"@id":"https:\/\/internetaddictsanonymous.org\/#website"},"datePublished":"2022-10-24T05:33:42+00:00","dateModified":"2023-02-19T18:16:50+00:00","breadcrumb":{"@id":"https:\/\/internetaddictsanonymous.org\/non-english-meetings\/#breadcrumb"},"inLanguage":"da-DK","potentialAction":[{"@type":"ReadAction","target":["https:\/\/internetaddictsanonymous.org\/non-english-meetings\/"]}]},{"@type":"BreadcrumbList","@id":"https:\/\/internetaddictsanonymous.org\/non-english-meetings\/#breadcrumb","itemListElement":[{"@type":"ListItem","position":1,"name":"Home","item":"https:\/\/internetaddictsanonymous.org\/"},{"@type":"ListItem","position":2,"name":"Non-English Meeting Calendar"}]},{"@type":"WebSite","@id":"https:\/\/internetaddictsanonymous.org\/#website","url":"https:\/\/internetaddictsanonymous.org\/","name":"Anonyme internet- og teknologiafh\u00e6ngige","description":"Verdensomsp\u00e6ndende 12-trinsf\u00e6llesskab for internet- og teknologiafh\u00e6ngighed","publisher":{"@id":"https:\/\/internetaddictsanonymous.org\/#organization"},"potentialAction":[{"@type":"SearchAction","target":{"@type":"EntryPoint","urlTemplate":"https:\/\/internetaddictsanonymous.org\/?s={search_term_string}"},"query-input":{"@type":"PropertyValueSpecification","valueRequired":true,"valueName":"search_term_string"}}],"inLanguage":"da-DK"},{"@type":"Organization","@id":"https:\/\/internetaddictsanonymous.org\/#organization","name":"Anonyme internet- og teknologiafh\u00e6ngige","url":"https:\/\/internetaddictsanonymous.org\/","logo":{"@type":"ImageObject","inLanguage":"da-DK","@id":"https:\/\/internetaddictsanonymous.org\/#\/schema\/logo\/image\/","url":"https:\/\/internetaddictsanonymous.org\/wp-content\/uploads\/2023\/01\/cropped-ITAA-logo-480px.png","contentUrl":"https:\/\/internetaddictsanonymous.org\/wp-content\/uploads\/2023\/01\/cropped-ITAA-logo-480px.png","width":480,"height":480,"caption":"Internet and Technology Addicts Anonymous"},"image":{"@id":"https:\/\/internetaddictsanonymous.org\/#\/schema\/logo\/image\/"}}]}},"jetpack_sharing_enabled":true,"jetpack_shortlink":"https:\/\/wp.me\/P9Fwob-3KU","_links":{"self":[{"href":"https:\/\/internetaddictsanonymous.org\/da\/wp-json\/wp\/v2\/pages\/14440","targetHints":{"allow":["GET"]}}],"collection":[{"href":"https:\/\/internetaddictsanonymous.org\/da\/wp-json\/wp\/v2\/pages"}],"about":[{"href":"https:\/\/internetaddictsanonymous.org\/da\/wp-json\/wp\/v2\/types\/page"}],"author":[{"embeddable":true,"href":"https:\/\/internetaddictsanonymous.org\/da\/wp-json\/wp\/v2\/users\/35194237"}],"replies":[{"embeddable":true,"href":"https:\/\/internetaddictsanonymous.org\/da\/wp-json\/wp\/v2\/comments?post=14440"}],"version-history":[{"count":11,"href":"https:\/\/internetaddictsanonymous.org\/da\/wp-json\/wp\/v2\/pages\/14440\/revisions"}],"predecessor-version":[{"id":15383,"href":"https:\/\/internetaddictsanonymous.org\/da\/wp-json\/wp\/v2\/pages\/14440\/revisions\/15383"}],"wp:attachment":[{"href":"https:\/\/internetaddictsanonymous.org\/da\/wp-json\/wp\/v2\/media?parent=14440"}],"wp:term":[{"taxonomy":"post_tag","embeddable":true,"href":"https:\/\/internetaddictsanonymous.org\/da\/wp-json\/wp\/v2\/tags?post=14440"}],"curies":[{"name":"wp","href":"https:\/\/api.w.org\/{rel}","templated":true}]}}