{"id":14520,"date":"2022-11-07T16:51:18","date_gmt":"2022-11-07T21:51:18","guid":{"rendered":"https:\/\/internetaddictsanonymous.org\/?page_id=14520"},"modified":"2023-01-08T17:22:07","modified_gmt":"2023-01-08T22:22:07","slug":"de-tolv-begreber","status":"publish","type":"page","link":"https:\/\/internetaddictsanonymous.org\/da\/the-twelve-concepts\/","title":{"rendered":"De tolv begreber"},"content":{"rendered":"<p>Denne side indeholder de tolv begreber for anonyme alkoholikere, som beskriver AA&#039;s vejledende driftsprincipper og servicestrukturer. I fremtiden h\u00e5ber ITAA at \u00e6ndre de tolv koncepter, s\u00e5 de afspejler vores egne vejledende driftsprincipper og servicestrukturer, indtil Fellowship-godkendelsen afventes. I mellemtiden kan AA&#039;s tolv koncepter tjene som et nyttigt referencepunkt.<\/p>\n\n\n\n<ol class=\"wp-block-list\">\n<li>Det endelige ansvar og den ultimative autoritet for AA&#039;s verdenstjenester b\u00f8r altid ligge i den kollektive samvittighed i hele vores f\u00e6llesskab.<\/li>\n\n\n\n<li>AA&#039;s General Service Conference er til n\u00e6sten ethvert praktisk form\u00e5l blevet den aktive stemme og den effektive samvittighed for hele vores samfund i dets verdensanliggender.<\/li>\n\n\n\n<li>For at sikre effektiv ledelse b\u00f8r vi udstyre hvert element i AA \u2013 konferencen, General Service Board og dets serviceselskaber, stabe, udvalg og direkt\u00f8rer \u2013 med en traditionel &quot;beslutningsret&quot;.&nbsp;<\/li>\n\n\n\n<li>P\u00e5 alle ansvarlige niveauer b\u00f8r vi opretholde en traditionel &quot;deltagelsesret&quot;, der tillader en stemmerepr\u00e6sentation i rimeligt forhold til det ansvar, som hver enkelt skal varetage.&nbsp;<\/li>\n\n\n\n<li>I hele vores struktur b\u00f8r en traditionel &quot;klageret&quot; v\u00e6re g\u00e6ldende, s\u00e5ledes at mindretals meninger bliver h\u00f8rt og personlige klager bliver n\u00f8je overvejet.&nbsp;<\/li>\n\n\n\n<li>Konferencen anerkender, at hovedinitiativet og det aktive ansvar i de fleste verdenstjenestesp\u00f8rgsm\u00e5l b\u00f8r ud\u00f8ves af konferencens trustee, der fungerer som General Service Board.&nbsp;<\/li>\n\n\n\n<li>Charteret og vedt\u00e6gterne for General Service Board er juridiske instrumenter, der bemyndiger administratorerne til at forvalte og varetage verdenstjenesteanliggender. Konferencechartret er ikke et juridisk dokument; den er afh\u00e6ngig af tradition og AA-pungen for endelig effektivitet.&nbsp;<\/li>\n\n\n\n<li>Trustees er de vigtigste planl\u00e6ggere og administratorer af overordnet politik og \u00f8konomi. De har tilsyn med de separat indarbejdede og konstant aktive tjenester 2, idet de ud\u00f8ver dette gennem deres evne til at v\u00e6lge alle direkt\u00f8rerne for disse enheder.&nbsp;<\/li>\n\n\n\n<li>Godt serviceledelse p\u00e5 alle niveauer er uundv\u00e6rligt for vores fremtidige funktion og sikkerhed. Prim\u00e6rt verdenstjenesteledelse, n\u00e5r f\u00f8rst det er ud\u00f8vet af grundl\u00e6ggerne, skal det n\u00f8dvendigvis overtages af trustees.&nbsp;<\/li>\n\n\n\n<li>Ethvert serviceansvar b\u00f8r matches af en ligev\u00e6rdig servicemyndighed, med omfanget af en s\u00e5dan myndighed veldefineret.&nbsp;<\/li>\n\n\n\n<li>Trustees b\u00f8r altid have de bedst mulige udvalg, virksomhedsservicedirekt\u00f8rer, direkt\u00f8rer, stabe og konsulenter. Sammens\u00e6tning, kvalifikationer, introduktionsprocedurer og rettigheder og pligter vil altid give anledning til alvorlig bekymring.&nbsp;<\/li>\n\n\n\n<li>Konferencen skal overholde AA-traditionens \u00e5nd og s\u00f8rge for, at den aldrig bliver s\u00e6de for farlig rigdom eller magt; at tilstr\u00e6kkelige driftsmidler og reserver er dets forsigtige finansielle princip; at det ikke placerer nogen af sine medlemmer i en position med ukvalificeret autoritet over andre; at det tr\u00e6ffer alle vigtige beslutninger ved diskussion, afstemning og, n\u00e5r det er muligt, v\u00e6sentlig enstemmighed; at dets handlinger aldrig er personligt straffende eller en tilskyndelse til offentlig kontrovers; at den aldrig udf\u00f8rer regeringshandlinger; at det ligesom det samfund, det tjener, altid vil forblive demokratisk i tanke og handling.&nbsp;<\/li>\n<\/ol>\n\n\n\n<p>Copyright \u00a9 1962 Alcoholics Anonymous World Services, Inc. Alle rettigheder forbeholdes<\/p>\n<!-- PMB print buttons is only displayed on a single post\/page URLs-->","protected":false},"excerpt":{"rendered":"<p>Denne side indeholder de tolv begreber for anonyme alkoholikere, som beskriver AA&#039;s vejledende driftsprincipper og servicestrukturer. I fremtiden h\u00e5ber ITAA at \u00e6ndre de tolv koncepter, s\u00e5 de afspejler vores egne vejledende driftsprincipper og servicestrukturer, indtil Fellowship-godkendelsen afventes. I mellemtiden kan AA&#039;s tolv koncepter tjene som et nyttigt referencepunkt. \u2026 <a href=\"https:\/\/internetaddictsanonymous.org\/da\/the-twelve-concepts\/\" class=\"more-link\">Forts\u00e6t med at l\u00e6se <span class=\"screen-reader-text\">De tolv begreber<\/span><\/a><\/p>","protected":false},"author":35194237,"featured_media":0,"parent":0,"menu_order":0,"comment_status":"closed","ping_status":"closed","template":"full-width-page.php","meta":{"inline_featured_image":false,"_lmt_disableupdate":"","_lmt_disable":"","footnotes":""},"tags":[],"class_list":["post-14520","page","type-page","status-publish","hentry"],"yoast_head":"<!-- This site is optimized with the Yoast SEO plugin v27.4 - https:\/\/yoast.com\/product\/yoast-seo-wordpress\/ -->\n<title>The Twelve Concepts &#8211; Internet and Technology Addicts Anonymous<\/title>\n<meta name=\"robots\" content=\"index, follow, max-snippet:-1, max-image-preview:large, max-video-preview:-1\" \/>\n<link rel=\"canonical\" href=\"https:\/\/internetaddictsanonymous.org\/da\/de-tolv-begreber\/\" \/>\n<meta property=\"og:locale\" content=\"da_DK\" \/>\n<meta property=\"og:type\" content=\"article\" \/>\n<meta property=\"og:title\" content=\"The Twelve Concepts &#8211; Internet and Technology Addicts Anonymous\" \/>\n<meta property=\"og:description\" content=\"This page contains the Twelve Concepts of Alcoholics Anonymous, which describe AA\u2019s guiding operating principles and service structures. In the future, ITAA hopes to modify the Twelve Concepts to reflect our own guiding operating principles and service structures pending Fellowship approval. In the interim, AA\u2019s Twelve Concepts can serve as a useful point of reference. &hellip; Continue reading The Twelve Concepts\" \/>\n<meta property=\"og:url\" content=\"https:\/\/internetaddictsanonymous.org\/da\/de-tolv-begreber\/\" \/>\n<meta property=\"og:site_name\" content=\"Internet and Technology Addicts Anonymous\" \/>\n<meta property=\"article:modified_time\" content=\"2023-01-08T22:22:07+00:00\" \/>\n<meta name=\"twitter:card\" content=\"summary_large_image\" \/>\n<meta name=\"twitter:label1\" content=\"Estimeret l\u00e6setid\" \/>\n\t<meta name=\"twitter:data1\" content=\"3 minutter\" \/>\n<script type=\"application\/ld+json\" class=\"yoast-schema-graph\">{\"@context\":\"https:\\\/\\\/schema.org\",\"@graph\":[{\"@type\":\"WebPage\",\"@id\":\"https:\\\/\\\/internetaddictsanonymous.org\\\/the-twelve-concepts\\\/\",\"url\":\"https:\\\/\\\/internetaddictsanonymous.org\\\/the-twelve-concepts\\\/\",\"name\":\"The Twelve Concepts &#8211; Internet and Technology Addicts Anonymous\",\"isPartOf\":{\"@id\":\"https:\\\/\\\/internetaddictsanonymous.org\\\/#website\"},\"datePublished\":\"2022-11-07T21:51:18+00:00\",\"dateModified\":\"2023-01-08T22:22:07+00:00\",\"breadcrumb\":{\"@id\":\"https:\\\/\\\/internetaddictsanonymous.org\\\/the-twelve-concepts\\\/#breadcrumb\"},\"inLanguage\":\"da-DK\",\"potentialAction\":[{\"@type\":\"ReadAction\",\"target\":[\"https:\\\/\\\/internetaddictsanonymous.org\\\/the-twelve-concepts\\\/\"]}]},{\"@type\":\"BreadcrumbList\",\"@id\":\"https:\\\/\\\/internetaddictsanonymous.org\\\/the-twelve-concepts\\\/#breadcrumb\",\"itemListElement\":[{\"@type\":\"ListItem\",\"position\":1,\"name\":\"Home\",\"item\":\"https:\\\/\\\/internetaddictsanonymous.org\\\/\"},{\"@type\":\"ListItem\",\"position\":2,\"name\":\"The Twelve Concepts\"}]},{\"@type\":\"WebSite\",\"@id\":\"https:\\\/\\\/internetaddictsanonymous.org\\\/#website\",\"url\":\"https:\\\/\\\/internetaddictsanonymous.org\\\/\",\"name\":\"Internet and Technology Addicts Anonymous\",\"description\":\"Worldwide 12-step Fellowship for Internet and Technology Addiction\",\"publisher\":{\"@id\":\"https:\\\/\\\/internetaddictsanonymous.org\\\/#organization\"},\"potentialAction\":[{\"@type\":\"SearchAction\",\"target\":{\"@type\":\"EntryPoint\",\"urlTemplate\":\"https:\\\/\\\/internetaddictsanonymous.org\\\/?s={search_term_string}\"},\"query-input\":{\"@type\":\"PropertyValueSpecification\",\"valueRequired\":true,\"valueName\":\"search_term_string\"}}],\"inLanguage\":\"da-DK\"},{\"@type\":\"Organization\",\"@id\":\"https:\\\/\\\/internetaddictsanonymous.org\\\/#organization\",\"name\":\"Internet and Technology Addicts Anonymous\",\"url\":\"https:\\\/\\\/internetaddictsanonymous.org\\\/\",\"logo\":{\"@type\":\"ImageObject\",\"inLanguage\":\"da-DK\",\"@id\":\"https:\\\/\\\/internetaddictsanonymous.org\\\/#\\\/schema\\\/logo\\\/image\\\/\",\"url\":\"https:\\\/\\\/internetaddictsanonymous.org\\\/wp-content\\\/uploads\\\/2023\\\/01\\\/cropped-ITAA-logo-480px.png\",\"contentUrl\":\"https:\\\/\\\/internetaddictsanonymous.org\\\/wp-content\\\/uploads\\\/2023\\\/01\\\/cropped-ITAA-logo-480px.png\",\"width\":480,\"height\":480,\"caption\":\"Internet and Technology Addicts Anonymous\"},\"image\":{\"@id\":\"https:\\\/\\\/internetaddictsanonymous.org\\\/#\\\/schema\\\/logo\\\/image\\\/\"}}]}<\/script>\n<!-- \/ Yoast SEO plugin. -->","yoast_head_json":{"title":"De tolv begreber \u2013 Anonyme internet- og teknologiafh\u00e6ngige","robots":{"index":"index","follow":"follow","max-snippet":"max-snippet:-1","max-image-preview":"max-image-preview:large","max-video-preview":"max-video-preview:-1"},"canonical":"https:\/\/internetaddictsanonymous.org\/da\/de-tolv-begreber\/","og_locale":"da_DK","og_type":"article","og_title":"The Twelve Concepts &#8211; Internet and Technology Addicts Anonymous","og_description":"This page contains the Twelve Concepts of Alcoholics Anonymous, which describe AA\u2019s guiding operating principles and service structures. In the future, ITAA hopes to modify the Twelve Concepts to reflect our own guiding operating principles and service structures pending Fellowship approval. In the interim, AA\u2019s Twelve Concepts can serve as a useful point of reference. &hellip; Continue reading The Twelve Concepts","og_url":"https:\/\/internetaddictsanonymous.org\/da\/de-tolv-begreber\/","og_site_name":"Internet and Technology Addicts Anonymous","article_modified_time":"2023-01-08T22:22:07+00:00","twitter_card":"summary_large_image","twitter_misc":{"Estimeret l\u00e6setid":"3 minutter"},"schema":{"@context":"https:\/\/schema.org","@graph":[{"@type":"WebPage","@id":"https:\/\/internetaddictsanonymous.org\/the-twelve-concepts\/","url":"https:\/\/internetaddictsanonymous.org\/the-twelve-concepts\/","name":"De tolv begreber \u2013 Anonyme internet- og teknologiafh\u00e6ngige","isPartOf":{"@id":"https:\/\/internetaddictsanonymous.org\/#website"},"datePublished":"2022-11-07T21:51:18+00:00","dateModified":"2023-01-08T22:22:07+00:00","breadcrumb":{"@id":"https:\/\/internetaddictsanonymous.org\/the-twelve-concepts\/#breadcrumb"},"inLanguage":"da-DK","potentialAction":[{"@type":"ReadAction","target":["https:\/\/internetaddictsanonymous.org\/the-twelve-concepts\/"]}]},{"@type":"BreadcrumbList","@id":"https:\/\/internetaddictsanonymous.org\/the-twelve-concepts\/#breadcrumb","itemListElement":[{"@type":"ListItem","position":1,"name":"Home","item":"https:\/\/internetaddictsanonymous.org\/"},{"@type":"ListItem","position":2,"name":"The Twelve Concepts"}]},{"@type":"WebSite","@id":"https:\/\/internetaddictsanonymous.org\/#website","url":"https:\/\/internetaddictsanonymous.org\/","name":"Anonyme internet- og teknologiafh\u00e6ngige","description":"Verdensomsp\u00e6ndende 12-trinsf\u00e6llesskab for internet- og teknologiafh\u00e6ngighed","publisher":{"@id":"https:\/\/internetaddictsanonymous.org\/#organization"},"potentialAction":[{"@type":"SearchAction","target":{"@type":"EntryPoint","urlTemplate":"https:\/\/internetaddictsanonymous.org\/?s={search_term_string}"},"query-input":{"@type":"PropertyValueSpecification","valueRequired":true,"valueName":"search_term_string"}}],"inLanguage":"da-DK"},{"@type":"Organization","@id":"https:\/\/internetaddictsanonymous.org\/#organization","name":"Anonyme internet- og teknologiafh\u00e6ngige","url":"https:\/\/internetaddictsanonymous.org\/","logo":{"@type":"ImageObject","inLanguage":"da-DK","@id":"https:\/\/internetaddictsanonymous.org\/#\/schema\/logo\/image\/","url":"https:\/\/internetaddictsanonymous.org\/wp-content\/uploads\/2023\/01\/cropped-ITAA-logo-480px.png","contentUrl":"https:\/\/internetaddictsanonymous.org\/wp-content\/uploads\/2023\/01\/cropped-ITAA-logo-480px.png","width":480,"height":480,"caption":"Internet and Technology Addicts Anonymous"},"image":{"@id":"https:\/\/internetaddictsanonymous.org\/#\/schema\/logo\/image\/"}}]}},"jetpack_sharing_enabled":true,"jetpack_shortlink":"https:\/\/wp.me\/P9Fwob-3Mc","_links":{"self":[{"href":"https:\/\/internetaddictsanonymous.org\/da\/wp-json\/wp\/v2\/pages\/14520","targetHints":{"allow":["GET"]}}],"collection":[{"href":"https:\/\/internetaddictsanonymous.org\/da\/wp-json\/wp\/v2\/pages"}],"about":[{"href":"https:\/\/internetaddictsanonymous.org\/da\/wp-json\/wp\/v2\/types\/page"}],"author":[{"embeddable":true,"href":"https:\/\/internetaddictsanonymous.org\/da\/wp-json\/wp\/v2\/users\/35194237"}],"replies":[{"embeddable":true,"href":"https:\/\/internetaddictsanonymous.org\/da\/wp-json\/wp\/v2\/comments?post=14520"}],"version-history":[{"count":1,"href":"https:\/\/internetaddictsanonymous.org\/da\/wp-json\/wp\/v2\/pages\/14520\/revisions"}],"predecessor-version":[{"id":14521,"href":"https:\/\/internetaddictsanonymous.org\/da\/wp-json\/wp\/v2\/pages\/14520\/revisions\/14521"}],"wp:attachment":[{"href":"https:\/\/internetaddictsanonymous.org\/da\/wp-json\/wp\/v2\/media?parent=14520"}],"wp:term":[{"taxonomy":"post_tag","embeddable":true,"href":"https:\/\/internetaddictsanonymous.org\/da\/wp-json\/wp\/v2\/tags?post=14520"}],"curies":[{"name":"wp","href":"https:\/\/api.w.org\/{rel}","templated":true}]}}