{"id":14759,"date":"2023-01-09T14:03:10","date_gmt":"2023-01-09T19:03:10","guid":{"rendered":"https:\/\/internetaddictsanonymous.org\/?page_id=14759"},"modified":"2023-11-18T13:51:03","modified_gmt":"2023-11-18T18:51:03","slug":"om","status":"publish","type":"page","link":"https:\/\/internetaddictsanonymous.org\/da\/about\/","title":{"rendered":"Om"},"content":{"rendered":"<p>Internet and Technology Addicts Anonymous er et tolvtrinsf\u00e6llesskab baseret p\u00e5 de principper, som Anonyme Alkoholikere var banebrydende for. Vores f\u00e6llesskab er helt uprofessionelt og selvb\u00e6rende, og det eneste krav til medlemskab af ITAA er et \u00f8nske om at holde op med at bruge internet og teknologi tvangsm\u00e6ssigt. Vi deler vores erfaring, styrke og h\u00e5b med hinanden gennem gruppem\u00f8der og en-til-en-relationer, og vi arbejder med et bedringsprogram baseret p\u00e5 Anonyme Alkoholikeres Tolv Trin. Vi har ingen meninger om eksterne emner, og vi hverken ford\u00f8mmer eller billiger nogen bestemt teknologi. Vi er ikke tilknyttet nogen politisk dagsorden, religi\u00f8s bev\u00e6gelse eller eksterne interesser. Vores eneste form\u00e5l er at afholde os fra tvangsm\u00e6ssig brug af internet og teknologi og at hj\u00e6lpe andre med at finde frihed fra denne afh\u00e6ngighed.<\/p>\n\n\n\n<p>ITAA blev oprindeligt dannet i juni 2017, efter at de oprindelige medlemmer m\u00f8dtes gennem et andet f\u00e6llesskab. De erkendte, at de havde et alvorligt problem med tvangsm\u00e6ssig brug af internet og teknologi og besluttede at g\u00e5 sammen for at hj\u00e6lpe hinanden. Da de boede i forskellige dele af verden, blev de f\u00f8rste m\u00f8der holdt over telefonen. I starten kom medlemmerne gennem mund til mund-metoden, indtil en ny hjemmeside gjorde det muligt for flere, der s\u00f8gte hj\u00e6lp, at finde frem til f\u00e6llesskabet. I l\u00f8bet af det f\u00f8rste \u00e5r var der to telefonm\u00f8der om ugen med kun en h\u00e5ndfuld deltagende medlemmer, sammen med et personligt m\u00f8de i Bellevue, Washington. I l\u00f8bet af 2019 voksede antallet af m\u00f8der til syv om ugen, inklusive endnu et personligt m\u00f8de i Amsterdam, og den f\u00f8rste internationale kongres blev afholdt i Berlin i november. Herefter blev der startet et personligt m\u00f8de i Berlin, og kort efter fulgte m\u00f8der i New York City og Moskva. F\u00e6llesskabet begyndte at vokse hurtigt, og i dag er der n\u00e6sten 100 ugentlige online-m\u00f8der og 30 fysiske m\u00f8der rundt om i verden. Vores medlemmer kommer fra over 80 lande, og vi har m\u00f8der p\u00e5 engelsk, spansk, tysk, russisk, fransk, hollandsk, portugisisk, hebraisk og polsk.<\/p>\n\n\n\n<p>ITAA er en amerikansk 501(c)(3) f\u00f8deral skattefritaget nonprofit organisation, der er registreret i staten Colorado.<\/p>\n<!-- PMB print buttons is only displayed on a single post\/page URLs-->","protected":false},"excerpt":{"rendered":"<p>Internet and Technology Addicts Anonymous er et tolvtrins-f\u00e6llesskab baseret p\u00e5 principperne, der er udviklet af Anonyme Alkoholikere. Vores f\u00e6llesskab er helt uprofessionelt og selvfors\u00f8rgende, og det eneste krav for ITAA-medlemskab er et \u00f8nske om at stoppe med at bruge internet og teknologi tvangsm\u00e6ssigt. Vi deler vores erfaring, styrke og h\u00e5b med hinanden gennem gruppem\u00f8der og... <a href=\"https:\/\/internetaddictsanonymous.org\/da\/about\/\" class=\"more-link\">Forts\u00e6t med at l\u00e6se <span class=\"screen-reader-text\">Om<\/span><\/a><\/p>","protected":false},"author":35194237,"featured_media":0,"parent":0,"menu_order":0,"comment_status":"closed","ping_status":"closed","template":"full-width-page.php","meta":{"inline_featured_image":false,"_lmt_disableupdate":"","_lmt_disable":"","footnotes":""},"tags":[],"class_list":["post-14759","page","type-page","status-publish","hentry"],"yoast_head":"<!-- This site is optimized with the Yoast SEO plugin v27.5 - https:\/\/yoast.com\/product\/yoast-seo-wordpress\/ -->\n<title>About &#8211; Internet and Technology Addicts Anonymous<\/title>\n<meta name=\"robots\" content=\"index, follow, max-snippet:-1, max-image-preview:large, max-video-preview:-1\" \/>\n<link rel=\"canonical\" href=\"https:\/\/internetaddictsanonymous.org\/da\/om\/\" \/>\n<meta property=\"og:locale\" content=\"da_DK\" \/>\n<meta property=\"og:type\" content=\"article\" \/>\n<meta property=\"og:title\" content=\"About &#8211; Internet and Technology Addicts Anonymous\" \/>\n<meta property=\"og:description\" content=\"Internet and Technology Addicts Anonymous is a Twelve-Step fellowship based on the principles pioneered by Alcoholics Anonymous. Our fellowship is entirely nonprofessional and self-supporting, and the only requirement for ITAA membership is a desire to stop using internet and technology compulsively. We share our experience, strength, and hope with each other through group meetings and &hellip; Continue reading About\" \/>\n<meta property=\"og:url\" content=\"https:\/\/internetaddictsanonymous.org\/da\/om\/\" \/>\n<meta property=\"og:site_name\" content=\"Internet and Technology Addicts Anonymous\" \/>\n<meta property=\"article:modified_time\" content=\"2023-11-18T18:51:03+00:00\" \/>\n<meta name=\"twitter:card\" content=\"summary_large_image\" \/>\n<meta name=\"twitter:label1\" content=\"Estimeret l\u00e6setid\" \/>\n\t<meta name=\"twitter:data1\" content=\"2 minutter\" \/>\n<script type=\"application\/ld+json\" class=\"yoast-schema-graph\">{\"@context\":\"https:\\\/\\\/schema.org\",\"@graph\":[{\"@type\":\"WebPage\",\"@id\":\"https:\\\/\\\/internetaddictsanonymous.org\\\/about\\\/\",\"url\":\"https:\\\/\\\/internetaddictsanonymous.org\\\/about\\\/\",\"name\":\"About &#8211; Internet and Technology Addicts Anonymous\",\"isPartOf\":{\"@id\":\"https:\\\/\\\/internetaddictsanonymous.org\\\/#website\"},\"datePublished\":\"2023-01-09T19:03:10+00:00\",\"dateModified\":\"2023-11-18T18:51:03+00:00\",\"breadcrumb\":{\"@id\":\"https:\\\/\\\/internetaddictsanonymous.org\\\/about\\\/#breadcrumb\"},\"inLanguage\":\"da-DK\",\"potentialAction\":[{\"@type\":\"ReadAction\",\"target\":[\"https:\\\/\\\/internetaddictsanonymous.org\\\/about\\\/\"]}]},{\"@type\":\"BreadcrumbList\",\"@id\":\"https:\\\/\\\/internetaddictsanonymous.org\\\/about\\\/#breadcrumb\",\"itemListElement\":[{\"@type\":\"ListItem\",\"position\":1,\"name\":\"Home\",\"item\":\"https:\\\/\\\/internetaddictsanonymous.org\\\/\"},{\"@type\":\"ListItem\",\"position\":2,\"name\":\"About\"}]},{\"@type\":\"WebSite\",\"@id\":\"https:\\\/\\\/internetaddictsanonymous.org\\\/#website\",\"url\":\"https:\\\/\\\/internetaddictsanonymous.org\\\/\",\"name\":\"Internet and Technology Addicts Anonymous\",\"description\":\"Worldwide 12-step Fellowship for Internet and Technology Addiction\",\"publisher\":{\"@id\":\"https:\\\/\\\/internetaddictsanonymous.org\\\/#organization\"},\"potentialAction\":[{\"@type\":\"SearchAction\",\"target\":{\"@type\":\"EntryPoint\",\"urlTemplate\":\"https:\\\/\\\/internetaddictsanonymous.org\\\/?s={search_term_string}\"},\"query-input\":{\"@type\":\"PropertyValueSpecification\",\"valueRequired\":true,\"valueName\":\"search_term_string\"}}],\"inLanguage\":\"da-DK\"},{\"@type\":\"Organization\",\"@id\":\"https:\\\/\\\/internetaddictsanonymous.org\\\/#organization\",\"name\":\"Internet and Technology Addicts Anonymous\",\"url\":\"https:\\\/\\\/internetaddictsanonymous.org\\\/\",\"logo\":{\"@type\":\"ImageObject\",\"inLanguage\":\"da-DK\",\"@id\":\"https:\\\/\\\/internetaddictsanonymous.org\\\/#\\\/schema\\\/logo\\\/image\\\/\",\"url\":\"https:\\\/\\\/internetaddictsanonymous.org\\\/wp-content\\\/uploads\\\/2023\\\/01\\\/cropped-ITAA-logo-480px.png\",\"contentUrl\":\"https:\\\/\\\/internetaddictsanonymous.org\\\/wp-content\\\/uploads\\\/2023\\\/01\\\/cropped-ITAA-logo-480px.png\",\"width\":480,\"height\":480,\"caption\":\"Internet and Technology Addicts Anonymous\"},\"image\":{\"@id\":\"https:\\\/\\\/internetaddictsanonymous.org\\\/#\\\/schema\\\/logo\\\/image\\\/\"}}]}<\/script>\n<!-- \/ Yoast SEO plugin. -->","yoast_head_json":{"title":"Om - Anonyme internet- og teknologiafh\u00e6ngige","robots":{"index":"index","follow":"follow","max-snippet":"max-snippet:-1","max-image-preview":"max-image-preview:large","max-video-preview":"max-video-preview:-1"},"canonical":"https:\/\/internetaddictsanonymous.org\/da\/om\/","og_locale":"da_DK","og_type":"article","og_title":"About &#8211; Internet and Technology Addicts Anonymous","og_description":"Internet and Technology Addicts Anonymous is a Twelve-Step fellowship based on the principles pioneered by Alcoholics Anonymous. Our fellowship is entirely nonprofessional and self-supporting, and the only requirement for ITAA membership is a desire to stop using internet and technology compulsively. We share our experience, strength, and hope with each other through group meetings and &hellip; Continue reading About","og_url":"https:\/\/internetaddictsanonymous.org\/da\/om\/","og_site_name":"Internet and Technology Addicts Anonymous","article_modified_time":"2023-11-18T18:51:03+00:00","twitter_card":"summary_large_image","twitter_misc":{"Estimeret l\u00e6setid":"2 minutter"},"schema":{"@context":"https:\/\/schema.org","@graph":[{"@type":"WebPage","@id":"https:\/\/internetaddictsanonymous.org\/about\/","url":"https:\/\/internetaddictsanonymous.org\/about\/","name":"Om - Anonyme internet- og teknologiafh\u00e6ngige","isPartOf":{"@id":"https:\/\/internetaddictsanonymous.org\/#website"},"datePublished":"2023-01-09T19:03:10+00:00","dateModified":"2023-11-18T18:51:03+00:00","breadcrumb":{"@id":"https:\/\/internetaddictsanonymous.org\/about\/#breadcrumb"},"inLanguage":"da-DK","potentialAction":[{"@type":"ReadAction","target":["https:\/\/internetaddictsanonymous.org\/about\/"]}]},{"@type":"BreadcrumbList","@id":"https:\/\/internetaddictsanonymous.org\/about\/#breadcrumb","itemListElement":[{"@type":"ListItem","position":1,"name":"Home","item":"https:\/\/internetaddictsanonymous.org\/"},{"@type":"ListItem","position":2,"name":"About"}]},{"@type":"WebSite","@id":"https:\/\/internetaddictsanonymous.org\/#website","url":"https:\/\/internetaddictsanonymous.org\/","name":"Anonyme internet- og teknologiafh\u00e6ngige","description":"Verdensomsp\u00e6ndende 12-trinsf\u00e6llesskab for internet- og teknologiafh\u00e6ngighed","publisher":{"@id":"https:\/\/internetaddictsanonymous.org\/#organization"},"potentialAction":[{"@type":"SearchAction","target":{"@type":"EntryPoint","urlTemplate":"https:\/\/internetaddictsanonymous.org\/?s={search_term_string}"},"query-input":{"@type":"PropertyValueSpecification","valueRequired":true,"valueName":"search_term_string"}}],"inLanguage":"da-DK"},{"@type":"Organization","@id":"https:\/\/internetaddictsanonymous.org\/#organization","name":"Anonyme internet- og teknologiafh\u00e6ngige","url":"https:\/\/internetaddictsanonymous.org\/","logo":{"@type":"ImageObject","inLanguage":"da-DK","@id":"https:\/\/internetaddictsanonymous.org\/#\/schema\/logo\/image\/","url":"https:\/\/internetaddictsanonymous.org\/wp-content\/uploads\/2023\/01\/cropped-ITAA-logo-480px.png","contentUrl":"https:\/\/internetaddictsanonymous.org\/wp-content\/uploads\/2023\/01\/cropped-ITAA-logo-480px.png","width":480,"height":480,"caption":"Internet and Technology Addicts Anonymous"},"image":{"@id":"https:\/\/internetaddictsanonymous.org\/#\/schema\/logo\/image\/"}}]}},"jetpack_sharing_enabled":true,"jetpack_shortlink":"https:\/\/wp.me\/P9Fwob-3Q3","_links":{"self":[{"href":"https:\/\/internetaddictsanonymous.org\/da\/wp-json\/wp\/v2\/pages\/14759","targetHints":{"allow":["GET"]}}],"collection":[{"href":"https:\/\/internetaddictsanonymous.org\/da\/wp-json\/wp\/v2\/pages"}],"about":[{"href":"https:\/\/internetaddictsanonymous.org\/da\/wp-json\/wp\/v2\/types\/page"}],"author":[{"embeddable":true,"href":"https:\/\/internetaddictsanonymous.org\/da\/wp-json\/wp\/v2\/users\/35194237"}],"replies":[{"embeddable":true,"href":"https:\/\/internetaddictsanonymous.org\/da\/wp-json\/wp\/v2\/comments?post=14759"}],"version-history":[{"count":6,"href":"https:\/\/internetaddictsanonymous.org\/da\/wp-json\/wp\/v2\/pages\/14759\/revisions"}],"predecessor-version":[{"id":17173,"href":"https:\/\/internetaddictsanonymous.org\/da\/wp-json\/wp\/v2\/pages\/14759\/revisions\/17173"}],"wp:attachment":[{"href":"https:\/\/internetaddictsanonymous.org\/da\/wp-json\/wp\/v2\/media?parent=14759"}],"wp:term":[{"taxonomy":"post_tag","embeddable":true,"href":"https:\/\/internetaddictsanonymous.org\/da\/wp-json\/wp\/v2\/tags?post=14759"}],"curies":[{"name":"wp","href":"https:\/\/api.w.org\/{rel}","templated":true}]}}