{"id":14942,"date":"2023-01-28T15:21:29","date_gmt":"2023-01-28T20:21:29","guid":{"rendered":"https:\/\/internetaddictsanonymous.org\/?page_id=14942"},"modified":"2023-01-28T15:21:31","modified_gmt":"2023-01-28T20:21:31","slug":"teknologi-afhaengighed","status":"publish","type":"page","link":"https:\/\/internetaddictsanonymous.org\/da\/technology-addiction\/","title":{"rendered":"Teknologi afh\u00e6ngighed"},"content":{"rendered":"<p>Du spekulerer m\u00e5ske p\u00e5, om du er en teknologimisbruger. De f\u00f8lgende sp\u00f8rgsm\u00e5l kan give dig stof til eftertanke og fungere som en guide til at bed\u00f8mme din situation. Hvis du svarer ja til de fleste af f\u00f8lgende sp\u00f8rgsm\u00e5l, kan ITAA v\u00e6re nyttigt for dig.<\/p>\n\n\n\n<ol class=\"wp-block-list\">\n<li>Skjuler eller lyver du om din teknologibrug?<\/li>\n\n\n\n<li>F\u00f8ler du dig f\u00f8lelsesm\u00e6ssigt frav\u00e6rende, n\u00e5r du ikke bruger teknologi?<\/li>\n\n\n\n<li>Har du nogensinde taget en pause fra brugen af teknologi og binged ukontrolleret ved din tilbagevenden?<\/li>\n\n\n\n<li>N\u00e5r du er ked af det, dulmer du dig selv med teknologi eller har planer om at bruge teknologi?<\/li>\n\n\n\n<li>Er teknologibrug det f\u00f8rste, du g\u00f8r, n\u00e5r du v\u00e5gner?<\/li>\n\n\n\n<li>Er teknologibrug det sidste, du g\u00f8r, inden du g\u00e5r i seng?<\/li>\n\n\n\n<li>S\u00e6tter du gr\u00e6nser omkring brug af teknologi og bryder dem derefter ved at bruge l\u00e6ngere tid end beregnet?<\/li>\n\n\n\n<li>Mister du timers s\u00f8vn p\u00e5 grund af teknologibrug?<\/li>\n\n\n\n<li>Har du meldt dig syg eller sent p\u00e5 arbejde eller sprunget undervisningen over for at bruge teknologi?<\/li>\n\n\n\n<li>Har du afsv\u00e6rget en teknologiadf\u00e6rd, afinstalleret eller blokeret den og senere vendt tilbage til den?<\/li>\n\n\n\n<li>F\u00f8ler du skyld og skam omkring din brug af teknologi?<\/li>\n\n\n\n<li>Bidrager teknologibrug til at undg\u00e5 eller opgive personlige relationer?<\/li>\n\n\n\n<li>Oplever du, at du ikke er i stand til at fokusere p\u00e5 andet end teknologi?<\/li>\n\n\n\n<li>Har du lidt \u00f8konomiske eller karrierem\u00e6ssige problemer som f\u00f8lge af tvangsm\u00e6ssig brug af teknologi?<\/li>\n\n\n\n<li>Ville du \u00f8nske, at du ikke brugte teknologien samtidig med, at du f\u00f8ler, at du ikke kan stoppe?<\/li>\n\n\n\n<li>Har du teknologi-binges, der varer hele natten eller flere dage i tr\u00e6k?<\/li>\n\n\n\n<li>Undg\u00e5r du sociale begivenheder for at bruge teknologi?<\/li>\n\n\n\n<li>Spiser du, mens du bruger teknologi, eller glemmer du at spise, mens du bruger teknologi?<\/li>\n\n\n\n<li>Har du intense f\u00f8lelser (h\u00f8je, nedture, vrede, frygt), mens du bruger teknologi?<\/li>\n\n\n\n<li>Bruger du teknologi til at d\u00e6mpe dine f\u00f8lelser?<\/li>\n<\/ol>\n\n\n\n<p>De fleste af os, der nu identificerer os som teknologiafh\u00e6ngige, svarer ja til mange af disse sp\u00f8rgsm\u00e5l. Hvis du har svaret ja til flere af dem, kan du overveje at l\u00e6se vores <a href=\"https:\/\/internetaddictsanonymous.org\/da\/guide-til-nyankomne\/\">guide til nyankomne<\/a> for at begynde at udforske de praktiske l\u00f8sninger, vores program kan tilbyde.<\/p>\n\n\n\n<p>Her er nogle yderligere sp\u00f8rgsm\u00e5l, der ogs\u00e5 kan hj\u00e6lpe dig med at identificere yderligere tvangspr\u00e6get og tvangsm\u00e6ssig adf\u00e6rd, du m\u00e5tte have omkring brug af teknologi. Mange af os har ogs\u00e5 svaret ja til disse sp\u00f8rgsm\u00e5l.<\/p>\n\n\n\n<ul class=\"wp-block-list\">\n<li>Finder du dig selv besat af at unders\u00f8ge et emne, produkt eller beslutning online, ud over et produktivt afkast?<\/li>\n\n\n\n<li>Ser du videoer, film eller tv-serier online uden at kunne stoppe?<\/li>\n\n\n\n<li>Bliver du suget ind i teknologiaktiviteter uden at v\u00e6re klar over det?<\/li>\n\n\n\n<li>Bruger du teknologi til at forsvinde fra verden?<\/li>\n\n\n\n<li>Br\u00e6nder du p\u00e5 teknologi lige inden en stor deadline?<\/li>\n\n\n\n<li>Fors\u00f8mmer du personlig hygiejne, n\u00e5r du bruger teknologi?<\/li>\n\n\n\n<li>F\u00f8ler du dig irritabel og rastl\u00f8s, n\u00e5r du ikke bruger teknologi i et par dage eller et par timer?<\/li>\n\n\n\n<li>Misunder du folk, der kan bruge teknologi med m\u00e5de?<\/li>\n\n\n\n<li>F\u00f8ler du, at du konstant l\u00f8ber t\u00f8r for tid?<\/li>\n\n\n\n<li>Har du lidt fysiske smerter fra intens teknologibrug?<\/li>\n\n\n\n<li>Er nogen i dit liv bekymret over din teknologibrug?<\/li>\n<\/ul>\n\n\n\n<p>Hvis du svarede ja til disse sp\u00f8rgsm\u00e5l, opfordrer vi dig til at deltage i vores m\u00f8der for at l\u00e6re, om dette f\u00e6llesskab kan hj\u00e6lpe dig med at komme dig over eventuelle problematiske eller destruktive m\u00f8nstre, du lider af.<\/p>\n\n\n\n<div class=\"wp-block-buttons is-content-justification-left is-layout-flex wp-container-core-buttons-is-layout-fdcfc74e wp-block-buttons-is-layout-flex\">\n<div class=\"wp-block-button has-custom-width wp-block-button__width-50 has-custom-font-size is-style-fill\" style=\"font-size:25px;font-style:normal;font-weight:900\"><a class=\"wp-block-button__link has-white-color has-blue-background-color has-text-color has-background wp-element-button\" href=\"https:\/\/internetaddictsanonymous.org\/da\/phone-online-meetings\/\" style=\"border-radius:100px\">Deltag i et m\u00f8de<\/a><\/div>\n\n\n<\/div>\n<!-- PMB print buttons is only displayed on a single post\/page URLs-->","protected":false},"excerpt":{"rendered":"<p>Du spekulerer m\u00e5ske p\u00e5, om du er en teknologimisbruger. De f\u00f8lgende sp\u00f8rgsm\u00e5l kan give dig stof til eftertanke og fungere som en guide til at bed\u00f8mme din situation. Hvis du svarer ja til de fleste af f\u00f8lgende sp\u00f8rgsm\u00e5l, kan ITAA v\u00e6re nyttigt for dig. De fleste af os, der nu identificerer os som teknologiafh\u00e6ngige, svarer ja ... <a href=\"https:\/\/internetaddictsanonymous.org\/da\/technology-addiction\/\" class=\"more-link\">Forts\u00e6t med at l\u00e6se <span class=\"screen-reader-text\">Teknologi afh\u00e6ngighed<\/span><\/a><\/p>","protected":false},"author":35194237,"featured_media":0,"parent":0,"menu_order":0,"comment_status":"closed","ping_status":"closed","template":"full-width-page.php","meta":{"inline_featured_image":false,"_lmt_disableupdate":"","_lmt_disable":"","jetpack_post_was_ever_published":false,"footnotes":""},"tags":[],"class_list":["post-14942","page","type-page","status-publish","hentry"],"yoast_head":"<!-- This site is optimized with the Yoast SEO plugin v27.3 - https:\/\/yoast.com\/product\/yoast-seo-wordpress\/ -->\n<title>Technology Addiction | Internet and Technology Addicts Anonymous<\/title>\n<meta name=\"description\" content=\"You may be wondering if you suffer from technology addiction. The following questions from ITAA could help you.\" \/>\n<meta name=\"robots\" content=\"index, follow, max-snippet:-1, max-image-preview:large, max-video-preview:-1\" \/>\n<link rel=\"canonical\" href=\"https:\/\/internetaddictsanonymous.org\/da\/teknologi-afhaengighed\/\" \/>\n<meta property=\"og:locale\" content=\"da_DK\" \/>\n<meta property=\"og:type\" content=\"article\" \/>\n<meta property=\"og:title\" content=\"Technology Addiction | Internet and Technology Addicts Anonymous\" \/>\n<meta property=\"og:description\" content=\"You may be wondering if you suffer from technology addiction. The following questions from ITAA could help you.\" \/>\n<meta property=\"og:url\" content=\"https:\/\/internetaddictsanonymous.org\/da\/teknologi-afhaengighed\/\" \/>\n<meta property=\"og:site_name\" content=\"Internet and Technology Addicts Anonymous\" \/>\n<meta property=\"article:modified_time\" content=\"2023-01-28T20:21:31+00:00\" \/>\n<meta name=\"twitter:card\" content=\"summary_large_image\" \/>\n<meta name=\"twitter:label1\" content=\"Estimeret l\u00e6setid\" \/>\n\t<meta name=\"twitter:data1\" content=\"3 minutter\" \/>\n<script type=\"application\/ld+json\" class=\"yoast-schema-graph\">{\"@context\":\"https:\\\/\\\/schema.org\",\"@graph\":[{\"@type\":\"WebPage\",\"@id\":\"https:\\\/\\\/internetaddictsanonymous.org\\\/technology-addiction\\\/\",\"url\":\"https:\\\/\\\/internetaddictsanonymous.org\\\/technology-addiction\\\/\",\"name\":\"Technology Addiction | Internet and Technology Addicts Anonymous\",\"isPartOf\":{\"@id\":\"https:\\\/\\\/internetaddictsanonymous.org\\\/#website\"},\"datePublished\":\"2023-01-28T20:21:29+00:00\",\"dateModified\":\"2023-01-28T20:21:31+00:00\",\"description\":\"You may be wondering if you suffer from technology addiction. The following questions from ITAA could help you.\",\"breadcrumb\":{\"@id\":\"https:\\\/\\\/internetaddictsanonymous.org\\\/technology-addiction\\\/#breadcrumb\"},\"inLanguage\":\"da-DK\",\"potentialAction\":[{\"@type\":\"ReadAction\",\"target\":[\"https:\\\/\\\/internetaddictsanonymous.org\\\/technology-addiction\\\/\"]}]},{\"@type\":\"BreadcrumbList\",\"@id\":\"https:\\\/\\\/internetaddictsanonymous.org\\\/technology-addiction\\\/#breadcrumb\",\"itemListElement\":[{\"@type\":\"ListItem\",\"position\":1,\"name\":\"Home\",\"item\":\"https:\\\/\\\/internetaddictsanonymous.org\\\/\"},{\"@type\":\"ListItem\",\"position\":2,\"name\":\"Technology Addiction\"}]},{\"@type\":\"WebSite\",\"@id\":\"https:\\\/\\\/internetaddictsanonymous.org\\\/#website\",\"url\":\"https:\\\/\\\/internetaddictsanonymous.org\\\/\",\"name\":\"Internet and Technology Addicts Anonymous\",\"description\":\"Worldwide 12-step Fellowship for Internet and Technology Addiction\",\"publisher\":{\"@id\":\"https:\\\/\\\/internetaddictsanonymous.org\\\/#organization\"},\"potentialAction\":[{\"@type\":\"SearchAction\",\"target\":{\"@type\":\"EntryPoint\",\"urlTemplate\":\"https:\\\/\\\/internetaddictsanonymous.org\\\/?s={search_term_string}\"},\"query-input\":{\"@type\":\"PropertyValueSpecification\",\"valueRequired\":true,\"valueName\":\"search_term_string\"}}],\"inLanguage\":\"da-DK\"},{\"@type\":\"Organization\",\"@id\":\"https:\\\/\\\/internetaddictsanonymous.org\\\/#organization\",\"name\":\"Internet and Technology Addicts Anonymous\",\"url\":\"https:\\\/\\\/internetaddictsanonymous.org\\\/\",\"logo\":{\"@type\":\"ImageObject\",\"inLanguage\":\"da-DK\",\"@id\":\"https:\\\/\\\/internetaddictsanonymous.org\\\/#\\\/schema\\\/logo\\\/image\\\/\",\"url\":\"https:\\\/\\\/internetaddictsanonymous.org\\\/wp-content\\\/uploads\\\/2023\\\/01\\\/cropped-ITAA-logo-480px.png\",\"contentUrl\":\"https:\\\/\\\/internetaddictsanonymous.org\\\/wp-content\\\/uploads\\\/2023\\\/01\\\/cropped-ITAA-logo-480px.png\",\"width\":480,\"height\":480,\"caption\":\"Internet and Technology Addicts Anonymous\"},\"image\":{\"@id\":\"https:\\\/\\\/internetaddictsanonymous.org\\\/#\\\/schema\\\/logo\\\/image\\\/\"}}]}<\/script>\n<!-- \/ Yoast SEO plugin. -->","yoast_head_json":{"title":"Teknologiafh\u00e6ngighed | Anonyme internet- og teknologiafh\u00e6ngige","description":"Du spekulerer m\u00e5ske p\u00e5, om du lider af teknologiafh\u00e6ngighed. F\u00f8lgende sp\u00f8rgsm\u00e5l fra ITAA kan hj\u00e6lpe dig.","robots":{"index":"index","follow":"follow","max-snippet":"max-snippet:-1","max-image-preview":"max-image-preview:large","max-video-preview":"max-video-preview:-1"},"canonical":"https:\/\/internetaddictsanonymous.org\/da\/teknologi-afhaengighed\/","og_locale":"da_DK","og_type":"article","og_title":"Technology Addiction | Internet and Technology Addicts Anonymous","og_description":"You may be wondering if you suffer from technology addiction. The following questions from ITAA could help you.","og_url":"https:\/\/internetaddictsanonymous.org\/da\/teknologi-afhaengighed\/","og_site_name":"Internet and Technology Addicts Anonymous","article_modified_time":"2023-01-28T20:21:31+00:00","twitter_card":"summary_large_image","twitter_misc":{"Estimeret l\u00e6setid":"3 minutter"},"schema":{"@context":"https:\/\/schema.org","@graph":[{"@type":"WebPage","@id":"https:\/\/internetaddictsanonymous.org\/technology-addiction\/","url":"https:\/\/internetaddictsanonymous.org\/technology-addiction\/","name":"Teknologiafh\u00e6ngighed | Anonyme internet- og teknologiafh\u00e6ngige","isPartOf":{"@id":"https:\/\/internetaddictsanonymous.org\/#website"},"datePublished":"2023-01-28T20:21:29+00:00","dateModified":"2023-01-28T20:21:31+00:00","description":"Du spekulerer m\u00e5ske p\u00e5, om du lider af teknologiafh\u00e6ngighed. F\u00f8lgende sp\u00f8rgsm\u00e5l fra ITAA kan hj\u00e6lpe dig.","breadcrumb":{"@id":"https:\/\/internetaddictsanonymous.org\/technology-addiction\/#breadcrumb"},"inLanguage":"da-DK","potentialAction":[{"@type":"ReadAction","target":["https:\/\/internetaddictsanonymous.org\/technology-addiction\/"]}]},{"@type":"BreadcrumbList","@id":"https:\/\/internetaddictsanonymous.org\/technology-addiction\/#breadcrumb","itemListElement":[{"@type":"ListItem","position":1,"name":"Home","item":"https:\/\/internetaddictsanonymous.org\/"},{"@type":"ListItem","position":2,"name":"Technology Addiction"}]},{"@type":"WebSite","@id":"https:\/\/internetaddictsanonymous.org\/#website","url":"https:\/\/internetaddictsanonymous.org\/","name":"Anonyme internet- og teknologiafh\u00e6ngige","description":"Verdensomsp\u00e6ndende 12-trinsf\u00e6llesskab for internet- og teknologiafh\u00e6ngighed","publisher":{"@id":"https:\/\/internetaddictsanonymous.org\/#organization"},"potentialAction":[{"@type":"SearchAction","target":{"@type":"EntryPoint","urlTemplate":"https:\/\/internetaddictsanonymous.org\/?s={search_term_string}"},"query-input":{"@type":"PropertyValueSpecification","valueRequired":true,"valueName":"search_term_string"}}],"inLanguage":"da-DK"},{"@type":"Organization","@id":"https:\/\/internetaddictsanonymous.org\/#organization","name":"Anonyme internet- og teknologiafh\u00e6ngige","url":"https:\/\/internetaddictsanonymous.org\/","logo":{"@type":"ImageObject","inLanguage":"da-DK","@id":"https:\/\/internetaddictsanonymous.org\/#\/schema\/logo\/image\/","url":"https:\/\/internetaddictsanonymous.org\/wp-content\/uploads\/2023\/01\/cropped-ITAA-logo-480px.png","contentUrl":"https:\/\/internetaddictsanonymous.org\/wp-content\/uploads\/2023\/01\/cropped-ITAA-logo-480px.png","width":480,"height":480,"caption":"Internet and Technology Addicts Anonymous"},"image":{"@id":"https:\/\/internetaddictsanonymous.org\/#\/schema\/logo\/image\/"}}]}},"jetpack_sharing_enabled":true,"jetpack_shortlink":"https:\/\/wp.me\/P9Fwob-3T0","_links":{"self":[{"href":"https:\/\/internetaddictsanonymous.org\/da\/wp-json\/wp\/v2\/pages\/14942","targetHints":{"allow":["GET"]}}],"collection":[{"href":"https:\/\/internetaddictsanonymous.org\/da\/wp-json\/wp\/v2\/pages"}],"about":[{"href":"https:\/\/internetaddictsanonymous.org\/da\/wp-json\/wp\/v2\/types\/page"}],"author":[{"embeddable":true,"href":"https:\/\/internetaddictsanonymous.org\/da\/wp-json\/wp\/v2\/users\/35194237"}],"replies":[{"embeddable":true,"href":"https:\/\/internetaddictsanonymous.org\/da\/wp-json\/wp\/v2\/comments?post=14942"}],"version-history":[{"count":1,"href":"https:\/\/internetaddictsanonymous.org\/da\/wp-json\/wp\/v2\/pages\/14942\/revisions"}],"predecessor-version":[{"id":14943,"href":"https:\/\/internetaddictsanonymous.org\/da\/wp-json\/wp\/v2\/pages\/14942\/revisions\/14943"}],"wp:attachment":[{"href":"https:\/\/internetaddictsanonymous.org\/da\/wp-json\/wp\/v2\/media?parent=14942"}],"wp:term":[{"taxonomy":"post_tag","embeddable":true,"href":"https:\/\/internetaddictsanonymous.org\/da\/wp-json\/wp\/v2\/tags?post=14942"}],"curies":[{"name":"wp","href":"https:\/\/api.w.org\/{rel}","templated":true}]}}