{"id":14947,"date":"2023-01-28T16:13:27","date_gmt":"2023-01-28T21:13:27","guid":{"rendered":"https:\/\/internetaddictsanonymous.org\/?page_id=14947"},"modified":"2023-02-26T17:51:46","modified_gmt":"2023-02-26T22:51:46","slug":"test-hjem","status":"publish","type":"page","link":"https:\/\/internetaddictsanonymous.org\/da\/test-home\/","title":{"rendered":"Anonyme internet- og teknologiafh\u00e6ngige | Gratis hj\u00e6lp og support"},"content":{"rendered":"<h1>Anonyme internet- og teknologiafh\u00e6ngige<\/h1>\n<p>Vi s\u00f8ger progressiv frihed fra tvangsm\u00e6ssig brug af internet og teknologi. Slut dig til os i en <a href=\"https:\/\/internetaddictsanonymous.org\/da\/online-moder\/\">online m\u00f8de<\/a> eller bes\u00f8g vores <a href=\"https:\/\/internetaddictsanonymous.org\/da\/guide-til-nyankomne\/\">Vejledning for nytilkomne<\/a> at l\u00e6re mere.<\/p>\n<p>            <a href=\"https:\/\/internetaddictsanonymous.org\/da\/online-moder\/\" data-text=\"Join A Meeting\"><br \/>\n                    Deltag i et m\u00f8de<br \/>\n\t                        <\/a><\/p>\n<h2>M\u00f8deplan<\/h2>\n<p><iframe style=\"height:50vh;width: 100%;\" src=\"https:\/\/teamup.com\/ksahzu4xdr66wve679?view=d&amp;showHeader=0&amp;showLogo=0&amp;showTitle=1&amp;disableSidepanel=1&amp;showViewSelector=1\" width=\"100%\" frameborder=\"0\"><\/iframe><\/p>\n<h2>Modtag hj\u00e6lp til internet- og teknologiafh\u00e6ngighed<\/h2>\n<p>Velkommen til Anonyme Internet- og Teknologiafh\u00e6ngige! Vi er glade for, at du har fundet os, og vi h\u00e5ber, at vores f\u00e6llesskab kan v\u00e6re lige s\u00e5 nyttigt for dig, som det har v\u00e6ret for os.&nbsp;<b>ITAA er et tolv-trins f\u00e6llesskab af individer, som st\u00f8tter hinanden i at komme sig fra internet- og teknologi-afh\u00e6ngighed.&nbsp;<\/b>Dette inkluderer <a href=\"https:\/\/internetaddictsanonymous.org\/da\/internetafhaengighed\/afhaengighed-af-sociale-medier\/\">afh\u00e6ngighed af sociale medier<\/a>, <a href=\"https:\/\/internetaddictsanonymous.org\/da\/teknologi-afhaengighed\/smartphone-afhaengighed\/\">smartphones<\/a>, <a href=\"https:\/\/internetaddictsanonymous.org\/da\/internetafhaengighed\/afhaengighed-af-streaming\/\">streaming af video- eller lydindhold<\/a>, spil, nyheder, pornografi, dating-apps, online research, online shopping eller enhver anden digital aktivitet, der bliver tvangsm\u00e6ssig og problematisk.&nbsp;<\/p>\n<p>Uanset hvor stort eller lille du f\u00f8ler, at dit problem kan v\u00e6re, opfordrer vi dig til at deltage i et af vores daglige m\u00f8der. De er gratis og \u00e5bne for alle, der k\u00e6mper med tvangsm\u00e6ssig internetbrug. Vores m\u00f8der er sikre, sikre og anonyme. Ud over engelsk har vi ogs\u00e5 m\u00f8der p\u00e5 fransk, spansk, russisk, tysk, hebraisk, arabisk, polsk, portugisisk og koreansk. Du kan ogs\u00e5 finde en lokal, <a href=\"https:\/\/internetaddictsanonymous.org\/da\/local-internet-addiction-meetings\/\" style=\"font-family: var( --e-global-typography-text-font-family ), Sans-serif; font-weight: var( --e-global-typography-text-font-weight ); background-color: rgb(255, 255, 255); font-size: 1.25rem;\">personligt m\u00f8de i din by<\/a>.<\/p>\n<p>Velkommen til Anonyme Internet- og Teknologiafh\u00e6ngige! Vi er glade for, at du har fundet os, og vi h\u00e5ber, at vores f\u00e6llesskab kan v\u00e6re lige s\u00e5 nyttigt for dig, som det har v\u00e6ret for os. <br \/><b><br \/>ITAA er et tolv-trins f\u00e6llesskab af individer, som st\u00f8tter hinanden i at komme sig fra internet- og teknologi-afh\u00e6ngighed. <br \/><\/b><br \/>Dette inkluderer <a href=\"https:\/\/internetaddictsanonymous.org\/da\/internetafhaengighed\/afhaengighed-af-sociale-medier\/\">afh\u00e6ngighed af sociale medier<\/a>, <a href=\"https:\/\/internetaddictsanonymous.org\/da\/teknologi-afhaengighed\/smartphone-afhaengighed\/\">smartphones<\/a>, <a href=\"https:\/\/internetaddictsanonymous.org\/da\/internetafhaengighed\/afhaengighed-af-streaming\/\">streaming af video- eller lydindhold<\/a>, spil, nyheder, pornografi, dating-apps, online research, online shopping eller enhver anden digital aktivitet, der bliver tvangsm\u00e6ssig og problematisk.\u00a0<\/p>\n<p>Uanset hvor stort eller lille du f\u00f8ler, at dit problem kan v\u00e6re, opfordrer vi dig til at deltage i et af vores daglige m\u00f8der. De er gratis og \u00e5bne for alle, der k\u00e6mper med tvangsm\u00e6ssig internetbrug.<\/p>\n<p>Vores m\u00f8der er sikre, sikre og anonyme. Ud over engelsk har vi ogs\u00e5 m\u00f8der p\u00e5 fransk, spansk, russisk, tysk, hebraisk, arabisk, polsk, portugisisk og koreansk. Du kan ogs\u00e5 finde en lokal, <a href=\"https:\/\/internetaddictsanonymous.org\/da\/local-internet-addiction-meetings\/\">personligt m\u00f8de i din by<\/a>.<\/p>\n<h2>M\u00f8der hver dag<\/h2>\n<h2>Du er ikke alene<\/h2>\n<p>Der er flere onlinem\u00f8der hver dag p\u00e5 forskellige sprog. F\u00e5 den hj\u00e6lp og st\u00f8tte, du har brug for! Vi har ogs\u00e5 lokale, personlige m\u00f8der i udvalgte omr\u00e5der.<\/p>\n<p>            <a href=\"https:\/\/internetaddictsanonymous.org\/da\/guide-til-nyankomne\/\" data-text=\"Join A Meeting\"><br \/>\n                    Online-m\u00f8der<br \/>\n\t                        <\/a><\/p>\n<h2>Ressourcer til internet- og teknologiafh\u00e6ngighed<\/h2>\n<p>Hvis du spekulerer p\u00e5, om du m\u00e5ske har en internet- og teknologiafh\u00e6ngighed, kan du gennemg\u00e5 vores sp\u00f8rgeskemaer til <a href=\"https:\/\/internetaddictsanonymous.org\/da\/internetafhaengighed\/\">internetafh\u00e6ngighed<\/a>, <a href=\"https:\/\/internetaddictsanonymous.org\/da\/internetafhaengighed\/afhaengighed-af-sociale-medier\/\">afh\u00e6ngighed af sociale medier<\/a>, <a href=\"https:\/\/internetaddictsanonymous.org\/da\/internetafhaengighed\/afhaengighed-af-streaming\/\">afh\u00e6ngighed af streaming<\/a>, eller <a href=\"https:\/\/internetaddictsanonymous.org\/da\/teknologi-afhaengighed\/smartphone-afhaengighed\/\">smartphone afh\u00e6ngighed<\/a>. Du kan ogs\u00e5 l\u00e6re mere om ITAA ved at l\u00e6se vores <a href=\"https:\/\/internetaddictsanonymous.org\/da\/guides-and-resources\/\">guide til nyankomne<\/a>, gennemg\u00e5r vores <a href=\"https:\/\/internetaddictsanonymous.org\/da\/ressourcer\/redskaber-til-genopretning\/\">redskaber til genopretning<\/a>eller lytte til <a href=\"https:\/\/internetaddictsanonymous.org\/da\/historier-om-at-komme-sig\/\">medlemmernes historier om at komme sig<\/a>.<\/p>\n<p>ITAA er ikke tilknyttet nogen politisk dagsorden, religion eller eksterne interesser. Vi er helt selvforsynende og gratis for alle, der har brug for det. Vores eneste form\u00e5l er at afholde os fra tvangsm\u00e6ssig brug af internet og teknologi og at hj\u00e6lpe andre med at finde frihed fra denne afh\u00e6ngighed.<\/p>\n<p>Igen, velkommen! Vi h\u00e5ber, at dette f\u00e6llesskab kan give dig den st\u00f8tte, du har brug for i din recovery fra internet- og teknologiafh\u00e6ngighed. T\u00f8v endelig ikke med at <a href=\"https:\/\/internetaddictsanonymous.org\/da\/kontakt\/\">r\u00e6kke ud<\/a> hvis du har sp\u00f8rgsm\u00e5l.<\/p>\n<!-- PMB print buttons is only displayed on a single post\/page URLs-->","protected":false},"excerpt":{"rendered":"<p>Anonyme internet- og teknologiafh\u00e6ngige Vi s\u00f8ger progressiv frihed fra tvangsm\u00e6ssig brug af internet og teknologi. Deltag i et onlinem\u00f8de eller bes\u00f8g vores guide til nytilkomne for at l\u00e6re mere. Deltag i et m\u00f8de M\u00f8deplan Modtag hj\u00e6lp til internet- og teknologiafh\u00e6ngighed Velkommen til Anonyme internet- og teknologiafh\u00e6ngige! Vi er glade for, at du har fundet os, og... <a href=\"https:\/\/internetaddictsanonymous.org\/da\/test-home\/\" class=\"more-link\">Forts\u00e6t med at l\u00e6se <span class=\"screen-reader-text\">Anonyme internet- og teknologiafh\u00e6ngige | Gratis hj\u00e6lp og support<\/span><\/a><\/p>","protected":false},"author":35194237,"featured_media":0,"parent":0,"menu_order":0,"comment_status":"closed","ping_status":"closed","template":"elementor_canvas","meta":{"inline_featured_image":false,"_lmt_disableupdate":"","_lmt_disable":"","jetpack_post_was_ever_published":false,"footnotes":""},"tags":[],"class_list":["post-14947","page","type-page","status-publish","hentry"],"yoast_head":"<!-- This site is optimized with the Yoast SEO plugin v27.3 - https:\/\/yoast.com\/product\/yoast-seo-wordpress\/ -->\n<title>Internet &amp; Technology Addicts Anonymous | Receive Free Help And Support<\/title>\n<meta name=\"description\" content=\"An active international 12-step fellowship for internet and technology addiction, with meetings every day. Join meetings by phone, computer, or in person.\" \/>\n<meta name=\"robots\" content=\"noindex, follow\" \/>\n<meta property=\"og:locale\" content=\"da_DK\" \/>\n<meta property=\"og:type\" content=\"article\" \/>\n<meta property=\"og:title\" content=\"Internet &amp; Technology Addicts Anonymous | Receive Free Help And Support\" \/>\n<meta property=\"og:description\" content=\"An active international 12-step fellowship for internet and technology addiction, with meetings every day. Join meetings by phone, computer, or in person.\" \/>\n<meta property=\"og:url\" content=\"https:\/\/internetaddictsanonymous.org\/da\/test-hjem\/\" \/>\n<meta property=\"og:site_name\" content=\"Internet and Technology Addicts Anonymous\" \/>\n<meta property=\"article:modified_time\" content=\"2023-02-26T22:51:46+00:00\" \/>\n<meta name=\"twitter:card\" content=\"summary_large_image\" \/>\n<meta name=\"twitter:label1\" content=\"Estimeret l\u00e6setid\" \/>\n\t<meta name=\"twitter:data1\" content=\"3 minutter\" \/>\n<script type=\"application\/ld+json\" class=\"yoast-schema-graph\">{\"@context\":\"https:\\\/\\\/schema.org\",\"@graph\":[{\"@type\":\"WebPage\",\"@id\":\"https:\\\/\\\/internetaddictsanonymous.org\\\/test-home\\\/\",\"url\":\"https:\\\/\\\/internetaddictsanonymous.org\\\/test-home\\\/\",\"name\":\"Internet & Technology Addicts Anonymous | Receive Free Help And Support\",\"isPartOf\":{\"@id\":\"https:\\\/\\\/internetaddictsanonymous.org\\\/#website\"},\"datePublished\":\"2023-01-28T21:13:27+00:00\",\"dateModified\":\"2023-02-26T22:51:46+00:00\",\"description\":\"An active international 12-step fellowship for internet and technology addiction, with meetings every day. Join meetings by phone, computer, or in person.\",\"breadcrumb\":{\"@id\":\"https:\\\/\\\/internetaddictsanonymous.org\\\/test-home\\\/#breadcrumb\"},\"inLanguage\":\"da-DK\",\"potentialAction\":[{\"@type\":\"ReadAction\",\"target\":[\"https:\\\/\\\/internetaddictsanonymous.org\\\/test-home\\\/\"]}]},{\"@type\":\"BreadcrumbList\",\"@id\":\"https:\\\/\\\/internetaddictsanonymous.org\\\/test-home\\\/#breadcrumb\",\"itemListElement\":[{\"@type\":\"ListItem\",\"position\":1,\"name\":\"Home\",\"item\":\"https:\\\/\\\/internetaddictsanonymous.org\\\/\"},{\"@type\":\"ListItem\",\"position\":2,\"name\":\"Internet and Technology Addicts Anonymous | Free Help And Support\"}]},{\"@type\":\"WebSite\",\"@id\":\"https:\\\/\\\/internetaddictsanonymous.org\\\/#website\",\"url\":\"https:\\\/\\\/internetaddictsanonymous.org\\\/\",\"name\":\"Internet and Technology Addicts Anonymous\",\"description\":\"Worldwide 12-step Fellowship for Internet and Technology Addiction\",\"publisher\":{\"@id\":\"https:\\\/\\\/internetaddictsanonymous.org\\\/#organization\"},\"potentialAction\":[{\"@type\":\"SearchAction\",\"target\":{\"@type\":\"EntryPoint\",\"urlTemplate\":\"https:\\\/\\\/internetaddictsanonymous.org\\\/?s={search_term_string}\"},\"query-input\":{\"@type\":\"PropertyValueSpecification\",\"valueRequired\":true,\"valueName\":\"search_term_string\"}}],\"inLanguage\":\"da-DK\"},{\"@type\":\"Organization\",\"@id\":\"https:\\\/\\\/internetaddictsanonymous.org\\\/#organization\",\"name\":\"Internet and Technology Addicts Anonymous\",\"url\":\"https:\\\/\\\/internetaddictsanonymous.org\\\/\",\"logo\":{\"@type\":\"ImageObject\",\"inLanguage\":\"da-DK\",\"@id\":\"https:\\\/\\\/internetaddictsanonymous.org\\\/#\\\/schema\\\/logo\\\/image\\\/\",\"url\":\"https:\\\/\\\/internetaddictsanonymous.org\\\/wp-content\\\/uploads\\\/2023\\\/01\\\/cropped-ITAA-logo-480px.png\",\"contentUrl\":\"https:\\\/\\\/internetaddictsanonymous.org\\\/wp-content\\\/uploads\\\/2023\\\/01\\\/cropped-ITAA-logo-480px.png\",\"width\":480,\"height\":480,\"caption\":\"Internet and Technology Addicts Anonymous\"},\"image\":{\"@id\":\"https:\\\/\\\/internetaddictsanonymous.org\\\/#\\\/schema\\\/logo\\\/image\\\/\"}}]}<\/script>\n<!-- \/ Yoast SEO plugin. -->","yoast_head_json":{"title":"Anonyme internet- og teknologiafh\u00e6ngige | Modtag gratis hj\u00e6lp og support","description":"Et aktivt internationalt 12-trinsf\u00e6llesskab for internet- og teknologiafh\u00e6ngighed med m\u00f8der hver dag. Deltag i m\u00f8der via telefon, computer eller personligt.","robots":{"index":"noindex","follow":"follow"},"og_locale":"da_DK","og_type":"article","og_title":"Internet & Technology Addicts Anonymous | Receive Free Help And Support","og_description":"An active international 12-step fellowship for internet and technology addiction, with meetings every day. Join meetings by phone, computer, or in person.","og_url":"https:\/\/internetaddictsanonymous.org\/da\/test-hjem\/","og_site_name":"Internet and Technology Addicts Anonymous","article_modified_time":"2023-02-26T22:51:46+00:00","twitter_card":"summary_large_image","twitter_misc":{"Estimeret l\u00e6setid":"3 minutter"},"schema":{"@context":"https:\/\/schema.org","@graph":[{"@type":"WebPage","@id":"https:\/\/internetaddictsanonymous.org\/test-home\/","url":"https:\/\/internetaddictsanonymous.org\/test-home\/","name":"Anonyme internet- og teknologiafh\u00e6ngige | Modtag gratis hj\u00e6lp og support","isPartOf":{"@id":"https:\/\/internetaddictsanonymous.org\/#website"},"datePublished":"2023-01-28T21:13:27+00:00","dateModified":"2023-02-26T22:51:46+00:00","description":"Et aktivt internationalt 12-trinsf\u00e6llesskab for internet- og teknologiafh\u00e6ngighed med m\u00f8der hver dag. Deltag i m\u00f8der via telefon, computer eller personligt.","breadcrumb":{"@id":"https:\/\/internetaddictsanonymous.org\/test-home\/#breadcrumb"},"inLanguage":"da-DK","potentialAction":[{"@type":"ReadAction","target":["https:\/\/internetaddictsanonymous.org\/test-home\/"]}]},{"@type":"BreadcrumbList","@id":"https:\/\/internetaddictsanonymous.org\/test-home\/#breadcrumb","itemListElement":[{"@type":"ListItem","position":1,"name":"Home","item":"https:\/\/internetaddictsanonymous.org\/"},{"@type":"ListItem","position":2,"name":"Internet and Technology Addicts Anonymous | Free Help And Support"}]},{"@type":"WebSite","@id":"https:\/\/internetaddictsanonymous.org\/#website","url":"https:\/\/internetaddictsanonymous.org\/","name":"Anonyme internet- og teknologiafh\u00e6ngige","description":"Verdensomsp\u00e6ndende 12-trinsf\u00e6llesskab for internet- og teknologiafh\u00e6ngighed","publisher":{"@id":"https:\/\/internetaddictsanonymous.org\/#organization"},"potentialAction":[{"@type":"SearchAction","target":{"@type":"EntryPoint","urlTemplate":"https:\/\/internetaddictsanonymous.org\/?s={search_term_string}"},"query-input":{"@type":"PropertyValueSpecification","valueRequired":true,"valueName":"search_term_string"}}],"inLanguage":"da-DK"},{"@type":"Organization","@id":"https:\/\/internetaddictsanonymous.org\/#organization","name":"Anonyme internet- og teknologiafh\u00e6ngige","url":"https:\/\/internetaddictsanonymous.org\/","logo":{"@type":"ImageObject","inLanguage":"da-DK","@id":"https:\/\/internetaddictsanonymous.org\/#\/schema\/logo\/image\/","url":"https:\/\/internetaddictsanonymous.org\/wp-content\/uploads\/2023\/01\/cropped-ITAA-logo-480px.png","contentUrl":"https:\/\/internetaddictsanonymous.org\/wp-content\/uploads\/2023\/01\/cropped-ITAA-logo-480px.png","width":480,"height":480,"caption":"Internet and Technology Addicts Anonymous"},"image":{"@id":"https:\/\/internetaddictsanonymous.org\/#\/schema\/logo\/image\/"}}]}},"jetpack_sharing_enabled":true,"jetpack_shortlink":"https:\/\/wp.me\/P9Fwob-3T5","_links":{"self":[{"href":"https:\/\/internetaddictsanonymous.org\/da\/wp-json\/wp\/v2\/pages\/14947","targetHints":{"allow":["GET"]}}],"collection":[{"href":"https:\/\/internetaddictsanonymous.org\/da\/wp-json\/wp\/v2\/pages"}],"about":[{"href":"https:\/\/internetaddictsanonymous.org\/da\/wp-json\/wp\/v2\/types\/page"}],"author":[{"embeddable":true,"href":"https:\/\/internetaddictsanonymous.org\/da\/wp-json\/wp\/v2\/users\/35194237"}],"replies":[{"embeddable":true,"href":"https:\/\/internetaddictsanonymous.org\/da\/wp-json\/wp\/v2\/comments?post=14947"}],"version-history":[{"count":100,"href":"https:\/\/internetaddictsanonymous.org\/da\/wp-json\/wp\/v2\/pages\/14947\/revisions"}],"predecessor-version":[{"id":15446,"href":"https:\/\/internetaddictsanonymous.org\/da\/wp-json\/wp\/v2\/pages\/14947\/revisions\/15446"}],"wp:attachment":[{"href":"https:\/\/internetaddictsanonymous.org\/da\/wp-json\/wp\/v2\/media?parent=14947"}],"wp:term":[{"taxonomy":"post_tag","embeddable":true,"href":"https:\/\/internetaddictsanonymous.org\/da\/wp-json\/wp\/v2\/tags?post=14947"}],"curies":[{"name":"wp","href":"https:\/\/api.w.org\/{rel}","templated":true}]}}