{"id":15697,"date":"2023-04-02T16:03:08","date_gmt":"2023-04-02T20:03:08","guid":{"rendered":"https:\/\/internetaddictsanonymous.org\/?page_id=15697"},"modified":"2024-10-02T19:43:14","modified_gmt":"2024-10-03T02:43:14","slug":"step-workshops","status":"publish","type":"page","link":"https:\/\/internetaddictsanonymous.org\/da\/step-workshops\/","title":{"rendered":"Workshops om trin p\u00e5 den \u00e5bne vej"},"content":{"rendered":"<p>Denne side indeholder en liste over kommende Open Path Step Workshops, strukturerede indstillinger til at arbejde gennem ITAAs 12 trin i en gruppe med masser af indbygget support. M\u00f8derne er sat op, s\u00e5 alt trinarbejde kan udf\u00f8res inden for vores m\u00f8detider (selvom der er valgfrie ekstra skrive\u00f8velser hver uge, hvis du gerne vil g\u00e5 dybere). Du vil ogs\u00e5 have mulighed for at matche op med en delingspartner, s\u00e5 du mellem m\u00f8derne kan dele dit skridtarbejde, og en r\u00e6kke gruppesponsorer vil ogs\u00e5 v\u00e6re tilg\u00e6ngelige for ops\u00f8gende opkald og yderligere support.<\/p>\n\n\n\n<p>Der er flere workshops, der m\u00f8des p\u00e5 forskellige tidspunkter og cykler, hvor nye workshops typisk starter hver eller anden m\u00e5ned. For at deltage i en kommende workshop-cyklus skal du deltage i det f\u00f8rste m\u00f8de, som kan findes i kalenderen nedenfor. P\u00e5 denne m\u00e5de vil hver workshop bev\u00e6ge sig gennem Trinene som en intim, konsekvent og engageret gruppe. <mark style=\"background-color:rgba(0, 0, 0, 0);color:#000000\" class=\"has-inline-color\">Du kan se de specifikke workshop-detaljer ved at klikke ind p\u00e5 <\/mark><mark style=\"background-color:rgba(0, 0, 0, 0);color:#a35555\" class=\"has-inline-color\">brun<\/mark><mark style=\"background-color:rgba(0, 0, 0, 0);color:#000000\" class=\"has-inline-color\"> titler. <\/mark><strong><mark style=\"background-color:rgba(0, 0, 0, 0)\" class=\"has-inline-color has-blue-color\">V\u00e6r opm\u00e6rksom p\u00e5, at workshops f\u00f8rst vises i kalenderen nedenfor et par uger f\u00f8r de starter<\/mark><\/strong>, og at m\u00f8der f\u00f8lger amerikanske tidszoneskift under sommertid i marts og november.<\/p>\n\n\n\n<p><strong>Hvis du gerne vil deltage i en workshop (eller hj\u00e6lpe med at starte en), og ingen af de kommende workshopplaner virker for dig, s\u00e5 udfyld venligst <a href=\"https:\/\/forms.gle\/HCqduhu715LUnaPs9\">denne interesseform<\/a> <strong>\u2665<\/strong><\/strong><\/p>\n\n\n<p><iframe style=\"height: 500px; width: 100%;\" src=\"https:\/\/teamup.com\/ksnufp4vvpv65w7wno?view=a&amp;showHeader=0&amp;showLogo=0&amp;showTitle=0&amp;disableSidepanel=1&amp;showViewSelector=1\" width=\"100%\" height=\"500\" frameborder=\"0\"><\/iframe><\/p>\n\n\n<p>Det er ikke n\u00f8dvendigt at tilmelde sig workshoppen - du kan bare deltage i det f\u00f8rste m\u00f8de, hvor du vil f\u00e5 alle de yderligere oplysninger, du har brug for.<br><br> <\/p>\n\n\n\n<h3 class=\"wp-block-heading\"><strong>Hvad hvis der ikke er nogen v\u00e6rkstedstider, der fungerer for mig?<\/strong><\/h3>\n\n\n\n<p>Der er muligvis ikke en kommende workshop p\u00e5 et passende tidspunkt for din tidsplan. Hvis du har nogen interesse i at deltage i eller lede en workshop med en anden ugentlig m\u00f8deplan, s\u00e5 udfyld venligst <a href=\"https:\/\/forms.gle\/HCqduhu715LUnaPs9\">denne interesseform<\/a>. Derudover, hvis du blot \u00f8nsker at arbejde gennem materialerne med din sponsor eller et andet medlem i programmet, kan alle workshopmanuskripterne findes <a href=\"https:\/\/drive.google.com\/drive\/folders\/1SLvfAX3EbAwG0LMB7j8dXCfTt_0Y_b69?usp=drive_link\">her<\/a>. Du kan ogs\u00e5 kontakte openpathstepworkshop@gmail.com med sp\u00f8rgsm\u00e5l, s\u00e5 kan vi hj\u00e6lpe dig i gang.<br><br><\/p>\n\n\n\n<h3 class=\"wp-block-heading\"><strong>Kan jeg deltage, hvis jeg ikke taler engelsk?<\/strong><\/h3>\n\n\n\n<p>Ja, vi byder alle, der ikke taler engelsk, til stadig at deltage ved at sl\u00e5 oversatte undertekster til. Du kan aktivere oversatte undertekster p\u00e5 dit sprog ved at g\u00e5 ind i m\u00f8det, klikke p\u00e5 knappen &quot;Billedtekster&quot; nederst p\u00e5 sk\u00e6rmen og aktivere overs\u00e6ttelse. Derudover, hvis du er interesseret i at hj\u00e6lpe med at overs\u00e6tte workshopmanuskripterne, hvad enten det er til din egen fordel eller for andre, der taler dit sprog, har vi en guide til, hvordan du g\u00f8r det <a href=\"https:\/\/docs.google.com\/document\/d\/1OJ3uzB_MhSd5IrNQd430qMLXHy3vvqV1lu-dr8x7jsI\/edit?usp=drive_link\">her<\/a>.<br><br><\/p>\n\n\n\n<h3 class=\"wp-block-heading\"><strong>Hvad hvis jeg ikke kan komme til det f\u00f8rste m\u00f8de?<\/strong><\/h3>\n\n\n\n<p>I dette tilf\u00e6lde opfordrer vi dig til at vente, indtil den n\u00e6ste cyklus starter. Hvert m\u00f8de bygger p\u00e5 det foreg\u00e5ende, s\u00e5 det er vigtigt at v\u00e6re tilstede fra starten. Hvis du absolut er n\u00f8dt til at g\u00e5 glip af det f\u00f8rste m\u00f8de af en uundg\u00e5elig \u00e5rsag, bedes du kontakte openpathstepworkshop@gmail.com med s\u00e5 meget forudg\u00e5ende varsel som muligt.<br><br><\/p>\n\n\n\n<h3 class=\"wp-block-heading\"><strong>Hvad hvis jeg er n\u00f8dt til at g\u00e5 glip af et m\u00f8de undervejs?<\/strong><\/h3>\n\n\n\n<p>Hvis du er n\u00f8dt til at g\u00e5 glip af en session af en uundg\u00e5elig grund, beder vi dig om at l\u00e6se noterne igennem bagefter og indhente det, du har skrevet.&nbsp;<br><br> <\/p>\n\n\n\n<h3 class=\"wp-block-heading\"><strong>Skal jeg have en sponsor for at deltage?<\/strong><\/h3>\n\n\n\n<p>Slet ikke - workshoppen er specielt designet til at give folk en mulighed for at arbejde sig igennem trinene, selv om de ikke har en sponsor. Som en del af workshoppen f\u00e5r du mulighed for at komme i kontakt med en eller flere delepartnere, som du kan dele dit trinarbejde med, og vi har ogs\u00e5 flere gruppesponsorer, som vil v\u00e6re tilg\u00e6ngelige for at modtage opkald og give yderligere st\u00f8tte. Det er ogs\u00e5 dejligt, hvis du allerede har en sponsor, og du er velkommen til at dele dit trinarbejde med dem. Alle er velkomne.<br><br> <\/p>\n\n\n\n<h3 class=\"wp-block-heading\"><strong>Er det okay at deltage, hvis jeg endnu ikke er sikker p\u00e5, om jeg vil arbejde i Steps?<\/strong><\/h3>\n\n\n\n<p>Det er helt i orden. Det er fint blot at deltage som observat\u00f8r, hvis du er nysgerrig efter at l\u00e6re mere om, hvad Trinene er, og hvordan de fungerer.<br><br> <\/p>\n\n\n\n<h3 class=\"wp-block-heading\"><strong>Kan jeg bidrage til workshoppen ved at p\u00e5tage mig en servicerolle?<\/strong><\/h3>\n\n\n\n<p>Service er en god m\u00e5de at styrke vores egen \u00e6druelighed p\u00e5, og det kan ogs\u00e5 hj\u00e6lpe os med at m\u00f8de op og forblive engagerede i workshoppen. P\u00e5 introduktionsm\u00f8det vil der v\u00e6re mulighed for at melde sig frivilligt til serviceroller.<br><br> <\/p>\n\n\n\n<h3 class=\"wp-block-heading\"><strong>Er der noget, jeg kan g\u00f8re for at forberede mig til workshoppen, f\u00f8r den starter?<\/strong><\/h3>\n\n\n\n<p>P\u00e5 vores f\u00f8rste m\u00f8de vil vi foresl\u00e5 en r\u00e6kke forpligtelser, som du kan \u00f8ve dig p\u00e5 i l\u00f8bet af workshoppen. Du er velkommen til at komme i gang med dem, hvis du har lyst:<\/p>\n\n\n\n<ol class=\"wp-block-list\">\n<li>Deltag i 90 m\u00f8der p\u00e5 90 dage (workshopm\u00f8derne t\u00e6ller med)<\/li>\n\n\n\n<li>Foretag 90 programopkald p\u00e5 90 dage<\/li>\n\n\n\n<li>Afhold dig fra alle bundlinjer.<\/li>\n\n\n\n<li>\u00d8v dig i at observere og\/eller give slip p\u00e5 un\u00f8dvendig brug af internet og teknologi.<\/li>\n<\/ol>\n\n\n\n<p>Til det fjerde forslag kan du ogs\u00e5 finde et andet ord end \"un\u00f8dvendig\", der passer bedre, s\u00e5som \"ubevidst\", \"form\u00e5lsl\u00f8s\", \"usund\", \"tvangspr\u00e6get\", \"overdreven\" osv. Bem\u00e6rk, at dette blot er forslag, ikke krav. Det st\u00e5r dig frit for at bruge dem, justere dem eller l\u00e6gge dem til side.<\/p>\n\n\n\n<p>Ud over disse forslag kan du skrive en 1-2 siders \"Step One inventory\", der beskriver historien om din afh\u00e6ngighed: hvorn\u00e5r den startede, hvordan den \u00e6ndrede sig over tid, og hvordan den er nu. Du kan is\u00e6r v\u00e6re opm\u00e6rksom p\u00e5, hvor du bem\u00e6rker magtesl\u00f8shed eller uh\u00e5ndterbarhed i din historie.&nbsp;<br><br> <\/p>\n\n\n\n<h3 class=\"wp-block-heading\"><strong>For yderligere sp\u00f8rgsm\u00e5l<\/strong><\/h3>\n\n\n\n<p>Du er velkommen til at kontakte openpathstepworkshop@gmail.com.<\/p>\n\n\n\n<div style=\"height:100px\" aria-hidden=\"true\" class=\"wp-block-spacer\"><\/div>\n\n\n\n<hr class=\"wp-block-separator has-alpha-channel-opacity is-style-wide\"\/>\n<!-- PMB print buttons is only displayed on a single post\/page URLs-->","protected":false},"excerpt":{"rendered":"<p>Denne side indeholder en liste over kommende Open Path Step Workshops, strukturerede indstillinger for at arbejde gennem ITAA&#039;s tolv trin i en gruppe med masser af indbygget support. M\u00f8derne er sat op, s\u00e5 alt trinarbejde kan udf\u00f8res inden for vores m\u00f8detider (selvom der er valgfrie ekstra skrive\u00f8velser hver uge... <a href=\"https:\/\/internetaddictsanonymous.org\/da\/step-workshops\/\" class=\"more-link\">Forts\u00e6t med at l\u00e6se <span class=\"screen-reader-text\">Workshops om trin p\u00e5 den \u00e5bne vej<\/span><\/a><\/p>","protected":false},"author":35194237,"featured_media":0,"parent":0,"menu_order":0,"comment_status":"closed","ping_status":"closed","template":"full-width-page.php","meta":{"inline_featured_image":false,"_lmt_disableupdate":"","_lmt_disable":"","footnotes":""},"tags":[],"class_list":["post-15697","page","type-page","status-publish","hentry"],"yoast_head":"<!-- This site is optimized with the Yoast SEO plugin v27.5 - https:\/\/yoast.com\/product\/yoast-seo-wordpress\/ -->\n<title>Open Path Step Workshops &#8211; Internet and Technology Addicts Anonymous<\/title>\n<meta name=\"robots\" content=\"index, follow, max-snippet:-1, max-image-preview:large, max-video-preview:-1\" \/>\n<link rel=\"canonical\" href=\"https:\/\/internetaddictsanonymous.org\/da\/step-workshops\/\" \/>\n<meta property=\"og:locale\" content=\"da_DK\" \/>\n<meta property=\"og:type\" content=\"article\" \/>\n<meta property=\"og:title\" content=\"Open Path Step Workshops &#8211; Internet and Technology Addicts Anonymous\" \/>\n<meta property=\"og:description\" content=\"This page contains a list of upcoming Open Path Step Workshops, structured settings for working through the Twelve Steps of ITAA in a group with lots of built in support. The meetings are set up so that all stepwork can be done within our meeting times (though there are optional additional writing exercises each week &hellip; Continue reading Open Path Step Workshops\" \/>\n<meta property=\"og:url\" content=\"https:\/\/internetaddictsanonymous.org\/da\/step-workshops\/\" \/>\n<meta property=\"og:site_name\" content=\"Internet and Technology Addicts Anonymous\" \/>\n<meta property=\"article:modified_time\" content=\"2024-10-03T02:43:14+00:00\" \/>\n<meta name=\"twitter:card\" content=\"summary_large_image\" \/>\n<meta name=\"twitter:label1\" content=\"Estimeret l\u00e6setid\" \/>\n\t<meta name=\"twitter:data1\" content=\"4 minutter\" \/>\n<script type=\"application\/ld+json\" class=\"yoast-schema-graph\">{\"@context\":\"https:\\\/\\\/schema.org\",\"@graph\":[{\"@type\":\"WebPage\",\"@id\":\"https:\\\/\\\/internetaddictsanonymous.org\\\/step-workshops\\\/\",\"url\":\"https:\\\/\\\/internetaddictsanonymous.org\\\/step-workshops\\\/\",\"name\":\"Open Path Step Workshops &#8211; Internet and Technology Addicts Anonymous\",\"isPartOf\":{\"@id\":\"https:\\\/\\\/internetaddictsanonymous.org\\\/#website\"},\"datePublished\":\"2023-04-02T20:03:08+00:00\",\"dateModified\":\"2024-10-03T02:43:14+00:00\",\"breadcrumb\":{\"@id\":\"https:\\\/\\\/internetaddictsanonymous.org\\\/step-workshops\\\/#breadcrumb\"},\"inLanguage\":\"da-DK\",\"potentialAction\":[{\"@type\":\"ReadAction\",\"target\":[\"https:\\\/\\\/internetaddictsanonymous.org\\\/step-workshops\\\/\"]}]},{\"@type\":\"BreadcrumbList\",\"@id\":\"https:\\\/\\\/internetaddictsanonymous.org\\\/step-workshops\\\/#breadcrumb\",\"itemListElement\":[{\"@type\":\"ListItem\",\"position\":1,\"name\":\"Home\",\"item\":\"https:\\\/\\\/internetaddictsanonymous.org\\\/\"},{\"@type\":\"ListItem\",\"position\":2,\"name\":\"Open Path Step Workshops\"}]},{\"@type\":\"WebSite\",\"@id\":\"https:\\\/\\\/internetaddictsanonymous.org\\\/#website\",\"url\":\"https:\\\/\\\/internetaddictsanonymous.org\\\/\",\"name\":\"Internet and Technology Addicts Anonymous\",\"description\":\"Worldwide 12-step Fellowship for Internet and Technology Addiction\",\"publisher\":{\"@id\":\"https:\\\/\\\/internetaddictsanonymous.org\\\/#organization\"},\"potentialAction\":[{\"@type\":\"SearchAction\",\"target\":{\"@type\":\"EntryPoint\",\"urlTemplate\":\"https:\\\/\\\/internetaddictsanonymous.org\\\/?s={search_term_string}\"},\"query-input\":{\"@type\":\"PropertyValueSpecification\",\"valueRequired\":true,\"valueName\":\"search_term_string\"}}],\"inLanguage\":\"da-DK\"},{\"@type\":\"Organization\",\"@id\":\"https:\\\/\\\/internetaddictsanonymous.org\\\/#organization\",\"name\":\"Internet and Technology Addicts Anonymous\",\"url\":\"https:\\\/\\\/internetaddictsanonymous.org\\\/\",\"logo\":{\"@type\":\"ImageObject\",\"inLanguage\":\"da-DK\",\"@id\":\"https:\\\/\\\/internetaddictsanonymous.org\\\/#\\\/schema\\\/logo\\\/image\\\/\",\"url\":\"https:\\\/\\\/internetaddictsanonymous.org\\\/wp-content\\\/uploads\\\/2023\\\/01\\\/cropped-ITAA-logo-480px.png\",\"contentUrl\":\"https:\\\/\\\/internetaddictsanonymous.org\\\/wp-content\\\/uploads\\\/2023\\\/01\\\/cropped-ITAA-logo-480px.png\",\"width\":480,\"height\":480,\"caption\":\"Internet and Technology Addicts Anonymous\"},\"image\":{\"@id\":\"https:\\\/\\\/internetaddictsanonymous.org\\\/#\\\/schema\\\/logo\\\/image\\\/\"}}]}<\/script>\n<!-- \/ Yoast SEO plugin. -->","yoast_head_json":{"title":"Open Path Step Workshops - Anonyme Internet- og Teknologiafh\u00e6ngige","robots":{"index":"index","follow":"follow","max-snippet":"max-snippet:-1","max-image-preview":"max-image-preview:large","max-video-preview":"max-video-preview:-1"},"canonical":"https:\/\/internetaddictsanonymous.org\/da\/step-workshops\/","og_locale":"da_DK","og_type":"article","og_title":"Open Path Step Workshops &#8211; Internet and Technology Addicts Anonymous","og_description":"This page contains a list of upcoming Open Path Step Workshops, structured settings for working through the Twelve Steps of ITAA in a group with lots of built in support. The meetings are set up so that all stepwork can be done within our meeting times (though there are optional additional writing exercises each week &hellip; Continue reading Open Path Step Workshops","og_url":"https:\/\/internetaddictsanonymous.org\/da\/step-workshops\/","og_site_name":"Internet and Technology Addicts Anonymous","article_modified_time":"2024-10-03T02:43:14+00:00","twitter_card":"summary_large_image","twitter_misc":{"Estimeret l\u00e6setid":"4 minutter"},"schema":{"@context":"https:\/\/schema.org","@graph":[{"@type":"WebPage","@id":"https:\/\/internetaddictsanonymous.org\/step-workshops\/","url":"https:\/\/internetaddictsanonymous.org\/step-workshops\/","name":"Open Path Step Workshops - Anonyme Internet- og Teknologiafh\u00e6ngige","isPartOf":{"@id":"https:\/\/internetaddictsanonymous.org\/#website"},"datePublished":"2023-04-02T20:03:08+00:00","dateModified":"2024-10-03T02:43:14+00:00","breadcrumb":{"@id":"https:\/\/internetaddictsanonymous.org\/step-workshops\/#breadcrumb"},"inLanguage":"da-DK","potentialAction":[{"@type":"ReadAction","target":["https:\/\/internetaddictsanonymous.org\/step-workshops\/"]}]},{"@type":"BreadcrumbList","@id":"https:\/\/internetaddictsanonymous.org\/step-workshops\/#breadcrumb","itemListElement":[{"@type":"ListItem","position":1,"name":"Home","item":"https:\/\/internetaddictsanonymous.org\/"},{"@type":"ListItem","position":2,"name":"Open Path Step Workshops"}]},{"@type":"WebSite","@id":"https:\/\/internetaddictsanonymous.org\/#website","url":"https:\/\/internetaddictsanonymous.org\/","name":"Anonyme internet- og teknologiafh\u00e6ngige","description":"Verdensomsp\u00e6ndende 12-trinsf\u00e6llesskab for internet- og teknologiafh\u00e6ngighed","publisher":{"@id":"https:\/\/internetaddictsanonymous.org\/#organization"},"potentialAction":[{"@type":"SearchAction","target":{"@type":"EntryPoint","urlTemplate":"https:\/\/internetaddictsanonymous.org\/?s={search_term_string}"},"query-input":{"@type":"PropertyValueSpecification","valueRequired":true,"valueName":"search_term_string"}}],"inLanguage":"da-DK"},{"@type":"Organization","@id":"https:\/\/internetaddictsanonymous.org\/#organization","name":"Anonyme internet- og teknologiafh\u00e6ngige","url":"https:\/\/internetaddictsanonymous.org\/","logo":{"@type":"ImageObject","inLanguage":"da-DK","@id":"https:\/\/internetaddictsanonymous.org\/#\/schema\/logo\/image\/","url":"https:\/\/internetaddictsanonymous.org\/wp-content\/uploads\/2023\/01\/cropped-ITAA-logo-480px.png","contentUrl":"https:\/\/internetaddictsanonymous.org\/wp-content\/uploads\/2023\/01\/cropped-ITAA-logo-480px.png","width":480,"height":480,"caption":"Internet and Technology Addicts Anonymous"},"image":{"@id":"https:\/\/internetaddictsanonymous.org\/#\/schema\/logo\/image\/"}}]}},"jetpack_sharing_enabled":true,"jetpack_shortlink":"https:\/\/wp.me\/P9Fwob-45b","_links":{"self":[{"href":"https:\/\/internetaddictsanonymous.org\/da\/wp-json\/wp\/v2\/pages\/15697","targetHints":{"allow":["GET"]}}],"collection":[{"href":"https:\/\/internetaddictsanonymous.org\/da\/wp-json\/wp\/v2\/pages"}],"about":[{"href":"https:\/\/internetaddictsanonymous.org\/da\/wp-json\/wp\/v2\/types\/page"}],"author":[{"embeddable":true,"href":"https:\/\/internetaddictsanonymous.org\/da\/wp-json\/wp\/v2\/users\/35194237"}],"replies":[{"embeddable":true,"href":"https:\/\/internetaddictsanonymous.org\/da\/wp-json\/wp\/v2\/comments?post=15697"}],"version-history":[{"count":57,"href":"https:\/\/internetaddictsanonymous.org\/da\/wp-json\/wp\/v2\/pages\/15697\/revisions"}],"predecessor-version":[{"id":18760,"href":"https:\/\/internetaddictsanonymous.org\/da\/wp-json\/wp\/v2\/pages\/15697\/revisions\/18760"}],"wp:attachment":[{"href":"https:\/\/internetaddictsanonymous.org\/da\/wp-json\/wp\/v2\/media?parent=15697"}],"wp:term":[{"taxonomy":"post_tag","embeddable":true,"href":"https:\/\/internetaddictsanonymous.org\/da\/wp-json\/wp\/v2\/tags?post=15697"}],"curies":[{"name":"wp","href":"https:\/\/api.w.org\/{rel}","templated":true}]}}