{"id":16342,"date":"2023-07-16T13:34:25","date_gmt":"2023-07-16T17:34:25","guid":{"rendered":"https:\/\/internetaddictsanonymous.org\/?page_id=16342"},"modified":"2026-02-13T03:17:57","modified_gmt":"2026-02-13T11:17:57","slug":"os-wa","status":"publish","type":"page","link":"https:\/\/internetaddictsanonymous.org\/da\/in-person-meetings\/us-wa\/","title":{"rendered":"ITAA i Washington, USA"},"content":{"rendered":"<p>Velkommen til Anonyme Internet- og Teknologiafh\u00e6ngige! Vi er glade for, at du har fundet os, og vi h\u00e5ber, at vores f\u00e6llesskab kan v\u00e6re lige s\u00e5 nyttigt for dig, som det har v\u00e6ret for os.<strong> <mark style=\"background-color:rgba(0, 0, 0, 0)\" class=\"has-inline-color has-dark-gray-color\">ITAA er et tolv-trins f\u00e6llesskab af individer, som st\u00f8tter hinanden i at komme sig fra internet- og teknologi-afh\u00e6ngighed.<\/mark><\/strong> Det omfatter afh\u00e6ngighed af sociale medier, smartphones, streaming af video- eller lydindhold, spil, nyheder, pornografi, dating-apps, online research, online shopping eller enhver anden digital aktivitet, der bliver tvangspr\u00e6get og problematisk.&nbsp;<\/p>\n\n\n\n<h3 class=\"wp-block-heading\">ITAA-m\u00f8der i Seattle<\/h3>\n\n\n\n<h5 class=\"wp-block-heading\">\u201c&quot;I virkeligheden&quot;-m\u00f8de i Seattle ITAA<\/h5>\n\n\n\n<p>M\u00f8denavn: In Real Life<br>Hvorn\u00e5r: Hver tirsdag, kl. 19-20<br>Hvor: Denny Park Lutheran Church<br>766 John St<br>Seattle, WA 98109<br>Indgangen er p\u00e5 8th Ave. Ring venligst p\u00e5 d\u00f8rklokken for at f\u00e5 adgang. Der er et m\u00f8de for Anonyme Spillere, der ogs\u00e5 bruger denne indgang p\u00e5 samme tid.<\/p>\n\n\n\n<p>In Real Life m\u00f8des i forsamlingshuset gennem tr\u00e6d\u00f8rene i stueetagen.&nbsp;<\/p>\n\n\n\n<p>Allergiansvarsfraskrivelse: Dette m\u00f8de afholdes i en hundevenlig bygning. V\u00e6r opm\u00e6rksom p\u00e5, at hunde regelm\u00e6ssigt deltager i dette m\u00f8de.<\/p>\n\n\n\n<p>Kontakt: itaaseattle@gmail.com<\/p>\n\n\n\n<h5 class=\"wp-block-heading\">\u201c&quot;Afbryd dig med k\u00e6rlighed&quot;-m\u00f8de i Seattle ITAA<\/h5>\n\n\n\n<p>M\u00f8denavn: Afbryd med k\u00e6rlighed<br>Hvorn\u00e5r: Hver s\u00f8ndag kl. 19.00<br>Hvor: Kapellets konferencerum i Queen Anne Lutheran Church.<\/p>\n\n\n\n<p>Indgangen til m\u00f8det er p\u00e5 sydsiden af bygningen p\u00e5 McGraw. Hvis du ankommer efter kl. 19:10, bedes du banke h\u00f8jt p\u00e5, s\u00e5 kan receptionisten \u00e5bne d\u00f8ren for dig.<\/p>\n\n\n\n<p>Dronning Anne lutherske kirke<br><a href=\"https:\/\/www.google.com\/maps\/search\/2400+8th+Ave+W+Seattle,+WA+98119?entry=gmail&amp;source=g\" target=\"_blank\" rel=\"noreferrer noopener\">2400 8th Ave W<\/a><br><a href=\"https:\/\/www.google.com\/maps\/search\/2400+8th+Ave+W+Seattle,+WA+98119?entry=gmail&amp;source=g\" target=\"_blank\" rel=\"noreferrer noopener\">Seattle, WA 98119<\/a><\/p>\n\n\n\n<p>Dette er et litteraturbaseret m\u00f8de med et roterende format. Udover litteratur skrevet af ITAA&#039;s webindholdskomit\u00e9, indeholder dette m\u00f8de ogs\u00e5 litteratur fra AlAnon.<\/p>\n\n\n\n<p>Uge 1: M\u00e5nedens trin<br>Uge 2: M\u00e5nedens tradition<br>Uge 3: M\u00e5nedens koncept<br>Uge 4: ITAA-v\u00e6rkt\u00f8jer<br>Uge 5: \u201cDet videnskabelige bevis vedr\u00f8rende internet- og teknologiafh\u00e6ngighed\u201d ogs\u00e5 kendt som \u201cL\u00e6gens mening\u201d om ITAA.<\/p>\n\n\n\n<p>Kontakt: telefonnummer 206.206.9981<\/p>\n\n\n\n<h3 class=\"wp-block-heading\">Yderligere m\u00f8der<\/h3>\n\n\n\n<p>Hvis du er ny, opfordrer vi dig til at pr\u00f8ve at deltage i seks m\u00f8der inden for en kort periode for at se, om vores program kan v\u00e6re nyttigt for dig. Ud over vores lokale personlige m\u00f8der kan du ogs\u00e5 gennemg\u00e5 vores <a href=\"https:\/\/internetaddictsanonymous.org\/da\/personlige-moder\/\">andre personlige m\u00f8der<\/a> og en <a href=\"https:\/\/internetaddictsanonymous.org\/da\/online-moder\/\">komplet tidsplan for online-m\u00f8der<\/a>. Alle m\u00f8der er helt gratis og anonyme.<\/p>\n\n\n\n<h3 class=\"wp-block-heading\"><strong>Hvordan fungerer m\u00f8der?<\/strong><\/h3>\n\n\n\n<p>Hvis du skal deltage i et m\u00f8de for f\u00f8rste gang, er der ingen grund til at v\u00e6re nerv\u00f8s. De fleste af vores m\u00f8der er meget enkle; hvert m\u00f8de har en m\u00f8deleder, som leder m\u00f8det, og de fleste m\u00f8der varer en time. Formanden og andre frivillige l\u00e6ser nogle indledende erkl\u00e6ringer op, f\u00f8r vi \u00e5bner m\u00f8det for medlemmer, der vil dele. Der er ikke noget krav om at dele, og det er okay bare at lytte. Du kan fort\u00e6lle, hvordan du har det, pr\u00e6sentere dig selv, og hvad der bragte dig til ITAA, eller stille sp\u00f8rgsm\u00e5l. Medmindre medlemmet, der fort\u00e6ller, beder om det, kommer vi ikke med forslag eller kommentarer som svar p\u00e5 andres fort\u00e6llinger; vi lytter bare uden at d\u00f8mme. N\u00e5r timen er g\u00e5et, afsluttes m\u00f8det med nogle afsluttende bem\u00e6rkninger, hvorefter medlemmerne normalt taler uformelt sammen, stiller sp\u00f8rgsm\u00e5l og udveksler kontaktoplysninger.<\/p>\n\n\n\n<h3 class=\"wp-block-heading\">Ressourcer til internet- og teknologiafh\u00e6ngighed<\/h3>\n\n\n\n<p>Hvis du spekulerer p\u00e5, om du m\u00e5ske har en internet- og teknologiafh\u00e6ngighed, kan du gennemg\u00e5 vores sp\u00f8rgeskemaer til <a href=\"https:\/\/internetaddictsanonymous.org\/da\/afhaengighed-af-internet-og-teknologi\/\">internetafh\u00e6ngighed<\/a>, <a href=\"https:\/\/internetaddictsanonymous.org\/da\/afhaengighed-af-internet-og-teknologi\/afhaengighed-af-sociale-medier\/\">afh\u00e6ngighed af sociale medier<\/a>, <a href=\"https:\/\/internetaddictsanonymous.org\/da\/internetafhaengighed\/afhaengighed-af-streaming\/\">afh\u00e6ngighed af streaming<\/a>, <a href=\"https:\/\/internetaddictsanonymous.org\/da\/afhaengighed-af-internet-og-teknologi\/telefonafhaengighed\/\">Telefonafh\u00e6ngighed<\/a>, eller <a href=\"https:\/\/internetaddictsanonymous.org\/da\/afhaengighed-af-internet-og-teknologi\/afhaengighed-af-videospil\/\">afh\u00e6ngighed af videospil<\/a>. Du kan ogs\u00e5 l\u00e6re mere om ITAA ved at l\u00e6se vores&nbsp;<a href=\"https:\/\/internetaddictsanonymous.org\/da\/guide-til-nyankomne\/\">guide til nyankomne<\/a>, gennemg\u00e5r vores <a href=\"https:\/\/internetaddictsanonymous.org\/da\/ressourcer\/redskaber-til-genopretning\/\">redskaber til genopretning<\/a>eller lytte til <a href=\"https:\/\/internetaddictsanonymous.org\/da\/historier-om-at-komme-sig\/\">medlemmernes historier om at komme sig<\/a>.<\/p>\n\n\n\n<p>ITAA er ikke tilknyttet nogen politisk dagsorden, religion eller eksterne interesser. Vi er helt selvforsynende og gratis for alle, der har brug for det. Vores eneste form\u00e5l er at afholde os fra tvangsm\u00e6ssig brug af internet og teknologi og at hj\u00e6lpe andre med at finde frihed fra denne afh\u00e6ngighed.<\/p>\n\n\n\n<p>Igen, velkommen! Vi h\u00e5ber, at dette f\u00e6llesskab kan give dig den st\u00f8tte, du har brug for i din recovery fra internet- og teknologiafh\u00e6ngighed. T\u00f8v ikke med at kontakte os, hvis du har sp\u00f8rgsm\u00e5l.<\/p>\n<!-- PMB print buttons is only displayed on a single post\/page URLs-->","protected":false},"excerpt":{"rendered":"<p>Velkommen til Anonyme Internet- og Teknologiafh\u00e6ngige! Vi er glade for, at du har fundet os, og vi h\u00e5ber, at vores f\u00e6llesskab kan v\u00e6re lige s\u00e5 nyttigt for dig, som det har v\u00e6ret for os. ITAA er et tolvtrinsf\u00e6llesskab af personer, der st\u00f8tter hinanden i at komme sig fra internet- og teknologiafh\u00e6ngighed. Det omfatter afh\u00e6ngighed af sociale medier, smartphones, streaming ... <a href=\"https:\/\/internetaddictsanonymous.org\/da\/in-person-meetings\/us-wa\/\" class=\"more-link\">Forts\u00e6t med at l\u00e6se <span class=\"screen-reader-text\">ITAA i Washington, USA<\/span><\/a><\/p>","protected":false},"author":35194237,"featured_media":0,"parent":148,"menu_order":0,"comment_status":"closed","ping_status":"closed","template":"full-width-page.php","meta":{"inline_featured_image":false,"_lmt_disableupdate":"","_lmt_disable":"","jetpack_post_was_ever_published":false,"footnotes":""},"tags":[],"class_list":["post-16342","page","type-page","status-publish","hentry"],"yoast_head":"<!-- This site is optimized with the Yoast SEO plugin v27.3 - https:\/\/yoast.com\/product\/yoast-seo-wordpress\/ -->\n<title>ITAA in Washington, US &#8211; Internet and Technology Addicts Anonymous<\/title>\n<meta name=\"robots\" content=\"index, follow, max-snippet:-1, max-image-preview:large, max-video-preview:-1\" \/>\n<link rel=\"canonical\" href=\"https:\/\/internetaddictsanonymous.org\/da\/personlige-moder\/os-wa\/\" \/>\n<meta property=\"og:locale\" content=\"da_DK\" \/>\n<meta property=\"og:type\" content=\"article\" \/>\n<meta property=\"og:title\" content=\"ITAA in Washington, US &#8211; Internet and Technology Addicts Anonymous\" \/>\n<meta property=\"og:description\" content=\"Welcome to Internet and Technology Addicts Anonymous! We\u2019re glad you\u2019ve found us, and we hope our community can be as helpful to you as it has been for us. ITAA is a Twelve-Step fellowship of individuals who support each other in recovering from internet and technology addiction. This includes addiction to social media, smartphones, streaming &hellip; Continue reading ITAA in Washington, US\" \/>\n<meta property=\"og:url\" content=\"https:\/\/internetaddictsanonymous.org\/da\/personlige-moder\/os-wa\/\" \/>\n<meta property=\"og:site_name\" content=\"Internet and Technology Addicts Anonymous\" \/>\n<meta property=\"article:modified_time\" content=\"2026-02-13T11:17:57+00:00\" \/>\n<meta name=\"twitter:card\" content=\"summary_large_image\" \/>\n<meta name=\"twitter:label1\" content=\"Estimeret l\u00e6setid\" \/>\n\t<meta name=\"twitter:data1\" content=\"3 minutter\" \/>\n<script type=\"application\/ld+json\" class=\"yoast-schema-graph\">{\"@context\":\"https:\\\/\\\/schema.org\",\"@graph\":[{\"@type\":\"WebPage\",\"@id\":\"https:\\\/\\\/internetaddictsanonymous.org\\\/in-person-meetings\\\/us-wa\\\/\",\"url\":\"https:\\\/\\\/internetaddictsanonymous.org\\\/in-person-meetings\\\/us-wa\\\/\",\"name\":\"ITAA in Washington, US &#8211; Internet and Technology Addicts Anonymous\",\"isPartOf\":{\"@id\":\"https:\\\/\\\/internetaddictsanonymous.org\\\/#website\"},\"datePublished\":\"2023-07-16T17:34:25+00:00\",\"dateModified\":\"2026-02-13T11:17:57+00:00\",\"breadcrumb\":{\"@id\":\"https:\\\/\\\/internetaddictsanonymous.org\\\/in-person-meetings\\\/us-wa\\\/#breadcrumb\"},\"inLanguage\":\"da-DK\",\"potentialAction\":[{\"@type\":\"ReadAction\",\"target\":[\"https:\\\/\\\/internetaddictsanonymous.org\\\/in-person-meetings\\\/us-wa\\\/\"]}]},{\"@type\":\"BreadcrumbList\",\"@id\":\"https:\\\/\\\/internetaddictsanonymous.org\\\/in-person-meetings\\\/us-wa\\\/#breadcrumb\",\"itemListElement\":[{\"@type\":\"ListItem\",\"position\":1,\"name\":\"Home\",\"item\":\"https:\\\/\\\/internetaddictsanonymous.org\\\/\"},{\"@type\":\"ListItem\",\"position\":2,\"name\":\"In-Person Meetings\",\"item\":\"https:\\\/\\\/internetaddictsanonymous.org\\\/in-person-meetings\\\/\"},{\"@type\":\"ListItem\",\"position\":3,\"name\":\"ITAA in Washington, US\"}]},{\"@type\":\"WebSite\",\"@id\":\"https:\\\/\\\/internetaddictsanonymous.org\\\/#website\",\"url\":\"https:\\\/\\\/internetaddictsanonymous.org\\\/\",\"name\":\"Internet and Technology Addicts Anonymous\",\"description\":\"Worldwide 12-step Fellowship for Internet and Technology Addiction\",\"publisher\":{\"@id\":\"https:\\\/\\\/internetaddictsanonymous.org\\\/#organization\"},\"potentialAction\":[{\"@type\":\"SearchAction\",\"target\":{\"@type\":\"EntryPoint\",\"urlTemplate\":\"https:\\\/\\\/internetaddictsanonymous.org\\\/?s={search_term_string}\"},\"query-input\":{\"@type\":\"PropertyValueSpecification\",\"valueRequired\":true,\"valueName\":\"search_term_string\"}}],\"inLanguage\":\"da-DK\"},{\"@type\":\"Organization\",\"@id\":\"https:\\\/\\\/internetaddictsanonymous.org\\\/#organization\",\"name\":\"Internet and Technology Addicts Anonymous\",\"url\":\"https:\\\/\\\/internetaddictsanonymous.org\\\/\",\"logo\":{\"@type\":\"ImageObject\",\"inLanguage\":\"da-DK\",\"@id\":\"https:\\\/\\\/internetaddictsanonymous.org\\\/#\\\/schema\\\/logo\\\/image\\\/\",\"url\":\"https:\\\/\\\/internetaddictsanonymous.org\\\/wp-content\\\/uploads\\\/2023\\\/01\\\/cropped-ITAA-logo-480px.png\",\"contentUrl\":\"https:\\\/\\\/internetaddictsanonymous.org\\\/wp-content\\\/uploads\\\/2023\\\/01\\\/cropped-ITAA-logo-480px.png\",\"width\":480,\"height\":480,\"caption\":\"Internet and Technology Addicts Anonymous\"},\"image\":{\"@id\":\"https:\\\/\\\/internetaddictsanonymous.org\\\/#\\\/schema\\\/logo\\\/image\\\/\"}}]}<\/script>\n<!-- \/ Yoast SEO plugin. -->","yoast_head_json":{"title":"ITAA i Washington, USA \u2013 Anonyme Internet- og Teknologiafh\u00e6ngige","robots":{"index":"index","follow":"follow","max-snippet":"max-snippet:-1","max-image-preview":"max-image-preview:large","max-video-preview":"max-video-preview:-1"},"canonical":"https:\/\/internetaddictsanonymous.org\/da\/personlige-moder\/os-wa\/","og_locale":"da_DK","og_type":"article","og_title":"ITAA in Washington, US &#8211; Internet and Technology Addicts Anonymous","og_description":"Welcome to Internet and Technology Addicts Anonymous! We\u2019re glad you\u2019ve found us, and we hope our community can be as helpful to you as it has been for us. ITAA is a Twelve-Step fellowship of individuals who support each other in recovering from internet and technology addiction. This includes addiction to social media, smartphones, streaming &hellip; Continue reading ITAA in Washington, US","og_url":"https:\/\/internetaddictsanonymous.org\/da\/personlige-moder\/os-wa\/","og_site_name":"Internet and Technology Addicts Anonymous","article_modified_time":"2026-02-13T11:17:57+00:00","twitter_card":"summary_large_image","twitter_misc":{"Estimeret l\u00e6setid":"3 minutter"},"schema":{"@context":"https:\/\/schema.org","@graph":[{"@type":"WebPage","@id":"https:\/\/internetaddictsanonymous.org\/in-person-meetings\/us-wa\/","url":"https:\/\/internetaddictsanonymous.org\/in-person-meetings\/us-wa\/","name":"ITAA i Washington, USA \u2013 Anonyme Internet- og Teknologiafh\u00e6ngige","isPartOf":{"@id":"https:\/\/internetaddictsanonymous.org\/#website"},"datePublished":"2023-07-16T17:34:25+00:00","dateModified":"2026-02-13T11:17:57+00:00","breadcrumb":{"@id":"https:\/\/internetaddictsanonymous.org\/in-person-meetings\/us-wa\/#breadcrumb"},"inLanguage":"da-DK","potentialAction":[{"@type":"ReadAction","target":["https:\/\/internetaddictsanonymous.org\/in-person-meetings\/us-wa\/"]}]},{"@type":"BreadcrumbList","@id":"https:\/\/internetaddictsanonymous.org\/in-person-meetings\/us-wa\/#breadcrumb","itemListElement":[{"@type":"ListItem","position":1,"name":"Home","item":"https:\/\/internetaddictsanonymous.org\/"},{"@type":"ListItem","position":2,"name":"In-Person Meetings","item":"https:\/\/internetaddictsanonymous.org\/in-person-meetings\/"},{"@type":"ListItem","position":3,"name":"ITAA in Washington, US"}]},{"@type":"WebSite","@id":"https:\/\/internetaddictsanonymous.org\/#website","url":"https:\/\/internetaddictsanonymous.org\/","name":"Anonyme internet- og teknologiafh\u00e6ngige","description":"Verdensomsp\u00e6ndende 12-trinsf\u00e6llesskab for internet- og teknologiafh\u00e6ngighed","publisher":{"@id":"https:\/\/internetaddictsanonymous.org\/#organization"},"potentialAction":[{"@type":"SearchAction","target":{"@type":"EntryPoint","urlTemplate":"https:\/\/internetaddictsanonymous.org\/?s={search_term_string}"},"query-input":{"@type":"PropertyValueSpecification","valueRequired":true,"valueName":"search_term_string"}}],"inLanguage":"da-DK"},{"@type":"Organization","@id":"https:\/\/internetaddictsanonymous.org\/#organization","name":"Anonyme internet- og teknologiafh\u00e6ngige","url":"https:\/\/internetaddictsanonymous.org\/","logo":{"@type":"ImageObject","inLanguage":"da-DK","@id":"https:\/\/internetaddictsanonymous.org\/#\/schema\/logo\/image\/","url":"https:\/\/internetaddictsanonymous.org\/wp-content\/uploads\/2023\/01\/cropped-ITAA-logo-480px.png","contentUrl":"https:\/\/internetaddictsanonymous.org\/wp-content\/uploads\/2023\/01\/cropped-ITAA-logo-480px.png","width":480,"height":480,"caption":"Internet and Technology Addicts Anonymous"},"image":{"@id":"https:\/\/internetaddictsanonymous.org\/#\/schema\/logo\/image\/"}}]}},"jetpack_sharing_enabled":true,"jetpack_shortlink":"https:\/\/wp.me\/P9Fwob-4fA","_links":{"self":[{"href":"https:\/\/internetaddictsanonymous.org\/da\/wp-json\/wp\/v2\/pages\/16342","targetHints":{"allow":["GET"]}}],"collection":[{"href":"https:\/\/internetaddictsanonymous.org\/da\/wp-json\/wp\/v2\/pages"}],"about":[{"href":"https:\/\/internetaddictsanonymous.org\/da\/wp-json\/wp\/v2\/types\/page"}],"author":[{"embeddable":true,"href":"https:\/\/internetaddictsanonymous.org\/da\/wp-json\/wp\/v2\/users\/35194237"}],"replies":[{"embeddable":true,"href":"https:\/\/internetaddictsanonymous.org\/da\/wp-json\/wp\/v2\/comments?post=16342"}],"version-history":[{"count":17,"href":"https:\/\/internetaddictsanonymous.org\/da\/wp-json\/wp\/v2\/pages\/16342\/revisions"}],"predecessor-version":[{"id":21063,"href":"https:\/\/internetaddictsanonymous.org\/da\/wp-json\/wp\/v2\/pages\/16342\/revisions\/21063"}],"up":[{"embeddable":true,"href":"https:\/\/internetaddictsanonymous.org\/da\/wp-json\/wp\/v2\/pages\/148"}],"wp:attachment":[{"href":"https:\/\/internetaddictsanonymous.org\/da\/wp-json\/wp\/v2\/media?parent=16342"}],"wp:term":[{"taxonomy":"post_tag","embeddable":true,"href":"https:\/\/internetaddictsanonymous.org\/da\/wp-json\/wp\/v2\/tags?post=16342"}],"curies":[{"name":"wp","href":"https:\/\/api.w.org\/{rel}","templated":true}]}}