{"id":16397,"date":"2023-07-16T14:05:34","date_gmt":"2023-07-16T18:05:34","guid":{"rendered":"https:\/\/internetaddictsanonymous.org\/?page_id=16397"},"modified":"2025-11-27T12:47:33","modified_gmt":"2025-11-27T20:47:33","slug":"argentina-rosario","status":"publish","type":"page","link":"https:\/\/internetaddictsanonymous.org\/da\/in-person-meetings\/argentina-rosario\/","title":{"rendered":"ITAA i Argentina"},"content":{"rendered":"<p>Bienvenido a Addictos a Internet y la Tecnolog\u00eda An\u00f3nimos!\u00a0<strong>ITAA er et f\u00e6llesskab af Doce Pasos formada por personas que se apoyan mutuamente para recuperarse de la adicci\u00f3n a Internet ya la tecnologia.<\/strong>\u00a0Esto incluye la adicci\u00f3n a las redes sociales, los celulares, los v\u00eddeos online, los videojuegos, las noticias, la pornograf\u00eda, las aplicaciones de citas, la research en l\u00ednea, las compras en linea eller cualquier otra activivada digital en que compuls problematica.\u00a0<\/p>\n\n\n\n<h3 class=\"wp-block-heading\">Reuniones en Rosario todas las semanas<\/h3>\n\n\n\n<p><strong>Foren en nuestro <a href=\"https:\/\/tinyurl.com\/Grupo-ITAA-Rosario\">grupo de WhatsApp<\/a> para mas information: <br><a href=\"https:\/\/tinyurl.com\/Grupo-ITAA-Rosario\" target=\"_blank\" rel=\"noreferrer noopener\">https:\/\/tinyurl.com\/Grupo-ITAA-Rosario<\/a> <\/strong><br>O envia un email a\u00a0<a href=\"mailto:mauricioinserenity@gmail.com\" target=\"_blank\" rel=\"noreferrer noopener\">mauricioinserenity@gmail.com<\/a>.<\/p>\n\n\n\n<h3 class=\"wp-block-heading\">Genforeninger af Zoom<\/h3>\n\n\n\n<p>Si sos nuevo, te animamos a que pruebes a asistir a seis reuniones en un breve periodo de tiempo para ver si nuestro programa puede serte \u00fatil. Adem\u00e1s de nuestra reuni\u00f3n semanal en Rosario, tambi\u00e9n podes consultar nuestro\u00a0<a href=\"https:\/\/internetaddictsanonymous.org\/es\/espanol\/\">kalender komplet med reuniones af Zoom<\/a>. Todas las reuniones s\u00f8n totalmente gratuitas y an\u00f3nimas.<\/p>\n\n\n\n<h3 class=\"wp-block-heading\"><strong>Hvordan fungerer m\u00f8der?<\/strong><\/h3>\n\n\n\n<p>Hvis du skal deltage i et m\u00f8de for f\u00f8rste gang, er der ingen grund til at v\u00e6re nerv\u00f8s. De fleste af vores m\u00f8der er meget enkle; hvert m\u00f8de har en m\u00f8deleder, som leder m\u00f8det, og de fleste m\u00f8der varer en time. Formanden og andre frivillige l\u00e6ser nogle indledende erkl\u00e6ringer op, f\u00f8r vi \u00e5bner m\u00f8det for medlemmer, der vil dele. Der er ikke noget krav om at dele, og det er okay bare at lytte. Hvis du f\u00f8ler dig godt tilpas, kan du pr\u00e6sentere dig selv og fort\u00e6lle, hvad der bragte dig til ITAA. Medmindre medlemmet, der fort\u00e6ller, beder om det, kommer vi ikke med forslag eller kommentarer som svar p\u00e5 andres fort\u00e6llinger; vi lytter bare uden at d\u00f8mme. N\u00e5r timen er g\u00e5et, afsluttes m\u00f8det med nogle afsluttende bem\u00e6rkninger, hvorefter medlemmerne normalt taler uformelt sammen, stiller sp\u00f8rgsm\u00e5l og udveksler kontaktoplysninger.<\/p>\n\n\n\n<h3 class=\"wp-block-heading\">Ressourcer til internet- og teknologiafh\u00e6ngighed<\/h3>\n\n\n\n<p>Hvis du spekulerer p\u00e5, om du m\u00e5ske har en internet- og teknologiafh\u00e6ngighed, kan du gennemg\u00e5 vores sp\u00f8rgeskemaer til <a href=\"https:\/\/internetaddictsanonymous.org\/da\/afhaengighed-af-internet-og-teknologi\/\">internetafh\u00e6ngighed<\/a>, <a href=\"https:\/\/internetaddictsanonymous.org\/da\/afhaengighed-af-internet-og-teknologi\/afhaengighed-af-sociale-medier\/\">afh\u00e6ngighed af sociale medier<\/a>, <a href=\"https:\/\/internetaddictsanonymous.org\/da\/internetafhaengighed\/afhaengighed-af-streaming\/\">afh\u00e6ngighed af streaming<\/a>, <a href=\"https:\/\/internetaddictsanonymous.org\/da\/afhaengighed-af-internet-og-teknologi\/telefonafhaengighed\/\">Telefonafh\u00e6ngighed<\/a>, eller <a href=\"https:\/\/internetaddictsanonymous.org\/da\/afhaengighed-af-internet-og-teknologi\/afhaengighed-af-videospil\/\">afh\u00e6ngighed af videospil<\/a>. Du kan ogs\u00e5 l\u00e6re mere om ITAA ved at l\u00e6se vores&nbsp;<a href=\"https:\/\/internetaddictsanonymous.org\/da\/guide-til-nyankomne\/\">guide til nyankomne<\/a>, gennemg\u00e5r vores <a href=\"https:\/\/internetaddictsanonymous.org\/da\/ressourcer\/redskaber-til-genopretning\/\">redskaber til genopretning<\/a>eller lytte til <a href=\"https:\/\/internetaddictsanonymous.org\/da\/historier-om-at-komme-sig\/\">medlemmernes historier om at komme sig<\/a>.<\/p>\n\n\n\n<p>ITAA er ikke tilknyttet nogen politisk dagsorden, religion eller eksterne interesser. Vi er helt selvforsynende og gratis for alle, der har brug for det. Vores eneste form\u00e5l er at afholde os fra tvangsm\u00e6ssig brug af internet og teknologi og at hj\u00e6lpe andre med at finde frihed fra denne afh\u00e6ngighed.<\/p>\n\n\n\n<p>Igen, velkommen! Vi h\u00e5ber, at dette f\u00e6llesskab kan give dig den st\u00f8tte, du har brug for i din recovery fra internet- og teknologiafh\u00e6ngighed. T\u00f8v ikke med at kontakte os, hvis du har sp\u00f8rgsm\u00e5l.<\/p>\n<!-- PMB print buttons is only displayed on a single post\/page URLs-->","protected":false},"excerpt":{"rendered":"<p>Bienvenido a Addictos a Internet y la Tecnolog\u00eda An\u00f3nimos! ITAA er et f\u00e6llesskab af Doce Pasos formada por personas que se apoyan mutuamente para recuperarse de la adicci\u00f3n a Internet ya la tecnologia. Esto incluye la adicci\u00f3n a las redes sociales, los celulares, los v\u00eddeos online, los videojuegos, las noticias, la pornograf\u00eda, las aplicaciones de citas, \u2026 <a href=\"https:\/\/internetaddictsanonymous.org\/da\/in-person-meetings\/argentina-rosario\/\" class=\"more-link\">Forts\u00e6t med at l\u00e6se <span class=\"screen-reader-text\">ITAA i Argentina<\/span><\/a><\/p>","protected":false},"author":35194237,"featured_media":0,"parent":148,"menu_order":0,"comment_status":"closed","ping_status":"closed","template":"full-width-page.php","meta":{"inline_featured_image":false,"_lmt_disableupdate":"","_lmt_disable":"","footnotes":""},"tags":[],"class_list":["post-16397","page","type-page","status-publish","hentry"],"yoast_head":"<!-- This site is optimized with the Yoast SEO plugin v27.5 - https:\/\/yoast.com\/product\/yoast-seo-wordpress\/ -->\n<title>ITAA en Argentina &#8211; Internet and Technology Addicts Anonymous<\/title>\n<meta name=\"robots\" content=\"index, follow, max-snippet:-1, max-image-preview:large, max-video-preview:-1\" \/>\n<link rel=\"canonical\" href=\"https:\/\/internetaddictsanonymous.org\/da\/personlige-moder\/argentina-rosario\/\" \/>\n<meta property=\"og:locale\" content=\"da_DK\" \/>\n<meta property=\"og:type\" content=\"article\" \/>\n<meta property=\"og:title\" content=\"ITAA en Argentina &#8211; Internet and Technology Addicts Anonymous\" \/>\n<meta property=\"og:description\" content=\"\u00a1Bienvenido a Adictos a Internet y la Tecnolog\u00eda An\u00f3nimos!\u00a0ITAA es una comunidad de Doce Pasos formada por personas que se apoyan mutuamente para recuperarse de la adicci\u00f3n a Internet y a la tecnolog\u00eda.\u00a0Esto incluye la adicci\u00f3n a las redes sociales, los celulares, los v\u00eddeos online, los videojuegos, las noticias, la pornograf\u00eda, las aplicaciones de citas, &hellip; Continue reading ITAA en Argentina\" \/>\n<meta property=\"og:url\" content=\"https:\/\/internetaddictsanonymous.org\/da\/personlige-moder\/argentina-rosario\/\" \/>\n<meta property=\"og:site_name\" content=\"Internet and Technology Addicts Anonymous\" \/>\n<meta property=\"article:modified_time\" content=\"2025-11-27T20:47:33+00:00\" \/>\n<meta name=\"twitter:card\" content=\"summary_large_image\" \/>\n<meta name=\"twitter:label1\" content=\"Estimeret l\u00e6setid\" \/>\n\t<meta name=\"twitter:data1\" content=\"2 minutter\" \/>\n<script type=\"application\/ld+json\" class=\"yoast-schema-graph\">{\"@context\":\"https:\\\/\\\/schema.org\",\"@graph\":[{\"@type\":\"WebPage\",\"@id\":\"https:\\\/\\\/internetaddictsanonymous.org\\\/in-person-meetings\\\/argentina-rosario\\\/\",\"url\":\"https:\\\/\\\/internetaddictsanonymous.org\\\/in-person-meetings\\\/argentina-rosario\\\/\",\"name\":\"ITAA en Argentina &#8211; Internet and Technology Addicts Anonymous\",\"isPartOf\":{\"@id\":\"https:\\\/\\\/internetaddictsanonymous.org\\\/#website\"},\"datePublished\":\"2023-07-16T18:05:34+00:00\",\"dateModified\":\"2025-11-27T20:47:33+00:00\",\"breadcrumb\":{\"@id\":\"https:\\\/\\\/internetaddictsanonymous.org\\\/in-person-meetings\\\/argentina-rosario\\\/#breadcrumb\"},\"inLanguage\":\"da-DK\",\"potentialAction\":[{\"@type\":\"ReadAction\",\"target\":[\"https:\\\/\\\/internetaddictsanonymous.org\\\/in-person-meetings\\\/argentina-rosario\\\/\"]}]},{\"@type\":\"BreadcrumbList\",\"@id\":\"https:\\\/\\\/internetaddictsanonymous.org\\\/in-person-meetings\\\/argentina-rosario\\\/#breadcrumb\",\"itemListElement\":[{\"@type\":\"ListItem\",\"position\":1,\"name\":\"Home\",\"item\":\"https:\\\/\\\/internetaddictsanonymous.org\\\/\"},{\"@type\":\"ListItem\",\"position\":2,\"name\":\"In-Person Meetings\",\"item\":\"https:\\\/\\\/internetaddictsanonymous.org\\\/in-person-meetings\\\/\"},{\"@type\":\"ListItem\",\"position\":3,\"name\":\"ITAA en Argentina\"}]},{\"@type\":\"WebSite\",\"@id\":\"https:\\\/\\\/internetaddictsanonymous.org\\\/#website\",\"url\":\"https:\\\/\\\/internetaddictsanonymous.org\\\/\",\"name\":\"Internet and Technology Addicts Anonymous\",\"description\":\"Worldwide 12-step Fellowship for Internet and Technology Addiction\",\"publisher\":{\"@id\":\"https:\\\/\\\/internetaddictsanonymous.org\\\/#organization\"},\"potentialAction\":[{\"@type\":\"SearchAction\",\"target\":{\"@type\":\"EntryPoint\",\"urlTemplate\":\"https:\\\/\\\/internetaddictsanonymous.org\\\/?s={search_term_string}\"},\"query-input\":{\"@type\":\"PropertyValueSpecification\",\"valueRequired\":true,\"valueName\":\"search_term_string\"}}],\"inLanguage\":\"da-DK\"},{\"@type\":\"Organization\",\"@id\":\"https:\\\/\\\/internetaddictsanonymous.org\\\/#organization\",\"name\":\"Internet and Technology Addicts Anonymous\",\"url\":\"https:\\\/\\\/internetaddictsanonymous.org\\\/\",\"logo\":{\"@type\":\"ImageObject\",\"inLanguage\":\"da-DK\",\"@id\":\"https:\\\/\\\/internetaddictsanonymous.org\\\/#\\\/schema\\\/logo\\\/image\\\/\",\"url\":\"https:\\\/\\\/internetaddictsanonymous.org\\\/wp-content\\\/uploads\\\/2023\\\/01\\\/cropped-ITAA-logo-480px.png\",\"contentUrl\":\"https:\\\/\\\/internetaddictsanonymous.org\\\/wp-content\\\/uploads\\\/2023\\\/01\\\/cropped-ITAA-logo-480px.png\",\"width\":480,\"height\":480,\"caption\":\"Internet and Technology Addicts Anonymous\"},\"image\":{\"@id\":\"https:\\\/\\\/internetaddictsanonymous.org\\\/#\\\/schema\\\/logo\\\/image\\\/\"}}]}<\/script>\n<!-- \/ Yoast SEO plugin. -->","yoast_head_json":{"title":"ITAA i Argentina \u2013 Anonyme Internet- og Teknologiafh\u00e6ngige","robots":{"index":"index","follow":"follow","max-snippet":"max-snippet:-1","max-image-preview":"max-image-preview:large","max-video-preview":"max-video-preview:-1"},"canonical":"https:\/\/internetaddictsanonymous.org\/da\/personlige-moder\/argentina-rosario\/","og_locale":"da_DK","og_type":"article","og_title":"ITAA en Argentina &#8211; Internet and Technology Addicts Anonymous","og_description":"\u00a1Bienvenido a Adictos a Internet y la Tecnolog\u00eda An\u00f3nimos!\u00a0ITAA es una comunidad de Doce Pasos formada por personas que se apoyan mutuamente para recuperarse de la adicci\u00f3n a Internet y a la tecnolog\u00eda.\u00a0Esto incluye la adicci\u00f3n a las redes sociales, los celulares, los v\u00eddeos online, los videojuegos, las noticias, la pornograf\u00eda, las aplicaciones de citas, &hellip; Continue reading ITAA en Argentina","og_url":"https:\/\/internetaddictsanonymous.org\/da\/personlige-moder\/argentina-rosario\/","og_site_name":"Internet and Technology Addicts Anonymous","article_modified_time":"2025-11-27T20:47:33+00:00","twitter_card":"summary_large_image","twitter_misc":{"Estimeret l\u00e6setid":"2 minutter"},"schema":{"@context":"https:\/\/schema.org","@graph":[{"@type":"WebPage","@id":"https:\/\/internetaddictsanonymous.org\/in-person-meetings\/argentina-rosario\/","url":"https:\/\/internetaddictsanonymous.org\/in-person-meetings\/argentina-rosario\/","name":"ITAA i Argentina \u2013 Anonyme Internet- og Teknologiafh\u00e6ngige","isPartOf":{"@id":"https:\/\/internetaddictsanonymous.org\/#website"},"datePublished":"2023-07-16T18:05:34+00:00","dateModified":"2025-11-27T20:47:33+00:00","breadcrumb":{"@id":"https:\/\/internetaddictsanonymous.org\/in-person-meetings\/argentina-rosario\/#breadcrumb"},"inLanguage":"da-DK","potentialAction":[{"@type":"ReadAction","target":["https:\/\/internetaddictsanonymous.org\/in-person-meetings\/argentina-rosario\/"]}]},{"@type":"BreadcrumbList","@id":"https:\/\/internetaddictsanonymous.org\/in-person-meetings\/argentina-rosario\/#breadcrumb","itemListElement":[{"@type":"ListItem","position":1,"name":"Home","item":"https:\/\/internetaddictsanonymous.org\/"},{"@type":"ListItem","position":2,"name":"In-Person Meetings","item":"https:\/\/internetaddictsanonymous.org\/in-person-meetings\/"},{"@type":"ListItem","position":3,"name":"ITAA en Argentina"}]},{"@type":"WebSite","@id":"https:\/\/internetaddictsanonymous.org\/#website","url":"https:\/\/internetaddictsanonymous.org\/","name":"Anonyme internet- og teknologiafh\u00e6ngige","description":"Verdensomsp\u00e6ndende 12-trinsf\u00e6llesskab for internet- og teknologiafh\u00e6ngighed","publisher":{"@id":"https:\/\/internetaddictsanonymous.org\/#organization"},"potentialAction":[{"@type":"SearchAction","target":{"@type":"EntryPoint","urlTemplate":"https:\/\/internetaddictsanonymous.org\/?s={search_term_string}"},"query-input":{"@type":"PropertyValueSpecification","valueRequired":true,"valueName":"search_term_string"}}],"inLanguage":"da-DK"},{"@type":"Organization","@id":"https:\/\/internetaddictsanonymous.org\/#organization","name":"Anonyme internet- og teknologiafh\u00e6ngige","url":"https:\/\/internetaddictsanonymous.org\/","logo":{"@type":"ImageObject","inLanguage":"da-DK","@id":"https:\/\/internetaddictsanonymous.org\/#\/schema\/logo\/image\/","url":"https:\/\/internetaddictsanonymous.org\/wp-content\/uploads\/2023\/01\/cropped-ITAA-logo-480px.png","contentUrl":"https:\/\/internetaddictsanonymous.org\/wp-content\/uploads\/2023\/01\/cropped-ITAA-logo-480px.png","width":480,"height":480,"caption":"Internet and Technology Addicts Anonymous"},"image":{"@id":"https:\/\/internetaddictsanonymous.org\/#\/schema\/logo\/image\/"}}]}},"jetpack_sharing_enabled":true,"jetpack_shortlink":"https:\/\/wp.me\/P9Fwob-4gt","_links":{"self":[{"href":"https:\/\/internetaddictsanonymous.org\/da\/wp-json\/wp\/v2\/pages\/16397","targetHints":{"allow":["GET"]}}],"collection":[{"href":"https:\/\/internetaddictsanonymous.org\/da\/wp-json\/wp\/v2\/pages"}],"about":[{"href":"https:\/\/internetaddictsanonymous.org\/da\/wp-json\/wp\/v2\/types\/page"}],"author":[{"embeddable":true,"href":"https:\/\/internetaddictsanonymous.org\/da\/wp-json\/wp\/v2\/users\/35194237"}],"replies":[{"embeddable":true,"href":"https:\/\/internetaddictsanonymous.org\/da\/wp-json\/wp\/v2\/comments?post=16397"}],"version-history":[{"count":10,"href":"https:\/\/internetaddictsanonymous.org\/da\/wp-json\/wp\/v2\/pages\/16397\/revisions"}],"predecessor-version":[{"id":20708,"href":"https:\/\/internetaddictsanonymous.org\/da\/wp-json\/wp\/v2\/pages\/16397\/revisions\/20708"}],"up":[{"embeddable":true,"href":"https:\/\/internetaddictsanonymous.org\/da\/wp-json\/wp\/v2\/pages\/148"}],"wp:attachment":[{"href":"https:\/\/internetaddictsanonymous.org\/da\/wp-json\/wp\/v2\/media?parent=16397"}],"wp:term":[{"taxonomy":"post_tag","embeddable":true,"href":"https:\/\/internetaddictsanonymous.org\/da\/wp-json\/wp\/v2\/tags?post=16397"}],"curies":[{"name":"wp","href":"https:\/\/api.w.org\/{rel}","templated":true}]}}