{"id":16623,"date":"2023-08-19T13:56:19","date_gmt":"2023-08-19T17:56:19","guid":{"rendered":"https:\/\/internetaddictsanonymous.org\/?page_id=16623"},"modified":"2023-08-26T15:08:22","modified_gmt":"2023-08-26T19:08:22","slug":"vaerktojer-til-gendannelse-af-korte-formularer","status":"publish","type":"page","link":"https:\/\/internetaddictsanonymous.org\/da\/tools-of-recovery-short-forms\/","title":{"rendered":"Tools of Recovery: Short Forms"},"content":{"rendered":"<p><em>Nedenfor er korte former for vores <a href=\"https:\/\/internetaddictsanonymous.org\/da\/ressourcer\/redskaber-til-genopretning\/\">redskaber til genopretning<\/a> at vi nemt kan referere eller l\u00e6se h\u00f8jt p\u00e5 vores m\u00f8der. Forskellige medlemmer har fundet forskellige v\u00e6rkt\u00f8jer til at v\u00e6re nyttige, og ofte \u00e6ndrer de v\u00e6rkt\u00f8jer, vi bruger, sig over tid.<\/em><\/p>\n\n\n\n<p><strong><mark style=\"background-color:rgba(0, 0, 0, 0)\" class=\"has-inline-color has-dark-gray-color\">De tolv trin<\/mark><\/strong><br>De tolv trin i ITAA er den \u00e5ndelige kerne i vores program og grundlaget for vores langsigtede genopretning.&nbsp;<\/p>\n\n\n\n<p><strong><mark style=\"background-color:rgba(0, 0, 0, 0)\" class=\"has-inline-color has-dark-gray-color\">Sponsorering<\/mark><\/strong><br>Vi ops\u00f8ger en erfaren, \u00e6dru sponsor, som kan st\u00f8tte os i at arbejde med Trinene.&nbsp;<\/p>\n\n\n\n<p><strong><mark style=\"background-color:rgba(0, 0, 0, 0)\" class=\"has-inline-color has-dark-gray-color\">At opdage vores h\u00f8jere magt<\/mark><\/strong><br>Vi overgiver os til en magt, der er st\u00f8rre end os selv, og vi inviteres til at v\u00e6lge det begreb om en h\u00f8jere magt, der er mest nyttigt for os i vores egen bedring.&nbsp;<\/p>\n\n\n\n<p><strong><mark style=\"background-color:rgba(0, 0, 0, 0)\" class=\"has-inline-color has-dark-gray-color\">M\u00f8der<\/mark><\/strong><br>M\u00f8der forbinder os med andres erfaring, styrke og h\u00e5b og uddyber vores bedring.<\/p>\n\n\n\n<p><strong><mark style=\"background-color:rgba(0, 0, 0, 0)\" class=\"has-inline-color has-dark-gray-color\">Ops\u00f8gende opkald<\/mark><\/strong><br>Outreach-opkald hj\u00e6lper os med at forblive forbundet, st\u00f8ttet og \u00e6dru ved at give os muligheden for at n\u00e5 ud, n\u00e5r vi er s\u00e5rbare og opbygge varige venskaber i bedring.&nbsp;<\/p>\n\n\n\n<p><strong><mark style=\"background-color:rgba(0, 0, 0, 0)\" class=\"has-inline-color has-dark-gray-color\">Service<\/mark><\/strong><br>Service holder os \u00e6dru og giver os mulighed for at videregive det, vi s\u00e5 frit har modtaget.&nbsp;<\/p>\n\n\n\n<p><strong><mark style=\"background-color:rgba(0, 0, 0, 0)\" class=\"has-inline-color has-dark-gray-color\">Litteratur<\/mark><\/strong><br>Skriftlig genopretningslitteratur giver os visdom og indsigt, n\u00e5r vi opdager vores vej mod langsigtet \u00e6druelighed.&nbsp;&nbsp;&nbsp;<\/p>\n\n\n\n<p><strong><mark style=\"background-color:rgba(0, 0, 0, 0)\" class=\"has-inline-color has-dark-gray-color\">B\u00f8n og meditation<\/mark><\/strong><br>Vi bruger praksisser som b\u00f8n og meditation til at uddybe vores bevidste kontakt med en magt, der er st\u00f8rre end os selv, og som kan genoprette os til fornuft.<\/p>\n\n\n\n<p><strong><mark style=\"background-color:rgba(0, 0, 0, 0)\" class=\"has-inline-color has-dark-gray-color\">\u00d8verste linjer, midterste linjer, nederste linjer<\/mark><\/strong><br>Toplinjer er aktiviteter, der hj\u00e6lper os med at opfylde vores behov p\u00e5 sunde m\u00e5der, midterlinjer er den adf\u00e6rd og situationer, der n\u00e6rer vores trang til at handle, og bundlinjer er adf\u00e6rd, der konsekvent er tvangsm\u00e6ssig og selvdestruktiv for os. Vi afholder os fra vores bundlinjer.<\/p>\n\n\n\n<p><strong><mark style=\"background-color:rgba(0, 0, 0, 0)\" class=\"has-inline-color has-dark-gray-color\">At give slip p\u00e5 un\u00f8dvendig brug af teknologi<\/mark><\/strong><br>Vi undg\u00e5r at vende os til distraktion, flugt eller bed\u00f8velse af vores f\u00f8lelser gennem un\u00f8dvendig brug af internet og teknologi, og s\u00f8ger i stedet for at bruge teknologi i overensstemmelse med vores v\u00e6rdier og vores h\u00f8jere magts vilje for os.<\/p>\n\n\n\n<p><strong><mark style=\"background-color:rgba(0, 0, 0, 0)\" class=\"has-inline-color has-dark-gray-color\">Midlertidig afholdenhed<\/mark><\/strong><br>Vi kan forpligte os til en periode med midlertidig afholdenhed fra en bestemt internet- og teknologiadf\u00e6rd for at opleve livet uden det.&nbsp;<\/p>\n\n\n\n<p><strong><mark style=\"background-color:rgba(0, 0, 0, 0)\" class=\"has-inline-color has-dark-gray-color\">En dag ad gangen<\/mark><\/strong><br>I stedet for at k\u00e6mpe med et livslangt engagement, fokuserer vi blot p\u00e5 at forblive \u00e6dru i de n\u00e6ste 24 timer.&nbsp;<\/p>\n\n\n\n<p><mark style=\"background-color:rgba(0, 0, 0, 0)\" class=\"has-inline-color has-dark-gray-color\"><strong>Handlingsplaner<\/strong><br><\/mark>Vi laver handlingsplaner omkring udfordrende situationer, der kan destabilisere vores \u00e6druelighed.\u00a0<\/p>\n\n\n\n<p><strong><mark style=\"background-color:rgba(0, 0, 0, 0)\" class=\"has-inline-color has-dark-gray-color\">At reagere p\u00e5 trang<\/mark><\/strong><br>Hvis lysten til at bruge svulmer op, vender vi os til vores recovery-v\u00e6rkt\u00f8jer og l\u00e6ner os op af programmet, indtil trangen g\u00e5r over.<\/p>\n\n\n\n<p><strong><mark style=\"background-color:rgba(0, 0, 0, 0)\" class=\"has-inline-color has-dark-gray-color\">Skrivning af en Step One-opg\u00f8relse<\/mark><\/strong><br>Vi finder det nyttigt at skrive en historie om os selv og vores afh\u00e6ngighed: hvordan det var, hvordan det \u00e6ndrede sig over tid, og hvordan det er nu.&nbsp;<\/p>\n\n\n\n<p><strong><mark style=\"background-color:rgba(0, 0, 0, 0)\" class=\"has-inline-color has-dark-gray-color\">Logning af tid<\/mark><\/strong><br>At f\u00f8re en tidslog over al vores internet- og teknologibrug kan hj\u00e6lpe os med at f\u00e5 perspektiv p\u00e5 vores m\u00f8nstre.&nbsp;<\/p>\n\n\n\n<p><strong><mark style=\"background-color:rgba(0, 0, 0, 0)\" class=\"has-inline-color has-dark-gray-color\">Bogholderi<\/mark><\/strong><br>Vi booker ved at ringe eller sende en sms til et andet medlem f\u00f8r og efter en online aktivitet eller en udl\u00f8sende situation.<\/p>\n\n\n\n<p><strong><mark style=\"background-color:rgba(0, 0, 0, 0)\" class=\"has-inline-color has-dark-gray-color\">Begr\u00e6nsning af adgang til teknologi<\/mark><\/strong><br>Vi giver slip p\u00e5 apps, konti og enheder, der har aktiveret vores teknologiafh\u00e6ngighed, i tillid til, at vi kan leve et tilfredsstillende liv i deres frav\u00e6r.<\/p>\n\n\n\n<p><strong><mark style=\"background-color:rgba(0, 0, 0, 0)\" class=\"has-inline-color has-dark-gray-color\">Offline-alternativer<\/mark><\/strong><br>Vi overvejer m\u00e5der at n\u00e5 vores m\u00e5l p\u00e5 uden at vende os til teknologi, og vi kan opleve, at analoge v\u00e6rkt\u00f8jer opfylder vores behov lige s\u00e5 godt eller bedre end deres digitale \u00e6kvivalenter.<\/p>\n\n\n\n<p><strong><mark style=\"background-color:rgba(0, 0, 0, 0)\" class=\"has-inline-color has-dark-gray-color\">At tage tid v\u00e6k fra teknologien<\/mark><\/strong><br>Vi tager tid v\u00e6k fra alle sk\u00e6rme, n\u00e5r vi f\u00f8ler os rystende, og giver os selv plads til at genoprette vores fodf\u00e6ste og forbedre vores bevidste kontakt med vores H\u00f8jere Magt.<\/p>\n\n\n\n<p><strong><mark style=\"background-color:rgba(0, 0, 0, 0)\" class=\"has-inline-color has-dark-gray-color\">Journalisering<\/mark><\/strong><br>At skrive journaler om vores f\u00f8lelser, kampe og m\u00e5l, hvad enten det er gennem friformskrivning eller daglige 10. trinsopg\u00f8relser, hj\u00e6lper os med at udvikle perspektiv.&nbsp;&nbsp;<\/p>\n\n\n\n<p><strong><mark style=\"background-color:rgba(0, 0, 0, 0)\" class=\"has-inline-color has-dark-gray-color\">Gennemgang af tilbagefald<\/mark><\/strong><br>Hvis vi f\u00e5r tilbagefald, gennemg\u00e5r vi forsigtigt, hvad der skete, og identificerer de faktorer, der fik os til at glide, og hvad der muligvis skal \u00e6ndres i vores genopretningsprogram fremover.<\/p>\n\n\n\n<p><strong><mark style=\"background-color:rgba(0, 0, 0, 0)\" class=\"has-inline-color has-dark-gray-color\">Fysisk egenomsorg<\/mark><\/strong><br>Vi prioriterer vores fysiske egenomsorg gennem motion, s\u00f8vn, kost, hygiejne og l\u00e6gehj\u00e6lp.&nbsp;<\/p>\n\n\n\n<p><mark style=\"background-color:rgba(0, 0, 0, 0)\" class=\"has-inline-color has-dark-gray-color\"><strong>Personligt f\u00e6llesskab<\/strong><br><\/mark>Vi forbinder med og uddyber vores forhold til venner, familie og vores bredere samfund personligt.<\/p>\n\n\n\n<p><strong><mark style=\"background-color:rgba(0, 0, 0, 0)\" class=\"has-inline-color has-dark-gray-color\">Udvikling af hobbyer, passioner og aktiviteter<\/mark><\/strong><br>I \u00e6druelighed investerer vi vores tid i nye eller fors\u00f8mte interesser og lidenskaber, hvilket bringer st\u00f8rre tilfredsstillelse til vores liv.<\/p>\n\n\n\n<p><strong><mark style=\"background-color:rgba(0, 0, 0, 0)\" class=\"has-inline-color has-dark-gray-color\">Genkendelse af andre tvangshandlinger<\/mark><\/strong><br>Efterh\u00e5nden som vi finder afholdenhed i ITAA, kan vi bem\u00e6rke, at anden tvangsadf\u00e6rd opst\u00e5r, og vi s\u00f8ger vejledning fra andre i forhold til dem.<\/p>\n\n\n\n<p><mark style=\"background-color:rgba(0, 0, 0, 0)\" class=\"has-inline-color has-dark-gray-color\"><strong>Hj\u00e6lp udefra<\/strong><br><\/mark>Vi g\u00f8r brug af eksterne ressourcer, herunder andre 12-trins stipendier og professionel hj\u00e6lp.<\/p>\n\n\n\n<hr class=\"wp-block-separator has-alpha-channel-opacity is-style-wide\"\/>\n\n\n\n<p> <\/p>\n\n\n\n<p id=\"block-064b8179-f2e2-4ec2-84cc-83680bf0c928\"><em>Denne side er skrevet af ITAA's Web Content Committee. Hvis du har lyst til at give os feedback eller bidrage til vores arbejde, vil vi meget gerne h\u00f8re fra dig eller have dig med til et af vores m\u00f8der. Flere detaljer kan findes p\u00e5 <a href=\"https:\/\/internetaddictsanonymous.org\/da\/abne-servicestillinger\/\">Service-udvalg<\/a> side.<\/em><\/p>\n<!-- PMB print buttons is only displayed on a single post\/page URLs-->","protected":false},"excerpt":{"rendered":"<p>Nedenfor er korte former for vores v\u00e6rkt\u00f8jer til recovery, som vi nemt kan referere til eller l\u00e6se h\u00f8jt p\u00e5 vores m\u00f8der. Forskellige medlemmer har fundet forskellige v\u00e6rkt\u00f8jer til at v\u00e6re nyttige, og ofte \u00e6ndrer de v\u00e6rkt\u00f8jer, vi bruger, sig over tid. De tolv trinDe tolv trin i ITAA er den \u00e5ndelige kerne i vores program og grundlaget ... <a href=\"https:\/\/internetaddictsanonymous.org\/da\/tools-of-recovery-short-forms\/\" class=\"more-link\">Forts\u00e6t med at l\u00e6se <span class=\"screen-reader-text\">Tools of Recovery: Short Forms<\/span><\/a><\/p>","protected":false},"author":35194237,"featured_media":0,"parent":0,"menu_order":0,"comment_status":"closed","ping_status":"closed","template":"full-width-page.php","meta":{"inline_featured_image":false,"_lmt_disableupdate":"","_lmt_disable":"","jetpack_post_was_ever_published":false,"footnotes":""},"tags":[],"class_list":["post-16623","page","type-page","status-publish","hentry"],"yoast_head":"<!-- This site is optimized with the Yoast SEO plugin v27.3 - https:\/\/yoast.com\/product\/yoast-seo-wordpress\/ -->\n<title>Tools of Recovery: Short Forms &#8211; Internet and Technology Addicts Anonymous<\/title>\n<meta name=\"robots\" content=\"index, follow, max-snippet:-1, max-image-preview:large, max-video-preview:-1\" \/>\n<link rel=\"canonical\" href=\"https:\/\/internetaddictsanonymous.org\/da\/vaerktojer-til-gendannelse-af-korte-formularer\/\" \/>\n<meta property=\"og:locale\" content=\"da_DK\" \/>\n<meta property=\"og:type\" content=\"article\" \/>\n<meta property=\"og:title\" content=\"Tools of Recovery: Short Forms &#8211; Internet and Technology Addicts Anonymous\" \/>\n<meta property=\"og:description\" content=\"Below are short forms of our tools of recovery that we can easily reference or read aloud in our meetings. Different members have found different tools to be helpful, and often the tools we use change over time. The Twelve StepsThe Twelve Steps of ITAA are the spiritual core of our program and the basis &hellip; Continue reading Tools of Recovery: Short Forms\" \/>\n<meta property=\"og:url\" content=\"https:\/\/internetaddictsanonymous.org\/da\/vaerktojer-til-gendannelse-af-korte-formularer\/\" \/>\n<meta property=\"og:site_name\" content=\"Internet and Technology Addicts Anonymous\" \/>\n<meta property=\"article:modified_time\" content=\"2023-08-26T19:08:22+00:00\" \/>\n<meta name=\"twitter:card\" content=\"summary_large_image\" \/>\n<meta name=\"twitter:label1\" content=\"Estimeret l\u00e6setid\" \/>\n\t<meta name=\"twitter:data1\" content=\"4 minutter\" \/>\n<script type=\"application\/ld+json\" class=\"yoast-schema-graph\">{\"@context\":\"https:\\\/\\\/schema.org\",\"@graph\":[{\"@type\":\"WebPage\",\"@id\":\"https:\\\/\\\/internetaddictsanonymous.org\\\/tools-of-recovery-short-forms\\\/\",\"url\":\"https:\\\/\\\/internetaddictsanonymous.org\\\/tools-of-recovery-short-forms\\\/\",\"name\":\"Tools of Recovery: Short Forms &#8211; Internet and Technology Addicts Anonymous\",\"isPartOf\":{\"@id\":\"https:\\\/\\\/internetaddictsanonymous.org\\\/#website\"},\"datePublished\":\"2023-08-19T17:56:19+00:00\",\"dateModified\":\"2023-08-26T19:08:22+00:00\",\"breadcrumb\":{\"@id\":\"https:\\\/\\\/internetaddictsanonymous.org\\\/tools-of-recovery-short-forms\\\/#breadcrumb\"},\"inLanguage\":\"da-DK\",\"potentialAction\":[{\"@type\":\"ReadAction\",\"target\":[\"https:\\\/\\\/internetaddictsanonymous.org\\\/tools-of-recovery-short-forms\\\/\"]}]},{\"@type\":\"BreadcrumbList\",\"@id\":\"https:\\\/\\\/internetaddictsanonymous.org\\\/tools-of-recovery-short-forms\\\/#breadcrumb\",\"itemListElement\":[{\"@type\":\"ListItem\",\"position\":1,\"name\":\"Home\",\"item\":\"https:\\\/\\\/internetaddictsanonymous.org\\\/\"},{\"@type\":\"ListItem\",\"position\":2,\"name\":\"Tools of Recovery: Short Forms\"}]},{\"@type\":\"WebSite\",\"@id\":\"https:\\\/\\\/internetaddictsanonymous.org\\\/#website\",\"url\":\"https:\\\/\\\/internetaddictsanonymous.org\\\/\",\"name\":\"Internet and Technology Addicts Anonymous\",\"description\":\"Worldwide 12-step Fellowship for Internet and Technology Addiction\",\"publisher\":{\"@id\":\"https:\\\/\\\/internetaddictsanonymous.org\\\/#organization\"},\"potentialAction\":[{\"@type\":\"SearchAction\",\"target\":{\"@type\":\"EntryPoint\",\"urlTemplate\":\"https:\\\/\\\/internetaddictsanonymous.org\\\/?s={search_term_string}\"},\"query-input\":{\"@type\":\"PropertyValueSpecification\",\"valueRequired\":true,\"valueName\":\"search_term_string\"}}],\"inLanguage\":\"da-DK\"},{\"@type\":\"Organization\",\"@id\":\"https:\\\/\\\/internetaddictsanonymous.org\\\/#organization\",\"name\":\"Internet and Technology Addicts Anonymous\",\"url\":\"https:\\\/\\\/internetaddictsanonymous.org\\\/\",\"logo\":{\"@type\":\"ImageObject\",\"inLanguage\":\"da-DK\",\"@id\":\"https:\\\/\\\/internetaddictsanonymous.org\\\/#\\\/schema\\\/logo\\\/image\\\/\",\"url\":\"https:\\\/\\\/internetaddictsanonymous.org\\\/wp-content\\\/uploads\\\/2023\\\/01\\\/cropped-ITAA-logo-480px.png\",\"contentUrl\":\"https:\\\/\\\/internetaddictsanonymous.org\\\/wp-content\\\/uploads\\\/2023\\\/01\\\/cropped-ITAA-logo-480px.png\",\"width\":480,\"height\":480,\"caption\":\"Internet and Technology Addicts Anonymous\"},\"image\":{\"@id\":\"https:\\\/\\\/internetaddictsanonymous.org\\\/#\\\/schema\\\/logo\\\/image\\\/\"}}]}<\/script>\n<!-- \/ Yoast SEO plugin. -->","yoast_head_json":{"title":"V\u00e6rkt\u00f8jer til genopretning: korte formularer \u2013 anonyme internet- og teknologiafh\u00e6ngige","robots":{"index":"index","follow":"follow","max-snippet":"max-snippet:-1","max-image-preview":"max-image-preview:large","max-video-preview":"max-video-preview:-1"},"canonical":"https:\/\/internetaddictsanonymous.org\/da\/vaerktojer-til-gendannelse-af-korte-formularer\/","og_locale":"da_DK","og_type":"article","og_title":"Tools of Recovery: Short Forms &#8211; Internet and Technology Addicts Anonymous","og_description":"Below are short forms of our tools of recovery that we can easily reference or read aloud in our meetings. Different members have found different tools to be helpful, and often the tools we use change over time. The Twelve StepsThe Twelve Steps of ITAA are the spiritual core of our program and the basis &hellip; Continue reading Tools of Recovery: Short Forms","og_url":"https:\/\/internetaddictsanonymous.org\/da\/vaerktojer-til-gendannelse-af-korte-formularer\/","og_site_name":"Internet and Technology Addicts Anonymous","article_modified_time":"2023-08-26T19:08:22+00:00","twitter_card":"summary_large_image","twitter_misc":{"Estimeret l\u00e6setid":"4 minutter"},"schema":{"@context":"https:\/\/schema.org","@graph":[{"@type":"WebPage","@id":"https:\/\/internetaddictsanonymous.org\/tools-of-recovery-short-forms\/","url":"https:\/\/internetaddictsanonymous.org\/tools-of-recovery-short-forms\/","name":"V\u00e6rkt\u00f8jer til genopretning: korte formularer \u2013 anonyme internet- og teknologiafh\u00e6ngige","isPartOf":{"@id":"https:\/\/internetaddictsanonymous.org\/#website"},"datePublished":"2023-08-19T17:56:19+00:00","dateModified":"2023-08-26T19:08:22+00:00","breadcrumb":{"@id":"https:\/\/internetaddictsanonymous.org\/tools-of-recovery-short-forms\/#breadcrumb"},"inLanguage":"da-DK","potentialAction":[{"@type":"ReadAction","target":["https:\/\/internetaddictsanonymous.org\/tools-of-recovery-short-forms\/"]}]},{"@type":"BreadcrumbList","@id":"https:\/\/internetaddictsanonymous.org\/tools-of-recovery-short-forms\/#breadcrumb","itemListElement":[{"@type":"ListItem","position":1,"name":"Home","item":"https:\/\/internetaddictsanonymous.org\/"},{"@type":"ListItem","position":2,"name":"Tools of Recovery: Short Forms"}]},{"@type":"WebSite","@id":"https:\/\/internetaddictsanonymous.org\/#website","url":"https:\/\/internetaddictsanonymous.org\/","name":"Anonyme internet- og teknologiafh\u00e6ngige","description":"Verdensomsp\u00e6ndende 12-trinsf\u00e6llesskab for internet- og teknologiafh\u00e6ngighed","publisher":{"@id":"https:\/\/internetaddictsanonymous.org\/#organization"},"potentialAction":[{"@type":"SearchAction","target":{"@type":"EntryPoint","urlTemplate":"https:\/\/internetaddictsanonymous.org\/?s={search_term_string}"},"query-input":{"@type":"PropertyValueSpecification","valueRequired":true,"valueName":"search_term_string"}}],"inLanguage":"da-DK"},{"@type":"Organization","@id":"https:\/\/internetaddictsanonymous.org\/#organization","name":"Anonyme internet- og teknologiafh\u00e6ngige","url":"https:\/\/internetaddictsanonymous.org\/","logo":{"@type":"ImageObject","inLanguage":"da-DK","@id":"https:\/\/internetaddictsanonymous.org\/#\/schema\/logo\/image\/","url":"https:\/\/internetaddictsanonymous.org\/wp-content\/uploads\/2023\/01\/cropped-ITAA-logo-480px.png","contentUrl":"https:\/\/internetaddictsanonymous.org\/wp-content\/uploads\/2023\/01\/cropped-ITAA-logo-480px.png","width":480,"height":480,"caption":"Internet and Technology Addicts Anonymous"},"image":{"@id":"https:\/\/internetaddictsanonymous.org\/#\/schema\/logo\/image\/"}}]}},"jetpack_sharing_enabled":true,"jetpack_shortlink":"https:\/\/wp.me\/P9Fwob-4k7","_links":{"self":[{"href":"https:\/\/internetaddictsanonymous.org\/da\/wp-json\/wp\/v2\/pages\/16623","targetHints":{"allow":["GET"]}}],"collection":[{"href":"https:\/\/internetaddictsanonymous.org\/da\/wp-json\/wp\/v2\/pages"}],"about":[{"href":"https:\/\/internetaddictsanonymous.org\/da\/wp-json\/wp\/v2\/types\/page"}],"author":[{"embeddable":true,"href":"https:\/\/internetaddictsanonymous.org\/da\/wp-json\/wp\/v2\/users\/35194237"}],"replies":[{"embeddable":true,"href":"https:\/\/internetaddictsanonymous.org\/da\/wp-json\/wp\/v2\/comments?post=16623"}],"version-history":[{"count":23,"href":"https:\/\/internetaddictsanonymous.org\/da\/wp-json\/wp\/v2\/pages\/16623\/revisions"}],"predecessor-version":[{"id":16675,"href":"https:\/\/internetaddictsanonymous.org\/da\/wp-json\/wp\/v2\/pages\/16623\/revisions\/16675"}],"wp:attachment":[{"href":"https:\/\/internetaddictsanonymous.org\/da\/wp-json\/wp\/v2\/media?parent=16623"}],"wp:term":[{"taxonomy":"post_tag","embeddable":true,"href":"https:\/\/internetaddictsanonymous.org\/da\/wp-json\/wp\/v2\/tags?post=16623"}],"curies":[{"name":"wp","href":"https:\/\/api.w.org\/{rel}","templated":true}]}}