{"id":16726,"date":"2023-09-02T13:40:49","date_gmt":"2023-09-02T17:40:49","guid":{"rendered":"https:\/\/internetaddictsanonymous.org\/?page_id=16726"},"modified":"2023-09-02T13:48:45","modified_gmt":"2023-09-02T17:48:45","slug":"for-ateister-og-agnostikere","status":"publish","type":"page","link":"https:\/\/internetaddictsanonymous.org\/da\/for-atheists-and-agnostics\/","title":{"rendered":"For ateister og agnostikere"},"content":{"rendered":"<p>Da vi tr\u00e5dte ind i ITAA, undrede mange af os, der er ateister eller agnostikere, os over, om dette var et religi\u00f8st program. Selv da vi blev informeret om, at ITAA ikke er tilknyttet nogen religion, stillede nogle af os stadig sp\u00f8rgsm\u00e5lstegn ved, om der var subtile religi\u00f8se forpligtelser, der lurede et eller andet sted ude af syne.<\/p>\n\n\n\n<p>Faktum er, at der ikke er nogen som helst religi\u00f8se overbevisninger, der er n\u00f8dvendige for at deltage i vores program, arbejde med trinene og finde langsigtet \u00e6druelighed. Vores f\u00e6llesskab fastholder ethvert medlems frihed til at engagere sig i enhver trostradition eller mangel p\u00e5 trostradition, som er mest hj\u00e6lpsom for dem i deres egen vej til bedring. Vores ateisme og agnosticisme har ikke forhindret os i at finde frihed fra afh\u00e6ngighed, og gennem bedring har vi udviklet en dybere forbindelse til os selv, andre og verden omkring os.&nbsp;<\/p>\n\n\n\n<p>Hvad menes der s\u00e5 med udtrykket \"H\u00f8jere Magt\", som ofte optr\u00e6der i vores program? De Tolv Trin er centreret omkring vores overgivelse til en magt, der er st\u00f8rre end os selv, og vi inviteres til at udforske det begreb om en H\u00f8jere Magt, der er mest nyttigt for os i vores egen bedringsproces. Der er en enorm mangfoldighed i, hvordan forskellige medlemmer forst\u00e5r deres H\u00f8jere Magt, og vi har gavn af at sp\u00f8rge andre om deres erfaringer. Nogle medlemmer forst\u00e5r deres H\u00f8jere Magt som naturen, universet, virkeligheden, begreber som k\u00e6rlighed eller tjeneste, det nuv\u00e6rende \u00f8jeblik, f\u00e6llesskabet i ITAA, kraften i menneskelige forbindelser, den kollektive visdom hos alle mennesker i bedring, vores indre k\u00e6rlige for\u00e6lder, vores indre styrke eller vores h\u00f8jere selv. Andre finder resonans med et \u00e5ndeligt v\u00e6sen, en kraft eller en energi. Nogle medlemmer bruger m\u00e5ske ordet Gud til at navngive denne kraft. Hver af os er inviteret til at opdage den H\u00f8jere Magt, som er mest befordrende for vores personlige v\u00e6kst og vores recovery fra afh\u00e6ngighed.<\/p>\n\n\n\n<p>Det er ofte blevet bem\u00e6rket, at vi ikke beh\u00f8ver at tro p\u00e5 Gud for at arbejde med trinene; vi skal bare tro p\u00e5, at vi ikke er Gud. P\u00e5 rejsen mod \u00e6druelighed accepterer vi f\u00f8rst, at vi har et alvorligt problem, som vi ikke kan l\u00f8se med vores egen vilje. Derefter kommer vi til at tro p\u00e5, at der kan v\u00e6re noget uden for os selv, som kan hj\u00e6lpe os med at finde langsigtet bedring fra vores bes\u00e6ttende og selvdestruktive adf\u00e6rd, som det fremg\u00e5r af det faktum, at millioner af andre, der lider af afh\u00e6ngighedssygdommen, har fundet frihed gennem tolvtrinsprogrammer. Dern\u00e6st forpligter vi os til at stole p\u00e5 processen og tage imod hj\u00e6lp fra andre, en dag ad gangen.<\/p>\n\n\n\n<p>K\u00e6rlighed, tolerance og \u00e5benhed guider os i vores recovery, og vi hylder mangfoldigheden af spirituelle veje, som forskellige medlemmer g\u00e5r. Vi h\u00e5ber, at du vil f\u00f8le dig velkommen i ITAA, og vi opfordrer dig til at pr\u00f8ve at deltage i seks forskellige m\u00f8der inden for en kort periode for at finde ud af, om vores program kan v\u00e6re nyttigt for dig.<br><br> <\/p>\n\n\n\n<h3 class=\"wp-block-heading\"><strong>Medlemmerne deler deres erfaringer, styrke og h\u00e5b om at komme sig som ateister og agnostikere:<\/strong><\/h3>\n\n\n\n<p><em>Selvom jeg ikke praktiserer nogen religion, har jeg v\u00e6ret i stand til at arbejde med trinene, have en h\u00f8jere magt og finde langsigtet frihed fra min afh\u00e6ngighed. Jeg har fortolket den spirituelle dimension af vores program som en invitation til at engagere mig i noget, der er st\u00f8rre end mig selv, og udvikle en meningsfuld eksistens. Gennem recovery har jeg fundet en meget rigere og mere tilfredsstillende m\u00e5de at leve p\u00e5, end jeg f\u00f8rst havde, da jeg kom ind i programmet. I dag f\u00f8ler jeg mig godt tilpas, n\u00e5r jeg h\u00f8rer andre medlemmer tale om deres spirituelle vej - jeg f\u00f8ler, at jeg kan relatere til deres oplevelser uden at d\u00f8mme dem.&nbsp;<\/em><\/p>\n\n\n\n<p class=\"has-text-align-center\"><em>***<\/em><\/p>\n\n\n\n<p><em>Jeg havde et stort problem med Trinene, indtil jeg endelig forstod, at jeg ikke beh\u00f8vede at tro p\u00e5 nogen religion eller have nogen \u00e5ndelig overbevisning for at arbejde med dem. Trinene l\u00e6gger v\u00e6gt p\u00e5 en \"h\u00f8jere magt <\/em>af vores egen forst\u00e5else<em>\". For mig er min H\u00f8jere Magt kraften i at dele \u00e6rligt med andre og i medf\u00f8lende menneskelig kontakt.<\/em><\/p>\n\n\n\n<p class=\"has-text-align-center\">***<\/p>\n\n\n\n<p><em>Jeg er ateist, og da jeg meldte mig ind i ITAA, var jeg bange for at blive omvendt. Jeg havde brug for at finde noget, jeg stolede p\u00e5. Jeg begyndte at deltage i ateistiske og agnostiske m\u00f8der og fandt dem meget hj\u00e6lpsomme. De gav mig tilladelse til at tro p\u00e5 den h\u00f8jere magt, som jeg nu har.&nbsp;<\/em><\/p>\n\n\n\n<p class=\"has-text-align-center\">***<\/p>\n\n\n\n<p><em>Et vigtigt aspekt af min ateisme er en forpligtelse over for sandheden. Recovery hjalp mig med at give slip p\u00e5 illusionen om, at jeg kunne overvinde en neurologisk tilstand. Det kan jeg ikke. Jeg har brug for hj\u00e6lp, nogle gange p\u00e5 m\u00e5der, jeg ikke forst\u00e5r. Gennem recovery og st\u00f8tte fra andre har jeg udviklet en dybere forst\u00e5else af mig selv og er bedre i stand til at leve mit liv i overensstemmelse med virkeligheden. I den proces har jeg v\u00e6ret i stand til at opn\u00e5 og opretholde kontinuerlig afholdenhed fra min vanedannende adf\u00e6rd i over tre \u00e5r.&nbsp;<\/em><\/p>\n\n\n\n<p class=\"has-text-align-center\">***<\/p>\n\n\n\n<p>I recovery er vi alle inviteret til at overs\u00e6tte vores programs sprog til noget, der fungerer for os, og vi er velkomne til at l\u00e6gge alt til side, som vi ikke finder nyttigt. Alt i vores program er kun et forslag. Hvis du har et \u00f8nske om at stoppe med at bruge teknologi tvangsm\u00e6ssigt og er interesseret i at pr\u00f8ve vores program, anbefaler vi, at du deltager i seks m\u00f8der inden for en kort tidsramme for at se, om ITAA kan v\u00e6re en hj\u00e6lp for dig. Vi h\u00e5ber, at du p\u00e5 vores m\u00f8der finder den samme lettelse og frihed, som s\u00e5 mange af os har oplevet.<\/p>\n\n\n\n<div class=\"wp-block-buttons is-content-justification-left is-layout-flex wp-container-core-buttons-is-layout-fdcfc74e wp-block-buttons-is-layout-flex\">\n<div class=\"wp-block-button has-custom-width wp-block-button__width-50 has-custom-font-size is-style-fill\" style=\"font-size:25px;font-style:normal;font-weight:900\"><a class=\"wp-block-button__link has-white-color has-blue-background-color has-text-color has-background wp-element-button\" href=\"https:\/\/internetaddictsanonymous.org\/da\/online-moder\/\" style=\"border-radius:100px\">Deltag i et m\u00f8de<\/a><\/div>\n\n\n<\/div>\n\n\n\n<div style=\"height:75px\" aria-hidden=\"true\" class=\"wp-block-spacer\"><\/div>\n<!-- PMB print buttons is only displayed on a single post\/page URLs-->","protected":false},"excerpt":{"rendered":"<p>Da vi kom ind i ITAA, spekulerede mange af os, der er ateister eller agnostikere, om dette var et religi\u00f8st program. Selv da vi blev informeret om, at ITAA ikke er tilknyttet nogen religion, stillede nogle af os stadig sp\u00f8rgsm\u00e5lstegn ved, om der var subtile religi\u00f8se forpligtelser, der lurede et sted ude af syne. Faktum er, at der ikke er nogen religi\u00f8s overbevisning \u2026 <a href=\"https:\/\/internetaddictsanonymous.org\/da\/for-atheists-and-agnostics\/\" class=\"more-link\">Forts\u00e6t med at l\u00e6se <span class=\"screen-reader-text\">For ateister og agnostikere<\/span><\/a><\/p>","protected":false},"author":35194237,"featured_media":0,"parent":0,"menu_order":0,"comment_status":"closed","ping_status":"closed","template":"full-width-page.php","meta":{"inline_featured_image":false,"_lmt_disableupdate":"","_lmt_disable":"","footnotes":""},"tags":[],"class_list":["post-16726","page","type-page","status-publish","hentry"],"yoast_head":"<!-- This site is optimized with the Yoast SEO plugin v27.6 - https:\/\/yoast.com\/product\/yoast-seo-wordpress\/ -->\n<title>For Atheists and Agnostics &#8211; Internet and Technology Addicts Anonymous<\/title>\n<meta name=\"robots\" content=\"index, follow, max-snippet:-1, max-image-preview:large, max-video-preview:-1\" \/>\n<link rel=\"canonical\" href=\"https:\/\/internetaddictsanonymous.org\/da\/for-ateister-og-agnostikere\/\" \/>\n<meta property=\"og:locale\" content=\"da_DK\" \/>\n<meta property=\"og:type\" content=\"article\" \/>\n<meta property=\"og:title\" content=\"For Atheists and Agnostics &#8211; Internet and Technology Addicts Anonymous\" \/>\n<meta property=\"og:description\" content=\"Upon entering ITAA, many of us who are atheists or agnostics wondered whether this was a religious program. Even when we were informed that ITAA isn\u2019t affiliated with any religion, some of us still questioned whether there were subtle religious commitments lurking somewhere out of sight. The fact is that there are no religious beliefs &hellip; Continue reading For Atheists and Agnostics\" \/>\n<meta property=\"og:url\" content=\"https:\/\/internetaddictsanonymous.org\/da\/for-ateister-og-agnostikere\/\" \/>\n<meta property=\"og:site_name\" content=\"Internet and Technology Addicts Anonymous\" \/>\n<meta property=\"article:modified_time\" content=\"2023-09-02T17:48:45+00:00\" \/>\n<meta name=\"twitter:card\" content=\"summary_large_image\" \/>\n<meta name=\"twitter:label1\" content=\"Estimeret l\u00e6setid\" \/>\n\t<meta name=\"twitter:data1\" content=\"4 minutter\" \/>\n<script type=\"application\/ld+json\" class=\"yoast-schema-graph\">{\"@context\":\"https:\\\/\\\/schema.org\",\"@graph\":[{\"@type\":\"WebPage\",\"@id\":\"https:\\\/\\\/internetaddictsanonymous.org\\\/for-atheists-and-agnostics\\\/\",\"url\":\"https:\\\/\\\/internetaddictsanonymous.org\\\/for-atheists-and-agnostics\\\/\",\"name\":\"For Atheists and Agnostics &#8211; Internet and Technology Addicts Anonymous\",\"isPartOf\":{\"@id\":\"https:\\\/\\\/internetaddictsanonymous.org\\\/#website\"},\"datePublished\":\"2023-09-02T17:40:49+00:00\",\"dateModified\":\"2023-09-02T17:48:45+00:00\",\"breadcrumb\":{\"@id\":\"https:\\\/\\\/internetaddictsanonymous.org\\\/for-atheists-and-agnostics\\\/#breadcrumb\"},\"inLanguage\":\"da-DK\",\"potentialAction\":[{\"@type\":\"ReadAction\",\"target\":[\"https:\\\/\\\/internetaddictsanonymous.org\\\/for-atheists-and-agnostics\\\/\"]}]},{\"@type\":\"BreadcrumbList\",\"@id\":\"https:\\\/\\\/internetaddictsanonymous.org\\\/for-atheists-and-agnostics\\\/#breadcrumb\",\"itemListElement\":[{\"@type\":\"ListItem\",\"position\":1,\"name\":\"Home\",\"item\":\"https:\\\/\\\/internetaddictsanonymous.org\\\/\"},{\"@type\":\"ListItem\",\"position\":2,\"name\":\"For Atheists and Agnostics\"}]},{\"@type\":\"WebSite\",\"@id\":\"https:\\\/\\\/internetaddictsanonymous.org\\\/#website\",\"url\":\"https:\\\/\\\/internetaddictsanonymous.org\\\/\",\"name\":\"Internet and Technology Addicts Anonymous\",\"description\":\"Worldwide 12-step Fellowship for Internet and Technology Addiction\",\"publisher\":{\"@id\":\"https:\\\/\\\/internetaddictsanonymous.org\\\/#organization\"},\"potentialAction\":[{\"@type\":\"SearchAction\",\"target\":{\"@type\":\"EntryPoint\",\"urlTemplate\":\"https:\\\/\\\/internetaddictsanonymous.org\\\/?s={search_term_string}\"},\"query-input\":{\"@type\":\"PropertyValueSpecification\",\"valueRequired\":true,\"valueName\":\"search_term_string\"}}],\"inLanguage\":\"da-DK\"},{\"@type\":\"Organization\",\"@id\":\"https:\\\/\\\/internetaddictsanonymous.org\\\/#organization\",\"name\":\"Internet and Technology Addicts Anonymous\",\"url\":\"https:\\\/\\\/internetaddictsanonymous.org\\\/\",\"logo\":{\"@type\":\"ImageObject\",\"inLanguage\":\"da-DK\",\"@id\":\"https:\\\/\\\/internetaddictsanonymous.org\\\/#\\\/schema\\\/logo\\\/image\\\/\",\"url\":\"https:\\\/\\\/internetaddictsanonymous.org\\\/wp-content\\\/uploads\\\/2023\\\/01\\\/cropped-ITAA-logo-480px.png\",\"contentUrl\":\"https:\\\/\\\/internetaddictsanonymous.org\\\/wp-content\\\/uploads\\\/2023\\\/01\\\/cropped-ITAA-logo-480px.png\",\"width\":480,\"height\":480,\"caption\":\"Internet and Technology Addicts Anonymous\"},\"image\":{\"@id\":\"https:\\\/\\\/internetaddictsanonymous.org\\\/#\\\/schema\\\/logo\\\/image\\\/\"}}]}<\/script>\n<!-- \/ Yoast SEO plugin. -->","yoast_head_json":{"title":"For ateister og agnostikere - Anonyme internet- og teknologiafh\u00e6ngige","robots":{"index":"index","follow":"follow","max-snippet":"max-snippet:-1","max-image-preview":"max-image-preview:large","max-video-preview":"max-video-preview:-1"},"canonical":"https:\/\/internetaddictsanonymous.org\/da\/for-ateister-og-agnostikere\/","og_locale":"da_DK","og_type":"article","og_title":"For Atheists and Agnostics &#8211; Internet and Technology Addicts Anonymous","og_description":"Upon entering ITAA, many of us who are atheists or agnostics wondered whether this was a religious program. Even when we were informed that ITAA isn\u2019t affiliated with any religion, some of us still questioned whether there were subtle religious commitments lurking somewhere out of sight. The fact is that there are no religious beliefs &hellip; Continue reading For Atheists and Agnostics","og_url":"https:\/\/internetaddictsanonymous.org\/da\/for-ateister-og-agnostikere\/","og_site_name":"Internet and Technology Addicts Anonymous","article_modified_time":"2023-09-02T17:48:45+00:00","twitter_card":"summary_large_image","twitter_misc":{"Estimeret l\u00e6setid":"4 minutter"},"schema":{"@context":"https:\/\/schema.org","@graph":[{"@type":"WebPage","@id":"https:\/\/internetaddictsanonymous.org\/for-atheists-and-agnostics\/","url":"https:\/\/internetaddictsanonymous.org\/for-atheists-and-agnostics\/","name":"For ateister og agnostikere - Anonyme internet- og teknologiafh\u00e6ngige","isPartOf":{"@id":"https:\/\/internetaddictsanonymous.org\/#website"},"datePublished":"2023-09-02T17:40:49+00:00","dateModified":"2023-09-02T17:48:45+00:00","breadcrumb":{"@id":"https:\/\/internetaddictsanonymous.org\/for-atheists-and-agnostics\/#breadcrumb"},"inLanguage":"da-DK","potentialAction":[{"@type":"ReadAction","target":["https:\/\/internetaddictsanonymous.org\/for-atheists-and-agnostics\/"]}]},{"@type":"BreadcrumbList","@id":"https:\/\/internetaddictsanonymous.org\/for-atheists-and-agnostics\/#breadcrumb","itemListElement":[{"@type":"ListItem","position":1,"name":"Home","item":"https:\/\/internetaddictsanonymous.org\/"},{"@type":"ListItem","position":2,"name":"For Atheists and Agnostics"}]},{"@type":"WebSite","@id":"https:\/\/internetaddictsanonymous.org\/#website","url":"https:\/\/internetaddictsanonymous.org\/","name":"Anonyme internet- og teknologiafh\u00e6ngige","description":"Verdensomsp\u00e6ndende 12-trinsf\u00e6llesskab for internet- og teknologiafh\u00e6ngighed","publisher":{"@id":"https:\/\/internetaddictsanonymous.org\/#organization"},"potentialAction":[{"@type":"SearchAction","target":{"@type":"EntryPoint","urlTemplate":"https:\/\/internetaddictsanonymous.org\/?s={search_term_string}"},"query-input":{"@type":"PropertyValueSpecification","valueRequired":true,"valueName":"search_term_string"}}],"inLanguage":"da-DK"},{"@type":"Organization","@id":"https:\/\/internetaddictsanonymous.org\/#organization","name":"Anonyme internet- og teknologiafh\u00e6ngige","url":"https:\/\/internetaddictsanonymous.org\/","logo":{"@type":"ImageObject","inLanguage":"da-DK","@id":"https:\/\/internetaddictsanonymous.org\/#\/schema\/logo\/image\/","url":"https:\/\/internetaddictsanonymous.org\/wp-content\/uploads\/2023\/01\/cropped-ITAA-logo-480px.png","contentUrl":"https:\/\/internetaddictsanonymous.org\/wp-content\/uploads\/2023\/01\/cropped-ITAA-logo-480px.png","width":480,"height":480,"caption":"Internet and Technology Addicts Anonymous"},"image":{"@id":"https:\/\/internetaddictsanonymous.org\/#\/schema\/logo\/image\/"}}]}},"jetpack_sharing_enabled":true,"jetpack_shortlink":"https:\/\/wp.me\/P9Fwob-4lM","_links":{"self":[{"href":"https:\/\/internetaddictsanonymous.org\/da\/wp-json\/wp\/v2\/pages\/16726","targetHints":{"allow":["GET"]}}],"collection":[{"href":"https:\/\/internetaddictsanonymous.org\/da\/wp-json\/wp\/v2\/pages"}],"about":[{"href":"https:\/\/internetaddictsanonymous.org\/da\/wp-json\/wp\/v2\/types\/page"}],"author":[{"embeddable":true,"href":"https:\/\/internetaddictsanonymous.org\/da\/wp-json\/wp\/v2\/users\/35194237"}],"replies":[{"embeddable":true,"href":"https:\/\/internetaddictsanonymous.org\/da\/wp-json\/wp\/v2\/comments?post=16726"}],"version-history":[{"count":5,"href":"https:\/\/internetaddictsanonymous.org\/da\/wp-json\/wp\/v2\/pages\/16726\/revisions"}],"predecessor-version":[{"id":16733,"href":"https:\/\/internetaddictsanonymous.org\/da\/wp-json\/wp\/v2\/pages\/16726\/revisions\/16733"}],"wp:attachment":[{"href":"https:\/\/internetaddictsanonymous.org\/da\/wp-json\/wp\/v2\/media?parent=16726"}],"wp:term":[{"taxonomy":"post_tag","embeddable":true,"href":"https:\/\/internetaddictsanonymous.org\/da\/wp-json\/wp\/v2\/tags?post=16726"}],"curies":[{"name":"wp","href":"https:\/\/api.w.org\/{rel}","templated":true}]}}