{"id":16909,"date":"2023-09-24T13:08:36","date_gmt":"2023-09-24T17:08:36","guid":{"rendered":"https:\/\/internetaddictsanonymous.org\/?page_id=16909"},"modified":"2024-01-01T21:09:58","modified_gmt":"2024-01-02T02:09:58","slug":"2022-meddelelsesarkiv","status":"publish","type":"page","link":"https:\/\/internetaddictsanonymous.org\/da\/announcements-archive\/2022-announcements-archive\/","title":{"rendered":"2022 Annoncer Arkiv"},"content":{"rendered":"<p><em>Nedenfor er meddelelser, der blev sendt til meddelelses opslagstavlen<\/em> i 2022. <em>(Den anf\u00f8rte dato er, da meddelelsen blev fjernet fra bestyrelsen)<\/em><\/p>\n\n\n\n<p class=\"has-text-align-center\">-~-<\/p>\n\n\n\n<p>12\/24\/22<br>Et bonusferiem\u00f8de er blevet tilf\u00f8jet til kalenderen den 24. december kl. 19:00 EST. Se venligst kalenderen for flere detaljer. Alle er velkomne, ogs\u00e5 vores kolleger, der ikke fejrer h\u00f8jtiden. Slut dig til os!<\/p>\n\n\n\n<p>12\/23\/22<br>Medlemmer i det sydlige Californien m\u00f8des fredag den 23\/12 kl. 17.00 i det \u00f8stlige Los Angeles til en festlig ferie. Venligst e-mail&nbsp;<a href=\"mailto:jjs.itaa@gmail.com\" target=\"_blank\" rel=\"noreferrer noopener\">jjs.itaa@gmail.com<\/a>&nbsp;for placering og detaljer.<\/p>\n\n\n\n<p>12\/23\/22<br>Public Relations-udvalget indsamler genopretningshistorier til at poste p\u00e5 et forum med fokus p\u00e5 it-afh\u00e6ngighed, som er en konsekvent kilde til trafik til vores hjemmeside. Hvis du gerne vil hj\u00e6lpe med at b\u00e6re budskabet, s\u00e5 send en e-mail <a href=\"mailto:inquiries.itaa@gmail.com\">inquiries.itaa@gmail.com<\/a> med en uformel skrevet historie p\u00e5 mellem 250 og 600 ord, der deler, hvad der har v\u00e6ret nyttigt i din bedring, som skrevet til en person, der k\u00e6mper med internetafh\u00e6ngighed, men endnu ikke har h\u00f8rt om ITAA.<\/p>\n\n\n\n<p>12\/17\/22<br>Vores f\u00e6llesskab leder efter 1-2 ekstra webmastere til at hj\u00e6lpe med at vedligeholde vores hjemmeside. Ingen tekniske f\u00e6rdigheder er n\u00f8dvendige - de vigtigste kvalifikationer er at v\u00e6re velorganiseret og i stand til at skrive venlige e-mails. Hvis du er interesseret i at l\u00e6re mere, s\u00e5 send en mail&nbsp;<a href=\"mailto:webmaster.itaa@gmail.com\" target=\"_blank\" rel=\"noreferrer noopener\">webmaster.itaa@gmail.com<\/a>. Tak!<\/p>\n\n\n\n<p>12\/10\/22<br>Vi leder efter folk til at hj\u00e6lpe med at planl\u00e6gge og\/eller lede yderligere ITAA-m\u00f8der omkring de kommende helligdage. I overensstemmelse med vores mission vil m\u00f8derne ikke v\u00e6re forbundet med nogen religion. Hvis du er interesseret, holder vi et planl\u00e6gningsm\u00f8de l\u00f8rdag den 10. december kl. 18:00 PST. Se kalenderen for mere info. Alle er velkomne!<\/p>\n\n\n\n<p>12\/9\/22<br>Torsdag den 8. december afholdes tre m\u00f8der for alle, der er interesseret i at v\u00e6re med til at organisere eller bidrage til en personlig konference for ITAA-medlemmer i 2023. Mere information kan findes p\u00e5 m\u00f8dekalenderen.<\/p>\n\n\n\n<p>12\/4\/22<br>Vores f\u00e6llesskab leder efter en frivillig til at tage noter ved vores n\u00e6ste seks internationale servicem\u00f8der (en gang om m\u00e5neden i seks m\u00e5neder) kl. 21:30 ET. Hvis du er en tydelig skribent, velorganiseret og interesseret i at g\u00f8re tjeneste, bedes du sende en e-mail til secretaries.itaa@gmail.com. Tak skal du have!<\/p>\n\n\n\n<p>12\/1\/22<br>Reparenting with Love-m\u00f8det er blevet flyttet til torsdage kl. 10 PST og forl\u00e6nges med 15 minutter for at give mulighed for flere delinger. Vi h\u00e5ber du kan v\u00e6re med.<\/p>\n\n\n\n<p>11\/27\/22<br>Efter den seneste f\u00e6llesskabsd\u00e6kkende gruppesamvittighed om et ITAA-logo, vil Litteraturudvalget v\u00e6re v\u00e6rt for en logo-brainstorming og designworkshop, \u00e5ben for alle medlemmer af f\u00e6llesskabet. M\u00f8det afholdes den 27. november kl. 12:00 EST i servicerummet. P\u00e5 dette m\u00f8de vil vi udv\u00e6lge 5 varianter, der skal pr\u00e6senteres for den n\u00e6ste ISM til endelig afstemning. Du kan se de aktuelle designvarianter her:&nbsp;<a href=\"https:\/\/www.figma.com\/file\/zNjJcSSaSs2lC6V4wQucGL\/ITAA-Slogan-and-Logo-Submissions?node-id=126%3A2\" target=\"_blank\" rel=\"noreferrer noopener\">https:\/\/www.figma.com\/file\/zNjJcSSaSs2lC6V4wQucGL\/ITAA-Slogan-and-Logo-Submissions?node-id=126%3A2<\/a><\/p>\n\n\n\n<p>11\/25\/22<br>Der vil v\u00e6re et ekstra ITAA-m\u00f8de om Thanksgiving for dem, der leder efter yderligere st\u00f8tte og f\u00e6llesskab i l\u00f8bet af ferien. M\u00f8det finder sted fra 7:00 til 20:15 PST. Alle er velkomne, inklusive vores kolleger, der ikke fejrer Thanksgiving.&nbsp;<\/p>\n\n\n\n<p>11\/17\/22<br>Webindholdsudvalget vil gerne takke alle, der deltog i gruppens samvittighed i sidste m\u00e5ned om \u00e6druelighedsrammer. Hvis du har lyst til at l\u00e6se notaterne fra m\u00f8det, kan du finde dem her:&nbsp;<a href=\"https:\/\/docs.google.com\/document\/d\/1_ahI9MwdNE2ymr3usXpoLsjoqyOnB0gtlaPHhJ6jD3M\/edit?usp=sharing\">https:\/\/docs.google.com\/document\/d\/1_ahI9MwdNE2ymr3usXpoLsjoqyOnB0gtlaPHhJ6jD3M\/edit?usp=sharing<\/a><\/p>\n\n\n\n<p>11\/6\/22<br>Vi n\u00e6rmer os sommertid, hvilket betyder, at tidspunktet for dine m\u00f8der kan \u00e6ndre sig i de kommende uger. Da vores kalender nu f\u00f8lger den amerikanske tidszone\u00e6ndring, beh\u00f8ver amerikanske medlemmer generelt ikke at foretage \u00e6ndringer. Medlemmer i Europa, Asien, Australien og andre lande opfordres til at dobbelttjekke m\u00f8dekalenderen for at sikre, at de ikke g\u00e5r glip af deres m\u00f8der.<\/p>\n\n\n\n<p>10\/30\/22<br>ITAA har stemt for at stoppe med at bruge udtrykket &quot;International Business Meeting&quot; og begynde at bruge &quot;International Service Meeting&quot; i stedet. Vi har ogs\u00e5 stemt for at \u00e6ndre fristen for indsendelse af dagsordenspunkter fra 7 dage f\u00f8r n\u00e6ste m\u00f8de til 10 dage f\u00f8r.<\/p>\n\n\n\n<p>10\/30\/22<br>Et BIPOC ITAA-m\u00f8de er startet om torsdagen kl. 18.00 ET. Se kalenderen for flere detaljer.<\/p>\n\n\n\n<p>10\/25\/22<br>Dave D i NYC er interesseret i at starte et m\u00f8de omkring sammenh\u00e6ngen mellem it-afh\u00e6ngighed og sex, k\u00e6rlighed og fantasy dysfunktion. Kontakt ham venligst p\u00e5 <a href=\"mailto:DDiaz327@yahoo.com\" target=\"_blank\" rel=\"noreferrer noopener\">DDiaz327@yahoo.com<\/a> hvis du har lyst til at hj\u00e6lpe ham med at brainstorme\/workshoppe m\u00f8det. Tak!<\/p>\n\n\n\n<p>10\/25\/22<br>Medlemmer i Seattle m\u00f8des tirsdag kl. 18.30 p\u00e5 Lost Lake Cafe. Send en e-mail til tomask.itaa@gmail.com for flere detaljer.<\/p>\n\n\n\n<p>10\/19\/22<br>Hvis nogen er interesseret i at st\u00e5 til r\u00e5dighed og arrangere ITAAs f\u00f8rste m\u00f8de for teenagere, s\u00e5 kontakt venligst webmasterne.<\/p>\n\n\n\n<p class=\"has-text-align-left\">10\/10\/22<br>Den 8. oktober fra kl. 14:30-16 Dette vil hj\u00e6lpe med at sikre, at vores webindhold bedre repr\u00e6senterer f\u00e6llesskabet pr\u00e6cist og inkluderende. Vi vil is\u00e6r gerne udvikle en mere informeret gruppesamvittighed om, hvordan vi repr\u00e6senterer princippet om &quot;ingen un\u00f8dvendig teknologibrug&quot; og v\u00e6rkt\u00f8jet med top-, mellem- og bundlinjer p\u00e5 vores hjemmeside. Mere information kan findes her: <a href=\"https:\/\/docs.google.com\/document\/d\/1Rd5kvEkDJGQO7xaWzyFiO1xi1duF0Edci_thaXA1kp4\/edit?usp=sharing\">https:\/\/docs.google.com\/document\/d\/1Rd5kvEkDJGQO7xaWzyFiO1xi1duF0Edci_thaXA1kp4\/edit?usp=sharing<\/a><\/p>\n\n\n\n<p>V\u00e6r med til os!<\/p>\n\n\n\n<p>10\/10\/22<br>Gem datoen! Vi er glade for at kunne annoncere vores f\u00f8rste tysktalende ITAA-st\u00e6vne i Kassel, Tyskland fra den 4. \u2013 6. november 2022. Hvis du planl\u00e6gger at deltage, bedes du sende en e-mail <a href=\"mailto:ITAAgerman@protonmail.com\">ITAAgerman@protonmail.com<\/a> indtil den 8. oktober for yderligere information. Velkommen!<\/p>\n\n\n\n<p>10\/10\/22<br>Medlemmer i San Francisco Bay Area vil holde et personligt m\u00f8de s\u00f8ndag den 9. oktober p\u00e5 Hotel Abri, 127 Ellis Street fra kl. 17-20. Du er velkommen til at kigge forbi p\u00e5 et hvilket som helst tidspunkt i den tid. <a href=\"http:\/\/www.peerspace.com\/invite\/pid-S1FPlwoMs\" target=\"_blank\" rel=\"noreferrer noopener\">http:\/\/www.peerspace.com\/invite\/pid-S1FPlwoMs<\/a>&nbsp;<br>Kontakt:&nbsp;<a href=\"mailto:itaa@sanfranmail.com\" target=\"_blank\" rel=\"noreferrer noopener\">itaa@sanfranmail.com<\/a><\/p>\n\n\n\n<p>10\/05\/22<br>Der er nu en Reparenting with Love<strong> <\/strong>m\u00f8de om fredagen kl. 14.00 ET. Alle er velkomne til at deltage!<\/p>\n\n\n\n<p>9\/26\/22<br>Medlemmer i San Francisco Bay-omr\u00e5det vurderer st\u00f8tte til et personligt m\u00f8de. Venligst kontakt:&nbsp;<a href=\"mailto:itaa@sanfranmail.com\" target=\"_blank\" rel=\"noreferrer noopener\">itaa@sanfranmail.com<\/a>&nbsp;eller 415-455-3838.<\/p>\n\n\n\n<p>09\/18\/22<br>Et nyt personligt m\u00f8de starter den 18. september i Tokyo. <a href=\"https:\/\/internetaddictsanonymous.org\/da\/local-internet-addiction-meetings\/\">Link for detaljer<\/a><\/p>\n\n\n\n<p>09\/18\/22<br>I denne weekend vil ITAA holde en f\u00e6lles gruppesamvittighed p\u00e5 tv\u00e6rs af to forretningsm\u00f8der for at v\u00e6lge et logo og slogan. Det ene m\u00f8de afholdes l\u00f8rdag kl. 21.30 ET, og det andet afholdes s\u00f8ndag kl. 13.30 ET. V\u00e6r med til os! Du kan finde mere information om afstemningsprocessen og gennemg\u00e5 logoet og sloganindsendelserne p\u00e5 f\u00f8lgende link: <a href=\"https:\/\/docs.google.com\/document\/d\/1muML3LOe7AcVrGF6qeNgosoN1TxqWARAFyKPIu184WA\/edit?usp=sharing\">https:\/\/docs.google.com\/document\/d\/1muML3LOe7AcVrGF6qeNgosoN1TxqWARAFyKPIu184WA\/edit?usp=sharing<\/a><\/p>\n\n\n\n<p>9\/07\/22<br>Vidste du, at ITAA har et 12-trins program kaldet &quot;ITAnon&quot;, for venner og familie af teknologiafh\u00e6ngige? De m\u00f8des mandage kl. 20.00 EDT \/\/ 2.00 CEST og onsdage kl. 8.00 EDT \/\/ 14.00 CEST<br>Zoomkoderne og mere information er tilg\u00e6ngelig p\u00e5: <a href=\"https:\/\/internetaddictsanonymous.org\/da\/til-familie-og-venner\/\" target=\"_blank\" rel=\"noreferrer noopener\">https:\/\/internetaddictsanonymous.org\/for-family-and-friends\/<\/a><\/p>\n\n\n\n<p>9\/06\/22<br>Tomas K arrangerer en h\u00f8jttalerserie med kvalifikationer fra medlemmer med mindst 6 m\u00e5neders stabil \u00e6druelighed. Hvis du er \u00e6dru og vil v\u00e6re villig til at dele din historie med andre, s\u00e5 send en e-mail <a href=\"mailto:tomask.itaa@gmail.com\">tomask.itaa@gmail.com<\/a>.&nbsp;<\/p>\n\n\n\n<p>9\/05\/22<br>Houston starter et nyt m\u00f8de. N\u00e6ste dato 4. sept. Se detaljer p\u00e5 siden med lokale m\u00f8der.<\/p>\n\n\n\n<p>8\/27\/22<br>ITAA s\u00f8ger input fra medlemmer med erfaring i Google Ads digital markedsf\u00f8ring, SEO eller design af brugeroplevelser for at sikre, at vores f\u00e6llesskab er s\u00e5 tilg\u00e6ngeligt som muligt for dem, der har brug for det. Har du mulighed for at bidrage, h\u00f8rer vi meget gerne fra dig! Send venligst en e-mail til itaa.chris@gmail.com.<\/p>\n\n\n\n<p>8\/22\/22<br>Stella D. vil lede en step-workshop, der starter mandag den 22. august kl. 20.30-22.00 CEST. Zoomlinket til dette f\u00f8rste m\u00f8de kan findes p\u00e5 ITAA-kalenderen. Medlemmer, der \u00f8nsker at deltage i denne workshop, skal deltage i det f\u00f8rste m\u00f8de for at deltage i efterf\u00f8lgende m\u00f8der. Efter trin 1-m\u00f8det flytter vi til et privat zoomrum for resten af workshoppen.<br>Stol til at inds\u00e6tte link til denne meddelelse og mere info: <a href=\"https:\/\/docs.google.com\/document\/d\/1By7n21e5ubk5yTE_ygCZxw7obbCsAJArRfG1NB_dvpE\/edit?usp=sharing\" target=\"_blank\" rel=\"noreferrer noopener\">https:\/\/docs.google.com\/document\/d\/1By7n21e5ubk5yTE_ygCZxw7obbCsAJArRfG1NB_dvpE\/edit?usp=sharing<\/a><\/p>\n\n\n\n<p>8\/7\/22<br>L\u00f8rdag den 6. august vil to erfarne medlemmer v\u00e6re v\u00e6rter for en 90-minutters workshop om sikkerhed og empowerment, hvor de vil dele deres erfaringer med at reagere p\u00e5 ubehagelig og upassende adf\u00e6rd under bedring. Workshoppen afholdes kl. 11.00 ET, og derefter igen kl. 20.00 ET. Kom og v\u00e6r med til at styrke vores f\u00e6llesskab som et sikkert og indbydende sted for mennesker at finde helbredelse. Vi gl\u00e6der os til at se dig!<\/p>\n\n\n\n<p>8\/2\/22<br>Inkorporeringsudvalget s\u00f8ger input fra medlemmer med juridisk ekspertise. Din hj\u00e6lp ville v\u00e6re til stor hj\u00e6lp for Fellowship! Hvis du kan bidrage, s\u00e5 kontakt venligst <a href=\"mailto:dylaninrecovery@gmail.com\">dylaninrecovery@gmail.com<\/a>.<\/p>\n\n\n\n<p>7\/31\/22<br>Husk at dele feedback p\u00e5 stipendiets slogan og logoindsendelser:<br><a href=\"https:\/\/www.figma.com\/file\/zNjJcSSaSs2lC6V4wQucGL\/ITAA-Logo-experiments?node-id=0%3A1\">https:\/\/www.figma.com\/file\/zNjJcSSaSs2lC6V4wQucGL\/ITAA-Logo-experiments?node-id=0%3A1<\/a><\/p>\n\n\n\n<p class=\"has-text-align-left\">7\/24\/22<br>Litteraturudvalget vil meget gerne have din feedback p\u00e5 stipendiets slogan og logoindsendelser, som kan findes p\u00e5 nedenst\u00e5ende link:<br><a href=\"https:\/\/www.figma.com\/file\/zNjJcSSaSs2lC6V4wQucGL\/ITAA-Logo-experiments?node-id=0%3A1\" target=\"_blank\" rel=\"noreferrer noopener\">https:\/\/www.figma.com\/file\/zNjJcSSaSs2lC6V4wQucGL\/ITAA-Logo-experiments?node-id=0%3A1<br><br><\/a>Du er velkommen til at sende enhver feedback til&nbsp;<a href=\"mailto:itaa.cherry@gmail.com\" target=\"_blank\" rel=\"noreferrer noopener\">itaa.cherry@gmail.com<\/a>. Tak skal du have!<\/p>\n\n\n\n<p>7\/22\/22<br>Et nyt Top Lines Celebration-m\u00f8de starter p\u00e5 mandage kl. 15 ET. Kom og del dine toplinjesejre med os!<\/p>\n\n\n\n<p>7\/21\/22<br>Et nyt ITAA-m\u00f8de for for\u00e6ldre starter om s\u00f8ndagen kl. 20.30 ET. Vi byder alle for\u00e6ldre i alle livsfaser velkommen til at f\u00e5 del i for\u00e6ldrenes unikke gl\u00e6der og udfordringer, mens de er i bedring.<\/p>\n\n\n\n<p>7\/15\/22<br>Et nyt personligt m\u00f8de starter i London! Se venligst Face-to-Face-m\u00f8der-siden p\u00e5 hjemmesiden for flere detaljer.<br><a href=\"https:\/\/internetaddictsanonymous.org\/da\/local-internet-addiction-meetings\/\" target=\"_blank\" rel=\"noreferrer noopener\">https:\/\/internetaddictsanonymous.org\/local-internet-addiction-meetings\/<\/a><\/p>\n\n\n\n<p>7\/04\/22<br>Det f\u00f8rste personlige m\u00f8de i San Fernando Valley vil v\u00e6re i Lake Balboa Park, denne s\u00f8ndag kl. 18.30. Vi afholder ugentlige m\u00f8der.<br>Indgangen til parken er p\u00e5 Balboa Blvd. K\u00f8r venligst hele vejen ind, indtil du n\u00e5r parkeringspladsen foran b\u00f8rnenes junglegymnastik. Vi vil v\u00e6re under et r\u00f8dt picnic pavillon bord, der vender ud mod s\u00f8en. Kontakt (510)994-7090 for eventuelle sp\u00f8rgsm\u00e5l.<\/p>\n\n\n\n<p>7\/04\/22<br>En ny personlig gruppe er opst\u00e5et i Seattle-omr\u00e5det! M\u00f8derne er begyndt i Bellevue i Alano-klubben p\u00e5 Eastside (12302 NE 8th St), hver l\u00f8rdag kl. 10:30. Kontakt <a href=\"mailto:eastside.itaa@gmail.com\" target=\"_blank\" rel=\"noreferrer noopener\">eastside.itaa@gmail.com<\/a> hvis du har nogen sp\u00f8rgsm\u00e5l. Vi gl\u00e6der os til at se dig der!<\/p>\n\n\n\n<p>7\/04\/22<br>Vi var for nylig samlet for at fejre 5-\u00e5rsdagen for vores skattede ITAA-f\u00e6llesskab. Der var s\u00e5 meget k\u00e6rlighed i vores virtuelle rum. Nedenfor er et link til siden Recovery Stories, hvor en lydoptagelse af Tomas K&#039;s andel fra fejringen kan findes.<br><a href=\"https:\/\/internetaddictsanonymous.org\/da\/historier-om-at-komme-sig\/\" target=\"_blank\" rel=\"noreferrer noopener\">https:\/\/internetaddictsanonymous.org\/recovery-stories\/<\/a><\/p>\n\n\n\n<p>7\/03\/22<br>Vi opfordrer hvert m\u00f8de til at skrive til webmasterne og give en kontakt-e-mail. At have kontaktoplysninger er en vital del af afviklingen af et effektivt, velfungerende m\u00f8de og hj\u00e6lper os med at give den bedst mulige oplevelse for b\u00e5de nytilkomne og tilbagevendende medlemmer. Tak skal du have!<\/p>\n\n\n\n<p>6\/30\/22<br>Der er interesse for at starte endnu et personligt m\u00f8de i Los Angeles i San Fernando Valley-omr\u00e5det. Vi kigger i \u00f8jeblikket p\u00e5 steder i Sherman Oaks, Encino eller Lake Balboa-omr\u00e5det. Vi ville elske input fra lokalsamfundet, is\u00e6r dage og tidspunkter, der passer bedst til lokale medlemmer. Kontakt venligst Juliette p\u00e5 tlf&nbsp;<a href=\"mailto:julie.at.itaa@gmail.com\" target=\"_blank\" rel=\"noreferrer noopener\">julie.at.itaa@gmail.com<\/a><\/p>\n<!-- PMB print buttons is only displayed on a single post\/page URLs-->","protected":false},"excerpt":{"rendered":"<p>Nedenfor er meddelelser, der blev sendt til meddelelses-opslagstavlen i 2022. (Den angivne dato er, hvorn\u00e5r meddelelsen blev fjernet fra bestyrelsen) --~- 24\/12\/22Et bonusferiem\u00f8de er blevet tilf\u00f8jet til kalenderen for den 24. december kl. 7 :00 PM EST. Se venligst kalenderen for flere detaljer. Alle er velkomne inklusive vores\u2026 <a href=\"https:\/\/internetaddictsanonymous.org\/da\/announcements-archive\/2022-announcements-archive\/\" class=\"more-link\">Forts\u00e6t med at l\u00e6se <span class=\"screen-reader-text\">2022 Annoncer Arkiv<\/span><\/a><\/p>","protected":false},"author":35194255,"featured_media":0,"parent":13923,"menu_order":0,"comment_status":"closed","ping_status":"closed","template":"full-width-page.php","meta":{"inline_featured_image":false,"_lmt_disableupdate":"","_lmt_disable":"","footnotes":""},"tags":[],"class_list":["post-16909","page","type-page","status-publish","hentry"],"yoast_head":"<!-- This site is optimized with the Yoast SEO plugin v27.5 - https:\/\/yoast.com\/product\/yoast-seo-wordpress\/ -->\n<title>2022 Announcements Archive &#8211; Internet and Technology Addicts Anonymous<\/title>\n<meta name=\"robots\" content=\"index, follow, max-snippet:-1, max-image-preview:large, max-video-preview:-1\" \/>\n<link rel=\"canonical\" href=\"https:\/\/internetaddictsanonymous.org\/da\/meddelelser-arkiv\/2022-meddelelsesarkiv\/\" \/>\n<meta property=\"og:locale\" content=\"da_DK\" \/>\n<meta property=\"og:type\" content=\"article\" \/>\n<meta property=\"og:title\" content=\"2022 Announcements Archive &#8211; Internet and Technology Addicts Anonymous\" \/>\n<meta property=\"og:description\" content=\"Below are announcements that were posted to the Announcements Bulletin Board in 2022. (The date listed is when the announcement was removed from the Board) -~- 12\/24\/22A Bonus Holiday Meeting has been added to the calendar for December 24 at 7:00 pm EST. Please see the calendar for more details. All are welcome including our &hellip; Continue reading 2022 Announcements Archive\" \/>\n<meta property=\"og:url\" content=\"https:\/\/internetaddictsanonymous.org\/da\/meddelelser-arkiv\/2022-meddelelsesarkiv\/\" \/>\n<meta property=\"og:site_name\" content=\"Internet and Technology Addicts Anonymous\" \/>\n<meta property=\"article:modified_time\" content=\"2024-01-02T02:09:58+00:00\" \/>\n<meta name=\"twitter:card\" content=\"summary_large_image\" \/>\n<meta name=\"twitter:label1\" content=\"Estimeret l\u00e6setid\" \/>\n\t<meta name=\"twitter:data1\" content=\"8 minutter\" \/>\n<script type=\"application\/ld+json\" class=\"yoast-schema-graph\">{\"@context\":\"https:\\\/\\\/schema.org\",\"@graph\":[{\"@type\":\"WebPage\",\"@id\":\"https:\\\/\\\/internetaddictsanonymous.org\\\/announcements-archive\\\/2022-announcements-archive\\\/\",\"url\":\"https:\\\/\\\/internetaddictsanonymous.org\\\/announcements-archive\\\/2022-announcements-archive\\\/\",\"name\":\"2022 Announcements Archive &#8211; Internet and Technology Addicts Anonymous\",\"isPartOf\":{\"@id\":\"https:\\\/\\\/internetaddictsanonymous.org\\\/#website\"},\"datePublished\":\"2023-09-24T17:08:36+00:00\",\"dateModified\":\"2024-01-02T02:09:58+00:00\",\"breadcrumb\":{\"@id\":\"https:\\\/\\\/internetaddictsanonymous.org\\\/announcements-archive\\\/2022-announcements-archive\\\/#breadcrumb\"},\"inLanguage\":\"da-DK\",\"potentialAction\":[{\"@type\":\"ReadAction\",\"target\":[\"https:\\\/\\\/internetaddictsanonymous.org\\\/announcements-archive\\\/2022-announcements-archive\\\/\"]}]},{\"@type\":\"BreadcrumbList\",\"@id\":\"https:\\\/\\\/internetaddictsanonymous.org\\\/announcements-archive\\\/2022-announcements-archive\\\/#breadcrumb\",\"itemListElement\":[{\"@type\":\"ListItem\",\"position\":1,\"name\":\"Home\",\"item\":\"https:\\\/\\\/internetaddictsanonymous.org\\\/\"},{\"@type\":\"ListItem\",\"position\":2,\"name\":\"Announcements Archive\",\"item\":\"https:\\\/\\\/internetaddictsanonymous.org\\\/announcements-archive\\\/\"},{\"@type\":\"ListItem\",\"position\":3,\"name\":\"2022 Announcements Archive\"}]},{\"@type\":\"WebSite\",\"@id\":\"https:\\\/\\\/internetaddictsanonymous.org\\\/#website\",\"url\":\"https:\\\/\\\/internetaddictsanonymous.org\\\/\",\"name\":\"Internet and Technology Addicts Anonymous\",\"description\":\"Worldwide 12-step Fellowship for Internet and Technology Addiction\",\"publisher\":{\"@id\":\"https:\\\/\\\/internetaddictsanonymous.org\\\/#organization\"},\"potentialAction\":[{\"@type\":\"SearchAction\",\"target\":{\"@type\":\"EntryPoint\",\"urlTemplate\":\"https:\\\/\\\/internetaddictsanonymous.org\\\/?s={search_term_string}\"},\"query-input\":{\"@type\":\"PropertyValueSpecification\",\"valueRequired\":true,\"valueName\":\"search_term_string\"}}],\"inLanguage\":\"da-DK\"},{\"@type\":\"Organization\",\"@id\":\"https:\\\/\\\/internetaddictsanonymous.org\\\/#organization\",\"name\":\"Internet and Technology Addicts Anonymous\",\"url\":\"https:\\\/\\\/internetaddictsanonymous.org\\\/\",\"logo\":{\"@type\":\"ImageObject\",\"inLanguage\":\"da-DK\",\"@id\":\"https:\\\/\\\/internetaddictsanonymous.org\\\/#\\\/schema\\\/logo\\\/image\\\/\",\"url\":\"https:\\\/\\\/internetaddictsanonymous.org\\\/wp-content\\\/uploads\\\/2023\\\/01\\\/cropped-ITAA-logo-480px.png\",\"contentUrl\":\"https:\\\/\\\/internetaddictsanonymous.org\\\/wp-content\\\/uploads\\\/2023\\\/01\\\/cropped-ITAA-logo-480px.png\",\"width\":480,\"height\":480,\"caption\":\"Internet and Technology Addicts Anonymous\"},\"image\":{\"@id\":\"https:\\\/\\\/internetaddictsanonymous.org\\\/#\\\/schema\\\/logo\\\/image\\\/\"}}]}<\/script>\n<!-- \/ Yoast SEO plugin. -->","yoast_head_json":{"title":"2022-meddelelsesarkiv \u2013 Anonyme internet- og teknologiafh\u00e6ngige","robots":{"index":"index","follow":"follow","max-snippet":"max-snippet:-1","max-image-preview":"max-image-preview:large","max-video-preview":"max-video-preview:-1"},"canonical":"https:\/\/internetaddictsanonymous.org\/da\/meddelelser-arkiv\/2022-meddelelsesarkiv\/","og_locale":"da_DK","og_type":"article","og_title":"2022 Announcements Archive &#8211; Internet and Technology Addicts Anonymous","og_description":"Below are announcements that were posted to the Announcements Bulletin Board in 2022. (The date listed is when the announcement was removed from the Board) -~- 12\/24\/22A Bonus Holiday Meeting has been added to the calendar for December 24 at 7:00 pm EST. Please see the calendar for more details. All are welcome including our &hellip; Continue reading 2022 Announcements Archive","og_url":"https:\/\/internetaddictsanonymous.org\/da\/meddelelser-arkiv\/2022-meddelelsesarkiv\/","og_site_name":"Internet and Technology Addicts Anonymous","article_modified_time":"2024-01-02T02:09:58+00:00","twitter_card":"summary_large_image","twitter_misc":{"Estimeret l\u00e6setid":"8 minutter"},"schema":{"@context":"https:\/\/schema.org","@graph":[{"@type":"WebPage","@id":"https:\/\/internetaddictsanonymous.org\/announcements-archive\/2022-announcements-archive\/","url":"https:\/\/internetaddictsanonymous.org\/announcements-archive\/2022-announcements-archive\/","name":"2022-meddelelsesarkiv \u2013 Anonyme internet- og teknologiafh\u00e6ngige","isPartOf":{"@id":"https:\/\/internetaddictsanonymous.org\/#website"},"datePublished":"2023-09-24T17:08:36+00:00","dateModified":"2024-01-02T02:09:58+00:00","breadcrumb":{"@id":"https:\/\/internetaddictsanonymous.org\/announcements-archive\/2022-announcements-archive\/#breadcrumb"},"inLanguage":"da-DK","potentialAction":[{"@type":"ReadAction","target":["https:\/\/internetaddictsanonymous.org\/announcements-archive\/2022-announcements-archive\/"]}]},{"@type":"BreadcrumbList","@id":"https:\/\/internetaddictsanonymous.org\/announcements-archive\/2022-announcements-archive\/#breadcrumb","itemListElement":[{"@type":"ListItem","position":1,"name":"Home","item":"https:\/\/internetaddictsanonymous.org\/"},{"@type":"ListItem","position":2,"name":"Announcements Archive","item":"https:\/\/internetaddictsanonymous.org\/announcements-archive\/"},{"@type":"ListItem","position":3,"name":"2022 Announcements Archive"}]},{"@type":"WebSite","@id":"https:\/\/internetaddictsanonymous.org\/#website","url":"https:\/\/internetaddictsanonymous.org\/","name":"Anonyme internet- og teknologiafh\u00e6ngige","description":"Verdensomsp\u00e6ndende 12-trinsf\u00e6llesskab for internet- og teknologiafh\u00e6ngighed","publisher":{"@id":"https:\/\/internetaddictsanonymous.org\/#organization"},"potentialAction":[{"@type":"SearchAction","target":{"@type":"EntryPoint","urlTemplate":"https:\/\/internetaddictsanonymous.org\/?s={search_term_string}"},"query-input":{"@type":"PropertyValueSpecification","valueRequired":true,"valueName":"search_term_string"}}],"inLanguage":"da-DK"},{"@type":"Organization","@id":"https:\/\/internetaddictsanonymous.org\/#organization","name":"Anonyme internet- og teknologiafh\u00e6ngige","url":"https:\/\/internetaddictsanonymous.org\/","logo":{"@type":"ImageObject","inLanguage":"da-DK","@id":"https:\/\/internetaddictsanonymous.org\/#\/schema\/logo\/image\/","url":"https:\/\/internetaddictsanonymous.org\/wp-content\/uploads\/2023\/01\/cropped-ITAA-logo-480px.png","contentUrl":"https:\/\/internetaddictsanonymous.org\/wp-content\/uploads\/2023\/01\/cropped-ITAA-logo-480px.png","width":480,"height":480,"caption":"Internet and Technology Addicts Anonymous"},"image":{"@id":"https:\/\/internetaddictsanonymous.org\/#\/schema\/logo\/image\/"}}]}},"jetpack_sharing_enabled":true,"jetpack_shortlink":"https:\/\/wp.me\/P9Fwob-4oJ","_links":{"self":[{"href":"https:\/\/internetaddictsanonymous.org\/da\/wp-json\/wp\/v2\/pages\/16909","targetHints":{"allow":["GET"]}}],"collection":[{"href":"https:\/\/internetaddictsanonymous.org\/da\/wp-json\/wp\/v2\/pages"}],"about":[{"href":"https:\/\/internetaddictsanonymous.org\/da\/wp-json\/wp\/v2\/types\/page"}],"author":[{"embeddable":true,"href":"https:\/\/internetaddictsanonymous.org\/da\/wp-json\/wp\/v2\/users\/35194255"}],"replies":[{"embeddable":true,"href":"https:\/\/internetaddictsanonymous.org\/da\/wp-json\/wp\/v2\/comments?post=16909"}],"version-history":[{"count":3,"href":"https:\/\/internetaddictsanonymous.org\/da\/wp-json\/wp\/v2\/pages\/16909\/revisions"}],"predecessor-version":[{"id":17423,"href":"https:\/\/internetaddictsanonymous.org\/da\/wp-json\/wp\/v2\/pages\/16909\/revisions\/17423"}],"up":[{"embeddable":true,"href":"https:\/\/internetaddictsanonymous.org\/da\/wp-json\/wp\/v2\/pages\/13923"}],"wp:attachment":[{"href":"https:\/\/internetaddictsanonymous.org\/da\/wp-json\/wp\/v2\/media?parent=16909"}],"wp:term":[{"taxonomy":"post_tag","embeddable":true,"href":"https:\/\/internetaddictsanonymous.org\/da\/wp-json\/wp\/v2\/tags?post=16909"}],"curies":[{"name":"wp","href":"https:\/\/api.w.org\/{rel}","templated":true}]}}