{"id":17186,"date":"2023-11-19T19:41:19","date_gmt":"2023-11-20T00:41:19","guid":{"rendered":"https:\/\/internetaddictsanonymous.org\/?page_id=17186"},"modified":"2023-12-09T23:32:10","modified_gmt":"2023-12-10T04:32:10","slug":"taler-dele-moder","status":"publish","type":"page","link":"https:\/\/internetaddictsanonymous.org\/da\/speaker-share-meetings\/","title":{"rendered":"Speaker deler m\u00f8der"},"content":{"rendered":"<p>Velkommen! Nedenfor er en kalender, der viser alle vores onlinem\u00f8der, der indeholder h\u00f8jttalerdelinger. Disse m\u00f8der starter med, at et erfarent medlem af ITAA giver en udvidet del om deres rejse i bedring, og dette efterf\u00f8lges normalt af en periode med deling. Talem\u00f8der er vidunderlige muligheder for at h\u00f8re andre medlemmers erfaringer, styrke og h\u00e5b i dybden.<\/p>\n\n\n\n<p><strong><mark style=\"background-color:rgba(0, 0, 0, 0)\" class=\"has-inline-color has-dark-gray-color\">M\u00f8detiderne vises i din lokale tidszone.<\/mark> <\/strong>Du kan finde detaljerne for hvert m\u00f8de ved at klikke p\u00e5 m\u00f8debegivenheden i kalenderen. Bem\u00e6rk, at du muligvis skal bruge en Zoom-konto for at deltage. <\/p>\n\n\n<p><iframe style=\"height: 1150px; width: 100%;\" src=\"https:\/\/teamup.com\/ksor7s7g2r9rgphwo3?view=w&amp;showHeader=0&amp;showLogo=0&amp;showTitle=0&amp;disableSidepanel=1&amp;showViewSelector=1\" width=\"100%\" height=\"1150\" frameborder=\"0\"><\/iframe><\/p>\n\n\n<h3 class=\"wp-block-heading\"><strong>Tilf\u00f8jelse af en h\u00f8jttalerdeling til kalenderen<\/strong><\/h3>\n\n\n\n<p>Hvis du gerne vil tilf\u00f8je en h\u00f8jttalerandel til denne kalender, bedes du kontakte <strong>speakercalendar.itaa@gmail.com<\/strong> med tidspunkt og dag for m\u00f8det, samt navnet p\u00e5 det medlem, der skal dele.<\/p>\n\n\n\n<h3 class=\"wp-block-heading\"><strong>Tilg\u00e6ngelighedsrelaterede ressourcer<\/strong><\/h3>\n\n\n\n<p><a href=\"https:\/\/internetaddictsanonymous.org\/da\/tilgaengelighed\/\">Tilg\u00e6ngelighed for tale- og h\u00f8reh\u00e6mmede medlemmer<\/a><\/p>\n\n\n\n<p><a href=\"https:\/\/support.zoom.us\/hc\/en-us\/articles\/201362893-How-much-bandwidth-do-I-need-when-using-3G-or-4G-LTE\">B\u00e5ndbreddebehov ved brug af 3G, 4G\/LTE eller 5G (support.zoom.us)<\/a><\/p>\n\n\n\n<p><a href=\"https:\/\/support.zoom.us\/hc\/en-us\/articles\/4409500570381-Stopping-all-incoming-video-in-a-meeting-or-webinar\">S\u00e5dan stopper du al indg\u00e5ende video (support.zoom.us<\/a>)<\/p>\n<!-- PMB print buttons is only displayed on a single post\/page URLs-->","protected":false},"excerpt":{"rendered":"<p>Velkommen! Nedenfor er en kalender, der viser alle vores onlinem\u00f8der, der indeholder h\u00f8jttalerdelinger. Disse m\u00f8der starter med, at et erfarent medlem af ITAA giver en udvidet del om deres rejse i bedring, og dette efterf\u00f8lges normalt af en periode med deling. Talerdelingsm\u00f8der er vidunderlige muligheder for at h\u00f8re oplevelsen, styrken og... <a href=\"https:\/\/internetaddictsanonymous.org\/da\/speaker-share-meetings\/\" class=\"more-link\">Forts\u00e6t med at l\u00e6se <span class=\"screen-reader-text\">Speaker deler m\u00f8der<\/span><\/a><\/p>","protected":false},"author":35194237,"featured_media":0,"parent":0,"menu_order":0,"comment_status":"closed","ping_status":"closed","template":"full-width-page.php","meta":{"inline_featured_image":false,"_lmt_disableupdate":"","_lmt_disable":"","footnotes":""},"tags":[],"class_list":["post-17186","page","type-page","status-publish","hentry"],"yoast_head":"<!-- This site is optimized with the Yoast SEO plugin v27.5 - https:\/\/yoast.com\/product\/yoast-seo-wordpress\/ -->\n<title>Speaker share meetings &#8211; Internet and Technology Addicts Anonymous<\/title>\n<meta name=\"robots\" content=\"index, follow, max-snippet:-1, max-image-preview:large, max-video-preview:-1\" \/>\n<link rel=\"canonical\" href=\"https:\/\/internetaddictsanonymous.org\/da\/taler-dele-moder\/\" \/>\n<meta property=\"og:locale\" content=\"da_DK\" \/>\n<meta property=\"og:type\" content=\"article\" \/>\n<meta property=\"og:title\" content=\"Speaker share meetings &#8211; Internet and Technology Addicts Anonymous\" \/>\n<meta property=\"og:description\" content=\"Welcome! Below is a calendar showing all of our online meetings that feature speaker shares. These meetings start with an experienced member of ITAA giving an extended share about their journey in recovery, and this is usually followed by a period of sharing. Speaker share meetings are wonderful opportunities to hear the experience, strength and &hellip; Continue reading Speaker share meetings\" \/>\n<meta property=\"og:url\" content=\"https:\/\/internetaddictsanonymous.org\/da\/taler-dele-moder\/\" \/>\n<meta property=\"og:site_name\" content=\"Internet and Technology Addicts Anonymous\" \/>\n<meta property=\"article:modified_time\" content=\"2023-12-10T04:32:10+00:00\" \/>\n<meta name=\"twitter:card\" content=\"summary_large_image\" \/>\n<meta name=\"twitter:label1\" content=\"Estimeret l\u00e6setid\" \/>\n\t<meta name=\"twitter:data1\" content=\"1 minut\" \/>\n<script type=\"application\/ld+json\" class=\"yoast-schema-graph\">{\"@context\":\"https:\\\/\\\/schema.org\",\"@graph\":[{\"@type\":\"WebPage\",\"@id\":\"https:\\\/\\\/internetaddictsanonymous.org\\\/speaker-share-meetings\\\/\",\"url\":\"https:\\\/\\\/internetaddictsanonymous.org\\\/speaker-share-meetings\\\/\",\"name\":\"Speaker share meetings &#8211; Internet and Technology Addicts Anonymous\",\"isPartOf\":{\"@id\":\"https:\\\/\\\/internetaddictsanonymous.org\\\/#website\"},\"datePublished\":\"2023-11-20T00:41:19+00:00\",\"dateModified\":\"2023-12-10T04:32:10+00:00\",\"breadcrumb\":{\"@id\":\"https:\\\/\\\/internetaddictsanonymous.org\\\/speaker-share-meetings\\\/#breadcrumb\"},\"inLanguage\":\"da-DK\",\"potentialAction\":[{\"@type\":\"ReadAction\",\"target\":[\"https:\\\/\\\/internetaddictsanonymous.org\\\/speaker-share-meetings\\\/\"]}]},{\"@type\":\"BreadcrumbList\",\"@id\":\"https:\\\/\\\/internetaddictsanonymous.org\\\/speaker-share-meetings\\\/#breadcrumb\",\"itemListElement\":[{\"@type\":\"ListItem\",\"position\":1,\"name\":\"Home\",\"item\":\"https:\\\/\\\/internetaddictsanonymous.org\\\/\"},{\"@type\":\"ListItem\",\"position\":2,\"name\":\"Speaker share meetings\"}]},{\"@type\":\"WebSite\",\"@id\":\"https:\\\/\\\/internetaddictsanonymous.org\\\/#website\",\"url\":\"https:\\\/\\\/internetaddictsanonymous.org\\\/\",\"name\":\"Internet and Technology Addicts Anonymous\",\"description\":\"Worldwide 12-step Fellowship for Internet and Technology Addiction\",\"publisher\":{\"@id\":\"https:\\\/\\\/internetaddictsanonymous.org\\\/#organization\"},\"potentialAction\":[{\"@type\":\"SearchAction\",\"target\":{\"@type\":\"EntryPoint\",\"urlTemplate\":\"https:\\\/\\\/internetaddictsanonymous.org\\\/?s={search_term_string}\"},\"query-input\":{\"@type\":\"PropertyValueSpecification\",\"valueRequired\":true,\"valueName\":\"search_term_string\"}}],\"inLanguage\":\"da-DK\"},{\"@type\":\"Organization\",\"@id\":\"https:\\\/\\\/internetaddictsanonymous.org\\\/#organization\",\"name\":\"Internet and Technology Addicts Anonymous\",\"url\":\"https:\\\/\\\/internetaddictsanonymous.org\\\/\",\"logo\":{\"@type\":\"ImageObject\",\"inLanguage\":\"da-DK\",\"@id\":\"https:\\\/\\\/internetaddictsanonymous.org\\\/#\\\/schema\\\/logo\\\/image\\\/\",\"url\":\"https:\\\/\\\/internetaddictsanonymous.org\\\/wp-content\\\/uploads\\\/2023\\\/01\\\/cropped-ITAA-logo-480px.png\",\"contentUrl\":\"https:\\\/\\\/internetaddictsanonymous.org\\\/wp-content\\\/uploads\\\/2023\\\/01\\\/cropped-ITAA-logo-480px.png\",\"width\":480,\"height\":480,\"caption\":\"Internet and Technology Addicts Anonymous\"},\"image\":{\"@id\":\"https:\\\/\\\/internetaddictsanonymous.org\\\/#\\\/schema\\\/logo\\\/image\\\/\"}}]}<\/script>\n<!-- \/ Yoast SEO plugin. -->","yoast_head_json":{"title":"Foredragsholderm\u00f8der \u2013 Anonyme internet- og teknologiafh\u00e6ngige","robots":{"index":"index","follow":"follow","max-snippet":"max-snippet:-1","max-image-preview":"max-image-preview:large","max-video-preview":"max-video-preview:-1"},"canonical":"https:\/\/internetaddictsanonymous.org\/da\/taler-dele-moder\/","og_locale":"da_DK","og_type":"article","og_title":"Speaker share meetings &#8211; Internet and Technology Addicts Anonymous","og_description":"Welcome! Below is a calendar showing all of our online meetings that feature speaker shares. These meetings start with an experienced member of ITAA giving an extended share about their journey in recovery, and this is usually followed by a period of sharing. Speaker share meetings are wonderful opportunities to hear the experience, strength and &hellip; Continue reading Speaker share meetings","og_url":"https:\/\/internetaddictsanonymous.org\/da\/taler-dele-moder\/","og_site_name":"Internet and Technology Addicts Anonymous","article_modified_time":"2023-12-10T04:32:10+00:00","twitter_card":"summary_large_image","twitter_misc":{"Estimeret l\u00e6setid":"1 minut"},"schema":{"@context":"https:\/\/schema.org","@graph":[{"@type":"WebPage","@id":"https:\/\/internetaddictsanonymous.org\/speaker-share-meetings\/","url":"https:\/\/internetaddictsanonymous.org\/speaker-share-meetings\/","name":"Foredragsholderm\u00f8der \u2013 Anonyme internet- og teknologiafh\u00e6ngige","isPartOf":{"@id":"https:\/\/internetaddictsanonymous.org\/#website"},"datePublished":"2023-11-20T00:41:19+00:00","dateModified":"2023-12-10T04:32:10+00:00","breadcrumb":{"@id":"https:\/\/internetaddictsanonymous.org\/speaker-share-meetings\/#breadcrumb"},"inLanguage":"da-DK","potentialAction":[{"@type":"ReadAction","target":["https:\/\/internetaddictsanonymous.org\/speaker-share-meetings\/"]}]},{"@type":"BreadcrumbList","@id":"https:\/\/internetaddictsanonymous.org\/speaker-share-meetings\/#breadcrumb","itemListElement":[{"@type":"ListItem","position":1,"name":"Home","item":"https:\/\/internetaddictsanonymous.org\/"},{"@type":"ListItem","position":2,"name":"Speaker share meetings"}]},{"@type":"WebSite","@id":"https:\/\/internetaddictsanonymous.org\/#website","url":"https:\/\/internetaddictsanonymous.org\/","name":"Anonyme internet- og teknologiafh\u00e6ngige","description":"Verdensomsp\u00e6ndende 12-trinsf\u00e6llesskab for internet- og teknologiafh\u00e6ngighed","publisher":{"@id":"https:\/\/internetaddictsanonymous.org\/#organization"},"potentialAction":[{"@type":"SearchAction","target":{"@type":"EntryPoint","urlTemplate":"https:\/\/internetaddictsanonymous.org\/?s={search_term_string}"},"query-input":{"@type":"PropertyValueSpecification","valueRequired":true,"valueName":"search_term_string"}}],"inLanguage":"da-DK"},{"@type":"Organization","@id":"https:\/\/internetaddictsanonymous.org\/#organization","name":"Anonyme internet- og teknologiafh\u00e6ngige","url":"https:\/\/internetaddictsanonymous.org\/","logo":{"@type":"ImageObject","inLanguage":"da-DK","@id":"https:\/\/internetaddictsanonymous.org\/#\/schema\/logo\/image\/","url":"https:\/\/internetaddictsanonymous.org\/wp-content\/uploads\/2023\/01\/cropped-ITAA-logo-480px.png","contentUrl":"https:\/\/internetaddictsanonymous.org\/wp-content\/uploads\/2023\/01\/cropped-ITAA-logo-480px.png","width":480,"height":480,"caption":"Internet and Technology Addicts Anonymous"},"image":{"@id":"https:\/\/internetaddictsanonymous.org\/#\/schema\/logo\/image\/"}}]}},"jetpack_sharing_enabled":true,"jetpack_shortlink":"https:\/\/wp.me\/P9Fwob-4tc","_links":{"self":[{"href":"https:\/\/internetaddictsanonymous.org\/da\/wp-json\/wp\/v2\/pages\/17186","targetHints":{"allow":["GET"]}}],"collection":[{"href":"https:\/\/internetaddictsanonymous.org\/da\/wp-json\/wp\/v2\/pages"}],"about":[{"href":"https:\/\/internetaddictsanonymous.org\/da\/wp-json\/wp\/v2\/types\/page"}],"author":[{"embeddable":true,"href":"https:\/\/internetaddictsanonymous.org\/da\/wp-json\/wp\/v2\/users\/35194237"}],"replies":[{"embeddable":true,"href":"https:\/\/internetaddictsanonymous.org\/da\/wp-json\/wp\/v2\/comments?post=17186"}],"version-history":[{"count":9,"href":"https:\/\/internetaddictsanonymous.org\/da\/wp-json\/wp\/v2\/pages\/17186\/revisions"}],"predecessor-version":[{"id":17309,"href":"https:\/\/internetaddictsanonymous.org\/da\/wp-json\/wp\/v2\/pages\/17186\/revisions\/17309"}],"wp:attachment":[{"href":"https:\/\/internetaddictsanonymous.org\/da\/wp-json\/wp\/v2\/media?parent=17186"}],"wp:term":[{"taxonomy":"post_tag","embeddable":true,"href":"https:\/\/internetaddictsanonymous.org\/da\/wp-json\/wp\/v2\/tags?post=17186"}],"curies":[{"name":"wp","href":"https:\/\/api.w.org\/{rel}","templated":true}]}}