{"id":17595,"date":"2024-02-18T19:47:54","date_gmt":"2024-02-19T00:47:54","guid":{"rendered":"https:\/\/internetaddictsanonymous.org\/?page_id=17595"},"modified":"2026-04-23T15:20:14","modified_gmt":"2026-04-23T22:20:14","slug":"usa-californien","status":"publish","type":"page","link":"https:\/\/internetaddictsanonymous.org\/da\/in-person-meetings\/usa-ca\/","title":{"rendered":"ITAA i Californien, USA"},"content":{"rendered":"<p>Velkommen til Anonyme Internet- og Teknologiafh\u00e6ngige! Vi er glade for, at du har fundet os, og vi h\u00e5ber, at vores f\u00e6llesskab kan v\u00e6re lige s\u00e5 nyttigt for dig, som det har v\u00e6ret for os.<strong> <mark style=\"background-color:rgba(0, 0, 0, 0)\" class=\"has-inline-color has-dark-gray-color\">ITAA er et tolv-trins f\u00e6llesskab af individer, som st\u00f8tter hinanden i at komme sig fra internet- og teknologi-afh\u00e6ngighed.<\/mark><\/strong> Det omfatter afh\u00e6ngighed af sociale medier, smartphones, streaming af video- eller lydindhold, spil, nyheder, pornografi, dating-apps, online research, online shopping eller enhver anden digital aktivitet, der bliver tvangspr\u00e6get og problematisk.&nbsp;<\/p>\n\n\n\n<h4 class=\"wp-block-heading has-text-align-center\">~ <em><strong>I det nordlige Californien <\/strong><\/em>~<\/h4>\n\n\n\n<h3 class=\"wp-block-heading\">M\u00f8der i Chico (potentielt)<\/h3>\n\n\n\n<p>Hvis du er interesseret i at komme i kontakt med andre ITAA-medlemmer i Chico, Californien, bedes du kontakte dem via e-mail.<br>Kontakt: <a href=\"mailto:Chico.ITAA@gmail.com\" target=\"_blank\" rel=\"noreferrer noopener\">Chico.ITAA@gmail.com<\/a><\/p>\n\n\n\n<h3 class=\"wp-block-heading\">Meetings in South Bay (Sunnyvale)<\/h3>\n\n\n\n<p>When: Thursdays, 6:30 &#8211; 7:30 pm<br>Where: Sunnyvale Library<br>Whatsapp (primary): Contact our phone number below for an invite link! <br>Phone (Aye Bea): 408-507-3975 (feel free to text \/ call directly if you&#8217;re having trouble locating us!) <br>E-mail: <a href=\"mailto:southbay.itaa@gmail.com\">southbay.itaa@gmail.com<\/a> (~up to 24 hours for a response).<\/p>\n\n\n\n<p>About this chapter: We aim to be a welcoming, casual space for people to share their struggles, progress, or any thoughts on technology addiction, broadly including any digital activity that becomes compulsive and problematic. We are always open to any suggestions and feedback! <\/p>\n\n\n\n<h3 class=\"wp-block-heading\">M\u00f8der i Berkeley<\/h3>\n\n\n\n<p>Hvorn\u00e5r: S\u00f8ndage, kl. 1-2<br>Hvor: Berkeley Unitarian Universalist Church, 1606 Bonita Ave, Berkeley, CA<br>Kontakt:&nbsp;<a href=\"mailto:nolan.s.itaa@gmail.com\" target=\"_blank\" rel=\"noreferrer noopener\">nolan.s.itaa@gmail.com<\/a><\/p>\n\n\n\n<h3 class=\"wp-block-heading\">M\u00f8der i San Francisco<\/h3>\n\n\n\n<p>Hvorn\u00e5r: L\u00f8rdage, kl. 13-14.<br>Hvor: First Unitarian Universalist Church and Center (UUSF), 1187 Franklin Street, San Francisco, CA<br>V\u00e6relse: Fahs V\u00e6relset<br>Yderligere information: Ring venligst p\u00e5 d\u00f8rklokken ved GLAS-d\u00f8rene efter fortrappen (ikke tr\u00e6d\u00f8rene). N\u00e5r du tr\u00e6der ind i bygningen, skal du dreje til venstre og g\u00e5 hele vejen ned ad gangen, der g\u00e5r rundt om g\u00e5rden. Fahs-rummet ligger helt til venstre forbi kapellet. Hvis d\u00f8ren er lukket, s\u00e5 kom bare indenfor! Vi gl\u00e6der os til at m\u00f8de dig.<br>Kontakt: Tom\u00e1s K, tomask.itaa@gmail.com, 917 725 2192 (hvis du har problemer med at finde lokalet, er du velkommen til at ringe direkte)<\/p>\n\n\n\n<h4 class=\"wp-block-heading\">M\u00f8der i Yuba City<\/h4>\n\n\n\n<p>Hvorn\u00e5r: F\u00f8rste l\u00f8rdage, kl. 13-14<br>Hvor: Feather River Parkway, Yuba City, Californien<br>Kontakt:&nbsp;<a href=\"mailto:graham.recovery.in.itaa@gmail.com\" target=\"_blank\" rel=\"noreferrer noopener\">ITAA.NorCal@gmail.com<\/a><\/p>\n\n\n\n<p>Kom og h\u00e6ng ud med en lille, men st\u00e6rk gruppe, hvor vi st\u00f8tter hinanden i at komme os en dag ad gangen.<\/p>\n\n\n\n<p>Dette er et \u00e5bent m\u00f8de; alle er velkomne til at deltage. Vi beder de bes\u00f8gende om at respektere m\u00f8dets prim\u00e6re form\u00e5l, som er at bringe budskabet om bedring til den tvangsm\u00e6ssige internet- og teknologibruger, der stadig lider.<\/p>\n\n\n\n<h4 class=\"wp-block-heading has-text-align-center\">~ <strong><em>I det sydlige Californien<\/em><\/strong> ~<\/h4>\n\n\n\n<h3 class=\"wp-block-heading\">M\u00f8der i Los Angeles, Californien<\/h3>\n\n\n\n<h4 class=\"wp-block-heading\">\u201c&quot;Trin 11 kl. 11:11&quot;-m\u00f8de i Hollywood ITAA<\/h4>\n\n\n\n<p>Hvorn\u00e5r: L\u00f8rdage 11.00-12.30<br>Hvor: Plummer Park p\u00e5 7377 Santa Monica Blvd, West Hollywood, CA 90046<br>E-mail:&nbsp;<a href=\"mailto:Hollywood.ITAA@gmail.com\" target=\"_blank\" rel=\"noreferrer noopener\">Hollywood.ITAA@gmail.com<\/a><br>Signal: <a href=\"https:\/\/signal.group\/#CjQKIH-GZ6WbWSa6lwfAKdOepX8k4djVGaUHOwAdyez5Cu5eEhCnuuYB18fbYFqkoxdGW3hp\" target=\"_blank\" rel=\"noreferrer noopener\">https:\/\/signal.group\/#CjQKIH-GZ6WbWSa6lwfAKdOepX8k4djVGaUHOwAdyez5Cu5eEhCnuuYB18fbYFqkoxdGW3hp<\/a><\/p>\n\n\n\n<p>Dette er et \u00e5bent m\u00f8de; alle er velkomne til at deltage. Vi beder de bes\u00f8gende om at respektere m\u00f8dets prim\u00e6re form\u00e5l, som er at bringe budskabet om bedring til den tvangsm\u00e6ssige internet- og teknologibruger, der stadig lider.<\/p>\n\n\n\n<p>Pr\u00e6cis placering: Vi m\u00f8des p\u00e5 gr\u00e6sarealet lige syd for tennisbanerne. De pr\u00e6cise GPS-koordinater er:&nbsp;<br>(34.0929888, -118.3514780).<\/p>\n\n\n\n<p>Parkering: Der er gratis 3 timers parkering for parkens g\u00e6ster p\u00e5 den nordlige og sydlige side af parken. Derudover er der mulighed for gadeparkering, men v\u00e6r venligst opm\u00e6rksom p\u00e5 parkeringsrestriktioner p\u00e5 byens gader.<\/p>\n\n\n\n<p>Yderligere oplysninger:<br>1) Du er velkommen til at kontakte os via e-mail eller WhatsApp-gruppen, hvis du har sp\u00f8rgsm\u00e5l, men p\u00e5 grund af udend\u00f8rsm\u00f8dets karakter er spontane ankomster ogs\u00e5 velkomne.<\/p>\n\n\n\n<p>2) Ankom senest kl. 11.00 og s\u00f8rg for at tage h\u00f8jde for parkeringstid. M\u00f8det starter kl. 11.11, hvorefter der vil v\u00e6re lukket for adgang til m\u00f8det, indtil delingsdelen begynder efter meditationen ca. kl. 12N. Hvis du ankommer i dette tidsrum, bedes du ringe til kontaktpersonen, og du vil blive optaget efter meditationen<\/p>\n\n\n\n<p>3) Medbring venligst din egen stol eller t\u00e6ppe, hvis du foretr\u00e6kker ikke at sidde p\u00e5 gr\u00e6s. Der kan muligvis arrangeres plads, hvis du ikke har en.<\/p>\n\n\n\n<p><\/p>\n\n\n\n<h4 class=\"wp-block-heading\">M\u00f8der i Pasadena<\/h4>\n\n\n\n<p>Hvorn\u00e5r: Torsdage kl. 11.00<br>Hvor: Central Park, Pasadena. M\u00f8d os venligst fem minutter f\u00f8r, s\u00e5 vi kan m\u00f8des ved National Humane Alliance-font\u00e6nen, der ligger p\u00e5 hj\u00f8rnet af Raymond Ave og E Dayton Street. Vi sidder i skyggen af store tr\u00e6er \u2013 medbring en stol, et h\u00e5ndkl\u00e6de eller et t\u00e6ppe, hvis du har lyst.<br>Kontakt:&nbsp;<a href=\"mailto:mishainla.itaa@gmail.com\" target=\"_blank\" rel=\"noreferrer noopener\">mishainla.itaa@gmail.com<\/a><br><\/p>\n\n\n\n<p>Yderligere oplysninger:<br>1) Der er gadeparkering p\u00e5 E Dayton Street, S Raymond Ave og Fair Oaks Avenue for $1,25 i timen. Der er ogs\u00e5 parkering i garage for $1,00 i 90 minutter i Del Mar Stations parkeringshus (230 S Raymond Ave). Hvis du tager metroen, stopper A-linjen (Blue Line) ved denne n\u00e6rliggende Del Mar-station.<br>2) Dette m\u00f8de bliver sj\u00e6ldent aflyst eller flyttet p\u00e5 grund af vejret. Nye deltagere r\u00e5des til, men er ikke forpligtet til at kontakte Misha inden de deltager:&nbsp;<a href=\"mailto:mishainla.itaa@gmail.com\" target=\"_blank\" rel=\"noreferrer noopener\">mishainla.itaa@gmail.com<\/a><\/p>\n\n\n\n<h4 class=\"wp-block-heading\">Stort bogstudiem\u00f8de i Santa Monica<\/h4>\n\n\n\n<p>Bem\u00e6rk: Vi eksperimenterer med nye steder i n\u00e6rheden, s\u00e5 vi er muligvis ikke p\u00e5 denne caf\u00e9 hver uge. Send venligst en sms til Evan p\u00e5 (424) 392-9023 for at f\u00e5 opdateret placering og tidspunkt.<\/p>\n\n\n\n<p>Hvorn\u00e5r: Onsdag aften kl. 17.30-18.30<br>Hvor: 3301 Pico Blvd, Santa Monica, CA 90405 (indgang p\u00e5 Urban Ave)<\/p>\n\n\n\n<p>Dette er et \u00e5bent m\u00f8de; alle er velkomne til at deltage. Vi beder de bes\u00f8gende om at respektere m\u00f8dets prim\u00e6re form\u00e5l, som er at bringe budskabet om bedring til den tvangsm\u00e6ssige internet- og teknologibruger, der stadig lider.<\/p>\n\n\n\n<p>Format: Dette er et litteraturstudie- og deltagelsesm\u00f8de. Vi l\u00e6ser fra Anonyme Alkoholikeres Store Bog og deler l\u00e6sningen eller hvad der nu m\u00e5tte v\u00e6re p\u00e5 vores tanker.<\/p>\n\n\n\n<p>Dette m\u00f8de afholdes p\u00e5 en caf\u00e9 p\u00e5 hj\u00f8rnet \u2014 indgangen er p\u00e5 Urban Ave. Parkering er p\u00e5 gaden, v\u00e6r venligst opm\u00e6rksom p\u00e5 parkeringsrestriktioner.<\/p>\n\n\n\n<p>Kontakt: <a href=\"mailto:Westside.ITAA@gmail.com\" target=\"_blank\" rel=\"noreferrer noopener\">Westside.ITAA@gmail.com<\/a>.<\/p>\n\n\n\n<p class=\"has-text-align-center\">-~-<\/p>\n\n\n\n<h3 class=\"wp-block-heading\">Yderligere m\u00f8der<\/h3>\n\n\n\n<p>Hvis du er ny, opfordrer vi dig til at pr\u00f8ve at deltage i seks m\u00f8der inden for en kort periode for at se, om vores program kan v\u00e6re nyttigt for dig. Ud over vores lokale personlige m\u00f8der kan du ogs\u00e5 gennemg\u00e5 vores <a href=\"https:\/\/internetaddictsanonymous.org\/da\/personlige-moder\/\">andre personlige m\u00f8der<\/a> og en <a href=\"https:\/\/internetaddictsanonymous.org\/da\/online-moder\/\">komplet tidsplan for online-m\u00f8der<\/a>. Alle m\u00f8der er helt gratis og anonyme.<\/p>\n\n\n\n<h3 class=\"wp-block-heading\"><strong>Hvordan fungerer m\u00f8der?<\/strong><\/h3>\n\n\n\n<p>Hvis du skal deltage i et m\u00f8de for f\u00f8rste gang, er der ingen grund til at v\u00e6re nerv\u00f8s. De fleste af vores m\u00f8der er meget enkle; hvert m\u00f8de har en m\u00f8deleder, som leder m\u00f8det, og de fleste m\u00f8der varer en time. Formanden og andre frivillige l\u00e6ser nogle indledende erkl\u00e6ringer op, f\u00f8r vi \u00e5bner m\u00f8det for medlemmer, der vil dele. Der er ikke noget krav om at dele, og det er okay bare at lytte. Hvis du f\u00f8ler dig godt tilpas, kan du pr\u00e6sentere dig selv og fort\u00e6lle, hvad der bragte dig til ITAA. Medmindre medlemmet, der fort\u00e6ller, beder om det, kommer vi ikke med forslag eller kommentarer som svar p\u00e5 andres fort\u00e6llinger; vi lytter bare uden at d\u00f8mme. N\u00e5r timen er g\u00e5et, afsluttes m\u00f8det med nogle afsluttende bem\u00e6rkninger, hvorefter medlemmerne normalt taler uformelt sammen, stiller sp\u00f8rgsm\u00e5l og udveksler kontaktoplysninger.<\/p>\n\n\n\n<h3 class=\"wp-block-heading\">Ressourcer til internet- og teknologiafh\u00e6ngighed<\/h3>\n\n\n\n<p>Hvis du spekulerer p\u00e5, om du m\u00e5ske har en internet- og teknologiafh\u00e6ngighed, kan du gennemg\u00e5 vores sp\u00f8rgeskemaer til <a href=\"https:\/\/internetaddictsanonymous.org\/da\/afhaengighed-af-internet-og-teknologi\/\">internetafh\u00e6ngighed<\/a>, <a href=\"https:\/\/internetaddictsanonymous.org\/da\/afhaengighed-af-internet-og-teknologi\/afhaengighed-af-sociale-medier\/\">afh\u00e6ngighed af sociale medier<\/a>, <a href=\"https:\/\/internetaddictsanonymous.org\/da\/internetafhaengighed\/afhaengighed-af-streaming\/\">afh\u00e6ngighed af streaming<\/a>, <a href=\"https:\/\/internetaddictsanonymous.org\/da\/afhaengighed-af-internet-og-teknologi\/telefonafhaengighed\/\">Telefonafh\u00e6ngighed<\/a>, eller <a href=\"https:\/\/internetaddictsanonymous.org\/da\/afhaengighed-af-internet-og-teknologi\/afhaengighed-af-videospil\/\">afh\u00e6ngighed af videospil<\/a>. Du kan ogs\u00e5 l\u00e6re mere om ITAA ved at l\u00e6se vores&nbsp;<a href=\"https:\/\/internetaddictsanonymous.org\/da\/guide-til-nyankomne\/\">guide til nyankomne<\/a>, gennemg\u00e5r vores <a href=\"https:\/\/internetaddictsanonymous.org\/da\/ressourcer\/redskaber-til-genopretning\/\">redskaber til genopretning<\/a>eller lytte til <a href=\"https:\/\/internetaddictsanonymous.org\/da\/historier-om-at-komme-sig\/\">medlemmernes historier om at komme sig<\/a>.<\/p>\n\n\n\n<p>ITAA er ikke tilknyttet nogen politisk dagsorden, religion eller eksterne interesser. Vi er helt selvforsynende og gratis for alle, der har brug for det. Vores eneste form\u00e5l er at afholde os fra tvangsm\u00e6ssig brug af internet og teknologi og at hj\u00e6lpe andre med at finde frihed fra denne afh\u00e6ngighed.<\/p>\n\n\n\n<p>Igen, velkommen! Vi h\u00e5ber, at dette f\u00e6llesskab kan give dig den st\u00f8tte, du har brug for i din recovery fra internet- og teknologiafh\u00e6ngighed. T\u00f8v ikke med at kontakte os, hvis du har sp\u00f8rgsm\u00e5l.<\/p>\n<!-- PMB print buttons is only displayed on a single post\/page URLs-->","protected":false},"excerpt":{"rendered":"<p>Velkommen til Anonyme Internet- og Teknologiafh\u00e6ngige! Vi er glade for, at du har fundet os, og vi h\u00e5ber, at vores f\u00e6llesskab kan v\u00e6re lige s\u00e5 nyttigt for dig, som det har v\u00e6ret for os. ITAA er et tolvtrinsf\u00e6llesskab af personer, der st\u00f8tter hinanden i at komme sig fra internet- og teknologiafh\u00e6ngighed. Det omfatter afh\u00e6ngighed af sociale medier, smartphones, streaming ... <a href=\"https:\/\/internetaddictsanonymous.org\/da\/in-person-meetings\/usa-ca\/\" class=\"more-link\">Forts\u00e6t med at l\u00e6se <span class=\"screen-reader-text\">ITAA i Californien, USA<\/span><\/a><\/p>","protected":false},"author":35194255,"featured_media":0,"parent":148,"menu_order":0,"comment_status":"closed","ping_status":"closed","template":"full-width-page.php","meta":{"inline_featured_image":false,"_lmt_disableupdate":"","_lmt_disable":"","footnotes":""},"tags":[],"class_list":["post-17595","page","type-page","status-publish","hentry"],"yoast_head":"<!-- This site is optimized with the Yoast SEO plugin v27.5 - https:\/\/yoast.com\/product\/yoast-seo-wordpress\/ -->\n<title>ITAA in California, US &#8211; Internet and Technology Addicts Anonymous<\/title>\n<meta name=\"description\" content=\"There are several in-person ITAA meetings in Southern California including in Santa Monica, Pasadena, and Hollywood. More coming soon!\" \/>\n<meta name=\"robots\" content=\"index, follow, max-snippet:-1, max-image-preview:large, max-video-preview:-1\" \/>\n<link rel=\"canonical\" href=\"https:\/\/internetaddictsanonymous.org\/da\/personlige-moder\/usa-californien\/\" \/>\n<meta property=\"og:locale\" content=\"da_DK\" \/>\n<meta property=\"og:type\" content=\"article\" \/>\n<meta property=\"og:title\" content=\"ITAA in California, US &#8211; Internet and Technology Addicts Anonymous\" \/>\n<meta property=\"og:description\" content=\"There are several in-person ITAA meetings in Southern California including in Santa Monica, Pasadena, and Hollywood. More coming soon!\" \/>\n<meta property=\"og:url\" content=\"https:\/\/internetaddictsanonymous.org\/da\/personlige-moder\/usa-californien\/\" \/>\n<meta property=\"og:site_name\" content=\"Internet and Technology Addicts Anonymous\" \/>\n<meta property=\"article:modified_time\" content=\"2026-04-23T22:20:14+00:00\" \/>\n<meta name=\"twitter:card\" content=\"summary_large_image\" \/>\n<meta name=\"twitter:label1\" content=\"Estimeret l\u00e6setid\" \/>\n\t<meta name=\"twitter:data1\" content=\"6 minutter\" \/>\n<script type=\"application\/ld+json\" class=\"yoast-schema-graph\">{\"@context\":\"https:\\\/\\\/schema.org\",\"@graph\":[{\"@type\":\"WebPage\",\"@id\":\"https:\\\/\\\/internetaddictsanonymous.org\\\/in-person-meetings\\\/usa-ca\\\/\",\"url\":\"https:\\\/\\\/internetaddictsanonymous.org\\\/in-person-meetings\\\/usa-ca\\\/\",\"name\":\"ITAA in California, US &#8211; Internet and Technology Addicts Anonymous\",\"isPartOf\":{\"@id\":\"https:\\\/\\\/internetaddictsanonymous.org\\\/#website\"},\"datePublished\":\"2024-02-19T00:47:54+00:00\",\"dateModified\":\"2026-04-23T22:20:14+00:00\",\"description\":\"There are several in-person ITAA meetings in Southern California including in Santa Monica, Pasadena, and Hollywood. More coming soon!\",\"breadcrumb\":{\"@id\":\"https:\\\/\\\/internetaddictsanonymous.org\\\/in-person-meetings\\\/usa-ca\\\/#breadcrumb\"},\"inLanguage\":\"da-DK\",\"potentialAction\":[{\"@type\":\"ReadAction\",\"target\":[\"https:\\\/\\\/internetaddictsanonymous.org\\\/in-person-meetings\\\/usa-ca\\\/\"]}]},{\"@type\":\"BreadcrumbList\",\"@id\":\"https:\\\/\\\/internetaddictsanonymous.org\\\/in-person-meetings\\\/usa-ca\\\/#breadcrumb\",\"itemListElement\":[{\"@type\":\"ListItem\",\"position\":1,\"name\":\"Home\",\"item\":\"https:\\\/\\\/internetaddictsanonymous.org\\\/\"},{\"@type\":\"ListItem\",\"position\":2,\"name\":\"In-Person Meetings\",\"item\":\"https:\\\/\\\/internetaddictsanonymous.org\\\/in-person-meetings\\\/\"},{\"@type\":\"ListItem\",\"position\":3,\"name\":\"ITAA in California, US\"}]},{\"@type\":\"WebSite\",\"@id\":\"https:\\\/\\\/internetaddictsanonymous.org\\\/#website\",\"url\":\"https:\\\/\\\/internetaddictsanonymous.org\\\/\",\"name\":\"Internet and Technology Addicts Anonymous\",\"description\":\"Worldwide 12-step Fellowship for Internet and Technology Addiction\",\"publisher\":{\"@id\":\"https:\\\/\\\/internetaddictsanonymous.org\\\/#organization\"},\"potentialAction\":[{\"@type\":\"SearchAction\",\"target\":{\"@type\":\"EntryPoint\",\"urlTemplate\":\"https:\\\/\\\/internetaddictsanonymous.org\\\/?s={search_term_string}\"},\"query-input\":{\"@type\":\"PropertyValueSpecification\",\"valueRequired\":true,\"valueName\":\"search_term_string\"}}],\"inLanguage\":\"da-DK\"},{\"@type\":\"Organization\",\"@id\":\"https:\\\/\\\/internetaddictsanonymous.org\\\/#organization\",\"name\":\"Internet and Technology Addicts Anonymous\",\"url\":\"https:\\\/\\\/internetaddictsanonymous.org\\\/\",\"logo\":{\"@type\":\"ImageObject\",\"inLanguage\":\"da-DK\",\"@id\":\"https:\\\/\\\/internetaddictsanonymous.org\\\/#\\\/schema\\\/logo\\\/image\\\/\",\"url\":\"https:\\\/\\\/internetaddictsanonymous.org\\\/wp-content\\\/uploads\\\/2023\\\/01\\\/cropped-ITAA-logo-480px.png\",\"contentUrl\":\"https:\\\/\\\/internetaddictsanonymous.org\\\/wp-content\\\/uploads\\\/2023\\\/01\\\/cropped-ITAA-logo-480px.png\",\"width\":480,\"height\":480,\"caption\":\"Internet and Technology Addicts Anonymous\"},\"image\":{\"@id\":\"https:\\\/\\\/internetaddictsanonymous.org\\\/#\\\/schema\\\/logo\\\/image\\\/\"}}]}<\/script>\n<!-- \/ Yoast SEO plugin. -->","yoast_head_json":{"title":"ITAA i Californien, USA \u2013 Anonyme Internet- og Teknologiafh\u00e6ngige","description":"Der er adskillige ITAA-m\u00f8der med fysisk fremm\u00f8de i det sydlige Californien, herunder i Santa Monica, Pasadena og Hollywood. Flere kommer snart!","robots":{"index":"index","follow":"follow","max-snippet":"max-snippet:-1","max-image-preview":"max-image-preview:large","max-video-preview":"max-video-preview:-1"},"canonical":"https:\/\/internetaddictsanonymous.org\/da\/personlige-moder\/usa-californien\/","og_locale":"da_DK","og_type":"article","og_title":"ITAA in California, US &#8211; Internet and Technology Addicts Anonymous","og_description":"There are several in-person ITAA meetings in Southern California including in Santa Monica, Pasadena, and Hollywood. More coming soon!","og_url":"https:\/\/internetaddictsanonymous.org\/da\/personlige-moder\/usa-californien\/","og_site_name":"Internet and Technology Addicts Anonymous","article_modified_time":"2026-04-23T22:20:14+00:00","twitter_card":"summary_large_image","twitter_misc":{"Estimeret l\u00e6setid":"6 minutter"},"schema":{"@context":"https:\/\/schema.org","@graph":[{"@type":"WebPage","@id":"https:\/\/internetaddictsanonymous.org\/in-person-meetings\/usa-ca\/","url":"https:\/\/internetaddictsanonymous.org\/in-person-meetings\/usa-ca\/","name":"ITAA i Californien, USA \u2013 Anonyme Internet- og Teknologiafh\u00e6ngige","isPartOf":{"@id":"https:\/\/internetaddictsanonymous.org\/#website"},"datePublished":"2024-02-19T00:47:54+00:00","dateModified":"2026-04-23T22:20:14+00:00","description":"Der er adskillige ITAA-m\u00f8der med fysisk fremm\u00f8de i det sydlige Californien, herunder i Santa Monica, Pasadena og Hollywood. Flere kommer snart!","breadcrumb":{"@id":"https:\/\/internetaddictsanonymous.org\/in-person-meetings\/usa-ca\/#breadcrumb"},"inLanguage":"da-DK","potentialAction":[{"@type":"ReadAction","target":["https:\/\/internetaddictsanonymous.org\/in-person-meetings\/usa-ca\/"]}]},{"@type":"BreadcrumbList","@id":"https:\/\/internetaddictsanonymous.org\/in-person-meetings\/usa-ca\/#breadcrumb","itemListElement":[{"@type":"ListItem","position":1,"name":"Home","item":"https:\/\/internetaddictsanonymous.org\/"},{"@type":"ListItem","position":2,"name":"In-Person Meetings","item":"https:\/\/internetaddictsanonymous.org\/in-person-meetings\/"},{"@type":"ListItem","position":3,"name":"ITAA in California, US"}]},{"@type":"WebSite","@id":"https:\/\/internetaddictsanonymous.org\/#website","url":"https:\/\/internetaddictsanonymous.org\/","name":"Anonyme internet- og teknologiafh\u00e6ngige","description":"Verdensomsp\u00e6ndende 12-trinsf\u00e6llesskab for internet- og teknologiafh\u00e6ngighed","publisher":{"@id":"https:\/\/internetaddictsanonymous.org\/#organization"},"potentialAction":[{"@type":"SearchAction","target":{"@type":"EntryPoint","urlTemplate":"https:\/\/internetaddictsanonymous.org\/?s={search_term_string}"},"query-input":{"@type":"PropertyValueSpecification","valueRequired":true,"valueName":"search_term_string"}}],"inLanguage":"da-DK"},{"@type":"Organization","@id":"https:\/\/internetaddictsanonymous.org\/#organization","name":"Anonyme internet- og teknologiafh\u00e6ngige","url":"https:\/\/internetaddictsanonymous.org\/","logo":{"@type":"ImageObject","inLanguage":"da-DK","@id":"https:\/\/internetaddictsanonymous.org\/#\/schema\/logo\/image\/","url":"https:\/\/internetaddictsanonymous.org\/wp-content\/uploads\/2023\/01\/cropped-ITAA-logo-480px.png","contentUrl":"https:\/\/internetaddictsanonymous.org\/wp-content\/uploads\/2023\/01\/cropped-ITAA-logo-480px.png","width":480,"height":480,"caption":"Internet and Technology Addicts Anonymous"},"image":{"@id":"https:\/\/internetaddictsanonymous.org\/#\/schema\/logo\/image\/"}}]}},"jetpack_sharing_enabled":true,"jetpack_shortlink":"https:\/\/wp.me\/P9Fwob-4zN","_links":{"self":[{"href":"https:\/\/internetaddictsanonymous.org\/da\/wp-json\/wp\/v2\/pages\/17595","targetHints":{"allow":["GET"]}}],"collection":[{"href":"https:\/\/internetaddictsanonymous.org\/da\/wp-json\/wp\/v2\/pages"}],"about":[{"href":"https:\/\/internetaddictsanonymous.org\/da\/wp-json\/wp\/v2\/types\/page"}],"author":[{"embeddable":true,"href":"https:\/\/internetaddictsanonymous.org\/da\/wp-json\/wp\/v2\/users\/35194255"}],"replies":[{"embeddable":true,"href":"https:\/\/internetaddictsanonymous.org\/da\/wp-json\/wp\/v2\/comments?post=17595"}],"version-history":[{"count":94,"href":"https:\/\/internetaddictsanonymous.org\/da\/wp-json\/wp\/v2\/pages\/17595\/revisions"}],"predecessor-version":[{"id":21247,"href":"https:\/\/internetaddictsanonymous.org\/da\/wp-json\/wp\/v2\/pages\/17595\/revisions\/21247"}],"up":[{"embeddable":true,"href":"https:\/\/internetaddictsanonymous.org\/da\/wp-json\/wp\/v2\/pages\/148"}],"wp:attachment":[{"href":"https:\/\/internetaddictsanonymous.org\/da\/wp-json\/wp\/v2\/media?parent=17595"}],"wp:term":[{"taxonomy":"post_tag","embeddable":true,"href":"https:\/\/internetaddictsanonymous.org\/da\/wp-json\/wp\/v2\/tags?post=17595"}],"curies":[{"name":"wp","href":"https:\/\/api.w.org\/{rel}","templated":true}]}}