{"id":18148,"date":"2024-06-16T20:35:42","date_gmt":"2024-06-17T00:35:42","guid":{"rendered":"https:\/\/internetaddictsanonymous.org\/?page_id=18148"},"modified":"2024-07-28T14:35:31","modified_gmt":"2024-07-28T18:35:31","slug":"principper-for-chatgrupper","status":"publish","type":"page","link":"https:\/\/internetaddictsanonymous.org\/da\/resources\/being-of-service-resources\/principles-for-chat-groups\/","title":{"rendered":"Principper for ITAA chatgrupper"},"content":{"rendered":"<p>Som internetmisbrugere skal vi v\u00e6re s\u00e6rligt opm\u00e6rksomme p\u00e5, hvordan vi bruger teknologi til at underst\u00f8tte vores helbredelser og vores m\u00f8der. For eksempel har Zoom og vores hjemmeside v\u00e6ret v\u00e6sentlige v\u00e6rkt\u00f8jer til at hj\u00e6lpe vores f\u00e6llesskab med at n\u00e5 afh\u00e6ngige, som ikke har adgang til personlige m\u00f8der. I mellemtiden har andre teknologier - streamingplatforme, sociale medier, dating-apps, videospil - tydeligvis ingen plads i vores f\u00e6llesskab. Chatgrupper kan falde et sted imellem: de kan v\u00e6re nyttige til at forblive koordinerede uden for m\u00f8der, men de kan ogs\u00e5 f\u00f8re til usunde vanedannende tendenser. Form\u00e5let med dette dokument er at foresl\u00e5 principper for at hj\u00e6lpe ITAA-chatgrupper med at sikre, at de tjener vores prim\u00e6re form\u00e5l: at bringe budskabet videre til den tvangsm\u00e6ssige internet- og teknologibruger, der stadig lider.<\/p>\n\n\n\n<p>Generelt anbefaler vi, at ITAA-chatgrupper praktiserer f\u00f8lgende principper:<\/p>\n\n\n\n<ol class=\"wp-block-list\">\n<li><strong>Guidet af de tolv traditioner: <\/strong>Chatgrupper fungerer ofte godt, n\u00e5r de er tilknyttet et individuelt ITAA-m\u00f8de, der administrerer chatten til gavn for sine medlemmer og kan diskutere chatgrupperelaterede emner p\u00e5 deres gruppesamvittighed. Hvis vores chatgruppe ikke er tilknyttet et specifikt ITAA-m\u00f8de, kan vi holde regelm\u00e6ssig gruppesamvittighed (ideelt set over live diskussion personligt eller p\u00e5 Zoom), v\u00e6lge betroede tjenere og \u00f8ve os <a href=\"https:\/\/internetaddictsanonymous.org\/da\/12-trin-af-itaa\/\">de tolv traditioner<\/a>, ligesom ethvert andet m\u00f8de ville. Ellers opfordres chatgruppen til at forblive <em>uformel<\/em>, hvilket betyder, at den ikke bruger ITAA-navnet eller -logoet, og medlemmer b\u00f8r ikke promovere det til nytilkomne og andre stipendiater i ITAA.<br><\/li>\n\n\n\n<li><strong>Et klart form\u00e5l: <\/strong>ITAA chatgrupper kan drage fordel af et klart form\u00e5l, der er tilpasset vores f\u00e6llesskabs prim\u00e6re form\u00e5l: <em>at bringe budskabet videre til den tvangsm\u00e6ssige internet- og teknologibruger, som stadig lider<\/em>. Eksempler p\u00e5 form\u00e5l kan v\u00e6re at koordinere betroede tjenere til et m\u00f8de eller foretage ops\u00f8gende opkald. Officielle ITAA-chatgrupper er mindre velegnede som fora for ustruktureret deling, krydstale eller uformel diskussion, som kan blive et middel til tvangsopslag, tjek af notifikationer, parasociale forbindelser og mellemmenneskelige konflikter. Mens hver gruppe opfordres til selv at bestemme det specifikke form\u00e5l med sin chat, g\u00f8r vi som internet- og teknologiafh\u00e6ngige klogt i at udvise forsigtighed, n\u00e5r vi bruger en social medieplatform til at bringe budskabet videre til nyankomne. Vi kan huske p\u00e5, at misbrugere i tolvtrinsafv\u00e6nningssamfund er blevet \u00e6dru uden chatgrupper i n\u00e6sten 100 \u00e5r. Med et voksende antal m\u00f8der ansigt til ansigt, hundredvis af onlinem\u00f8der og tusindvis af medlemmer, der st\u00e5r til r\u00e5dighed for ops\u00f8gende opkald, er der mange tidstestede medier ud over chat for internet- og teknologiafh\u00e6ngige, der s\u00f8ger en m\u00e5de at dele p\u00e5.<br><\/li>\n\n\n\n<li><strong>Klart definerede gr\u00e6nser og administratorrettigheder:<\/strong> Vores chatgrupper nyder godt af skriftlige gr\u00e6nser for, hvad form\u00e5let med gruppen er og specifikke retningslinjer for opslag, og vi formidler disse retningslinjer til nytilkomne. Et eksempel p\u00e5 s\u00e5danne gr\u00e6nser kan findes nederst p\u00e5 denne side. Vi v\u00e6lger betroede tjenere med tidsbegr\u00e6nsninger, som praktiserer rotation af tjeneste, og som kan tage skridt til at opretholde gr\u00e6nser. Vi kan finde det fordelagtigt at vedtage en 3-strejke politik for regelm\u00e6ssige overtr\u00e6delser (opslag uden for gruppens gr\u00e6nser, rapporter om u\u00f8nsket flirt osv.), hvorefter medlemmet kan fjernes i en periode p\u00e5 3-6 m\u00e5neder f\u00f8r blive inviteret til at deltage igen, hvis de er villige til at respektere gruppens gr\u00e6nser. Ved st\u00f8rre overtr\u00e6delser (voldelige forn\u00e6rmelser, seksuelle beskeder eller billeder mv.) kan medlemmet straks fjernes p\u00e5 midlertidig basis, indtil en gruppesamvittighed diskuterer, hvor l\u00e6nge fjernelsen skal vare, typisk mellem 6 m\u00e5neder og p\u00e5 ubestemt tid. Beslutningen om at fjerne et medlem fra en gruppe, selv i en begr\u00e6nset periode, b\u00f8r tages meget alvorligt, og enhver fjernelse b\u00f8r altid diskuteres med en gruppesamvittighed (ideelt set p\u00e5 forh\u00e5nd). Yderligere forslag til, hvordan man h\u00e5ndterer udfordrende adf\u00e6rd, kan findes i vores <a href=\"https:\/\/internetaddictsanonymous.org\/da\/sikkerhed-i-itaa\/\">Guide til sikkerhed i ITAA<\/a>.<br><\/li>\n\n\n\n<li><strong>Chatgrupper b\u00f8r ikke v\u00e6re det f\u00f8rste kontaktpunkt:<\/strong> Nogle m\u00f8der har fors\u00f8gt at offentligg\u00f8re et link til deres chatgruppe online for at g\u00f8re det nemmere for nytilkomne at stille sp\u00f8rgsm\u00e5l om m\u00f8det. Vi har ofte oplevet, at nytilkomne, der aldrig har v\u00e6ret til et m\u00f8de eller talt med et andet medlem, m\u00e5ske ikke har bevidstheden eller n\u00f8gternheden til at opretholde sikre gr\u00e6nser i gruppen eller over for andre medlemmer. Derudover g\u00f8r det at sende linket til vores chatgruppe offentligt os s\u00e5rbare over for spammere og trolde. M\u00f8der opfordres til at give kontakt-e-mails og telefonnumre til nytilkomne, der er interesserede i at deltage, ikke chatgruppelinks. Hvis et ukendt medlem anmoder om at blive medlem af en chatgruppe, er det passende f\u00f8rst at stille et par sp\u00f8rgsm\u00e5l om, hvordan de h\u00f8rte om chatgruppen for at filtrere d\u00e5rlige skuespillere fra.<\/li>\n<\/ol>\n\n\n\n<p>I bund og grund anbefaler disse principper, at chatgrupper er velstrukturerede, begr\u00e6nset i omfang og styret af vores tolv traditioner. Disse er kun anbefalinger, og vi stoler p\u00e5, at medlemmer og grupper finder deres egen vej frem gennem gruppens samvittighedsproces. Vi h\u00e5ber, at disse principper som et f\u00e6llesskab kan guide os mod et forhold til chatgrupper, der vil hj\u00e6lpe flere afh\u00e6ngige rundt om i verden med at finde et stabilt, sikkert og sikkert f\u00e6llesskab at komme sig i.<\/p>\n\n\n\n<h2 class=\"wp-block-heading\"><strong>Eksempel p\u00e5 chatgruppebeskrivelse og gr\u00e6nser:<\/strong><\/h2>\n\n\n\n<p>Form\u00e5let med denne chat er at lette ops\u00f8gende opkald mellem medlemmer af {Meeting name} ITAA-gruppen. Du kan skrive i chatten, hvis du har brug for et opkald, og et andet medlem vil svare p\u00e5 din besked, hvis de er tilg\u00e6ngelige, og derefter ringe til dig. Husk f\u00f8lgende gr\u00e6nser:<\/p>\n\n\n\n<ul class=\"wp-block-list\">\n<li>Del kun denne gruppe med andre medlemmer af ITAA.<\/li>\n\n\n\n<li>Form\u00e5let med denne gruppe er udelukkende at anmode om ops\u00f8gende opkald fra andre medlemmer. Hold dig til emnet og undg\u00e5 at dele irrelevante beskeder. Hvis du har brug for at dele, s\u00e5 ring til et medlem eller deltag i et m\u00f8de.<\/li>\n\n\n\n<li>Bevar andre medlemmers anonymitet. Del aldrig navn, telefonnummer eller identitet p\u00e5 et andet medlem uden deres tilladelse.&nbsp;<\/li>\n\n\n\n<li>Afst\u00e5 fra at sende links, videoer, memes, gifs eller andet eksternt indhold.<\/li>\n\n\n\n<li>Undg\u00e5 at reklamere for professionelle ydelser, som du eller andre tilbyder.<\/li>\n\n\n\n<li>Undg\u00e5 spam, dumping eller sk\u00e6nderier. T\u00e6nk dig om, f\u00f8r du poster, og undg\u00e5 at svare forhastet. Husk, at vi er internetafh\u00e6ngige i bedring, og at dine beskeder p\u00e5virker alle andre deltageres mentale sundhed.<\/li>\n\n\n\n<li>Brug aldrig gruppen til at sk\u00e6nke nogen eller lufte klager. Henvend dig privat til den relevante person p\u00e5 en respektfuld m\u00e5de, ideelt efter f\u00f8rst at have skrevet en opg\u00f8relse og diskuteret med din sponsor.<\/li>\n\n\n\n<li>Dette er ikke et sted at m\u00f8de datingpartnere. Undg\u00e5 flirt af enhver art, inklusive uopfordrede komplimenter, edgy vittigheder eller fors\u00f8g p\u00e5 at engagere sig med et medlem, der har givet udtryk for, at de ikke er tilg\u00e6ngelige.<\/li>\n<\/ul>\n\n\n\n<p>Vi praktiserer en 3-strejke politik, hvilket betyder, at hvis du bryder disse gr\u00e6nser 3 gange, kan en administrator fjerne dig i en periode p\u00e5 3-6 m\u00e5neder. P\u00e5 den anden side er f\u00f8lgende adf\u00e6rd grund til \u00f8jeblikkelig og potentielt permanent fjernelse:<\/p>\n\n\n\n<ul class=\"wp-block-list\">\n<li>Voldelig eller aggressiv adf\u00e6rd, herunder opr\u00e5b, forn\u00e6rmelser, ydmygelse, h\u00e5n eller trusler.&nbsp;<\/li>\n\n\n\n<li>Seksuel adf\u00e6rd, herunder at frems\u00e6tte seksuelle kommentarer eller anmodninger til andre medlemmer eller sende seksuelt indhold.<\/li>\n\n\n\n<li>Forskelsbehandling af enhver art, herunder mod race, k\u00f8n, k\u00f8nsidentitet, tro, religion, seksuel orientering, kropssammens\u00e6tning, handicap eller neurodiversitet.<\/li>\n\n\n\n<li>Chikane, stalking eller anden kriminel adf\u00e6rd.<\/li>\n<\/ul>\n\n\n\n<p>Denne chat f\u00f8lger de tolv traditioner og er underlagt gruppens samvittighed fra vores m\u00f8de, som finder sted p\u00e5 det f\u00f8rste m\u00f8de i hver m\u00e5ned kl. 13.00 lokal tid.<\/p>\n<!-- PMB print buttons is only displayed on a single post\/page URLs-->","protected":false},"excerpt":{"rendered":"<p>Som internetmisbrugere skal vi v\u00e6re s\u00e6rligt opm\u00e6rksomme p\u00e5, hvordan vi bruger teknologi til at st\u00f8tte vores helbredelser og vores m\u00f8der. For eksempel har Zoom og vores hjemmeside v\u00e6ret v\u00e6sentlige v\u00e6rkt\u00f8jer til at hj\u00e6lpe vores f\u00e6llesskab med at n\u00e5 afh\u00e6ngige, som ikke har adgang til personlige m\u00f8der. I mellemtiden har andre teknologier - streamingplatforme, sociale medier, dating-apps, videospil - tydeligvis ingen ... <a href=\"https:\/\/internetaddictsanonymous.org\/da\/resources\/being-of-service-resources\/principles-for-chat-groups\/\" class=\"more-link\">Forts\u00e6t med at l\u00e6se <span class=\"screen-reader-text\">Principper for ITAA chatgrupper<\/span><\/a><\/p>","protected":false},"author":35194237,"featured_media":0,"parent":18080,"menu_order":0,"comment_status":"closed","ping_status":"closed","template":"full-width-page.php","meta":{"inline_featured_image":false,"_lmt_disableupdate":"","_lmt_disable":"","footnotes":""},"tags":[],"class_list":["post-18148","page","type-page","status-publish","hentry"],"yoast_head":"<!-- This site is optimized with the Yoast SEO plugin v27.5 - https:\/\/yoast.com\/product\/yoast-seo-wordpress\/ -->\n<title>Principles for ITAA chat groups &#8211; Internet and Technology Addicts Anonymous<\/title>\n<meta name=\"robots\" content=\"index, follow, max-snippet:-1, max-image-preview:large, max-video-preview:-1\" \/>\n<link rel=\"canonical\" href=\"https:\/\/internetaddictsanonymous.org\/da\/ressourcer\/vaere-af-serviceressourcer\/principper-for-chatgrupper\/\" \/>\n<meta property=\"og:locale\" content=\"da_DK\" \/>\n<meta property=\"og:type\" content=\"article\" \/>\n<meta property=\"og:title\" content=\"Principles for ITAA chat groups &#8211; Internet and Technology Addicts Anonymous\" \/>\n<meta property=\"og:description\" content=\"As internet addicts, we need take special care how we use technology to support our recoveries and our meetings. For example, Zoom and our website have been essential tools to help our fellowship reach addicts who don\u2019t have access to in-person meetings. Meanwhile, other technologies\u2014streaming platforms, social media feeds, dating apps, video games\u2014clearly have no &hellip; Continue reading Principles for ITAA chat groups\" \/>\n<meta property=\"og:url\" content=\"https:\/\/internetaddictsanonymous.org\/da\/ressourcer\/vaere-af-serviceressourcer\/principper-for-chatgrupper\/\" \/>\n<meta property=\"og:site_name\" content=\"Internet and Technology Addicts Anonymous\" \/>\n<meta property=\"article:modified_time\" content=\"2024-07-28T18:35:31+00:00\" \/>\n<meta name=\"twitter:card\" content=\"summary_large_image\" \/>\n<meta name=\"twitter:label1\" content=\"Estimeret l\u00e6setid\" \/>\n\t<meta name=\"twitter:data1\" content=\"6 minutter\" \/>\n<script type=\"application\/ld+json\" class=\"yoast-schema-graph\">{\"@context\":\"https:\\\/\\\/schema.org\",\"@graph\":[{\"@type\":\"WebPage\",\"@id\":\"https:\\\/\\\/internetaddictsanonymous.org\\\/resources\\\/being-of-service-resources\\\/principles-for-chat-groups\\\/\",\"url\":\"https:\\\/\\\/internetaddictsanonymous.org\\\/resources\\\/being-of-service-resources\\\/principles-for-chat-groups\\\/\",\"name\":\"Principles for ITAA chat groups &#8211; Internet and Technology Addicts Anonymous\",\"isPartOf\":{\"@id\":\"https:\\\/\\\/internetaddictsanonymous.org\\\/#website\"},\"datePublished\":\"2024-06-17T00:35:42+00:00\",\"dateModified\":\"2024-07-28T18:35:31+00:00\",\"breadcrumb\":{\"@id\":\"https:\\\/\\\/internetaddictsanonymous.org\\\/resources\\\/being-of-service-resources\\\/principles-for-chat-groups\\\/#breadcrumb\"},\"inLanguage\":\"da-DK\",\"potentialAction\":[{\"@type\":\"ReadAction\",\"target\":[\"https:\\\/\\\/internetaddictsanonymous.org\\\/resources\\\/being-of-service-resources\\\/principles-for-chat-groups\\\/\"]}]},{\"@type\":\"BreadcrumbList\",\"@id\":\"https:\\\/\\\/internetaddictsanonymous.org\\\/resources\\\/being-of-service-resources\\\/principles-for-chat-groups\\\/#breadcrumb\",\"itemListElement\":[{\"@type\":\"ListItem\",\"position\":1,\"name\":\"Home\",\"item\":\"https:\\\/\\\/internetaddictsanonymous.org\\\/\"},{\"@type\":\"ListItem\",\"position\":2,\"name\":\"Resources\",\"item\":\"https:\\\/\\\/internetaddictsanonymous.org\\\/resources\\\/\"},{\"@type\":\"ListItem\",\"position\":3,\"name\":\"Being of service\",\"item\":\"https:\\\/\\\/internetaddictsanonymous.org\\\/resources\\\/being-of-service-resources\\\/\"},{\"@type\":\"ListItem\",\"position\":4,\"name\":\"Principles for ITAA chat groups\"}]},{\"@type\":\"WebSite\",\"@id\":\"https:\\\/\\\/internetaddictsanonymous.org\\\/#website\",\"url\":\"https:\\\/\\\/internetaddictsanonymous.org\\\/\",\"name\":\"Internet and Technology Addicts Anonymous\",\"description\":\"Worldwide 12-step Fellowship for Internet and Technology Addiction\",\"publisher\":{\"@id\":\"https:\\\/\\\/internetaddictsanonymous.org\\\/#organization\"},\"potentialAction\":[{\"@type\":\"SearchAction\",\"target\":{\"@type\":\"EntryPoint\",\"urlTemplate\":\"https:\\\/\\\/internetaddictsanonymous.org\\\/?s={search_term_string}\"},\"query-input\":{\"@type\":\"PropertyValueSpecification\",\"valueRequired\":true,\"valueName\":\"search_term_string\"}}],\"inLanguage\":\"da-DK\"},{\"@type\":\"Organization\",\"@id\":\"https:\\\/\\\/internetaddictsanonymous.org\\\/#organization\",\"name\":\"Internet and Technology Addicts Anonymous\",\"url\":\"https:\\\/\\\/internetaddictsanonymous.org\\\/\",\"logo\":{\"@type\":\"ImageObject\",\"inLanguage\":\"da-DK\",\"@id\":\"https:\\\/\\\/internetaddictsanonymous.org\\\/#\\\/schema\\\/logo\\\/image\\\/\",\"url\":\"https:\\\/\\\/internetaddictsanonymous.org\\\/wp-content\\\/uploads\\\/2023\\\/01\\\/cropped-ITAA-logo-480px.png\",\"contentUrl\":\"https:\\\/\\\/internetaddictsanonymous.org\\\/wp-content\\\/uploads\\\/2023\\\/01\\\/cropped-ITAA-logo-480px.png\",\"width\":480,\"height\":480,\"caption\":\"Internet and Technology Addicts Anonymous\"},\"image\":{\"@id\":\"https:\\\/\\\/internetaddictsanonymous.org\\\/#\\\/schema\\\/logo\\\/image\\\/\"}}]}<\/script>\n<!-- \/ Yoast SEO plugin. -->","yoast_head_json":{"title":"Principper for ITAA-chatgrupper \u2013 Anonyme internet- og teknologiafh\u00e6ngige","robots":{"index":"index","follow":"follow","max-snippet":"max-snippet:-1","max-image-preview":"max-image-preview:large","max-video-preview":"max-video-preview:-1"},"canonical":"https:\/\/internetaddictsanonymous.org\/da\/ressourcer\/vaere-af-serviceressourcer\/principper-for-chatgrupper\/","og_locale":"da_DK","og_type":"article","og_title":"Principles for ITAA chat groups &#8211; Internet and Technology Addicts Anonymous","og_description":"As internet addicts, we need take special care how we use technology to support our recoveries and our meetings. For example, Zoom and our website have been essential tools to help our fellowship reach addicts who don\u2019t have access to in-person meetings. Meanwhile, other technologies\u2014streaming platforms, social media feeds, dating apps, video games\u2014clearly have no &hellip; Continue reading Principles for ITAA chat groups","og_url":"https:\/\/internetaddictsanonymous.org\/da\/ressourcer\/vaere-af-serviceressourcer\/principper-for-chatgrupper\/","og_site_name":"Internet and Technology Addicts Anonymous","article_modified_time":"2024-07-28T18:35:31+00:00","twitter_card":"summary_large_image","twitter_misc":{"Estimeret l\u00e6setid":"6 minutter"},"schema":{"@context":"https:\/\/schema.org","@graph":[{"@type":"WebPage","@id":"https:\/\/internetaddictsanonymous.org\/resources\/being-of-service-resources\/principles-for-chat-groups\/","url":"https:\/\/internetaddictsanonymous.org\/resources\/being-of-service-resources\/principles-for-chat-groups\/","name":"Principper for ITAA-chatgrupper \u2013 Anonyme internet- og teknologiafh\u00e6ngige","isPartOf":{"@id":"https:\/\/internetaddictsanonymous.org\/#website"},"datePublished":"2024-06-17T00:35:42+00:00","dateModified":"2024-07-28T18:35:31+00:00","breadcrumb":{"@id":"https:\/\/internetaddictsanonymous.org\/resources\/being-of-service-resources\/principles-for-chat-groups\/#breadcrumb"},"inLanguage":"da-DK","potentialAction":[{"@type":"ReadAction","target":["https:\/\/internetaddictsanonymous.org\/resources\/being-of-service-resources\/principles-for-chat-groups\/"]}]},{"@type":"BreadcrumbList","@id":"https:\/\/internetaddictsanonymous.org\/resources\/being-of-service-resources\/principles-for-chat-groups\/#breadcrumb","itemListElement":[{"@type":"ListItem","position":1,"name":"Home","item":"https:\/\/internetaddictsanonymous.org\/"},{"@type":"ListItem","position":2,"name":"Resources","item":"https:\/\/internetaddictsanonymous.org\/resources\/"},{"@type":"ListItem","position":3,"name":"Being of service","item":"https:\/\/internetaddictsanonymous.org\/resources\/being-of-service-resources\/"},{"@type":"ListItem","position":4,"name":"Principles for ITAA chat groups"}]},{"@type":"WebSite","@id":"https:\/\/internetaddictsanonymous.org\/#website","url":"https:\/\/internetaddictsanonymous.org\/","name":"Anonyme internet- og teknologiafh\u00e6ngige","description":"Verdensomsp\u00e6ndende 12-trinsf\u00e6llesskab for internet- og teknologiafh\u00e6ngighed","publisher":{"@id":"https:\/\/internetaddictsanonymous.org\/#organization"},"potentialAction":[{"@type":"SearchAction","target":{"@type":"EntryPoint","urlTemplate":"https:\/\/internetaddictsanonymous.org\/?s={search_term_string}"},"query-input":{"@type":"PropertyValueSpecification","valueRequired":true,"valueName":"search_term_string"}}],"inLanguage":"da-DK"},{"@type":"Organization","@id":"https:\/\/internetaddictsanonymous.org\/#organization","name":"Anonyme internet- og teknologiafh\u00e6ngige","url":"https:\/\/internetaddictsanonymous.org\/","logo":{"@type":"ImageObject","inLanguage":"da-DK","@id":"https:\/\/internetaddictsanonymous.org\/#\/schema\/logo\/image\/","url":"https:\/\/internetaddictsanonymous.org\/wp-content\/uploads\/2023\/01\/cropped-ITAA-logo-480px.png","contentUrl":"https:\/\/internetaddictsanonymous.org\/wp-content\/uploads\/2023\/01\/cropped-ITAA-logo-480px.png","width":480,"height":480,"caption":"Internet and Technology Addicts Anonymous"},"image":{"@id":"https:\/\/internetaddictsanonymous.org\/#\/schema\/logo\/image\/"}}]}},"jetpack_sharing_enabled":true,"jetpack_shortlink":"https:\/\/wp.me\/P9Fwob-4II","_links":{"self":[{"href":"https:\/\/internetaddictsanonymous.org\/da\/wp-json\/wp\/v2\/pages\/18148","targetHints":{"allow":["GET"]}}],"collection":[{"href":"https:\/\/internetaddictsanonymous.org\/da\/wp-json\/wp\/v2\/pages"}],"about":[{"href":"https:\/\/internetaddictsanonymous.org\/da\/wp-json\/wp\/v2\/types\/page"}],"author":[{"embeddable":true,"href":"https:\/\/internetaddictsanonymous.org\/da\/wp-json\/wp\/v2\/users\/35194237"}],"replies":[{"embeddable":true,"href":"https:\/\/internetaddictsanonymous.org\/da\/wp-json\/wp\/v2\/comments?post=18148"}],"version-history":[{"count":3,"href":"https:\/\/internetaddictsanonymous.org\/da\/wp-json\/wp\/v2\/pages\/18148\/revisions"}],"predecessor-version":[{"id":18354,"href":"https:\/\/internetaddictsanonymous.org\/da\/wp-json\/wp\/v2\/pages\/18148\/revisions\/18354"}],"up":[{"embeddable":true,"href":"https:\/\/internetaddictsanonymous.org\/da\/wp-json\/wp\/v2\/pages\/18080"}],"wp:attachment":[{"href":"https:\/\/internetaddictsanonymous.org\/da\/wp-json\/wp\/v2\/media?parent=18148"}],"wp:term":[{"taxonomy":"post_tag","embeddable":true,"href":"https:\/\/internetaddictsanonymous.org\/da\/wp-json\/wp\/v2\/tags?post=18148"}],"curies":[{"name":"wp","href":"https:\/\/api.w.org\/{rel}","templated":true}]}}