{"id":20032,"date":"2025-06-13T19:32:11","date_gmt":"2025-06-14T02:32:11","guid":{"rendered":"https:\/\/internetaddictsanonymous.org\/?page_id=20032"},"modified":"2026-02-05T15:16:48","modified_gmt":"2026-02-05T23:16:48","slug":"usa-texas","status":"publish","type":"page","link":"https:\/\/internetaddictsanonymous.org\/da\/in-person-meetings\/us-tx\/","title":{"rendered":"ITAA i Texas, USA"},"content":{"rendered":"<p>Velkommen til Anonyme Internet- og Teknologiafh\u00e6ngige! Vi er glade for, at du har fundet os, og vi h\u00e5ber, at vores f\u00e6llesskab kan v\u00e6re lige s\u00e5 nyttigt for dig, som det har v\u00e6ret for os.<strong> <mark style=\"background-color:rgba(0, 0, 0, 0)\" class=\"has-inline-color has-dark-gray-color\">ITAA er et tolv-trins f\u00e6llesskab af individer, som st\u00f8tter hinanden i at komme sig fra internet- og teknologi-afh\u00e6ngighed.<\/mark><\/strong> Det omfatter afh\u00e6ngighed af sociale medier, smartphones, streaming af video- eller lydindhold, spil, nyheder, pornografi, dating-apps, online research, online shopping eller enhver anden digital aktivitet, der bliver tvangspr\u00e6get og problematisk.&nbsp;<\/p>\n\n\n\n<h3 class=\"wp-block-heading\">ITAA-m\u00f8der i Dallas<\/h3>\n\n\n\n<p>Hvorn\u00e5r: Mandage kl. 18:30-19:30<br>Sted: Center for Spirituel Udvikling<br>5324 W Northwest Hwy, Dallas, TX 75220<br>V\u00e6relse 200 (ovenp\u00e5)<\/p>\n\n\n\n<p>Kontakt: <a href=\"mailto:DFWitaa@gmail.com\" target=\"_blank\" rel=\"noreferrer noopener\">DFWitaa@gmail.com<\/a><\/p>\n\n\n\n<h3 class=\"wp-block-heading\"><span style=\"color:orange;\"><mark style=\"background-color:rgba(0, 0, 0, 0)\" class=\"has-inline-color has-dark-gray-color\">ITAA-m\u00f8der i det nordlige Dallas<\/mark><\/span><\/h3>\n\n\n\n<p>Hvorn\u00e5r: S\u00f8ndage<br>Tid: kl. 15<br>Sted: Carrollton Public Library&#039;s studielokaler (se efter ITAA p\u00e5 tavlen) ved Josey Ranch Lake, 1700 Keller Springs Rd, Carrollton, TX 75006<\/p>\n\n\n\n<p>Kontakt:&nbsp;<a target=\"_blank\" rel=\"noreferrer noopener\" href=\"mailto:tanya.s.itaa@gmail.com\">tanya.s.itaa@gmail.com<\/a><\/p>\n\n\n\n<h3 class=\"wp-block-heading\">ITAA-m\u00f8der i Houston<\/h3>\n\n\n\n<h5 class=\"wp-block-heading\">S\u00f8ndags ITAA-m\u00f8der i Houston<\/h5>\n\n\n\n<p><em>Bor du i Houston, Texas, USA-omr\u00e5det, eller har du lyst til at rejse og bes\u00f8ge os? Fantastisk! Lad os spise frokost! Den anden s\u00f8ndag kl. 13.30 f\u00f8r det personlige m\u00f8de. Kontakt Phoenix eller Tom p\u00e5 WTF83itaa@gmail.com. Huzzah!<\/em><\/p>\n\n\n\n<p>Hvorn\u00e5r: S\u00f8ndage kl. 15.00<br>Hvor: The Lambda Club, 1201 W. Clay, Houston, TX 77019 \u2014 Lokale 3.<br>Kontakt: Alice G p\u00e5 817-823-0708 eller&nbsp;<a href=\"mailto:Aliceinserenity@gmail.com\" target=\"_blank\" rel=\"noreferrer noopener\">Aliceinserenity@gmail.com<\/a>; Tom G. kl.&nbsp;<a href=\"tel:+1-727-422-0303\" target=\"_blank\" rel=\"noreferrer noopener\">832-613-7547<\/a>&nbsp;eller&nbsp;<a href=\"mailto:patrickg.itaa@gmail.com\" target=\"_blank\" rel=\"noreferrer noopener\">tomg.everyday@gmail.com<\/a>.<br>Parkering foran er begr\u00e6nset, s\u00e5 parker p\u00e5 gaden eller p\u00e5 parkeringspladsen p\u00e5 Bell St. bag klubben.<\/p>\n\n\n\n<p>Dette er et LGBTQ+- og allieredevenligt m\u00f8de. Da dette er et rekonvalescensomr\u00e5de, b\u00f8r medlemmer desuden ikke komme, hvis de er berusede eller h\u00f8je.<\/p>\n\n\n\n<p>Medlemmerne kommer sommetider for sent, og der er s\u00e5 f\u00e5, der er til stede ved den officielle starttid. Ring til Alice eller Tom, hvis du ikke kan finde os.<\/p>\n\n\n\n<p>-~-<\/p>\n\n\n\n<h5 class=\"wp-block-heading\">Torsdagens ITAA-m\u00f8der i Houston<\/h5>\n\n\n\n<p>Hvorn\u00e5r: torsdage kl. 19-20.&nbsp;<\/p>\n\n\n\n<p>Sted: Council on Recovery: 303 Jackson Hill Street, Houston, Texas 77007<\/p>\n\n\n\n<p>Beskrivelse: M\u00f8delokalet er angivet i kommunens daglige skema. Ring til Alice eller Tom, hvis du ikke kan finde os.&nbsp;<\/p>\n\n\n\n<h3 class=\"wp-block-heading\">Yderligere m\u00f8der<\/h3>\n\n\n\n<p>Hvis du er ny, opfordrer vi dig til at pr\u00f8ve at deltage i seks m\u00f8der inden for en kort periode for at se, om vores program kan v\u00e6re nyttigt for dig. Ud over vores lokale personlige m\u00f8der kan du ogs\u00e5 gennemg\u00e5 vores <a href=\"https:\/\/internetaddictsanonymous.org\/da\/personlige-moder\/\">andre personlige m\u00f8der<\/a> og en <a href=\"https:\/\/internetaddictsanonymous.org\/da\/online-moder\/\">komplet tidsplan for online-m\u00f8der<\/a>. Alle m\u00f8der er helt gratis og anonyme.<\/p>\n\n\n\n<h3 class=\"wp-block-heading\"><strong>Hvordan fungerer m\u00f8der?<\/strong><\/h3>\n\n\n\n<p>Hvis du skal deltage i et m\u00f8de for f\u00f8rste gang, er der ingen grund til at v\u00e6re nerv\u00f8s. De fleste af vores m\u00f8der er meget enkle; hvert m\u00f8de har en m\u00f8deleder, som leder m\u00f8det, og de fleste m\u00f8der varer en time. Formanden og andre frivillige l\u00e6ser nogle indledende erkl\u00e6ringer op, f\u00f8r vi \u00e5bner m\u00f8det for medlemmer, der vil dele. Der er ikke noget krav om at dele, og det er okay bare at lytte. Du kan fort\u00e6lle, hvordan du har det, pr\u00e6sentere dig selv, og hvad der bragte dig til ITAA, eller stille sp\u00f8rgsm\u00e5l. Medmindre medlemmet, der fort\u00e6ller, beder om det, kommer vi ikke med forslag eller kommentarer som svar p\u00e5 andres fort\u00e6llinger; vi lytter bare uden at d\u00f8mme. N\u00e5r timen er g\u00e5et, afsluttes m\u00f8det med nogle afsluttende bem\u00e6rkninger, hvorefter medlemmerne normalt taler uformelt sammen, stiller sp\u00f8rgsm\u00e5l og udveksler kontaktoplysninger.<\/p>\n\n\n\n<h3 class=\"wp-block-heading\">Ressourcer til internet- og teknologiafh\u00e6ngighed<\/h3>\n\n\n\n<p>Hvis du spekulerer p\u00e5, om du m\u00e5ske har en internet- og teknologiafh\u00e6ngighed, kan du gennemg\u00e5 vores sp\u00f8rgeskemaer til <a href=\"https:\/\/internetaddictsanonymous.org\/da\/afhaengighed-af-internet-og-teknologi\/\">internetafh\u00e6ngighed<\/a>, <a href=\"https:\/\/internetaddictsanonymous.org\/da\/afhaengighed-af-internet-og-teknologi\/afhaengighed-af-sociale-medier\/\">afh\u00e6ngighed af sociale medier<\/a>, <a href=\"https:\/\/internetaddictsanonymous.org\/da\/internetafhaengighed\/afhaengighed-af-streaming\/\">afh\u00e6ngighed af streaming<\/a>, <a href=\"https:\/\/internetaddictsanonymous.org\/da\/afhaengighed-af-internet-og-teknologi\/telefonafhaengighed\/\">Telefonafh\u00e6ngighed<\/a>, eller <a href=\"https:\/\/internetaddictsanonymous.org\/da\/afhaengighed-af-internet-og-teknologi\/afhaengighed-af-videospil\/\">afh\u00e6ngighed af videospil<\/a>. Du kan ogs\u00e5 l\u00e6re mere om ITAA ved at l\u00e6se vores&nbsp;<a href=\"https:\/\/internetaddictsanonymous.org\/da\/guide-til-nyankomne\/\">guide til nyankomne<\/a>, gennemg\u00e5r vores <a href=\"https:\/\/internetaddictsanonymous.org\/da\/ressourcer\/redskaber-til-genopretning\/\">redskaber til genopretning<\/a>eller lytte til <a href=\"https:\/\/internetaddictsanonymous.org\/da\/historier-om-at-komme-sig\/\">medlemmernes historier om at komme sig<\/a>.<\/p>\n\n\n\n<p>ITAA er ikke tilknyttet nogen politisk dagsorden, religion eller eksterne interesser. Vi er helt selvforsynende og gratis for alle, der har brug for det. Vores eneste form\u00e5l er at afholde os fra tvangsm\u00e6ssig brug af internet og teknologi og at hj\u00e6lpe andre med at finde frihed fra denne afh\u00e6ngighed.<\/p>\n\n\n\n<p>Igen, velkommen! Vi h\u00e5ber, at dette f\u00e6llesskab kan give dig den st\u00f8tte, du har brug for i din recovery fra internet- og teknologiafh\u00e6ngighed. T\u00f8v ikke med at kontakte os, hvis du har sp\u00f8rgsm\u00e5l.<\/p>\n<!-- PMB print buttons is only displayed on a single post\/page URLs-->","protected":false},"excerpt":{"rendered":"<p>Velkommen til Anonyme Internet- og Teknologiafh\u00e6ngige! Vi er glade for, at du har fundet os, og vi h\u00e5ber, at vores f\u00e6llesskab kan v\u00e6re lige s\u00e5 nyttigt for dig, som det har v\u00e6ret for os. ITAA er et tolvtrinsf\u00e6llesskab af personer, der st\u00f8tter hinanden i at komme sig fra internet- og teknologiafh\u00e6ngighed. Det omfatter afh\u00e6ngighed af sociale medier, smartphones, streaming ... <a href=\"https:\/\/internetaddictsanonymous.org\/da\/in-person-meetings\/us-tx\/\" class=\"more-link\">Forts\u00e6t med at l\u00e6se <span class=\"screen-reader-text\">ITAA i Texas, USA<\/span><\/a><\/p>","protected":false},"author":35194291,"featured_media":0,"parent":148,"menu_order":0,"comment_status":"closed","ping_status":"closed","template":"","meta":{"inline_featured_image":false,"_lmt_disableupdate":"","_lmt_disable":"","jetpack_post_was_ever_published":false,"footnotes":""},"tags":[655524913,655524906,307668,655524904,655524910,655524900,534293,1410996,655525133],"class_list":["post-20032","page","type-page","status-publish","hentry","tag-12-steps","tag-balanced-technology-use","tag-internet-addiction","tag-internet-addicts-anonymous","tag-meeting-times","tag-smartphone-addiction","tag-support-group","tag-technology-addiction","tag-texas"],"yoast_head":"<!-- This site is optimized with the Yoast SEO plugin v27.3 - https:\/\/yoast.com\/product\/yoast-seo-wordpress\/ -->\n<title>ITAA in Texas, US &#8211; Internet and Technology Addicts Anonymous<\/title>\n<meta name=\"robots\" content=\"index, follow, max-snippet:-1, max-image-preview:large, max-video-preview:-1\" \/>\n<link rel=\"canonical\" href=\"https:\/\/internetaddictsanonymous.org\/da\/personlige-moder\/usa-texas\/\" \/>\n<meta property=\"og:locale\" content=\"da_DK\" \/>\n<meta property=\"og:type\" content=\"article\" \/>\n<meta property=\"og:title\" content=\"ITAA in Texas, US &#8211; Internet and Technology Addicts Anonymous\" \/>\n<meta property=\"og:description\" content=\"Welcome to Internet and Technology Addicts Anonymous! We\u2019re glad you\u2019ve found us, and we hope our community can be as helpful to you as it has been for us. ITAA is a Twelve-Step fellowship of individuals who support each other in recovering from internet and technology addiction. This includes addiction to social media, smartphones, streaming &hellip; Continue reading ITAA in Texas, US\" \/>\n<meta property=\"og:url\" content=\"https:\/\/internetaddictsanonymous.org\/da\/personlige-moder\/usa-texas\/\" \/>\n<meta property=\"og:site_name\" content=\"Internet and Technology Addicts Anonymous\" \/>\n<meta property=\"article:modified_time\" content=\"2026-02-05T23:16:48+00:00\" \/>\n<meta name=\"twitter:card\" content=\"summary_large_image\" \/>\n<meta name=\"twitter:label1\" content=\"Estimeret l\u00e6setid\" \/>\n\t<meta name=\"twitter:data1\" content=\"3 minutter\" \/>\n<script type=\"application\/ld+json\" class=\"yoast-schema-graph\">{\"@context\":\"https:\\\/\\\/schema.org\",\"@graph\":[{\"@type\":\"WebPage\",\"@id\":\"https:\\\/\\\/internetaddictsanonymous.org\\\/in-person-meetings\\\/us-tx\\\/\",\"url\":\"https:\\\/\\\/internetaddictsanonymous.org\\\/in-person-meetings\\\/us-tx\\\/\",\"name\":\"ITAA in Texas, US &#8211; Internet and Technology Addicts Anonymous\",\"isPartOf\":{\"@id\":\"https:\\\/\\\/internetaddictsanonymous.org\\\/#website\"},\"datePublished\":\"2025-06-14T02:32:11+00:00\",\"dateModified\":\"2026-02-05T23:16:48+00:00\",\"breadcrumb\":{\"@id\":\"https:\\\/\\\/internetaddictsanonymous.org\\\/in-person-meetings\\\/us-tx\\\/#breadcrumb\"},\"inLanguage\":\"da-DK\",\"potentialAction\":[{\"@type\":\"ReadAction\",\"target\":[\"https:\\\/\\\/internetaddictsanonymous.org\\\/in-person-meetings\\\/us-tx\\\/\"]}]},{\"@type\":\"BreadcrumbList\",\"@id\":\"https:\\\/\\\/internetaddictsanonymous.org\\\/in-person-meetings\\\/us-tx\\\/#breadcrumb\",\"itemListElement\":[{\"@type\":\"ListItem\",\"position\":1,\"name\":\"Home\",\"item\":\"https:\\\/\\\/internetaddictsanonymous.org\\\/\"},{\"@type\":\"ListItem\",\"position\":2,\"name\":\"In-Person Meetings\",\"item\":\"https:\\\/\\\/internetaddictsanonymous.org\\\/in-person-meetings\\\/\"},{\"@type\":\"ListItem\",\"position\":3,\"name\":\"ITAA in Texas, US\"}]},{\"@type\":\"WebSite\",\"@id\":\"https:\\\/\\\/internetaddictsanonymous.org\\\/#website\",\"url\":\"https:\\\/\\\/internetaddictsanonymous.org\\\/\",\"name\":\"Internet and Technology Addicts Anonymous\",\"description\":\"Worldwide 12-step Fellowship for Internet and Technology Addiction\",\"publisher\":{\"@id\":\"https:\\\/\\\/internetaddictsanonymous.org\\\/#organization\"},\"potentialAction\":[{\"@type\":\"SearchAction\",\"target\":{\"@type\":\"EntryPoint\",\"urlTemplate\":\"https:\\\/\\\/internetaddictsanonymous.org\\\/?s={search_term_string}\"},\"query-input\":{\"@type\":\"PropertyValueSpecification\",\"valueRequired\":true,\"valueName\":\"search_term_string\"}}],\"inLanguage\":\"da-DK\"},{\"@type\":\"Organization\",\"@id\":\"https:\\\/\\\/internetaddictsanonymous.org\\\/#organization\",\"name\":\"Internet and Technology Addicts Anonymous\",\"url\":\"https:\\\/\\\/internetaddictsanonymous.org\\\/\",\"logo\":{\"@type\":\"ImageObject\",\"inLanguage\":\"da-DK\",\"@id\":\"https:\\\/\\\/internetaddictsanonymous.org\\\/#\\\/schema\\\/logo\\\/image\\\/\",\"url\":\"https:\\\/\\\/internetaddictsanonymous.org\\\/wp-content\\\/uploads\\\/2023\\\/01\\\/cropped-ITAA-logo-480px.png\",\"contentUrl\":\"https:\\\/\\\/internetaddictsanonymous.org\\\/wp-content\\\/uploads\\\/2023\\\/01\\\/cropped-ITAA-logo-480px.png\",\"width\":480,\"height\":480,\"caption\":\"Internet and Technology Addicts Anonymous\"},\"image\":{\"@id\":\"https:\\\/\\\/internetaddictsanonymous.org\\\/#\\\/schema\\\/logo\\\/image\\\/\"}}]}<\/script>\n<!-- \/ Yoast SEO plugin. -->","yoast_head_json":{"title":"ITAA i Texas, USA \u2013 Anonyme Internet- og Teknologiafh\u00e6ngige","robots":{"index":"index","follow":"follow","max-snippet":"max-snippet:-1","max-image-preview":"max-image-preview:large","max-video-preview":"max-video-preview:-1"},"canonical":"https:\/\/internetaddictsanonymous.org\/da\/personlige-moder\/usa-texas\/","og_locale":"da_DK","og_type":"article","og_title":"ITAA in Texas, US &#8211; Internet and Technology Addicts Anonymous","og_description":"Welcome to Internet and Technology Addicts Anonymous! We\u2019re glad you\u2019ve found us, and we hope our community can be as helpful to you as it has been for us. ITAA is a Twelve-Step fellowship of individuals who support each other in recovering from internet and technology addiction. This includes addiction to social media, smartphones, streaming &hellip; Continue reading ITAA in Texas, US","og_url":"https:\/\/internetaddictsanonymous.org\/da\/personlige-moder\/usa-texas\/","og_site_name":"Internet and Technology Addicts Anonymous","article_modified_time":"2026-02-05T23:16:48+00:00","twitter_card":"summary_large_image","twitter_misc":{"Estimeret l\u00e6setid":"3 minutter"},"schema":{"@context":"https:\/\/schema.org","@graph":[{"@type":"WebPage","@id":"https:\/\/internetaddictsanonymous.org\/in-person-meetings\/us-tx\/","url":"https:\/\/internetaddictsanonymous.org\/in-person-meetings\/us-tx\/","name":"ITAA i Texas, USA \u2013 Anonyme Internet- og Teknologiafh\u00e6ngige","isPartOf":{"@id":"https:\/\/internetaddictsanonymous.org\/#website"},"datePublished":"2025-06-14T02:32:11+00:00","dateModified":"2026-02-05T23:16:48+00:00","breadcrumb":{"@id":"https:\/\/internetaddictsanonymous.org\/in-person-meetings\/us-tx\/#breadcrumb"},"inLanguage":"da-DK","potentialAction":[{"@type":"ReadAction","target":["https:\/\/internetaddictsanonymous.org\/in-person-meetings\/us-tx\/"]}]},{"@type":"BreadcrumbList","@id":"https:\/\/internetaddictsanonymous.org\/in-person-meetings\/us-tx\/#breadcrumb","itemListElement":[{"@type":"ListItem","position":1,"name":"Home","item":"https:\/\/internetaddictsanonymous.org\/"},{"@type":"ListItem","position":2,"name":"In-Person Meetings","item":"https:\/\/internetaddictsanonymous.org\/in-person-meetings\/"},{"@type":"ListItem","position":3,"name":"ITAA in Texas, US"}]},{"@type":"WebSite","@id":"https:\/\/internetaddictsanonymous.org\/#website","url":"https:\/\/internetaddictsanonymous.org\/","name":"Anonyme internet- og teknologiafh\u00e6ngige","description":"Verdensomsp\u00e6ndende 12-trinsf\u00e6llesskab for internet- og teknologiafh\u00e6ngighed","publisher":{"@id":"https:\/\/internetaddictsanonymous.org\/#organization"},"potentialAction":[{"@type":"SearchAction","target":{"@type":"EntryPoint","urlTemplate":"https:\/\/internetaddictsanonymous.org\/?s={search_term_string}"},"query-input":{"@type":"PropertyValueSpecification","valueRequired":true,"valueName":"search_term_string"}}],"inLanguage":"da-DK"},{"@type":"Organization","@id":"https:\/\/internetaddictsanonymous.org\/#organization","name":"Anonyme internet- og teknologiafh\u00e6ngige","url":"https:\/\/internetaddictsanonymous.org\/","logo":{"@type":"ImageObject","inLanguage":"da-DK","@id":"https:\/\/internetaddictsanonymous.org\/#\/schema\/logo\/image\/","url":"https:\/\/internetaddictsanonymous.org\/wp-content\/uploads\/2023\/01\/cropped-ITAA-logo-480px.png","contentUrl":"https:\/\/internetaddictsanonymous.org\/wp-content\/uploads\/2023\/01\/cropped-ITAA-logo-480px.png","width":480,"height":480,"caption":"Internet and Technology Addicts Anonymous"},"image":{"@id":"https:\/\/internetaddictsanonymous.org\/#\/schema\/logo\/image\/"}}]}},"jetpack_sharing_enabled":true,"jetpack_shortlink":"https:\/\/wp.me\/P9Fwob-5d6","_links":{"self":[{"href":"https:\/\/internetaddictsanonymous.org\/da\/wp-json\/wp\/v2\/pages\/20032","targetHints":{"allow":["GET"]}}],"collection":[{"href":"https:\/\/internetaddictsanonymous.org\/da\/wp-json\/wp\/v2\/pages"}],"about":[{"href":"https:\/\/internetaddictsanonymous.org\/da\/wp-json\/wp\/v2\/types\/page"}],"author":[{"embeddable":true,"href":"https:\/\/internetaddictsanonymous.org\/da\/wp-json\/wp\/v2\/users\/35194291"}],"replies":[{"embeddable":true,"href":"https:\/\/internetaddictsanonymous.org\/da\/wp-json\/wp\/v2\/comments?post=20032"}],"version-history":[{"count":9,"href":"https:\/\/internetaddictsanonymous.org\/da\/wp-json\/wp\/v2\/pages\/20032\/revisions"}],"predecessor-version":[{"id":20985,"href":"https:\/\/internetaddictsanonymous.org\/da\/wp-json\/wp\/v2\/pages\/20032\/revisions\/20985"}],"up":[{"embeddable":true,"href":"https:\/\/internetaddictsanonymous.org\/da\/wp-json\/wp\/v2\/pages\/148"}],"wp:attachment":[{"href":"https:\/\/internetaddictsanonymous.org\/da\/wp-json\/wp\/v2\/media?parent=20032"}],"wp:term":[{"taxonomy":"post_tag","embeddable":true,"href":"https:\/\/internetaddictsanonymous.org\/da\/wp-json\/wp\/v2\/tags?post=20032"}],"curies":[{"name":"wp","href":"https:\/\/api.w.org\/{rel}","templated":true}]}}