{"id":25,"date":"2018-02-17T01:54:04","date_gmt":"2018-02-17T01:54:04","guid":{"rendered":"https:\/\/internetandtechaa.wordpress.com\/?page_id=25"},"modified":"2024-05-23T23:38:38","modified_gmt":"2024-05-24T03:38:38","slug":"er-internet-og-teknologi-narkomaner-anonyme-for-mig","status":"publish","type":"page","link":"https:\/\/internetaddictsanonymous.org\/da\/is-internet-and-technology-addicts-anonymous-for-me\/","title":{"rendered":"Kom godt i gang"},"content":{"rendered":"<p>Velkommen til! Hvis du er ny i ITAA, opfordrer vi dig til at deltage i <a href=\"https:\/\/internetaddictsanonymous.org\/da\/phone-online-meetings\/\">seks m\u00f8der<\/a> inden for en kort periode for at afg\u00f8re, om vores program kan v\u00e6re nyttigt for dig. Vores m\u00f8der er baseret p\u00e5 ikke-d\u00f8mmende, medf\u00f8lende lytning, og p\u00e5 m\u00f8derne er der mulighed for, at nyankomne kan stille sp\u00f8rgsm\u00e5l.<\/p>\n<p>Du kan ogs\u00e5 finde det nyttigt at gennemg\u00e5 nogle af de almindelige m\u00f8nstre og symptomer, som andre internet- og teknologiafh\u00e6ngige oplever:<\/p>\n<p><a href=\"https:\/\/internetaddictsanonymous.org\/da\/afhaengighed-af-internet-og-teknologi\/\">Internet- og teknologiafh\u00e6ngighed<\/a><br \/>\n<a href=\"https:\/\/internetaddictsanonymous.org\/da\/afhaengighed-af-sociale-medier\/\">Afh\u00e6ngighed af sociale medier<\/a><br \/>\n<a href=\"https:\/\/internetaddictsanonymous.org\/da\/smartphone-afhaengighed\/\">Smartphone-afh\u00e6ngighed<\/a><br \/>\n<a href=\"https:\/\/internetaddictsanonymous.org\/da\/afhaengighed-af-streaming\/\">Afh\u00e6ngighed af streaming<\/a><br \/>\n<a href=\"https:\/\/internetaddictsanonymous.org\/da\/afhaengighed-af-internet-og-teknologi\/afhaengighed-af-videospil\/\">Videospil afh\u00e6ngighed<\/a><\/p>\n<p><span style=\"font-weight: 400;\">Du er velkommen til at kontakte os via vores <a href=\"https:\/\/internetaddictsanonymous.org\/da\/kontakt\/\">kontaktformular<\/a> for at stille sp\u00f8rgsm\u00e5l eller for at aftale et telefonopkald med et andet medlem. Vi ser frem til at h\u00f8re fra dig!<\/span><\/p>\n<!-- PMB print buttons is only displayed on a single post\/page URLs-->","protected":false},"excerpt":{"rendered":"<p>Velkommen! Hvis du er ny til ITAA, opfordrer vi dig til at deltage i seks m\u00f8der inden for en kort periode for at afg\u00f8re, om vores program kan v\u00e6re nyttigt for dig. Vores m\u00f8der er baseret p\u00e5 ikke-d\u00f8mmende, medf\u00f8lende lytning, og m\u00f8der har mulighed for, at nytilkomne kan stille sp\u00f8rgsm\u00e5l. Du kan ogs\u00e5 finde det nyttigt at gennemg\u00e5 nogle... <a href=\"https:\/\/internetaddictsanonymous.org\/da\/is-internet-and-technology-addicts-anonymous-for-me\/\" class=\"more-link\">Forts\u00e6t med at l\u00e6se <span class=\"screen-reader-text\">Kom godt i gang<\/span><\/a><\/p>","protected":false},"author":35194237,"featured_media":0,"parent":0,"menu_order":0,"comment_status":"closed","ping_status":"closed","template":"full-width-page.php","meta":{"inline_featured_image":false,"_lmt_disableupdate":"no","_lmt_disable":"","jetpack_post_was_ever_published":false,"footnotes":""},"tags":[],"class_list":["post-25","page","type-page","status-publish","hentry"],"yoast_head":"<!-- This site is optimized with the Yoast SEO plugin v27.3 - https:\/\/yoast.com\/product\/yoast-seo-wordpress\/ -->\n<title>Getting Started &#8211; Internet and Technology Addicts Anonymous<\/title>\n<meta name=\"robots\" content=\"index, follow, max-snippet:-1, max-image-preview:large, max-video-preview:-1\" \/>\n<link rel=\"canonical\" href=\"https:\/\/internetaddictsanonymous.org\/da\/er-internet-og-teknologi-narkomaner-anonyme-for-mig\/\" \/>\n<meta property=\"og:locale\" content=\"da_DK\" \/>\n<meta property=\"og:type\" content=\"article\" \/>\n<meta property=\"og:title\" content=\"Getting Started &#8211; Internet and Technology Addicts Anonymous\" \/>\n<meta property=\"og:description\" content=\"Welcome! If you&#8217;re new to ITAA, we encourage you to attend six meetings within a short period of time to determine whether our program may be helpful for you. Our meetings are based on non-judgmental, compassionate listening, and meetings have opportunities for newcomers to ask questions. You may also find it helpful to review some &hellip; Continue reading Getting Started\" \/>\n<meta property=\"og:url\" content=\"https:\/\/internetaddictsanonymous.org\/da\/er-internet-og-teknologi-narkomaner-anonyme-for-mig\/\" \/>\n<meta property=\"og:site_name\" content=\"Internet and Technology Addicts Anonymous\" \/>\n<meta property=\"article:modified_time\" content=\"2024-05-24T03:38:38+00:00\" \/>\n<meta name=\"twitter:card\" content=\"summary_large_image\" \/>\n<meta name=\"twitter:label1\" content=\"Estimeret l\u00e6setid\" \/>\n\t<meta name=\"twitter:data1\" content=\"1 minut\" \/>\n<script type=\"application\/ld+json\" class=\"yoast-schema-graph\">{\"@context\":\"https:\\\/\\\/schema.org\",\"@graph\":[{\"@type\":\"WebPage\",\"@id\":\"https:\\\/\\\/internetaddictsanonymous.org\\\/is-internet-and-technology-addicts-anonymous-for-me\\\/\",\"url\":\"https:\\\/\\\/internetaddictsanonymous.org\\\/is-internet-and-technology-addicts-anonymous-for-me\\\/\",\"name\":\"Getting Started &#8211; Internet and Technology Addicts Anonymous\",\"isPartOf\":{\"@id\":\"https:\\\/\\\/internetaddictsanonymous.org\\\/#website\"},\"datePublished\":\"2018-02-17T01:54:04+00:00\",\"dateModified\":\"2024-05-24T03:38:38+00:00\",\"breadcrumb\":{\"@id\":\"https:\\\/\\\/internetaddictsanonymous.org\\\/is-internet-and-technology-addicts-anonymous-for-me\\\/#breadcrumb\"},\"inLanguage\":\"da-DK\",\"potentialAction\":[{\"@type\":\"ReadAction\",\"target\":[\"https:\\\/\\\/internetaddictsanonymous.org\\\/is-internet-and-technology-addicts-anonymous-for-me\\\/\"]}]},{\"@type\":\"BreadcrumbList\",\"@id\":\"https:\\\/\\\/internetaddictsanonymous.org\\\/is-internet-and-technology-addicts-anonymous-for-me\\\/#breadcrumb\",\"itemListElement\":[{\"@type\":\"ListItem\",\"position\":1,\"name\":\"Home\",\"item\":\"https:\\\/\\\/internetaddictsanonymous.org\\\/\"},{\"@type\":\"ListItem\",\"position\":2,\"name\":\"Getting Started\"}]},{\"@type\":\"WebSite\",\"@id\":\"https:\\\/\\\/internetaddictsanonymous.org\\\/#website\",\"url\":\"https:\\\/\\\/internetaddictsanonymous.org\\\/\",\"name\":\"Internet and Technology Addicts Anonymous\",\"description\":\"Worldwide 12-step Fellowship for Internet and Technology Addiction\",\"publisher\":{\"@id\":\"https:\\\/\\\/internetaddictsanonymous.org\\\/#organization\"},\"potentialAction\":[{\"@type\":\"SearchAction\",\"target\":{\"@type\":\"EntryPoint\",\"urlTemplate\":\"https:\\\/\\\/internetaddictsanonymous.org\\\/?s={search_term_string}\"},\"query-input\":{\"@type\":\"PropertyValueSpecification\",\"valueRequired\":true,\"valueName\":\"search_term_string\"}}],\"inLanguage\":\"da-DK\"},{\"@type\":\"Organization\",\"@id\":\"https:\\\/\\\/internetaddictsanonymous.org\\\/#organization\",\"name\":\"Internet and Technology Addicts Anonymous\",\"url\":\"https:\\\/\\\/internetaddictsanonymous.org\\\/\",\"logo\":{\"@type\":\"ImageObject\",\"inLanguage\":\"da-DK\",\"@id\":\"https:\\\/\\\/internetaddictsanonymous.org\\\/#\\\/schema\\\/logo\\\/image\\\/\",\"url\":\"https:\\\/\\\/internetaddictsanonymous.org\\\/wp-content\\\/uploads\\\/2023\\\/01\\\/cropped-ITAA-logo-480px.png\",\"contentUrl\":\"https:\\\/\\\/internetaddictsanonymous.org\\\/wp-content\\\/uploads\\\/2023\\\/01\\\/cropped-ITAA-logo-480px.png\",\"width\":480,\"height\":480,\"caption\":\"Internet and Technology Addicts Anonymous\"},\"image\":{\"@id\":\"https:\\\/\\\/internetaddictsanonymous.org\\\/#\\\/schema\\\/logo\\\/image\\\/\"}}]}<\/script>\n<!-- \/ Yoast SEO plugin. -->","yoast_head_json":{"title":"Kom godt i gang - Anonyme internet- og teknologiafh\u00e6ngige","robots":{"index":"index","follow":"follow","max-snippet":"max-snippet:-1","max-image-preview":"max-image-preview:large","max-video-preview":"max-video-preview:-1"},"canonical":"https:\/\/internetaddictsanonymous.org\/da\/er-internet-og-teknologi-narkomaner-anonyme-for-mig\/","og_locale":"da_DK","og_type":"article","og_title":"Getting Started &#8211; Internet and Technology Addicts Anonymous","og_description":"Welcome! If you&#8217;re new to ITAA, we encourage you to attend six meetings within a short period of time to determine whether our program may be helpful for you. Our meetings are based on non-judgmental, compassionate listening, and meetings have opportunities for newcomers to ask questions. You may also find it helpful to review some &hellip; Continue reading Getting Started","og_url":"https:\/\/internetaddictsanonymous.org\/da\/er-internet-og-teknologi-narkomaner-anonyme-for-mig\/","og_site_name":"Internet and Technology Addicts Anonymous","article_modified_time":"2024-05-24T03:38:38+00:00","twitter_card":"summary_large_image","twitter_misc":{"Estimeret l\u00e6setid":"1 minut"},"schema":{"@context":"https:\/\/schema.org","@graph":[{"@type":"WebPage","@id":"https:\/\/internetaddictsanonymous.org\/is-internet-and-technology-addicts-anonymous-for-me\/","url":"https:\/\/internetaddictsanonymous.org\/is-internet-and-technology-addicts-anonymous-for-me\/","name":"Kom godt i gang - Anonyme internet- og teknologiafh\u00e6ngige","isPartOf":{"@id":"https:\/\/internetaddictsanonymous.org\/#website"},"datePublished":"2018-02-17T01:54:04+00:00","dateModified":"2024-05-24T03:38:38+00:00","breadcrumb":{"@id":"https:\/\/internetaddictsanonymous.org\/is-internet-and-technology-addicts-anonymous-for-me\/#breadcrumb"},"inLanguage":"da-DK","potentialAction":[{"@type":"ReadAction","target":["https:\/\/internetaddictsanonymous.org\/is-internet-and-technology-addicts-anonymous-for-me\/"]}]},{"@type":"BreadcrumbList","@id":"https:\/\/internetaddictsanonymous.org\/is-internet-and-technology-addicts-anonymous-for-me\/#breadcrumb","itemListElement":[{"@type":"ListItem","position":1,"name":"Home","item":"https:\/\/internetaddictsanonymous.org\/"},{"@type":"ListItem","position":2,"name":"Getting Started"}]},{"@type":"WebSite","@id":"https:\/\/internetaddictsanonymous.org\/#website","url":"https:\/\/internetaddictsanonymous.org\/","name":"Anonyme internet- og teknologiafh\u00e6ngige","description":"Verdensomsp\u00e6ndende 12-trinsf\u00e6llesskab for internet- og teknologiafh\u00e6ngighed","publisher":{"@id":"https:\/\/internetaddictsanonymous.org\/#organization"},"potentialAction":[{"@type":"SearchAction","target":{"@type":"EntryPoint","urlTemplate":"https:\/\/internetaddictsanonymous.org\/?s={search_term_string}"},"query-input":{"@type":"PropertyValueSpecification","valueRequired":true,"valueName":"search_term_string"}}],"inLanguage":"da-DK"},{"@type":"Organization","@id":"https:\/\/internetaddictsanonymous.org\/#organization","name":"Anonyme internet- og teknologiafh\u00e6ngige","url":"https:\/\/internetaddictsanonymous.org\/","logo":{"@type":"ImageObject","inLanguage":"da-DK","@id":"https:\/\/internetaddictsanonymous.org\/#\/schema\/logo\/image\/","url":"https:\/\/internetaddictsanonymous.org\/wp-content\/uploads\/2023\/01\/cropped-ITAA-logo-480px.png","contentUrl":"https:\/\/internetaddictsanonymous.org\/wp-content\/uploads\/2023\/01\/cropped-ITAA-logo-480px.png","width":480,"height":480,"caption":"Internet and Technology Addicts Anonymous"},"image":{"@id":"https:\/\/internetaddictsanonymous.org\/#\/schema\/logo\/image\/"}}]}},"jetpack_sharing_enabled":false,"jetpack_shortlink":"https:\/\/wp.me\/P9Fwob-p","_links":{"self":[{"href":"https:\/\/internetaddictsanonymous.org\/da\/wp-json\/wp\/v2\/pages\/25","targetHints":{"allow":["GET"]}}],"collection":[{"href":"https:\/\/internetaddictsanonymous.org\/da\/wp-json\/wp\/v2\/pages"}],"about":[{"href":"https:\/\/internetaddictsanonymous.org\/da\/wp-json\/wp\/v2\/types\/page"}],"author":[{"embeddable":true,"href":"https:\/\/internetaddictsanonymous.org\/da\/wp-json\/wp\/v2\/users\/35194237"}],"replies":[{"embeddable":true,"href":"https:\/\/internetaddictsanonymous.org\/da\/wp-json\/wp\/v2\/comments?post=25"}],"version-history":[{"count":24,"href":"https:\/\/internetaddictsanonymous.org\/da\/wp-json\/wp\/v2\/pages\/25\/revisions"}],"predecessor-version":[{"id":18045,"href":"https:\/\/internetaddictsanonymous.org\/da\/wp-json\/wp\/v2\/pages\/25\/revisions\/18045"}],"wp:attachment":[{"href":"https:\/\/internetaddictsanonymous.org\/da\/wp-json\/wp\/v2\/media?parent=25"}],"wp:term":[{"taxonomy":"post_tag","embeddable":true,"href":"https:\/\/internetaddictsanonymous.org\/da\/wp-json\/wp\/v2\/tags?post=25"}],"curies":[{"name":"wp","href":"https:\/\/api.w.org\/{rel}","templated":true}]}}