{"id":42,"date":"2018-02-17T02:04:58","date_gmt":"2018-02-17T02:04:58","guid":{"rendered":"https:\/\/internetandtechaa.wordpress.com\/?page_id=42"},"modified":"2023-01-30T20:17:53","modified_gmt":"2023-01-31T01:17:53","slug":"ressourcer","status":"publish","type":"page","link":"https:\/\/internetaddictsanonymous.org\/da\/resources\/","title":{"rendered":"Ressourcer"},"content":{"rendered":"<p>Velkommen til ITAA! Her kan du finde en liste over nyttige ressourcer, der kan hj\u00e6lpe dig, n\u00e5r du g\u00e5r i gang med din recovery-rejse.<\/p>\n<p><strong><a href=\"https:\/\/internetaddictsanonymous.org\/da\/12-trin-af-itaa\/\">De Tolv Trin og Tolv Traditioner i ITAA<\/a><br \/>\n<\/strong>De styrende principper for vores program.<\/p>\n<p><strong><a href=\"https:\/\/internetaddictsanonymous.org\/da\/guide-til-nyankomne\/\">En guide til nybegyndere<\/a><br \/>\n<\/strong>En liste med seks enkle forslag til at komme i gang med ITAA.<\/p>\n<p><strong><a href=\"https:\/\/internetaddictsanonymous.org\/da\/historier-om-at-komme-sig\/\">Historier om at komme sig<\/a><br \/>\n<\/strong>Optagede og skrevne historier fra genfundne medlemmer af ITAA.<\/p>\n<p><strong><a href=\"https:\/\/internetaddictsanonymous.org\/da\/ressourcer\/redskaber-til-genopretning\/\">Redskaber til genopretning<\/a><br \/>\n<\/strong>Tidstestede v\u00e6rkt\u00f8jer og strategier, der kan hj\u00e6lpe os med at forblive \u00e6dru.<\/p>\n<p><strong><a href=\"https:\/\/internetaddictsanonymous.org\/da\/opdagelse-af-aedruelighed-arbejdsark-en-introduktion-til-genopretning-af-internetafhaengighed\/\">Arbejdsark til opdagelse af \u00e6druelighed<\/a><\/strong><br \/>\nEt regneark, der er designet til at hj\u00e6lpe os med at kortl\u00e6gge vores plan for at komme os over internetafh\u00e6ngighed med sp\u00f8rgsm\u00e5l og vejledninger, som vi kan f\u00f8lge.<\/p>\n<p><a href=\"https:\/\/internetaddictsanonymous.org\/da\/en-guide-til-nykterhedsklip-og-tilbagefald-i-itaa\/\"><strong>Forst\u00e5 \u00e6druelighed, udfald og tilbagefald<\/strong><\/a><br \/>\nEn oversigt over, hvad \u00e6druelighed betyder i ITAA, samt hvordan man forebygger og vokser fra fejltrin og tilbagefald.<\/p>\n<p><a href=\"https:\/\/internetaddictsanonymous.org\/da\/en-guide-til-udbetalinger\/\"><strong>Navigering i tilbagetr\u00e6kninger<\/strong><\/a><br \/>\nEn beskrivelse af abstinensprocessen sammen med fire medlemmers historier om at komme sig.<\/p>\n<p><strong><a href=\"https:\/\/internetaddictsanonymous.org\/da\/en-guide-til-opsogende-samtaler-i-itaa\/\">At foretage ops\u00f8gende opkald<\/a><br \/>\n<\/strong>En guide til at ringe til andre medlemmer uden for m\u00f8derne.<\/p>\n<p><a href=\"https:\/\/internetaddictsanonymous.org\/da\/sponsorat\/\"><strong>Betydningen af sponsorering<\/strong><\/a><br \/>\nEt sponsorat er et uformelt forhold, hvor et mere erfarent medlem af ITAA hj\u00e6lper med at guide os gennem recovery.<\/p>\n<p><a href=\"https:\/\/internetaddictsanonymous.org\/da\/ressourcer\/literature\/\"><strong>Ressourcer til trinarbejde<\/strong><\/a><br \/>\nDenne side indeholder links til litteratur fra andre programmer, som vi kan bruge til at arbejde med trinene, samt nogle yderligere uformelle ressourcer udviklet af medlemmer af ITAA.<\/p>\n<p><a href=\"https:\/\/internetaddictsanonymous.org\/da\/service\/\"><strong>En guide til service<\/strong><\/a><br \/>\nEn oversigt over m\u00e5der, hvorp\u00e5 vi kan yde service og st\u00f8tte andre medlemmers bedring.<\/p>\n<p><strong><a href=\"https:\/\/internetaddictsanonymous.org\/da\/sikkerhed-i-itaa\/\">Sikkerhed i ITAA<\/a><br \/>\n<\/strong>En guide til at reagere p\u00e5 usikker eller upassende adf\u00e6rd.<\/p>\n<p><a href=\"https:\/\/internetaddictsanonymous.org\/da\/the-doctors-opinion\/\"><strong>De videnskabelige beviser for internet- og teknologiafh\u00e6ngighed<\/strong><\/a><br \/>\nEn oversigt over den videnskabelige litteratur om effekter og konsekvenser af internet- og teknologiafh\u00e6ngighed.<\/p>\n<!-- PMB print buttons is only displayed on a single post\/page URLs-->","protected":false},"excerpt":{"rendered":"<p>Velkommen til ITAA! Her kan du finde en liste over nyttige ressourcer, der kan hj\u00e6lpe dig, n\u00e5r du g\u00e5r i gang med din genopretningsrejse. De tolv trin og tolv traditioner i ITAA De ledende principper for vores program. En guide til nytilkomne En liste med seks enkle forslag til at komme i gang med ITAA. Gendannelseshistorier optaget \u2026 <a href=\"https:\/\/internetaddictsanonymous.org\/da\/resources\/\" class=\"more-link\">Forts\u00e6t med at l\u00e6se <span class=\"screen-reader-text\">Ressourcer<\/span><\/a><\/p>","protected":false},"author":35194237,"featured_media":0,"parent":0,"menu_order":0,"comment_status":"closed","ping_status":"closed","template":"full-width-page.php","meta":{"inline_featured_image":false,"_lmt_disableupdate":"","_lmt_disable":"","footnotes":""},"tags":[],"class_list":["post-42","page","type-page","status-publish","hentry"],"yoast_head":"<!-- This site is optimized with the Yoast SEO plugin v27.5 - https:\/\/yoast.com\/product\/yoast-seo-wordpress\/ -->\n<title>Resources &#8211; Internet and Technology Addicts Anonymous<\/title>\n<meta name=\"robots\" content=\"index, follow, max-snippet:-1, max-image-preview:large, max-video-preview:-1\" \/>\n<link rel=\"canonical\" href=\"https:\/\/internetaddictsanonymous.org\/da\/ressourcer\/\" \/>\n<meta property=\"og:locale\" content=\"da_DK\" \/>\n<meta property=\"og:type\" content=\"article\" \/>\n<meta property=\"og:title\" content=\"Resources &#8211; Internet and Technology Addicts Anonymous\" \/>\n<meta property=\"og:description\" content=\"Welcome to ITAA! Here you can find a list of helpful resources that may help you as you embark on your recovery journey. The Twelve Steps and Twelve Traditions of ITAA The guiding principles of our program. A Guide For Newcomers A list of six simple suggestions for getting started in ITAA. Recovery Stories Recorded &hellip; Continue reading Resources\" \/>\n<meta property=\"og:url\" content=\"https:\/\/internetaddictsanonymous.org\/da\/ressourcer\/\" \/>\n<meta property=\"og:site_name\" content=\"Internet and Technology Addicts Anonymous\" \/>\n<meta property=\"article:modified_time\" content=\"2023-01-31T01:17:53+00:00\" \/>\n<meta name=\"twitter:card\" content=\"summary_large_image\" \/>\n<meta name=\"twitter:label1\" content=\"Estimeret l\u00e6setid\" \/>\n\t<meta name=\"twitter:data1\" content=\"2 minutter\" \/>\n<script type=\"application\/ld+json\" class=\"yoast-schema-graph\">{\"@context\":\"https:\\\/\\\/schema.org\",\"@graph\":[{\"@type\":\"WebPage\",\"@id\":\"https:\\\/\\\/internetaddictsanonymous.org\\\/resources\\\/\",\"url\":\"https:\\\/\\\/internetaddictsanonymous.org\\\/resources\\\/\",\"name\":\"Resources &#8211; Internet and Technology Addicts Anonymous\",\"isPartOf\":{\"@id\":\"https:\\\/\\\/internetaddictsanonymous.org\\\/#website\"},\"datePublished\":\"2018-02-17T02:04:58+00:00\",\"dateModified\":\"2023-01-31T01:17:53+00:00\",\"breadcrumb\":{\"@id\":\"https:\\\/\\\/internetaddictsanonymous.org\\\/resources\\\/#breadcrumb\"},\"inLanguage\":\"da-DK\",\"potentialAction\":[{\"@type\":\"ReadAction\",\"target\":[\"https:\\\/\\\/internetaddictsanonymous.org\\\/resources\\\/\"]}]},{\"@type\":\"BreadcrumbList\",\"@id\":\"https:\\\/\\\/internetaddictsanonymous.org\\\/resources\\\/#breadcrumb\",\"itemListElement\":[{\"@type\":\"ListItem\",\"position\":1,\"name\":\"Home\",\"item\":\"https:\\\/\\\/internetaddictsanonymous.org\\\/\"},{\"@type\":\"ListItem\",\"position\":2,\"name\":\"Resources\"}]},{\"@type\":\"WebSite\",\"@id\":\"https:\\\/\\\/internetaddictsanonymous.org\\\/#website\",\"url\":\"https:\\\/\\\/internetaddictsanonymous.org\\\/\",\"name\":\"Internet and Technology Addicts Anonymous\",\"description\":\"Worldwide 12-step Fellowship for Internet and Technology Addiction\",\"publisher\":{\"@id\":\"https:\\\/\\\/internetaddictsanonymous.org\\\/#organization\"},\"potentialAction\":[{\"@type\":\"SearchAction\",\"target\":{\"@type\":\"EntryPoint\",\"urlTemplate\":\"https:\\\/\\\/internetaddictsanonymous.org\\\/?s={search_term_string}\"},\"query-input\":{\"@type\":\"PropertyValueSpecification\",\"valueRequired\":true,\"valueName\":\"search_term_string\"}}],\"inLanguage\":\"da-DK\"},{\"@type\":\"Organization\",\"@id\":\"https:\\\/\\\/internetaddictsanonymous.org\\\/#organization\",\"name\":\"Internet and Technology Addicts Anonymous\",\"url\":\"https:\\\/\\\/internetaddictsanonymous.org\\\/\",\"logo\":{\"@type\":\"ImageObject\",\"inLanguage\":\"da-DK\",\"@id\":\"https:\\\/\\\/internetaddictsanonymous.org\\\/#\\\/schema\\\/logo\\\/image\\\/\",\"url\":\"https:\\\/\\\/internetaddictsanonymous.org\\\/wp-content\\\/uploads\\\/2023\\\/01\\\/cropped-ITAA-logo-480px.png\",\"contentUrl\":\"https:\\\/\\\/internetaddictsanonymous.org\\\/wp-content\\\/uploads\\\/2023\\\/01\\\/cropped-ITAA-logo-480px.png\",\"width\":480,\"height\":480,\"caption\":\"Internet and Technology Addicts Anonymous\"},\"image\":{\"@id\":\"https:\\\/\\\/internetaddictsanonymous.org\\\/#\\\/schema\\\/logo\\\/image\\\/\"}}]}<\/script>\n<!-- \/ Yoast SEO plugin. -->","yoast_head_json":{"title":"Ressourcer - Anonyme internet- og teknologiafh\u00e6ngige","robots":{"index":"index","follow":"follow","max-snippet":"max-snippet:-1","max-image-preview":"max-image-preview:large","max-video-preview":"max-video-preview:-1"},"canonical":"https:\/\/internetaddictsanonymous.org\/da\/ressourcer\/","og_locale":"da_DK","og_type":"article","og_title":"Resources &#8211; Internet and Technology Addicts Anonymous","og_description":"Welcome to ITAA! Here you can find a list of helpful resources that may help you as you embark on your recovery journey. The Twelve Steps and Twelve Traditions of ITAA The guiding principles of our program. A Guide For Newcomers A list of six simple suggestions for getting started in ITAA. Recovery Stories Recorded &hellip; Continue reading Resources","og_url":"https:\/\/internetaddictsanonymous.org\/da\/ressourcer\/","og_site_name":"Internet and Technology Addicts Anonymous","article_modified_time":"2023-01-31T01:17:53+00:00","twitter_card":"summary_large_image","twitter_misc":{"Estimeret l\u00e6setid":"2 minutter"},"schema":{"@context":"https:\/\/schema.org","@graph":[{"@type":"WebPage","@id":"https:\/\/internetaddictsanonymous.org\/resources\/","url":"https:\/\/internetaddictsanonymous.org\/resources\/","name":"Ressourcer - Anonyme internet- og teknologiafh\u00e6ngige","isPartOf":{"@id":"https:\/\/internetaddictsanonymous.org\/#website"},"datePublished":"2018-02-17T02:04:58+00:00","dateModified":"2023-01-31T01:17:53+00:00","breadcrumb":{"@id":"https:\/\/internetaddictsanonymous.org\/resources\/#breadcrumb"},"inLanguage":"da-DK","potentialAction":[{"@type":"ReadAction","target":["https:\/\/internetaddictsanonymous.org\/resources\/"]}]},{"@type":"BreadcrumbList","@id":"https:\/\/internetaddictsanonymous.org\/resources\/#breadcrumb","itemListElement":[{"@type":"ListItem","position":1,"name":"Home","item":"https:\/\/internetaddictsanonymous.org\/"},{"@type":"ListItem","position":2,"name":"Resources"}]},{"@type":"WebSite","@id":"https:\/\/internetaddictsanonymous.org\/#website","url":"https:\/\/internetaddictsanonymous.org\/","name":"Anonyme internet- og teknologiafh\u00e6ngige","description":"Verdensomsp\u00e6ndende 12-trinsf\u00e6llesskab for internet- og teknologiafh\u00e6ngighed","publisher":{"@id":"https:\/\/internetaddictsanonymous.org\/#organization"},"potentialAction":[{"@type":"SearchAction","target":{"@type":"EntryPoint","urlTemplate":"https:\/\/internetaddictsanonymous.org\/?s={search_term_string}"},"query-input":{"@type":"PropertyValueSpecification","valueRequired":true,"valueName":"search_term_string"}}],"inLanguage":"da-DK"},{"@type":"Organization","@id":"https:\/\/internetaddictsanonymous.org\/#organization","name":"Anonyme internet- og teknologiafh\u00e6ngige","url":"https:\/\/internetaddictsanonymous.org\/","logo":{"@type":"ImageObject","inLanguage":"da-DK","@id":"https:\/\/internetaddictsanonymous.org\/#\/schema\/logo\/image\/","url":"https:\/\/internetaddictsanonymous.org\/wp-content\/uploads\/2023\/01\/cropped-ITAA-logo-480px.png","contentUrl":"https:\/\/internetaddictsanonymous.org\/wp-content\/uploads\/2023\/01\/cropped-ITAA-logo-480px.png","width":480,"height":480,"caption":"Internet and Technology Addicts Anonymous"},"image":{"@id":"https:\/\/internetaddictsanonymous.org\/#\/schema\/logo\/image\/"}}]}},"jetpack_sharing_enabled":false,"jetpack_shortlink":"https:\/\/wp.me\/P9Fwob-G","_links":{"self":[{"href":"https:\/\/internetaddictsanonymous.org\/da\/wp-json\/wp\/v2\/pages\/42","targetHints":{"allow":["GET"]}}],"collection":[{"href":"https:\/\/internetaddictsanonymous.org\/da\/wp-json\/wp\/v2\/pages"}],"about":[{"href":"https:\/\/internetaddictsanonymous.org\/da\/wp-json\/wp\/v2\/types\/page"}],"author":[{"embeddable":true,"href":"https:\/\/internetaddictsanonymous.org\/da\/wp-json\/wp\/v2\/users\/35194237"}],"replies":[{"embeddable":true,"href":"https:\/\/internetaddictsanonymous.org\/da\/wp-json\/wp\/v2\/comments?post=42"}],"version-history":[{"count":23,"href":"https:\/\/internetaddictsanonymous.org\/da\/wp-json\/wp\/v2\/pages\/42\/revisions"}],"predecessor-version":[{"id":15258,"href":"https:\/\/internetaddictsanonymous.org\/da\/wp-json\/wp\/v2\/pages\/42\/revisions\/15258"}],"wp:attachment":[{"href":"https:\/\/internetaddictsanonymous.org\/da\/wp-json\/wp\/v2\/media?parent=42"}],"wp:term":[{"taxonomy":"post_tag","embeddable":true,"href":"https:\/\/internetaddictsanonymous.org\/da\/wp-json\/wp\/v2\/tags?post=42"}],"curies":[{"name":"wp","href":"https:\/\/api.w.org\/{rel}","templated":true}]}}