{"id":4484,"date":"2019-01-07T06:09:19","date_gmt":"2019-01-07T06:09:19","guid":{"rendered":"https:\/\/internetaddictsanonymous.org\/?page_id=4484"},"modified":"2026-03-17T17:14:35","modified_gmt":"2026-03-18T00:14:35","slug":"online-moder","status":"publish","type":"page","link":"https:\/\/internetaddictsanonymous.org\/da\/online-meetings\/","title":{"rendered":"Online-\/telefonm\u00f8der"},"content":{"rendered":"<p><strong><mark style=\"background-color:rgba(0, 0, 0, 0);color:#000000\" class=\"has-inline-color\">Udover at deltage <a href=\"https:\/\/internetaddictsanonymous.org\/da\/personlige-moder\/\">personlige m\u00f8der<\/a>, <\/mark><\/strong><mark style=\"background-color:rgba(0, 0, 0, 0);color:#000000\" class=\"has-inline-color\"><strong>Onlinem\u00f8der er en utrolig ressource, der i sidste ende hj\u00e6lper os med at bruge penge&nbsp;<em>mindre<\/em>&nbsp;tid p\u00e5 sk\u00e6rmen<\/strong>.<\/mark> I bedring s\u00f8ger vi at identificere og afst\u00e5 fra tvangsm\u00e6ssig internetbrug, samtidig med at vi l\u00e6rer at bruge teknologi p\u00e5 en sund og funktionel m\u00e5de. Hvis du er ny, opfordrer vi dig til at pr\u00f8ve at deltage i seks m\u00f8der inden for en kort tidsramme for at se, om vores program kan v\u00e6re nyttigt for dig.<\/p>\n\n\n\n<p><mark style=\"background-color: rgba(0, 0, 0, 0);\" class=\"has-inline-color has-dark-gray-color\"><b>M\u00f8detiderne vises i din lokale tidszone.<\/b><\/mark> Bem\u00e6rk venligst, at du skal bruge en <a href=\"http:\/\/zoom.us\/\">Zoom-konto<\/a> at deltage via video, selvom du ogs\u00e5 kan ringe ind. Selvom de fleste m\u00f8der er p\u00e5 engelsk, kan du aktivere oversatte undertekster til dit sprog ved at klikke p\u00e5 knappen &quot;Undertekster&quot; nederst p\u00e5 Zoom-sk\u00e6rmen og aktivere overs\u00e6ttelse. Vi har ogs\u00e5 m\u00f8der i\u00a0<a href=\"https:\/\/internetaddictsanonymous.org\/fr\/itaa-en-francais\/\">Fransk<\/a>,\u00a0<a href=\"https:\/\/internetaddictsanonymous.org\/es\/espanol\/\">Spansk<\/a>,\u00a0<a href=\"https:\/\/internetaddictsanonymous.org\/ru\/itaa-%d0%bd%d0%b0-%d1%80%d1%83%d1%81%d1%81%d0%ba%d0%be%d0%bc-%d1%8f%d0%b7%d1%8b%d0%ba%d0%b5\/\">Russisk<\/a>,\u00a0<a href=\"https:\/\/internetaddictsanonymous.org\/de\/itaa-in-german\/\">Tysk<\/a>, <a href=\"https:\/\/internetaddictsanonymous.org\/he\/%d7%90%d7%99%d7%98%d7%90-%d7%91%d7%a2%d7%91%d7%a8%d7%99%d7%aa\/\">Hebr\u00e6isk<\/a>, <a href=\"https:\/\/internetaddictsanonymous.org\/pt\/portuguese\/\">Portugisisk<\/a>, <a href=\"https:\/\/internetaddictsanonymous.org\/ar\/itaa-%d8%a8%d8%a7%d9%84%d9%84%d8%ba%d8%a9-%d8%a7%d9%84%d8%b9%d8%b1%d8%a8%d9%8a%d8%a9\/\">Arabisk<\/a>, <a href=\"https:\/\/internetaddictsanonymous.org\/pl\/itaa-in-polish\/\">Polsk<\/a>, <a href=\"https:\/\/internetaddictsanonymous.org\/nl\/nederlands\/\" type=\"link\" id=\"https:\/\/internetaddictsanonymous.org\/nl\/nederlands\/\">Hollandsk<\/a> og <a href=\"https:\/\/internetaddictsanonymous.org\/fa\/itaa-in-persian\/\">Persisk<\/a>. V\u00e6r venlig <a href=\"https:\/\/internetaddictsanonymous.org\/da\/kontakt\/\">kontakt via kontaktformularen<\/a> hvis du har problemer med at deltage i et m\u00f8de, eller hvis du deltager i et m\u00f8de, hvor der ikke er en m\u00f8deleder.<\/p>\n\n\n\n<p><em><strong>Der har for nylig v\u00e6ret Zoom-trollingh\u00e6ndelser.<\/strong>&nbsp; Behage <em>l\u00e6s den <a href=\"http:\/\/internetaddictsanonymous.org\/da\/sikkerheds-retningslinjer-for-itaa-mode-vaerter\/\">Sikkerhedsretningslinjer for ITAA-m\u00f8der<\/a><\/em> og rapporter eventuelle yderligere h\u00e6ndelser til webmasterne.<\/em><\/p>\n\n\n<p><iframe style=\"height: 1150px; width: 100%;\" src=\"https:\/\/teamup.com\/ksahzu4xdr66wve679?view=d&amp;showHeader=0&amp;showLogo=0&amp;showTitle=0&amp;showSidepanel=0&amp;showViewSelector=1\" width=\"100%\" height=\"1150\" frameborder=\"0\"><\/iframe><\/p>\n\n\n<p>Vi har ogs\u00e5 en separat <a href=\"https:\/\/internetaddictsanonymous.org\/da\/taler-dele-moder\/\" target=\"_blank\" rel=\"noreferrer noopener\">kalender<\/a> der viser m\u00f8der, hvor et ITAA-medlem indleder m\u00f8det med en taler, der deler sine erfaringer, styrker og h\u00e5b.<\/p>\n\n\n\n<h3 class=\"wp-block-heading\"><strong>En guide til m\u00f8defarvekode:<\/strong><\/h3>\n\n\n\n<p>\u2022 <strong><mark style=\"background-color:rgba(0, 0, 0, 0);color:#4770d8\" class=\"has-inline-color\">Bl\u00e5<\/mark><\/strong> M\u00f8derne er for internet- og teknologiafh\u00e6ngige samt for alle, der unders\u00f8ger, om de m\u00e5ske har et problem. Nyankomne er meget velkomne.<br>\u2022 <strong><mark style=\"background-color:rgba(0, 0, 0, 0);color:#A52A2A\" class=\"has-inline-color\">Brun<\/mark><\/strong> M\u00f8derne er de indledende m\u00f8der i en lukket Open Path-workshop, hvor en gruppe ITAA&#039;er m\u00f8des for at studere vores 12 trin. De indledende m\u00f8der er \u00e5bne; det er dog n\u00f8dvendigt at deltage i det f\u00f8rste m\u00f8de, hvorefter workshoppen er lukket.<br>\u2022 <strong><mark style=\"background-color:rgba(0, 0, 0, 0);color:#88b347\" class=\"has-inline-color\">Gr\u00f8n<\/mark><\/strong> m\u00f8der er s\u00e6rlige begivenheder m\u00f8der. Disse kan v\u00e6re festligheder med helligdage eller andre sammenkomster i hele f\u00e6llesskabet.<br>\u2022 <strong><mark style=\"background-color:rgba(0, 0, 0, 0);color:#757575\" class=\"has-inline-color\">Gr\u00e5 stribet<\/mark><\/strong> m\u00f8der er p\u00e5 et ikke-engelsk sprog. <br>\u2022 <strong><mark style=\"background-color:rgba(0, 0, 0, 0);color:#f58a4b\" class=\"has-inline-color\">Orange<\/mark><\/strong> m\u00f8derne er ITAA's servicem\u00f8der, hvor man diskuterer emner relateret til administration og service. De er \u00e5bne for alle medlemmer af ITAA.<br>\u2022 <strong><mark style=\"background-color:rgba(0, 0, 0, 0);color:#f5699a\" class=\"has-inline-color\">Lyser\u00f8d stribet<\/mark><\/strong> m\u00f8derne er talerm\u00f8der, hvor et medlem af ITAA indleder m\u00f8det med at dele sin historie, sine erfaringer, sin styrke og sit h\u00e5b.<br><em>\u2022 <\/em><strong><mark style=\"background-color:rgba(0, 0, 0, 0);color:#b586e2\" class=\"has-inline-color\">Lilla<\/mark><\/strong> M\u00f8derne er for internet- og teknologiafh\u00e6ngige, nytilkomne og ikke-misbrugere, der er interesseret i ITAA&#039;s program for bedring fra afh\u00e6ngighed. Dette kan omfatte venner, familie, forskere eller journalister. De, der ikke identificerer sig som internet- og teknologiafh\u00e6ngige, kan deltage i lilla m\u00f8der som observat\u00f8rer. Der vil efter m\u00f8det v\u00e6re tid til at stille sp\u00f8rgsm\u00e5l.<\/p>\n\n\n\n<h3 class=\"wp-block-heading\"><strong>Hvordan fungerer m\u00f8der?<\/strong><\/h3>\n\n\n\n<p>Hvis du skal deltage i et m\u00f8de for f\u00f8rste gang, er der ingen grund til at v\u00e6re nerv\u00f8s. De fleste af vores m\u00f8der er meget enkle; hvert m\u00f8de har en dirigent, der leder m\u00f8det, og de fleste m\u00f8der varer en time. Formanden og andre frivillige l\u00e6ser nogle \u00e5bningserkl\u00e6ringer, inden vi \u00e5bner m\u00f8det, s\u00e5 medlemmerne kan dele det. Der er ingen krav om at dele, og det er okay bare at lytte. Du kan dele, hvordan du har det, eller blot pr\u00e6sentere dig selv, og hvad der bragte dig til ITAA. Medmindre det anmodes om af medlemsdelingen, tilbyder vi ikke forslag eller kommentarer som svar p\u00e5 andres delinger; vi lytter simpelthen ikke-d\u00f8mmende. I slutningen af timen afsluttes m\u00f8det med nogle afsluttende redeg\u00f8relser, hvorefter medlemmer normalt bliver p\u00e5 linjen for at snakke afslappet, stille sp\u00f8rgsm\u00e5l og udveksle kontaktoplysninger.<\/p>\n\n\n\n<h3 class=\"wp-block-heading\"><strong>Forskellige navne p\u00e5 m\u00f8der<\/strong><\/h3>\n\n\n\n<p>Mange m\u00f8der i kalenderen har unikke navne. Det er en venlig m\u00e5de at hj\u00e6lpe medlemmerne med at skelne m\u00f8derne fra hinanden. Nogle m\u00f8der kan have s\u00e6rlige formater, og du kan holde musen over eller klikke p\u00e5 et m\u00f8de for at se m\u00f8dedetaljerne. Hvis der ikke er nogen m\u00f8dedetaljer, f\u00f8lger m\u00f8det sandsynligvis en eller anden version af standardformatet. <a href=\"https:\/\/internetaddictsanonymous.org\/da\/online-mode-plan\/modescript\/\">m\u00f8descript<\/a>. Hvert m\u00f8de er uafh\u00e6ngigt og har en lidt anderledes smag - hvis du ikke er sikker p\u00e5, hvilket du skal deltage i, kan du pr\u00f8ve et par forskellige m\u00f8der for at se, hvilke der v\u00e6kker genklang hos dig.<\/p>\n\n\n\n<h3 class=\"wp-block-heading\"><strong>Sikkerhed<\/strong><\/h3>\n\n\n\n<p>Vores m\u00f8der har sk\u00e6rmdeling sl\u00e5et fra og kryptering sl\u00e5et til. V\u00e6rterne har mulighed for at sl\u00e5 lyden fra og fjerne forstyrrende deltagere. Hvis du er v\u00e6rt for et m\u00f8de, foresl\u00e5r vi, at du l\u00e6ser ITAA's <a href=\"https:\/\/internetaddictsanonymous.org\/da\/sikkerheds-retningslinjer-for-itaa-mode-vaerter\/\">guide til, hvordan man forebygger og reagerer p\u00e5 forstyrrelser<\/a>.<\/p>\n\n\n\n<h3 class=\"wp-block-heading\"><strong>Tilg\u00e6ngelighedsrelaterede ressourcer<\/strong><\/h3>\n\n\n\n<p><a href=\"https:\/\/internetaddictsanonymous.org\/da\/tilgaengelighed\/\">Tilg\u00e6ngelighed for tale- og h\u00f8reh\u00e6mmede medlemmer<\/a><\/p>\n\n\n\n<p><a href=\"https:\/\/support.zoom.us\/hc\/en-us\/articles\/201362893-How-much-bandwidth-do-I-need-when-using-3G-or-4G-LTE\">B\u00e5ndbreddebehov ved brug af 3G, 4G\/LTE eller 5G (support.zoom.us)<\/a><\/p>\n\n\n\n<p><a href=\"https:\/\/support.zoom.us\/hc\/en-us\/articles\/4409500570381-Stopping-all-incoming-video-in-a-meeting-or-webinar\">S\u00e5dan stopper du al indg\u00e5ende video (support.zoom.us<\/a>)<\/p>\n<!-- PMB print buttons is only displayed on a single post\/page URLs-->","protected":false},"excerpt":{"rendered":"<p>In addition to attending in-person meetings, online meetings are an incredible resource that ultimately help us spend&nbsp;less&nbsp;time on the screen. In recovery, we seek to identify and abstain from compulsive internet use while also learning to use technology in a healthy, functional way. If you are new, we encourage you to try attending six meetings &hellip; <a href=\"https:\/\/internetaddictsanonymous.org\/da\/online-meetings\/\" class=\"more-link\">Forts\u00e6t med at l\u00e6se <span class=\"screen-reader-text\">Online-\/telefonm\u00f8der<\/span><\/a><\/p>","protected":false},"author":35194237,"featured_media":0,"parent":0,"menu_order":0,"comment_status":"closed","ping_status":"closed","template":"full-width-page.php","meta":{"inline_featured_image":false,"_lmt_disableupdate":"no","_lmt_disable":"","footnotes":""},"tags":[655524910,655524912,655524911],"class_list":["post-4484","page","type-page","status-publish","hentry","tag-meeting-times","tag-online-meeting-access-instructions","tag-phone-meeting-numbers"],"yoast_head":"<!-- This site is optimized with the Yoast SEO plugin v27.3 - https:\/\/yoast.com\/product\/yoast-seo-wordpress\/ -->\n<title>Online\/Phone Meetings &#8211; Internet and Technology Addicts Anonymous<\/title>\n<meta name=\"robots\" content=\"index, follow, max-snippet:-1, max-image-preview:large, max-video-preview:-1\" \/>\n<link rel=\"canonical\" href=\"https:\/\/internetaddictsanonymous.org\/da\/online-moder\/\" \/>\n<meta property=\"og:locale\" content=\"da_DK\" \/>\n<meta property=\"og:type\" content=\"article\" \/>\n<meta property=\"og:title\" content=\"Online\/Phone Meetings &#8211; Internet and Technology Addicts Anonymous\" \/>\n<meta property=\"og:description\" content=\"In addition to attending in-person meetings, online meetings are an incredible resource that ultimately help us spend&nbsp;less&nbsp;time on the screen. In recovery, we seek to identify and abstain from compulsive internet use while also learning to use technology in a healthy, functional way. If you are new, we encourage you to try attending six meetings &hellip; Continue reading Online\/Phone Meetings\" \/>\n<meta property=\"og:url\" content=\"https:\/\/internetaddictsanonymous.org\/da\/online-moder\/\" \/>\n<meta property=\"og:site_name\" content=\"Internet and Technology Addicts Anonymous\" \/>\n<meta property=\"article:modified_time\" content=\"2026-03-18T00:14:35+00:00\" \/>\n<meta name=\"twitter:card\" content=\"summary_large_image\" \/>\n<meta name=\"twitter:label1\" content=\"Estimeret l\u00e6setid\" \/>\n\t<meta name=\"twitter:data1\" content=\"4 minutter\" \/>\n<script type=\"application\/ld+json\" class=\"yoast-schema-graph\">{\"@context\":\"https:\\\/\\\/schema.org\",\"@graph\":[{\"@type\":\"WebPage\",\"@id\":\"https:\\\/\\\/internetaddictsanonymous.org\\\/online-meetings\\\/\",\"url\":\"https:\\\/\\\/internetaddictsanonymous.org\\\/online-meetings\\\/\",\"name\":\"Online\\\/Phone Meetings &#8211; Internet and Technology Addicts Anonymous\",\"isPartOf\":{\"@id\":\"https:\\\/\\\/internetaddictsanonymous.org\\\/#website\"},\"datePublished\":\"2019-01-07T06:09:19+00:00\",\"dateModified\":\"2026-03-18T00:14:35+00:00\",\"breadcrumb\":{\"@id\":\"https:\\\/\\\/internetaddictsanonymous.org\\\/online-meetings\\\/#breadcrumb\"},\"inLanguage\":\"da-DK\",\"potentialAction\":[{\"@type\":\"ReadAction\",\"target\":[\"https:\\\/\\\/internetaddictsanonymous.org\\\/online-meetings\\\/\"]}]},{\"@type\":\"BreadcrumbList\",\"@id\":\"https:\\\/\\\/internetaddictsanonymous.org\\\/online-meetings\\\/#breadcrumb\",\"itemListElement\":[{\"@type\":\"ListItem\",\"position\":1,\"name\":\"Home\",\"item\":\"https:\\\/\\\/internetaddictsanonymous.org\\\/\"},{\"@type\":\"ListItem\",\"position\":2,\"name\":\"Online\\\/Phone Meetings\"}]},{\"@type\":\"WebSite\",\"@id\":\"https:\\\/\\\/internetaddictsanonymous.org\\\/#website\",\"url\":\"https:\\\/\\\/internetaddictsanonymous.org\\\/\",\"name\":\"Internet and Technology Addicts Anonymous\",\"description\":\"Worldwide 12-step Fellowship for Internet and Technology Addiction\",\"publisher\":{\"@id\":\"https:\\\/\\\/internetaddictsanonymous.org\\\/#organization\"},\"potentialAction\":[{\"@type\":\"SearchAction\",\"target\":{\"@type\":\"EntryPoint\",\"urlTemplate\":\"https:\\\/\\\/internetaddictsanonymous.org\\\/?s={search_term_string}\"},\"query-input\":{\"@type\":\"PropertyValueSpecification\",\"valueRequired\":true,\"valueName\":\"search_term_string\"}}],\"inLanguage\":\"da-DK\"},{\"@type\":\"Organization\",\"@id\":\"https:\\\/\\\/internetaddictsanonymous.org\\\/#organization\",\"name\":\"Internet and Technology Addicts Anonymous\",\"url\":\"https:\\\/\\\/internetaddictsanonymous.org\\\/\",\"logo\":{\"@type\":\"ImageObject\",\"inLanguage\":\"da-DK\",\"@id\":\"https:\\\/\\\/internetaddictsanonymous.org\\\/#\\\/schema\\\/logo\\\/image\\\/\",\"url\":\"https:\\\/\\\/internetaddictsanonymous.org\\\/wp-content\\\/uploads\\\/2023\\\/01\\\/cropped-ITAA-logo-480px.png\",\"contentUrl\":\"https:\\\/\\\/internetaddictsanonymous.org\\\/wp-content\\\/uploads\\\/2023\\\/01\\\/cropped-ITAA-logo-480px.png\",\"width\":480,\"height\":480,\"caption\":\"Internet and Technology Addicts Anonymous\"},\"image\":{\"@id\":\"https:\\\/\\\/internetaddictsanonymous.org\\\/#\\\/schema\\\/logo\\\/image\\\/\"}}]}<\/script>\n<!-- \/ Yoast SEO plugin. -->","yoast_head_json":{"title":"Online-\/telefonm\u00f8der \u2013 Anonyme internet- og teknologiafh\u00e6ngige","robots":{"index":"index","follow":"follow","max-snippet":"max-snippet:-1","max-image-preview":"max-image-preview:large","max-video-preview":"max-video-preview:-1"},"canonical":"https:\/\/internetaddictsanonymous.org\/da\/online-moder\/","og_locale":"da_DK","og_type":"article","og_title":"Online\/Phone Meetings &#8211; Internet and Technology Addicts Anonymous","og_description":"In addition to attending in-person meetings, online meetings are an incredible resource that ultimately help us spend&nbsp;less&nbsp;time on the screen. In recovery, we seek to identify and abstain from compulsive internet use while also learning to use technology in a healthy, functional way. If you are new, we encourage you to try attending six meetings &hellip; Continue reading Online\/Phone Meetings","og_url":"https:\/\/internetaddictsanonymous.org\/da\/online-moder\/","og_site_name":"Internet and Technology Addicts Anonymous","article_modified_time":"2026-03-18T00:14:35+00:00","twitter_card":"summary_large_image","twitter_misc":{"Estimeret l\u00e6setid":"4 minutter"},"schema":{"@context":"https:\/\/schema.org","@graph":[{"@type":"WebPage","@id":"https:\/\/internetaddictsanonymous.org\/online-meetings\/","url":"https:\/\/internetaddictsanonymous.org\/online-meetings\/","name":"Online-\/telefonm\u00f8der \u2013 Anonyme internet- og teknologiafh\u00e6ngige","isPartOf":{"@id":"https:\/\/internetaddictsanonymous.org\/#website"},"datePublished":"2019-01-07T06:09:19+00:00","dateModified":"2026-03-18T00:14:35+00:00","breadcrumb":{"@id":"https:\/\/internetaddictsanonymous.org\/online-meetings\/#breadcrumb"},"inLanguage":"da-DK","potentialAction":[{"@type":"ReadAction","target":["https:\/\/internetaddictsanonymous.org\/online-meetings\/"]}]},{"@type":"BreadcrumbList","@id":"https:\/\/internetaddictsanonymous.org\/online-meetings\/#breadcrumb","itemListElement":[{"@type":"ListItem","position":1,"name":"Home","item":"https:\/\/internetaddictsanonymous.org\/"},{"@type":"ListItem","position":2,"name":"Online\/Phone Meetings"}]},{"@type":"WebSite","@id":"https:\/\/internetaddictsanonymous.org\/#website","url":"https:\/\/internetaddictsanonymous.org\/","name":"Anonyme internet- og teknologiafh\u00e6ngige","description":"Verdensomsp\u00e6ndende 12-trinsf\u00e6llesskab for internet- og teknologiafh\u00e6ngighed","publisher":{"@id":"https:\/\/internetaddictsanonymous.org\/#organization"},"potentialAction":[{"@type":"SearchAction","target":{"@type":"EntryPoint","urlTemplate":"https:\/\/internetaddictsanonymous.org\/?s={search_term_string}"},"query-input":{"@type":"PropertyValueSpecification","valueRequired":true,"valueName":"search_term_string"}}],"inLanguage":"da-DK"},{"@type":"Organization","@id":"https:\/\/internetaddictsanonymous.org\/#organization","name":"Anonyme internet- og teknologiafh\u00e6ngige","url":"https:\/\/internetaddictsanonymous.org\/","logo":{"@type":"ImageObject","inLanguage":"da-DK","@id":"https:\/\/internetaddictsanonymous.org\/#\/schema\/logo\/image\/","url":"https:\/\/internetaddictsanonymous.org\/wp-content\/uploads\/2023\/01\/cropped-ITAA-logo-480px.png","contentUrl":"https:\/\/internetaddictsanonymous.org\/wp-content\/uploads\/2023\/01\/cropped-ITAA-logo-480px.png","width":480,"height":480,"caption":"Internet and Technology Addicts Anonymous"},"image":{"@id":"https:\/\/internetaddictsanonymous.org\/#\/schema\/logo\/image\/"}}]}},"jetpack_sharing_enabled":true,"jetpack_shortlink":"https:\/\/wp.me\/P9Fwob-1ak","_links":{"self":[{"href":"https:\/\/internetaddictsanonymous.org\/da\/wp-json\/wp\/v2\/pages\/4484","targetHints":{"allow":["GET"]}}],"collection":[{"href":"https:\/\/internetaddictsanonymous.org\/da\/wp-json\/wp\/v2\/pages"}],"about":[{"href":"https:\/\/internetaddictsanonymous.org\/da\/wp-json\/wp\/v2\/types\/page"}],"author":[{"embeddable":true,"href":"https:\/\/internetaddictsanonymous.org\/da\/wp-json\/wp\/v2\/users\/35194237"}],"replies":[{"embeddable":true,"href":"https:\/\/internetaddictsanonymous.org\/da\/wp-json\/wp\/v2\/comments?post=4484"}],"version-history":[{"count":100,"href":"https:\/\/internetaddictsanonymous.org\/da\/wp-json\/wp\/v2\/pages\/4484\/revisions"}],"predecessor-version":[{"id":21126,"href":"https:\/\/internetaddictsanonymous.org\/da\/wp-json\/wp\/v2\/pages\/4484\/revisions\/21126"}],"wp:attachment":[{"href":"https:\/\/internetaddictsanonymous.org\/da\/wp-json\/wp\/v2\/media?parent=4484"}],"wp:term":[{"taxonomy":"post_tag","embeddable":true,"href":"https:\/\/internetaddictsanonymous.org\/da\/wp-json\/wp\/v2\/tags?post=4484"}],"curies":[{"name":"wp","href":"https:\/\/api.w.org\/{rel}","templated":true}]}}