{"id":8861,"date":"2019-08-22T21:25:48","date_gmt":"2019-08-22T21:25:48","guid":{"rendered":"https:\/\/internetaddictsanonymous.org\/?page_id=8861"},"modified":"2025-04-06T13:51:36","modified_gmt":"2025-04-06T20:51:36","slug":"til-familie-og-venner","status":"publish","type":"page","link":"https:\/\/internetaddictsanonymous.org\/da\/for-family-and-friends\/","title":{"rendered":"Til familie og venner af misbrugere"},"content":{"rendered":"<p>Vi er glade for, at du har fundet vores hjemmeside og h\u00f8rer nyheden om, at der er h\u00e5b for afh\u00e6ngige internet- og teknologibrugere. Hvis du er t\u00e6t p\u00e5 en internet- og teknologiafh\u00e6ngig, er du sandsynligvis allerede klar over de vanskeligheder og den smerte, som denne tilstand kan for\u00e5rsage, ikke kun for den afh\u00e6ngige selv, men ogs\u00e5 for dem omkring dem. Afh\u00e6ngighed er et alvorligt problem, som er skadeligt for alle, det ber\u00f8rer. Denne side indeholder vigtige oplysninger og ressourcer, hvis du er t\u00e6t p\u00e5 en afh\u00e6ngig.<br><br>  <\/p>\n\n\n\n<h3 class=\"wp-block-heading\">M\u00f8der for familie og venner<\/h3>\n\n\n\n<p><a href=\"https:\/\/itanon.org\/meetings\/\" target=\"_blank\" rel=\"noreferrer noopener\">IT-Anon<\/a> er et f\u00e6llesskab af mennesker, hvis liv er blevet p\u00e5virket af en andens internet- og teknologiafh\u00e6ngighed. De st\u00f8tter hinanden i at skabe positive forandringer i deres individuelle situationer, uanset om den afh\u00e6ngige indr\u00f8mmer eksistensen af et problem eller s\u00f8ger hj\u00e6lp. Hvis en, du elsker, lider af internet- og teknologiafh\u00e6ngighed, opfordrer vi dig til at deltage i et IT-Anon-m\u00f8de:<\/p>\n\n\n\n<div class=\"wp-block-buttons is-content-justification-left is-layout-flex wp-container-core-buttons-is-layout-fdcfc74e wp-block-buttons-is-layout-flex\">\n<div class=\"wp-block-button has-custom-width wp-block-button__width-50 has-custom-font-size is-style-fill\" style=\"font-size:25px;font-style:normal;font-weight:900\"><a class=\"wp-block-button__link has-white-color has-blue-background-color has-text-color has-background wp-element-button\" href=\"https:\/\/itanon.org\/meetings\/\" style=\"border-radius:100px\"><span style=\"text-decoration: underline;\">Deltag i et m\u00f8de<\/span><\/a><\/div>\n<\/div>\n\n\n\n<div style=\"height:49px\" aria-hidden=\"true\" class=\"wp-block-spacer\"><\/div>\n\n\n\n<h3 class=\"wp-block-heading\">Hvad kan jeg g\u00f8re ved min elskedes afh\u00e6ngighed?<\/h3>\n\n\n\n<p>For det f\u00f8rste er ingen ansvarlig for en andens tvangspr\u00e6gede brug af internet og teknologi. Som Al-Anons slogan lyder: \"Jeg har ikke for\u00e5rsaget det, jeg kan ikke kontrollere det, og jeg kan ikke helbrede det.\"<\/p>\n\n\n\n<p><strong>Du er ikke skyld i det.<\/strong> Nogle mennesker bebrejder til dels sig selv for deres familiemedlemmers dysfunktionelle adf\u00e6rd, is\u00e6r n\u00e5r det g\u00e6lder misbrugere, som er meget hurtige til at l\u00e6gge ansvaret fra sig og give andre skylden. M\u00e5ske har du delt online-tidspunkter med din elskede, k\u00f8bt en computer eller smartphone til ham eller hende eller opmuntret hans eller hendes online-aktiviteter i den tro, at det var en harml\u00f8s fritidsaktivitet. M\u00e5ske har du v\u00e6ret involveret i en konflikt og spekulerer p\u00e5, om det har f\u00e5et dem til at gemme sig v\u00e6k p\u00e5 internettet. Men ingen er ansvarlig for en anden persons adf\u00e6rd eller psykiske lidelser.<\/p>\n\n\n\n<p><strong>Du kan ikke kontrollere det.<\/strong> Du har m\u00e5ske allerede fors\u00f8gt at tale med din ven eller dit familiemedlem. M\u00e5ske har du forhandlet med dem eller stillet ultimatummer. Du har fors\u00f8gt at hj\u00e6lpe dem med at se, hvilken skade de g\u00f8r p\u00e5 sig selv og andre. Og intet af det har virket. Det er uforst\u00e5eligt for dig. Hvorfor lader de ikke til at forst\u00e5 eller bekymre sig? Hvorfor kan de ikke se, hvad der er indlysende for dig? Det er faktisk et symptom p\u00e5 afh\u00e6ngighedssygdommen, som g\u00f8r, at alle fors\u00f8g p\u00e5 at f\u00e5 kontrol er d\u00f8mt til at mislykkes.<\/p>\n\n\n\n<p><strong>Man kan ikke helbrede det.<\/strong> Vi vil alle gerne tro, at vi har evnen til at hj\u00e6lpe dem, vi elsker. Vi tror ofte, at hvis vi bare kan f\u00e5 den rigtige information, finde ud af det rigtige at sige eller g\u00f8re, m\u00e5ske \u00e6ndre noget ved os selv, s\u00e5 kan vi l\u00f8se problemet. Folk burde v\u00e6re i stand til at l\u00f8se deres problemer. Hvorfor kan vi ikke g\u00f8re det med det her? Det er der en simpel grund til. Der findes ingen kur mod afh\u00e6ngighed. Det kr\u00e6ver behandling. Recovery-processen er lang og vanskelig. Og der er kun \u00e9n person, der kan starte den proces: den, der bruger internettet og teknologien tvangsm\u00e6ssigt.<\/p>\n\n\n\n<p>Der er ting, du kan g\u00f8re. Her er nogle forslag, som du m\u00e5ske vil overveje, og som andre familiemedlemmer og venner har fundet nyttige:<\/p>\n\n\n\n<ol class=\"wp-block-list\">\n<li><strong>F\u00e5 information og st\u00f8tte.<\/strong> Find ud af s\u00e5 meget som muligt om sygdommen internet- og teknologiafh\u00e6ngighed for at g\u00f8re dig fortrolig med den sygdom, din elskede st\u00e5r over for. Derudover er der nyttig vejledning at hente i litteraturen og p\u00e5 m\u00f8derne i andre recovery-f\u00e6llesskaber for familie og venner af addicts, og noget af det er ogs\u00e5 tilg\u00e6ngeligt online. Der er mennesker, som har v\u00e6ret i situationer, der minder meget om din, som har l\u00e6rt meget af dem, og som er villige til at dele de erfaringer, de har gjort.<\/li>\n\n\n\n<li><strong>Del det med din elskede.<\/strong> Du kan dele vores hjemmeside med din elskede eller foresl\u00e5, at de kigger p\u00e5 vores <a href=\"https:\/\/drive.google.com\/file\/d\/1y8ZgwLScawJeQq0LZ8vN3THEhiBk4YAv\/view\">ITAA velkomstpjece<\/a> (<a href=\"https:\/\/drive.google.com\/file\/d\/1fmIJRc_6SpHw75_1qrfd7NkuC-67Epxm\/view?usp=sharing\" target=\"_blank\" rel=\"noreferrer noopener\">A4<\/a>) (<a href=\"https:\/\/docs.google.com\/document\/d\/1SJDReYLLhs5hgC0I1hotkrCmZ3-6YZmxTNB7lb27KJM\/edit?usp=sharing\">instruktioner til udskrivning<\/a>), eller vores <a href=\"https:\/\/internetaddictsanonymous.org\/da\/internetafhaengighed\/\">sp\u00f8rgeskema om internet- og teknologiafh\u00e6ngighed<\/a> for at se, om de kan genkende det. Hvis de er enige i, at der er usunde aspekter ved deres teknologibrug, opfordrer vi dem til at pr\u00f8ve at deltage i en af vores <a href=\"https:\/\/internetaddictsanonymous.org\/da\/online-moder\/\">Online-m\u00f8der<\/a>. Vi anbefaler, at nyankomne deltager i seks m\u00f8der inden for en kort tidsramme, f\u00f8r de beslutter, om vores program kan v\u00e6re nyttigt for dem. Men hvis din elskede efter at have n\u00e6vnt vores f\u00e6llesskab ikke mener, at han eller hun har et problem, eller ikke er interesseret i at f\u00e5 hj\u00e6lp, kan du acceptere deres beslutning uden at presse, manipulere eller skamme dem ud. Ved at give din elskede et sikkert f\u00f8lelsesm\u00e6ssigt rum til at diskutere deres oplevelser, kan de v\u00e6re mere villige til at \u00e5bne op om det i fremtiden.<\/li>\n\n\n\n<li><strong>L\u00f8sriv dig med k\u00e6rlighed.<\/strong> At bruge energi p\u00e5 at sk\u00e6ndes med en person, der bruger internet og teknologi tvangsm\u00e6ssigt, vil ikke hj\u00e6lpe nogen af jer. Din elskede har et alvorligt problem, som du ikke kan kontrollere eller helbrede, og som vedkommende ikke vil f\u00e5 hj\u00e6lp til, f\u00f8r han eller hun selv \u00f8nsker det. Selv om du elsker nogen, kan du ikke tvinge denne proces ned over hovedet p\u00e5 en anden person. At l\u00f8srive sig med k\u00e6rlighed betyder, at vi fuldt ud accepterer vores magtesl\u00f8shed over for den neurologiske tilstand, der driver vores elskedes vanedannende t\u00e6nkning og handling, samtidig med at vi opretholder \u00e6gte k\u00e6rlighed til dem og medf\u00f8lelse med deres kampe.<\/li>\n\n\n\n<li><strong>Stop med at g\u00f8re det muligt.<\/strong> Paradoksalt nok st\u00f8tter folk ofte (m\u00e5ske uden at vide det) afh\u00e6ngigheden p\u00e5 mange m\u00e5der, samtidig med at de diskuterer, forhandler eller skammer sig over en tvangspr\u00e6get internet- og teknologibruger. Alt, hvad der beskytter en misbruger mod konsekvenserne af deres adf\u00e6rd, er enabling, og det kan omfatte s\u00e5 basale ting som at s\u00f8rge for mad, husly, penge, kammeratskab, husholdning og d\u00e6kning af uddannelse, besk\u00e6ftigelse og juridiske vanskeligheder. At hj\u00e6lpe en tvangspr\u00e6get internet- og teknologibruger med at opretholde et udseende af normalitet er at hj\u00e6lpe dem med at forts\u00e6tte den destruktive adf\u00e6rd. Du kan ikke \u00e6ndre dem, men du kan \u00e6ndre dig selv. Du kan flytte din energi v\u00e6k fra at muligg\u00f8re adf\u00e6rd og hen imod at opfylde dine egne behov.<\/li>\n\n\n\n<li><strong>Pas godt p\u00e5 dig selv.<\/strong> Uanset om din elskede nogensinde holder op med at v\u00e6re afh\u00e6ngig af internettet og teknologi, fortjener du at have et sundt og lykkeligt liv. Vi har opdaget, at ingen situation er virkelig h\u00e5bl\u00f8s, og at det er muligt for os at finde tilfredshed og endda lykke, uanset om misbrugeren stadig bruger eller ej. N\u00e5r du har accepteret, at du er magtesl\u00f8s over for deres internet- og teknologiadf\u00e6rd, kan du begynde at fokusere p\u00e5, hvad du kan g\u00f8re for at passe p\u00e5 dig selv. Med hj\u00e6lp fra andre, der har v\u00e6ret der, hvor du er, kan du l\u00e6re at s\u00e6tte sunde gr\u00e6nser og holde fast i dem.<br><br> <\/li>\n<\/ol>\n\n\n\n<h3 class=\"wp-block-heading\">Familiesygdomsbegrebet og medafh\u00e6ngighed<\/h3>\n\n\n\n<p>Afh\u00e6ngighed er mange gange blevet beskrevet som en \"familiesygdom\", hvilket betyder, at den afh\u00e6ngige ikke er den eneste, der lider under afh\u00e6ngighedens problemer og indtager dysfunktionelle adf\u00e6rdsm\u00f8nstre. De mennesker, der er t\u00e6ttest p\u00e5 den aktive misbruger, lider under mange af disse effekter, men p\u00e5 forskellige m\u00e5der.<\/p>\n\n\n\n<p>Medafh\u00e6ngighed er en bes\u00e6ttelse af andres behov i en usund grad, og det udvikler sig ofte i et forhold med en person, der har en afh\u00e6ngighedsforstyrrelse. Medafh\u00e6ngige mennesker d\u00e6kker ofte over problemer og beskytter deres n\u00e6rmeste mod konsekvenserne af deres adf\u00e6rd og bliver ekstremt optaget af at kontrollere og fikse personen og vinde deres k\u00e6rlighed og anerkendelse.<\/p>\n\n\n\n<p>For at hele fra de destruktive virkninger af en elskedes internet- og teknologiafh\u00e6ngighed, m\u00e5 vi prioritere vores egne grundl\u00e6ggende behov. Vi opfordrer til brug af litteratur, f\u00e6llesskaber og r\u00e5dgivning, der guider de ber\u00f8rte p\u00e5 en vej til v\u00e6kst og helbredelse.<br><br>  <\/p>\n\n\n\n<h3 class=\"wp-block-heading\">Yderligere ressourcer<\/h3>\n\n\n\n<p>Der findes f\u00e6llesskaber, som kan v\u00e6re nyttige for familie og venner til internet- og teknologiafh\u00e6ngige. De kan give klar vejledning i, hvordan man h\u00e5ndterer afh\u00e6ngighed generelt, hvordan man heler fra dens virkninger, og hvordan man opbygger et f\u00e6llesskab for at komme sig.&nbsp;<\/p>\n\n\n\n<ul class=\"wp-block-list\">\n<li><a href=\"https:\/\/itanon.org\">IT-Anon<\/a> er et dedikeret f\u00e6llesskab for venner og familie til internet- og teknologiafh\u00e6ngige.<\/li>\n\n\n\n<li><a href=\"http:\/\/www.al-anon.alateen.org\/\">Al-Anon<\/a>. Al-Anon-f\u00e6llesskabet har eksisteret siden 1939 for familie og venner af alkoholikere. Som det \u00e6ldste og mest velbes\u00f8gte af f\u00e6llesskaberne for familie og venner til misbrugere har medlemmerne en bred og dyb erfaring at dele ud af om at leve med misbrugere og heling af dysfunktionelle m\u00f8nstre.<\/li>\n\n\n\n<li><a href=\"http:\/\/www.nar-anon.org\/\">Nar-Anon<\/a>. Nar-Anon-f\u00e6llesskabet har eksisteret siden 1968 for familie og venner til dem, der lider af afh\u00e6ngighed.<\/li>\n\n\n\n<li><a href=\"http:\/\/www.coda.org\/\">CoDA<\/a>. Co-Dependents Anonymous har eksisteret siden 1986 og er et f\u00e6llesskab af m\u00e6nd og kvinder, hvis f\u00e6lles form\u00e5l er at udvikle sunde relationer.<\/li>\n\n\n\n<li><a href=\"https:\/\/sanon.org\/\">S-Anon<\/a>. S-Anon International Family Groups er et verdensomsp\u00e6ndende f\u00e6llesskab af p\u00e5r\u00f8rende og venner til seksuelt afh\u00e6ngige mennesker.<\/li>\n\n\n\n<li><a href=\"https:\/\/cosa-recovery.org\/\" target=\"_blank\" rel=\"noreferrer noopener\">COSA<\/a>. COSA er et tolvtrins recovery-program for dem, hvis liv har v\u00e6ret p\u00e5virket af tvangspr\u00e6get seksuel adf\u00e6rd.<\/li>\n<\/ul>\n<!-- PMB print buttons is only displayed on a single post\/page URLs-->","protected":false},"excerpt":{"rendered":"<p>Vi er glade for, at du har fundet vores hjemmeside og h\u00f8rer nyheden om, at der er h\u00e5b for afh\u00e6ngige internet- og teknologibrugere. Hvis du er t\u00e6t p\u00e5 en internet- og teknologimisbruger, er du sandsynligvis allerede klar over de vanskeligheder og smerte, som denne tilstand kan for\u00e5rsage, ikke kun for misbrugeren selv, men ... <a href=\"https:\/\/internetaddictsanonymous.org\/da\/for-family-and-friends\/\" class=\"more-link\">Forts\u00e6t med at l\u00e6se <span class=\"screen-reader-text\">Til familie og venner af misbrugere<\/span><\/a><\/p>","protected":false},"author":35194237,"featured_media":0,"parent":0,"menu_order":0,"comment_status":"closed","ping_status":"closed","template":"full-width-page.php","meta":{"inline_featured_image":false,"_lmt_disableupdate":"","_lmt_disable":"","footnotes":""},"tags":[],"class_list":["post-8861","page","type-page","status-publish","hentry"],"yoast_head":"<!-- This site is optimized with the Yoast SEO plugin v27.6 - https:\/\/yoast.com\/product\/yoast-seo-wordpress\/ -->\n<title>For Family and Friends of Addicts &#8211; Internet and Technology Addicts Anonymous<\/title>\n<meta name=\"robots\" content=\"index, follow, max-snippet:-1, max-image-preview:large, max-video-preview:-1\" \/>\n<link rel=\"canonical\" href=\"https:\/\/internetaddictsanonymous.org\/da\/til-familie-og-venner\/\" \/>\n<meta property=\"og:locale\" content=\"da_DK\" \/>\n<meta property=\"og:type\" content=\"article\" \/>\n<meta property=\"og:title\" content=\"For Family and Friends of Addicts &#8211; Internet and Technology Addicts Anonymous\" \/>\n<meta property=\"og:description\" content=\"We are glad you have found our website and are hearing the news that there is hope for addicted internet and technology users. If you are close to an internet and technology addict, you are likely already aware of the difficulty and pain that this condition can cause, not only for the addict themselves, but &hellip; Continue reading For Family and Friends of Addicts\" \/>\n<meta property=\"og:url\" content=\"https:\/\/internetaddictsanonymous.org\/da\/til-familie-og-venner\/\" \/>\n<meta property=\"og:site_name\" content=\"Internet and Technology Addicts Anonymous\" \/>\n<meta property=\"article:modified_time\" content=\"2025-04-06T20:51:36+00:00\" \/>\n<meta name=\"twitter:card\" content=\"summary_large_image\" \/>\n<meta name=\"twitter:label1\" content=\"Estimeret l\u00e6setid\" \/>\n\t<meta name=\"twitter:data1\" content=\"7 minutter\" \/>\n<script type=\"application\/ld+json\" class=\"yoast-schema-graph\">{\"@context\":\"https:\\\/\\\/schema.org\",\"@graph\":[{\"@type\":\"WebPage\",\"@id\":\"https:\\\/\\\/internetaddictsanonymous.org\\\/for-family-and-friends\\\/\",\"url\":\"https:\\\/\\\/internetaddictsanonymous.org\\\/for-family-and-friends\\\/\",\"name\":\"For Family and Friends of Addicts &#8211; Internet and Technology Addicts Anonymous\",\"isPartOf\":{\"@id\":\"https:\\\/\\\/internetaddictsanonymous.org\\\/#website\"},\"datePublished\":\"2019-08-22T21:25:48+00:00\",\"dateModified\":\"2025-04-06T20:51:36+00:00\",\"breadcrumb\":{\"@id\":\"https:\\\/\\\/internetaddictsanonymous.org\\\/for-family-and-friends\\\/#breadcrumb\"},\"inLanguage\":\"da-DK\",\"potentialAction\":[{\"@type\":\"ReadAction\",\"target\":[\"https:\\\/\\\/internetaddictsanonymous.org\\\/for-family-and-friends\\\/\"]}]},{\"@type\":\"BreadcrumbList\",\"@id\":\"https:\\\/\\\/internetaddictsanonymous.org\\\/for-family-and-friends\\\/#breadcrumb\",\"itemListElement\":[{\"@type\":\"ListItem\",\"position\":1,\"name\":\"Home\",\"item\":\"https:\\\/\\\/internetaddictsanonymous.org\\\/\"},{\"@type\":\"ListItem\",\"position\":2,\"name\":\"For Family and Friends of Addicts\"}]},{\"@type\":\"WebSite\",\"@id\":\"https:\\\/\\\/internetaddictsanonymous.org\\\/#website\",\"url\":\"https:\\\/\\\/internetaddictsanonymous.org\\\/\",\"name\":\"Internet and Technology Addicts Anonymous\",\"description\":\"Worldwide 12-step Fellowship for Internet and Technology Addiction\",\"publisher\":{\"@id\":\"https:\\\/\\\/internetaddictsanonymous.org\\\/#organization\"},\"potentialAction\":[{\"@type\":\"SearchAction\",\"target\":{\"@type\":\"EntryPoint\",\"urlTemplate\":\"https:\\\/\\\/internetaddictsanonymous.org\\\/?s={search_term_string}\"},\"query-input\":{\"@type\":\"PropertyValueSpecification\",\"valueRequired\":true,\"valueName\":\"search_term_string\"}}],\"inLanguage\":\"da-DK\"},{\"@type\":\"Organization\",\"@id\":\"https:\\\/\\\/internetaddictsanonymous.org\\\/#organization\",\"name\":\"Internet and Technology Addicts Anonymous\",\"url\":\"https:\\\/\\\/internetaddictsanonymous.org\\\/\",\"logo\":{\"@type\":\"ImageObject\",\"inLanguage\":\"da-DK\",\"@id\":\"https:\\\/\\\/internetaddictsanonymous.org\\\/#\\\/schema\\\/logo\\\/image\\\/\",\"url\":\"https:\\\/\\\/internetaddictsanonymous.org\\\/wp-content\\\/uploads\\\/2023\\\/01\\\/cropped-ITAA-logo-480px.png\",\"contentUrl\":\"https:\\\/\\\/internetaddictsanonymous.org\\\/wp-content\\\/uploads\\\/2023\\\/01\\\/cropped-ITAA-logo-480px.png\",\"width\":480,\"height\":480,\"caption\":\"Internet and Technology Addicts Anonymous\"},\"image\":{\"@id\":\"https:\\\/\\\/internetaddictsanonymous.org\\\/#\\\/schema\\\/logo\\\/image\\\/\"}}]}<\/script>\n<!-- \/ Yoast SEO plugin. -->","yoast_head_json":{"title":"For familie og venner af misbrugere - Internet and Technology Addicts Anonymous","robots":{"index":"index","follow":"follow","max-snippet":"max-snippet:-1","max-image-preview":"max-image-preview:large","max-video-preview":"max-video-preview:-1"},"canonical":"https:\/\/internetaddictsanonymous.org\/da\/til-familie-og-venner\/","og_locale":"da_DK","og_type":"article","og_title":"For Family and Friends of Addicts &#8211; Internet and Technology Addicts Anonymous","og_description":"We are glad you have found our website and are hearing the news that there is hope for addicted internet and technology users. If you are close to an internet and technology addict, you are likely already aware of the difficulty and pain that this condition can cause, not only for the addict themselves, but &hellip; Continue reading For Family and Friends of Addicts","og_url":"https:\/\/internetaddictsanonymous.org\/da\/til-familie-og-venner\/","og_site_name":"Internet and Technology Addicts Anonymous","article_modified_time":"2025-04-06T20:51:36+00:00","twitter_card":"summary_large_image","twitter_misc":{"Estimeret l\u00e6setid":"7 minutter"},"schema":{"@context":"https:\/\/schema.org","@graph":[{"@type":"WebPage","@id":"https:\/\/internetaddictsanonymous.org\/for-family-and-friends\/","url":"https:\/\/internetaddictsanonymous.org\/for-family-and-friends\/","name":"For familie og venner af misbrugere - Internet and Technology Addicts Anonymous","isPartOf":{"@id":"https:\/\/internetaddictsanonymous.org\/#website"},"datePublished":"2019-08-22T21:25:48+00:00","dateModified":"2025-04-06T20:51:36+00:00","breadcrumb":{"@id":"https:\/\/internetaddictsanonymous.org\/for-family-and-friends\/#breadcrumb"},"inLanguage":"da-DK","potentialAction":[{"@type":"ReadAction","target":["https:\/\/internetaddictsanonymous.org\/for-family-and-friends\/"]}]},{"@type":"BreadcrumbList","@id":"https:\/\/internetaddictsanonymous.org\/for-family-and-friends\/#breadcrumb","itemListElement":[{"@type":"ListItem","position":1,"name":"Home","item":"https:\/\/internetaddictsanonymous.org\/"},{"@type":"ListItem","position":2,"name":"For Family and Friends of Addicts"}]},{"@type":"WebSite","@id":"https:\/\/internetaddictsanonymous.org\/#website","url":"https:\/\/internetaddictsanonymous.org\/","name":"Anonyme internet- og teknologiafh\u00e6ngige","description":"Verdensomsp\u00e6ndende 12-trinsf\u00e6llesskab for internet- og teknologiafh\u00e6ngighed","publisher":{"@id":"https:\/\/internetaddictsanonymous.org\/#organization"},"potentialAction":[{"@type":"SearchAction","target":{"@type":"EntryPoint","urlTemplate":"https:\/\/internetaddictsanonymous.org\/?s={search_term_string}"},"query-input":{"@type":"PropertyValueSpecification","valueRequired":true,"valueName":"search_term_string"}}],"inLanguage":"da-DK"},{"@type":"Organization","@id":"https:\/\/internetaddictsanonymous.org\/#organization","name":"Anonyme internet- og teknologiafh\u00e6ngige","url":"https:\/\/internetaddictsanonymous.org\/","logo":{"@type":"ImageObject","inLanguage":"da-DK","@id":"https:\/\/internetaddictsanonymous.org\/#\/schema\/logo\/image\/","url":"https:\/\/internetaddictsanonymous.org\/wp-content\/uploads\/2023\/01\/cropped-ITAA-logo-480px.png","contentUrl":"https:\/\/internetaddictsanonymous.org\/wp-content\/uploads\/2023\/01\/cropped-ITAA-logo-480px.png","width":480,"height":480,"caption":"Internet and Technology Addicts Anonymous"},"image":{"@id":"https:\/\/internetaddictsanonymous.org\/#\/schema\/logo\/image\/"}}]}},"jetpack_sharing_enabled":true,"jetpack_shortlink":"https:\/\/wp.me\/P9Fwob-2iV","_links":{"self":[{"href":"https:\/\/internetaddictsanonymous.org\/da\/wp-json\/wp\/v2\/pages\/8861","targetHints":{"allow":["GET"]}}],"collection":[{"href":"https:\/\/internetaddictsanonymous.org\/da\/wp-json\/wp\/v2\/pages"}],"about":[{"href":"https:\/\/internetaddictsanonymous.org\/da\/wp-json\/wp\/v2\/types\/page"}],"author":[{"embeddable":true,"href":"https:\/\/internetaddictsanonymous.org\/da\/wp-json\/wp\/v2\/users\/35194237"}],"replies":[{"embeddable":true,"href":"https:\/\/internetaddictsanonymous.org\/da\/wp-json\/wp\/v2\/comments?post=8861"}],"version-history":[{"count":43,"href":"https:\/\/internetaddictsanonymous.org\/da\/wp-json\/wp\/v2\/pages\/8861\/revisions"}],"predecessor-version":[{"id":19530,"href":"https:\/\/internetaddictsanonymous.org\/da\/wp-json\/wp\/v2\/pages\/8861\/revisions\/19530"}],"wp:attachment":[{"href":"https:\/\/internetaddictsanonymous.org\/da\/wp-json\/wp\/v2\/media?parent=8861"}],"wp:term":[{"taxonomy":"post_tag","embeddable":true,"href":"https:\/\/internetaddictsanonymous.org\/da\/wp-json\/wp\/v2\/tags?post=8861"}],"curies":[{"name":"wp","href":"https:\/\/api.w.org\/{rel}","templated":true}]}}