{"id":9095,"date":"2019-11-12T19:19:38","date_gmt":"2019-11-12T19:19:38","guid":{"rendered":"https:\/\/internetaddictsanonymous.org\/?page_id=9095"},"modified":"2024-03-02T10:03:10","modified_gmt":"2024-03-02T15:03:10","slug":"starte-et-nyt-ansigt-til-ansigt-mode","status":"publish","type":"page","link":"https:\/\/internetaddictsanonymous.org\/da\/starting-a-new-face-to-face-meeting\/","title":{"rendered":"Start af et nyt m\u00f8de"},"content":{"rendered":"<p>Her kan du finde nogle forslag til, hvordan du starter et nyt m\u00f8de, hvad enten det er online eller et personligt m\u00f8de i dit omr\u00e5de. At starte et nyt m\u00f8de er en utrolig servicehandling, som ikke kun kan hj\u00e6lpe dig, men ogs\u00e5 andre k\u00e6mpende misbrugere i dit omr\u00e5de.<\/p>\n\n\n\n<p>- Den gode nyhed er, at det er meget enkelt at starte et nyt m\u00f8de! Hvem som helst, hvor som helst, kan starte et ITAA-m\u00f8de - det er ikke n\u00f8dvendigt at f\u00e5 tilladelse fra nogen. <\/p>\n\n\n\n<p>- Vi anbefaler at l\u00e6se \"<a href=\"https:\/\/www.aa.org\/assets\/en_US\/en_bigbook_chapt11.pdf\">En vision for dig<\/a>\" i AA's Store Bog. Kapitlet er utroligt inspirerende og indeholder praktiske r\u00e5d og vejledning til dem, der \u00f8nsker at starte nye m\u00f8der.<\/p>\n\n\n\n<p>\u2022 <a href=\"https:\/\/internetaddictsanonymous.org\/da\/12-trin-af-itaa\/\">ITAA's tolv traditioner<\/a> er nyttige guider, n\u00e5r man skal lede et nyt m\u00f8de.<\/p>\n\n\n\n<p>- Man beh\u00f8ver kun to personer, der \u00f8nsker at komme sig over internet- og teknologiafh\u00e6ngighed, for at starte et m\u00f8de.<\/p>\n\n\n\n<p>- Hvis du vil starte et personligt m\u00f8de, kan det v\u00e6re en god id\u00e9 at kigge p\u00e5 steder, hvor der holdes andre 12-trins-m\u00f8der, og sp\u00f8rge, om de har plads til, at du kan starte et nyt ITAA-m\u00f8de. N\u00e5r du har besluttet dig for et sted, kan du give os besked om m\u00f8dested, tidspunkt og kontaktoplysninger, s\u00e5 vi kan l\u00e6gge dem p\u00e5 siden med personlige m\u00f8der. Du kan ogs\u00e5 bede om at f\u00e5 en meddelelse p\u00e5 opslagstavlen med meddelelser.<\/p>\n\n\n\n<p>- Hvis du starter et onlinem\u00f8de, s\u00e5 send os en besked via kontaktformularen p\u00e5 hjemmesiden, s\u00e5 kan vi tilf\u00f8je det til kalenderen, og hvis du \u00f8nsker det, til opslagstavlen med meddelelser. I din besked bedes du angive m\u00f8dedag og -tid, m\u00f8dets navn og en kort beskrivelse, som kan indg\u00e5 i begivenheden. Du bedes ogs\u00e5 angive i din besked, om du \u00f8nsker at bruge en af de to&nbsp;<a href=\"https:\/\/internetaddictsanonymous.org\/da\/itaa-zoom-rum\/\">ITAA zoom-links<\/a>&nbsp;(som alle medlemmer af ITAA kan bruge) eller et alternativt m\u00f8delink. Du opfordres ogs\u00e5 til at l\u00e6se <a href=\"https:\/\/internetaddictsanonymous.org\/da\/sikkerheds-retningslinjer-for-itaa-mode-vaerter\/\">ITAA's forslag til sikkerhed p\u00e5 m\u00f8der<\/a>.<\/p>\n\n\n\n<p>- Et nyttigt format til sm\u00e5 m\u00f8der med kun et par personer er at l\u00e6se op fra 12-trinslitteraturen. I kan skiftes til at l\u00e6se passager og dele refleksioner. Du kan ogs\u00e5 bruge eller tilpasse <a href=\"https:\/\/internetaddictsanonymous.org\/da\/online-mode-plan\/modescript\/\">Format<\/a> vi traditionelt bruger til telefonm\u00f8derne.<\/p>\n\n\n\n<p>- Til m\u00f8der ansigt til ansigt kan du s\u00e6tte <a href=\"https:\/\/www.canva.com\/design\/DADrBuzE8Jo\/vhANeFLQMqW3fv3_ndWp0w\/edit?utm_content=DADrBuzE8Jo&amp;utm_campaign=designshare&amp;utm_medium=link2&amp;utm_source=sharebutton\" target=\"_blank\" rel=\"noreferrer noopener\">l\u00f8besedler<\/a>De fleste 12-trins-klubhuse har et sted, hvor du kan l\u00e6gge en flyer eller skrive detaljer om dit m\u00f8de.\u00a0<\/p>\n\n\n\n<p>- Hvis du starter et m\u00f8de ansigt til ansigt, kan du overveje, hvordan du kan sikre alle m\u00f8dedeltageres sundhed og sikkerhed. Du opfordres til at f\u00f8lge lokale love, regler og sundhedspolitikker. Du kan ogs\u00e5 overveje at m\u00f8des i et udend\u00f8rs rum.<\/p>\n\n\n\n<p>- Hav udholdenhed, t\u00e5lmodighed og tillid til h\u00f8jere magter.<\/p>\n\n\n\n<p><\/p>\n<!-- PMB print buttons is only displayed on a single post\/page URLs-->","protected":false},"excerpt":{"rendered":"<p>Her kan du finde nogle forslag til, hvordan du starter et nyt m\u00f8de, uanset om det er online eller et ansigt-til-ansigt m\u00f8de i dit omr\u00e5de. At starte et nyt m\u00f8de er en utrolig tjeneste, som ikke kun kan hj\u00e6lpe dig, men ogs\u00e5 andre k\u00e6mpende misbrugere i dit omr\u00e5de. \u2022 Den gode nyhed er, at man starter en ny... <a href=\"https:\/\/internetaddictsanonymous.org\/da\/starting-a-new-face-to-face-meeting\/\" class=\"more-link\">Forts\u00e6t med at l\u00e6se <span class=\"screen-reader-text\">Start af et nyt m\u00f8de<\/span><\/a><\/p>","protected":false},"author":35194237,"featured_media":0,"parent":0,"menu_order":0,"comment_status":"closed","ping_status":"closed","template":"full-width-page.php","meta":{"inline_featured_image":false,"_lmt_disableupdate":"no","_lmt_disable":"","footnotes":""},"tags":[],"class_list":["post-9095","page","type-page","status-publish","hentry"],"yoast_head":"<!-- This site is optimized with the Yoast SEO plugin v27.4 - https:\/\/yoast.com\/product\/yoast-seo-wordpress\/ -->\n<title>Starting a new meeting &#8211; Internet and Technology Addicts Anonymous<\/title>\n<meta name=\"robots\" content=\"index, follow, max-snippet:-1, max-image-preview:large, max-video-preview:-1\" \/>\n<link rel=\"canonical\" href=\"https:\/\/internetaddictsanonymous.org\/da\/starte-et-nyt-ansigt-til-ansigt-mode\/\" \/>\n<meta property=\"og:locale\" content=\"da_DK\" \/>\n<meta property=\"og:type\" content=\"article\" \/>\n<meta property=\"og:title\" content=\"Starting a new meeting &#8211; Internet and Technology Addicts Anonymous\" \/>\n<meta property=\"og:description\" content=\"Here you can find some suggestions for how to start a new meeting, whether online or a face-to-face meeting in your area. Starting a new meeting is an incredible act of service which can help not only you, but also other struggling addicts in your area. \u2022 The good news is that starting a new &hellip; Continue reading Starting a new meeting\" \/>\n<meta property=\"og:url\" content=\"https:\/\/internetaddictsanonymous.org\/da\/starte-et-nyt-ansigt-til-ansigt-mode\/\" \/>\n<meta property=\"og:site_name\" content=\"Internet and Technology Addicts Anonymous\" \/>\n<meta property=\"article:modified_time\" content=\"2024-03-02T15:03:10+00:00\" \/>\n<meta name=\"twitter:card\" content=\"summary_large_image\" \/>\n<meta name=\"twitter:label1\" content=\"Estimeret l\u00e6setid\" \/>\n\t<meta name=\"twitter:data1\" content=\"2 minutter\" \/>\n<script type=\"application\/ld+json\" class=\"yoast-schema-graph\">{\"@context\":\"https:\\\/\\\/schema.org\",\"@graph\":[{\"@type\":\"WebPage\",\"@id\":\"https:\\\/\\\/internetaddictsanonymous.org\\\/starting-a-new-face-to-face-meeting\\\/\",\"url\":\"https:\\\/\\\/internetaddictsanonymous.org\\\/starting-a-new-face-to-face-meeting\\\/\",\"name\":\"Starting a new meeting &#8211; Internet and Technology Addicts Anonymous\",\"isPartOf\":{\"@id\":\"https:\\\/\\\/internetaddictsanonymous.org\\\/#website\"},\"datePublished\":\"2019-11-12T19:19:38+00:00\",\"dateModified\":\"2024-03-02T15:03:10+00:00\",\"breadcrumb\":{\"@id\":\"https:\\\/\\\/internetaddictsanonymous.org\\\/starting-a-new-face-to-face-meeting\\\/#breadcrumb\"},\"inLanguage\":\"da-DK\",\"potentialAction\":[{\"@type\":\"ReadAction\",\"target\":[\"https:\\\/\\\/internetaddictsanonymous.org\\\/starting-a-new-face-to-face-meeting\\\/\"]}]},{\"@type\":\"BreadcrumbList\",\"@id\":\"https:\\\/\\\/internetaddictsanonymous.org\\\/starting-a-new-face-to-face-meeting\\\/#breadcrumb\",\"itemListElement\":[{\"@type\":\"ListItem\",\"position\":1,\"name\":\"Home\",\"item\":\"https:\\\/\\\/internetaddictsanonymous.org\\\/\"},{\"@type\":\"ListItem\",\"position\":2,\"name\":\"Starting a new meeting\"}]},{\"@type\":\"WebSite\",\"@id\":\"https:\\\/\\\/internetaddictsanonymous.org\\\/#website\",\"url\":\"https:\\\/\\\/internetaddictsanonymous.org\\\/\",\"name\":\"Internet and Technology Addicts Anonymous\",\"description\":\"Worldwide 12-step Fellowship for Internet and Technology Addiction\",\"publisher\":{\"@id\":\"https:\\\/\\\/internetaddictsanonymous.org\\\/#organization\"},\"potentialAction\":[{\"@type\":\"SearchAction\",\"target\":{\"@type\":\"EntryPoint\",\"urlTemplate\":\"https:\\\/\\\/internetaddictsanonymous.org\\\/?s={search_term_string}\"},\"query-input\":{\"@type\":\"PropertyValueSpecification\",\"valueRequired\":true,\"valueName\":\"search_term_string\"}}],\"inLanguage\":\"da-DK\"},{\"@type\":\"Organization\",\"@id\":\"https:\\\/\\\/internetaddictsanonymous.org\\\/#organization\",\"name\":\"Internet and Technology Addicts Anonymous\",\"url\":\"https:\\\/\\\/internetaddictsanonymous.org\\\/\",\"logo\":{\"@type\":\"ImageObject\",\"inLanguage\":\"da-DK\",\"@id\":\"https:\\\/\\\/internetaddictsanonymous.org\\\/#\\\/schema\\\/logo\\\/image\\\/\",\"url\":\"https:\\\/\\\/internetaddictsanonymous.org\\\/wp-content\\\/uploads\\\/2023\\\/01\\\/cropped-ITAA-logo-480px.png\",\"contentUrl\":\"https:\\\/\\\/internetaddictsanonymous.org\\\/wp-content\\\/uploads\\\/2023\\\/01\\\/cropped-ITAA-logo-480px.png\",\"width\":480,\"height\":480,\"caption\":\"Internet and Technology Addicts Anonymous\"},\"image\":{\"@id\":\"https:\\\/\\\/internetaddictsanonymous.org\\\/#\\\/schema\\\/logo\\\/image\\\/\"}}]}<\/script>\n<!-- \/ Yoast SEO plugin. -->","yoast_head_json":{"title":"At starte et nyt m\u00f8de - Anonyme Internet- og Teknologiafh\u00e6ngige","robots":{"index":"index","follow":"follow","max-snippet":"max-snippet:-1","max-image-preview":"max-image-preview:large","max-video-preview":"max-video-preview:-1"},"canonical":"https:\/\/internetaddictsanonymous.org\/da\/starte-et-nyt-ansigt-til-ansigt-mode\/","og_locale":"da_DK","og_type":"article","og_title":"Starting a new meeting &#8211; Internet and Technology Addicts Anonymous","og_description":"Here you can find some suggestions for how to start a new meeting, whether online or a face-to-face meeting in your area. Starting a new meeting is an incredible act of service which can help not only you, but also other struggling addicts in your area. \u2022 The good news is that starting a new &hellip; Continue reading Starting a new meeting","og_url":"https:\/\/internetaddictsanonymous.org\/da\/starte-et-nyt-ansigt-til-ansigt-mode\/","og_site_name":"Internet and Technology Addicts Anonymous","article_modified_time":"2024-03-02T15:03:10+00:00","twitter_card":"summary_large_image","twitter_misc":{"Estimeret l\u00e6setid":"2 minutter"},"schema":{"@context":"https:\/\/schema.org","@graph":[{"@type":"WebPage","@id":"https:\/\/internetaddictsanonymous.org\/starting-a-new-face-to-face-meeting\/","url":"https:\/\/internetaddictsanonymous.org\/starting-a-new-face-to-face-meeting\/","name":"At starte et nyt m\u00f8de - Anonyme Internet- og Teknologiafh\u00e6ngige","isPartOf":{"@id":"https:\/\/internetaddictsanonymous.org\/#website"},"datePublished":"2019-11-12T19:19:38+00:00","dateModified":"2024-03-02T15:03:10+00:00","breadcrumb":{"@id":"https:\/\/internetaddictsanonymous.org\/starting-a-new-face-to-face-meeting\/#breadcrumb"},"inLanguage":"da-DK","potentialAction":[{"@type":"ReadAction","target":["https:\/\/internetaddictsanonymous.org\/starting-a-new-face-to-face-meeting\/"]}]},{"@type":"BreadcrumbList","@id":"https:\/\/internetaddictsanonymous.org\/starting-a-new-face-to-face-meeting\/#breadcrumb","itemListElement":[{"@type":"ListItem","position":1,"name":"Home","item":"https:\/\/internetaddictsanonymous.org\/"},{"@type":"ListItem","position":2,"name":"Starting a new meeting"}]},{"@type":"WebSite","@id":"https:\/\/internetaddictsanonymous.org\/#website","url":"https:\/\/internetaddictsanonymous.org\/","name":"Anonyme internet- og teknologiafh\u00e6ngige","description":"Verdensomsp\u00e6ndende 12-trinsf\u00e6llesskab for internet- og teknologiafh\u00e6ngighed","publisher":{"@id":"https:\/\/internetaddictsanonymous.org\/#organization"},"potentialAction":[{"@type":"SearchAction","target":{"@type":"EntryPoint","urlTemplate":"https:\/\/internetaddictsanonymous.org\/?s={search_term_string}"},"query-input":{"@type":"PropertyValueSpecification","valueRequired":true,"valueName":"search_term_string"}}],"inLanguage":"da-DK"},{"@type":"Organization","@id":"https:\/\/internetaddictsanonymous.org\/#organization","name":"Anonyme internet- og teknologiafh\u00e6ngige","url":"https:\/\/internetaddictsanonymous.org\/","logo":{"@type":"ImageObject","inLanguage":"da-DK","@id":"https:\/\/internetaddictsanonymous.org\/#\/schema\/logo\/image\/","url":"https:\/\/internetaddictsanonymous.org\/wp-content\/uploads\/2023\/01\/cropped-ITAA-logo-480px.png","contentUrl":"https:\/\/internetaddictsanonymous.org\/wp-content\/uploads\/2023\/01\/cropped-ITAA-logo-480px.png","width":480,"height":480,"caption":"Internet and Technology Addicts Anonymous"},"image":{"@id":"https:\/\/internetaddictsanonymous.org\/#\/schema\/logo\/image\/"}}]}},"jetpack_sharing_enabled":true,"jetpack_shortlink":"https:\/\/wp.me\/P9Fwob-2mH","_links":{"self":[{"href":"https:\/\/internetaddictsanonymous.org\/da\/wp-json\/wp\/v2\/pages\/9095","targetHints":{"allow":["GET"]}}],"collection":[{"href":"https:\/\/internetaddictsanonymous.org\/da\/wp-json\/wp\/v2\/pages"}],"about":[{"href":"https:\/\/internetaddictsanonymous.org\/da\/wp-json\/wp\/v2\/types\/page"}],"author":[{"embeddable":true,"href":"https:\/\/internetaddictsanonymous.org\/da\/wp-json\/wp\/v2\/users\/35194237"}],"replies":[{"embeddable":true,"href":"https:\/\/internetaddictsanonymous.org\/da\/wp-json\/wp\/v2\/comments?post=9095"}],"version-history":[{"count":18,"href":"https:\/\/internetaddictsanonymous.org\/da\/wp-json\/wp\/v2\/pages\/9095\/revisions"}],"predecessor-version":[{"id":17641,"href":"https:\/\/internetaddictsanonymous.org\/da\/wp-json\/wp\/v2\/pages\/9095\/revisions\/17641"}],"wp:attachment":[{"href":"https:\/\/internetaddictsanonymous.org\/da\/wp-json\/wp\/v2\/media?parent=9095"}],"wp:term":[{"taxonomy":"post_tag","embeddable":true,"href":"https:\/\/internetaddictsanonymous.org\/da\/wp-json\/wp\/v2\/tags?post=9095"}],"curies":[{"name":"wp","href":"https:\/\/api.w.org\/{rel}","templated":true}]}}