{"id":9457,"date":"2020-01-05T20:45:38","date_gmt":"2020-01-05T20:45:38","guid":{"rendered":"https:\/\/internetaddictsanonymous.org\/?page_id=9457"},"modified":"2026-01-18T11:11:47","modified_gmt":"2026-01-18T19:11:47","slug":"sponsorat","status":"publish","type":"page","link":"https:\/\/internetaddictsanonymous.org\/da\/sponsorship\/","title":{"rendered":"Betydningen af sponsorering"},"content":{"rendered":"<h4 class=\"wp-block-heading\"><strong>Hvad er et sponsorat?<\/strong><\/h4>\n\n\n\n<p>Sponsorering har en lang tradition i 12-trinsf\u00e6llesskaber. En sponsor er et mere erfarent medlem, som kan hj\u00e6lpe med at guide et nyere medlem gennem de 12 trin og mod bedring. En sponsor kan ogs\u00e5 hj\u00e6lpe med at definere top-, midter- og bundlinjer eller komme med forslag til, hvordan man etablerer \u00e6druelighed eller genetablerer den efter en periode med tilbagefald. I dette uformelle og frivillige forhold deler sponsoren sine erfaringer, sin styrke og sit h\u00e5b. At have en sponsor giver sponsorens klient mulighed for at stille sp\u00f8rgsm\u00e5l og modtage st\u00f8tte og ansvarlighed. Mange af os har oplevet, at vores bedring f\u00f8rst blev mere stabil, da vi fandt en sponsor og arbejdede med de tolv trin sammen med dem.<br><br> <\/p>\n\n\n\n<h4 class=\"wp-block-heading\"><strong>Hvordan finder jeg en sponsor?<\/strong><\/h4>\n\n\n\n<p>En af de bedste m\u00e5der at f\u00e5 kontakt med en sponsor p\u00e5 er gennem ops\u00f8gende samtaler med andre medlemmer. N\u00e5r vi deltager i m\u00f8der, lytter vi efter personer, der \"har det, vi vil have\", og r\u00e6kker ud efter dem. Vi sp\u00f8rger dem, hvor l\u00e6nge de har v\u00e6ret med i f\u00e6llesskabet, om de selv har en sponsor, og om de har arbejdet sig igennem trinene eller er i gang med det. N\u00e5r vi har l\u00e6rt dem lidt at kende gennem ops\u00f8gende samtaler, kan vi beslutte at sp\u00f8rge dem, om de har mulighed for at sponsorere os. I vores program fokuserer vi p\u00e5 fremskridt, ikke perfektion, og vi vil sandsynligvis aldrig finde den \"perfekte\" sponsor. Det vigtige er, at den potentielle sponsor er \u00e6rlig omkring sin egen bedring og har opn\u00e5et en stabil \u00e6druelighed.<\/p>\n\n\n\n<p>Det er vigtigt at have et godt forhold til sin sponsor, s\u00e5 man kan f\u00f8re \u00e5bne og \u00e6rlige samtaler. Forskellige mennesker har brug for forskellige ting fra et sponsorforhold - nogle har brug for en blidere tilgang, mens andre har brug for nogen, der kan skubbe dem. Nogle personer synes, det er vigtigt, at deres sponsor bruger IT p\u00e5 samme m\u00e5de. Disse behov kan \u00e6ndre sig over tid, efterh\u00e5nden som vi vokser i programmet. At udforske forventningerne hos b\u00e5de sponsor og sponsee er afg\u00f8rende for et sundt forhold. Det er et fortroligt forhold, som ogs\u00e5 har brug for st\u00e6rke gr\u00e6nser. Det er godt at vide, at hvis det efter et par m\u00f8der ikke ser ud til at v\u00e6re det rigtige match, kan begge personer frit sige det og g\u00e5 fra hinanden i mindelighed.<\/p>\n\n\n\n<p>Da der endnu ikke er s\u00e5 mange sponsorer i ITAA, har nogle medlemmer fundet sponsorer i andre tolvtrinsprogrammer. I disse tilf\u00e6lde er det vigtigt, at sponsoren er \u00e5ben over for ideen om internet- og teknologiafh\u00e6ngighed. Det er ofte ikke muligt for mange af os at navigere i livet uden en vis brug af teknologi, s\u00e5 \u00e6druelighed i ITAA er normalt ikke s\u00e5 absolut, som det er med alkohol eller stoffer. Derfor kan det v\u00e6re nyttigt at s\u00f8ge en sponsor, der har erfaring med at komme sig over en afh\u00e6ngighed som mad, sex eller k\u00e6rlighed.  Mange af de v\u00e6rkt\u00f8jer, vi bruger i ITAA, ligner v\u00e6rkt\u00f8jer i disse programmer.&nbsp;<\/p>\n\n\n\n<p>Historisk set er det i 12-trinsf\u00e6llesskaber blevet foresl\u00e5et, at medlemmerne er opm\u00e6rksomme p\u00e5 k\u00f8n, seksuel orientering og eventuelle f\u00f8lelser af romantisk tiltr\u00e6kning, n\u00e5r de v\u00e6lger en sponsor\/sponsee. For eksempel vil en heteroseksuel kvinde m\u00e5ske undg\u00e5 at sponsorere en heteroseksuel mand. Hvis der bare er en lille mulighed for, at vi kan udvikle f\u00f8lelser for den anden part, er det grund til alvorligt at overveje, om vi skal g\u00e5 videre.&nbsp;<br><br> <\/p>\n\n\n\n<h4 class=\"wp-block-heading\"><strong>Hvad er medsponsorering? Hvordan fungerer det?<\/strong><\/h4>\n\n\n\n<p>I co-sponsorship sponsorerer to personer hinanden i at arbejde med trinene. Det hj\u00e6lper normalt, hvis den ene eller begge har erfaring med at arbejde med de tolv trin i et andet program. Et medlem kan v\u00e6re ny i ITAA, men have mange \u00e5rs \u00e6druelighed i andre tolvtrinsf\u00e6llesskaber. Disse medlemmer har v\u00e6rdifuld erfaring, styrke og h\u00e5b, som de kan dele med andre og bringe ind i deres egen ITAA-bedring.<br><br> <\/p>\n\n\n\n<h4 class=\"wp-block-heading\"><strong>Hvorn\u00e5r er jeg klar til at sponsorere en anden?<\/strong><\/h4>\n\n\n\n<p>Det er okay at begynde at sponsorere, f\u00f8r vi f\u00f8ler os helt klar. Det kan f\u00f8les skr\u00e6mmende, og nogle gange kan vi f\u00f8le, at vi ikke ved nok, eller at vi stadig k\u00e6mper. Det kan v\u00e6re nyttigt at tale med vores sponsor om det, f\u00f8r vi begynder at sponsorere andre, s\u00e5 vi kan f\u00e5 klarhed. Typisk lader vi andre sp\u00f8rge os, om vi er klar til at v\u00e6re sponsor, i stedet for selv at r\u00e6kke ud til enkeltpersoner og melde os frivilligt.&nbsp;<\/p>\n\n\n\n<p>Vi kan pr\u00f8ve at v\u00e6re midlertidig sponsor for nogen i en periode p\u00e5 1-3 m\u00e5neder for at se, hvordan det f\u00f8les. N\u00e5r vi begynder at v\u00e6re sponsorer, kan det hj\u00e6lpe med at reducere det pres, vi kan f\u00f8le, hvis vi er \u00e5bne og \u00e6rlige om, hvor vi er i vores recovery og vores manglende erfaring. Som sponsorer er vi ikke perfekte, og det er okay ikke at kende alle svarene. Vi kan altid henvende os til andre medlemmer, som har erfaring med at v\u00e6re sponsorer i dette eller et andet f\u00e6llesskab, og bede om hj\u00e6lp eller stille sp\u00f8rgsm\u00e5l. Det er vigtigt, at vi har en sponsor eller et st\u00e6rkt medsponsorforhold, f\u00f8r vi begynder at sponsorere. Vi b\u00f8r ogs\u00e5 v\u00e6re langt nok i vores eget trinarbejde til, at vi kan hj\u00e6lpe med at guide den, vi er sponsor for, gennem trinnene.<\/p>\n\n\n\n<p>Efterh\u00e5nden som vi f\u00e5r mere erfaring med at sponsorere andre, bliver vi mere selvsikre og f\u00f8lsomme over for, hvilke m\u00e5der at sponsorere p\u00e5, der er mest naturlige for os. At tage ops\u00f8gende samtaler, is\u00e6r med nyankomne, kan v\u00e6re en m\u00e5de at begynde at l\u00e6re, hvordan vi kan v\u00e6re til tjeneste gennem empatisk lytning og deling af vores egne erfaringer.<br><br> <\/p>\n\n\n\n<h4 class=\"wp-block-heading\"><strong>Hvorfor sponsorere?<\/strong><\/h4>\n\n\n\n<p>I ITAA's 12. trin fors\u00f8ger vi at \"bringe dette budskab videre til internet- og teknologiafh\u00e6ngige\". Sponsorering styrker vores egen bedring. Det er blevet bevist gennem historien i alle 12-trinsprogrammer s\u00e5vel som i ITAA. N\u00e5r vi sponsorerer andre, unders\u00f8ger vi vores eget program, og det f\u00e5r os til at arbejde og bev\u00e6ge os fremad. Selvom det er en forpligtelse, er bel\u00f8nningen for oplevelsen det hele v\u00e6rd!<br><br> <\/p>\n\n\n\n<h4 class=\"wp-block-heading\"><strong>Hvad hvis min sponsee f\u00e5r tilbagefald?<\/strong><\/h4>\n\n\n\n<p>Det er vigtigt at huske, at vi ikke er ansvarlige for, at den person, vi er sponsor for, bliver rask. Vores eneste ansvar som sponsor er at tilbyde ITAA-programmet, som vi forst\u00e5r det, og dele vores egne erfaringer. Det er vigtigt at give slip p\u00e5 forventninger og at v\u00e6re p\u00e5 vagt over for medafh\u00e6ngighed eller fors\u00f8g p\u00e5 at \"fikse\" den anden person. Det er ikke vores rolle at b\u00e6re den, vi sponsorerer, eller at v\u00e6re deres h\u00f8jere magt. Deres recovery-oplevelse er deres egen; vi kan v\u00e6re vidner og st\u00f8tte dem, men vi kan ikke komme os for dem.<br><br> <\/p>\n\n\n\n<h4 class=\"wp-block-heading\"><strong>Hvad hvis jeg begynder at udvikle f\u00f8lelser for min sponsor\/sponsee?&nbsp;<\/strong><\/h4>\n\n\n\n<p>Romantisk tiltr\u00e6kning eller et forhold mellem sponsor og sponsee kan v\u00e6re distraherende, forvirrende, smertefuldt og endda skadeligt. Det er vigtigt at etablere og opretholde st\u00e6rke gr\u00e6nser i forholdet for at minimere risikoen for at g\u00f8re skade. Hvis enten sponsor eller sponsee p\u00e5 et tidspunkt bem\u00e6rker, at der er ved at udvikle sig en romantisk tiltr\u00e6kning, anbefales det, at de diskuterer det med en betroet kollega. I s\u00e5danne tilf\u00e6lde kan det ofte give bedst mening at afslutte sponsoratet i mindelighed p\u00e5 en st\u00f8ttende m\u00e5de. En \u00e6rlig diskussion er vigtig for at se, hvordan dette kan h\u00e5ndteres, uden at det forstyrrer nogen af personernes bedring.<br><br> <\/p>\n\n\n\n<h4 class=\"wp-block-heading\"><strong>Hvad er det trettende trin?\u00a0<\/strong><\/h4>\n\n\n\n<p id=\"block-f4cc2ef5-469a-47b7-9d20-bcd09a8478d0\">I Tolvtrinsprogrammer er &quot;Trettende Trin&quot; at manipulere en anden person i bedring, is\u00e6r en nybegynder eller en sponsee, til et seksuelt eller romantisk forhold. Denne adf\u00e6rd er upassende og frar\u00e5des helhjertet i ITAA. Vi opfordrer nybegyndere til at undg\u00e5 at arbejde med sponsorer eller udvikle ops\u00f8gende relationer med medlemmer, som vi kan udvikle seksuel eller romantisk tiltr\u00e6kning til. Hvis du f\u00f8ler, at du er modtager af upassende eller u\u00f8nsket seksuel eller romantisk opm\u00e6rksomhed, bedes du tale med et medlem, du stoler p\u00e5 - anonymitet og fortrolighed er ikke et d\u00e6kke for upassende adf\u00e6rd.<\/p>\n\n\n\n<p id=\"block-f4cc2ef5-469a-47b7-9d20-bcd09a8478d0\">For mere information om at reagere p\u00e5 upassende adf\u00e6rd, kan du se vores <a href=\"https:\/\/internetaddictsanonymous.org\/da\/sikkerhed-i-itaa\/\">Sikkerhedsvejledning i ITAA<\/a>.<br><br><br><\/p>\n\n\n\n<h4 class=\"wp-block-heading\"><strong>Hvordan kan jeg hj\u00e6lpe nyankomne, hvis jeg ikke f\u00f8ler, at jeg er klar til at v\u00e6re sponsor endnu?&nbsp;<\/strong><\/h4>\n\n\n\n<p>At g\u00f8re tjeneste er et centralt princip i 12-trinsf\u00e6llesskaber. At v\u00e6re villig til at tale med nyankomne ved at blive efter et m\u00f8de eller give dem vores telefonnummer, hvis de har yderligere sp\u00f8rgsm\u00e5l, er en vidunderlig m\u00e5de at v\u00e6re til tjeneste p\u00e5. At lytte, dele vores egne erfaringer og komme med forslag baseret p\u00e5, hvad der har hjulpet os, er alt sammen meget vigtigt for en nybegynder i ITAA. Det giver ogs\u00e5 vores eget program og recovery styrke og holder det friskt. Der er ogs\u00e5 en liste over \u00e5bne servicepositioner p\u00e5 ITAA's hjemmeside. Man h\u00f8rer det ofte i 12-trinsrum: \"Vi beholder kun, hvad vi har, ved at give det v\u00e6k!\"&nbsp;<\/p>\n\n\n\n<hr class=\"wp-block-separator has-alpha-channel-opacity\"\/>\n\n\n\n<p><em>Denne side er skrevet af ITAA's Web Content Committee. Hvis du har lyst til at give os feedback eller bidrage til vores arbejde, vil vi meget gerne h\u00f8re fra dig eller have dig med til et af vores m\u00f8der. Flere detaljer kan findes p\u00e5&nbsp;<a href=\"https:\/\/internetaddictsanonymous.org\/da\/abne-servicestillinger\/\">Service-udvalg<\/a>&nbsp;side.<\/em><\/p>\n<!-- PMB print buttons is only displayed on a single post\/page URLs-->","protected":false},"excerpt":{"rendered":"<p>Hvad er sponsorat? Sponsorat har en lang tradition i 12-trins f\u00e6llesskaber. En sponsor er et mere erfarent medlem, som kan hj\u00e6lpe med at guide et nyere medlem gennem de 12 trin og mod restitution. En sponsor kan ogs\u00e5 hj\u00e6lpe med at definere top-, mellem- og bundlinjer eller komme med forslag til, hvordan man kan etablere \u00e6druelighed eller genetablere den efter \u2026 <a href=\"https:\/\/internetaddictsanonymous.org\/da\/sponsorship\/\" class=\"more-link\">Forts\u00e6t med at l\u00e6se <span class=\"screen-reader-text\">Betydningen af sponsorering<\/span><\/a><\/p>","protected":false},"author":35194237,"featured_media":0,"parent":0,"menu_order":0,"comment_status":"closed","ping_status":"closed","template":"full-width-page.php","meta":{"inline_featured_image":false,"_lmt_disableupdate":"no","_lmt_disable":"","footnotes":""},"tags":[],"class_list":["post-9457","page","type-page","status-publish","hentry"],"yoast_head":"<!-- This site is optimized with the Yoast SEO plugin v27.5 - https:\/\/yoast.com\/product\/yoast-seo-wordpress\/ -->\n<title>The Importance of Sponsorship &#8211; Internet and Technology Addicts Anonymous<\/title>\n<meta name=\"robots\" content=\"index, follow, max-snippet:-1, max-image-preview:large, max-video-preview:-1\" \/>\n<link rel=\"canonical\" href=\"https:\/\/internetaddictsanonymous.org\/da\/sponsorat\/\" \/>\n<meta property=\"og:locale\" content=\"da_DK\" \/>\n<meta property=\"og:type\" content=\"article\" \/>\n<meta property=\"og:title\" content=\"The Importance of Sponsorship &#8211; Internet and Technology Addicts Anonymous\" \/>\n<meta property=\"og:description\" content=\"What is sponsorship? Sponsorship has a long-standing tradition in 12-step fellowships. A sponsor is a more experienced member who can help guide a newer member through the 12 steps and towards recovery. A sponsor may also help define top, middle, and bottom lines or make suggestions about how to establish sobriety or reestablish it after &hellip; Continue reading The Importance of Sponsorship\" \/>\n<meta property=\"og:url\" content=\"https:\/\/internetaddictsanonymous.org\/da\/sponsorat\/\" \/>\n<meta property=\"og:site_name\" content=\"Internet and Technology Addicts Anonymous\" \/>\n<meta property=\"article:modified_time\" content=\"2026-01-18T19:11:47+00:00\" \/>\n<meta name=\"twitter:card\" content=\"summary_large_image\" \/>\n<meta name=\"twitter:label1\" content=\"Estimeret l\u00e6setid\" \/>\n\t<meta name=\"twitter:data1\" content=\"7 minutter\" \/>\n<script type=\"application\/ld+json\" class=\"yoast-schema-graph\">{\"@context\":\"https:\\\/\\\/schema.org\",\"@graph\":[{\"@type\":\"WebPage\",\"@id\":\"https:\\\/\\\/internetaddictsanonymous.org\\\/sponsorship\\\/\",\"url\":\"https:\\\/\\\/internetaddictsanonymous.org\\\/sponsorship\\\/\",\"name\":\"The Importance of Sponsorship &#8211; Internet and Technology Addicts Anonymous\",\"isPartOf\":{\"@id\":\"https:\\\/\\\/internetaddictsanonymous.org\\\/#website\"},\"datePublished\":\"2020-01-05T20:45:38+00:00\",\"dateModified\":\"2026-01-18T19:11:47+00:00\",\"breadcrumb\":{\"@id\":\"https:\\\/\\\/internetaddictsanonymous.org\\\/sponsorship\\\/#breadcrumb\"},\"inLanguage\":\"da-DK\",\"potentialAction\":[{\"@type\":\"ReadAction\",\"target\":[\"https:\\\/\\\/internetaddictsanonymous.org\\\/sponsorship\\\/\"]}]},{\"@type\":\"BreadcrumbList\",\"@id\":\"https:\\\/\\\/internetaddictsanonymous.org\\\/sponsorship\\\/#breadcrumb\",\"itemListElement\":[{\"@type\":\"ListItem\",\"position\":1,\"name\":\"Home\",\"item\":\"https:\\\/\\\/internetaddictsanonymous.org\\\/\"},{\"@type\":\"ListItem\",\"position\":2,\"name\":\"The Importance of Sponsorship\"}]},{\"@type\":\"WebSite\",\"@id\":\"https:\\\/\\\/internetaddictsanonymous.org\\\/#website\",\"url\":\"https:\\\/\\\/internetaddictsanonymous.org\\\/\",\"name\":\"Internet and Technology Addicts Anonymous\",\"description\":\"Worldwide 12-step Fellowship for Internet and Technology Addiction\",\"publisher\":{\"@id\":\"https:\\\/\\\/internetaddictsanonymous.org\\\/#organization\"},\"potentialAction\":[{\"@type\":\"SearchAction\",\"target\":{\"@type\":\"EntryPoint\",\"urlTemplate\":\"https:\\\/\\\/internetaddictsanonymous.org\\\/?s={search_term_string}\"},\"query-input\":{\"@type\":\"PropertyValueSpecification\",\"valueRequired\":true,\"valueName\":\"search_term_string\"}}],\"inLanguage\":\"da-DK\"},{\"@type\":\"Organization\",\"@id\":\"https:\\\/\\\/internetaddictsanonymous.org\\\/#organization\",\"name\":\"Internet and Technology Addicts Anonymous\",\"url\":\"https:\\\/\\\/internetaddictsanonymous.org\\\/\",\"logo\":{\"@type\":\"ImageObject\",\"inLanguage\":\"da-DK\",\"@id\":\"https:\\\/\\\/internetaddictsanonymous.org\\\/#\\\/schema\\\/logo\\\/image\\\/\",\"url\":\"https:\\\/\\\/internetaddictsanonymous.org\\\/wp-content\\\/uploads\\\/2023\\\/01\\\/cropped-ITAA-logo-480px.png\",\"contentUrl\":\"https:\\\/\\\/internetaddictsanonymous.org\\\/wp-content\\\/uploads\\\/2023\\\/01\\\/cropped-ITAA-logo-480px.png\",\"width\":480,\"height\":480,\"caption\":\"Internet and Technology Addicts Anonymous\"},\"image\":{\"@id\":\"https:\\\/\\\/internetaddictsanonymous.org\\\/#\\\/schema\\\/logo\\\/image\\\/\"}}]}<\/script>\n<!-- \/ Yoast SEO plugin. -->","yoast_head_json":{"title":"Vigtigheden af sponsorering \u2013 Anonyme internet- og teknologiafh\u00e6ngige","robots":{"index":"index","follow":"follow","max-snippet":"max-snippet:-1","max-image-preview":"max-image-preview:large","max-video-preview":"max-video-preview:-1"},"canonical":"https:\/\/internetaddictsanonymous.org\/da\/sponsorat\/","og_locale":"da_DK","og_type":"article","og_title":"The Importance of Sponsorship &#8211; Internet and Technology Addicts Anonymous","og_description":"What is sponsorship? Sponsorship has a long-standing tradition in 12-step fellowships. A sponsor is a more experienced member who can help guide a newer member through the 12 steps and towards recovery. A sponsor may also help define top, middle, and bottom lines or make suggestions about how to establish sobriety or reestablish it after &hellip; Continue reading The Importance of Sponsorship","og_url":"https:\/\/internetaddictsanonymous.org\/da\/sponsorat\/","og_site_name":"Internet and Technology Addicts Anonymous","article_modified_time":"2026-01-18T19:11:47+00:00","twitter_card":"summary_large_image","twitter_misc":{"Estimeret l\u00e6setid":"7 minutter"},"schema":{"@context":"https:\/\/schema.org","@graph":[{"@type":"WebPage","@id":"https:\/\/internetaddictsanonymous.org\/sponsorship\/","url":"https:\/\/internetaddictsanonymous.org\/sponsorship\/","name":"Vigtigheden af sponsorering \u2013 Anonyme internet- og teknologiafh\u00e6ngige","isPartOf":{"@id":"https:\/\/internetaddictsanonymous.org\/#website"},"datePublished":"2020-01-05T20:45:38+00:00","dateModified":"2026-01-18T19:11:47+00:00","breadcrumb":{"@id":"https:\/\/internetaddictsanonymous.org\/sponsorship\/#breadcrumb"},"inLanguage":"da-DK","potentialAction":[{"@type":"ReadAction","target":["https:\/\/internetaddictsanonymous.org\/sponsorship\/"]}]},{"@type":"BreadcrumbList","@id":"https:\/\/internetaddictsanonymous.org\/sponsorship\/#breadcrumb","itemListElement":[{"@type":"ListItem","position":1,"name":"Home","item":"https:\/\/internetaddictsanonymous.org\/"},{"@type":"ListItem","position":2,"name":"The Importance of Sponsorship"}]},{"@type":"WebSite","@id":"https:\/\/internetaddictsanonymous.org\/#website","url":"https:\/\/internetaddictsanonymous.org\/","name":"Anonyme internet- og teknologiafh\u00e6ngige","description":"Verdensomsp\u00e6ndende 12-trinsf\u00e6llesskab for internet- og teknologiafh\u00e6ngighed","publisher":{"@id":"https:\/\/internetaddictsanonymous.org\/#organization"},"potentialAction":[{"@type":"SearchAction","target":{"@type":"EntryPoint","urlTemplate":"https:\/\/internetaddictsanonymous.org\/?s={search_term_string}"},"query-input":{"@type":"PropertyValueSpecification","valueRequired":true,"valueName":"search_term_string"}}],"inLanguage":"da-DK"},{"@type":"Organization","@id":"https:\/\/internetaddictsanonymous.org\/#organization","name":"Anonyme internet- og teknologiafh\u00e6ngige","url":"https:\/\/internetaddictsanonymous.org\/","logo":{"@type":"ImageObject","inLanguage":"da-DK","@id":"https:\/\/internetaddictsanonymous.org\/#\/schema\/logo\/image\/","url":"https:\/\/internetaddictsanonymous.org\/wp-content\/uploads\/2023\/01\/cropped-ITAA-logo-480px.png","contentUrl":"https:\/\/internetaddictsanonymous.org\/wp-content\/uploads\/2023\/01\/cropped-ITAA-logo-480px.png","width":480,"height":480,"caption":"Internet and Technology Addicts Anonymous"},"image":{"@id":"https:\/\/internetaddictsanonymous.org\/#\/schema\/logo\/image\/"}}]}},"jetpack_sharing_enabled":true,"jetpack_shortlink":"https:\/\/wp.me\/P9Fwob-2sx","_links":{"self":[{"href":"https:\/\/internetaddictsanonymous.org\/da\/wp-json\/wp\/v2\/pages\/9457","targetHints":{"allow":["GET"]}}],"collection":[{"href":"https:\/\/internetaddictsanonymous.org\/da\/wp-json\/wp\/v2\/pages"}],"about":[{"href":"https:\/\/internetaddictsanonymous.org\/da\/wp-json\/wp\/v2\/types\/page"}],"author":[{"embeddable":true,"href":"https:\/\/internetaddictsanonymous.org\/da\/wp-json\/wp\/v2\/users\/35194237"}],"replies":[{"embeddable":true,"href":"https:\/\/internetaddictsanonymous.org\/da\/wp-json\/wp\/v2\/comments?post=9457"}],"version-history":[{"count":46,"href":"https:\/\/internetaddictsanonymous.org\/da\/wp-json\/wp\/v2\/pages\/9457\/revisions"}],"predecessor-version":[{"id":20908,"href":"https:\/\/internetaddictsanonymous.org\/da\/wp-json\/wp\/v2\/pages\/9457\/revisions\/20908"}],"wp:attachment":[{"href":"https:\/\/internetaddictsanonymous.org\/da\/wp-json\/wp\/v2\/media?parent=9457"}],"wp:term":[{"taxonomy":"post_tag","embeddable":true,"href":"https:\/\/internetaddictsanonymous.org\/da\/wp-json\/wp\/v2\/tags?post=9457"}],"curies":[{"name":"wp","href":"https:\/\/api.w.org\/{rel}","templated":true}]}}