{"id":10620,"date":"2020-05-03T13:30:03","date_gmt":"2020-05-03T13:30:03","guid":{"rendered":"https:\/\/internetaddictsanonymous.org\/?page_id=10620"},"modified":"2023-01-14T07:03:14","modified_gmt":"2023-01-14T12:03:14","slug":"dienstleistung","status":"publish","type":"page","link":"https:\/\/internetaddictsanonymous.org\/de\/service\/","title":{"rendered":"Eine Anleitung zum Service"},"content":{"rendered":"<p>Eines unserer st\u00e4rksten Instrumente bei der Genesung ist es, anderen S\u00fcchtigen sowie unseren gr\u00f6\u00dferen Gemeinschaften zu dienen. ITAA ist eine reine Freiwilligenorganisation ohne bezahlte Fachkr\u00e4fte. Im Folgenden finden Sie einige Vorschl\u00e4ge, wie Sie in ITAA von Nutzen sein k\u00f6nnen. Sie k\u00f6nnen auch unsere finden <a href=\"https:\/\/internetaddictsanonymous.org\/de\/offene-dienststellen\/\">Derzeit offene Servicepositionen<\/a> f\u00fcr mehr M\u00f6glichkeiten, von Nutzen zu sein.<\/p>\n\n\n\n<p>M\u00f6glichkeiten, in der ITAA von Nutzen zu sein:<\/p>\n\n\n\n<ol class=\"wp-block-list\">\n<li>Begr\u00fc\u00dfung von Neuank\u00f6mmlingen. Helfen Sie Neuank\u00f6mmlingen, sich als Mensch sicher, willkommen und gesch\u00e4tzt zu f\u00fchlen, egal wie sehr sie sich in ihrer Internet- und Technologiesucht gefangen f\u00fchlen. Andere zu unterst\u00fctzen und sich daran zu erinnern, wie es sich anf\u00fchlte, an Ihrem ersten Treffen teilzunehmen, kann eine Hilfe sein, um eine \u201eHaltung der Dankbarkeit\u201c aufrechtzuerhalten, die eine gro\u00dfe Unterst\u00fctzung f\u00fcr die Aufrechterhaltung der t\u00e4glichen N\u00fcchternheit darstellt.<\/li>\n\n\n\n<li>Vorsitz einer bestehenden Sitzung. Alle unsere F\u00fchrer sind nur vertrauensw\u00fcrdige Diener, sie regieren nicht (Tradition 2). Sie m\u00fcssen nur Sie selbst sein, sich f\u00fcr die Dauer Ihrer Verpflichtung, Vorsitzender zu sein, bei der Besprechung \u201eanziehen und auftauchen\u201c (oder, wenn Sie wissen, dass Sie es nicht schaffen, ein anderes Mitglied bitten, f\u00fcr Sie zu \u00fcbernehmen) und lesen das&nbsp;<a href=\"https:\/\/internetaddictsanonymous.org\/de\/online-meeting-plan\/standardskript-fur-meetings\/\" target=\"_blank\" rel=\"noreferrer noopener\">Standardskript f\u00fcr Meetings<\/a>. <\/li>\n\n\n\n<li>Starten Sie ein neues Meeting! Jeder kann ein neues Meeting beginnen. In unserem Besprechungsplan finden Sie L\u00fccken, in denen eine neue Besprechung hinzugef\u00fcgt werden k\u00f6nnte. Es kann hilfreich sein, einen engagierten Co-Vorsitzenden oder einen Besprechungspartner zu finden, damit Sie nicht allein sind. Wenn Sie eine neue Besprechung beginnen, senden Sie einfach eine E-Mail \u00fcber das Kontaktformular, und wir k\u00f6nnen sie dem Kalender hinzuf\u00fcgen. Hier sind einige weitere Vorschl\u00e4ge f\u00fcr&nbsp;<a href=\"https:\/\/internetaddictsanonymous.org\/de\/neue-gesicht-zu-gesicht-treffen-beginnen\/\" target=\"_blank\" rel=\"noreferrer noopener\">neue Meetings starten<\/a>.<\/li>\n\n\n\n<li>Reichweite. Erw\u00e4gen Sie, andere Mitglieder zu erreichen. Teilen Sie Ihre Erfahrungen, St\u00e4rken und Hoffnungen mit und geben Sie einem anderen Mitglied die M\u00f6glichkeit, Dienste anzubieten, indem Sie es um Hilfe bei der \u00dcberwindung von K\u00e4mpfen, Ausrutschern und R\u00fcckf\u00e4llen bitten <em>ist<\/em> eine gro\u00dfartige Form des Service. Nach dem Teilen ist es auch eine M\u00f6glichkeit, zu fragen, wie es Ihrem Kollegen geht.<\/li>\n\n\n\n<li>Co-Sponsoring \/ Verantwortungspartner. Sie k\u00f6nnten in Betracht ziehen, jemandes Co-Sponsor oder Verantwortungspartner zu sein. Sie k\u00f6nnen auch an einem Co-Sponsoring-Meeting oder einem Literaturdiskussionstreffen teilnehmen oder ein neues Step-Work-Meeting einrichten. Hier sind einige Hinweise zu&nbsp;<a href=\"https:\/\/internetaddictsanonymous.org\/de\/sponsoring\/\" target=\"_blank\" rel=\"noreferrer noopener\">Sponsoring und Co-Sponsoring<\/a>.<\/li>\n\n\n\n<li>Patenschaft. Wenn Sie n\u00fcchtern sind und Erfahrung in der Arbeit mit den Schritten haben, k\u00f6nnen Sie eine Patenschaft f\u00fcr ein anderes Mitglied \u00fcbernehmen. Oft wird empfohlen, mit der Patenschaft f\u00fcr Neuank\u00f6mmlinge zu warten, bis Sie Schritt 3 gemacht haben. Die Patenschaft ist eine gro\u00dfartige M\u00f6glichkeit, anderen zu helfen, und sie ist oft ebenso hilfreich f\u00fcr Ihre eigene Genesung. \"Wir behalten nur, was wir haben, wenn wir es weggeben.<\/li>\n\n\n\n<li>Tritt unser ... bei&nbsp;<a href=\"https:\/\/internetaddictsanonymous.org\/de\/ism\/\">monatlich stattfindende internationale Diensttreffen<\/a>in dem wir Verwaltungsfragen zum Wohle der Gemeinschaft diskutieren. Jedes Mitglied der ITAA hat eine gleichberechtigte Stimme. Wenn Sie eine Meinung haben, die dazu beitragen kann, ein starkes Gruppengewissen aufzubauen und das Kollektiv in der ITAA st\u00e4rker und weiser zu machen, teilen Sie sie im ISM mit, wenn die Leute ein Gruppengewissen \u00fcber ein bestimmtes Thema bilden, um eine informierte Entscheidung zu treffen. In \u00e4hnlicher Weise h\u00e4lt jedes einzelne Treffen gelegentlich Gesch\u00e4ftstreffen ab, um Themen zu diskutieren, die f\u00fcr die jeweilige Gruppe relevant sind, und die Teilnahme an diesen Treffen ist ebenfalls eine gro\u00dfartige M\u00f6glichkeit, sich n\u00fctzlich zu machen. Wenn Sie Fragen dazu haben, was etwas bedeutet oder wie Gesch\u00e4ftstreffen ablaufen, k\u00f6nnen Sie w\u00e4hrend eines Gesch\u00e4ftstreffens fragen, und erfahrenere Mitglieder k\u00f6nnen Ihnen dabei helfen.<\/li>\n\n\n\n<li>Sie k\u00f6nnen einem unserer Service-Komitees beitreten, bei denen es sich um Gruppen handelt, die sich einer besonderen Service-Verantwortung widmen, beispielsweise dem Schreiben von Literatur. Ausschu\u00dfm\u00f6glichkeiten finden Sie auf der <a href=\"https:\/\/internetaddictsanonymous.org\/de\/offene-dienststellen\/\">offene Dienststellen<\/a> - Seite.<\/li>\n\n\n\n<li>Sie k\u00f6nnen eine kurze Geschichte mit etwa 250 W\u00f6rtern einsenden, in der beschrieben wird, wie die Dinge waren, wie es bei aktiver Sucht war, wie Sie zur ITAA gekommen sind und welche Juwelen Sie bisher bei der Genesung gefunden haben. Dies wird uns helfen, einen t\u00e4glichen Leser aufzubauen.&nbsp;<\/li>\n\n\n\n<li>Wenn Sie eine langfristige Wiederherstellung in ITAA haben und Ihre Wiederherstellungsgeschichte teilen m\u00f6chten, k\u00f6nnen wir sie unserer hinzuf\u00fcgen\u00a0<a href=\"https:\/\/internetaddictsanonymous.org\/de\/genesungsgeschichten\/\" target=\"_blank\" rel=\"noreferrer noopener\">Erfahrungsberichte der Genesung<\/a>\u00a0Seite. Empfohlene L\u00e4nge: 2500-5000 W\u00f6rter.<\/li>\n\n\n\n<li>Sie k\u00f6nnen&nbsp;<a href=\"https:\/\/internetaddictsanonymous.org\/de\/spenden\/\" target=\"_blank\" rel=\"noreferrer noopener\">spenden<\/a>&nbsp;zur Gemeinschaft. Unsere 7. Tradition besagt: \u201eJede Gruppe sollte vollst\u00e4ndig selbsttragend sein und Beitr\u00e4ge von au\u00dfen ablehnen\u201c.<\/li>\n<\/ol>\n\n\n\n<p>Sie k\u00f6nnen auch kreativ sein, wenn Sie \u00fcber andere M\u00f6glichkeiten nachdenken, um Ihnen zu helfen. Sie k\u00f6nnen sich \u00fcber die Kontaktseite informieren, wie Sie die Nachricht an bed\u00fcrftige Abh\u00e4ngige weitergeben m\u00f6chten.<\/p>\n<!-- PMB print buttons is only displayed on a single post\/page URLs-->","protected":false},"excerpt":{"rendered":"<p>Eines unserer st\u00e4rksten Werkzeuge bei der Genesung ist es, anderen S\u00fcchtigen sowie unseren breiteren Gemeinschaften zu dienen. ITAA ist eine reine Freiwilligenorganisation ohne bezahlte Fachleute. Nachfolgend finden Sie einige Vorschl\u00e4ge, wie Sie bei der ITAA behilflich sein k\u00f6nnten. Hier finden Sie auch unsere aktuell offenen Servicestellen f\u00fcr \u2026 <a href=\"https:\/\/internetaddictsanonymous.org\/de\/service\/\" class=\"more-link\"><span class=\"screen-reader-text\">Eine Anleitung zum Service<\/span> weiterlesen<\/a><\/p>","protected":false},"author":35194237,"featured_media":0,"parent":0,"menu_order":0,"comment_status":"closed","ping_status":"closed","template":"full-width-page.php","meta":{"inline_featured_image":false,"_lmt_disableupdate":"no","_lmt_disable":"","footnotes":""},"tags":[],"class_list":["post-10620","page","type-page","status-publish","hentry"],"yoast_head":"<!-- This site is optimized with the Yoast SEO plugin v27.4 - https:\/\/yoast.com\/product\/yoast-seo-wordpress\/ -->\n<title>A Guide to Service &#8211; Internet and Technology Addicts Anonymous<\/title>\n<meta name=\"robots\" content=\"index, follow, max-snippet:-1, max-image-preview:large, max-video-preview:-1\" \/>\n<link rel=\"canonical\" href=\"https:\/\/internetaddictsanonymous.org\/de\/dienstleistung\/\" \/>\n<meta property=\"og:locale\" content=\"de_DE\" \/>\n<meta property=\"og:type\" content=\"article\" \/>\n<meta property=\"og:title\" content=\"A Guide to Service &#8211; Internet and Technology Addicts Anonymous\" \/>\n<meta property=\"og:description\" content=\"One of our strongest tools in recovering is being of service to other addicts, as well as to our wider communities. ITAA is entirely a volunteer organization, with no paid professionals. Below are some suggestions for how you might be of service in ITAA. You can also find see our currently open service positions for &hellip; A Guide to Service weiterlesen\" \/>\n<meta property=\"og:url\" content=\"https:\/\/internetaddictsanonymous.org\/de\/dienstleistung\/\" \/>\n<meta property=\"og:site_name\" content=\"Internet and Technology Addicts Anonymous\" \/>\n<meta property=\"article:modified_time\" content=\"2023-01-14T12:03:14+00:00\" \/>\n<meta name=\"twitter:card\" content=\"summary_large_image\" \/>\n<meta name=\"twitter:label1\" content=\"Gesch\u00e4tzte Lesezeit\" \/>\n\t<meta name=\"twitter:data1\" content=\"4\u00a0Minuten\" \/>\n<script type=\"application\/ld+json\" class=\"yoast-schema-graph\">{\"@context\":\"https:\\\/\\\/schema.org\",\"@graph\":[{\"@type\":\"WebPage\",\"@id\":\"https:\\\/\\\/internetaddictsanonymous.org\\\/service\\\/\",\"url\":\"https:\\\/\\\/internetaddictsanonymous.org\\\/service\\\/\",\"name\":\"A Guide to Service &#8211; Internet and Technology Addicts Anonymous\",\"isPartOf\":{\"@id\":\"https:\\\/\\\/internetaddictsanonymous.org\\\/#website\"},\"datePublished\":\"2020-05-03T13:30:03+00:00\",\"dateModified\":\"2023-01-14T12:03:14+00:00\",\"breadcrumb\":{\"@id\":\"https:\\\/\\\/internetaddictsanonymous.org\\\/service\\\/#breadcrumb\"},\"inLanguage\":\"de\",\"potentialAction\":[{\"@type\":\"ReadAction\",\"target\":[\"https:\\\/\\\/internetaddictsanonymous.org\\\/service\\\/\"]}]},{\"@type\":\"BreadcrumbList\",\"@id\":\"https:\\\/\\\/internetaddictsanonymous.org\\\/service\\\/#breadcrumb\",\"itemListElement\":[{\"@type\":\"ListItem\",\"position\":1,\"name\":\"Home\",\"item\":\"https:\\\/\\\/internetaddictsanonymous.org\\\/\"},{\"@type\":\"ListItem\",\"position\":2,\"name\":\"A Guide to Service\"}]},{\"@type\":\"WebSite\",\"@id\":\"https:\\\/\\\/internetaddictsanonymous.org\\\/#website\",\"url\":\"https:\\\/\\\/internetaddictsanonymous.org\\\/\",\"name\":\"Internet and Technology Addicts Anonymous\",\"description\":\"Worldwide 12-step Fellowship for Internet and Technology Addiction\",\"publisher\":{\"@id\":\"https:\\\/\\\/internetaddictsanonymous.org\\\/#organization\"},\"potentialAction\":[{\"@type\":\"SearchAction\",\"target\":{\"@type\":\"EntryPoint\",\"urlTemplate\":\"https:\\\/\\\/internetaddictsanonymous.org\\\/?s={search_term_string}\"},\"query-input\":{\"@type\":\"PropertyValueSpecification\",\"valueRequired\":true,\"valueName\":\"search_term_string\"}}],\"inLanguage\":\"de\"},{\"@type\":\"Organization\",\"@id\":\"https:\\\/\\\/internetaddictsanonymous.org\\\/#organization\",\"name\":\"Internet and Technology Addicts Anonymous\",\"url\":\"https:\\\/\\\/internetaddictsanonymous.org\\\/\",\"logo\":{\"@type\":\"ImageObject\",\"inLanguage\":\"de\",\"@id\":\"https:\\\/\\\/internetaddictsanonymous.org\\\/#\\\/schema\\\/logo\\\/image\\\/\",\"url\":\"https:\\\/\\\/internetaddictsanonymous.org\\\/wp-content\\\/uploads\\\/2023\\\/01\\\/cropped-ITAA-logo-480px.png\",\"contentUrl\":\"https:\\\/\\\/internetaddictsanonymous.org\\\/wp-content\\\/uploads\\\/2023\\\/01\\\/cropped-ITAA-logo-480px.png\",\"width\":480,\"height\":480,\"caption\":\"Internet and Technology Addicts Anonymous\"},\"image\":{\"@id\":\"https:\\\/\\\/internetaddictsanonymous.org\\\/#\\\/schema\\\/logo\\\/image\\\/\"}}]}<\/script>\n<!-- \/ Yoast SEO plugin. -->","yoast_head_json":{"title":"Ein Leitfaden f\u00fcr Service - Anonyme Internet- und Technologies\u00fcchtige","robots":{"index":"index","follow":"follow","max-snippet":"max-snippet:-1","max-image-preview":"max-image-preview:large","max-video-preview":"max-video-preview:-1"},"canonical":"https:\/\/internetaddictsanonymous.org\/de\/dienstleistung\/","og_locale":"de_DE","og_type":"article","og_title":"A Guide to Service &#8211; Internet and Technology Addicts Anonymous","og_description":"One of our strongest tools in recovering is being of service to other addicts, as well as to our wider communities. ITAA is entirely a volunteer organization, with no paid professionals. Below are some suggestions for how you might be of service in ITAA. You can also find see our currently open service positions for &hellip; A Guide to Service weiterlesen","og_url":"https:\/\/internetaddictsanonymous.org\/de\/dienstleistung\/","og_site_name":"Internet and Technology Addicts Anonymous","article_modified_time":"2023-01-14T12:03:14+00:00","twitter_card":"summary_large_image","twitter_misc":{"Gesch\u00e4tzte Lesezeit":"4\u00a0Minuten"},"schema":{"@context":"https:\/\/schema.org","@graph":[{"@type":"WebPage","@id":"https:\/\/internetaddictsanonymous.org\/service\/","url":"https:\/\/internetaddictsanonymous.org\/service\/","name":"Ein Leitfaden f\u00fcr Service - Anonyme Internet- und Technologies\u00fcchtige","isPartOf":{"@id":"https:\/\/internetaddictsanonymous.org\/#website"},"datePublished":"2020-05-03T13:30:03+00:00","dateModified":"2023-01-14T12:03:14+00:00","breadcrumb":{"@id":"https:\/\/internetaddictsanonymous.org\/service\/#breadcrumb"},"inLanguage":"de","potentialAction":[{"@type":"ReadAction","target":["https:\/\/internetaddictsanonymous.org\/service\/"]}]},{"@type":"BreadcrumbList","@id":"https:\/\/internetaddictsanonymous.org\/service\/#breadcrumb","itemListElement":[{"@type":"ListItem","position":1,"name":"Home","item":"https:\/\/internetaddictsanonymous.org\/"},{"@type":"ListItem","position":2,"name":"A Guide to Service"}]},{"@type":"WebSite","@id":"https:\/\/internetaddictsanonymous.org\/#website","url":"https:\/\/internetaddictsanonymous.org\/","name":"Die anonymen Internet- und Technologies\u00fcchtigen","description":"Weltweite 12-Schritte-Gemeinschaft f\u00fcr Internet- und Techniksucht","publisher":{"@id":"https:\/\/internetaddictsanonymous.org\/#organization"},"potentialAction":[{"@type":"SearchAction","target":{"@type":"EntryPoint","urlTemplate":"https:\/\/internetaddictsanonymous.org\/?s={search_term_string}"},"query-input":{"@type":"PropertyValueSpecification","valueRequired":true,"valueName":"search_term_string"}}],"inLanguage":"de"},{"@type":"Organization","@id":"https:\/\/internetaddictsanonymous.org\/#organization","name":"Die anonymen Internet- und Technologies\u00fcchtigen","url":"https:\/\/internetaddictsanonymous.org\/","logo":{"@type":"ImageObject","inLanguage":"de","@id":"https:\/\/internetaddictsanonymous.org\/#\/schema\/logo\/image\/","url":"https:\/\/internetaddictsanonymous.org\/wp-content\/uploads\/2023\/01\/cropped-ITAA-logo-480px.png","contentUrl":"https:\/\/internetaddictsanonymous.org\/wp-content\/uploads\/2023\/01\/cropped-ITAA-logo-480px.png","width":480,"height":480,"caption":"Internet and Technology Addicts Anonymous"},"image":{"@id":"https:\/\/internetaddictsanonymous.org\/#\/schema\/logo\/image\/"}}]}},"jetpack_sharing_enabled":true,"jetpack_shortlink":"https:\/\/wp.me\/P9Fwob-2Li","_links":{"self":[{"href":"https:\/\/internetaddictsanonymous.org\/de\/wp-json\/wp\/v2\/pages\/10620","targetHints":{"allow":["GET"]}}],"collection":[{"href":"https:\/\/internetaddictsanonymous.org\/de\/wp-json\/wp\/v2\/pages"}],"about":[{"href":"https:\/\/internetaddictsanonymous.org\/de\/wp-json\/wp\/v2\/types\/page"}],"author":[{"embeddable":true,"href":"https:\/\/internetaddictsanonymous.org\/de\/wp-json\/wp\/v2\/users\/35194237"}],"replies":[{"embeddable":true,"href":"https:\/\/internetaddictsanonymous.org\/de\/wp-json\/wp\/v2\/comments?post=10620"}],"version-history":[{"count":22,"href":"https:\/\/internetaddictsanonymous.org\/de\/wp-json\/wp\/v2\/pages\/10620\/revisions"}],"predecessor-version":[{"id":14799,"href":"https:\/\/internetaddictsanonymous.org\/de\/wp-json\/wp\/v2\/pages\/10620\/revisions\/14799"}],"wp:attachment":[{"href":"https:\/\/internetaddictsanonymous.org\/de\/wp-json\/wp\/v2\/media?parent=10620"}],"wp:term":[{"taxonomy":"post_tag","embeddable":true,"href":"https:\/\/internetaddictsanonymous.org\/de\/wp-json\/wp\/v2\/tags?post=10620"}],"curies":[{"name":"wp","href":"https:\/\/api.w.org\/{rel}","templated":true}]}}