{"id":10858,"date":"2020-05-31T09:19:27","date_gmt":"2020-05-31T09:19:27","guid":{"rendered":"https:\/\/internetaddictsanonymous.org\/?page_id=10858"},"modified":"2026-04-24T12:56:41","modified_gmt":"2026-04-24T19:56:41","slug":"ankundigungen-und-service-bulletin-board","status":"publish","type":"page","link":"https:\/\/internetaddictsanonymous.org\/de\/announcements-and-service-bulletin-board\/","title":{"rendered":"Pinnwand f\u00fcr Ank\u00fcndigungen"},"content":{"rendered":"<p>Dies ist eine regelm\u00e4\u00dfig aktualisierte Pinnwand mit Ank\u00fcndigungen f\u00fcr ITAA als Ganzes.<br><a href=\"https:\/\/internetaddictsanonymous.org\/de\/ankundigungen-archiv\/\">Ank\u00fcndigungen Schwarzes Brett Archiv<\/a><\/p>\n\n\n\n<p><strong>Ank\u00fcndigungen<\/strong><\/p>\n\n\n\n<p><br>Vielen Dank an alle, die Entw\u00fcrfe f\u00fcr den T-Shirt-Wettbewerb der Nordamerikanischen Convention 2026 eingereicht haben! Wir laden alle Mitglieder ein, uns Feedback zu geben, damit die K\u00fcnstler ihre Arbeiten vor der endg\u00fcltigen Abstimmung noch verbessern k\u00f6nnen. Bitte reichen Sie Ihre Beitr\u00e4ge bis Sonntag, den 26. April, ein. <a href=\"https:\/\/forms.gle\/52E3K5pGMH5PfoSCA\" target=\"_blank\" rel=\"noreferrer noopener\">https:\/\/forms.gle\/52E3K5pGMH5PfoSCA<\/a><\/p>\n\n\n\n<p>Au\u00dferdem wurde das Bestellformular f\u00fcr die NAC3-T-Shirts wieder ge\u00f6ffnet und die Frist bis zum 31. Mai verl\u00e4ngert:&nbsp;<a href=\"https:\/\/bit.ly\/NAC3Shirt\">https:\/\/bit.ly\/NAC3Shirt<\/a><\/p>\n\n\n\n<p class=\"has-text-align-center\">-~-<\/p>\n\n\n\n<p>Die NAC3-Auktionsparty-Spendenaktion endet am Sonntag, den 26. April um 23:59 Uhr! Geben Sie Ihre Gebote bald ab! <a href=\"https:\/\/www.zeffy.com\/en-US\/ticketing\/itaa-naccs-auction-fundraiser-nac-night--3\">https:\/\/www.zeffy.com\/en-US\/ticketing\/itaa-naccs-auction-fundraiser-nac-night&#8211;3<\/a> <br>Und au\u00dferdem sind Pendlertickets jetzt erh\u00e4ltlich \u2013 Sie finden sie auf unserer Webseite: <a href=\"https:\/\/bit.ly\/4tAXMcr\">https:\/\/bit.ly\/4tAXMcr<\/a><\/p>\n<!-- PMB print buttons is only displayed on a single post\/page URLs-->","protected":false},"excerpt":{"rendered":"<p>This is a regularly updated bulletin board with announcements pertaining to ITAA as a whole.Announcements Bulletin Board Archive Announcements Thank you to everyone who submitted designs for the 2026 North American Convention T-shirt Contest! We invite the fellowship to share feedback to help artists refine their work before the final vote. Please submit your input &hellip; <a href=\"https:\/\/internetaddictsanonymous.org\/de\/announcements-and-service-bulletin-board\/\" class=\"more-link\"><span class=\"screen-reader-text\">Pinnwand f\u00fcr Ank\u00fcndigungen<\/span> weiterlesen<\/a><\/p>","protected":false},"author":35194237,"featured_media":0,"parent":0,"menu_order":0,"comment_status":"closed","ping_status":"closed","template":"full-width-page.php","meta":{"inline_featured_image":false,"_lmt_disableupdate":"no","_lmt_disable":"","footnotes":""},"tags":[],"class_list":["post-10858","page","type-page","status-publish","hentry"],"yoast_head":"<!-- This site is optimized with the Yoast SEO plugin v27.5 - https:\/\/yoast.com\/product\/yoast-seo-wordpress\/ -->\n<title>Announcements Bulletin Board &#8211; Internet and Technology Addicts Anonymous<\/title>\n<meta name=\"robots\" content=\"index, follow, max-snippet:-1, max-image-preview:large, max-video-preview:-1\" \/>\n<link rel=\"canonical\" href=\"https:\/\/internetaddictsanonymous.org\/de\/ankundigungen-und-service-bulletin-board\/\" \/>\n<meta property=\"og:locale\" content=\"de_DE\" \/>\n<meta property=\"og:type\" content=\"article\" \/>\n<meta property=\"og:title\" content=\"Announcements Bulletin Board &#8211; Internet and Technology Addicts Anonymous\" \/>\n<meta property=\"og:description\" content=\"This is a regularly updated bulletin board with announcements pertaining to ITAA as a whole.Announcements Bulletin Board Archive Announcements Thank you to everyone who submitted designs for the 2026 North American Convention T-shirt Contest! We invite the fellowship to share feedback to help artists refine their work before the final vote. Please submit your input &hellip; Announcements Bulletin Board weiterlesen\" \/>\n<meta property=\"og:url\" content=\"https:\/\/internetaddictsanonymous.org\/de\/ankundigungen-und-service-bulletin-board\/\" \/>\n<meta property=\"og:site_name\" content=\"Internet and Technology Addicts Anonymous\" \/>\n<meta property=\"article:modified_time\" content=\"2026-04-24T19:56:41+00:00\" \/>\n<meta name=\"twitter:card\" content=\"summary_large_image\" \/>\n<meta name=\"twitter:label1\" content=\"Gesch\u00e4tzte Lesezeit\" \/>\n\t<meta name=\"twitter:data1\" content=\"1\u00a0Minute\" \/>\n<script type=\"application\/ld+json\" class=\"yoast-schema-graph\">{\"@context\":\"https:\\\/\\\/schema.org\",\"@graph\":[{\"@type\":\"WebPage\",\"@id\":\"https:\\\/\\\/internetaddictsanonymous.org\\\/announcements-and-service-bulletin-board\\\/\",\"url\":\"https:\\\/\\\/internetaddictsanonymous.org\\\/announcements-and-service-bulletin-board\\\/\",\"name\":\"Announcements Bulletin Board &#8211; Internet and Technology Addicts Anonymous\",\"isPartOf\":{\"@id\":\"https:\\\/\\\/internetaddictsanonymous.org\\\/#website\"},\"datePublished\":\"2020-05-31T09:19:27+00:00\",\"dateModified\":\"2026-04-24T19:56:41+00:00\",\"breadcrumb\":{\"@id\":\"https:\\\/\\\/internetaddictsanonymous.org\\\/announcements-and-service-bulletin-board\\\/#breadcrumb\"},\"inLanguage\":\"de\",\"potentialAction\":[{\"@type\":\"ReadAction\",\"target\":[\"https:\\\/\\\/internetaddictsanonymous.org\\\/announcements-and-service-bulletin-board\\\/\"]}]},{\"@type\":\"BreadcrumbList\",\"@id\":\"https:\\\/\\\/internetaddictsanonymous.org\\\/announcements-and-service-bulletin-board\\\/#breadcrumb\",\"itemListElement\":[{\"@type\":\"ListItem\",\"position\":1,\"name\":\"Home\",\"item\":\"https:\\\/\\\/internetaddictsanonymous.org\\\/\"},{\"@type\":\"ListItem\",\"position\":2,\"name\":\"Announcements Bulletin Board\"}]},{\"@type\":\"WebSite\",\"@id\":\"https:\\\/\\\/internetaddictsanonymous.org\\\/#website\",\"url\":\"https:\\\/\\\/internetaddictsanonymous.org\\\/\",\"name\":\"Internet and Technology Addicts Anonymous\",\"description\":\"Worldwide 12-step Fellowship for Internet and Technology Addiction\",\"publisher\":{\"@id\":\"https:\\\/\\\/internetaddictsanonymous.org\\\/#organization\"},\"potentialAction\":[{\"@type\":\"SearchAction\",\"target\":{\"@type\":\"EntryPoint\",\"urlTemplate\":\"https:\\\/\\\/internetaddictsanonymous.org\\\/?s={search_term_string}\"},\"query-input\":{\"@type\":\"PropertyValueSpecification\",\"valueRequired\":true,\"valueName\":\"search_term_string\"}}],\"inLanguage\":\"de\"},{\"@type\":\"Organization\",\"@id\":\"https:\\\/\\\/internetaddictsanonymous.org\\\/#organization\",\"name\":\"Internet and Technology Addicts Anonymous\",\"url\":\"https:\\\/\\\/internetaddictsanonymous.org\\\/\",\"logo\":{\"@type\":\"ImageObject\",\"inLanguage\":\"de\",\"@id\":\"https:\\\/\\\/internetaddictsanonymous.org\\\/#\\\/schema\\\/logo\\\/image\\\/\",\"url\":\"https:\\\/\\\/internetaddictsanonymous.org\\\/wp-content\\\/uploads\\\/2023\\\/01\\\/cropped-ITAA-logo-480px.png\",\"contentUrl\":\"https:\\\/\\\/internetaddictsanonymous.org\\\/wp-content\\\/uploads\\\/2023\\\/01\\\/cropped-ITAA-logo-480px.png\",\"width\":480,\"height\":480,\"caption\":\"Internet and Technology Addicts Anonymous\"},\"image\":{\"@id\":\"https:\\\/\\\/internetaddictsanonymous.org\\\/#\\\/schema\\\/logo\\\/image\\\/\"}}]}<\/script>\n<!-- \/ Yoast SEO plugin. -->","yoast_head_json":{"title":"Bulletin Board f\u00fcr Ank\u00fcndigungen - Internet and Technology Addicts Anonymous","robots":{"index":"index","follow":"follow","max-snippet":"max-snippet:-1","max-image-preview":"max-image-preview:large","max-video-preview":"max-video-preview:-1"},"canonical":"https:\/\/internetaddictsanonymous.org\/de\/ankundigungen-und-service-bulletin-board\/","og_locale":"de_DE","og_type":"article","og_title":"Announcements Bulletin Board &#8211; Internet and Technology Addicts Anonymous","og_description":"This is a regularly updated bulletin board with announcements pertaining to ITAA as a whole.Announcements Bulletin Board Archive Announcements Thank you to everyone who submitted designs for the 2026 North American Convention T-shirt Contest! We invite the fellowship to share feedback to help artists refine their work before the final vote. Please submit your input &hellip; Announcements Bulletin Board weiterlesen","og_url":"https:\/\/internetaddictsanonymous.org\/de\/ankundigungen-und-service-bulletin-board\/","og_site_name":"Internet and Technology Addicts Anonymous","article_modified_time":"2026-04-24T19:56:41+00:00","twitter_card":"summary_large_image","twitter_misc":{"Gesch\u00e4tzte Lesezeit":"1\u00a0Minute"},"schema":{"@context":"https:\/\/schema.org","@graph":[{"@type":"WebPage","@id":"https:\/\/internetaddictsanonymous.org\/announcements-and-service-bulletin-board\/","url":"https:\/\/internetaddictsanonymous.org\/announcements-and-service-bulletin-board\/","name":"Bulletin Board f\u00fcr Ank\u00fcndigungen - Internet and Technology Addicts Anonymous","isPartOf":{"@id":"https:\/\/internetaddictsanonymous.org\/#website"},"datePublished":"2020-05-31T09:19:27+00:00","dateModified":"2026-04-24T19:56:41+00:00","breadcrumb":{"@id":"https:\/\/internetaddictsanonymous.org\/announcements-and-service-bulletin-board\/#breadcrumb"},"inLanguage":"de","potentialAction":[{"@type":"ReadAction","target":["https:\/\/internetaddictsanonymous.org\/announcements-and-service-bulletin-board\/"]}]},{"@type":"BreadcrumbList","@id":"https:\/\/internetaddictsanonymous.org\/announcements-and-service-bulletin-board\/#breadcrumb","itemListElement":[{"@type":"ListItem","position":1,"name":"Home","item":"https:\/\/internetaddictsanonymous.org\/"},{"@type":"ListItem","position":2,"name":"Announcements Bulletin Board"}]},{"@type":"WebSite","@id":"https:\/\/internetaddictsanonymous.org\/#website","url":"https:\/\/internetaddictsanonymous.org\/","name":"Die anonymen Internet- und Technologies\u00fcchtigen","description":"Weltweite 12-Schritte-Gemeinschaft f\u00fcr Internet- und Techniksucht","publisher":{"@id":"https:\/\/internetaddictsanonymous.org\/#organization"},"potentialAction":[{"@type":"SearchAction","target":{"@type":"EntryPoint","urlTemplate":"https:\/\/internetaddictsanonymous.org\/?s={search_term_string}"},"query-input":{"@type":"PropertyValueSpecification","valueRequired":true,"valueName":"search_term_string"}}],"inLanguage":"de"},{"@type":"Organization","@id":"https:\/\/internetaddictsanonymous.org\/#organization","name":"Die anonymen Internet- und Technologies\u00fcchtigen","url":"https:\/\/internetaddictsanonymous.org\/","logo":{"@type":"ImageObject","inLanguage":"de","@id":"https:\/\/internetaddictsanonymous.org\/#\/schema\/logo\/image\/","url":"https:\/\/internetaddictsanonymous.org\/wp-content\/uploads\/2023\/01\/cropped-ITAA-logo-480px.png","contentUrl":"https:\/\/internetaddictsanonymous.org\/wp-content\/uploads\/2023\/01\/cropped-ITAA-logo-480px.png","width":480,"height":480,"caption":"Internet and Technology Addicts Anonymous"},"image":{"@id":"https:\/\/internetaddictsanonymous.org\/#\/schema\/logo\/image\/"}}]}},"jetpack_sharing_enabled":true,"jetpack_shortlink":"https:\/\/wp.me\/P9Fwob-2P8","_links":{"self":[{"href":"https:\/\/internetaddictsanonymous.org\/de\/wp-json\/wp\/v2\/pages\/10858","targetHints":{"allow":["GET"]}}],"collection":[{"href":"https:\/\/internetaddictsanonymous.org\/de\/wp-json\/wp\/v2\/pages"}],"about":[{"href":"https:\/\/internetaddictsanonymous.org\/de\/wp-json\/wp\/v2\/types\/page"}],"author":[{"embeddable":true,"href":"https:\/\/internetaddictsanonymous.org\/de\/wp-json\/wp\/v2\/users\/35194237"}],"replies":[{"embeddable":true,"href":"https:\/\/internetaddictsanonymous.org\/de\/wp-json\/wp\/v2\/comments?post=10858"}],"version-history":[{"count":99,"href":"https:\/\/internetaddictsanonymous.org\/de\/wp-json\/wp\/v2\/pages\/10858\/revisions"}],"predecessor-version":[{"id":21249,"href":"https:\/\/internetaddictsanonymous.org\/de\/wp-json\/wp\/v2\/pages\/10858\/revisions\/21249"}],"wp:attachment":[{"href":"https:\/\/internetaddictsanonymous.org\/de\/wp-json\/wp\/v2\/media?parent=10858"}],"wp:term":[{"taxonomy":"post_tag","embeddable":true,"href":"https:\/\/internetaddictsanonymous.org\/de\/wp-json\/wp\/v2\/tags?post=10858"}],"curies":[{"name":"wp","href":"https:\/\/api.w.org\/{rel}","templated":true}]}}