{"id":11348,"date":"2020-07-12T07:06:35","date_gmt":"2020-07-12T07:06:35","guid":{"rendered":"https:\/\/internetaddictsanonymous.org\/?page_id=11348"},"modified":"2025-09-14T11:35:18","modified_gmt":"2025-09-14T18:35:18","slug":"offene-dienststellen","status":"publish","type":"page","link":"https:\/\/internetaddictsanonymous.org\/de\/open-service-positions\/","title":{"rendered":"Dienststellen und Gremien"},"content":{"rendered":"<p>Vielen Dank f\u00fcr Ihr Interesse an einem Dienst auf der Ebene der Gemeinschaft in der ITAA! Dienst ist nicht nur ein unsch\u00e4tzbares Werkzeug f\u00fcr unsere eigene Genesung, sondern hilft auch der gesamten ITAA-Gemeinschaft - von den Neuank\u00f6mmlingen bei ihrem ersten Treffen bis zu den alten Hasen, den Gruppen und der Gemeinschaft als Ganzes. Im Folgenden finden Sie eine Liste unserer internationalen Dienstpositionen und Komitees.<\/p>\n\n\n\n<p><strong>Kommende ITAA-Ausschusssitzungen und internationale Service-Treffen<\/strong><\/p>\n\n\n<p><iframe style=\"height: 600px; width: 100%;\" src=\"https:\/\/teamup.com\/ks4ag6i7z1xynrk5ra?view=m&amp;showHeader=0&amp;showLogo=0&amp;showTitle=0&amp;showSidepanel=0&amp;showViewSelector=1\" width=\"100%\" height=\"600\" frameborder=\"0\"><\/iframe><\/p>\n\n\n<h5 class=\"wp-block-heading\" id=\"fellowship-level\"><strong>Servicepositionen auf Fellowship-Ebene <\/strong><\/h5>\n\n\n\n<ul class=\"wp-block-list\">\n<li><strong>Vorsitzende<\/strong>Die Internationalen Diensttreffen (ISM) werden von zwei Co-Vorsitzenden geleitet, die jeweils f\u00fcr ein Jahr gew\u00e4hlt werden. Jeder Co-Vorsitzende organisiert alle zwei Monate ein ISM. Zu den Aufgaben der Vorsitzenden geh\u00f6ren die Leitung des ISM sowie die Aktualisierung und Pflege der schriftlichen Richtlinien. Sie arbeiten mit den Sekret\u00e4ren zusammen, um die Tagesordnung festzulegen. <strong>Wenn Sie Interesse haben, den Vorsitz zu \u00fcbernehmen, senden Sie bitte eine E-Mail an secretaries.itaa@gmail.com oder nehmen Sie an einer der n\u00e4chsten ISM teil.<\/strong><br><br><\/li>\n\n\n\n<li><strong>Sekret\u00e4re<\/strong>Es gibt zwei Ko-Sekret\u00e4re f\u00fcr die Internationalen Diensttreffen (ISM), die jeweils f\u00fcr ein Jahr gew\u00e4hlt werden. Jeder Ko-Sekret\u00e4r leitet alle zwei Monate ein ISM. Die Sekret\u00e4re protokollieren die Treffen und erstellen die Tagesordnung. Sie arbeiten mit den Vorsitzenden zusammen, um die Tagesordnung zu finalisieren. <strong>Wenn Sie daran interessiert sind, Ko-Sekret\u00e4r zu werden, senden Sie bitte eine E-Mail an secretaries.itaa@gmail.com oder nehmen Sie an einer der n\u00e4chsten ISM teil.<\/strong><br><br><\/li>\n\n\n\n<li><strong>Co-Webmaster<\/strong>: Die ITAA hat mindestens 2 Co-Webmaster (es k\u00f6nnen aber auch mehr als 2 sein), die f\u00fcr eine Amtszeit von bis zu 2 Jahren gew\u00e4hlt werden k\u00f6nnen (k\u00fcrzere Amtszeiten sind auch akzeptabel). Die Co-Webmaster pflegen, aktualisieren und modifizieren die ITAA-Webseite im Dienste des Bewusstseins der Gemeinschaftsgruppe. Die Co-Webmaster verwalten auch die Zoom-Konten der ITAA, das Google Ads-Konto und den Sitzungskalender. Die Co-Webmaster sind befugt, kleinere \u00c4nderungen an der Website vorzunehmen, die im Sinne der bestehenden Website sind. Alle drastischen \u00c4nderungen, neue Abschnitte oder wesentliche Meinungsverschiedenheiten k\u00f6nnen an das ISM weitergeleitet werden. <strong>Wenn Sie daran interessiert sind, Co-Webmaster zu werden, senden Sie bitte eine E-Mail an webmaster.itaa@gmail.com.<\/strong><br><br> <\/li>\n\n\n\n<li><strong>Mit-Schatzmeister<\/strong>Es gibt zwei Schatzmeister, die f\u00fcr eine Amtszeit von zw\u00f6lf Monaten gew\u00e4hlt werden. Die Schatzmeister f\u00fchren die Konten der ITAA und erfassen alle Ausgaben und Spenden. Sie legen den Internationalen Service-Meetings in der Regel am dritten Wochenende jedes Monats einen Bericht vor. Die Schatzmeister sind nicht befugt, eigenst\u00e4ndig \u00fcber Ausgaben zu entscheiden. Jede neue Ausgabe muss vom Internationalen Service-Meeting beschlossen werden. <strong>Wenn Sie Interesse an der Position des Co-Schatzmeisters haben, senden Sie bitte eine E-Mail an itaa.business@gmail.com.<\/strong><br><br><\/li>\n\n\n\n<li><strong>E-Mail-Beantworter<\/strong>Die E-Mail-Betreuer der ITAA helfen bei der Beantwortung allgemeiner Anfragen, die \u00fcber die ITAA-Website eingehen. Dies umfasst die Bereitstellung von Informationen \u00fcber die ITAA, unseren Veranstaltungskalender, die Ressourcen auf unserer Website oder die Weiterleitung von Nachrichten an andere vertrauensw\u00fcrdige Ansprechpartner (z. B. die Sekret\u00e4re, Webmaster, ein bestimmtes Komitee oder eine bestimmte Gruppe). Der w\u00f6chentliche Zeitaufwand f\u00fcr jeden E-Mail-Betreuer betr\u00e4gt in der Regel 15 bis 30 Minuten. E-Mail-Betreuer m\u00fcssen mindestens drei Monate Mitglied der ITAA sein, und jeder gew\u00e4hlte E-Mail-Betreuer kann seine Amtszeit zwischen drei Monaten und zwei Jahren selbst bestimmen. <strong>Wenn Sie daran interessiert sind, ein E-Mail-Responder zu werden, senden Sie bitte eine E-Mail an internetandtechaa@gmail.com<span style=\"color: initial; font-family: -apple-system, BlinkMacSystemFont, &quot;Segoe UI&quot;, Roboto, Oxygen-Sans, Ubuntu, Cantarell, &quot;Helvetica Neue&quot;, sans-serif;\">.<\/span><\/strong><br><br><\/li>\n\n\n\n<li><strong>Group Service Representative (GSRs)<\/strong>: Die GSRs werden von den Gruppen gew\u00e4hlt, um sie bei den Internationalen Diensttreffen der ITAA zu vertreten, und sie stellen sicher, dass die Stimmen unserer Gruppen geh\u00f6rt werden, wenn Entscheidungen auf Gemeinschaftsebene getroffen werden. Die Gruppen werden ermutigt, Gruppengewissensversammlungen abzuhalten, um GSRs zu w\u00e4hlen und die Dienstanforderungen, Verantwortlichkeiten und die Dauer der Amtszeit festzulegen. Die folgende Quelle enth\u00e4lt weitere Informationen \u00fcber GSRs:<br><a href=\"https:\/\/internetaddictsanonymous.org\/de\/gsr\/\" target=\"_blank\" rel=\"noreferrer noopener\">Was ist ein \u201eGroup Service Representative - Gruppendienst-Repr\u00e4sentant*in\u201c bei ITAA?<\/a><br><\/li>\n<\/ul>\n\n\n\n<h5 class=\"wp-block-heading\" id=\"fellowship-level\">Fellowship-Level<strong> Aussch\u00fcsse<\/strong><\/h5>\n\n\n\n<ul class=\"wp-block-list\">\n<li><strong>Rechts- und Finanzausschuss<\/strong>Dieser Ausschuss er\u00f6rtert rechtliche und finanzielle Fragen, die f\u00fcr die ITAA-Mitgliedschaft als Ganzes relevant sind, entwickelt und unterbreitet L\u00f6sungsans\u00e4tze zur Pr\u00fcfung durch das ISM, arbeitet bei Bedarf mit Anw\u00e4lten, Wirtschaftspr\u00fcfern und anderen relevanten Fachleuten zusammen und erstellt Materialien und Ressourcen zu rechtlichen und finanziellen Themen, die Gruppen und Einzelmitglieder unterst\u00fctzen k\u00f6nnen. Die Teilnahme steht allen offen. <strong>Wenn Sie Interesse an einer Mitarbeit haben, senden Sie bitte eine E-Mail an legalaffairs.itaa@gmail.com.<\/strong><br><br><\/li>\n\n\n\n<li><strong>Komitee f\u00fcr Literatur<\/strong>: Das Literaturkomitee verfasst lange und gedruckte Literatur, um das Hauptziel unserer Gemeinschaft zu unterst\u00fctzen. Die Teilnahme ist f\u00fcr alle offen. Wenn Sie aufgrund von Zeitzonenproblemen nicht an einem Treffen teilnehmen k\u00f6nnen, wenden Sie sich bitte an die Kontaktperson. Wir schreiben zur Zeit unser erstes ITAA-Buch und suchen Genesungsgeschichten von Mitgliedern, die mindestens 6 Monate in der ITAA sind, stabile N\u00fcchternheit haben und die Schritte arbeiten - weitere Informationen finden Sie unter <a href=\"https:\/\/docs.google.com\/document\/d\/1WkjCP1kEapF_RhWaTpPk6nmuVHrNbohQVA2TJIpbDtQ\/edit?usp=sharing\">hier<\/a>. Jedes ITAA-Mitglied kann sich auch als Rezensent registrieren und Feedback zu den Entw\u00fcrfen unseres Buches geben. Den aktuellen Entwurf des Buches und die M\u00f6glichkeit, sich f\u00fcr regelm\u00e4\u00dfige Updates zu neuen Kapiteln anzumelden, finden Sie hier: <a href=\"https:\/\/forms.gle\/xUyrY5BUxropNELWA\">dieses Formular<\/a>. <strong>Bei Fragen oder Anmerkungen senden Sie bitte eine E-Mail an literature.itaa@gmail.com. <\/strong><br><br><\/li>\n\n\n\n<li><strong>Ausschuss f\u00fcr \u00d6ffentlichkeitsarbeit<\/strong>Dieses Komitee hat zwei Aufgabenbereiche: Organisatoren und Interviewpartner. Organisatoren bearbeiten eingehende Interviewanfragen, betreiben \u00d6ffentlichkeitsarbeit, erstellen und pflegen Informationsmaterialien f\u00fcr Journalisten und halten die International Service Meetings mit Berichten auf dem Laufenden. Jedes Mitglied ist herzlich eingeladen, Organisator zu werden und an unseren Treffen teilzunehmen. Interviewpartner sind Mitglieder, die benachrichtigt werden, sobald \u00fcber die Website eine Anfrage f\u00fcr ein Interview mit einem ITAA-Mitglied zu unserer Gemeinschaft oder unserem Genesungsprogramm eingeht. Um als Interviewpartner in Frage zu kommen, sollten Mitglieder seit mindestens f\u00fcnf Monaten Mitglied der ITAA sein, regelm\u00e4\u00dfig an Treffen teilnehmen, die Zw\u00f6lf Schritte anwenden und zumindest teilweise abstinent leben (nach eigener Definition). Komiteemitglieder k\u00f6nnen eine oder beide dieser Aufgaben \u00fcbernehmen. <strong>Wenn Sie Interesse haben, Teil des Public Relations Committee zu werden, senden Sie bitte eine E-Mail an inquiries.itaa@gmail.com.<\/strong> <strong>Wir ben\u00f6tigen weitere Organisatoren und Interviewpartner. Wenn Sie in Ihrer Region \u00d6ffentlichkeitsarbeit leisten m\u00f6chten, k\u00f6nnen Sie sich an unserer Brosch\u00fcre orientieren. <a href=\"https:\/\/docs.google.com\/document\/d\/1aRALvNCgyFK4UUpQHtJfsWbFT4WthLxQqeuzJhA2bM0\/edit?usp=sharing\">Vorlage f\u00fcr die \u00d6ffentlichkeitsarbeit<\/a>.<\/strong><br><\/li>\n<\/ul>\n\n\n\n<ul class=\"wp-block-list\">\n<li><strong>Unterausschuss SEO \/ Google Ads<\/strong>: Dieser Unterausschuss konzentriert sich auf die Verbesserung unserer Google-Anzeigen und der Suchmaschinenoptimierung, um sicherzustellen, dass unsere Gemeinschaft f\u00fcr diejenigen, die sie ben\u00f6tigen, so zug\u00e4nglich wie m\u00f6glich ist. Diese Gruppe ist ein Unterausschuss des Web Content Committee. <strong>Bei Fragen wenden Sie sich bitte per E-Mail an tomask.itaa@gmail.com.<\/strong><br><\/li>\n<\/ul>\n\n\n\n<ul class=\"wp-block-list\">\n<li><strong>Ausschuss f\u00fcr Webinhalte<\/strong>In diesem Komitee diskutieren, bearbeiten und verfassen wir Inhalte f\u00fcr unsere Website. Jedes Mitglied ist zur Teilnahme eingeladen. Voraussetzung f\u00fcr die Mitgliedschaft ist die Teilnahme an mindestens sechs ITAA-Treffen. Bei Fragen k\u00f6nnen Sie sich gerne per E-Mail an webcontent.itaa@gmail.com wenden.<br><br><\/li>\n\n\n\n<li><strong>Website-\u00dcbersetzung<\/strong>: Wenn Sie die ITAA-Website in eine andere Sprache \u00fcbersetzen m\u00f6chten, k\u00f6nnen Sie helfen, unsere Botschaft an nicht-englischsprachige S\u00fcchtige zu \u00fcbermitteln. <strong>Wenn Sie daran interessiert sind, bei der \u00dcbersetzung der Website zu helfen, senden Sie bitte eine E-Mail an webmaster.itaa@gmail.com<\/strong><\/li>\n<\/ul>\n<!-- PMB print buttons is only displayed on a single post\/page URLs-->","protected":false},"excerpt":{"rendered":"<p>Vielen Dank f\u00fcr Ihr Interesse, auf der Ebene der ITAA-Gemeinschaft mitzuhelfen! Der Dienst ist nicht nur ein unsch\u00e4tzbares Werkzeug f\u00fcr unsere eigene Genesung, er hilft auch der gesamten ITAA-Gemeinschaft \u2013 von Neulingen bei ihrem ersten Treffen \u00fcber alte Hasen bis hin zu den Gruppen und der Gemeinschaft als Ganzes. Nachfolgend finden Sie eine Liste unserer \u2026 <a href=\"https:\/\/internetaddictsanonymous.org\/de\/open-service-positions\/\" class=\"more-link\"><span class=\"screen-reader-text\">Dienststellen und Gremien<\/span> weiterlesen<\/a><\/p>","protected":false},"author":35194237,"featured_media":0,"parent":0,"menu_order":0,"comment_status":"closed","ping_status":"closed","template":"full-width-page.php","meta":{"inline_featured_image":false,"_lmt_disableupdate":"no","_lmt_disable":"","footnotes":""},"tags":[],"class_list":["post-11348","page","type-page","status-publish","hentry"],"yoast_head":"<!-- This site is optimized with the Yoast SEO plugin v27.5 - https:\/\/yoast.com\/product\/yoast-seo-wordpress\/ -->\n<title>Service Positions and Committees &#8211; Internet and Technology Addicts Anonymous<\/title>\n<meta name=\"robots\" content=\"index, follow, max-snippet:-1, max-image-preview:large, max-video-preview:-1\" \/>\n<link rel=\"canonical\" href=\"https:\/\/internetaddictsanonymous.org\/de\/offene-dienststellen\/\" \/>\n<meta property=\"og:locale\" content=\"de_DE\" \/>\n<meta property=\"og:type\" content=\"article\" \/>\n<meta property=\"og:title\" content=\"Service Positions and Committees &#8211; Internet and Technology Addicts Anonymous\" \/>\n<meta property=\"og:description\" content=\"Thank you for your interest in being of service at the fellowship level in ITAA! Service is not only an invaluable tool for our own recoveries, it also helps the entire ITAA fellowship\u2014from newcomers at their first meeting, to old-timers, to the groups, and the fellowship as a whole. Below is a list of our &hellip; Service Positions and Committees weiterlesen\" \/>\n<meta property=\"og:url\" content=\"https:\/\/internetaddictsanonymous.org\/de\/offene-dienststellen\/\" \/>\n<meta property=\"og:site_name\" content=\"Internet and Technology Addicts Anonymous\" \/>\n<meta property=\"article:modified_time\" content=\"2025-09-14T18:35:18+00:00\" \/>\n<meta name=\"twitter:card\" content=\"summary_large_image\" \/>\n<meta name=\"twitter:label1\" content=\"Gesch\u00e4tzte Lesezeit\" \/>\n\t<meta name=\"twitter:data1\" content=\"5\u00a0Minuten\" \/>\n<script type=\"application\/ld+json\" class=\"yoast-schema-graph\">{\"@context\":\"https:\\\/\\\/schema.org\",\"@graph\":[{\"@type\":\"WebPage\",\"@id\":\"https:\\\/\\\/internetaddictsanonymous.org\\\/open-service-positions\\\/\",\"url\":\"https:\\\/\\\/internetaddictsanonymous.org\\\/open-service-positions\\\/\",\"name\":\"Service Positions and Committees &#8211; Internet and Technology Addicts Anonymous\",\"isPartOf\":{\"@id\":\"https:\\\/\\\/internetaddictsanonymous.org\\\/#website\"},\"datePublished\":\"2020-07-12T07:06:35+00:00\",\"dateModified\":\"2025-09-14T18:35:18+00:00\",\"breadcrumb\":{\"@id\":\"https:\\\/\\\/internetaddictsanonymous.org\\\/open-service-positions\\\/#breadcrumb\"},\"inLanguage\":\"de\",\"potentialAction\":[{\"@type\":\"ReadAction\",\"target\":[\"https:\\\/\\\/internetaddictsanonymous.org\\\/open-service-positions\\\/\"]}]},{\"@type\":\"BreadcrumbList\",\"@id\":\"https:\\\/\\\/internetaddictsanonymous.org\\\/open-service-positions\\\/#breadcrumb\",\"itemListElement\":[{\"@type\":\"ListItem\",\"position\":1,\"name\":\"Home\",\"item\":\"https:\\\/\\\/internetaddictsanonymous.org\\\/\"},{\"@type\":\"ListItem\",\"position\":2,\"name\":\"Service Positions and Committees\"}]},{\"@type\":\"WebSite\",\"@id\":\"https:\\\/\\\/internetaddictsanonymous.org\\\/#website\",\"url\":\"https:\\\/\\\/internetaddictsanonymous.org\\\/\",\"name\":\"Internet and Technology Addicts Anonymous\",\"description\":\"Worldwide 12-step Fellowship for Internet and Technology Addiction\",\"publisher\":{\"@id\":\"https:\\\/\\\/internetaddictsanonymous.org\\\/#organization\"},\"potentialAction\":[{\"@type\":\"SearchAction\",\"target\":{\"@type\":\"EntryPoint\",\"urlTemplate\":\"https:\\\/\\\/internetaddictsanonymous.org\\\/?s={search_term_string}\"},\"query-input\":{\"@type\":\"PropertyValueSpecification\",\"valueRequired\":true,\"valueName\":\"search_term_string\"}}],\"inLanguage\":\"de\"},{\"@type\":\"Organization\",\"@id\":\"https:\\\/\\\/internetaddictsanonymous.org\\\/#organization\",\"name\":\"Internet and Technology Addicts Anonymous\",\"url\":\"https:\\\/\\\/internetaddictsanonymous.org\\\/\",\"logo\":{\"@type\":\"ImageObject\",\"inLanguage\":\"de\",\"@id\":\"https:\\\/\\\/internetaddictsanonymous.org\\\/#\\\/schema\\\/logo\\\/image\\\/\",\"url\":\"https:\\\/\\\/internetaddictsanonymous.org\\\/wp-content\\\/uploads\\\/2023\\\/01\\\/cropped-ITAA-logo-480px.png\",\"contentUrl\":\"https:\\\/\\\/internetaddictsanonymous.org\\\/wp-content\\\/uploads\\\/2023\\\/01\\\/cropped-ITAA-logo-480px.png\",\"width\":480,\"height\":480,\"caption\":\"Internet and Technology Addicts Anonymous\"},\"image\":{\"@id\":\"https:\\\/\\\/internetaddictsanonymous.org\\\/#\\\/schema\\\/logo\\\/image\\\/\"}}]}<\/script>\n<!-- \/ Yoast SEO plugin. -->","yoast_head_json":{"title":"Dienstpositionen und Komitees - Anonyme Internet- und Technologies\u00fcchtige","robots":{"index":"index","follow":"follow","max-snippet":"max-snippet:-1","max-image-preview":"max-image-preview:large","max-video-preview":"max-video-preview:-1"},"canonical":"https:\/\/internetaddictsanonymous.org\/de\/offene-dienststellen\/","og_locale":"de_DE","og_type":"article","og_title":"Service Positions and Committees &#8211; Internet and Technology Addicts Anonymous","og_description":"Thank you for your interest in being of service at the fellowship level in ITAA! Service is not only an invaluable tool for our own recoveries, it also helps the entire ITAA fellowship\u2014from newcomers at their first meeting, to old-timers, to the groups, and the fellowship as a whole. Below is a list of our &hellip; Service Positions and Committees weiterlesen","og_url":"https:\/\/internetaddictsanonymous.org\/de\/offene-dienststellen\/","og_site_name":"Internet and Technology Addicts Anonymous","article_modified_time":"2025-09-14T18:35:18+00:00","twitter_card":"summary_large_image","twitter_misc":{"Gesch\u00e4tzte Lesezeit":"5\u00a0Minuten"},"schema":{"@context":"https:\/\/schema.org","@graph":[{"@type":"WebPage","@id":"https:\/\/internetaddictsanonymous.org\/open-service-positions\/","url":"https:\/\/internetaddictsanonymous.org\/open-service-positions\/","name":"Dienstpositionen und Komitees - Anonyme Internet- und Technologies\u00fcchtige","isPartOf":{"@id":"https:\/\/internetaddictsanonymous.org\/#website"},"datePublished":"2020-07-12T07:06:35+00:00","dateModified":"2025-09-14T18:35:18+00:00","breadcrumb":{"@id":"https:\/\/internetaddictsanonymous.org\/open-service-positions\/#breadcrumb"},"inLanguage":"de","potentialAction":[{"@type":"ReadAction","target":["https:\/\/internetaddictsanonymous.org\/open-service-positions\/"]}]},{"@type":"BreadcrumbList","@id":"https:\/\/internetaddictsanonymous.org\/open-service-positions\/#breadcrumb","itemListElement":[{"@type":"ListItem","position":1,"name":"Home","item":"https:\/\/internetaddictsanonymous.org\/"},{"@type":"ListItem","position":2,"name":"Service Positions and Committees"}]},{"@type":"WebSite","@id":"https:\/\/internetaddictsanonymous.org\/#website","url":"https:\/\/internetaddictsanonymous.org\/","name":"Die anonymen Internet- und Technologies\u00fcchtigen","description":"Weltweite 12-Schritte-Gemeinschaft f\u00fcr Internet- und Techniksucht","publisher":{"@id":"https:\/\/internetaddictsanonymous.org\/#organization"},"potentialAction":[{"@type":"SearchAction","target":{"@type":"EntryPoint","urlTemplate":"https:\/\/internetaddictsanonymous.org\/?s={search_term_string}"},"query-input":{"@type":"PropertyValueSpecification","valueRequired":true,"valueName":"search_term_string"}}],"inLanguage":"de"},{"@type":"Organization","@id":"https:\/\/internetaddictsanonymous.org\/#organization","name":"Die anonymen Internet- und Technologies\u00fcchtigen","url":"https:\/\/internetaddictsanonymous.org\/","logo":{"@type":"ImageObject","inLanguage":"de","@id":"https:\/\/internetaddictsanonymous.org\/#\/schema\/logo\/image\/","url":"https:\/\/internetaddictsanonymous.org\/wp-content\/uploads\/2023\/01\/cropped-ITAA-logo-480px.png","contentUrl":"https:\/\/internetaddictsanonymous.org\/wp-content\/uploads\/2023\/01\/cropped-ITAA-logo-480px.png","width":480,"height":480,"caption":"Internet and Technology Addicts Anonymous"},"image":{"@id":"https:\/\/internetaddictsanonymous.org\/#\/schema\/logo\/image\/"}}]}},"jetpack_sharing_enabled":true,"jetpack_shortlink":"https:\/\/wp.me\/P9Fwob-2X2","_links":{"self":[{"href":"https:\/\/internetaddictsanonymous.org\/de\/wp-json\/wp\/v2\/pages\/11348","targetHints":{"allow":["GET"]}}],"collection":[{"href":"https:\/\/internetaddictsanonymous.org\/de\/wp-json\/wp\/v2\/pages"}],"about":[{"href":"https:\/\/internetaddictsanonymous.org\/de\/wp-json\/wp\/v2\/types\/page"}],"author":[{"embeddable":true,"href":"https:\/\/internetaddictsanonymous.org\/de\/wp-json\/wp\/v2\/users\/35194237"}],"replies":[{"embeddable":true,"href":"https:\/\/internetaddictsanonymous.org\/de\/wp-json\/wp\/v2\/comments?post=11348"}],"version-history":[{"count":99,"href":"https:\/\/internetaddictsanonymous.org\/de\/wp-json\/wp\/v2\/pages\/11348\/revisions"}],"predecessor-version":[{"id":20440,"href":"https:\/\/internetaddictsanonymous.org\/de\/wp-json\/wp\/v2\/pages\/11348\/revisions\/20440"}],"wp:attachment":[{"href":"https:\/\/internetaddictsanonymous.org\/de\/wp-json\/wp\/v2\/media?parent=11348"}],"wp:term":[{"taxonomy":"post_tag","embeddable":true,"href":"https:\/\/internetaddictsanonymous.org\/de\/wp-json\/wp\/v2\/tags?post=11348"}],"curies":[{"name":"wp","href":"https:\/\/api.w.org\/{rel}","templated":true}]}}