{"id":11546,"date":"2020-08-09T09:08:29","date_gmt":"2020-08-09T09:08:29","guid":{"rendered":"https:\/\/internetaddictsanonymous.org\/?page_id=11546"},"modified":"2023-01-08T17:20:27","modified_gmt":"2023-01-08T22:20:27","slug":"zuganglichkeit","status":"publish","type":"page","link":"https:\/\/internetaddictsanonymous.org\/de\/accessibility\/","title":{"rendered":"Barrierefreiheit"},"content":{"rendered":"<p>Unsere dritte Tradition besagt, dass die einzige Voraussetzung f\u00fcr eine Mitgliedschaft der Wunsch ist, die zwanghafte Nutzung von Internet und Technologie einzustellen. Die ITAA als Ganzes begr\u00fc\u00dft geh\u00f6rlose Internetabh\u00e4ngige, die unser Programm ben\u00f6tigen. Die ITAA ermutigt alle, die eine Geb\u00e4rdensprachdolmetschung ben\u00f6tigen, an Meetings (offen oder geschlossen) mit ihrem Dolmetscher teilzunehmen. Bevor die Besprechung beginnt, k\u00f6nnen Sie sich bei der Meetingsleitung erkundigen, ob Probleme mit der Anwesenheit eines nicht s\u00fcchtigen Dolmetschers bei dem Meeting auftreten. Die Gruppe muss m\u00f6glicherweise zustimmen, dass sich alle anderen Anwesenden damit sicher f\u00fchlen. <\/p>\n\n\n\n<p>Jeder kann ein Meeting beginnen, und wir unterst\u00fctzen die Erstellung eines neuen Meetings in Geb\u00e4rdensprache. <\/p>\n\n\n\n<p>Wenn Du Fragen zur Barrierefreiheit, zu Meetings oder zum Starten eines neuen Meetings hast, schreib uns bitte \u00fcber unserer <a href=\"https:\/\/internetaddictsanonymous.org\/de\/kontakt\/\">Kontaktformular<\/a>.<\/p>\n<!-- PMB print buttons is only displayed on a single post\/page URLs-->","protected":false},"excerpt":{"rendered":"<p>Unsere dritte Tradition besagt, dass unsere einzige Voraussetzung f\u00fcr die Mitgliedschaft der Wunsch ist, das Internet und die Technologie nicht mehr zwanghaft zu nutzen, und die ITAA als Ganzes hei\u00dft geh\u00f6rlose Internets\u00fcchtige willkommen, die unser Programm brauchen. ITAA ermutigt jeden, der Geb\u00e4rdensprachdolmetschen ben\u00f6tigt, mit seinem Dolmetscher an Meetings (ob offen oder geschlossen) teilzunehmen. Bevor das Meeting beginnt, \u2026 <a href=\"https:\/\/internetaddictsanonymous.org\/de\/accessibility\/\" class=\"more-link\"><span class=\"screen-reader-text\">Barrierefreiheit<\/span> weiterlesen<\/a><\/p>","protected":false},"author":35194237,"featured_media":0,"parent":0,"menu_order":0,"comment_status":"closed","ping_status":"closed","template":"full-width-page.php","meta":{"inline_featured_image":false,"_lmt_disableupdate":"","_lmt_disable":"","footnotes":""},"tags":[],"class_list":["post-11546","page","type-page","status-publish","hentry"],"yoast_head":"<!-- This site is optimized with the Yoast SEO plugin v27.5 - https:\/\/yoast.com\/product\/yoast-seo-wordpress\/ -->\n<title>Accessibility &#8211; Internet and Technology Addicts Anonymous<\/title>\n<meta name=\"robots\" content=\"index, follow, max-snippet:-1, max-image-preview:large, max-video-preview:-1\" \/>\n<link rel=\"canonical\" href=\"https:\/\/internetaddictsanonymous.org\/de\/zuganglichkeit\/\" \/>\n<meta property=\"og:locale\" content=\"de_DE\" \/>\n<meta property=\"og:type\" content=\"article\" \/>\n<meta property=\"og:title\" content=\"Accessibility &#8211; Internet and Technology Addicts Anonymous\" \/>\n<meta property=\"og:description\" content=\"Our third tradition states that our only requirement for membership is the desire to stop using internet and technology compulsively, and ITAA as a whole welcomes Deaf internet addicts who need our program. ITAA encourages anyone who requires sign language interpretation to attend meetings (whether open or closed) with their interpreter. Before the meeting starts, &hellip; Accessibility weiterlesen\" \/>\n<meta property=\"og:url\" content=\"https:\/\/internetaddictsanonymous.org\/de\/zuganglichkeit\/\" \/>\n<meta property=\"og:site_name\" content=\"Internet and Technology Addicts Anonymous\" \/>\n<meta property=\"article:modified_time\" content=\"2023-01-08T22:20:27+00:00\" \/>\n<meta name=\"twitter:card\" content=\"summary_large_image\" \/>\n<meta name=\"twitter:label1\" content=\"Gesch\u00e4tzte Lesezeit\" \/>\n\t<meta name=\"twitter:data1\" content=\"1\u00a0Minute\" \/>\n<script type=\"application\/ld+json\" class=\"yoast-schema-graph\">{\"@context\":\"https:\\\/\\\/schema.org\",\"@graph\":[{\"@type\":\"WebPage\",\"@id\":\"https:\\\/\\\/internetaddictsanonymous.org\\\/accessibility\\\/\",\"url\":\"https:\\\/\\\/internetaddictsanonymous.org\\\/accessibility\\\/\",\"name\":\"Accessibility &#8211; Internet and Technology Addicts Anonymous\",\"isPartOf\":{\"@id\":\"https:\\\/\\\/internetaddictsanonymous.org\\\/#website\"},\"datePublished\":\"2020-08-09T09:08:29+00:00\",\"dateModified\":\"2023-01-08T22:20:27+00:00\",\"breadcrumb\":{\"@id\":\"https:\\\/\\\/internetaddictsanonymous.org\\\/accessibility\\\/#breadcrumb\"},\"inLanguage\":\"de\",\"potentialAction\":[{\"@type\":\"ReadAction\",\"target\":[\"https:\\\/\\\/internetaddictsanonymous.org\\\/accessibility\\\/\"]}]},{\"@type\":\"BreadcrumbList\",\"@id\":\"https:\\\/\\\/internetaddictsanonymous.org\\\/accessibility\\\/#breadcrumb\",\"itemListElement\":[{\"@type\":\"ListItem\",\"position\":1,\"name\":\"Home\",\"item\":\"https:\\\/\\\/internetaddictsanonymous.org\\\/\"},{\"@type\":\"ListItem\",\"position\":2,\"name\":\"Accessibility\"}]},{\"@type\":\"WebSite\",\"@id\":\"https:\\\/\\\/internetaddictsanonymous.org\\\/#website\",\"url\":\"https:\\\/\\\/internetaddictsanonymous.org\\\/\",\"name\":\"Internet and Technology Addicts Anonymous\",\"description\":\"Worldwide 12-step Fellowship for Internet and Technology Addiction\",\"publisher\":{\"@id\":\"https:\\\/\\\/internetaddictsanonymous.org\\\/#organization\"},\"potentialAction\":[{\"@type\":\"SearchAction\",\"target\":{\"@type\":\"EntryPoint\",\"urlTemplate\":\"https:\\\/\\\/internetaddictsanonymous.org\\\/?s={search_term_string}\"},\"query-input\":{\"@type\":\"PropertyValueSpecification\",\"valueRequired\":true,\"valueName\":\"search_term_string\"}}],\"inLanguage\":\"de\"},{\"@type\":\"Organization\",\"@id\":\"https:\\\/\\\/internetaddictsanonymous.org\\\/#organization\",\"name\":\"Internet and Technology Addicts Anonymous\",\"url\":\"https:\\\/\\\/internetaddictsanonymous.org\\\/\",\"logo\":{\"@type\":\"ImageObject\",\"inLanguage\":\"de\",\"@id\":\"https:\\\/\\\/internetaddictsanonymous.org\\\/#\\\/schema\\\/logo\\\/image\\\/\",\"url\":\"https:\\\/\\\/internetaddictsanonymous.org\\\/wp-content\\\/uploads\\\/2023\\\/01\\\/cropped-ITAA-logo-480px.png\",\"contentUrl\":\"https:\\\/\\\/internetaddictsanonymous.org\\\/wp-content\\\/uploads\\\/2023\\\/01\\\/cropped-ITAA-logo-480px.png\",\"width\":480,\"height\":480,\"caption\":\"Internet and Technology Addicts Anonymous\"},\"image\":{\"@id\":\"https:\\\/\\\/internetaddictsanonymous.org\\\/#\\\/schema\\\/logo\\\/image\\\/\"}}]}<\/script>\n<!-- \/ Yoast SEO plugin. -->","yoast_head_json":{"title":"Zug\u00e4nglichkeit - Anonyme Internet- und Technologies\u00fcchtige","robots":{"index":"index","follow":"follow","max-snippet":"max-snippet:-1","max-image-preview":"max-image-preview:large","max-video-preview":"max-video-preview:-1"},"canonical":"https:\/\/internetaddictsanonymous.org\/de\/zuganglichkeit\/","og_locale":"de_DE","og_type":"article","og_title":"Accessibility &#8211; Internet and Technology Addicts Anonymous","og_description":"Our third tradition states that our only requirement for membership is the desire to stop using internet and technology compulsively, and ITAA as a whole welcomes Deaf internet addicts who need our program. ITAA encourages anyone who requires sign language interpretation to attend meetings (whether open or closed) with their interpreter. Before the meeting starts, &hellip; Accessibility weiterlesen","og_url":"https:\/\/internetaddictsanonymous.org\/de\/zuganglichkeit\/","og_site_name":"Internet and Technology Addicts Anonymous","article_modified_time":"2023-01-08T22:20:27+00:00","twitter_card":"summary_large_image","twitter_misc":{"Gesch\u00e4tzte Lesezeit":"1\u00a0Minute"},"schema":{"@context":"https:\/\/schema.org","@graph":[{"@type":"WebPage","@id":"https:\/\/internetaddictsanonymous.org\/accessibility\/","url":"https:\/\/internetaddictsanonymous.org\/accessibility\/","name":"Zug\u00e4nglichkeit - Anonyme Internet- und Technologies\u00fcchtige","isPartOf":{"@id":"https:\/\/internetaddictsanonymous.org\/#website"},"datePublished":"2020-08-09T09:08:29+00:00","dateModified":"2023-01-08T22:20:27+00:00","breadcrumb":{"@id":"https:\/\/internetaddictsanonymous.org\/accessibility\/#breadcrumb"},"inLanguage":"de","potentialAction":[{"@type":"ReadAction","target":["https:\/\/internetaddictsanonymous.org\/accessibility\/"]}]},{"@type":"BreadcrumbList","@id":"https:\/\/internetaddictsanonymous.org\/accessibility\/#breadcrumb","itemListElement":[{"@type":"ListItem","position":1,"name":"Home","item":"https:\/\/internetaddictsanonymous.org\/"},{"@type":"ListItem","position":2,"name":"Accessibility"}]},{"@type":"WebSite","@id":"https:\/\/internetaddictsanonymous.org\/#website","url":"https:\/\/internetaddictsanonymous.org\/","name":"Die anonymen Internet- und Technologies\u00fcchtigen","description":"Weltweite 12-Schritte-Gemeinschaft f\u00fcr Internet- und Techniksucht","publisher":{"@id":"https:\/\/internetaddictsanonymous.org\/#organization"},"potentialAction":[{"@type":"SearchAction","target":{"@type":"EntryPoint","urlTemplate":"https:\/\/internetaddictsanonymous.org\/?s={search_term_string}"},"query-input":{"@type":"PropertyValueSpecification","valueRequired":true,"valueName":"search_term_string"}}],"inLanguage":"de"},{"@type":"Organization","@id":"https:\/\/internetaddictsanonymous.org\/#organization","name":"Die anonymen Internet- und Technologies\u00fcchtigen","url":"https:\/\/internetaddictsanonymous.org\/","logo":{"@type":"ImageObject","inLanguage":"de","@id":"https:\/\/internetaddictsanonymous.org\/#\/schema\/logo\/image\/","url":"https:\/\/internetaddictsanonymous.org\/wp-content\/uploads\/2023\/01\/cropped-ITAA-logo-480px.png","contentUrl":"https:\/\/internetaddictsanonymous.org\/wp-content\/uploads\/2023\/01\/cropped-ITAA-logo-480px.png","width":480,"height":480,"caption":"Internet and Technology Addicts Anonymous"},"image":{"@id":"https:\/\/internetaddictsanonymous.org\/#\/schema\/logo\/image\/"}}]}},"jetpack_sharing_enabled":true,"jetpack_shortlink":"https:\/\/wp.me\/P9Fwob-30e","_links":{"self":[{"href":"https:\/\/internetaddictsanonymous.org\/de\/wp-json\/wp\/v2\/pages\/11546","targetHints":{"allow":["GET"]}}],"collection":[{"href":"https:\/\/internetaddictsanonymous.org\/de\/wp-json\/wp\/v2\/pages"}],"about":[{"href":"https:\/\/internetaddictsanonymous.org\/de\/wp-json\/wp\/v2\/types\/page"}],"author":[{"embeddable":true,"href":"https:\/\/internetaddictsanonymous.org\/de\/wp-json\/wp\/v2\/users\/35194237"}],"replies":[{"embeddable":true,"href":"https:\/\/internetaddictsanonymous.org\/de\/wp-json\/wp\/v2\/comments?post=11546"}],"version-history":[{"count":4,"href":"https:\/\/internetaddictsanonymous.org\/de\/wp-json\/wp\/v2\/pages\/11546\/revisions"}],"predecessor-version":[{"id":12028,"href":"https:\/\/internetaddictsanonymous.org\/de\/wp-json\/wp\/v2\/pages\/11546\/revisions\/12028"}],"wp:attachment":[{"href":"https:\/\/internetaddictsanonymous.org\/de\/wp-json\/wp\/v2\/media?parent=11546"}],"wp:term":[{"taxonomy":"post_tag","embeddable":true,"href":"https:\/\/internetaddictsanonymous.org\/de\/wp-json\/wp\/v2\/tags?post=11546"}],"curies":[{"name":"wp","href":"https:\/\/api.w.org\/{rel}","templated":true}]}}