{"id":13073,"date":"2021-08-08T19:06:36","date_gmt":"2021-08-08T19:06:36","guid":{"rendered":"https:\/\/internetaddictsanonymous.org\/?page_id=13073"},"modified":"2026-04-02T19:08:21","modified_gmt":"2026-04-03T02:08:21","slug":"sicherheit-in-itaa","status":"publish","type":"page","link":"https:\/\/internetaddictsanonymous.org\/de\/safety-in-itaa\/","title":{"rendered":"Sicherheit in ITAA"},"content":{"rendered":"<p>Wir brauchen ITAA als sicheren Ort f\u00fcr unsere Genesung. Unsere erste Tradition besagt, dass unser gemeinsames Wohl an erster Stelle stehen sollte; die pers\u00f6nliche Genesung h\u00e4ngt von der Einheit von ITAA ab. Aggressive, sexuell motivierte oder diskriminierende \u00c4u\u00dferungen oder Verhaltensweisen gegen\u00fcber anderen Mitgliedern sind in ITAA nicht angebracht. Sollten wir der Ansicht sein, dass ein anderes Mitglied unangemessen gehandelt hat, enth\u00e4lt dieser Leitfaden Vorschl\u00e4ge f\u00fcr m\u00f6gliche Ma\u00dfnahmen.<\/p>\n\n\n\n<p><em>Diese Seite dient dazu, auf unangemessenes Verhalten zwischen Internets\u00fcchtigen in der Genesungsphase zu reagieren. <strong>Zoom-Trolling-Vorf\u00e4lle<\/strong>, Bitte\u00a0<em>lies die\u00a0<a href=\"http:\/\/internetaddictsanonymous.org\/de\/sicherheitsrichtlinien-fur-itaa-meeting-hosts\/\">Sicherheitsrichtlinien f\u00fcr ITAA-Meetings<\/a><\/em>\u00a0und melden Sie alle Vorf\u00e4lle den Webmastern.<\/em><br><br><\/p>\n\n\n\n<h3 class=\"wp-block-heading\"><strong>Ma\u00dfnahmen, die wir ergreifen k\u00f6nnen, um zu reagieren, wenn w\u00e4hrend eines Meetings ein Vorfall auftritt<\/strong><\/h3>\n\n\n\n<p>Wir k\u00f6nnen die Stummschaltung aufheben und laut sagen, dass wir das Gef\u00fchl haben, dass sich jemand unangemessen verhalten hat. Wir k\u00f6nnen uns berufen <a href=\"https:\/\/internetaddictsanonymous.org\/de\/12-schritte-der-itaa\/\">Traditionen<\/a> oder die Zeile im Meeting-Skript, die besagt, dass \u201eaggressive, sexuelle oder diskriminierende Kommentare oder Verhaltensweisen gegen\u00fcber anderen Mitgliedern nicht angemessen sind\u201c. <\/p>\n\n\n\n<p>Wir k\u00f6nnen die Person bitten, das unangemessene Verhalten zu beenden:<\/p>\n\n\n\n<p><em>\u201eIch f\u00fchle mich unwohl wegen dem, was gerade gesagt\/getan wurde, und ich m\u00f6chte die Mitglieder bitten, keine Kommentare aggressiver, sexueller oder diskriminierender Art gegen\u00fcber anderen Mitgliedern zu machen. Dar\u00fcber k\u00f6nnten wir auch nach dem Treffen mehr diskutieren, wenn jemand m\u00f6chte.\u201c<\/em><\/p>\n\n\n\n<p>Wenn wir nerv\u00f6s sind, uns direkt zu \u00e4u\u00dfern, k\u00f6nnen wir dem Vorsitzenden oder einem anderen Sitzungsmitglied eine private Nachricht \u00fcber den Vorfall senden und ihn fragen, ob er sich \u00e4u\u00dfern und darauf eingehen k\u00f6nnte. Wir k\u00f6nnen sie auch bitten, den Abschnitt des Drehbuchs zu wiederholen, in dem es hei\u00dft: \u201eAggressive, sexuelle oder diskriminierende Kommentare oder Verhaltensweisen gegen\u00fcber anderen Mitgliedern sind in der Besprechung nicht angemessen.\u201c<\/p>\n\n\n\n<p>Wenn wir unsicher sind, ob ein bestimmter Kommentar unangemessen ist, k\u00f6nnen wir ein Gruppengewissen verlangen.<\/p>\n\n\n\n<p>Wenn uns jemand w\u00e4hrend eines Meetings unangemessene private Nachrichten sendet, k\u00f6nnen wir mit einer privaten Nachricht antworten, um Grenzen zu setzen und das Mitglied aufzufordern, uns keine Nachrichten mehr zu senden.<\/p>\n\n\n\n<p><em>\u201cIhre Nachrichten sind mir unangenehm. Bitte h\u00f6ren Sie auf, mir private Nachrichten zu schicken.\u201d<\/em><br><br><\/p>\n\n\n\n<h3 class=\"wp-block-heading\"><strong>Ma\u00dfnahmen, die wir ergreifen k\u00f6nnen, um in dem Moment zu reagieren, wenn ein Vorfall au\u00dferhalb eines Meetings auftritt (z. B. bei einem Telefonanruf, beim Austausch von Nachrichten oder pers\u00f6nlich)<\/strong><\/h3>\n\n\n\n<p>Wir k\u00f6nnen der anderen Person mitteilen, dass ihre Kommentare oder ihr Verhalten unangemessen sind und uns unangenehm sind, und wir k\u00f6nnen sie auffordern, in Zukunft von \u00e4hnlichen Kommentaren oder Verhaltensweisen abzusehen.<\/p>\n\n\n\n<p>Wir k\u00f6nnen Abstand von der anderen Person nehmen, indem wir den Bereich verlassen, den Anruf beenden oder nicht auf ihre Nachrichten reagieren. Dies kann uns helfen, uns den Raum zu nehmen, den wir brauchen, um etwas Luft zu bekommen und Klarheit \u00fcber die Situation zu gewinnen.<br><br> <\/p>\n\n\n\n<h3 class=\"wp-block-heading\"><strong>Ma\u00dfnahmen, die wir nach einem Vorfall ergreifen k\u00f6nnen, um Klarheit zu schaffen<\/strong><\/h3>\n\n\n\n<p>Als ersten Schritt k\u00f6nnen wir mit jemandem sprechen, dem wir vertrauen und dem wir vertrauen. Wenn sich der Vorfall w\u00e4hrend eines Meetings ereignete, kann dies der Gruppenvorsitzende oder ein vertrautes Mitglied sein, das bei dem Meeting anwesend war. Wir k\u00f6nnen uns auch an unseren Sponsor, Therapeuten, spirituellen Berater oder einen engen Freund wenden, um zus\u00e4tzliche Unterst\u00fctzung und Anleitung zu erhalten.<\/p>\n\n\n\n<p>Das Erstellen einer Bestandsaufnahme im 10. Schritt kann uns helfen, Klarheit zu gewinnen und die n\u00e4chste richtige Aktion zu identifizieren. Eine Bestandsaufnahme im 10. Schritt besteht oft darin, Antworten auf die folgenden Fragen zu schreiben: Was ist passiert? Welche Grundbed\u00fcrfnisse waren betroffen? Welche Emotionen f\u00fchlen wir? Was war unser Anteil (wenn \u00fcberhaupt)? Und m\u00fcssen wir eventuell Ma\u00dfnahmen ergreifen? Es wird empfohlen, dass wir unser Schreiben im 10. Schritt einem anderen ITAA-Mitglied vorlesen, dem wir vertrauen.<\/p>\n\n\n\n<p>Wir k\u00f6nnten uns auch von unserer h\u00f6heren Macht leiten lassen (zum Beispiel durch Gebet oder Meditation).<br><br> <\/p>\n\n\n\n<h3 class=\"wp-block-heading\"><strong>Ma\u00dfnahmen, die wir nach einem Vorfall ergreifen k\u00f6nnen, um das Verhalten anzugehen<\/strong><\/h3>\n\n\n\n<p>Wenn wir uns wohl f\u00fchlen, k\u00f6nnen wir uns direkt an die Person wenden, die sich unangemessen verhalten hat, sie wissen lassen, wie wir uns durch ihr Verhalten gef\u00fchlt haben, und sie bitten, ihr Verhalten in Zukunft zu \u00e4ndern.<\/p>\n\n\n\n<p>Wir k\u00f6nnten ein anderes vertrauensw\u00fcrdiges Mitglied bitten, uns dabei zu helfen, die Person anzusprechen, die uns unangenehm gemacht hat, sie auf die Auswirkungen ihrer Handlungen aufmerksam zu machen und zu bitten, dass sich das Verhalten gegen\u00fcber uns oder anderen nicht wiederholt. Dieses vertrauensw\u00fcrdige Mitglied kann in unserem Namen mit der anderen Person sprechen oder als neutraler Dritter an der Konversation teilnehmen.<\/p>\n\n\n\n<p><em>Wenn Sie sich an ein Mitglied wenden, das sich unangemessen verhalten hat, kann es hilfreich sein, es von Angesicht zu Angesicht oder per Telefon anzusprechen, anstatt per SMS, da dies dazu beitr\u00e4gt, Missverst\u00e4ndnisse zu vermeiden. In anderen F\u00e4llen k\u00f6nnen Messaging oder E-Mail die bessere Option sein. Wenn sich jemand unangemessen verh\u00e4lt, kann es sein, dass er nicht merkt, wie sich sein Verhalten bei anderen anf\u00fchlt. Es ist oft vorgekommen, dass, wenn wir die Person \u00fcber die Auswirkungen ihrer Handlungen informieren und sie auffordern, ihr Verhalten zu \u00e4ndern, sie sich entschuldigt und versucht hat, sich zu \u00e4ndern.<\/em><\/p>\n\n\n\n<p>In einigen F\u00e4llen kann es am besten sein, den Kontakt mit dem Mitglied, das uns unangenehm macht, vor\u00fcbergehend abzubrechen. Ein Gespr\u00e4ch mit einem anderen Mitglied kann uns dabei helfen, diese Entscheidung zu treffen.<\/p>\n\n\n\n<p><em>Unsere 12. Tradition besagt, dass Anonymit\u00e4t die spirituelle Grundlage all unserer Traditionen ist und uns immer daran erinnert, Prinzipien vor Pers\u00f6nlichkeiten zu stellen. Wenn wir unangemessenes Verhalten ansprechen oder Ereignisse mit anderen Mitgliedern besprechen, halten wir es f\u00fcr am besten, Anonymit\u00e4t und Vertraulichkeit zu wahren, indem die Verwendung der Namen der betroffenen Mitglieder und anderer identifizierender Informationen vermieden wird.<\/em><\/p>\n\n\n\n<p>Anonymit\u00e4t ist kein Deckmantel, um kriminelles Verhalten zu sch\u00fctzen. ITAA-Mitglieder sind auch \u201eB\u00fcrger der Welt\u201c, und als B\u00fcrger stehen wir nicht \u00fcber dem Gesetz.* In einigen F\u00e4llen und nach R\u00fccksprache mit anderen Mitgliedern ziehen wir m\u00f6glicherweise rechtliche Schritte in Betracht.&nbsp;<br><br> <\/p>\n\n\n\n<h3 class=\"wp-block-heading\"><strong>Ma\u00dfnahmen, die eine Gruppe ergreifen kann, um auf unangemessenes Verhalten zu reagieren<\/strong><\/h3>\n\n\n\n<p>Es ist wichtig, \u00fcber Sicherheitsprobleme zu sprechen, bevor sie auftreten, und ein Protokoll zu erstellen, wie die Gruppe mit unangemessenem Verhalten umgehen m\u00f6chte, falls es auftreten sollte. Unserer Tradition entsprechend ist ein Gruppengewissen das beste Forum, um eine solche Diskussion zu f\u00fchren. Wir empfehlen den Mitgliedern, diesen Punkt beim n\u00e4chsten regul\u00e4ren Gesch\u00e4ftstreffen ihrer Gruppe vorzubringen.<\/p>\n\n\n\n<p>Hier sind einige Ideen, die Gruppen in ein Protokoll aufnehmen k\u00f6nnten, um auf unangemessenes Verhalten zu reagieren:<\/p>\n\n\n\n<ul class=\"wp-block-list\">\n<li>Wenn unangemessenes Verhalten auftritt, kann der Vorsitzende der gesamten Sitzung eine Erkl\u00e4rung vorlesen, zum Beispiel: \u201eWir brauchen ITAA als einen sicheren Ort, an dem wir uns alle erholen k\u00f6nnen. Unsere erste Tradition besagt, dass unser gemeinsames Wohl an erster Stelle stehen sollte; Die pers\u00f6nliche Genesung h\u00e4ngt von der Einheit der ITAA ab. Kommentare oder Verhaltensweisen aggressiver, sexueller oder diskriminierender Art, die sich gegen\u00fcber anderen Mitgliedern richten, sind in ITAA nicht angemessen.\u201c<\/li>\n\n\n\n<li>Gruppen k\u00f6nnen eine Servicerolle einrichten, um Besprechungsteilnehmer zu unterst\u00fctzen, die von unangemessenem Verhalten betroffen sind, und\/oder um diejenigen anzusprechen, die sich unangemessen verhalten haben.<\/li>\n\n\n\n<li>Gruppen k\u00f6nnen eine Zwei- oder Drei-Streik-Politik f\u00fcr Personen in Betracht ziehen, die wiederholt unangemessenes Verhalten zeigen. Als letztes Mittel kann das st\u00f6rende Mitglied aufgefordert werden, die Teilnahme an den Sitzungen f\u00fcr einen bestimmten Zeitraum zu unterbrechen.<\/li>\n<\/ul>\n\n\n\n<p>Wenn ein Vorfall mit unangemessenem Verhalten auftritt und unsere Gruppe noch kein Protokoll f\u00fcr den Umgang damit erstellt hat, k\u00f6nnte die Gruppe ein Gruppengewissen halten, um zu besprechen, wie auf die Situation zu reagieren ist, und m\u00f6glicherweise die beleidigende Partei auffordern, aus dem Meeting auszusteigen.&nbsp;<br><br> <\/p>\n\n\n\n<h3 class=\"wp-block-heading\"><strong>Dreizehnter Schritt<\/strong><\/h3>\n\n\n\n<p>In Zw\u00f6lf-Schritte-Programmen bezeichnet \u201cDreizehnter Schritt\u201d die Manipulation einer anderen Person in der Genesungsphase, insbesondere eines Neulings oder eines Sch\u00fctzlings, hin zu einer sexuellen oder romantischen Beziehung. Dieses Verhalten ist unangemessen und wird von ITAA entschieden abgelehnt. Wir raten Neulingen dringend davon ab, mit Sponsoren zusammenzuarbeiten oder Kontakte zu Mitgliedern aufzubauen, zu denen sie sich sexuell oder romantisch hingezogen f\u00fchlen k\u00f6nnten. Sollten Sie sich unerw\u00fcnscht oder unangemessen sexuell oder romantisch angesprochen f\u00fchlen, sprechen Sie bitte mit einem Mitglied Ihres Vertrauens \u2013 Anonymit\u00e4t und Vertraulichkeit sind kein Deckmantel f\u00fcr unangemessenes Verhalten.<br><br><\/p>\n\n\n\n<h3 class=\"wp-block-heading\"><strong>Zus\u00e4tzliche Vorschl\u00e4ge&nbsp;<\/strong><\/h3>\n\n\n\n<p>Unangemessenem Verhalten ausgesetzt zu sein oder andere zu unterst\u00fctzen, die einem unangemessenen Verhalten ausgesetzt waren, kann emotional herausfordernd sein, und betroffene Mitglieder k\u00f6nnen es hilfreich finden, Selbstf\u00fcrsorge zu \u00fcben. Wir k\u00f6nnen spazieren gehen, baden oder duschen, Zeit mit einem engen Freund verbringen, Selbstmitgef\u00fchl \u00fcben und uns darauf konzentrieren, gut zu essen und zu schlafen. Es ist in Ordnung, langsamer zu werden und sich auf unsere eigenen Bed\u00fcrfnisse zu konzentrieren. Wir k\u00f6nnten auch weitere Unterst\u00fctzung durch professionelle psychologische Dienste in Anspruch nehmen.&nbsp;<\/p>\n\n\n\n<p>Wenn uns jemand um Hilfe bei der Behandlung des Verhaltens eines anderen Mitglieds gebeten hat, k\u00f6nnen wir andere um Rat fragen oder auf diesen Leitfaden verweisen.<br><br> <\/p>\n\n\n\n<h3 class=\"wp-block-heading\"><strong>Damit ITAA f\u00fcr alle sicher bleibt<\/strong><\/h3>\n\n\n\n<p>Bei ITAA konzentrieren wir unsere Aktien auf unsere eigenen pers\u00f6nlichen Erfahrungen. Wir vermeiden es, andere einzelne Mitglieder direkt oder indirekt zu kommentieren oder hervorzuheben. Dar\u00fcber hinaus kann sich das, was sich f\u00fcr ein Mitglied wie ein Flirten anf\u00fchlt, f\u00fcr ein anderes als Bel\u00e4stigung anf\u00fchlen. Wir sind in ITAA, um uns von unserer Sucht zu erholen, und wir m\u00fcssen die Sicherheit unserer Gruppen sorgf\u00e4ltig sch\u00fctzen, damit sich alle erholen k\u00f6nnen.&nbsp;<\/p>\n\n\n\n<p>Wenn uns jemand mitgeteilt hat, dass unser Verhalten oder unsere Worte unangemessen waren, k\u00f6nnen wir \u00fcber die Situation nachdenken und \u00fcberlegen, welche \u00c4nderungen wir vornehmen k\u00f6nnen, um eine Wiederholung des unangemessenen Verhaltens zu vermeiden. Wenn wir einen Schaden verursacht haben, ist es ratsam, nach R\u00fccksprache mit einem erfahrenen ITAA-Mitglied Wiedergutmachung zu leisten. Es ist wichtig, Feedback einzuholen, bevor Sie Wiedergutmachung leisten, um weiteren Schaden zu vermeiden.<br><br> <br><br> <\/p>\n\n\n\n<p>*F\u00fcr weitere Referenzen und zum Lesen: <a href=\"http:\/\/www.avcentraloffice.org\/member\/smf-209_en.pdf\">Sicherheit und AA: Unser gemeinsames Wohlergehen<\/a><\/p>\n<!-- PMB print buttons is only displayed on a single post\/page URLs-->","protected":false},"excerpt":{"rendered":"<p>Wir brauchen die ITAA, um ein sicherer Ort zu sein, an dem wir uns alle erholen k\u00f6nnen. Unsere erste Tradition besagt, dass unser gemeinsames Wohlergehen an erster Stelle stehen sollte; Die pers\u00f6nliche Genesung h\u00e4ngt von der Einheit der ITAA ab. Kommentare oder Verhaltensweisen aggressiver, sexueller oder diskriminierender Art gegen\u00fcber anderen Mitgliedern sind bei ITAA nicht angemessen. Wenn wir glauben, dass ein anderes Mitglied \u2026 <a href=\"https:\/\/internetaddictsanonymous.org\/de\/safety-in-itaa\/\" class=\"more-link\"><span class=\"screen-reader-text\">Sicherheit in ITAA<\/span> weiterlesen<\/a><\/p>","protected":false},"author":35194237,"featured_media":0,"parent":0,"menu_order":0,"comment_status":"closed","ping_status":"closed","template":"full-width-page.php","meta":{"inline_featured_image":false,"_lmt_disableupdate":"no","_lmt_disable":"","jetpack_post_was_ever_published":false,"footnotes":""},"tags":[],"class_list":["post-13073","page","type-page","status-publish","hentry"],"yoast_head":"<!-- This site is optimized with the Yoast SEO plugin v27.3 - https:\/\/yoast.com\/product\/yoast-seo-wordpress\/ -->\n<title>Safety in ITAA &#8211; Internet and Technology Addicts Anonymous<\/title>\n<meta name=\"robots\" content=\"index, follow, max-snippet:-1, max-image-preview:large, max-video-preview:-1\" \/>\n<link rel=\"canonical\" href=\"https:\/\/internetaddictsanonymous.org\/de\/sicherheit-in-itaa\/\" \/>\n<meta property=\"og:locale\" content=\"de_DE\" \/>\n<meta property=\"og:type\" content=\"article\" \/>\n<meta property=\"og:title\" content=\"Safety in ITAA &#8211; Internet and Technology Addicts Anonymous\" \/>\n<meta property=\"og:description\" content=\"We need ITAA to be a safe place for us all to recover. Our first tradition states that our common welfare should come first; personal recovery depends on ITAA unity. Comments or behavior of an aggressive, sexual, or discriminatory nature directed towards other members are not appropriate in ITAA. If we believe another member has &hellip; Safety in ITAA weiterlesen\" \/>\n<meta property=\"og:url\" content=\"https:\/\/internetaddictsanonymous.org\/de\/sicherheit-in-itaa\/\" \/>\n<meta property=\"og:site_name\" content=\"Internet and Technology Addicts Anonymous\" \/>\n<meta property=\"article:modified_time\" content=\"2026-04-03T02:08:21+00:00\" \/>\n<meta name=\"twitter:card\" content=\"summary_large_image\" \/>\n<meta name=\"twitter:label1\" content=\"Gesch\u00e4tzte Lesezeit\" \/>\n\t<meta name=\"twitter:data1\" content=\"7\u00a0Minuten\" \/>\n<script type=\"application\/ld+json\" class=\"yoast-schema-graph\">{\"@context\":\"https:\\\/\\\/schema.org\",\"@graph\":[{\"@type\":\"WebPage\",\"@id\":\"https:\\\/\\\/internetaddictsanonymous.org\\\/safety-in-itaa\\\/\",\"url\":\"https:\\\/\\\/internetaddictsanonymous.org\\\/safety-in-itaa\\\/\",\"name\":\"Safety in ITAA &#8211; Internet and Technology Addicts Anonymous\",\"isPartOf\":{\"@id\":\"https:\\\/\\\/internetaddictsanonymous.org\\\/#website\"},\"datePublished\":\"2021-08-08T19:06:36+00:00\",\"dateModified\":\"2026-04-03T02:08:21+00:00\",\"breadcrumb\":{\"@id\":\"https:\\\/\\\/internetaddictsanonymous.org\\\/safety-in-itaa\\\/#breadcrumb\"},\"inLanguage\":\"de\",\"potentialAction\":[{\"@type\":\"ReadAction\",\"target\":[\"https:\\\/\\\/internetaddictsanonymous.org\\\/safety-in-itaa\\\/\"]}]},{\"@type\":\"BreadcrumbList\",\"@id\":\"https:\\\/\\\/internetaddictsanonymous.org\\\/safety-in-itaa\\\/#breadcrumb\",\"itemListElement\":[{\"@type\":\"ListItem\",\"position\":1,\"name\":\"Home\",\"item\":\"https:\\\/\\\/internetaddictsanonymous.org\\\/\"},{\"@type\":\"ListItem\",\"position\":2,\"name\":\"Safety in ITAA\"}]},{\"@type\":\"WebSite\",\"@id\":\"https:\\\/\\\/internetaddictsanonymous.org\\\/#website\",\"url\":\"https:\\\/\\\/internetaddictsanonymous.org\\\/\",\"name\":\"Internet and Technology Addicts Anonymous\",\"description\":\"Worldwide 12-step Fellowship for Internet and Technology Addiction\",\"publisher\":{\"@id\":\"https:\\\/\\\/internetaddictsanonymous.org\\\/#organization\"},\"potentialAction\":[{\"@type\":\"SearchAction\",\"target\":{\"@type\":\"EntryPoint\",\"urlTemplate\":\"https:\\\/\\\/internetaddictsanonymous.org\\\/?s={search_term_string}\"},\"query-input\":{\"@type\":\"PropertyValueSpecification\",\"valueRequired\":true,\"valueName\":\"search_term_string\"}}],\"inLanguage\":\"de\"},{\"@type\":\"Organization\",\"@id\":\"https:\\\/\\\/internetaddictsanonymous.org\\\/#organization\",\"name\":\"Internet and Technology Addicts Anonymous\",\"url\":\"https:\\\/\\\/internetaddictsanonymous.org\\\/\",\"logo\":{\"@type\":\"ImageObject\",\"inLanguage\":\"de\",\"@id\":\"https:\\\/\\\/internetaddictsanonymous.org\\\/#\\\/schema\\\/logo\\\/image\\\/\",\"url\":\"https:\\\/\\\/internetaddictsanonymous.org\\\/wp-content\\\/uploads\\\/2023\\\/01\\\/cropped-ITAA-logo-480px.png\",\"contentUrl\":\"https:\\\/\\\/internetaddictsanonymous.org\\\/wp-content\\\/uploads\\\/2023\\\/01\\\/cropped-ITAA-logo-480px.png\",\"width\":480,\"height\":480,\"caption\":\"Internet and Technology Addicts Anonymous\"},\"image\":{\"@id\":\"https:\\\/\\\/internetaddictsanonymous.org\\\/#\\\/schema\\\/logo\\\/image\\\/\"}}]}<\/script>\n<!-- \/ Yoast SEO plugin. -->","yoast_head_json":{"title":"Sicherheit bei ITAA - Internet and Technology Addicts Anonymous","robots":{"index":"index","follow":"follow","max-snippet":"max-snippet:-1","max-image-preview":"max-image-preview:large","max-video-preview":"max-video-preview:-1"},"canonical":"https:\/\/internetaddictsanonymous.org\/de\/sicherheit-in-itaa\/","og_locale":"de_DE","og_type":"article","og_title":"Safety in ITAA &#8211; Internet and Technology Addicts Anonymous","og_description":"We need ITAA to be a safe place for us all to recover. Our first tradition states that our common welfare should come first; personal recovery depends on ITAA unity. Comments or behavior of an aggressive, sexual, or discriminatory nature directed towards other members are not appropriate in ITAA. If we believe another member has &hellip; Safety in ITAA weiterlesen","og_url":"https:\/\/internetaddictsanonymous.org\/de\/sicherheit-in-itaa\/","og_site_name":"Internet and Technology Addicts Anonymous","article_modified_time":"2026-04-03T02:08:21+00:00","twitter_card":"summary_large_image","twitter_misc":{"Gesch\u00e4tzte Lesezeit":"7\u00a0Minuten"},"schema":{"@context":"https:\/\/schema.org","@graph":[{"@type":"WebPage","@id":"https:\/\/internetaddictsanonymous.org\/safety-in-itaa\/","url":"https:\/\/internetaddictsanonymous.org\/safety-in-itaa\/","name":"Sicherheit bei ITAA - Internet and Technology Addicts Anonymous","isPartOf":{"@id":"https:\/\/internetaddictsanonymous.org\/#website"},"datePublished":"2021-08-08T19:06:36+00:00","dateModified":"2026-04-03T02:08:21+00:00","breadcrumb":{"@id":"https:\/\/internetaddictsanonymous.org\/safety-in-itaa\/#breadcrumb"},"inLanguage":"de","potentialAction":[{"@type":"ReadAction","target":["https:\/\/internetaddictsanonymous.org\/safety-in-itaa\/"]}]},{"@type":"BreadcrumbList","@id":"https:\/\/internetaddictsanonymous.org\/safety-in-itaa\/#breadcrumb","itemListElement":[{"@type":"ListItem","position":1,"name":"Home","item":"https:\/\/internetaddictsanonymous.org\/"},{"@type":"ListItem","position":2,"name":"Safety in ITAA"}]},{"@type":"WebSite","@id":"https:\/\/internetaddictsanonymous.org\/#website","url":"https:\/\/internetaddictsanonymous.org\/","name":"Die anonymen Internet- und Technologies\u00fcchtigen","description":"Weltweite 12-Schritte-Gemeinschaft f\u00fcr Internet- und Techniksucht","publisher":{"@id":"https:\/\/internetaddictsanonymous.org\/#organization"},"potentialAction":[{"@type":"SearchAction","target":{"@type":"EntryPoint","urlTemplate":"https:\/\/internetaddictsanonymous.org\/?s={search_term_string}"},"query-input":{"@type":"PropertyValueSpecification","valueRequired":true,"valueName":"search_term_string"}}],"inLanguage":"de"},{"@type":"Organization","@id":"https:\/\/internetaddictsanonymous.org\/#organization","name":"Die anonymen Internet- und Technologies\u00fcchtigen","url":"https:\/\/internetaddictsanonymous.org\/","logo":{"@type":"ImageObject","inLanguage":"de","@id":"https:\/\/internetaddictsanonymous.org\/#\/schema\/logo\/image\/","url":"https:\/\/internetaddictsanonymous.org\/wp-content\/uploads\/2023\/01\/cropped-ITAA-logo-480px.png","contentUrl":"https:\/\/internetaddictsanonymous.org\/wp-content\/uploads\/2023\/01\/cropped-ITAA-logo-480px.png","width":480,"height":480,"caption":"Internet and Technology Addicts Anonymous"},"image":{"@id":"https:\/\/internetaddictsanonymous.org\/#\/schema\/logo\/image\/"}}]}},"jetpack_sharing_enabled":true,"jetpack_shortlink":"https:\/\/wp.me\/P9Fwob-3oR","_links":{"self":[{"href":"https:\/\/internetaddictsanonymous.org\/de\/wp-json\/wp\/v2\/pages\/13073","targetHints":{"allow":["GET"]}}],"collection":[{"href":"https:\/\/internetaddictsanonymous.org\/de\/wp-json\/wp\/v2\/pages"}],"about":[{"href":"https:\/\/internetaddictsanonymous.org\/de\/wp-json\/wp\/v2\/types\/page"}],"author":[{"embeddable":true,"href":"https:\/\/internetaddictsanonymous.org\/de\/wp-json\/wp\/v2\/users\/35194237"}],"replies":[{"embeddable":true,"href":"https:\/\/internetaddictsanonymous.org\/de\/wp-json\/wp\/v2\/comments?post=13073"}],"version-history":[{"count":11,"href":"https:\/\/internetaddictsanonymous.org\/de\/wp-json\/wp\/v2\/pages\/13073\/revisions"}],"predecessor-version":[{"id":21165,"href":"https:\/\/internetaddictsanonymous.org\/de\/wp-json\/wp\/v2\/pages\/13073\/revisions\/21165"}],"wp:attachment":[{"href":"https:\/\/internetaddictsanonymous.org\/de\/wp-json\/wp\/v2\/media?parent=13073"}],"wp:term":[{"taxonomy":"post_tag","embeddable":true,"href":"https:\/\/internetaddictsanonymous.org\/de\/wp-json\/wp\/v2\/tags?post=13073"}],"curies":[{"name":"wp","href":"https:\/\/api.w.org\/{rel}","templated":true}]}}