{"id":14142,"date":"2022-08-29T17:12:59","date_gmt":"2022-08-29T17:12:59","guid":{"rendered":"https:\/\/internetaddictsanonymous.org\/?page_id=14142"},"modified":"2025-04-20T12:14:24","modified_gmt":"2025-04-20T19:14:24","slug":"habe-ich-eine-sucht","status":"publish","type":"page","link":"https:\/\/internetaddictsanonymous.org\/de\/do-i-have-an-addiction\/","title":{"rendered":"Habe ich eine Sucht?"},"content":{"rendered":"<p>Wenn Sie neu bei ITAA sind, fragen Sie sich vielleicht, ob Sie internet- und technologieabh\u00e4ngig sind. Die folgenden Fragen k\u00f6nnen Ihnen helfen herauszufinden, ob Sie eines der Muster und Symptome aufweisen, die f\u00fcr Internet- und Technologiesucht typisch sind:<\/p>\n\n\n\n<h2 class=\"wp-block-heading translation-block\"><strong>Internetsucht<\/strong><strong> <\/strong><strong>Fragebogen<\/strong> <strong>:<\/strong><\/h2>\n\n\n\n<ol class=\"wp-block-list\">\n<li>Gehe ich manchmal online, um schnell etwas zu \u00fcberpr\u00fcfen, und stelle dann fest, dass Stunden vergangen sind?<\/li>\n\n\n\n<li>Habe ich jemals einer bestimmten App oder Online-Aktivit\u00e4t abgeschworen oder Grenzen gesetzt und dann meine Verpflichtungen gebrochen?<\/li>\n\n\n\n<li>Habe ich Internet- und Techniksucht, die den ganzen Tag oder bis sp\u00e4t in die Nacht anh\u00e4lt?<\/li>\n\n\n\n<li>Greife ich zu meinen Ger\u00e4ten, wann immer ich Zeit habe?<\/li>\n\n\n\n<li>F\u00fchrt meine Internet- und Technologienutzung dazu, dass ich meine K\u00f6rperpflege, meine Ern\u00e4hrungsbed\u00fcrfnisse oder meine k\u00f6rperliche Gesundheit vernachl\u00e4ssige?<\/li>\n\n\n\n<li>F\u00fchle ich mich isoliert, gef\u00fchlsm\u00e4\u00dfig abwesend, abgelenkt oder \u00e4ngstlich, wenn ich nicht online bin?<\/li>\n\n\n\n<li>Tr\u00e4gt meine Internetnutzung zu Konflikten oder Vermeidung in pers\u00f6nlichen Beziehungen bei?<\/li>\n\n\n\n<li>Haben die negativen Folgen meiner Internetnutzung mein Studium, meine Finanzen oder meine Karriere gef\u00e4hrdet?<\/li>\n\n\n\n<li>Verschweige ich oder l\u00fcge ich, wenn es darum geht, wie viel Zeit ich online verbringe oder welche Art von digitalen Inhalten ich konsumiere?<\/li>\n\n\n\n<li>Habe ich Schuld- oder Schamgef\u00fchle wegen meiner Internetnutzung?<\/li>\n<\/ol>\n\n\n\n<p>Niemand sollte wegen seiner Internet- und Technologienutzung leiden m\u00fcssen. Wenn Sie mehrere der oben genannten Fragen mit \"Ja\" beantwortet haben, empfehlen wir Ihnen, sich Unterst\u00fctzung zu suchen.<\/p>\n\n\n\n<div class=\"wp-block-buttons is-content-justification-left is-layout-flex wp-container-core-buttons-is-layout-fdcfc74e wp-block-buttons-is-layout-flex\">\n<div class=\"wp-block-button has-custom-width wp-block-button__width-50 is-style-fill\"><a class=\"wp-block-button__link has-white-color has-blue-background-color has-text-color has-background has-custom-font-size wp-element-button\" href=\"https:\/\/internetaddictsanonymous.org\/de\/online-meetings\/\" style=\"border-radius:100px;font-size:25px;font-style:normal;font-weight:900\">An einer Sitzung teilnehmen<\/a><\/div>\n\n\n<\/div>\n\n\n\n<p><\/p>\n\n\n\n<p>Neben den oben genannten Fragen finden Sie unter den folgenden Links weitere Frageb\u00f6gen zu spezifischeren Zwangsverhaltensweisen:<\/p>\n\n\n\n<ul class=\"wp-block-list\">\n<li><a href=\"https:\/\/internetaddictsanonymous.org\/de\/social-media-sucht\/\">Anzeichen f\u00fcr die Abh\u00e4ngigkeit von sozialen Medien<\/a><\/li>\n\n\n\n<li><a href=\"https:\/\/internetaddictsanonymous.org\/de\/smartphone-sucht\/\">Anzeichen f\u00fcr Handysucht<\/a><\/li>\n\n\n\n<li><a href=\"https:\/\/internetaddictsanonymous.org\/de\/streaming-sucht\/\">Anzeichen f\u00fcr Streaming-Sucht<\/a><\/li>\n\n\n\n<li><a href=\"https:\/\/internetaddictsanonymous.org\/de\/internet-und-technologieabhangigkeit\/videospielsucht\/\">Anzeichen f\u00fcr Videospielsucht<\/a><\/li>\n\n\n\n<li><a href=\"https:\/\/internetaddictsanonymous.org\/de\/anonyme-internet-und-technologiesuchtige\/pornosucht\/\">Anzeichen einer Pornosucht<\/a><\/li>\n\n\n\n<li><a href=\"https:\/\/internetaddictsanonymous.org\/de\/internet-und-technologieabhangigkeit\/informationssucht\/\">Anzeichen von Informationssucht<\/a><\/li>\n<\/ul>\n\n\n\n<p>Viele Mitglieder k\u00e4mpfen auch mit Nachrichten, Pornografie, Recherche, Shopping, Dating-Apps und anderen Verhaltensweisen. Wenn Sie sich wiederholt in schmerzhaften oder selbstzerst\u00f6rerischen Mustern wiederfinden, die mit der Nutzung von Medien, Bildschirmen oder anderen Ger\u00e4ten zu tun haben, dann kann ITAA Ihnen helfen, Freiheit und Erleichterung von dem zu finden, was Sie gerade erleben. Neueinsteiger werden ermutigt, innerhalb eines kurzen Zeitraums an 6 Treffen teilzunehmen, um festzustellen, ob dieses Programm das Richtige f\u00fcr sie ist. Unsere Treffen basieren auf vorurteilsfreiem, mitf\u00fchlendem Zuh\u00f6ren und bieten Neueinsteigern die M\u00f6glichkeit, Fragen zu stellen.<\/p>\n\n\n\n<p>Internet- und Technologiesucht ist ein Zustand, der sowohl Erwachsene als auch Kinder betreffen kann, manchmal in jungen Jahren und manchmal sp\u00e4ter im Leben. Wie andere S\u00fcchte wird auch hier nicht nach Alter, Bildungsniveau, Rasse oder ethnischer Zugeh\u00f6rigkeit diskriminiert. Durch die Sch\u00e4digung unseres Potenzials, unseres Selbstwertgef\u00fchls und unserer Lebensqualit\u00e4t kann unsere Sucht unser Leben beeintr\u00e4chtigen; und indem sie zu Depressionen, Selbstmordgedanken und anderen psychischen Problemen beitr\u00e4gt, kann unsere Sucht lebensbedrohlich sein. Wenn Sie das Gef\u00fchl haben, s\u00fcchtig zu sein, ermutigen wir Sie, Hilfe zu suchen und auf die Ressourcen und Erfahrungen unserer Gemeinschaft zur\u00fcckzugreifen.<\/p>\n<!-- PMB print buttons is only displayed on a single post\/page URLs-->","protected":false},"excerpt":{"rendered":"<p>Wenn Sie neu bei ITAA sind, fragen Sie sich vielleicht, ob Sie internet- und technologies\u00fcchtig sind. Die folgenden Fragen k\u00f6nnen Ihnen dabei helfen, herauszufinden, ob Sie eines der Muster und Symptome aufweisen, die bei Internet- und Technologiesucht h\u00e4ufig auftreten: Fragebogen zur Internetsucht: Niemand sollte aufgrund seiner Internet- und Technologienutzung leiden m\u00fcssen. \u2026 <a href=\"https:\/\/internetaddictsanonymous.org\/de\/do-i-have-an-addiction\/\" class=\"more-link\"><span class=\"screen-reader-text\">Habe ich eine Sucht?<\/span> weiterlesen<\/a><\/p>","protected":false},"author":35194237,"featured_media":0,"parent":0,"menu_order":0,"comment_status":"closed","ping_status":"closed","template":"full-width-page.php","meta":{"inline_featured_image":false,"_lmt_disableupdate":"","_lmt_disable":"","jetpack_post_was_ever_published":false,"footnotes":""},"tags":[],"class_list":["post-14142","page","type-page","status-publish","hentry"],"yoast_head":"<!-- This site is optimized with the Yoast SEO plugin v27.3 - https:\/\/yoast.com\/product\/yoast-seo-wordpress\/ -->\n<title>Do I Have an Addiction? &#8211; Internet and Technology Addicts Anonymous<\/title>\n<meta name=\"description\" content=\"If you are new to ITAA, you may be wondering whether you have an internet and technology addiction.\" \/>\n<meta name=\"robots\" content=\"index, follow, max-snippet:-1, max-image-preview:large, max-video-preview:-1\" \/>\n<link rel=\"canonical\" href=\"https:\/\/internetaddictsanonymous.org\/de\/habe-ich-eine-sucht\/\" \/>\n<meta property=\"og:locale\" content=\"de_DE\" \/>\n<meta property=\"og:type\" content=\"article\" \/>\n<meta property=\"og:title\" content=\"Do I Have an Addiction? &#8211; Internet and Technology Addicts Anonymous\" \/>\n<meta property=\"og:description\" content=\"If you are new to ITAA, you may be wondering whether you have an internet and technology addiction.\" \/>\n<meta property=\"og:url\" content=\"https:\/\/internetaddictsanonymous.org\/de\/habe-ich-eine-sucht\/\" \/>\n<meta property=\"og:site_name\" content=\"Internet and Technology Addicts Anonymous\" \/>\n<meta property=\"article:modified_time\" content=\"2025-04-20T19:14:24+00:00\" \/>\n<meta name=\"twitter:card\" content=\"summary_large_image\" \/>\n<meta name=\"twitter:label1\" content=\"Gesch\u00e4tzte Lesezeit\" \/>\n\t<meta name=\"twitter:data1\" content=\"3\u00a0Minuten\" \/>\n<script type=\"application\/ld+json\" class=\"yoast-schema-graph\">{\"@context\":\"https:\\\/\\\/schema.org\",\"@graph\":[{\"@type\":\"WebPage\",\"@id\":\"https:\\\/\\\/internetaddictsanonymous.org\\\/do-i-have-an-addiction\\\/\",\"url\":\"https:\\\/\\\/internetaddictsanonymous.org\\\/do-i-have-an-addiction\\\/\",\"name\":\"Do I Have an Addiction? &#8211; Internet and Technology Addicts Anonymous\",\"isPartOf\":{\"@id\":\"https:\\\/\\\/internetaddictsanonymous.org\\\/#website\"},\"datePublished\":\"2022-08-29T17:12:59+00:00\",\"dateModified\":\"2025-04-20T19:14:24+00:00\",\"description\":\"If you are new to ITAA, you may be wondering whether you have an internet and technology addiction.\",\"breadcrumb\":{\"@id\":\"https:\\\/\\\/internetaddictsanonymous.org\\\/do-i-have-an-addiction\\\/#breadcrumb\"},\"inLanguage\":\"de\",\"potentialAction\":[{\"@type\":\"ReadAction\",\"target\":[\"https:\\\/\\\/internetaddictsanonymous.org\\\/do-i-have-an-addiction\\\/\"]}]},{\"@type\":\"BreadcrumbList\",\"@id\":\"https:\\\/\\\/internetaddictsanonymous.org\\\/do-i-have-an-addiction\\\/#breadcrumb\",\"itemListElement\":[{\"@type\":\"ListItem\",\"position\":1,\"name\":\"Home\",\"item\":\"https:\\\/\\\/internetaddictsanonymous.org\\\/\"},{\"@type\":\"ListItem\",\"position\":2,\"name\":\"Do I Have an Addiction?\"}]},{\"@type\":\"WebSite\",\"@id\":\"https:\\\/\\\/internetaddictsanonymous.org\\\/#website\",\"url\":\"https:\\\/\\\/internetaddictsanonymous.org\\\/\",\"name\":\"Internet and Technology Addicts Anonymous\",\"description\":\"Worldwide 12-step Fellowship for Internet and Technology Addiction\",\"publisher\":{\"@id\":\"https:\\\/\\\/internetaddictsanonymous.org\\\/#organization\"},\"potentialAction\":[{\"@type\":\"SearchAction\",\"target\":{\"@type\":\"EntryPoint\",\"urlTemplate\":\"https:\\\/\\\/internetaddictsanonymous.org\\\/?s={search_term_string}\"},\"query-input\":{\"@type\":\"PropertyValueSpecification\",\"valueRequired\":true,\"valueName\":\"search_term_string\"}}],\"inLanguage\":\"de\"},{\"@type\":\"Organization\",\"@id\":\"https:\\\/\\\/internetaddictsanonymous.org\\\/#organization\",\"name\":\"Internet and Technology Addicts Anonymous\",\"url\":\"https:\\\/\\\/internetaddictsanonymous.org\\\/\",\"logo\":{\"@type\":\"ImageObject\",\"inLanguage\":\"de\",\"@id\":\"https:\\\/\\\/internetaddictsanonymous.org\\\/#\\\/schema\\\/logo\\\/image\\\/\",\"url\":\"https:\\\/\\\/internetaddictsanonymous.org\\\/wp-content\\\/uploads\\\/2023\\\/01\\\/cropped-ITAA-logo-480px.png\",\"contentUrl\":\"https:\\\/\\\/internetaddictsanonymous.org\\\/wp-content\\\/uploads\\\/2023\\\/01\\\/cropped-ITAA-logo-480px.png\",\"width\":480,\"height\":480,\"caption\":\"Internet and Technology Addicts Anonymous\"},\"image\":{\"@id\":\"https:\\\/\\\/internetaddictsanonymous.org\\\/#\\\/schema\\\/logo\\\/image\\\/\"}}]}<\/script>\n<!-- \/ Yoast SEO plugin. -->","yoast_head_json":{"title":"Habe ich eine Sucht? - Anonyme Internet- und Technologies\u00fcchtige","description":"Wenn Sie neu bei ITAA sind, fragen Sie sich vielleicht, ob Sie eine Internet- und Technologiesucht haben.","robots":{"index":"index","follow":"follow","max-snippet":"max-snippet:-1","max-image-preview":"max-image-preview:large","max-video-preview":"max-video-preview:-1"},"canonical":"https:\/\/internetaddictsanonymous.org\/de\/habe-ich-eine-sucht\/","og_locale":"de_DE","og_type":"article","og_title":"Do I Have an Addiction? &#8211; Internet and Technology Addicts Anonymous","og_description":"If you are new to ITAA, you may be wondering whether you have an internet and technology addiction.","og_url":"https:\/\/internetaddictsanonymous.org\/de\/habe-ich-eine-sucht\/","og_site_name":"Internet and Technology Addicts Anonymous","article_modified_time":"2025-04-20T19:14:24+00:00","twitter_card":"summary_large_image","twitter_misc":{"Gesch\u00e4tzte Lesezeit":"3\u00a0Minuten"},"schema":{"@context":"https:\/\/schema.org","@graph":[{"@type":"WebPage","@id":"https:\/\/internetaddictsanonymous.org\/do-i-have-an-addiction\/","url":"https:\/\/internetaddictsanonymous.org\/do-i-have-an-addiction\/","name":"Habe ich eine Sucht? - Anonyme Internet- und Technologies\u00fcchtige","isPartOf":{"@id":"https:\/\/internetaddictsanonymous.org\/#website"},"datePublished":"2022-08-29T17:12:59+00:00","dateModified":"2025-04-20T19:14:24+00:00","description":"Wenn Sie neu bei ITAA sind, fragen Sie sich vielleicht, ob Sie eine Internet- und Technologiesucht haben.","breadcrumb":{"@id":"https:\/\/internetaddictsanonymous.org\/do-i-have-an-addiction\/#breadcrumb"},"inLanguage":"de","potentialAction":[{"@type":"ReadAction","target":["https:\/\/internetaddictsanonymous.org\/do-i-have-an-addiction\/"]}]},{"@type":"BreadcrumbList","@id":"https:\/\/internetaddictsanonymous.org\/do-i-have-an-addiction\/#breadcrumb","itemListElement":[{"@type":"ListItem","position":1,"name":"Home","item":"https:\/\/internetaddictsanonymous.org\/"},{"@type":"ListItem","position":2,"name":"Do I Have an Addiction?"}]},{"@type":"WebSite","@id":"https:\/\/internetaddictsanonymous.org\/#website","url":"https:\/\/internetaddictsanonymous.org\/","name":"Die anonymen Internet- und Technologies\u00fcchtigen","description":"Weltweite 12-Schritte-Gemeinschaft f\u00fcr Internet- und Techniksucht","publisher":{"@id":"https:\/\/internetaddictsanonymous.org\/#organization"},"potentialAction":[{"@type":"SearchAction","target":{"@type":"EntryPoint","urlTemplate":"https:\/\/internetaddictsanonymous.org\/?s={search_term_string}"},"query-input":{"@type":"PropertyValueSpecification","valueRequired":true,"valueName":"search_term_string"}}],"inLanguage":"de"},{"@type":"Organization","@id":"https:\/\/internetaddictsanonymous.org\/#organization","name":"Die anonymen Internet- und Technologies\u00fcchtigen","url":"https:\/\/internetaddictsanonymous.org\/","logo":{"@type":"ImageObject","inLanguage":"de","@id":"https:\/\/internetaddictsanonymous.org\/#\/schema\/logo\/image\/","url":"https:\/\/internetaddictsanonymous.org\/wp-content\/uploads\/2023\/01\/cropped-ITAA-logo-480px.png","contentUrl":"https:\/\/internetaddictsanonymous.org\/wp-content\/uploads\/2023\/01\/cropped-ITAA-logo-480px.png","width":480,"height":480,"caption":"Internet and Technology Addicts Anonymous"},"image":{"@id":"https:\/\/internetaddictsanonymous.org\/#\/schema\/logo\/image\/"}}]}},"jetpack_sharing_enabled":true,"jetpack_shortlink":"https:\/\/wp.me\/P9Fwob-3G6","_links":{"self":[{"href":"https:\/\/internetaddictsanonymous.org\/de\/wp-json\/wp\/v2\/pages\/14142","targetHints":{"allow":["GET"]}}],"collection":[{"href":"https:\/\/internetaddictsanonymous.org\/de\/wp-json\/wp\/v2\/pages"}],"about":[{"href":"https:\/\/internetaddictsanonymous.org\/de\/wp-json\/wp\/v2\/types\/page"}],"author":[{"embeddable":true,"href":"https:\/\/internetaddictsanonymous.org\/de\/wp-json\/wp\/v2\/users\/35194237"}],"replies":[{"embeddable":true,"href":"https:\/\/internetaddictsanonymous.org\/de\/wp-json\/wp\/v2\/comments?post=14142"}],"version-history":[{"count":6,"href":"https:\/\/internetaddictsanonymous.org\/de\/wp-json\/wp\/v2\/pages\/14142\/revisions"}],"predecessor-version":[{"id":19632,"href":"https:\/\/internetaddictsanonymous.org\/de\/wp-json\/wp\/v2\/pages\/14142\/revisions\/19632"}],"wp:attachment":[{"href":"https:\/\/internetaddictsanonymous.org\/de\/wp-json\/wp\/v2\/media?parent=14142"}],"wp:term":[{"taxonomy":"post_tag","embeddable":true,"href":"https:\/\/internetaddictsanonymous.org\/de\/wp-json\/wp\/v2\/tags?post=14142"}],"curies":[{"name":"wp","href":"https:\/\/api.w.org\/{rel}","templated":true}]}}