{"id":14440,"date":"2022-10-24T01:33:42","date_gmt":"2022-10-24T05:33:42","guid":{"rendered":"https:\/\/internetaddictsanonymous.org\/?page_id=14440"},"modified":"2023-02-19T13:16:50","modified_gmt":"2023-02-19T18:16:50","slug":"nicht-englischsprachige-begegnungen","status":"publish","type":"page","link":"https:\/\/internetaddictsanonymous.org\/de\/non-english-meetings\/","title":{"rendered":"Nicht-englischer Sitzungskalender"},"content":{"rendered":"<p>Nachstehend finden Sie einen Kalender der nicht-englischen ITAA-Treffen. Wir haben derzeit Treffen in Spanisch, Portugiesisch, Franz\u00f6sisch, Deutsch, Hebr\u00e4isch, Russisch, Polnisch, Koreanisch und Arabisch.\u00a0<strong><mark style=\"background-color:rgba(0, 0, 0, 0)\" class=\"has-inline-color has-dark-gray-color\">Die Besprechungszeiten werden in Ihrer lokalen Zeitzone angezeigt. <\/mark><\/strong>Sie finden die Details zu jeder Besprechung, einschlie\u00dflich des Videolinks, der Einwahlnummern und des Besprechungsschwerpunkts, indem Sie auf das Besprechungsereignis im Kalender klicken.<\/p>\n\n\n\n<p><strong><mark style=\"background-color:rgba(0, 0, 0, 0)\" class=\"has-inline-color has-dark-gray-color\">Wenn Sie neu sind, m\u00f6chten wir Sie ermutigen, innerhalb eines kurzen Zeitraums an sechs Treffen teilzunehmen, um zu sehen, ob unser Programm f\u00fcr Sie hilfreich sein k\u00f6nnte.<\/mark><\/strong> Jedes Treffen ist etwas anders, und wir freuen uns immer \u00fcber neue Mitglieder. Alle Treffen sind v\u00f6llig kostenlos und anonym.<\/p>\n\n\n<p><iframe style=\"height: 1150px; width: 100%;\" src=\"https:\/\/teamup.com\/ks4zmgyh24h9ae4dwm?view=a&amp;showHeader=0&amp;showLogo=0&amp;showTitle=0&amp;disableSidepanel=1&amp;showViewSelector=1\" width=\"100%\" height=\"1150\" frameborder=\"0\"><\/iframe><\/p>\n\n\n<p>Hier finden Sie die vollst\u00e4ndige Liste der ITAA-Treffen, einschlie\u00dflich der englischen Treffen <a href=\"https:\/\/internetaddictsanonymous.org\/de\/online-meetings\/\">hier<\/a>.<\/p>\n\n\n\n<h3 class=\"wp-block-heading\"><strong>Wie funktionieren Meetings?<\/strong><\/h3>\n\n\n\n<p>Wenn Sie zum ersten Mal an einer Sitzung teilnehmen, brauchen Sie nicht nerv\u00f6s zu sein. Die meisten unserer Sitzungen sind sehr einfach; jede Sitzung hat einen Vorsitzenden, der die Sitzung leitet, und die meisten Sitzungen dauern eine Stunde. Der Vorsitzende und andere Freiwillige lesen einige einleitende Erkl\u00e4rungen vor, bevor wir die Sitzung f\u00fcr die Mitglieder \u00f6ffnen, damit sie sich austauschen k\u00f6nnen. Es gibt keine Verpflichtung, etwas zu sagen, und es ist in Ordnung, einfach zuzuh\u00f6ren. Sie k\u00f6nnen erz\u00e4hlen, wie es Ihnen geht, sich vorstellen und was Sie zur ITAA gebracht hat, oder Fragen stellen. Wenn es nicht von dem Mitglied, das sich mitteilt, gew\u00fcnscht wird, machen wir keine Vorschl\u00e4ge oder Kommentare als Antwort auf die Beitr\u00e4ge der anderen; wir h\u00f6ren einfach zu, ohne zu urteilen. Am Ende der Stunde wird das Treffen mit einigen abschlie\u00dfenden Erkl\u00e4rungen beendet, nach denen die Mitglieder normalerweise in der Leitung bleiben, um zwanglos zu reden, Fragen zu stellen und Kontaktdaten auszutauschen.<\/p>\n\n\n\n<h3 class=\"wp-block-heading\"><strong>Unterschiedliche Namen von Treffen<\/strong><\/h3>\n\n\n\n<p>Viele Meetings im Kalender haben eigene Namen. Dies soll helfen, die Meetings zu unterscheiden. Einige Meetings folgen einem bestimmten Format. Solche Details kannst du erfahren, in dem du mit der Maus \u00fcber ein Meeting f\u00e4hrst oder darauf klickst. Wenn f\u00fcr ein Meeting keine Details angegeben sind, folgt es meistens dem <a href=\"https:\/\/internetaddictsanonymous.org\/de\/online-meeting-plan\/standardskript-fur-meetings\/\">Standardskript f\u00fcr Meetings<\/a>- Dennoch ist jedes Meeting ein bisschen anders und hat eine andere Atmosph\u00e4re. Wenn du nicht sicher ist, welches Meeting richtig f\u00fcr dich ist, kannst du ein paar verschiedene ausprobieren, um herauszufinden, welche etwas f\u00fcr dich sind.<\/p>\n\n\n\n<h3 class=\"wp-block-heading\"><strong>Sicherheit<\/strong><\/h3>\n\n\n\n<p>In unseren Meetings ist die Bildschirmfreigabe deaktiviert und die Verschl\u00fcsselung aktiviert. Hosts k\u00f6nnen st\u00f6rende Teilnehmer*innen stummschalten und entfernen. Wenn du ein Meeting veranstaltest, empfehlen wir dir, lies die ITAA <a href=\"https:\/\/internetaddictsanonymous.org\/de\/sicherheitsrichtlinien-fur-itaa-meeting-hosts\/\">Anleitung zum Umgang mit St\u00f6rungen<\/a>.<\/p>\n\n\n\n<h3 class=\"wp-block-heading\"><strong>Zug\u00e4nglichkeitsbezogene Ressourcen<\/strong><\/h3>\n\n\n\n<p><a href=\"https:\/\/internetaddictsanonymous.org\/de\/zuganglichkeit\/\">Zug\u00e4nglichkeit f\u00fcr sprach- und h\u00f6rgesch\u00e4digte Mitglieder<\/a><\/p>\n\n\n\n<p><a href=\"https:\/\/support.zoom.us\/hc\/en-us\/articles\/201362893-How-much-bandwidth-do-I-need-when-using-3G-or-4G-LTE\">Bandbreitenbedarf bei Verwendung von 3G, 4G\/LTE oder 5G (support.zoom.us)<\/a><\/p>\n\n\n\n<p><a href=\"https:\/\/support.zoom.us\/hc\/en-us\/articles\/4409500570381-Stopping-all-incoming-video-in-a-meeting-or-webinar\">So stoppen Sie alle eingehenden Videos (support.zoom.us<\/a>)<\/p>\n<!-- PMB print buttons is only displayed on a single post\/page URLs-->","protected":false},"excerpt":{"rendered":"<p>Unten finden Sie einen Kalender der nicht englischsprachigen ITAA-Meetings. Derzeit haben wir Meetings auf Spanisch, Portugiesisch, Franz\u00f6sisch, Deutsch, Hebr\u00e4isch, Russisch, Polnisch, Koreanisch und Arabisch. Die Meetingzeiten werden in Ihrer lokalen Zeitzone angezeigt. Sie finden die Details zu jedem Meeting, einschlie\u00dflich Videolink, Einwahlnummern und Meeting-Schwerpunkt, indem Sie auf das Meeting-Ereignis in \u2026 klicken. <a href=\"https:\/\/internetaddictsanonymous.org\/de\/non-english-meetings\/\" class=\"more-link\"><span class=\"screen-reader-text\">Nicht-englischer Sitzungskalender<\/span> weiterlesen<\/a><\/p>","protected":false},"author":35194237,"featured_media":0,"parent":0,"menu_order":0,"comment_status":"closed","ping_status":"closed","template":"full-width-page.php","meta":{"inline_featured_image":false,"_lmt_disableupdate":"","_lmt_disable":"","footnotes":""},"tags":[],"class_list":["post-14440","page","type-page","status-publish","hentry"],"yoast_head":"<!-- This site is optimized with the Yoast SEO plugin v27.5 - https:\/\/yoast.com\/product\/yoast-seo-wordpress\/ -->\n<title>Non-English Meeting Calendar &#8211; Internet and Technology Addicts Anonymous<\/title>\n<meta name=\"robots\" content=\"index, follow, max-snippet:-1, max-image-preview:large, max-video-preview:-1\" \/>\n<link rel=\"canonical\" href=\"https:\/\/internetaddictsanonymous.org\/de\/nicht-englischsprachige-begegnungen\/\" \/>\n<meta property=\"og:locale\" content=\"de_DE\" \/>\n<meta property=\"og:type\" content=\"article\" \/>\n<meta property=\"og:title\" content=\"Non-English Meeting Calendar &#8211; Internet and Technology Addicts Anonymous\" \/>\n<meta property=\"og:description\" content=\"Below is a calendar of non-English ITAA meetings. We currently have meetings in Spanish, Portuguese, French, German, Hebrew, Russian, Polish, Korean, and Arabic.\u00a0Meeting times are displayed in your local time zone. You can find the details for each meeting, including the video link, dial-in numbers, and meeting focus, by clicking on the meeting event in &hellip; Non-English Meeting Calendar weiterlesen\" \/>\n<meta property=\"og:url\" content=\"https:\/\/internetaddictsanonymous.org\/de\/nicht-englischsprachige-begegnungen\/\" \/>\n<meta property=\"og:site_name\" content=\"Internet and Technology Addicts Anonymous\" \/>\n<meta property=\"article:modified_time\" content=\"2023-02-19T18:16:50+00:00\" \/>\n<meta name=\"twitter:card\" content=\"summary_large_image\" \/>\n<meta name=\"twitter:label1\" content=\"Gesch\u00e4tzte Lesezeit\" \/>\n\t<meta name=\"twitter:data1\" content=\"2\u00a0Minuten\" \/>\n<script type=\"application\/ld+json\" class=\"yoast-schema-graph\">{\"@context\":\"https:\\\/\\\/schema.org\",\"@graph\":[{\"@type\":\"WebPage\",\"@id\":\"https:\\\/\\\/internetaddictsanonymous.org\\\/non-english-meetings\\\/\",\"url\":\"https:\\\/\\\/internetaddictsanonymous.org\\\/non-english-meetings\\\/\",\"name\":\"Non-English Meeting Calendar &#8211; Internet and Technology Addicts Anonymous\",\"isPartOf\":{\"@id\":\"https:\\\/\\\/internetaddictsanonymous.org\\\/#website\"},\"datePublished\":\"2022-10-24T05:33:42+00:00\",\"dateModified\":\"2023-02-19T18:16:50+00:00\",\"breadcrumb\":{\"@id\":\"https:\\\/\\\/internetaddictsanonymous.org\\\/non-english-meetings\\\/#breadcrumb\"},\"inLanguage\":\"de\",\"potentialAction\":[{\"@type\":\"ReadAction\",\"target\":[\"https:\\\/\\\/internetaddictsanonymous.org\\\/non-english-meetings\\\/\"]}]},{\"@type\":\"BreadcrumbList\",\"@id\":\"https:\\\/\\\/internetaddictsanonymous.org\\\/non-english-meetings\\\/#breadcrumb\",\"itemListElement\":[{\"@type\":\"ListItem\",\"position\":1,\"name\":\"Home\",\"item\":\"https:\\\/\\\/internetaddictsanonymous.org\\\/\"},{\"@type\":\"ListItem\",\"position\":2,\"name\":\"Non-English Meeting Calendar\"}]},{\"@type\":\"WebSite\",\"@id\":\"https:\\\/\\\/internetaddictsanonymous.org\\\/#website\",\"url\":\"https:\\\/\\\/internetaddictsanonymous.org\\\/\",\"name\":\"Internet and Technology Addicts Anonymous\",\"description\":\"Worldwide 12-step Fellowship for Internet and Technology Addiction\",\"publisher\":{\"@id\":\"https:\\\/\\\/internetaddictsanonymous.org\\\/#organization\"},\"potentialAction\":[{\"@type\":\"SearchAction\",\"target\":{\"@type\":\"EntryPoint\",\"urlTemplate\":\"https:\\\/\\\/internetaddictsanonymous.org\\\/?s={search_term_string}\"},\"query-input\":{\"@type\":\"PropertyValueSpecification\",\"valueRequired\":true,\"valueName\":\"search_term_string\"}}],\"inLanguage\":\"de\"},{\"@type\":\"Organization\",\"@id\":\"https:\\\/\\\/internetaddictsanonymous.org\\\/#organization\",\"name\":\"Internet and Technology Addicts Anonymous\",\"url\":\"https:\\\/\\\/internetaddictsanonymous.org\\\/\",\"logo\":{\"@type\":\"ImageObject\",\"inLanguage\":\"de\",\"@id\":\"https:\\\/\\\/internetaddictsanonymous.org\\\/#\\\/schema\\\/logo\\\/image\\\/\",\"url\":\"https:\\\/\\\/internetaddictsanonymous.org\\\/wp-content\\\/uploads\\\/2023\\\/01\\\/cropped-ITAA-logo-480px.png\",\"contentUrl\":\"https:\\\/\\\/internetaddictsanonymous.org\\\/wp-content\\\/uploads\\\/2023\\\/01\\\/cropped-ITAA-logo-480px.png\",\"width\":480,\"height\":480,\"caption\":\"Internet and Technology Addicts Anonymous\"},\"image\":{\"@id\":\"https:\\\/\\\/internetaddictsanonymous.org\\\/#\\\/schema\\\/logo\\\/image\\\/\"}}]}<\/script>\n<!-- \/ Yoast SEO plugin. -->","yoast_head_json":{"title":"Nicht-englischsprachiger Meeting-Kalender - Internet and Technology Addicts Anonymous","robots":{"index":"index","follow":"follow","max-snippet":"max-snippet:-1","max-image-preview":"max-image-preview:large","max-video-preview":"max-video-preview:-1"},"canonical":"https:\/\/internetaddictsanonymous.org\/de\/nicht-englischsprachige-begegnungen\/","og_locale":"de_DE","og_type":"article","og_title":"Non-English Meeting Calendar &#8211; Internet and Technology Addicts Anonymous","og_description":"Below is a calendar of non-English ITAA meetings. We currently have meetings in Spanish, Portuguese, French, German, Hebrew, Russian, Polish, Korean, and Arabic.\u00a0Meeting times are displayed in your local time zone. You can find the details for each meeting, including the video link, dial-in numbers, and meeting focus, by clicking on the meeting event in &hellip; Non-English Meeting Calendar weiterlesen","og_url":"https:\/\/internetaddictsanonymous.org\/de\/nicht-englischsprachige-begegnungen\/","og_site_name":"Internet and Technology Addicts Anonymous","article_modified_time":"2023-02-19T18:16:50+00:00","twitter_card":"summary_large_image","twitter_misc":{"Gesch\u00e4tzte Lesezeit":"2\u00a0Minuten"},"schema":{"@context":"https:\/\/schema.org","@graph":[{"@type":"WebPage","@id":"https:\/\/internetaddictsanonymous.org\/non-english-meetings\/","url":"https:\/\/internetaddictsanonymous.org\/non-english-meetings\/","name":"Nicht-englischsprachiger Meeting-Kalender - Internet and Technology Addicts Anonymous","isPartOf":{"@id":"https:\/\/internetaddictsanonymous.org\/#website"},"datePublished":"2022-10-24T05:33:42+00:00","dateModified":"2023-02-19T18:16:50+00:00","breadcrumb":{"@id":"https:\/\/internetaddictsanonymous.org\/non-english-meetings\/#breadcrumb"},"inLanguage":"de","potentialAction":[{"@type":"ReadAction","target":["https:\/\/internetaddictsanonymous.org\/non-english-meetings\/"]}]},{"@type":"BreadcrumbList","@id":"https:\/\/internetaddictsanonymous.org\/non-english-meetings\/#breadcrumb","itemListElement":[{"@type":"ListItem","position":1,"name":"Home","item":"https:\/\/internetaddictsanonymous.org\/"},{"@type":"ListItem","position":2,"name":"Non-English Meeting Calendar"}]},{"@type":"WebSite","@id":"https:\/\/internetaddictsanonymous.org\/#website","url":"https:\/\/internetaddictsanonymous.org\/","name":"Die anonymen Internet- und Technologies\u00fcchtigen","description":"Weltweite 12-Schritte-Gemeinschaft f\u00fcr Internet- und Techniksucht","publisher":{"@id":"https:\/\/internetaddictsanonymous.org\/#organization"},"potentialAction":[{"@type":"SearchAction","target":{"@type":"EntryPoint","urlTemplate":"https:\/\/internetaddictsanonymous.org\/?s={search_term_string}"},"query-input":{"@type":"PropertyValueSpecification","valueRequired":true,"valueName":"search_term_string"}}],"inLanguage":"de"},{"@type":"Organization","@id":"https:\/\/internetaddictsanonymous.org\/#organization","name":"Die anonymen Internet- und Technologies\u00fcchtigen","url":"https:\/\/internetaddictsanonymous.org\/","logo":{"@type":"ImageObject","inLanguage":"de","@id":"https:\/\/internetaddictsanonymous.org\/#\/schema\/logo\/image\/","url":"https:\/\/internetaddictsanonymous.org\/wp-content\/uploads\/2023\/01\/cropped-ITAA-logo-480px.png","contentUrl":"https:\/\/internetaddictsanonymous.org\/wp-content\/uploads\/2023\/01\/cropped-ITAA-logo-480px.png","width":480,"height":480,"caption":"Internet and Technology Addicts Anonymous"},"image":{"@id":"https:\/\/internetaddictsanonymous.org\/#\/schema\/logo\/image\/"}}]}},"jetpack_sharing_enabled":true,"jetpack_shortlink":"https:\/\/wp.me\/P9Fwob-3KU","_links":{"self":[{"href":"https:\/\/internetaddictsanonymous.org\/de\/wp-json\/wp\/v2\/pages\/14440","targetHints":{"allow":["GET"]}}],"collection":[{"href":"https:\/\/internetaddictsanonymous.org\/de\/wp-json\/wp\/v2\/pages"}],"about":[{"href":"https:\/\/internetaddictsanonymous.org\/de\/wp-json\/wp\/v2\/types\/page"}],"author":[{"embeddable":true,"href":"https:\/\/internetaddictsanonymous.org\/de\/wp-json\/wp\/v2\/users\/35194237"}],"replies":[{"embeddable":true,"href":"https:\/\/internetaddictsanonymous.org\/de\/wp-json\/wp\/v2\/comments?post=14440"}],"version-history":[{"count":11,"href":"https:\/\/internetaddictsanonymous.org\/de\/wp-json\/wp\/v2\/pages\/14440\/revisions"}],"predecessor-version":[{"id":15383,"href":"https:\/\/internetaddictsanonymous.org\/de\/wp-json\/wp\/v2\/pages\/14440\/revisions\/15383"}],"wp:attachment":[{"href":"https:\/\/internetaddictsanonymous.org\/de\/wp-json\/wp\/v2\/media?parent=14440"}],"wp:term":[{"taxonomy":"post_tag","embeddable":true,"href":"https:\/\/internetaddictsanonymous.org\/de\/wp-json\/wp\/v2\/tags?post=14440"}],"curies":[{"name":"wp","href":"https:\/\/api.w.org\/{rel}","templated":true}]}}