{"id":148,"date":"2018-12-31T19:54:10","date_gmt":"2018-12-31T19:54:10","guid":{"rendered":"https:\/\/internetaddictsanonymous.org\/?page_id=148"},"modified":"2026-04-03T12:44:36","modified_gmt":"2026-04-03T19:44:36","slug":"lokale-internet-sucht-treffen","status":"publish","type":"page","link":"https:\/\/internetaddictsanonymous.org\/de\/in-person-meetings\/","title":{"rendered":"Pers\u00f6nliche Treffen"},"content":{"rendered":"<p>Willkommen! <strong>Nachfolgend finden Sie eine Liste der aktuellen und <span style=\"color: orange;\">Potenzial<\/span> Pr\u00e4senztreffen der ITAA.<\/strong> Wenn Sie neu bei uns sind, empfehlen wir Ihnen, zun\u00e4chst sechs Treffen innerhalb eines kurzen Zeitraums zu besuchen, um zu sehen, ob unser Programm f\u00fcr Sie hilfreich sein k\u00f6nnte.<\/p>\n\n\n<iframe src=\"https:\/\/www.google.com\/maps\/d\/u\/2\/embed?mid=1jNKsT5CquIfOcUgBv1OV0Suuf7qPFzMN\" width=\"880\" height=\"500\"><\/iframe>\n\n\n\n<p><em>Um diese Karte im Vollbildmodus anzuzeigen, klicke <a href=\"https:\/\/www.google.com\/maps\/d\/u\/3\/edit?mid=1jNKsT5CquIfOcUgBv1OV0Suuf7qPFzMN&amp;usp=sharing\" target=\"_blank\" rel=\"noreferrer noopener\">hier<\/a>.<\/em><\/p>\n\n\n\n<p>Jeder Ort, an dem derzeit keine aktiven Pr\u00e4senztreffen stattfinden, an dem aber ein oder mehrere Mitglieder Interesse an der Einrichtung eines solchen Treffens bekundet haben, wird gekennzeichnet durch <span style=\"color:orange;\">diese orange Farbe<\/span>. Wenn Sie ein Treffen in einem dieser Bereiche w\u00fcnschen, wenden Sie sich bitte an den auf dieser Seite angegebenen Ansprechpartner.<\/p>\n\n\n\n<p><em>Wenn Sie kein Treffen in Ihrer Stadt sehen, klicken Sie auf <a href=\"#no-meetings\">hier<\/a>.<\/em><\/p>\n\n\n\n<p class=\"has-text-align-center\">-~-<\/p>\n\n\n\n<h3 class=\"wp-block-heading\" id=\"united-states\">Vereinigte Staaten (USA)<\/h3>\n\n\n\n<div class=\"wp-block-group is-layout-grid wp-container-core-group-is-layout-6be84c55 wp-block-group-is-layout-grid\">\n<p><strong><a href=\"https:\/\/internetaddictsanonymous.org\/de\/lokale-internet-sucht-treffen\/usa-ca\/\">Kalifornien (CA)<\/a><\/strong><\/p>\n\n\n\n<p><strong><a href=\"https:\/\/internetaddictsanonymous.org\/de\/lokale-internet-sucht-treffen\/usa-co\/\">Colorado (CO)<\/a><\/strong><\/p>\n\n\n\n<p><strong style=\"font-weight: bold;\"><a style=\"font-weight: bold;\" href=\"https:\/\/internetaddictsanonymous.org\/de\/lokale-internet-sucht-treffen\/us-dc-washington\/\">Washington (DC<\/a>)<\/strong><\/p>\n\n\n\n<p><a href=\"https:\/\/internetaddictsanonymous.org\/de\/lokale-internet-sucht-treffen\/usa-ga\/\"><strong>Georgia (GA)<\/strong><\/a><\/p>\n\n\n\n<p class=\"wp-container-content-2155ee95\"><a href=\"https:\/\/internetaddictsanonymous.org\/de\/lokale-internet-sucht-treffen\/usa-il\/\"><strong>Illinois (IL)<\/strong><\/a><\/p>\n\n\n\n<p><strong><a href=\"https:\/\/internetaddictsanonymous.org\/de\/lokale-internet-sucht-treffen\/usa-ky\/\">Kentucky (KY)<\/a><\/strong><\/p>\n\n\n\n<p><a href=\"https:\/\/internetaddictsanonymous.org\/de\/lokale-internet-sucht-treffen\/usa-md\/\"><strong>Maryland (MD)<\/strong><\/a><\/p>\n\n\n\n<p><strong><a href=\"https:\/\/internetaddictsanonymous.org\/de\/lokale-internet-sucht-treffen\/usa-ma\/\">Massachusetts (MA)<\/a><\/strong><\/p>\n\n\n\n<p class=\"wp-container-content-2155ee95\"><strong><a href=\"https:\/\/internetaddictsanonymous.org\/de\/lokale-internet-sucht-treffen\/usa-mi\/\">Michigan (MI)<\/a><\/strong><\/p>\n\n\n\n<p><strong><a href=\"https:\/\/internetaddictsanonymous.org\/de\/lokale-internet-sucht-treffen\/usa-mn\/\">Minnesota (MN)<\/a><\/strong><\/p>\n\n\n\n<p><strong><a href=\"https:\/\/internetaddictsanonymous.org\/de\/lokale-internet-sucht-treffen\/usa-nj\/\">New Jersey (NJ)<\/a><\/strong><\/p>\n\n\n\n<p><span><a style=\"font-weight: bold;\" href=\"https:\/\/internetaddictsanonymous.org\/de\/lokale-internet-sucht-treffen\/usa-ny\/\"><strong>New York (NY)<\/strong><\/a><\/span><\/p>\n\n\n\n<p><strong><a href=\"https:\/\/internetaddictsanonymous.org\/de\/lokale-internet-sucht-treffen\/usa-nc-cary\/\">North Carolina (NC)<\/a><\/strong><\/p>\n\n\n\n<p><strong><a href=\"https:\/\/internetaddictsanonymous.org\/de\/lokale-internet-sucht-treffen\/usa-oder\/\">Oregon (OR)<\/a><\/strong><\/p>\n\n\n\n<p><a href=\"https:\/\/internetaddictsanonymous.org\/de\/lokale-internet-sucht-treffen\/us-pa\/\"><strong>Pennsylvania (PA)<\/strong><\/a><\/p>\n\n\n\n<p><a href=\"https:\/\/internetaddictsanonymous.org\/de\/lokale-internet-sucht-treffen\/us-texas\/\"><strong>Texas (TX)<\/strong><\/a><\/p>\n\n\n\n<p><a href=\"https:\/\/internetaddictsanonymous.org\/de\/lokale-internet-sucht-treffen\/us-va\/\"><strong>Virginia (VA)<\/strong><\/a><\/p>\n\n\n\n<p class=\"wp-container-content-2155ee95\"><a href=\"https:\/\/internetaddictsanonymous.org\/de\/itaa-in-new-mexico\/\"><strong>New Mexico<\/strong> <strong>(NM)<\/strong><\/a><\/p>\n\n\n\n<p class=\"wp-container-content-2155ee95\"><a href=\"https:\/\/internetaddictsanonymous.org\/de\/lokale-internet-sucht-treffen\/uns-wa\/\" type=\"link\" id=\"https:\/\/internetaddictsanonymous.org\/in-person-meetings\/us-wa\/\"><strong>Washington, (WA)<\/strong><\/a><\/p>\n\n\n\n<p class=\"has-text-color has-link-color wp-elements-1dff8357ef80e4759c8e5087f05737ec wp-container-content-2155ee95\" style=\"color:#ed960c\"><a href=\"https:\/\/internetaddictsanonymous.org\/de\/itaa-in-ohio-us\/\" type=\"link\" id=\"https:\/\/internetaddictsanonymous.org\/in-person-meetings\/us-wa\/\"><strong>Ohio, (OH), (Potenzial)<\/strong><\/a><\/p>\n<\/div>\n\n\n\n<p><\/p>\n\n\n\n<h3 class=\"wp-block-heading\" id=\"united-states\">Kanada<\/h3>\n\n\n\n<div class=\"wp-block-group is-layout-grid wp-container-core-group-is-layout-6be84c55 wp-block-group-is-layout-grid\">\n<p><strong><a href=\"https:\/\/internetaddictsanonymous.org\/de\/lokale-internet-sucht-treffen\/kanada-montreal\/\"><span style=\"color:orange;\">Montreal (Potenzial)<\/span><\/a><\/strong><\/p>\n\n\n\n<p><strong><a href=\"https:\/\/internetaddictsanonymous.org\/de\/lokale-internet-sucht-treffen\/itaa-in-toronto-kanada\/\">Toronto<\/a><\/strong><\/p>\n\n\n\n<p><strong><a href=\"https:\/\/internetaddictsanonymous.org\/de\/lokale-internet-sucht-treffen\/kanada-vancouver\/\">Vancouver<\/a><\/strong><\/p>\n<\/div>\n\n\n\n<p><\/p>\n\n\n\n<h3 class=\"wp-block-heading\" id=\"europe\">Europa<\/h3>\n\n\n\n<div class=\"wp-block-group is-layout-grid wp-container-core-group-is-layout-6be84c55 wp-block-group-is-layout-grid\">\n<p class=\"wp-container-content-2155ee95\"><strong><a href=\"https:\/\/internetaddictsanonymous.org\/de\/lokale-internet-sucht-treffen\/belgien\/\">Belgien<\/a><\/strong><\/p>\n\n\n\n<p><strong><a href=\"https:\/\/internetaddictsanonymous.org\/de\/lokale-internet-sucht-treffen\/danemark\/\">D\u00e4nemark<\/a><\/strong><\/p>\n\n\n\n<p><a href=\"https:\/\/internetaddictsanonymous.org\/de\/lokale-internet-sucht-treffen\/frankreich\/\"><strong>Frankreich<\/strong><\/a><\/p>\n\n\n\n<p><a href=\"https:\/\/internetaddictsanonymous.org\/de\/deutschland\/\"><strong>Deutschland<\/strong><\/a><\/p>\n\n\n\n<p><strong><a href=\"https:\/\/internetaddictsanonymous.org\/de\/lokale-internet-sucht-treffen\/hungary-budapest\/\">Ungarn<\/a><\/strong><\/p>\n\n\n\n<p class=\"wp-container-content-2155ee95\"><strong><a href=\"https:\/\/internetaddictsanonymous.org\/de\/lokale-internet-sucht-treffen\/polen-bialystok\/\">Polen<\/a><\/strong><\/p>\n\n\n\n<p><strong><a href=\"https:\/\/internetaddictsanonymous.org\/de\/lokale-internet-sucht-treffen\/portugal-lissabon\/\"><span style=\"color:orange;\">Portugal (Potenzial)<\/span><\/a><\/strong><\/p>\n\n\n\n<p class=\"wp-container-content-2155ee95\"><strong><a href=\"https:\/\/internetaddictsanonymous.org\/de\/lokale-internet-sucht-treffen\/russland-moskau\/\">Russland<\/a><\/strong><\/p>\n\n\n\n<p class=\"wp-container-content-2155ee95\"><strong><a href=\"https:\/\/internetaddictsanonymous.org\/de\/lokale-internet-sucht-treffen\/grosbritannien-london\/\">Vereinigtes K\u00f6nigreich<\/a><\/strong><\/p>\n\n\n\n<p><strong><a href=\"https:\/\/internetaddictsanonymous.org\/de\/lokale-internet-sucht-treffen\/schweden-uppsala\/\"><span style=\"color:orange;\">Schweden (Potenzial)<\/span><\/a><\/strong><\/p>\n\n\n\n<p class=\"wp-container-content-2155ee95\"><\/p>\n<\/div>\n\n\n\n<p><\/p>\n\n\n\n<h3 class=\"wp-block-heading\" id=\"united-states\">Lateinamerika<\/h3>\n\n\n\n<div class=\"wp-block-group is-layout-grid wp-container-core-group-is-layout-6be84c55 wp-block-group-is-layout-grid\">\n<p><strong><a href=\"https:\/\/internetaddictsanonymous.org\/de\/lokale-internet-sucht-treffen\/argentinien-rosario\/\"><span style=\"color:orange;\">Argentinien (Potenzial)<\/span><\/a><\/strong><\/p>\n\n\n\n<p><strong><a href=\"https:\/\/internetaddictsanonymous.org\/de\/lokale-internet-sucht-treffen\/brasilien-sao-paulo\/\"><span style=\"color:orange;\"><mark style=\"background-color:rgba(0, 0, 0, 0)\" class=\"has-inline-color has-dark-gray-color\">Brasilien<\/mark><\/span><\/a><\/strong><\/p>\n<\/div>\n\n\n\n<p><\/p>\n\n\n\n<h3 class=\"wp-block-heading\" id=\"united-states\">Asien<\/h3>\n\n\n\n<p><strong><a href=\"https:\/\/internetaddictsanonymous.org\/de\/itaa-in-ubud-bali\/\">Bali<\/a><\/strong><\/p>\n\n\n\n<p><\/p>\n\n\n\n<h3 class=\"wp-block-heading\" id=\"united-states\">Australien<\/h3>\n\n\n\n<div class=\"wp-block-group is-layout-grid wp-container-core-group-is-layout-6be84c55 wp-block-group-is-layout-grid\">\n<p><a href=\"https:\/\/internetaddictsanonymous.org\/de\/lokale-internet-sucht-treffen\/australien-adelaide\/\"><span style=\"color:orange;\"><strong>Adelaide (Potenzial)<\/strong><\/span><\/a><\/p>\n\n\n\n<p><a href=\"https:\/\/internetaddictsanonymous.org\/de\/lokale-internet-sucht-treffen\/australien-bendigo\/\"><span style=\"color:orange;\"><strong>Bendig<a href=\"https:\/\/internetaddictsanonymous.org\/de\/lokale-internet-sucht-treffen\/australien-adelaide\/\"><span style=\"color:orange;\">o <strong>(Potenzial)<\/strong><\/span><\/a><\/strong><\/span><\/a><\/p>\n\n\n\n<p><strong><a href=\"https:\/\/internetaddictsanonymous.org\/de\/lokale-internet-sucht-treffen\/australien-byronbay\/\"><span style=\"color:orange;\">Byron Bay <a href=\"https:\/\/internetaddictsanonymous.org\/de\/lokale-internet-sucht-treffen\/australien-adelaide\/\"><span style=\"color:orange;\"><strong>(Potenzial)<\/strong><\/span><\/a><\/span><\/a><\/strong><\/p>\n\n\n\n<p class=\"wp-container-content-2155ee95\"><a href=\"https:\/\/internetaddictsanonymous.org\/de\/lokale-internet-sucht-treffen\/australien-geelong\/\"><strong>Geelong<\/strong><\/a><\/p>\n\n\n\n<p><strong><a href=\"https:\/\/internetaddictsanonymous.org\/de\/lokale-internet-sucht-treffen\/australien-melbourne\/\">Melbourne<\/a><\/strong><\/p>\n<\/div>\n\n\n\n<p><\/p>\n\n\n\n<h3 class=\"wp-block-heading\" id=\"united-states\">Naher Osten<\/h3>\n\n\n\n<div class=\"wp-block-group is-layout-grid wp-container-core-group-is-layout-6be84c55 wp-block-group-is-layout-grid\">\n<p><strong><a href=\"https:\/\/internetaddictsanonymous.org\/de\/lokale-internet-sucht-treffen\/israel-jerusalem\/\">Israel<\/a><\/strong><\/p>\n\n\n\n<p class=\"has-text-color has-link-color wp-elements-f2a1f2fa45b7a487f7f78cb708ff8403\" style=\"color:#ffa500\"><strong><a href=\"https:\/\/internetaddictsanonymous.org\/de\/itaa-in-latakia-syria\/\">Syrien <a href=\"https:\/\/internetaddictsanonymous.org\/de\/lokale-internet-sucht-treffen\/australien-adelaide\/\"><span style=\"color:orange;\"><strong>(Potenzial)<\/strong><\/span><\/a><\/a><\/strong><\/p>\n<\/div>\n\n\n\n<p class=\"has-text-align-center\"><br>-~-<br><\/p>\n\n\n\n<h3 class=\"wp-block-heading\"><strong>Wie funktionieren Meetings?<\/strong><\/h3>\n\n\n\n<p id=\"no-meetings\">Wenn Sie zum ersten Mal an einer Sitzung teilnehmen, brauchen Sie nicht nerv\u00f6s zu sein. Die meisten unserer Sitzungen sind sehr einfach; jede Sitzung hat einen Vorsitzenden, der die Sitzung leitet, und die meisten Sitzungen dauern eine Stunde. Der Vorsitzende und andere Freiwillige lesen einige einleitende Erkl\u00e4rungen vor, bevor wir die Sitzung f\u00fcr die Mitglieder \u00f6ffnen, damit sie sich austauschen k\u00f6nnen. Es gibt keine Verpflichtung, etwas zu sagen, und es ist in Ordnung, einfach nur zuzuh\u00f6ren. Sie k\u00f6nnen erz\u00e4hlen, wie es Ihnen geht, oder sich einfach vorstellen und was Sie zur ITAA gebracht hat. Wenn es nicht von dem Mitglied, das sich mitteilt, gew\u00fcnscht wird, machen wir keine Vorschl\u00e4ge oder Kommentare als Antwort auf die Beitr\u00e4ge der anderen; wir h\u00f6ren einfach zu, ohne zu urteilen. Am Ende der Stunde wird das Treffen mit einigen abschlie\u00dfenden Erkl\u00e4rungen beendet, nach denen die Mitglieder normalerweise noch bleiben, um zwanglos zu reden, Fragen zu stellen und Kontaktdaten auszutauschen.<\/p>\n\n\n\n<h3 class=\"wp-block-heading\"><strong>Was ist, wenn es in meiner Stadt keine Treffen gibt?<\/strong><\/h3>\n\n\n\n<ul class=\"wp-block-list\">\n<li>W\u00e4hrend Sie auf ein lokales Treffen warten, <strong>ermutigen wir Sie zur Teilnahme an einigen unserer <a href=\"https:\/\/internetaddictsanonymous.org\/de\/online-meetings\/\">Online-Meetings<\/a><\/strong>. Sie sind eine unglaubliche Ressource, die Ihnen helfen kann <em>weniger<\/em> Zeit auf dem Bildschirm.<\/li>\n\n\n\n<li>Sie k\u00f6nnen selbst eine neue Besprechung beginnen und eine <a href=\"https:\/\/internetaddictsanonymous.org\/de\/kontakt\/\">Kontaktnachricht<\/a> an die Webmaster, damit sie es auf dieser Seite ver\u00f6ffentlichen k\u00f6nnen. F\u00fcr weitere Informationen empfehlen wir Ihnen die Lekt\u00fcre unserer <a href=\"https:\/\/internetaddictsanonymous.org\/de\/leading-and-strengthening-meetings\/\">Vorschl\u00e4ge zum Starten eines neuen Meetings<\/a>.<\/li>\n\n\n\n<li>Sie k\u00f6nnen auch <a href=\"https:\/\/internetaddictsanonymous.org\/de\/kontakt\/\">Kontakt zu den Webmastern<\/a> und bitten Sie sie, Ihre Stadt mit Ihren Kontaktdaten aufzulisten und eine kurze Notiz zu verfassen, in der Sie erkl\u00e4ren, dass Sie hoffen, bald ein neues Treffen zu starten. Auf diese Weise k\u00f6nnen andere interessierte lokale Mitglieder mit Ihnen Kontakt aufnehmen. <\/li>\n\n\n\n<li>Wenn Sie benachrichtigt werden m\u00f6chten, wenn ein neues ITAA-Treffen in Ihrer Region beginnt, k\u00f6nnen Sie dieses Formular ausf\u00fcllen&nbsp;<a href=\"https:\/\/forms.gle\/YXq4MFhxixg66kiF6\">Formular<\/a> damit wir Sie auf dem Laufenden halten k\u00f6nnen.<\/li>\n<\/ul>\n<!-- PMB print buttons is only displayed on a single post\/page URLs-->","protected":false},"excerpt":{"rendered":"<p>Herzlich willkommen! Unten finden Sie eine Liste aktueller und geplanter ITAA-Pr\u00e4senzveranstaltungen. Wenn Sie neu sind, empfehlen wir Ihnen, innerhalb kurzer Zeit sechs Veranstaltungen zu besuchen, um zu sehen, ob unser Programm f\u00fcr Sie hilfreich sein k\u00f6nnte. Um diese Karte im Vollbildmodus anzuzeigen, klicken Sie bitte hier. Jeder Standort, an dem derzeit \u2026 <a href=\"https:\/\/internetaddictsanonymous.org\/de\/in-person-meetings\/\" class=\"more-link\"><span class=\"screen-reader-text\">Pers\u00f6nliche Treffen<\/span> weiterlesen<\/a><\/p>","protected":false},"author":35194237,"featured_media":0,"parent":0,"menu_order":0,"comment_status":"closed","ping_status":"closed","template":"full-width-page.php","meta":{"inline_featured_image":false,"_lmt_disableupdate":"no","_lmt_disable":"","jetpack_post_was_ever_published":false,"footnotes":""},"tags":[655524897,655524899,307668,655524904,655524894,655524896,655524898,655524895,655524900,534293,1410996],"class_list":["post-148","page","type-page","status-publish","hentry","tag-dallas","tag-denver","tag-internet-addiction","tag-internet-addicts-anonymous","tag-internet-smartphone-and-gaming-addicts-anonymous","tag-pasadena","tag-plano","tag-san-jose","tag-smartphone-addiction","tag-support-group","tag-technology-addiction"],"yoast_head":"<!-- This site is optimized with the Yoast SEO plugin v27.3 - https:\/\/yoast.com\/product\/yoast-seo-wordpress\/ -->\n<title>In-Person Meetings &#8211; Internet and Technology Addicts Anonymous<\/title>\n<meta name=\"description\" content=\"Information for local meetings in 16 countries around the world, including 17 US states -- and coming soon to a location near you!\" \/>\n<meta name=\"robots\" content=\"index, follow, max-snippet:-1, max-image-preview:large, max-video-preview:-1\" \/>\n<link rel=\"canonical\" href=\"https:\/\/internetaddictsanonymous.org\/de\/lokale-internet-sucht-treffen\/\" \/>\n<meta property=\"og:locale\" content=\"de_DE\" \/>\n<meta property=\"og:type\" content=\"article\" \/>\n<meta property=\"og:title\" content=\"In-Person Meetings &#8211; Internet and Technology Addicts Anonymous\" \/>\n<meta property=\"og:description\" content=\"Information for local meetings in 16 countries around the world, including 17 US states -- and coming soon to a location near you!\" \/>\n<meta property=\"og:url\" content=\"https:\/\/internetaddictsanonymous.org\/de\/lokale-internet-sucht-treffen\/\" \/>\n<meta property=\"og:site_name\" content=\"Internet and Technology Addicts Anonymous\" \/>\n<meta property=\"article:modified_time\" content=\"2026-04-03T19:44:36+00:00\" \/>\n<meta name=\"twitter:card\" content=\"summary_large_image\" \/>\n<meta name=\"twitter:label1\" content=\"Gesch\u00e4tzte Lesezeit\" \/>\n\t<meta name=\"twitter:data1\" content=\"3\u00a0Minuten\" \/>\n<script type=\"application\/ld+json\" class=\"yoast-schema-graph\">{\"@context\":\"https:\\\/\\\/schema.org\",\"@graph\":[{\"@type\":\"WebPage\",\"@id\":\"https:\\\/\\\/internetaddictsanonymous.org\\\/in-person-meetings\\\/\",\"url\":\"https:\\\/\\\/internetaddictsanonymous.org\\\/in-person-meetings\\\/\",\"name\":\"In-Person Meetings &#8211; Internet and Technology Addicts Anonymous\",\"isPartOf\":{\"@id\":\"https:\\\/\\\/internetaddictsanonymous.org\\\/#website\"},\"datePublished\":\"2018-12-31T19:54:10+00:00\",\"dateModified\":\"2026-04-03T19:44:36+00:00\",\"description\":\"Information for local meetings in 16 countries around the world, including 17 US states -- and coming soon to a location near you!\",\"breadcrumb\":{\"@id\":\"https:\\\/\\\/internetaddictsanonymous.org\\\/in-person-meetings\\\/#breadcrumb\"},\"inLanguage\":\"de\",\"potentialAction\":[{\"@type\":\"ReadAction\",\"target\":[\"https:\\\/\\\/internetaddictsanonymous.org\\\/in-person-meetings\\\/\"]}]},{\"@type\":\"BreadcrumbList\",\"@id\":\"https:\\\/\\\/internetaddictsanonymous.org\\\/in-person-meetings\\\/#breadcrumb\",\"itemListElement\":[{\"@type\":\"ListItem\",\"position\":1,\"name\":\"Home\",\"item\":\"https:\\\/\\\/internetaddictsanonymous.org\\\/\"},{\"@type\":\"ListItem\",\"position\":2,\"name\":\"In-Person Meetings\"}]},{\"@type\":\"WebSite\",\"@id\":\"https:\\\/\\\/internetaddictsanonymous.org\\\/#website\",\"url\":\"https:\\\/\\\/internetaddictsanonymous.org\\\/\",\"name\":\"Internet and Technology Addicts Anonymous\",\"description\":\"Worldwide 12-step Fellowship for Internet and Technology Addiction\",\"publisher\":{\"@id\":\"https:\\\/\\\/internetaddictsanonymous.org\\\/#organization\"},\"potentialAction\":[{\"@type\":\"SearchAction\",\"target\":{\"@type\":\"EntryPoint\",\"urlTemplate\":\"https:\\\/\\\/internetaddictsanonymous.org\\\/?s={search_term_string}\"},\"query-input\":{\"@type\":\"PropertyValueSpecification\",\"valueRequired\":true,\"valueName\":\"search_term_string\"}}],\"inLanguage\":\"de\"},{\"@type\":\"Organization\",\"@id\":\"https:\\\/\\\/internetaddictsanonymous.org\\\/#organization\",\"name\":\"Internet and Technology Addicts Anonymous\",\"url\":\"https:\\\/\\\/internetaddictsanonymous.org\\\/\",\"logo\":{\"@type\":\"ImageObject\",\"inLanguage\":\"de\",\"@id\":\"https:\\\/\\\/internetaddictsanonymous.org\\\/#\\\/schema\\\/logo\\\/image\\\/\",\"url\":\"https:\\\/\\\/internetaddictsanonymous.org\\\/wp-content\\\/uploads\\\/2023\\\/01\\\/cropped-ITAA-logo-480px.png\",\"contentUrl\":\"https:\\\/\\\/internetaddictsanonymous.org\\\/wp-content\\\/uploads\\\/2023\\\/01\\\/cropped-ITAA-logo-480px.png\",\"width\":480,\"height\":480,\"caption\":\"Internet and Technology Addicts Anonymous\"},\"image\":{\"@id\":\"https:\\\/\\\/internetaddictsanonymous.org\\\/#\\\/schema\\\/logo\\\/image\\\/\"}}]}<\/script>\n<!-- \/ Yoast SEO plugin. -->","yoast_head_json":{"title":"Pers\u00f6nliche Meetings - Anonyme Internet- und Technologies\u00fcchtige","description":"Informationen zu lokalen Treffen in 16 L\u00e4ndern weltweit, darunter 17 US-Bundesstaaten \u2013 und bald auch in Ihrer N\u00e4he!","robots":{"index":"index","follow":"follow","max-snippet":"max-snippet:-1","max-image-preview":"max-image-preview:large","max-video-preview":"max-video-preview:-1"},"canonical":"https:\/\/internetaddictsanonymous.org\/de\/lokale-internet-sucht-treffen\/","og_locale":"de_DE","og_type":"article","og_title":"In-Person Meetings &#8211; Internet and Technology Addicts Anonymous","og_description":"Information for local meetings in 16 countries around the world, including 17 US states -- and coming soon to a location near you!","og_url":"https:\/\/internetaddictsanonymous.org\/de\/lokale-internet-sucht-treffen\/","og_site_name":"Internet and Technology Addicts Anonymous","article_modified_time":"2026-04-03T19:44:36+00:00","twitter_card":"summary_large_image","twitter_misc":{"Gesch\u00e4tzte Lesezeit":"3\u00a0Minuten"},"schema":{"@context":"https:\/\/schema.org","@graph":[{"@type":"WebPage","@id":"https:\/\/internetaddictsanonymous.org\/in-person-meetings\/","url":"https:\/\/internetaddictsanonymous.org\/in-person-meetings\/","name":"Pers\u00f6nliche Meetings - Anonyme Internet- und Technologies\u00fcchtige","isPartOf":{"@id":"https:\/\/internetaddictsanonymous.org\/#website"},"datePublished":"2018-12-31T19:54:10+00:00","dateModified":"2026-04-03T19:44:36+00:00","description":"Informationen zu lokalen Treffen in 16 L\u00e4ndern weltweit, darunter 17 US-Bundesstaaten \u2013 und bald auch in Ihrer N\u00e4he!","breadcrumb":{"@id":"https:\/\/internetaddictsanonymous.org\/in-person-meetings\/#breadcrumb"},"inLanguage":"de","potentialAction":[{"@type":"ReadAction","target":["https:\/\/internetaddictsanonymous.org\/in-person-meetings\/"]}]},{"@type":"BreadcrumbList","@id":"https:\/\/internetaddictsanonymous.org\/in-person-meetings\/#breadcrumb","itemListElement":[{"@type":"ListItem","position":1,"name":"Home","item":"https:\/\/internetaddictsanonymous.org\/"},{"@type":"ListItem","position":2,"name":"In-Person Meetings"}]},{"@type":"WebSite","@id":"https:\/\/internetaddictsanonymous.org\/#website","url":"https:\/\/internetaddictsanonymous.org\/","name":"Die anonymen Internet- und Technologies\u00fcchtigen","description":"Weltweite 12-Schritte-Gemeinschaft f\u00fcr Internet- und Techniksucht","publisher":{"@id":"https:\/\/internetaddictsanonymous.org\/#organization"},"potentialAction":[{"@type":"SearchAction","target":{"@type":"EntryPoint","urlTemplate":"https:\/\/internetaddictsanonymous.org\/?s={search_term_string}"},"query-input":{"@type":"PropertyValueSpecification","valueRequired":true,"valueName":"search_term_string"}}],"inLanguage":"de"},{"@type":"Organization","@id":"https:\/\/internetaddictsanonymous.org\/#organization","name":"Die anonymen Internet- und Technologies\u00fcchtigen","url":"https:\/\/internetaddictsanonymous.org\/","logo":{"@type":"ImageObject","inLanguage":"de","@id":"https:\/\/internetaddictsanonymous.org\/#\/schema\/logo\/image\/","url":"https:\/\/internetaddictsanonymous.org\/wp-content\/uploads\/2023\/01\/cropped-ITAA-logo-480px.png","contentUrl":"https:\/\/internetaddictsanonymous.org\/wp-content\/uploads\/2023\/01\/cropped-ITAA-logo-480px.png","width":480,"height":480,"caption":"Internet and Technology Addicts Anonymous"},"image":{"@id":"https:\/\/internetaddictsanonymous.org\/#\/schema\/logo\/image\/"}}]}},"jetpack_sharing_enabled":true,"jetpack_shortlink":"https:\/\/wp.me\/P9Fwob-2o","_links":{"self":[{"href":"https:\/\/internetaddictsanonymous.org\/de\/wp-json\/wp\/v2\/pages\/148","targetHints":{"allow":["GET"]}}],"collection":[{"href":"https:\/\/internetaddictsanonymous.org\/de\/wp-json\/wp\/v2\/pages"}],"about":[{"href":"https:\/\/internetaddictsanonymous.org\/de\/wp-json\/wp\/v2\/types\/page"}],"author":[{"embeddable":true,"href":"https:\/\/internetaddictsanonymous.org\/de\/wp-json\/wp\/v2\/users\/35194237"}],"replies":[{"embeddable":true,"href":"https:\/\/internetaddictsanonymous.org\/de\/wp-json\/wp\/v2\/comments?post=148"}],"version-history":[{"count":100,"href":"https:\/\/internetaddictsanonymous.org\/de\/wp-json\/wp\/v2\/pages\/148\/revisions"}],"predecessor-version":[{"id":21183,"href":"https:\/\/internetaddictsanonymous.org\/de\/wp-json\/wp\/v2\/pages\/148\/revisions\/21183"}],"wp:attachment":[{"href":"https:\/\/internetaddictsanonymous.org\/de\/wp-json\/wp\/v2\/media?parent=148"}],"wp:term":[{"taxonomy":"post_tag","embeddable":true,"href":"https:\/\/internetaddictsanonymous.org\/de\/wp-json\/wp\/v2\/tags?post=148"}],"curies":[{"name":"wp","href":"https:\/\/api.w.org\/{rel}","templated":true}]}}