{"id":15513,"date":"2023-03-05T20:45:50","date_gmt":"2023-03-06T01:45:50","guid":{"rendered":"https:\/\/internetaddictsanonymous.org\/?page_id=15513"},"modified":"2025-01-09T18:21:20","modified_gmt":"2025-01-10T02:21:20","slug":"itaa-en-espanol","status":"publish","type":"page","link":"https:\/\/internetaddictsanonymous.org\/de\/espanol\/","title":{"rendered":"ITAA auf Spanisch"},"content":{"rendered":"<p>Bienvenido a Adictos a Internet y la Tecnolog\u00eda An\u00f3nimos. Nos alegramos de que nos hayas encontrado y esperamos que nuestra comunidad pueda serte tan \u00fatil como lo ha sido para nosotros. <strong><mark style=\"background-color:rgba(0, 0, 0, 0);color:#000000\" class=\"has-inline-color\">ITAA ist eine Gemeinschaft von Doce Pasos, die sich aus Personen zusammensetzt, die sich gegenseitig unterst\u00fctzen, um die Internet- und Technologieabh\u00e4ngigkeit zu \u00fcberwinden.<\/mark><\/strong><\/p>\n\n\n\n<p>Abajo se encuentra nuestro calendario de reuniones en l\u00ednea.<strong><mark style=\"background-color:rgba(0, 0, 0, 0);color:#080808\" class=\"has-inline-color\"> El horario de las reuniones se muestra en su zona horaria local.<\/mark>&nbsp;<\/strong>Sie k\u00f6nnen die Details zu jedem Treffen finden, einschlie\u00dflich des Links und der Ortsnummern f\u00fcr die Anmeldung per Telefon. Klicken Sie im Kalender auf das Treffen-Ereignis. Aus Sicherheitsgr\u00fcnden ist es erforderlich, sich f\u00fcr die Teilnahme an der Sitzung mit einem Zoom-Konto anzumelden.&nbsp;<a href=\"https:\/\/zoom.us\/signup\" target=\"_blank\" rel=\"noreferrer noopener\">Zoom-Konto erstellen<\/a>&nbsp;es ist gratis. Wenn Sie viele Fragen haben, k\u00f6nnen Sie sie uns schreiben. <a href=\"mailto:espanol.12pasos.itaa@gmail.com\" target=\"_blank\" rel=\"noreferrer noopener\">espanol.12pasos.itaa@gmail.com<\/a> oder vereinige dich mit uns <a href=\"https:\/\/tinyurl.com\/grupoITAAespanol\">WhatsApp-Gruppe<\/a>.<\/p>\n\n\n\n<p>Au\u00dferdem wird eine Konferenz im Pr\u00e4sens stattfinden, die <a href=\"https:\/\/internetaddictsanonymous.org\/de\/lokale-internet-sucht-treffen\/argentinien-rosario\/\">Rosario, Argentinien<\/a>.<\/p>\n\n\n\n<p>Es ist der Beginn einer Wiedervereinigung vor der ITAA in Madrid. Wenn Sie Interesse haben, melden Sie sich bei unserer WhatsApp-Gruppe an, um mehr Informationen zu erhalten. <a href=\"https:\/\/tinyurl.com\/ITAA-Madrid\" rel=\"nofollow\">https:\/\/tinyurl.com\/ITAA-Madrid<\/a><\/p>\n\n\n\n<p><strong><mark style=\"background-color:rgba(0, 0, 0, 0);color:#000000\" class=\"has-inline-color\">Si eres nuevo, te animamos a que pruebes a asistir a seis reuniones en poco tiempo para ver si nuestro programa puede serte \u00fatil.<\/mark><\/strong> Zus\u00e4tzlich zu unseren Treffen auf Spanisch k\u00f6nnen Sie auch unsere <a href=\"https:\/\/internetaddictsanonymous.org\/de\/online-meetings\/\">Vollst\u00e4ndiger Kalender der internationalen Tagungen<\/a>. <strong>Bei all diesen Meetings k\u00f6nnen Sie die in Ihre Sprache \u00fcbersetzten Untertitel aktivieren, indem Sie in der Meeting-Sitzung auf die Schaltfl\u00e4che \u201eUntertitel\u201c unten auf dem Bildschirm klicken und die \u00dcbersetzung aktivieren.<\/strong> Willkommen auch denen, die bei unserem Treffen Spanisch gelernt haben. Alle Treffen sind v\u00f6llig kostenlos und anonym.<\/p>\n\n\n<p><iframe style=\"height: 500px; width: 100%;\" src=\"https:\/\/teamup.com\/ksvq9b1hu5ex2i463h?view=mw&amp;lang=es&amp;showHeader=0&amp;showLogo=0&amp;showTitle=0&amp;disableSidepanel=1&amp;showViewSelector=1\" width=\"100%\" height=\"500\" frameborder=\"0\"><\/iframe><\/p>\n\n\n<h3 class=\"wp-block-heading\"><strong>Wie funktionieren die Zusammenk\u00fcnfte?<\/strong><\/h3>\n\n\n\n<p>Si es la primera vez que estar\u00e1s asistiendo a una reuni\u00f3n, no hay necesidad de estar nervioso. Nuestras reuniones son muy sencillas; cada reuni\u00f3n tiene un facilitador que lee el gui\u00f3n de la reuni\u00f3n. El facilitador y otros voluntarios leen algunos discursos de apertura, antes de abrir la reuni\u00f3n para que los miembros compartan. Es ist nicht obligatorisch, sich auszutauschen, und es ist auch kein Problem, wenn Sie lieber einfach nur zuh\u00f6ren. Puedes compartir c\u00f3mo est\u00e1s, presentarte y qu\u00e9 te trajo a ITAA, o hacer preguntas. A menos que el miembro que est\u00e9 compartiendo lo pida, no ofrecemos sugerencias ni comentarios en respuesta a lo que otros comparten; simplemente escuchamos sin juzgar. Al cabo de una hora, la reuni\u00f3n termina con unas palabras de clausura, tras las cuales los miembros suelen permanecer en la l\u00ednea para charlar informalmente, hacer preguntas e intercambiar datos de contacto.<\/p>\n\n\n\n<h3 class=\"wp-block-heading\">Informationen \u00fcber die Internet- und Technologieanbindung<\/h3>\n\n\n\n<p>Si te est\u00e1s preguntando si puedes tener una adicci\u00f3n a Internet y a la tecnolog\u00eda, puedes revisar nuestros cuestionarios de&nbsp;<a href=\"https:\/\/internetaddictsanonymous.org\/es\/adiccion-a-internet\/\">Internetwerbung<\/a>,&nbsp;<a href=\"https:\/\/internetaddictsanonymous.org\/es\/adiccion-a-internet\/social-media-addiction\/\">Werbung in den sozialen Netzwerken<\/a>,&nbsp;<a href=\"https:\/\/internetaddictsanonymous.org\/es\/adiccion-a-internet\/adiccion-al-streaming\/\">adicci\u00f3n al streaming<\/a>, o <a href=\"https:\/\/internetaddictsanonymous.org\/es\/adiccion-a-la-tecnologia\/smartphone-adiccion\/\">adicci\u00f3n a los smartphones<\/a>. Tambi\u00e9n puede obtener m\u00e1s informaci\u00f3n sobre la ITAA leyendo nuestra&nbsp;<a href=\"https:\/\/internetaddictsanonymous.org\/es\/guia-para-recien-llegados\/\">Leitfaden f\u00fcr Neuank\u00f6mmlinge<\/a>, revisando nuestras&nbsp;<a href=\"https:\/\/internetaddictsanonymous.org\/es\/recursos\/herramientas-de-recuperacion\/\">herramientas de recuperaci\u00f3n<\/a>, o escuchando&nbsp;<a href=\"https:\/\/internetaddictsanonymous.org\/es\/historias-de-recuperacion-2\/\">geschichten der erholung von mitgliedern<\/a>.<\/p>\n\n\n\n<p>Die ITAA ist an kein politisches, religi\u00f6ses oder externes Programm gebunden. Wir sind v\u00f6llig selbst\u00e4ndig und kostenlos f\u00fcr alle, die es brauchen. Nuestro \u00fanico prop\u00f3sito es abstenernos del uso compulsivo de internet y la tecnolog\u00eda y ayudar a otros a encontrar la libertad de esta adicci\u00f3n.<\/p>\n\n\n\n<p>De nuevo, bienvenido! Esperamos que esta comunidad sea capaz de proporcionarte el apoyo que necesitas en tu recuperaci\u00f3n de la adicci\u00f3n a Internet y la tecnolog\u00eda. No dudes en mandarnos un mensaje si tienes alguna pregunta a <a href=\"mailto:espanol.12pasos.itaa@gmail.com\" target=\"_blank\" rel=\"noreferrer noopener\">espanol.12pasos.itaa@gmail.com<\/a>.<\/p>\n\n\n\n<h3 class=\"wp-block-heading\"><strong>Sicherheit und Zug\u00e4nglichkeit<\/strong><\/h3>\n\n\n\n<p>Bei unseren Zusammenk\u00fcnften ist die gemeinsame Nutzung des Bildschirms ausgeschaltet und der Ziffernblock aktiviert. Los anfitriones pueden silenciar y eliminar a los participantes perturbadores. Si est\u00e1 organizando una reuni\u00f3n, le sugerimos que lea la&nbsp;<a href=\"https:\/\/internetaddictsanonymous.org\/es\/directrices-de-seguridad-para-anfitriones-de-reuniones-de-la-aita\/\">ITAA-Leitfaden zur Vorbeugung und Bew\u00e4ltigung von Unterbrechungen<\/a>.<\/p>\n\n\n\n<h3 class=\"wp-block-heading\"><strong>Zug\u00e4nglichkeitsmittel<\/strong><\/h3>\n\n\n\n<p><a href=\"https:\/\/internetaddictsanonymous.org\/es\/accessibility\/\">Zug\u00e4nglichkeit f\u00fcr Mitglieder mit H\u00f6r- und Sprachbehinderungen<\/a><\/p>\n\n\n\n<p><a href=\"https:\/\/support.zoom.us\/hc\/en-us\/articles\/201362893-How-much-bandwidth-do-I-need-when-using-3G-or-4G-LTE\">Erforderliche Bandbreite f\u00fcr die Nutzung von 3G, 4G\/LTE oder 5G (support.zoom.us)<\/a><\/p>\n\n\n\n<p><a href=\"https:\/\/support.zoom.us\/hc\/en-us\/articles\/4409500570381-Stopping-all-incoming-video-in-a-meeting-or-webinar\">Wie kann man alle Videos von Teilnehmern l\u00f6schen (support.zoom.us)<\/a><\/p>\n<!-- PMB print buttons is only displayed on a single post\/page URLs-->","protected":false},"excerpt":{"rendered":"<p>Willkommen an die Liebhaber des Internets und der anonymen Technologie. Wir sagen Ihnen, was wir gefunden haben, und wir hoffen, dass unsere Community so n\u00fctzlich sein kann, als w\u00e4re sie f\u00fcr uns da. ITAA ist eine Gemeinschaft von \u201eLehrg\u00e4ngen\u201c, die sich an Personen richtet, die sich gegenseitig dabei helfen, ihre Internet- und Technologiesucht wiederherzustellen. \u2026 <a href=\"https:\/\/internetaddictsanonymous.org\/de\/espanol\/\" class=\"more-link\"><span class=\"screen-reader-text\">ITAA auf Spanisch<\/span> weiterlesen<\/a><\/p>","protected":false},"author":35194237,"featured_media":0,"parent":0,"menu_order":0,"comment_status":"closed","ping_status":"closed","template":"full-width-page.php","meta":{"inline_featured_image":false,"_lmt_disableupdate":"","_lmt_disable":"","jetpack_post_was_ever_published":false,"footnotes":""},"tags":[],"class_list":["post-15513","page","type-page","status-publish","hentry"],"yoast_head":"<!-- This site is optimized with the Yoast SEO plugin v27.3 - https:\/\/yoast.com\/product\/yoast-seo-wordpress\/ -->\n<title>ITAA en Espa\u00f1ol &#8211; Internet and Technology Addicts Anonymous<\/title>\n<meta name=\"robots\" content=\"index, follow, max-snippet:-1, max-image-preview:large, max-video-preview:-1\" \/>\n<link rel=\"canonical\" href=\"https:\/\/internetaddictsanonymous.org\/de\/itaa-en-espanol\/\" \/>\n<meta property=\"og:locale\" content=\"de_DE\" \/>\n<meta property=\"og:type\" content=\"article\" \/>\n<meta property=\"og:title\" content=\"ITAA en Espa\u00f1ol &#8211; Internet and Technology Addicts Anonymous\" \/>\n<meta property=\"og:description\" content=\"Bienvenido a Adictos a Internet y la Tecnolog\u00eda An\u00f3nimos. Nos alegramos de que nos hayas encontrado y esperamos que nuestra comunidad pueda serte tan \u00fatil como lo ha sido para nosotros. ITAA es una comunidad de Doce Pasos formada por personas que se apoyan mutuamente para recuperarse de la adicci\u00f3n a Internet y la tecnolog\u00eda. &hellip; ITAA en Espa\u00f1ol weiterlesen\" \/>\n<meta property=\"og:url\" content=\"https:\/\/internetaddictsanonymous.org\/de\/itaa-en-espanol\/\" \/>\n<meta property=\"og:site_name\" content=\"Internet and Technology Addicts Anonymous\" \/>\n<meta property=\"article:modified_time\" content=\"2025-01-10T02:21:20+00:00\" \/>\n<meta name=\"twitter:card\" content=\"summary_large_image\" \/>\n<meta name=\"twitter:label1\" content=\"Gesch\u00e4tzte Lesezeit\" \/>\n\t<meta name=\"twitter:data1\" content=\"3\u00a0Minuten\" \/>\n<script type=\"application\/ld+json\" class=\"yoast-schema-graph\">{\"@context\":\"https:\\\/\\\/schema.org\",\"@graph\":[{\"@type\":\"WebPage\",\"@id\":\"https:\\\/\\\/internetaddictsanonymous.org\\\/espanol\\\/\",\"url\":\"https:\\\/\\\/internetaddictsanonymous.org\\\/espanol\\\/\",\"name\":\"ITAA en Espa\u00f1ol &#8211; Internet and Technology Addicts Anonymous\",\"isPartOf\":{\"@id\":\"https:\\\/\\\/internetaddictsanonymous.org\\\/#website\"},\"datePublished\":\"2023-03-06T01:45:50+00:00\",\"dateModified\":\"2025-01-10T02:21:20+00:00\",\"breadcrumb\":{\"@id\":\"https:\\\/\\\/internetaddictsanonymous.org\\\/espanol\\\/#breadcrumb\"},\"inLanguage\":\"de\",\"potentialAction\":[{\"@type\":\"ReadAction\",\"target\":[\"https:\\\/\\\/internetaddictsanonymous.org\\\/espanol\\\/\"]}]},{\"@type\":\"BreadcrumbList\",\"@id\":\"https:\\\/\\\/internetaddictsanonymous.org\\\/espanol\\\/#breadcrumb\",\"itemListElement\":[{\"@type\":\"ListItem\",\"position\":1,\"name\":\"Home\",\"item\":\"https:\\\/\\\/internetaddictsanonymous.org\\\/\"},{\"@type\":\"ListItem\",\"position\":2,\"name\":\"ITAA en Espa\u00f1ol\"}]},{\"@type\":\"WebSite\",\"@id\":\"https:\\\/\\\/internetaddictsanonymous.org\\\/#website\",\"url\":\"https:\\\/\\\/internetaddictsanonymous.org\\\/\",\"name\":\"Internet and Technology Addicts Anonymous\",\"description\":\"Worldwide 12-step Fellowship for Internet and Technology Addiction\",\"publisher\":{\"@id\":\"https:\\\/\\\/internetaddictsanonymous.org\\\/#organization\"},\"potentialAction\":[{\"@type\":\"SearchAction\",\"target\":{\"@type\":\"EntryPoint\",\"urlTemplate\":\"https:\\\/\\\/internetaddictsanonymous.org\\\/?s={search_term_string}\"},\"query-input\":{\"@type\":\"PropertyValueSpecification\",\"valueRequired\":true,\"valueName\":\"search_term_string\"}}],\"inLanguage\":\"de\"},{\"@type\":\"Organization\",\"@id\":\"https:\\\/\\\/internetaddictsanonymous.org\\\/#organization\",\"name\":\"Internet and Technology Addicts Anonymous\",\"url\":\"https:\\\/\\\/internetaddictsanonymous.org\\\/\",\"logo\":{\"@type\":\"ImageObject\",\"inLanguage\":\"de\",\"@id\":\"https:\\\/\\\/internetaddictsanonymous.org\\\/#\\\/schema\\\/logo\\\/image\\\/\",\"url\":\"https:\\\/\\\/internetaddictsanonymous.org\\\/wp-content\\\/uploads\\\/2023\\\/01\\\/cropped-ITAA-logo-480px.png\",\"contentUrl\":\"https:\\\/\\\/internetaddictsanonymous.org\\\/wp-content\\\/uploads\\\/2023\\\/01\\\/cropped-ITAA-logo-480px.png\",\"width\":480,\"height\":480,\"caption\":\"Internet and Technology Addicts Anonymous\"},\"image\":{\"@id\":\"https:\\\/\\\/internetaddictsanonymous.org\\\/#\\\/schema\\\/logo\\\/image\\\/\"}}]}<\/script>\n<!-- \/ Yoast SEO plugin. -->","yoast_head_json":{"title":"ITAA en Espa\u00f1ol - Anonyme Internet- und Technologies\u00fcchtige","robots":{"index":"index","follow":"follow","max-snippet":"max-snippet:-1","max-image-preview":"max-image-preview:large","max-video-preview":"max-video-preview:-1"},"canonical":"https:\/\/internetaddictsanonymous.org\/de\/itaa-en-espanol\/","og_locale":"de_DE","og_type":"article","og_title":"ITAA en Espa\u00f1ol &#8211; Internet and Technology Addicts Anonymous","og_description":"Bienvenido a Adictos a Internet y la Tecnolog\u00eda An\u00f3nimos. Nos alegramos de que nos hayas encontrado y esperamos que nuestra comunidad pueda serte tan \u00fatil como lo ha sido para nosotros. ITAA es una comunidad de Doce Pasos formada por personas que se apoyan mutuamente para recuperarse de la adicci\u00f3n a Internet y la tecnolog\u00eda. &hellip; ITAA en Espa\u00f1ol weiterlesen","og_url":"https:\/\/internetaddictsanonymous.org\/de\/itaa-en-espanol\/","og_site_name":"Internet and Technology Addicts Anonymous","article_modified_time":"2025-01-10T02:21:20+00:00","twitter_card":"summary_large_image","twitter_misc":{"Gesch\u00e4tzte Lesezeit":"3\u00a0Minuten"},"schema":{"@context":"https:\/\/schema.org","@graph":[{"@type":"WebPage","@id":"https:\/\/internetaddictsanonymous.org\/espanol\/","url":"https:\/\/internetaddictsanonymous.org\/espanol\/","name":"ITAA en Espa\u00f1ol - Anonyme Internet- und Technologies\u00fcchtige","isPartOf":{"@id":"https:\/\/internetaddictsanonymous.org\/#website"},"datePublished":"2023-03-06T01:45:50+00:00","dateModified":"2025-01-10T02:21:20+00:00","breadcrumb":{"@id":"https:\/\/internetaddictsanonymous.org\/espanol\/#breadcrumb"},"inLanguage":"de","potentialAction":[{"@type":"ReadAction","target":["https:\/\/internetaddictsanonymous.org\/espanol\/"]}]},{"@type":"BreadcrumbList","@id":"https:\/\/internetaddictsanonymous.org\/espanol\/#breadcrumb","itemListElement":[{"@type":"ListItem","position":1,"name":"Home","item":"https:\/\/internetaddictsanonymous.org\/"},{"@type":"ListItem","position":2,"name":"ITAA en Espa\u00f1ol"}]},{"@type":"WebSite","@id":"https:\/\/internetaddictsanonymous.org\/#website","url":"https:\/\/internetaddictsanonymous.org\/","name":"Die anonymen Internet- und Technologies\u00fcchtigen","description":"Weltweite 12-Schritte-Gemeinschaft f\u00fcr Internet- und Techniksucht","publisher":{"@id":"https:\/\/internetaddictsanonymous.org\/#organization"},"potentialAction":[{"@type":"SearchAction","target":{"@type":"EntryPoint","urlTemplate":"https:\/\/internetaddictsanonymous.org\/?s={search_term_string}"},"query-input":{"@type":"PropertyValueSpecification","valueRequired":true,"valueName":"search_term_string"}}],"inLanguage":"de"},{"@type":"Organization","@id":"https:\/\/internetaddictsanonymous.org\/#organization","name":"Die anonymen Internet- und Technologies\u00fcchtigen","url":"https:\/\/internetaddictsanonymous.org\/","logo":{"@type":"ImageObject","inLanguage":"de","@id":"https:\/\/internetaddictsanonymous.org\/#\/schema\/logo\/image\/","url":"https:\/\/internetaddictsanonymous.org\/wp-content\/uploads\/2023\/01\/cropped-ITAA-logo-480px.png","contentUrl":"https:\/\/internetaddictsanonymous.org\/wp-content\/uploads\/2023\/01\/cropped-ITAA-logo-480px.png","width":480,"height":480,"caption":"Internet and Technology Addicts Anonymous"},"image":{"@id":"https:\/\/internetaddictsanonymous.org\/#\/schema\/logo\/image\/"}}]}},"jetpack_sharing_enabled":true,"jetpack_shortlink":"https:\/\/wp.me\/P9Fwob-42d","_links":{"self":[{"href":"https:\/\/internetaddictsanonymous.org\/de\/wp-json\/wp\/v2\/pages\/15513","targetHints":{"allow":["GET"]}}],"collection":[{"href":"https:\/\/internetaddictsanonymous.org\/de\/wp-json\/wp\/v2\/pages"}],"about":[{"href":"https:\/\/internetaddictsanonymous.org\/de\/wp-json\/wp\/v2\/types\/page"}],"author":[{"embeddable":true,"href":"https:\/\/internetaddictsanonymous.org\/de\/wp-json\/wp\/v2\/users\/35194237"}],"replies":[{"embeddable":true,"href":"https:\/\/internetaddictsanonymous.org\/de\/wp-json\/wp\/v2\/comments?post=15513"}],"version-history":[{"count":31,"href":"https:\/\/internetaddictsanonymous.org\/de\/wp-json\/wp\/v2\/pages\/15513\/revisions"}],"predecessor-version":[{"id":19128,"href":"https:\/\/internetaddictsanonymous.org\/de\/wp-json\/wp\/v2\/pages\/15513\/revisions\/19128"}],"wp:attachment":[{"href":"https:\/\/internetaddictsanonymous.org\/de\/wp-json\/wp\/v2\/media?parent=15513"}],"wp:term":[{"taxonomy":"post_tag","embeddable":true,"href":"https:\/\/internetaddictsanonymous.org\/de\/wp-json\/wp\/v2\/tags?post=15513"}],"curies":[{"name":"wp","href":"https:\/\/api.w.org\/{rel}","templated":true}]}}