{"id":15697,"date":"2023-04-02T16:03:08","date_gmt":"2023-04-02T20:03:08","guid":{"rendered":"https:\/\/internetaddictsanonymous.org\/?page_id=15697"},"modified":"2024-10-02T19:43:14","modified_gmt":"2024-10-03T02:43:14","slug":"offene-path-step-workshops","status":"publish","type":"page","link":"https:\/\/internetaddictsanonymous.org\/de\/step-workshops\/","title":{"rendered":"Open Path Step Workshops"},"content":{"rendered":"<p>Diese Seite enth\u00e4lt eine Liste der kommenden Open Path Step Workshops, strukturierte Veranstaltungen, um die Zw\u00f6lf Schritte der ITAA in einer Gruppe mit viel eingebauter Unterst\u00fctzung durchzuarbeiten. Die Treffen sind so gestaltet, dass die gesamte Schrittarbeit innerhalb unserer Treffen erledigt werden kann (obwohl es jede Woche optionale zus\u00e4tzliche Schreib\u00fcbungen gibt, wenn Sie tiefer gehen m\u00f6chten). Sie werden auch die M\u00f6glichkeit haben, sich mit einem Sharing-Partner zusammenzutun, damit Sie zwischen den Treffen Ihre Stepwork mit anderen teilen k\u00f6nnen, und eine Reihe von Gruppensponsoren wird auch f\u00fcr Outreach-Anrufe und zus\u00e4tzliche Unterst\u00fctzung zur Verf\u00fcgung stehen.<\/p>\n\n\n\n<p>Es gibt mehrere Workshops, die zu unterschiedlichen Zeiten und in unterschiedlichen Zyklen stattfinden. Normalerweise beginnen alle ein bis zwei Monate neue Workshops. Um an einem kommenden Workshop-Zyklus teilzunehmen, m\u00fcssen Sie am ersten Treffen teilnehmen, das Sie im Kalender unten finden. Auf diese Weise durchl\u00e4uft jeder Workshop die Schritte als vertraute, best\u00e4ndige und engagierte Gruppe. <mark style=\"background-color:rgba(0, 0, 0, 0);color:#000000\" class=\"has-inline-color\">Sie k\u00f6nnen die Details zu den einzelnen Workshops einsehen, indem Sie auf die <\/mark><mark style=\"background-color:rgba(0, 0, 0, 0);color:#a35555\" class=\"has-inline-color\">braun<\/mark><mark style=\"background-color:rgba(0, 0, 0, 0);color:#000000\" class=\"has-inline-color\"> Titel. <\/mark><strong><mark style=\"background-color:rgba(0, 0, 0, 0)\" class=\"has-inline-color has-blue-color\">Bitte beachten Sie, dass die Workshops erst einige Wochen vor ihrem Beginn im unten stehenden Kalender erscheinen<\/mark><\/strong>und dass die Sitzungen w\u00e4hrend der Sommerzeit im M\u00e4rz und November nach der Zeitverschiebung in den USA stattfinden.<\/p>\n\n\n\n<p><strong>Wenn Sie an einem Workshop teilnehmen m\u00f6chten (oder dabei helfen m\u00f6chten, einen zu starten) und keiner der bevorstehenden Workshop-Termine f\u00fcr Sie passt, f\u00fcllen Sie bitte das <a href=\"https:\/\/forms.gle\/HCqduhu715LUnaPs9\">dieses Interessensformular<\/a> <strong>\u2665<\/strong><\/strong><\/p>\n\n\n<p><iframe style=\"height: 500px; width: 100%;\" src=\"https:\/\/teamup.com\/ksnufp4vvpv65w7wno?view=a&amp;showHeader=0&amp;showLogo=0&amp;showTitle=0&amp;disableSidepanel=1&amp;showViewSelector=1\" width=\"100%\" height=\"500\" frameborder=\"0\"><\/iframe><\/p>\n\n\n<p>Es ist nicht erforderlich, sich f\u00fcr den Workshop anzumelden - Sie k\u00f6nnen einfach an der ersten Sitzung teilnehmen, und alle weiteren Informationen werden dort erteilt.<br><br> <\/p>\n\n\n\n<h3 class=\"wp-block-heading\"><strong>Was ist, wenn es keine passenden Workshop-Zeiten f\u00fcr mich gibt?<\/strong><\/h3>\n\n\n\n<p>M\u00f6glicherweise gibt es zu einem f\u00fcr Sie passenden Zeitpunkt keinen Workshop. Wenn Sie Interesse daran haben, an einem Workshop mit einem anderen w\u00f6chentlichen Besprechungsplan teilzunehmen oder ihn zu leiten, f\u00fcllen Sie bitte das Formular aus. <a href=\"https:\/\/forms.gle\/HCqduhu715LUnaPs9\">dieses Interessensformular<\/a>. Wenn Sie die Materialien einfach mit Ihrem Sponsor oder einem anderen Mitglied des Programms durcharbeiten m\u00f6chten, finden Sie alle Workshop-Skripte hier <a href=\"https:\/\/drive.google.com\/drive\/folders\/1SLvfAX3EbAwG0LMB7j8dXCfTt_0Y_b69?usp=drive_link\">hier<\/a>. Sie k\u00f6nnen sich auch an openpathstepworkshop@gmail.com wenden, wenn Sie Fragen haben, und wir helfen Ihnen gerne bei den ersten Schritten.<br><br><\/p>\n\n\n\n<h3 class=\"wp-block-heading\"><strong>Kann ich teilnehmen, wenn ich kein Englisch spreche?<\/strong><\/h3>\n\n\n\n<p>Ja, wir begr\u00fc\u00dfen jeden, der kein Englisch spricht, trotzdem teilzunehmen, indem er \u00fcbersetzte Untertitel einschaltet. Sie k\u00f6nnen \u00fcbersetzte Untertitel in Ihrer Sprache aktivieren, indem Sie das Meeting betreten, auf die Schaltfl\u00e4che \u201eUntertitel\u201c unten auf dem Bildschirm klicken und die \u00dcbersetzung aktivieren. Wenn Sie au\u00dferdem daran interessiert sind, beim \u00dcbersetzen der Workshop-Skripte zu helfen, sei es f\u00fcr Ihren eigenen Nutzen oder f\u00fcr andere, die Ihre Sprache sprechen, haben wir eine Anleitung dazu. <a href=\"https:\/\/docs.google.com\/document\/d\/1OJ3uzB_MhSd5IrNQd430qMLXHy3vvqV1lu-dr8x7jsI\/edit?usp=drive_link\">hier<\/a>.<br><br><\/p>\n\n\n\n<h3 class=\"wp-block-heading\"><strong>Was ist, wenn ich es nicht zum ersten Treffen schaffe?<\/strong><\/h3>\n\n\n\n<p>In diesem Fall empfehlen wir Ihnen, zu warten, bis der n\u00e4chste Zyklus beginnt. Jedes Meeting baut auf dem vorherigen auf, daher ist es wichtig, von Anfang an anwesend zu sein. Wenn Sie das erste Meeting aus einem unvermeidbaren Grund unbedingt verpassen m\u00fcssen, wenden Sie sich bitte so fr\u00fch wie m\u00f6glich an openpathstepworkshop@gmail.com.<br><br><\/p>\n\n\n\n<h3 class=\"wp-block-heading\"><strong>Was ist, wenn ich eine Sitzung w\u00e4hrend der Dauer der Sitzung vers\u00e4umen muss?<\/strong><\/h3>\n\n\n\n<p>Wenn Sie eine Sitzung aus einem unvermeidlichen Grund vers\u00e4umen m\u00fcssen, bitten wir Sie, die Notizen anschlie\u00dfend durchzulesen und das Geschriebene nachzuholen.&nbsp;<br><br> <\/p>\n\n\n\n<h3 class=\"wp-block-heading\"><strong>Brauche ich einen Sponsor f\u00fcr die Teilnahme?<\/strong><\/h3>\n\n\n\n<p>Ganz und gar nicht - der Workshop ist speziell darauf ausgerichtet, Menschen die M\u00f6glichkeit zu geben, die Schritte durchzuarbeiten, auch wenn sie keinen Sponsor haben. Im Rahmen des Workshops haben Sie die M\u00f6glichkeit, einen oder mehrere Austauschpartner kennenzulernen, mit denen Sie Ihre Arbeit in den Schritten teilen k\u00f6nnen, und wir werden auch mehrere Gruppensponsoren haben, die f\u00fcr Anrufe und zus\u00e4tzliche Unterst\u00fctzung zur Verf\u00fcgung stehen. Es ist auch gut, wenn Sie bereits einen Sponsor haben, mit dem Sie Ihre Stepwork teilen k\u00f6nnen. Alle sind willkommen.<br><br> <\/p>\n\n\n\n<h3 class=\"wp-block-heading\"><strong>Kann ich teilnehmen, wenn ich mir noch nicht sicher bin, ob ich die Steps machen m\u00f6chte?<\/strong><\/h3>\n\n\n\n<p>Auf jeden Fall. Es ist in Ordnung, einfach als Beobachter teilzunehmen, wenn Sie neugierig darauf sind, mehr \u00fcber die Schritte und ihre Funktionsweise zu erfahren.<br><br> <\/p>\n\n\n\n<h3 class=\"wp-block-heading\"><strong>Kann ich einen Beitrag zum Workshop leisten, indem ich eine Servicefunktion \u00fcbernehme?<\/strong><\/h3>\n\n\n\n<p>Der Dienst ist eine gro\u00dfartige M\u00f6glichkeit, unsere eigene N\u00fcchternheit zu st\u00e4rken, und er kann uns auch dabei helfen, zum Workshop zu erscheinen und dort engagiert zu bleiben. Bei der Einf\u00fchrungsveranstaltung wird es die M\u00f6glichkeit geben, sich freiwillig f\u00fcr einen Dienst zu melden.<br><br> <\/p>\n\n\n\n<h3 class=\"wp-block-heading\"><strong>Kann ich mich irgendwie auf den Workshop vorbereiten, bevor er beginnt?<\/strong><\/h3>\n\n\n\n<p>Bei unserem ersten Treffen werden wir Ihnen einige Verpflichtungen vorschlagen, die Sie w\u00e4hrend des Workshops ein\u00fcben k\u00f6nnen. Wenn Sie m\u00f6chten, k\u00f6nnen Sie diese gerne schon einmal vorwegnehmen:<\/p>\n\n\n\n<ol class=\"wp-block-list\">\n<li>Teilnahme an 90 Treffen in 90 Tagen (die Workshop-Treffen z\u00e4hlen)<\/li>\n\n\n\n<li>F\u00fchren Sie 90 Programmaufrufe in 90 Tagen durch<\/li>\n\n\n\n<li>Verzichten Sie auf alle Grundregeln.<\/li>\n\n\n\n<li>\u00dcben Sie, unn\u00f6tige Internet- und Technologienutzung zu beobachten und\/oder loszulassen.<\/li>\n<\/ol>\n\n\n\n<p>F\u00fcr den vierten Vorschlag k\u00f6nnen Sie auch ein anderes Wort als \"unn\u00f6tig\" w\u00e4hlen, z. B. \"unbewusst\", \"zwecklos\", \"ungesund\", \"zwanghaft\", \"exzessiv\" usw. Beachten Sie, dass es sich hierbei nur um Vorschl\u00e4ge handelt, nicht um Anforderungen. Es steht Ihnen frei, sie zu verwenden, sie anzupassen oder sie zu verwerfen.<\/p>\n\n\n\n<p>Zus\u00e4tzlich zu diesen Vorschl\u00e4gen k\u00f6nnen Sie eine 1-2-seitige \"Bestandsaufnahme des ersten Schritts\" schreiben, in der Sie die Geschichte Ihrer Sucht beschreiben: wann sie begann, wie sie sich im Laufe der Zeit ver\u00e4nderte und wie sie jetzt ist. Achten Sie insbesondere darauf, wo Sie Machtlosigkeit oder Unbeherrschtheit in Ihrer Geschichte feststellen.&nbsp;<br><br> <\/p>\n\n\n\n<h3 class=\"wp-block-heading\"><strong>F\u00fcr weitere Fragen<\/strong><\/h3>\n\n\n\n<p>Sie k\u00f6nnen sich gerne an openpathstepworkshop@gmail.com wenden.<\/p>\n\n\n\n<div style=\"height:100px\" aria-hidden=\"true\" class=\"wp-block-spacer\"><\/div>\n\n\n\n<hr class=\"wp-block-separator has-alpha-channel-opacity is-style-wide\"\/>\n<!-- PMB print buttons is only displayed on a single post\/page URLs-->","protected":false},"excerpt":{"rendered":"<p>Diese Seite enth\u00e4lt eine Liste der kommenden Open Path Step Workshops, strukturierte Umgebungen zum Durcharbeiten der Zw\u00f6lf Schritte des ITAA in einer Gruppe mit viel eingebauter Unterst\u00fctzung. Die Treffen sind so angelegt, dass alle Schritte innerhalb unserer Besprechungszeiten erledigt werden k\u00f6nnen (es gibt jedoch jede Woche optionale zus\u00e4tzliche Schreib\u00fcbungen \u2026) <a href=\"https:\/\/internetaddictsanonymous.org\/de\/step-workshops\/\" class=\"more-link\"><span class=\"screen-reader-text\">Open Path Step Workshops<\/span> weiterlesen<\/a><\/p>","protected":false},"author":35194237,"featured_media":0,"parent":0,"menu_order":0,"comment_status":"closed","ping_status":"closed","template":"full-width-page.php","meta":{"inline_featured_image":false,"_lmt_disableupdate":"","_lmt_disable":"","footnotes":""},"tags":[],"class_list":["post-15697","page","type-page","status-publish","hentry"],"yoast_head":"<!-- This site is optimized with the Yoast SEO plugin v27.5 - https:\/\/yoast.com\/product\/yoast-seo-wordpress\/ -->\n<title>Open Path Step Workshops &#8211; Internet and Technology Addicts Anonymous<\/title>\n<meta name=\"robots\" content=\"index, follow, max-snippet:-1, max-image-preview:large, max-video-preview:-1\" \/>\n<link rel=\"canonical\" href=\"https:\/\/internetaddictsanonymous.org\/de\/offene-path-step-workshops\/\" \/>\n<meta property=\"og:locale\" content=\"de_DE\" \/>\n<meta property=\"og:type\" content=\"article\" \/>\n<meta property=\"og:title\" content=\"Open Path Step Workshops &#8211; Internet and Technology Addicts Anonymous\" \/>\n<meta property=\"og:description\" content=\"This page contains a list of upcoming Open Path Step Workshops, structured settings for working through the Twelve Steps of ITAA in a group with lots of built in support. The meetings are set up so that all stepwork can be done within our meeting times (though there are optional additional writing exercises each week &hellip; Open Path Step Workshops weiterlesen\" \/>\n<meta property=\"og:url\" content=\"https:\/\/internetaddictsanonymous.org\/de\/offene-path-step-workshops\/\" \/>\n<meta property=\"og:site_name\" content=\"Internet and Technology Addicts Anonymous\" \/>\n<meta property=\"article:modified_time\" content=\"2024-10-03T02:43:14+00:00\" \/>\n<meta name=\"twitter:card\" content=\"summary_large_image\" \/>\n<meta name=\"twitter:label1\" content=\"Gesch\u00e4tzte Lesezeit\" \/>\n\t<meta name=\"twitter:data1\" content=\"4\u00a0Minuten\" \/>\n<script type=\"application\/ld+json\" class=\"yoast-schema-graph\">{\"@context\":\"https:\\\/\\\/schema.org\",\"@graph\":[{\"@type\":\"WebPage\",\"@id\":\"https:\\\/\\\/internetaddictsanonymous.org\\\/step-workshops\\\/\",\"url\":\"https:\\\/\\\/internetaddictsanonymous.org\\\/step-workshops\\\/\",\"name\":\"Open Path Step Workshops &#8211; Internet and Technology Addicts Anonymous\",\"isPartOf\":{\"@id\":\"https:\\\/\\\/internetaddictsanonymous.org\\\/#website\"},\"datePublished\":\"2023-04-02T20:03:08+00:00\",\"dateModified\":\"2024-10-03T02:43:14+00:00\",\"breadcrumb\":{\"@id\":\"https:\\\/\\\/internetaddictsanonymous.org\\\/step-workshops\\\/#breadcrumb\"},\"inLanguage\":\"de\",\"potentialAction\":[{\"@type\":\"ReadAction\",\"target\":[\"https:\\\/\\\/internetaddictsanonymous.org\\\/step-workshops\\\/\"]}]},{\"@type\":\"BreadcrumbList\",\"@id\":\"https:\\\/\\\/internetaddictsanonymous.org\\\/step-workshops\\\/#breadcrumb\",\"itemListElement\":[{\"@type\":\"ListItem\",\"position\":1,\"name\":\"Home\",\"item\":\"https:\\\/\\\/internetaddictsanonymous.org\\\/\"},{\"@type\":\"ListItem\",\"position\":2,\"name\":\"Open Path Step Workshops\"}]},{\"@type\":\"WebSite\",\"@id\":\"https:\\\/\\\/internetaddictsanonymous.org\\\/#website\",\"url\":\"https:\\\/\\\/internetaddictsanonymous.org\\\/\",\"name\":\"Internet and Technology Addicts Anonymous\",\"description\":\"Worldwide 12-step Fellowship for Internet and Technology Addiction\",\"publisher\":{\"@id\":\"https:\\\/\\\/internetaddictsanonymous.org\\\/#organization\"},\"potentialAction\":[{\"@type\":\"SearchAction\",\"target\":{\"@type\":\"EntryPoint\",\"urlTemplate\":\"https:\\\/\\\/internetaddictsanonymous.org\\\/?s={search_term_string}\"},\"query-input\":{\"@type\":\"PropertyValueSpecification\",\"valueRequired\":true,\"valueName\":\"search_term_string\"}}],\"inLanguage\":\"de\"},{\"@type\":\"Organization\",\"@id\":\"https:\\\/\\\/internetaddictsanonymous.org\\\/#organization\",\"name\":\"Internet and Technology Addicts Anonymous\",\"url\":\"https:\\\/\\\/internetaddictsanonymous.org\\\/\",\"logo\":{\"@type\":\"ImageObject\",\"inLanguage\":\"de\",\"@id\":\"https:\\\/\\\/internetaddictsanonymous.org\\\/#\\\/schema\\\/logo\\\/image\\\/\",\"url\":\"https:\\\/\\\/internetaddictsanonymous.org\\\/wp-content\\\/uploads\\\/2023\\\/01\\\/cropped-ITAA-logo-480px.png\",\"contentUrl\":\"https:\\\/\\\/internetaddictsanonymous.org\\\/wp-content\\\/uploads\\\/2023\\\/01\\\/cropped-ITAA-logo-480px.png\",\"width\":480,\"height\":480,\"caption\":\"Internet and Technology Addicts Anonymous\"},\"image\":{\"@id\":\"https:\\\/\\\/internetaddictsanonymous.org\\\/#\\\/schema\\\/logo\\\/image\\\/\"}}]}<\/script>\n<!-- \/ Yoast SEO plugin. -->","yoast_head_json":{"title":"Workshops der Stufe des Offenen Weges - Anonyme Internet- und Technologies\u00fcchtige","robots":{"index":"index","follow":"follow","max-snippet":"max-snippet:-1","max-image-preview":"max-image-preview:large","max-video-preview":"max-video-preview:-1"},"canonical":"https:\/\/internetaddictsanonymous.org\/de\/offene-path-step-workshops\/","og_locale":"de_DE","og_type":"article","og_title":"Open Path Step Workshops &#8211; Internet and Technology Addicts Anonymous","og_description":"This page contains a list of upcoming Open Path Step Workshops, structured settings for working through the Twelve Steps of ITAA in a group with lots of built in support. The meetings are set up so that all stepwork can be done within our meeting times (though there are optional additional writing exercises each week &hellip; Open Path Step Workshops weiterlesen","og_url":"https:\/\/internetaddictsanonymous.org\/de\/offene-path-step-workshops\/","og_site_name":"Internet and Technology Addicts Anonymous","article_modified_time":"2024-10-03T02:43:14+00:00","twitter_card":"summary_large_image","twitter_misc":{"Gesch\u00e4tzte Lesezeit":"4\u00a0Minuten"},"schema":{"@context":"https:\/\/schema.org","@graph":[{"@type":"WebPage","@id":"https:\/\/internetaddictsanonymous.org\/step-workshops\/","url":"https:\/\/internetaddictsanonymous.org\/step-workshops\/","name":"Workshops der Stufe des Offenen Weges - Anonyme Internet- und Technologies\u00fcchtige","isPartOf":{"@id":"https:\/\/internetaddictsanonymous.org\/#website"},"datePublished":"2023-04-02T20:03:08+00:00","dateModified":"2024-10-03T02:43:14+00:00","breadcrumb":{"@id":"https:\/\/internetaddictsanonymous.org\/step-workshops\/#breadcrumb"},"inLanguage":"de","potentialAction":[{"@type":"ReadAction","target":["https:\/\/internetaddictsanonymous.org\/step-workshops\/"]}]},{"@type":"BreadcrumbList","@id":"https:\/\/internetaddictsanonymous.org\/step-workshops\/#breadcrumb","itemListElement":[{"@type":"ListItem","position":1,"name":"Home","item":"https:\/\/internetaddictsanonymous.org\/"},{"@type":"ListItem","position":2,"name":"Open Path Step Workshops"}]},{"@type":"WebSite","@id":"https:\/\/internetaddictsanonymous.org\/#website","url":"https:\/\/internetaddictsanonymous.org\/","name":"Die anonymen Internet- und Technologies\u00fcchtigen","description":"Weltweite 12-Schritte-Gemeinschaft f\u00fcr Internet- und Techniksucht","publisher":{"@id":"https:\/\/internetaddictsanonymous.org\/#organization"},"potentialAction":[{"@type":"SearchAction","target":{"@type":"EntryPoint","urlTemplate":"https:\/\/internetaddictsanonymous.org\/?s={search_term_string}"},"query-input":{"@type":"PropertyValueSpecification","valueRequired":true,"valueName":"search_term_string"}}],"inLanguage":"de"},{"@type":"Organization","@id":"https:\/\/internetaddictsanonymous.org\/#organization","name":"Die anonymen Internet- und Technologies\u00fcchtigen","url":"https:\/\/internetaddictsanonymous.org\/","logo":{"@type":"ImageObject","inLanguage":"de","@id":"https:\/\/internetaddictsanonymous.org\/#\/schema\/logo\/image\/","url":"https:\/\/internetaddictsanonymous.org\/wp-content\/uploads\/2023\/01\/cropped-ITAA-logo-480px.png","contentUrl":"https:\/\/internetaddictsanonymous.org\/wp-content\/uploads\/2023\/01\/cropped-ITAA-logo-480px.png","width":480,"height":480,"caption":"Internet and Technology Addicts Anonymous"},"image":{"@id":"https:\/\/internetaddictsanonymous.org\/#\/schema\/logo\/image\/"}}]}},"jetpack_sharing_enabled":true,"jetpack_shortlink":"https:\/\/wp.me\/P9Fwob-45b","_links":{"self":[{"href":"https:\/\/internetaddictsanonymous.org\/de\/wp-json\/wp\/v2\/pages\/15697","targetHints":{"allow":["GET"]}}],"collection":[{"href":"https:\/\/internetaddictsanonymous.org\/de\/wp-json\/wp\/v2\/pages"}],"about":[{"href":"https:\/\/internetaddictsanonymous.org\/de\/wp-json\/wp\/v2\/types\/page"}],"author":[{"embeddable":true,"href":"https:\/\/internetaddictsanonymous.org\/de\/wp-json\/wp\/v2\/users\/35194237"}],"replies":[{"embeddable":true,"href":"https:\/\/internetaddictsanonymous.org\/de\/wp-json\/wp\/v2\/comments?post=15697"}],"version-history":[{"count":57,"href":"https:\/\/internetaddictsanonymous.org\/de\/wp-json\/wp\/v2\/pages\/15697\/revisions"}],"predecessor-version":[{"id":18760,"href":"https:\/\/internetaddictsanonymous.org\/de\/wp-json\/wp\/v2\/pages\/15697\/revisions\/18760"}],"wp:attachment":[{"href":"https:\/\/internetaddictsanonymous.org\/de\/wp-json\/wp\/v2\/media?parent=15697"}],"wp:term":[{"taxonomy":"post_tag","embeddable":true,"href":"https:\/\/internetaddictsanonymous.org\/de\/wp-json\/wp\/v2\/tags?post=15697"}],"curies":[{"name":"wp","href":"https:\/\/api.w.org\/{rel}","templated":true}]}}