{"id":16197,"date":"2023-07-14T18:50:38","date_gmt":"2023-07-14T22:50:38","guid":{"rendered":"https:\/\/internetaddictsanonymous.org\/?page_id=16197"},"modified":"2024-04-28T19:34:21","modified_gmt":"2024-04-28T23:34:21","slug":"franzosisch","status":"publish","type":"page","link":"https:\/\/internetaddictsanonymous.org\/de\/french\/","title":{"rendered":"ITAA auf Franz\u00f6sisch"},"content":{"rendered":"<p>Willkommen bei Internet and Technology Addicts Anonymous! Wir freuen uns, dass Sie uns gefunden haben, und hoffen, dass unsere Gemeinschaft f\u00fcr Sie genauso hilfreich sein kann wie f\u00fcr uns.<strong> <mark style=\"background-color:rgba(0, 0, 0, 0)\" class=\"has-inline-color has-dark-gray-color\">ITAA ist eine Zw\u00f6lf-Schritte-Gemeinschaft von Menschen, die sich gegenseitig bei der Genesung von der Internet- und Technologiesucht unterst\u00fctzen.<\/mark><\/strong> Dazu geh\u00f6rt die Sucht nach sozialen Medien, Smartphones, Video- oder Audio-Streaming-Inhalten, Spielen, Nachrichten, Pornografie, Dating-Apps, Online-Recherche, Online-Shopping oder anderen digitalen Aktivit\u00e4ten, die zwanghaft und problematisch werden.&nbsp;<\/p>\n\n\n\n<p>Nachstehend finden Sie unseren Online-Terminplan. <strong>Die Besprechungszeiten werden in Ihrer lokalen Zeitzone angezeigt.<\/strong> Einzelheiten zu den einzelnen Veranstaltungen, einschlie\u00dflich des Links und der Telefonnummern, finden Sie, wenn Sie im Kalender auf die jeweilige Veranstaltung klicken. Wenn Sie Fragen haben, k\u00f6nnen Sie sich an uns wenden unter <a href=\"mailto:itaa.dita.fr@gmail.com\" target=\"_blank\" rel=\"noreferrer noopener\">itaa.dita.fr@gmail.com<\/a>.<\/p>\n\n\n\n<p>Wir veranstalten auch pers\u00f6nliche Treffen in <a href=\"https:\/\/internetaddictsanonymous.org\/de\/lokale-internet-sucht-treffen\/frankreich-paris\/\">Paris, Frankreich<\/a> und <a href=\"https:\/\/internetaddictsanonymous.org\/de\/lokale-internet-sucht-treffen\/belgien-brussel\/\">Br\u00fcssel, Belgien<\/a>.<\/p>\n\n\n\n<p>Wenn Sie neu sind, empfehlen wir Ihnen, innerhalb kurzer Zeit sechs Treffen zu besuchen, um zu sehen, ob unser Programm f\u00fcr Sie hilfreich sein kann. Zus\u00e4tzlich zu unseren franz\u00f6sischen Treffen k\u00f6nnen Sie auch unsere <a href=\"https:\/\/internetaddictsanonymous.org\/de\/online-meetings\/\">Vollst\u00e4ndiger Zeitplan der internationalen Treffen<\/a>. <strong>In allen diesen Meetings k\u00f6nnen Sie \u00fcbersetzte Untertitel in Ihrer Sprache aktivieren, indem Sie das Meeting betreten, unten auf dem Bildschirm auf die Schaltfl\u00e4che \u201eUntertitel\u201c klicken und die \u00dcbersetzung aktivieren.<\/strong> Alle Treffen sind v\u00f6llig kostenlos und anonym.<\/p>\n\n\n<p><iframe style=\"height: 500px; width: 100%;\" src=\"https:\/\/teamup.com\/ks92iygxc1q49fn51w?view=mw&amp;lang=fr&amp;showHeader=0&amp;showLogo=0&amp;showTitle=0&amp;disableSidepanel=1&amp;showViewSelector=1\" width=\"100%\" height=\"500\" frameborder=\"0\"><\/iframe><\/p>\n\n\n<h3 class=\"wp-block-heading\"><strong>Wie funktionieren Meetings?<\/strong><\/h3>\n\n\n\n<p>Wenn Sie zum ersten Mal an einer Sitzung teilnehmen, brauchen Sie nicht nerv\u00f6s zu sein. Die meisten unserer Sitzungen sind sehr einfach; jede Sitzung hat einen Vorsitzenden, der die Sitzung leitet, und die meisten Sitzungen dauern eine Stunde. Der Vorsitzende und andere Freiwillige lesen einige einleitende Erkl\u00e4rungen vor, bevor wir die Sitzung f\u00fcr die Mitglieder \u00f6ffnen, damit sie sich austauschen k\u00f6nnen. Es gibt keine Verpflichtung, etwas zu sagen, und es ist in Ordnung, einfach nur zuzuh\u00f6ren. Sie k\u00f6nnen erz\u00e4hlen, wie es Ihnen geht, sich vorstellen und was Sie zur ITAA gebracht hat, oder Fragen stellen. Wenn es nicht von dem Mitglied, das sich mitteilt, gew\u00fcnscht wird, machen wir keine Vorschl\u00e4ge oder Kommentare als Antwort auf die Beitr\u00e4ge der anderen; wir h\u00f6ren einfach zu, ohne zu urteilen. Am Ende der Stunde wird das Treffen mit einigen abschlie\u00dfenden Erkl\u00e4rungen beendet, nach denen die Mitglieder normalerweise in der Leitung bleiben, um zwanglos zu reden, Fragen zu stellen und Kontaktdaten auszutauschen.<\/p>\n\n\n\n<h3 class=\"wp-block-heading\">Ressourcen zur Internet- und Technologiesucht<\/h3>\n\n\n\n<p>Wenn Sie sich fragen, ob Sie m\u00f6glicherweise internet- und technologieabh\u00e4ngig sind, k\u00f6nnen Sie sich unsere Frageb\u00f6gen ansehen f\u00fcr <a href=\"https:\/\/internetaddictsanonymous.org\/de\/internet-und-technologieabhangigkeit\/\">Internetabh\u00e4ngigkeit<\/a>, <a href=\"https:\/\/internetaddictsanonymous.org\/de\/internet-und-technologieabhangigkeit\/social-media-sucht\/\">Social-Media-Sucht<\/a>, <a href=\"https:\/\/internetaddictsanonymous.org\/de\/internetabhangigkeit\/streaming-sucht\/\">Streaming-Sucht<\/a>, <a href=\"https:\/\/internetaddictsanonymous.org\/de\/internet-und-technologieabhangigkeit\/telefonabhangigkeit\/\">Telefonabh\u00e4ngigkeit<\/a>, oder <a href=\"https:\/\/internetaddictsanonymous.org\/de\/internet-und-technologieabhangigkeit\/videospielsucht\/\">Videospielsucht<\/a>. Sie k\u00f6nnen auch mehr \u00fcber ITAA erfahren, indem Sie unsere&nbsp;<a href=\"https:\/\/internetaddictsanonymous.org\/de\/leitfaden-fur-neue\/\">Leitfaden f\u00fcr Neue<\/a>, die \u00dcberpr\u00fcfung unserer <a href=\"https:\/\/internetaddictsanonymous.org\/de\/ressourcen\/instrumente-zur-wiederherstellung\/\">Instrumente zur Wiederherstellung<\/a>oder das H\u00f6ren von <a href=\"https:\/\/internetaddictsanonymous.org\/de\/genesungsgeschichten\/\">Genesungsgeschichten von Mitgliedern<\/a>.<\/p>\n\n\n\n<p>Die ITAA ist weder an eine politische Agenda noch an eine Religion oder an externe Interessen gebunden. Wir sind v\u00f6llig selbsttragend und kostenlos f\u00fcr alle, die es brauchen. Unser einziges Ziel ist es, vom zwanghaften Internet- und Technologiegebrauch Abstand zu nehmen und anderen zu helfen, sich von dieser Sucht zu befreien.<\/p>\n\n\n\n<p>Nochmals herzlich willkommen! Wir hoffen, dass diese Gemeinschaft Ihnen die Unterst\u00fctzung bieten kann, die Sie f\u00fcr Ihre Genesung von der Internet- und Technologiesucht ben\u00f6tigen. Bitte z\u00f6gern Sie nicht, sich an uns zu wenden unter <a href=\"mailto:itaa.dita.fr@gmail.com\" target=\"_blank\" rel=\"noreferrer noopener\">itaa.dita.fr@gmail.com<\/a> wenn Sie irgendwelche Fragen haben.<\/p>\n\n\n\n<h3 class=\"wp-block-heading\"><strong>Sicherheit<\/strong><\/h3>\n\n\n\n<p>Bei unseren Meetings ist die Bildschirmfreigabe deaktiviert und die Verschl\u00fcsselung aktiviert. Hosts k\u00f6nnen st\u00f6rende Teilnehmer stumm schalten und entfernen. Wenn Sie ein Meeting veranstalten, empfehlen wir Ihnen, die ITAAs zu lesen&nbsp;<a href=\"https:\/\/internetaddictsanonymous.org\/de\/sicherheitsrichtlinien-fur-itaa-meeting-hosts\/\">Anleitung zum Umgang mit St\u00f6rungen<\/a>.<\/p>\n\n\n\n<h3 class=\"wp-block-heading\"><strong>Zug\u00e4nglichkeitsbezogene Ressourcen<\/strong><\/h3>\n\n\n\n<p><a href=\"https:\/\/internetaddictsanonymous.org\/de\/zuganglichkeit\/\">Zug\u00e4nglichkeit f\u00fcr sprach- und h\u00f6rgesch\u00e4digte Mitglieder<\/a><\/p>\n\n\n\n<p><a href=\"https:\/\/support.zoom.us\/hc\/en-us\/articles\/201362893-How-much-bandwidth-do-I-need-when-using-3G-or-4G-LTE\">Bandbreitenbedarf bei Verwendung von 3G, 4G\/LTE oder 5G (support.zoom.us)<\/a><\/p>\n\n\n\n<p><a href=\"https:\/\/support.zoom.us\/hc\/en-us\/articles\/4409500570381-Stopping-all-incoming-video-in-a-meeting-or-webinar\">So stoppen Sie alle eingehenden Videos (support.zoom.us<\/a>)<\/p>\n\n\n\n<p><br>  <\/p>\n<!-- PMB print buttons is only displayed on a single post\/page URLs-->","protected":false},"excerpt":{"rendered":"<p>Willkommen bei Internet and Technology Addicts Anonymous! Wir freuen uns, dass Sie uns gefunden haben, und hoffen, dass unsere Gemeinschaft f\u00fcr Sie genauso hilfreich sein kann wie f\u00fcr uns. ITAA ist eine Zw\u00f6lf-Schritte-Gemeinschaft von Menschen, die sich gegenseitig bei der Genesung von der Internet- und Technologiesucht unterst\u00fctzen. Dazu geh\u00f6rt die Sucht nach sozialen Medien, Smartphones, Streaming ... <a href=\"https:\/\/internetaddictsanonymous.org\/de\/french\/\" class=\"more-link\"><span class=\"screen-reader-text\">ITAA auf Franz\u00f6sisch<\/span> weiterlesen<\/a><\/p>","protected":false},"author":35194237,"featured_media":0,"parent":0,"menu_order":0,"comment_status":"closed","ping_status":"closed","template":"full-width-page.php","meta":{"inline_featured_image":false,"_lmt_disableupdate":"","_lmt_disable":"","jetpack_post_was_ever_published":false,"footnotes":""},"tags":[],"class_list":["post-16197","page","type-page","status-publish","hentry"],"yoast_head":"<!-- This site is optimized with the Yoast SEO plugin v27.3 - https:\/\/yoast.com\/product\/yoast-seo-wordpress\/ -->\n<title>ITAA in French &#8211; Internet and Technology Addicts Anonymous<\/title>\n<meta name=\"robots\" content=\"index, follow, max-snippet:-1, max-image-preview:large, max-video-preview:-1\" \/>\n<link rel=\"canonical\" href=\"https:\/\/internetaddictsanonymous.org\/de\/franzosisch\/\" \/>\n<meta property=\"og:locale\" content=\"de_DE\" \/>\n<meta property=\"og:type\" content=\"article\" \/>\n<meta property=\"og:title\" content=\"ITAA in French &#8211; Internet and Technology Addicts Anonymous\" \/>\n<meta property=\"og:description\" content=\"Welcome to Internet and Technology Addicts Anonymous! We\u2019re glad you\u2019ve found us, and we hope our community can be as helpful to you as it has been for us. ITAA is a Twelve-Step fellowship of individuals who support each other in recovering from internet and technology addiction. This includes addiction to social media, smartphones, streaming &hellip; ITAA in French weiterlesen\" \/>\n<meta property=\"og:url\" content=\"https:\/\/internetaddictsanonymous.org\/de\/franzosisch\/\" \/>\n<meta property=\"og:site_name\" content=\"Internet and Technology Addicts Anonymous\" \/>\n<meta property=\"article:modified_time\" content=\"2024-04-28T23:34:21+00:00\" \/>\n<meta name=\"twitter:card\" content=\"summary_large_image\" \/>\n<meta name=\"twitter:label1\" content=\"Gesch\u00e4tzte Lesezeit\" \/>\n\t<meta name=\"twitter:data1\" content=\"3\u00a0Minuten\" \/>\n<script type=\"application\/ld+json\" class=\"yoast-schema-graph\">{\"@context\":\"https:\\\/\\\/schema.org\",\"@graph\":[{\"@type\":\"WebPage\",\"@id\":\"https:\\\/\\\/internetaddictsanonymous.org\\\/french\\\/\",\"url\":\"https:\\\/\\\/internetaddictsanonymous.org\\\/french\\\/\",\"name\":\"ITAA in French &#8211; Internet and Technology Addicts Anonymous\",\"isPartOf\":{\"@id\":\"https:\\\/\\\/internetaddictsanonymous.org\\\/#website\"},\"datePublished\":\"2023-07-14T22:50:38+00:00\",\"dateModified\":\"2024-04-28T23:34:21+00:00\",\"breadcrumb\":{\"@id\":\"https:\\\/\\\/internetaddictsanonymous.org\\\/french\\\/#breadcrumb\"},\"inLanguage\":\"de\",\"potentialAction\":[{\"@type\":\"ReadAction\",\"target\":[\"https:\\\/\\\/internetaddictsanonymous.org\\\/french\\\/\"]}]},{\"@type\":\"BreadcrumbList\",\"@id\":\"https:\\\/\\\/internetaddictsanonymous.org\\\/french\\\/#breadcrumb\",\"itemListElement\":[{\"@type\":\"ListItem\",\"position\":1,\"name\":\"Home\",\"item\":\"https:\\\/\\\/internetaddictsanonymous.org\\\/\"},{\"@type\":\"ListItem\",\"position\":2,\"name\":\"ITAA in French\"}]},{\"@type\":\"WebSite\",\"@id\":\"https:\\\/\\\/internetaddictsanonymous.org\\\/#website\",\"url\":\"https:\\\/\\\/internetaddictsanonymous.org\\\/\",\"name\":\"Internet and Technology Addicts Anonymous\",\"description\":\"Worldwide 12-step Fellowship for Internet and Technology Addiction\",\"publisher\":{\"@id\":\"https:\\\/\\\/internetaddictsanonymous.org\\\/#organization\"},\"potentialAction\":[{\"@type\":\"SearchAction\",\"target\":{\"@type\":\"EntryPoint\",\"urlTemplate\":\"https:\\\/\\\/internetaddictsanonymous.org\\\/?s={search_term_string}\"},\"query-input\":{\"@type\":\"PropertyValueSpecification\",\"valueRequired\":true,\"valueName\":\"search_term_string\"}}],\"inLanguage\":\"de\"},{\"@type\":\"Organization\",\"@id\":\"https:\\\/\\\/internetaddictsanonymous.org\\\/#organization\",\"name\":\"Internet and Technology Addicts Anonymous\",\"url\":\"https:\\\/\\\/internetaddictsanonymous.org\\\/\",\"logo\":{\"@type\":\"ImageObject\",\"inLanguage\":\"de\",\"@id\":\"https:\\\/\\\/internetaddictsanonymous.org\\\/#\\\/schema\\\/logo\\\/image\\\/\",\"url\":\"https:\\\/\\\/internetaddictsanonymous.org\\\/wp-content\\\/uploads\\\/2023\\\/01\\\/cropped-ITAA-logo-480px.png\",\"contentUrl\":\"https:\\\/\\\/internetaddictsanonymous.org\\\/wp-content\\\/uploads\\\/2023\\\/01\\\/cropped-ITAA-logo-480px.png\",\"width\":480,\"height\":480,\"caption\":\"Internet and Technology Addicts Anonymous\"},\"image\":{\"@id\":\"https:\\\/\\\/internetaddictsanonymous.org\\\/#\\\/schema\\\/logo\\\/image\\\/\"}}]}<\/script>\n<!-- \/ Yoast SEO plugin. -->","yoast_head_json":{"title":"ITAA auf Franz\u00f6sisch - Anonyme Internet- und Technologies\u00fcchtige","robots":{"index":"index","follow":"follow","max-snippet":"max-snippet:-1","max-image-preview":"max-image-preview:large","max-video-preview":"max-video-preview:-1"},"canonical":"https:\/\/internetaddictsanonymous.org\/de\/franzosisch\/","og_locale":"de_DE","og_type":"article","og_title":"ITAA in French &#8211; Internet and Technology Addicts Anonymous","og_description":"Welcome to Internet and Technology Addicts Anonymous! We\u2019re glad you\u2019ve found us, and we hope our community can be as helpful to you as it has been for us. ITAA is a Twelve-Step fellowship of individuals who support each other in recovering from internet and technology addiction. This includes addiction to social media, smartphones, streaming &hellip; ITAA in French weiterlesen","og_url":"https:\/\/internetaddictsanonymous.org\/de\/franzosisch\/","og_site_name":"Internet and Technology Addicts Anonymous","article_modified_time":"2024-04-28T23:34:21+00:00","twitter_card":"summary_large_image","twitter_misc":{"Gesch\u00e4tzte Lesezeit":"3\u00a0Minuten"},"schema":{"@context":"https:\/\/schema.org","@graph":[{"@type":"WebPage","@id":"https:\/\/internetaddictsanonymous.org\/french\/","url":"https:\/\/internetaddictsanonymous.org\/french\/","name":"ITAA auf Franz\u00f6sisch - Anonyme Internet- und Technologies\u00fcchtige","isPartOf":{"@id":"https:\/\/internetaddictsanonymous.org\/#website"},"datePublished":"2023-07-14T22:50:38+00:00","dateModified":"2024-04-28T23:34:21+00:00","breadcrumb":{"@id":"https:\/\/internetaddictsanonymous.org\/french\/#breadcrumb"},"inLanguage":"de","potentialAction":[{"@type":"ReadAction","target":["https:\/\/internetaddictsanonymous.org\/french\/"]}]},{"@type":"BreadcrumbList","@id":"https:\/\/internetaddictsanonymous.org\/french\/#breadcrumb","itemListElement":[{"@type":"ListItem","position":1,"name":"Home","item":"https:\/\/internetaddictsanonymous.org\/"},{"@type":"ListItem","position":2,"name":"ITAA in French"}]},{"@type":"WebSite","@id":"https:\/\/internetaddictsanonymous.org\/#website","url":"https:\/\/internetaddictsanonymous.org\/","name":"Die anonymen Internet- und Technologies\u00fcchtigen","description":"Weltweite 12-Schritte-Gemeinschaft f\u00fcr Internet- und Techniksucht","publisher":{"@id":"https:\/\/internetaddictsanonymous.org\/#organization"},"potentialAction":[{"@type":"SearchAction","target":{"@type":"EntryPoint","urlTemplate":"https:\/\/internetaddictsanonymous.org\/?s={search_term_string}"},"query-input":{"@type":"PropertyValueSpecification","valueRequired":true,"valueName":"search_term_string"}}],"inLanguage":"de"},{"@type":"Organization","@id":"https:\/\/internetaddictsanonymous.org\/#organization","name":"Die anonymen Internet- und Technologies\u00fcchtigen","url":"https:\/\/internetaddictsanonymous.org\/","logo":{"@type":"ImageObject","inLanguage":"de","@id":"https:\/\/internetaddictsanonymous.org\/#\/schema\/logo\/image\/","url":"https:\/\/internetaddictsanonymous.org\/wp-content\/uploads\/2023\/01\/cropped-ITAA-logo-480px.png","contentUrl":"https:\/\/internetaddictsanonymous.org\/wp-content\/uploads\/2023\/01\/cropped-ITAA-logo-480px.png","width":480,"height":480,"caption":"Internet and Technology Addicts Anonymous"},"image":{"@id":"https:\/\/internetaddictsanonymous.org\/#\/schema\/logo\/image\/"}}]}},"jetpack_sharing_enabled":true,"jetpack_shortlink":"https:\/\/wp.me\/P9Fwob-4df","_links":{"self":[{"href":"https:\/\/internetaddictsanonymous.org\/de\/wp-json\/wp\/v2\/pages\/16197","targetHints":{"allow":["GET"]}}],"collection":[{"href":"https:\/\/internetaddictsanonymous.org\/de\/wp-json\/wp\/v2\/pages"}],"about":[{"href":"https:\/\/internetaddictsanonymous.org\/de\/wp-json\/wp\/v2\/types\/page"}],"author":[{"embeddable":true,"href":"https:\/\/internetaddictsanonymous.org\/de\/wp-json\/wp\/v2\/users\/35194237"}],"replies":[{"embeddable":true,"href":"https:\/\/internetaddictsanonymous.org\/de\/wp-json\/wp\/v2\/comments?post=16197"}],"version-history":[{"count":16,"href":"https:\/\/internetaddictsanonymous.org\/de\/wp-json\/wp\/v2\/pages\/16197\/revisions"}],"predecessor-version":[{"id":19429,"href":"https:\/\/internetaddictsanonymous.org\/de\/wp-json\/wp\/v2\/pages\/16197\/revisions\/19429"}],"wp:attachment":[{"href":"https:\/\/internetaddictsanonymous.org\/de\/wp-json\/wp\/v2\/media?parent=16197"}],"wp:term":[{"taxonomy":"post_tag","embeddable":true,"href":"https:\/\/internetaddictsanonymous.org\/de\/wp-json\/wp\/v2\/tags?post=16197"}],"curies":[{"name":"wp","href":"https:\/\/api.w.org\/{rel}","templated":true}]}}