{"id":16623,"date":"2023-08-19T13:56:19","date_gmt":"2023-08-19T17:56:19","guid":{"rendered":"https:\/\/internetaddictsanonymous.org\/?page_id=16623"},"modified":"2023-08-26T15:08:22","modified_gmt":"2023-08-26T19:08:22","slug":"kurzformen-der-wiederherstellungstools","status":"publish","type":"page","link":"https:\/\/internetaddictsanonymous.org\/de\/tools-of-recovery-short-forms\/","title":{"rendered":"Tools zur Wiederherstellung: Kurzformulare"},"content":{"rendered":"<p><em>Nachfolgend finden Sie Kurzformen unserer <a href=\"https:\/\/internetaddictsanonymous.org\/de\/ressourcen\/instrumente-zur-wiederherstellung\/\">Instrumente zur Wiederherstellung<\/a> die wir in unseren Meetings leicht nachschlagen oder vorlesen k\u00f6nnen. Verschiedene Mitglieder haben unterschiedliche Tools als hilfreich empfunden, und oft \u00e4ndern sich die von uns verwendeten Tools im Laufe der Zeit.<\/em><\/p>\n\n\n\n<p><strong><mark style=\"background-color:rgba(0, 0, 0, 0)\" class=\"has-inline-color has-dark-gray-color\">Die Zw\u00f6lf Schritte<\/mark><\/strong><br>Die Zw\u00f6lf Schritte der ITAA sind der spirituelle Kern unseres Programms und die Grundlage unserer langfristigen Genesung.&nbsp;<\/p>\n\n\n\n<p><strong><mark style=\"background-color:rgba(0, 0, 0, 0)\" class=\"has-inline-color has-dark-gray-color\">Sponsorschaft<\/mark><\/strong><br>Wir suchen einen erfahrenen, n\u00fcchternen Sponsor, der uns bei der Arbeit an den Schritten unterst\u00fctzen kann.&nbsp;<\/p>\n\n\n\n<p><strong><mark style=\"background-color:rgba(0, 0, 0, 0)\" class=\"has-inline-color has-dark-gray-color\">Entdecken Sie unsere H\u00f6here Macht<\/mark><\/strong><br>Wir unterwerfen uns einer Macht, die gr\u00f6\u00dfer ist als wir selbst, und sind aufgefordert, das Konzept einer H\u00f6heren Macht zu w\u00e4hlen, das uns bei unserer eigenen Genesung am hilfreichsten ist.&nbsp;<\/p>\n\n\n\n<p><strong><mark style=\"background-color:rgba(0, 0, 0, 0)\" class=\"has-inline-color has-dark-gray-color\">Meetings<\/mark><\/strong><br>Treffen verbinden uns mit der Erfahrung, Kraft und Hoffnung anderer und vertiefen unsere Genesung.<\/p>\n\n\n\n<p><strong><mark style=\"background-color:rgba(0, 0, 0, 0)\" class=\"has-inline-color has-dark-gray-color\">Outreach-Anrufe (Programm-Anrufe)<\/mark><\/strong><br>Aufsuchende Anrufe helfen uns, in Verbindung zu bleiben, Unterst\u00fctzung zu erhalten und n\u00fcchtern zu bleiben. Sie geben uns die M\u00f6glichkeit, uns zu melden, wenn wir verletzlich sind, und w\u00e4hrend der Genesung dauerhafte Freundschaften aufzubauen.&nbsp;<\/p>\n\n\n\n<p><strong><mark style=\"background-color:rgba(0, 0, 0, 0)\" class=\"has-inline-color has-dark-gray-color\">Dienst \/ Service<\/mark><\/strong><br>Der Dienst h\u00e4lt uns n\u00fcchtern und erm\u00f6glicht es uns, weiterzugeben, was wir so freigiebig empfangen haben.&nbsp;<\/p>\n\n\n\n<p><strong><mark style=\"background-color:rgba(0, 0, 0, 0)\" class=\"has-inline-color has-dark-gray-color\">Literatur<\/mark><\/strong><br>Schriftliche Literatur zur Genesung bietet uns Weisheit und Einsicht auf unserem Weg zur langfristigen Abstinenz.&nbsp;&nbsp;&nbsp;<\/p>\n\n\n\n<p><strong><mark style=\"background-color:rgba(0, 0, 0, 0)\" class=\"has-inline-color has-dark-gray-color\">Gebet und Meditation<\/mark><\/strong><br>Wir nutzen Praktiken wie Gebet und Meditation, um unseren bewussten Kontakt mit einer Macht zu vertiefen, die gr\u00f6\u00dfer ist als wir selbst und uns unsere geistige Gesundheit wiedergeben kann.<\/p>\n\n\n\n<p><strong><mark style=\"background-color:rgba(0, 0, 0, 0)\" class=\"has-inline-color has-dark-gray-color\">Toplines, Middlelines, Bottomlines \/ Obere, Mittlere, Untere Linien<\/mark><\/strong><br>Toplinien sind Aktivit\u00e4ten, die uns helfen, unsere Bed\u00fcrfnisse auf gesunde Weise zu befriedigen, mittlere Linien sind Verhaltensweisen und Situationen, die unseren Drang zum Ausleben n\u00e4hren, und Bottomlinien sind Verhaltensweisen, die f\u00fcr uns durchg\u00e4ngig zwanghaft und selbstzerst\u00f6rerisch sind. Wir verzichten auf unsere Bottomlinien.<\/p>\n\n\n\n<p><strong><mark style=\"background-color:rgba(0, 0, 0, 0)\" class=\"has-inline-color has-dark-gray-color\">Verzicht auf unn\u00f6tige Technologienutzung<\/mark><\/strong><br>Wir vermeiden es, uns durch unn\u00f6tige Internet- und Technologienutzung ablenken zu lassen, der Realit\u00e4t zu entfliehen oder unsere Gef\u00fchle zu bet\u00e4uben. Stattdessen versuchen wir, die Technologie im Einklang mit unseren Werten und dem Willen unserer H\u00f6heren Macht f\u00fcr uns einzusetzen.<\/p>\n\n\n\n<p><strong><mark style=\"background-color:rgba(0, 0, 0, 0)\" class=\"has-inline-color has-dark-gray-color\">Vor\u00fcbergehende Abstinenz<\/mark><\/strong><br>Wir k\u00f6nnen uns zu einer vor\u00fcbergehenden Abstinenz von einem bestimmten Internet- und Technologieverhalten verpflichten, um ein Leben ohne es zu erleben.&nbsp;<\/p>\n\n\n\n<p><strong><mark style=\"background-color:rgba(0, 0, 0, 0)\" class=\"has-inline-color has-dark-gray-color\">Ein Tag nach dem anderen \/ Nur f\u00fcr heute<\/mark><\/strong><br>Anstatt uns mit einer lebenslangen Verpflichtung auseinanderzusetzen, konzentrieren wir uns einfach darauf, die n\u00e4chsten 24 Stunden n\u00fcchtern zu bleiben.&nbsp;<\/p>\n\n\n\n<p><mark style=\"background-color:rgba(0, 0, 0, 0)\" class=\"has-inline-color has-dark-gray-color\"><strong>Aktionspl\u00e4ne<\/strong><br><\/mark>Wir erstellen Aktionspl\u00e4ne f\u00fcr herausfordernde Situationen, die unsere N\u00fcchternheit gef\u00e4hrden k\u00f6nnten.\u00a0<\/p>\n\n\n\n<p><strong><mark style=\"background-color:rgba(0, 0, 0, 0)\" class=\"has-inline-color has-dark-gray-color\">Suchtdruck-Surfen<\/mark><\/strong><br>Wenn das Verlangen nach Konsum zunimmt, greifen wir auf unsere Genesungstools zur\u00fcck und verlassen uns auf das Programm, bis das Verlangen vor\u00fcber ist.<\/p>\n\n\n\n<p><strong><mark style=\"background-color:rgba(0, 0, 0, 0)\" class=\"has-inline-color has-dark-gray-color\">Schreiben einer Erster Schritt-Inventur<\/mark><\/strong><br>F\u00fcr uns ist es hilfreich, eine Geschichte \u00fcber uns und unsere Sucht zu schreiben: wie sie war, wie sie sich im Laufe der Zeit ver\u00e4ndert hat und wie sie jetzt ist.&nbsp;<\/p>\n\n\n\n<p><strong><mark style=\"background-color:rgba(0, 0, 0, 0)\" class=\"has-inline-color has-dark-gray-color\">Zeitprotokoll<\/mark><\/strong><br>Das F\u00fchren eines Zeitprotokolls unserer gesamten Internet- und Technologienutzung kann uns dabei helfen, einen \u00dcberblick \u00fcber unsere Muster zu gewinnen.&nbsp;<\/p>\n\n\n\n<p><strong><mark style=\"background-color:rgba(0, 0, 0, 0)\" class=\"has-inline-color has-dark-gray-color\">Mit einem anderen Mitglied deine Technologienutzung \u201eregistrieren\u201c\n(bookenden)<\/mark><\/strong><br>Wir runden das Ganze ab, indem wir vor und nach einer Online-Aktivit\u00e4t oder einer ausl\u00f6senden Situation ein anderes Mitglied anrufen oder ihm eine SMS schreiben.<\/p>\n\n\n\n<p><strong><mark style=\"background-color:rgba(0, 0, 0, 0)\" class=\"has-inline-color has-dark-gray-color\">Beschr\u00e4nkung des Zugangs zur Technologie<\/mark><\/strong><br>Wir trennen uns von Apps, Konten und Ger\u00e4ten, die unsere Technologiesucht erm\u00f6glicht haben, im Vertrauen darauf, dass wir auch ohne sie ein erf\u00fclltes Leben f\u00fchren k\u00f6nnen.<\/p>\n\n\n\n<p><strong><mark style=\"background-color:rgba(0, 0, 0, 0)\" class=\"has-inline-color has-dark-gray-color\">Offline-Hobbys, -Leidenschaften und \u2013Aktivit\u00e4ten<\/mark><\/strong><br>Wir \u00fcberlegen, wie wir unsere Ziele erreichen k\u00f6nnen, ohne auf die Technik zur\u00fcckzugreifen, und stellen m\u00f6glicherweise fest, dass analoge Werkzeuge unsere Anforderungen genauso gut oder besser erf\u00fcllen als ihre digitalen Entsprechungen.<\/p>\n\n\n\n<p><strong><mark style=\"background-color:rgba(0, 0, 0, 0)\" class=\"has-inline-color has-dark-gray-color\">Eine Auszeit von der Technik nehmen<\/mark><\/strong><br>Wenn wir uns unsicher f\u00fchlen, nehmen wir uns eine Auszeit von allen Bildschirmen und verschaffen uns so den Raum, wieder auf die Beine zu kommen und unseren bewussten Kontakt mit unserer H\u00f6heren Macht zu verbessern.<\/p>\n\n\n\n<p><strong><mark style=\"background-color:rgba(0, 0, 0, 0)\" class=\"has-inline-color has-dark-gray-color\">Tagebuch schreiben<\/mark><\/strong><br>Das Aufschreiben unserer Gef\u00fchle, K\u00e4mpfe und Ziele in einem Tagebuch, sei es in freier Form oder durch t\u00e4gliche Bestandsaufnahmen im Rahmen des 10. Schritts, hilft uns dabei, eine neue Perspektive zu entwickeln.&nbsp;&nbsp;<\/p>\n\n\n\n<p><strong><mark style=\"background-color:rgba(0, 0, 0, 0)\" class=\"has-inline-color has-dark-gray-color\">R\u00fcckf\u00e4lle \u00fcberpr\u00fcfen<\/mark><\/strong><br>Bei einem R\u00fcckfall gehen wir behutsam das Geschehene durch, identifizieren die Faktoren, die zu diesem R\u00fcckfall gef\u00fchrt haben, und zeigen auf, was in unserem zuk\u00fcnftigen Genesungsprogramm m\u00f6glicherweise ge\u00e4ndert werden muss.<\/p>\n\n\n\n<p><strong><mark style=\"background-color:rgba(0, 0, 0, 0)\" class=\"has-inline-color has-dark-gray-color\">K\u00f6rperliche Selbstf\u00fcrsorge<\/mark><\/strong><br>Die k\u00f6rperliche F\u00fcrsorge durch Bewegung, Schlaf, Ern\u00e4hrung, Hygiene und medizinische Versorgung steht f\u00fcr uns an erster Stelle.&nbsp;<\/p>\n\n\n\n<p><mark style=\"background-color:rgba(0, 0, 0, 0)\" class=\"has-inline-color has-dark-gray-color\"><strong>Gemeinschaft mit anderen<\/strong><br><\/mark>Wir kn\u00fcpfen pers\u00f6nliche Kontakte zu Freunden, Familie und unserer weiteren Gemeinschaft und vertiefen unsere Beziehungen.<\/p>\n\n\n\n<p><strong><mark style=\"background-color:rgba(0, 0, 0, 0)\" class=\"has-inline-color has-dark-gray-color\">Hobbys, Leidenschaften und Aktivit\u00e4ten entwickeln<\/mark><\/strong><br>In der N\u00fcchternheit investieren wir unsere Zeit in neue oder vernachl\u00e4ssigte Interessen und Leidenschaften und bringen so mehr Erf\u00fcllung in unser Leben.<\/p>\n\n\n\n<p><strong><mark style=\"background-color:rgba(0, 0, 0, 0)\" class=\"has-inline-color has-dark-gray-color\">Erkennen von anderen Zw\u00e4ngen<\/mark><\/strong><br>W\u00e4hrend wir mit ITAA Abstinenz erreichen, bemerken wir m\u00f6glicherweise, dass andere zwanghafte Verhaltensweisen auftauchen, und wir suchen bei der Bew\u00e4ltigung dieser Verhaltensweisen die Anleitung anderer.<\/p>\n\n\n\n<p><mark style=\"background-color:rgba(0, 0, 0, 0)\" class=\"has-inline-color has-dark-gray-color\"><strong>Professionelle Hilfe von au\u00dfen<\/strong><br><\/mark>Wir nutzen externe Ressourcen, darunter andere Zw\u00f6lf-Schritte-Gemeinschaften und professionelle Hilfe.<\/p>\n\n\n\n<hr class=\"wp-block-separator has-alpha-channel-opacity is-style-wide\"\/>\n\n\n\n<p> <\/p>\n\n\n\n<p id=\"block-064b8179-f2e2-4ec2-84cc-83680bf0c928\"><em>Diese Seite wurde vom ITAA Web Content Committee verfasst. Wenn Sie uns Feedback geben oder zu unseren Bem\u00fchungen beitragen m\u00f6chten, w\u00fcrden wir uns freuen, von Ihnen zu h\u00f6ren oder Sie zu einem unserer Treffen einzuladen. Weitere Einzelheiten finden Sie auf der <a href=\"https:\/\/internetaddictsanonymous.org\/de\/offene-dienststellen\/\">Dienstaussch\u00fcsse<\/a> - Seite.<\/em><\/p>\n<!-- PMB print buttons is only displayed on a single post\/page URLs-->","protected":false},"excerpt":{"rendered":"<p>Nachfolgend finden Sie Kurzfassungen unserer Genesungstools, die wir in unseren Meetings leicht nachschlagen oder vorlesen k\u00f6nnen. Verschiedene Mitglieder haben unterschiedliche Tools als hilfreich empfunden, und oft \u00e4ndern sich die von uns verwendeten Tools im Laufe der Zeit. Die Zw\u00f6lf SchritteDie Zw\u00f6lf Schritte der ITAA sind der spirituelle Kern unseres Programms und die Grundlage \u2026 <a href=\"https:\/\/internetaddictsanonymous.org\/de\/tools-of-recovery-short-forms\/\" class=\"more-link\"><span class=\"screen-reader-text\">Tools zur Wiederherstellung: Kurzformulare<\/span> weiterlesen<\/a><\/p>","protected":false},"author":35194237,"featured_media":0,"parent":0,"menu_order":0,"comment_status":"closed","ping_status":"closed","template":"full-width-page.php","meta":{"inline_featured_image":false,"_lmt_disableupdate":"","_lmt_disable":"","jetpack_post_was_ever_published":false,"footnotes":""},"tags":[],"class_list":["post-16623","page","type-page","status-publish","hentry"],"yoast_head":"<!-- This site is optimized with the Yoast SEO plugin v27.3 - https:\/\/yoast.com\/product\/yoast-seo-wordpress\/ -->\n<title>Tools of Recovery: Short Forms &#8211; Internet and Technology Addicts Anonymous<\/title>\n<meta name=\"robots\" content=\"index, follow, max-snippet:-1, max-image-preview:large, max-video-preview:-1\" \/>\n<link rel=\"canonical\" href=\"https:\/\/internetaddictsanonymous.org\/de\/kurzformen-der-wiederherstellungstools\/\" \/>\n<meta property=\"og:locale\" content=\"de_DE\" \/>\n<meta property=\"og:type\" content=\"article\" \/>\n<meta property=\"og:title\" content=\"Tools of Recovery: Short Forms &#8211; Internet and Technology Addicts Anonymous\" \/>\n<meta property=\"og:description\" content=\"Below are short forms of our tools of recovery that we can easily reference or read aloud in our meetings. Different members have found different tools to be helpful, and often the tools we use change over time. The Twelve StepsThe Twelve Steps of ITAA are the spiritual core of our program and the basis &hellip; Tools of Recovery: Short Forms weiterlesen\" \/>\n<meta property=\"og:url\" content=\"https:\/\/internetaddictsanonymous.org\/de\/kurzformen-der-wiederherstellungstools\/\" \/>\n<meta property=\"og:site_name\" content=\"Internet and Technology Addicts Anonymous\" \/>\n<meta property=\"article:modified_time\" content=\"2023-08-26T19:08:22+00:00\" \/>\n<meta name=\"twitter:card\" content=\"summary_large_image\" \/>\n<meta name=\"twitter:label1\" content=\"Gesch\u00e4tzte Lesezeit\" \/>\n\t<meta name=\"twitter:data1\" content=\"4\u00a0Minuten\" \/>\n<script type=\"application\/ld+json\" class=\"yoast-schema-graph\">{\"@context\":\"https:\\\/\\\/schema.org\",\"@graph\":[{\"@type\":\"WebPage\",\"@id\":\"https:\\\/\\\/internetaddictsanonymous.org\\\/tools-of-recovery-short-forms\\\/\",\"url\":\"https:\\\/\\\/internetaddictsanonymous.org\\\/tools-of-recovery-short-forms\\\/\",\"name\":\"Tools of Recovery: Short Forms &#8211; Internet and Technology Addicts Anonymous\",\"isPartOf\":{\"@id\":\"https:\\\/\\\/internetaddictsanonymous.org\\\/#website\"},\"datePublished\":\"2023-08-19T17:56:19+00:00\",\"dateModified\":\"2023-08-26T19:08:22+00:00\",\"breadcrumb\":{\"@id\":\"https:\\\/\\\/internetaddictsanonymous.org\\\/tools-of-recovery-short-forms\\\/#breadcrumb\"},\"inLanguage\":\"de\",\"potentialAction\":[{\"@type\":\"ReadAction\",\"target\":[\"https:\\\/\\\/internetaddictsanonymous.org\\\/tools-of-recovery-short-forms\\\/\"]}]},{\"@type\":\"BreadcrumbList\",\"@id\":\"https:\\\/\\\/internetaddictsanonymous.org\\\/tools-of-recovery-short-forms\\\/#breadcrumb\",\"itemListElement\":[{\"@type\":\"ListItem\",\"position\":1,\"name\":\"Home\",\"item\":\"https:\\\/\\\/internetaddictsanonymous.org\\\/\"},{\"@type\":\"ListItem\",\"position\":2,\"name\":\"Tools of Recovery: Short Forms\"}]},{\"@type\":\"WebSite\",\"@id\":\"https:\\\/\\\/internetaddictsanonymous.org\\\/#website\",\"url\":\"https:\\\/\\\/internetaddictsanonymous.org\\\/\",\"name\":\"Internet and Technology Addicts Anonymous\",\"description\":\"Worldwide 12-step Fellowship for Internet and Technology Addiction\",\"publisher\":{\"@id\":\"https:\\\/\\\/internetaddictsanonymous.org\\\/#organization\"},\"potentialAction\":[{\"@type\":\"SearchAction\",\"target\":{\"@type\":\"EntryPoint\",\"urlTemplate\":\"https:\\\/\\\/internetaddictsanonymous.org\\\/?s={search_term_string}\"},\"query-input\":{\"@type\":\"PropertyValueSpecification\",\"valueRequired\":true,\"valueName\":\"search_term_string\"}}],\"inLanguage\":\"de\"},{\"@type\":\"Organization\",\"@id\":\"https:\\\/\\\/internetaddictsanonymous.org\\\/#organization\",\"name\":\"Internet and Technology Addicts Anonymous\",\"url\":\"https:\\\/\\\/internetaddictsanonymous.org\\\/\",\"logo\":{\"@type\":\"ImageObject\",\"inLanguage\":\"de\",\"@id\":\"https:\\\/\\\/internetaddictsanonymous.org\\\/#\\\/schema\\\/logo\\\/image\\\/\",\"url\":\"https:\\\/\\\/internetaddictsanonymous.org\\\/wp-content\\\/uploads\\\/2023\\\/01\\\/cropped-ITAA-logo-480px.png\",\"contentUrl\":\"https:\\\/\\\/internetaddictsanonymous.org\\\/wp-content\\\/uploads\\\/2023\\\/01\\\/cropped-ITAA-logo-480px.png\",\"width\":480,\"height\":480,\"caption\":\"Internet and Technology Addicts Anonymous\"},\"image\":{\"@id\":\"https:\\\/\\\/internetaddictsanonymous.org\\\/#\\\/schema\\\/logo\\\/image\\\/\"}}]}<\/script>\n<!-- \/ Yoast SEO plugin. -->","yoast_head_json":{"title":"Tools of Recovery: Kurzformulare \u2013 Anonyme Internet- und Technologie-S\u00fcchtige","robots":{"index":"index","follow":"follow","max-snippet":"max-snippet:-1","max-image-preview":"max-image-preview:large","max-video-preview":"max-video-preview:-1"},"canonical":"https:\/\/internetaddictsanonymous.org\/de\/kurzformen-der-wiederherstellungstools\/","og_locale":"de_DE","og_type":"article","og_title":"Tools of Recovery: Short Forms &#8211; Internet and Technology Addicts Anonymous","og_description":"Below are short forms of our tools of recovery that we can easily reference or read aloud in our meetings. Different members have found different tools to be helpful, and often the tools we use change over time. The Twelve StepsThe Twelve Steps of ITAA are the spiritual core of our program and the basis &hellip; Tools of Recovery: Short Forms weiterlesen","og_url":"https:\/\/internetaddictsanonymous.org\/de\/kurzformen-der-wiederherstellungstools\/","og_site_name":"Internet and Technology Addicts Anonymous","article_modified_time":"2023-08-26T19:08:22+00:00","twitter_card":"summary_large_image","twitter_misc":{"Gesch\u00e4tzte Lesezeit":"4\u00a0Minuten"},"schema":{"@context":"https:\/\/schema.org","@graph":[{"@type":"WebPage","@id":"https:\/\/internetaddictsanonymous.org\/tools-of-recovery-short-forms\/","url":"https:\/\/internetaddictsanonymous.org\/tools-of-recovery-short-forms\/","name":"Tools of Recovery: Kurzformulare \u2013 Anonyme Internet- und Technologie-S\u00fcchtige","isPartOf":{"@id":"https:\/\/internetaddictsanonymous.org\/#website"},"datePublished":"2023-08-19T17:56:19+00:00","dateModified":"2023-08-26T19:08:22+00:00","breadcrumb":{"@id":"https:\/\/internetaddictsanonymous.org\/tools-of-recovery-short-forms\/#breadcrumb"},"inLanguage":"de","potentialAction":[{"@type":"ReadAction","target":["https:\/\/internetaddictsanonymous.org\/tools-of-recovery-short-forms\/"]}]},{"@type":"BreadcrumbList","@id":"https:\/\/internetaddictsanonymous.org\/tools-of-recovery-short-forms\/#breadcrumb","itemListElement":[{"@type":"ListItem","position":1,"name":"Home","item":"https:\/\/internetaddictsanonymous.org\/"},{"@type":"ListItem","position":2,"name":"Tools of Recovery: Short Forms"}]},{"@type":"WebSite","@id":"https:\/\/internetaddictsanonymous.org\/#website","url":"https:\/\/internetaddictsanonymous.org\/","name":"Die anonymen Internet- und Technologies\u00fcchtigen","description":"Weltweite 12-Schritte-Gemeinschaft f\u00fcr Internet- und Techniksucht","publisher":{"@id":"https:\/\/internetaddictsanonymous.org\/#organization"},"potentialAction":[{"@type":"SearchAction","target":{"@type":"EntryPoint","urlTemplate":"https:\/\/internetaddictsanonymous.org\/?s={search_term_string}"},"query-input":{"@type":"PropertyValueSpecification","valueRequired":true,"valueName":"search_term_string"}}],"inLanguage":"de"},{"@type":"Organization","@id":"https:\/\/internetaddictsanonymous.org\/#organization","name":"Die anonymen Internet- und Technologies\u00fcchtigen","url":"https:\/\/internetaddictsanonymous.org\/","logo":{"@type":"ImageObject","inLanguage":"de","@id":"https:\/\/internetaddictsanonymous.org\/#\/schema\/logo\/image\/","url":"https:\/\/internetaddictsanonymous.org\/wp-content\/uploads\/2023\/01\/cropped-ITAA-logo-480px.png","contentUrl":"https:\/\/internetaddictsanonymous.org\/wp-content\/uploads\/2023\/01\/cropped-ITAA-logo-480px.png","width":480,"height":480,"caption":"Internet and Technology Addicts Anonymous"},"image":{"@id":"https:\/\/internetaddictsanonymous.org\/#\/schema\/logo\/image\/"}}]}},"jetpack_sharing_enabled":true,"jetpack_shortlink":"https:\/\/wp.me\/P9Fwob-4k7","_links":{"self":[{"href":"https:\/\/internetaddictsanonymous.org\/de\/wp-json\/wp\/v2\/pages\/16623","targetHints":{"allow":["GET"]}}],"collection":[{"href":"https:\/\/internetaddictsanonymous.org\/de\/wp-json\/wp\/v2\/pages"}],"about":[{"href":"https:\/\/internetaddictsanonymous.org\/de\/wp-json\/wp\/v2\/types\/page"}],"author":[{"embeddable":true,"href":"https:\/\/internetaddictsanonymous.org\/de\/wp-json\/wp\/v2\/users\/35194237"}],"replies":[{"embeddable":true,"href":"https:\/\/internetaddictsanonymous.org\/de\/wp-json\/wp\/v2\/comments?post=16623"}],"version-history":[{"count":23,"href":"https:\/\/internetaddictsanonymous.org\/de\/wp-json\/wp\/v2\/pages\/16623\/revisions"}],"predecessor-version":[{"id":16675,"href":"https:\/\/internetaddictsanonymous.org\/de\/wp-json\/wp\/v2\/pages\/16623\/revisions\/16675"}],"wp:attachment":[{"href":"https:\/\/internetaddictsanonymous.org\/de\/wp-json\/wp\/v2\/media?parent=16623"}],"wp:term":[{"taxonomy":"post_tag","embeddable":true,"href":"https:\/\/internetaddictsanonymous.org\/de\/wp-json\/wp\/v2\/tags?post=16623"}],"curies":[{"name":"wp","href":"https:\/\/api.w.org\/{rel}","templated":true}]}}