{"id":16726,"date":"2023-09-02T13:40:49","date_gmt":"2023-09-02T17:40:49","guid":{"rendered":"https:\/\/internetaddictsanonymous.org\/?page_id=16726"},"modified":"2023-09-02T13:48:45","modified_gmt":"2023-09-02T17:48:45","slug":"fur-atheisten-und-diagnostiker","status":"publish","type":"page","link":"https:\/\/internetaddictsanonymous.org\/de\/for-atheists-and-agnostics\/","title":{"rendered":"F\u00fcr Atheisten und Agnostiker"},"content":{"rendered":"<p>Als wir die ITAA betraten, fragten sich viele von uns, die Atheisten oder Agnostiker sind, ob dies ein religi\u00f6ses Programm sei. Selbst als wir dar\u00fcber informiert wurden, dass die ITAA keiner Religion angeh\u00f6rt, fragten sich einige von uns immer noch, ob es irgendwo im Verborgenen subtile religi\u00f6se Verpflichtungen gibt.<\/p>\n\n\n\n<p>Tatsache ist, dass es keinerlei religi\u00f6se \u00dcberzeugungen gibt, die erforderlich sind, um unserem Programm beizutreten, die Schritte zu gehen und langfristige N\u00fcchternheit zu erlangen. Unsere Gemeinschaft h\u00e4lt fest an der Freiheit eines jeden Mitglieds, sich mit einer beliebigen Glaubenstradition oder einer fehlenden Glaubenstradition zu besch\u00e4ftigen, wie es f\u00fcr sie auf ihrem eigenen Weg zur Genesung am hilfreichsten ist. Unser Atheismus und Agnostizismus haben uns nicht daran gehindert, Freiheit von der Sucht zu finden, und durch unsere Genesung haben wir eine tiefere Verbindung zu uns selbst, zu anderen und zur Welt um uns herum entwickelt.&nbsp;<\/p>\n\n\n\n<p>Was ist dann mit dem Ausdruck \"H\u00f6here Macht\" gemeint, der in unserem Programm h\u00e4ufig vorkommt? In den Zw\u00f6lf Schritten geht es darum, dass wir uns einer Macht hingeben, die gr\u00f6\u00dfer ist als wir selbst, und wir sind eingeladen, das Konzept einer H\u00f6heren Macht zu erforschen, das uns bei unserer eigenen Genesung am meisten hilft. Es gibt eine enorme Vielfalt in der Art und Weise, wie verschiedene Mitglieder ihre H\u00f6here Macht verstehen, und wir profitieren davon, andere nach ihren Erfahrungen zu fragen. Einige Mitglieder verstehen ihre H\u00f6here Macht als die Natur, das Universum, die Realit\u00e4t, Konzepte wie Liebe oder Dienst, den gegenw\u00e4rtigen Moment, die Gemeinschaft der ITAA, die Kraft der menschlichen Verbindung, die kollektive Weisheit aller Menschen in Genesung, unsere inneren liebenden Eltern, unsere innere St\u00e4rke oder unser h\u00f6heres Selbst. Andere finden eine Resonanz mit einem spirituellen Wesen, einer Kraft oder Energie. Einige Mitglieder verwenden vielleicht das Wort Gott, um diese Kraft zu benennen. Jeder von uns ist eingeladen, die H\u00f6here Macht zu entdecken, die f\u00fcr unser pers\u00f6nliches Wachstum und unsere Genesung von der Sucht am f\u00f6rderlichsten ist.<\/p>\n\n\n\n<p>Es ist oft gesagt worden, dass wir nicht an Gott glauben m\u00fcssen, um die Schritte zu gehen; wir m\u00fcssen nur glauben, dass wir nicht Gott sind. Auf dem Weg zur N\u00fcchternheit m\u00fcssen wir uns zun\u00e4chst mit der Tatsache abfinden, dass wir ein ernstes Problem haben, das wir nicht aus eigener Kraft l\u00f6sen k\u00f6nnen. Dann kommen wir zu der \u00dcberzeugung, dass es etwas au\u00dferhalb von uns selbst geben k\u00f6nnte, das uns helfen kann, langfristig von unseren zwanghaften und selbstzerst\u00f6rerischen Verhaltensweisen zu genesen, wie die Tatsache beweist, dass Millionen von Menschen, die an der Krankheit Sucht leiden, durch Zw\u00f6lf-Schritte-Programme Freiheit gefunden haben. Als N\u00e4chstes verpflichten wir uns, dem Prozess zu vertrauen und die Hilfe anderer anzunehmen, einen Tag nach dem anderen.<\/p>\n\n\n\n<p>Liebe, Toleranz und Aufgeschlossenheit leiten uns in der Genesung, und wir feiern die Vielfalt der spirituellen Wege, die die verschiedenen Mitglieder gehen. Wir hoffen, dass Sie sich in der ITAA willkommen f\u00fchlen, und wir ermutigen Sie, in einem kurzen Zeitraum sechs verschiedene Treffen zu besuchen, um herauszufinden, ob unser Programm f\u00fcr Sie hilfreich sein k\u00f6nnte.<br><br> <\/p>\n\n\n\n<h3 class=\"wp-block-heading\"><strong>Die Mitglieder teilen ihre Erfahrungen, ihre Kraft und ihre Hoffnung, als Atheisten und Agnostiker wieder gesund zu werden:<\/strong><\/h3>\n\n\n\n<p><em>Obwohl ich keine Religion praktiziere, konnte ich die Schritte arbeiten, habe eine h\u00f6here Macht und konnte mich langfristig von meiner Sucht befreien. Ich habe die spirituelle Dimension unseres Programms als eine Einladung verstanden, mich auf etwas Gr\u00f6\u00dferes als mich selbst einzulassen und eine sinnvolle Existenz zu entwickeln. Durch die Genesung habe ich eine viel reichere und erf\u00fcllendere Lebensweise gefunden, als ich sie zu Beginn des Programms hatte. Heute f\u00fchle ich mich wohl, wenn ich andere Mitglieder \u00fcber ihren spirituellen Weg sprechen h\u00f6re - ich habe das Gef\u00fchl, dass ich mich auf ihre Erfahrungen beziehen kann, ohne sie zu verurteilen.&nbsp;<\/em><\/p>\n\n\n\n<p class=\"has-text-align-center\"><em>***<\/em><\/p>\n\n\n\n<p><em>Ich hatte ein gro\u00dfes Problem mit den Schritten, bis ich schlie\u00dflich verstand, dass ich nicht an eine Religion glauben oder irgendwelche spirituellen \u00dcberzeugungen haben muss, um sie durchzuarbeiten. Die Schritte betonen eine \"H\u00f6here Macht <\/em>so wie wir sie verstanden<em>\". F\u00fcr mich ist meine H\u00f6here Macht die Kraft des ehrlichen Austauschs mit anderen und der mitf\u00fchlenden menschlichen Verbindung.<\/em><\/p>\n\n\n\n<p class=\"has-text-align-center\">***<\/p>\n\n\n\n<p><em>Ich bin Atheist, und als ich der ITAA beitrat, hatte ich Angst, bekehrt zu werden. Ich musste etwas finden, dem ich vertraute. Ich begann, an atheistischen und agnostischen Treffen teilzunehmen und fand sie sehr hilfreich. Sie gaben mir die Erlaubnis, an die h\u00f6here Macht zu glauben, die ich jetzt habe.&nbsp;<\/em><\/p>\n\n\n\n<p class=\"has-text-align-center\">***<\/p>\n\n\n\n<p><em>Ein wichtiger Aspekt meines Atheismus ist die Verpflichtung auf die Wahrheit. Die Genesung hat mir geholfen, mich von der Illusion zu befreien, dass ich eine neurologische Erkrankung \u00fcberlisten kann. Das kann ich nicht. Ich brauche Hilfe, manchmal auf eine Art und Weise, die ich nicht verstehe. Durch die Genesung und die Unterst\u00fctzung anderer habe ich ein tieferes Verst\u00e4ndnis f\u00fcr mich selbst entwickelt und bin nun besser in der Lage, mein Leben in \u00dcbereinstimmung mit der Realit\u00e4t zu leben. In diesem Prozess ist es mir gelungen, seit \u00fcber drei Jahren eine kontinuierliche Abstinenz von meinem Suchtverhalten zu erreichen und aufrechtzuerhalten.&nbsp;<\/em><\/p>\n\n\n\n<p class=\"has-text-align-center\">***<\/p>\n\n\n\n<p>In der Genesung ist jeder von uns eingeladen, die Sprache unseres Programms in etwas zu \u00fcbersetzen, das f\u00fcr uns funktioniert, und wir k\u00f6nnen gerne alles beiseite lassen, was wir nicht hilfreich finden. Alles in unserem Programm ist nur eine Anregung. Wenn Sie den Wunsch haben, mit dem zwanghaften Gebrauch von Technologie aufzuh\u00f6ren und daran interessiert sind, unser Programm auszuprobieren, empfehlen wir Ihnen, sechs Treffen innerhalb eines kurzen Zeitraums zu besuchen, um zu sehen, ob ITAA f\u00fcr Sie hilfreich sein k\u00f6nnte. Wir hoffen, dass Sie in unseren Treffen die gleiche Erleichterung und Freiheit finden, die so viele von uns erfahren haben.<\/p>\n\n\n\n<div class=\"wp-block-buttons is-content-justification-left is-layout-flex wp-container-core-buttons-is-layout-fdcfc74e wp-block-buttons-is-layout-flex\">\n<div class=\"wp-block-button has-custom-width wp-block-button__width-50 has-custom-font-size is-style-fill\" style=\"font-size:25px;font-style:normal;font-weight:900\"><a class=\"wp-block-button__link has-white-color has-blue-background-color has-text-color has-background wp-element-button\" href=\"https:\/\/internetaddictsanonymous.org\/de\/online-meetings\/\" style=\"border-radius:100px\">An einer Sitzung teilnehmen<\/a><\/div>\n\n\n<\/div>\n\n\n\n<div style=\"height:75px\" aria-hidden=\"true\" class=\"wp-block-spacer\"><\/div>\n<!-- PMB print buttons is only displayed on a single post\/page URLs-->","protected":false},"excerpt":{"rendered":"<p>Als wir bei ITAA eintraten, fragten sich viele von uns, die Atheisten oder Agnostiker sind, ob dies ein religi\u00f6ses Programm sei. Selbst als wir dar\u00fcber informiert wurden, dass ITAA keiner Religion angeh\u00f6rt, fragten sich einige von uns, ob es irgendwo im Verborgenen subtile religi\u00f6se \u00dcberzeugungen g\u00e4be. Tatsache ist, dass es keine religi\u00f6sen \u00dcberzeugungen gibt \u2026 <a href=\"https:\/\/internetaddictsanonymous.org\/de\/for-atheists-and-agnostics\/\" class=\"more-link\"><span class=\"screen-reader-text\">F\u00fcr Atheisten und Agnostiker<\/span> weiterlesen<\/a><\/p>","protected":false},"author":35194237,"featured_media":0,"parent":0,"menu_order":0,"comment_status":"closed","ping_status":"closed","template":"full-width-page.php","meta":{"inline_featured_image":false,"_lmt_disableupdate":"","_lmt_disable":"","footnotes":""},"tags":[],"class_list":["post-16726","page","type-page","status-publish","hentry"],"yoast_head":"<!-- This site is optimized with the Yoast SEO plugin v27.5 - https:\/\/yoast.com\/product\/yoast-seo-wordpress\/ -->\n<title>For Atheists and Agnostics &#8211; Internet and Technology Addicts Anonymous<\/title>\n<meta name=\"robots\" content=\"index, follow, max-snippet:-1, max-image-preview:large, max-video-preview:-1\" \/>\n<link rel=\"canonical\" href=\"https:\/\/internetaddictsanonymous.org\/de\/fur-atheisten-und-diagnostiker\/\" \/>\n<meta property=\"og:locale\" content=\"de_DE\" \/>\n<meta property=\"og:type\" content=\"article\" \/>\n<meta property=\"og:title\" content=\"For Atheists and Agnostics &#8211; Internet and Technology Addicts Anonymous\" \/>\n<meta property=\"og:description\" content=\"Upon entering ITAA, many of us who are atheists or agnostics wondered whether this was a religious program. Even when we were informed that ITAA isn\u2019t affiliated with any religion, some of us still questioned whether there were subtle religious commitments lurking somewhere out of sight. The fact is that there are no religious beliefs &hellip; For Atheists and Agnostics weiterlesen\" \/>\n<meta property=\"og:url\" content=\"https:\/\/internetaddictsanonymous.org\/de\/fur-atheisten-und-diagnostiker\/\" \/>\n<meta property=\"og:site_name\" content=\"Internet and Technology Addicts Anonymous\" \/>\n<meta property=\"article:modified_time\" content=\"2023-09-02T17:48:45+00:00\" \/>\n<meta name=\"twitter:card\" content=\"summary_large_image\" \/>\n<meta name=\"twitter:label1\" content=\"Gesch\u00e4tzte Lesezeit\" \/>\n\t<meta name=\"twitter:data1\" content=\"4\u00a0Minuten\" \/>\n<script type=\"application\/ld+json\" class=\"yoast-schema-graph\">{\"@context\":\"https:\\\/\\\/schema.org\",\"@graph\":[{\"@type\":\"WebPage\",\"@id\":\"https:\\\/\\\/internetaddictsanonymous.org\\\/for-atheists-and-agnostics\\\/\",\"url\":\"https:\\\/\\\/internetaddictsanonymous.org\\\/for-atheists-and-agnostics\\\/\",\"name\":\"For Atheists and Agnostics &#8211; Internet and Technology Addicts Anonymous\",\"isPartOf\":{\"@id\":\"https:\\\/\\\/internetaddictsanonymous.org\\\/#website\"},\"datePublished\":\"2023-09-02T17:40:49+00:00\",\"dateModified\":\"2023-09-02T17:48:45+00:00\",\"breadcrumb\":{\"@id\":\"https:\\\/\\\/internetaddictsanonymous.org\\\/for-atheists-and-agnostics\\\/#breadcrumb\"},\"inLanguage\":\"de\",\"potentialAction\":[{\"@type\":\"ReadAction\",\"target\":[\"https:\\\/\\\/internetaddictsanonymous.org\\\/for-atheists-and-agnostics\\\/\"]}]},{\"@type\":\"BreadcrumbList\",\"@id\":\"https:\\\/\\\/internetaddictsanonymous.org\\\/for-atheists-and-agnostics\\\/#breadcrumb\",\"itemListElement\":[{\"@type\":\"ListItem\",\"position\":1,\"name\":\"Home\",\"item\":\"https:\\\/\\\/internetaddictsanonymous.org\\\/\"},{\"@type\":\"ListItem\",\"position\":2,\"name\":\"For Atheists and Agnostics\"}]},{\"@type\":\"WebSite\",\"@id\":\"https:\\\/\\\/internetaddictsanonymous.org\\\/#website\",\"url\":\"https:\\\/\\\/internetaddictsanonymous.org\\\/\",\"name\":\"Internet and Technology Addicts Anonymous\",\"description\":\"Worldwide 12-step Fellowship for Internet and Technology Addiction\",\"publisher\":{\"@id\":\"https:\\\/\\\/internetaddictsanonymous.org\\\/#organization\"},\"potentialAction\":[{\"@type\":\"SearchAction\",\"target\":{\"@type\":\"EntryPoint\",\"urlTemplate\":\"https:\\\/\\\/internetaddictsanonymous.org\\\/?s={search_term_string}\"},\"query-input\":{\"@type\":\"PropertyValueSpecification\",\"valueRequired\":true,\"valueName\":\"search_term_string\"}}],\"inLanguage\":\"de\"},{\"@type\":\"Organization\",\"@id\":\"https:\\\/\\\/internetaddictsanonymous.org\\\/#organization\",\"name\":\"Internet and Technology Addicts Anonymous\",\"url\":\"https:\\\/\\\/internetaddictsanonymous.org\\\/\",\"logo\":{\"@type\":\"ImageObject\",\"inLanguage\":\"de\",\"@id\":\"https:\\\/\\\/internetaddictsanonymous.org\\\/#\\\/schema\\\/logo\\\/image\\\/\",\"url\":\"https:\\\/\\\/internetaddictsanonymous.org\\\/wp-content\\\/uploads\\\/2023\\\/01\\\/cropped-ITAA-logo-480px.png\",\"contentUrl\":\"https:\\\/\\\/internetaddictsanonymous.org\\\/wp-content\\\/uploads\\\/2023\\\/01\\\/cropped-ITAA-logo-480px.png\",\"width\":480,\"height\":480,\"caption\":\"Internet and Technology Addicts Anonymous\"},\"image\":{\"@id\":\"https:\\\/\\\/internetaddictsanonymous.org\\\/#\\\/schema\\\/logo\\\/image\\\/\"}}]}<\/script>\n<!-- \/ Yoast SEO plugin. -->","yoast_head_json":{"title":"F\u00fcr Atheisten und Agnostiker - Anonyme Internet- und Technologies\u00fcchtige","robots":{"index":"index","follow":"follow","max-snippet":"max-snippet:-1","max-image-preview":"max-image-preview:large","max-video-preview":"max-video-preview:-1"},"canonical":"https:\/\/internetaddictsanonymous.org\/de\/fur-atheisten-und-diagnostiker\/","og_locale":"de_DE","og_type":"article","og_title":"For Atheists and Agnostics &#8211; Internet and Technology Addicts Anonymous","og_description":"Upon entering ITAA, many of us who are atheists or agnostics wondered whether this was a religious program. Even when we were informed that ITAA isn\u2019t affiliated with any religion, some of us still questioned whether there were subtle religious commitments lurking somewhere out of sight. The fact is that there are no religious beliefs &hellip; For Atheists and Agnostics weiterlesen","og_url":"https:\/\/internetaddictsanonymous.org\/de\/fur-atheisten-und-diagnostiker\/","og_site_name":"Internet and Technology Addicts Anonymous","article_modified_time":"2023-09-02T17:48:45+00:00","twitter_card":"summary_large_image","twitter_misc":{"Gesch\u00e4tzte Lesezeit":"4\u00a0Minuten"},"schema":{"@context":"https:\/\/schema.org","@graph":[{"@type":"WebPage","@id":"https:\/\/internetaddictsanonymous.org\/for-atheists-and-agnostics\/","url":"https:\/\/internetaddictsanonymous.org\/for-atheists-and-agnostics\/","name":"F\u00fcr Atheisten und Agnostiker - Anonyme Internet- und Technologies\u00fcchtige","isPartOf":{"@id":"https:\/\/internetaddictsanonymous.org\/#website"},"datePublished":"2023-09-02T17:40:49+00:00","dateModified":"2023-09-02T17:48:45+00:00","breadcrumb":{"@id":"https:\/\/internetaddictsanonymous.org\/for-atheists-and-agnostics\/#breadcrumb"},"inLanguage":"de","potentialAction":[{"@type":"ReadAction","target":["https:\/\/internetaddictsanonymous.org\/for-atheists-and-agnostics\/"]}]},{"@type":"BreadcrumbList","@id":"https:\/\/internetaddictsanonymous.org\/for-atheists-and-agnostics\/#breadcrumb","itemListElement":[{"@type":"ListItem","position":1,"name":"Home","item":"https:\/\/internetaddictsanonymous.org\/"},{"@type":"ListItem","position":2,"name":"For Atheists and Agnostics"}]},{"@type":"WebSite","@id":"https:\/\/internetaddictsanonymous.org\/#website","url":"https:\/\/internetaddictsanonymous.org\/","name":"Die anonymen Internet- und Technologies\u00fcchtigen","description":"Weltweite 12-Schritte-Gemeinschaft f\u00fcr Internet- und Techniksucht","publisher":{"@id":"https:\/\/internetaddictsanonymous.org\/#organization"},"potentialAction":[{"@type":"SearchAction","target":{"@type":"EntryPoint","urlTemplate":"https:\/\/internetaddictsanonymous.org\/?s={search_term_string}"},"query-input":{"@type":"PropertyValueSpecification","valueRequired":true,"valueName":"search_term_string"}}],"inLanguage":"de"},{"@type":"Organization","@id":"https:\/\/internetaddictsanonymous.org\/#organization","name":"Die anonymen Internet- und Technologies\u00fcchtigen","url":"https:\/\/internetaddictsanonymous.org\/","logo":{"@type":"ImageObject","inLanguage":"de","@id":"https:\/\/internetaddictsanonymous.org\/#\/schema\/logo\/image\/","url":"https:\/\/internetaddictsanonymous.org\/wp-content\/uploads\/2023\/01\/cropped-ITAA-logo-480px.png","contentUrl":"https:\/\/internetaddictsanonymous.org\/wp-content\/uploads\/2023\/01\/cropped-ITAA-logo-480px.png","width":480,"height":480,"caption":"Internet and Technology Addicts Anonymous"},"image":{"@id":"https:\/\/internetaddictsanonymous.org\/#\/schema\/logo\/image\/"}}]}},"jetpack_sharing_enabled":true,"jetpack_shortlink":"https:\/\/wp.me\/P9Fwob-4lM","_links":{"self":[{"href":"https:\/\/internetaddictsanonymous.org\/de\/wp-json\/wp\/v2\/pages\/16726","targetHints":{"allow":["GET"]}}],"collection":[{"href":"https:\/\/internetaddictsanonymous.org\/de\/wp-json\/wp\/v2\/pages"}],"about":[{"href":"https:\/\/internetaddictsanonymous.org\/de\/wp-json\/wp\/v2\/types\/page"}],"author":[{"embeddable":true,"href":"https:\/\/internetaddictsanonymous.org\/de\/wp-json\/wp\/v2\/users\/35194237"}],"replies":[{"embeddable":true,"href":"https:\/\/internetaddictsanonymous.org\/de\/wp-json\/wp\/v2\/comments?post=16726"}],"version-history":[{"count":5,"href":"https:\/\/internetaddictsanonymous.org\/de\/wp-json\/wp\/v2\/pages\/16726\/revisions"}],"predecessor-version":[{"id":16733,"href":"https:\/\/internetaddictsanonymous.org\/de\/wp-json\/wp\/v2\/pages\/16726\/revisions\/16733"}],"wp:attachment":[{"href":"https:\/\/internetaddictsanonymous.org\/de\/wp-json\/wp\/v2\/media?parent=16726"}],"wp:term":[{"taxonomy":"post_tag","embeddable":true,"href":"https:\/\/internetaddictsanonymous.org\/de\/wp-json\/wp\/v2\/tags?post=16726"}],"curies":[{"name":"wp","href":"https:\/\/api.w.org\/{rel}","templated":true}]}}