{"id":16756,"date":"2023-09-03T14:46:01","date_gmt":"2023-09-03T18:46:01","guid":{"rendered":"https:\/\/internetaddictsanonymous.org\/?page_id=16756"},"modified":"2023-09-03T14:46:03","modified_gmt":"2023-09-03T18:46:03","slug":"a-working-programm","status":"publish","type":"page","link":"https:\/\/internetaddictsanonymous.org\/de\/recovery-stories\/a-working-program\/","title":{"rendered":"Ein Arbeitsprogramm"},"content":{"rendered":"<p><a href=\"https:\/\/drive.google.com\/file\/d\/1H_0irFahW0c2bSYV7VJz1op0T9TQzr8n\/view?usp=drive_link\"><em>Druckf\u00e4higes PDF<\/em><\/a><\/p>\n\n\n\n<p>Ich habe zum ersten Mal im Winter 2019 mit Hilfe eines Therapeuten versucht, von s\u00fcchtigem Internet und Technologie n\u00fcchtern zu werden, ohne \u00fcberhaupt von der ITAA zu wissen. Der erste Monat war hart - meine Genesung war zerbrechlich mit starken Entzugserscheinungen, was r\u00fcckblickend nicht \u00fcberraschend ist. \u00dcberraschend ist jedoch, dass ich in der Lage war, in relativer Isolation eine Internet-Entzugskur zu erstellen und sie so lange durchzuhalten, w\u00e4hrend viele meiner Lebensgrundlagen nicht sinnvoll gel\u00f6st waren.<\/p>\n\n\n\n<p>Was in den folgenden zweieinhalb Jahren geschah, ist beunruhigend und zeigt mir, wo ich mich auf ITAA und die laufende spirituelle Entwicklung st\u00fctzen muss, um \u00fcber die Zeit und die Umst\u00e4nde hinweg eine best\u00e4ndige, starke N\u00fcchternheit zu bewahren. Ich werde die Geschichte kurz erz\u00e4hlen: Ich war n\u00fcchtern, die N\u00fcchternheit war stark, die Zeit ging weiter, das Leben ging weiter, und die wahre Verzweiflung, die meine N\u00fcchternheit anfangs motivierte, entfernte sich immer mehr. Als sich die \u00e4u\u00dferen Umst\u00e4nde \u00e4nderten, wurde mein Griff zur N\u00fcchternheit lockerer, meine Disziplin lie\u00df nach, und dann wurde ich r\u00fcckf\u00e4llig. Es ist eine oft wiederholte, grenzwertig stereotype, etwas deprimierende Geschichte. In meinem Fall f\u00fchrten fehlende Lebensgrundlagen und Disziplin, berufliche und finanzielle Probleme sowie allgemeine psychische Probleme dazu, dass die Dinge aus dem Ruder liefen. Dadurch wurde ich r\u00fcckf\u00e4llig.<\/p>\n\n\n\n<p>Es ist schwer zu erkl\u00e4ren, wie verzweifelt man nach dem Dopamin-Hit sucht, wie man sich f\u00fchlt, wenn man so viel konsumiert und es nicht will, wenn man Versprechungen macht, die man nicht einhalten kann, wenn man an einem ITAA-Treffen teilnimmt und sofort danach Drogen nimmt. Was die feste Bindung an das Programm angeht, musste ich immer noch mit einer gewissen Verzweiflung ringen, bevor ich mich entschloss, 90 Treffen in 90 Tagen zu besuchen.<\/p>\n\n\n\n<p>Die Sauferei, die mich an meinen jetzigen Platz im Programm gebracht hat, dauerte mehr oder weniger ununterbrochen eine ganze Woche lang. Es gibt keine klare gedankliche Abgrenzung, wann oder wie es angefangen hat - das ist das Be\u00e4ngstigende an fast st\u00e4ndigem Konsum: Die Zeit verschwimmt. In dieser Woche packte mich k\u00f6rperlich und geistig eine wahnsinnige Angst. Urspr\u00fcngliche, verzweifelte Angst. Angst, zur\u00fcckzugehen. Angst vor der psychologischen, beziehungsm\u00e4\u00dfigen, beruflichen, finanziellen und existenziellen H\u00f6lle, die meine Sucht jahrelang ausgel\u00f6st hatte. Nichts Hochtrabendes. Das war es, was mich an den Punkt der Ohnmacht und Niederlage zur\u00fcckbrachte, von dem aus ich beginnen konnte, mich dem Programm zu unterwerfen und mit der Arbeit zu beginnen.&nbsp;<\/p>\n\n\n\n<p>Was bedeutet es, am Programm zu arbeiten? F\u00fcr mich pers\u00f6nlich bedeutet es zu einem gro\u00dfen Teil, dass die ITAA im Kalender steht. Das mag allzu simpel klingen, aber das Programm w\u00e4hrend und nach meinen 90 in 90 ist dadurch gekennzeichnet, dass ich einen best\u00e4ndigen Meetingplan als meinen Nordstern beibehalte. Seit Mitte Mai 2022 habe ich jeden Tag ein Meeting besucht und bin durchgehend n\u00fcchtern geblieben. Das hei\u00dft nicht, dass es keine Herausforderungen gegeben hat. Es bedeutet, dass eine fr\u00fchzeitige Planung dazu beitr\u00e4gt, dass eine t\u00e4gliche Auszeit m\u00f6glich ist - und dass die Genesung nicht zur Disposition steht oder unbest\u00e4ndigen Gef\u00fchlen, Gedanken oder Willenskraft ausgeliefert ist. Sie sagen, dass man immer wieder kommen soll; ich habe vor, weiterhin jeden Tag bei der ITAA zu erscheinen.&nbsp;<\/p>\n\n\n\n<p>Die Dinge waren nicht immer einfach und die Zukunft ist unbekannt. Stepwork ist Arbeit: t\u00e4gliche spirituelle Fitness als Lebensstil, der die N\u00fcchternheit untermauert und st\u00e4rkt. Es w\u00e4re einfach, so zu tun, als ob ich das alles unter Dach und Fach bringen k\u00f6nnte - das ist nicht wahr. Ich bin noch neu in diesem Tanz zwischen Wachsamkeit und Hingabe. Ich versuche, ein Leben mit einem H\u00f6chstma\u00df an Dienst, Disziplin und Verantwortung zu f\u00fchren. Ich lerne gerade, wie ich die Bausteine f\u00fcr eine erfolgreiche, dauerhafte N\u00fcchternheit Tag f\u00fcr Tag zusammensetzen kann. Ich lerne, wie ich das Programm umsetzen und leben kann.<\/p>\n<!-- PMB print buttons is only displayed on a single post\/page URLs-->","protected":false},"excerpt":{"rendered":"<p>Druckbares PDF. Ich habe im Winter 2019 mit Hilfe eines Therapeuten versucht, von der Internet- und Technologiesucht loszukommen, ohne \u00fcberhaupt von ITAA zu wissen. Der erste Monat war hart \u2013 meine Genesung war fragil mit starken Entzugserscheinungen, was im Nachhinein nicht \u00fcberraschend ist. \u00dcberraschend ist, dass ich mir selbst ein Programm zur Internet-Abstinenz erstellen konnte \u2026 <a href=\"https:\/\/internetaddictsanonymous.org\/de\/recovery-stories\/a-working-program\/\" class=\"more-link\"><span class=\"screen-reader-text\">Ein Arbeitsprogramm<\/span> weiterlesen<\/a><\/p>","protected":false},"author":35194237,"featured_media":0,"parent":9835,"menu_order":0,"comment_status":"closed","ping_status":"closed","template":"full-width-page.php","meta":{"inline_featured_image":false,"_lmt_disableupdate":"","_lmt_disable":"","footnotes":""},"tags":[],"class_list":["post-16756","page","type-page","status-publish","hentry"],"yoast_head":"<!-- This site is optimized with the Yoast SEO plugin v27.5 - https:\/\/yoast.com\/product\/yoast-seo-wordpress\/ -->\n<title>A Working Program &#8211; Internet and Technology Addicts Anonymous<\/title>\n<meta name=\"robots\" content=\"index, follow, max-snippet:-1, max-image-preview:large, max-video-preview:-1\" \/>\n<link rel=\"canonical\" href=\"https:\/\/internetaddictsanonymous.org\/de\/genesungsgeschichten\/a-working-programm\/\" \/>\n<meta property=\"og:locale\" content=\"de_DE\" \/>\n<meta property=\"og:type\" content=\"article\" \/>\n<meta property=\"og:title\" content=\"A Working Program &#8211; Internet and Technology Addicts Anonymous\" \/>\n<meta property=\"og:description\" content=\"Printable PDF I first sought out sobriety from addictive internet and technology without even being aware of ITAA in Winter 2019 with a therapist\u2019s assistance. The first month was rough\u2014my recovery was fragile with sharp withdrawals, which is unsurprising in retrospect. What is surprising is that I was able to self-create an internet sobriety regimen &hellip; A Working Program weiterlesen\" \/>\n<meta property=\"og:url\" content=\"https:\/\/internetaddictsanonymous.org\/de\/genesungsgeschichten\/a-working-programm\/\" \/>\n<meta property=\"og:site_name\" content=\"Internet and Technology Addicts Anonymous\" \/>\n<meta property=\"article:modified_time\" content=\"2023-09-03T18:46:03+00:00\" \/>\n<meta name=\"twitter:card\" content=\"summary_large_image\" \/>\n<meta name=\"twitter:label1\" content=\"Gesch\u00e4tzte Lesezeit\" \/>\n\t<meta name=\"twitter:data1\" content=\"3\u00a0Minuten\" \/>\n<script type=\"application\/ld+json\" class=\"yoast-schema-graph\">{\"@context\":\"https:\\\/\\\/schema.org\",\"@graph\":[{\"@type\":\"WebPage\",\"@id\":\"https:\\\/\\\/internetaddictsanonymous.org\\\/recovery-stories\\\/a-working-program\\\/\",\"url\":\"https:\\\/\\\/internetaddictsanonymous.org\\\/recovery-stories\\\/a-working-program\\\/\",\"name\":\"A Working Program &#8211; Internet and Technology Addicts Anonymous\",\"isPartOf\":{\"@id\":\"https:\\\/\\\/internetaddictsanonymous.org\\\/#website\"},\"datePublished\":\"2023-09-03T18:46:01+00:00\",\"dateModified\":\"2023-09-03T18:46:03+00:00\",\"breadcrumb\":{\"@id\":\"https:\\\/\\\/internetaddictsanonymous.org\\\/recovery-stories\\\/a-working-program\\\/#breadcrumb\"},\"inLanguage\":\"de\",\"potentialAction\":[{\"@type\":\"ReadAction\",\"target\":[\"https:\\\/\\\/internetaddictsanonymous.org\\\/recovery-stories\\\/a-working-program\\\/\"]}]},{\"@type\":\"BreadcrumbList\",\"@id\":\"https:\\\/\\\/internetaddictsanonymous.org\\\/recovery-stories\\\/a-working-program\\\/#breadcrumb\",\"itemListElement\":[{\"@type\":\"ListItem\",\"position\":1,\"name\":\"Home\",\"item\":\"https:\\\/\\\/internetaddictsanonymous.org\\\/\"},{\"@type\":\"ListItem\",\"position\":2,\"name\":\"Recovery Stories\",\"item\":\"https:\\\/\\\/internetaddictsanonymous.org\\\/recovery-stories\\\/\"},{\"@type\":\"ListItem\",\"position\":3,\"name\":\"A Working Program\"}]},{\"@type\":\"WebSite\",\"@id\":\"https:\\\/\\\/internetaddictsanonymous.org\\\/#website\",\"url\":\"https:\\\/\\\/internetaddictsanonymous.org\\\/\",\"name\":\"Internet and Technology Addicts Anonymous\",\"description\":\"Worldwide 12-step Fellowship for Internet and Technology Addiction\",\"publisher\":{\"@id\":\"https:\\\/\\\/internetaddictsanonymous.org\\\/#organization\"},\"potentialAction\":[{\"@type\":\"SearchAction\",\"target\":{\"@type\":\"EntryPoint\",\"urlTemplate\":\"https:\\\/\\\/internetaddictsanonymous.org\\\/?s={search_term_string}\"},\"query-input\":{\"@type\":\"PropertyValueSpecification\",\"valueRequired\":true,\"valueName\":\"search_term_string\"}}],\"inLanguage\":\"de\"},{\"@type\":\"Organization\",\"@id\":\"https:\\\/\\\/internetaddictsanonymous.org\\\/#organization\",\"name\":\"Internet and Technology Addicts Anonymous\",\"url\":\"https:\\\/\\\/internetaddictsanonymous.org\\\/\",\"logo\":{\"@type\":\"ImageObject\",\"inLanguage\":\"de\",\"@id\":\"https:\\\/\\\/internetaddictsanonymous.org\\\/#\\\/schema\\\/logo\\\/image\\\/\",\"url\":\"https:\\\/\\\/internetaddictsanonymous.org\\\/wp-content\\\/uploads\\\/2023\\\/01\\\/cropped-ITAA-logo-480px.png\",\"contentUrl\":\"https:\\\/\\\/internetaddictsanonymous.org\\\/wp-content\\\/uploads\\\/2023\\\/01\\\/cropped-ITAA-logo-480px.png\",\"width\":480,\"height\":480,\"caption\":\"Internet and Technology Addicts Anonymous\"},\"image\":{\"@id\":\"https:\\\/\\\/internetaddictsanonymous.org\\\/#\\\/schema\\\/logo\\\/image\\\/\"}}]}<\/script>\n<!-- \/ Yoast SEO plugin. -->","yoast_head_json":{"title":"Ein funktionierendes Programm - Anonyme Internet- und Technologies\u00fcchtige","robots":{"index":"index","follow":"follow","max-snippet":"max-snippet:-1","max-image-preview":"max-image-preview:large","max-video-preview":"max-video-preview:-1"},"canonical":"https:\/\/internetaddictsanonymous.org\/de\/genesungsgeschichten\/a-working-programm\/","og_locale":"de_DE","og_type":"article","og_title":"A Working Program &#8211; Internet and Technology Addicts Anonymous","og_description":"Printable PDF I first sought out sobriety from addictive internet and technology without even being aware of ITAA in Winter 2019 with a therapist\u2019s assistance. The first month was rough\u2014my recovery was fragile with sharp withdrawals, which is unsurprising in retrospect. What is surprising is that I was able to self-create an internet sobriety regimen &hellip; A Working Program weiterlesen","og_url":"https:\/\/internetaddictsanonymous.org\/de\/genesungsgeschichten\/a-working-programm\/","og_site_name":"Internet and Technology Addicts Anonymous","article_modified_time":"2023-09-03T18:46:03+00:00","twitter_card":"summary_large_image","twitter_misc":{"Gesch\u00e4tzte Lesezeit":"3\u00a0Minuten"},"schema":{"@context":"https:\/\/schema.org","@graph":[{"@type":"WebPage","@id":"https:\/\/internetaddictsanonymous.org\/recovery-stories\/a-working-program\/","url":"https:\/\/internetaddictsanonymous.org\/recovery-stories\/a-working-program\/","name":"Ein funktionierendes Programm - Anonyme Internet- und Technologies\u00fcchtige","isPartOf":{"@id":"https:\/\/internetaddictsanonymous.org\/#website"},"datePublished":"2023-09-03T18:46:01+00:00","dateModified":"2023-09-03T18:46:03+00:00","breadcrumb":{"@id":"https:\/\/internetaddictsanonymous.org\/recovery-stories\/a-working-program\/#breadcrumb"},"inLanguage":"de","potentialAction":[{"@type":"ReadAction","target":["https:\/\/internetaddictsanonymous.org\/recovery-stories\/a-working-program\/"]}]},{"@type":"BreadcrumbList","@id":"https:\/\/internetaddictsanonymous.org\/recovery-stories\/a-working-program\/#breadcrumb","itemListElement":[{"@type":"ListItem","position":1,"name":"Home","item":"https:\/\/internetaddictsanonymous.org\/"},{"@type":"ListItem","position":2,"name":"Recovery Stories","item":"https:\/\/internetaddictsanonymous.org\/recovery-stories\/"},{"@type":"ListItem","position":3,"name":"A Working Program"}]},{"@type":"WebSite","@id":"https:\/\/internetaddictsanonymous.org\/#website","url":"https:\/\/internetaddictsanonymous.org\/","name":"Die anonymen Internet- und Technologies\u00fcchtigen","description":"Weltweite 12-Schritte-Gemeinschaft f\u00fcr Internet- und Techniksucht","publisher":{"@id":"https:\/\/internetaddictsanonymous.org\/#organization"},"potentialAction":[{"@type":"SearchAction","target":{"@type":"EntryPoint","urlTemplate":"https:\/\/internetaddictsanonymous.org\/?s={search_term_string}"},"query-input":{"@type":"PropertyValueSpecification","valueRequired":true,"valueName":"search_term_string"}}],"inLanguage":"de"},{"@type":"Organization","@id":"https:\/\/internetaddictsanonymous.org\/#organization","name":"Die anonymen Internet- und Technologies\u00fcchtigen","url":"https:\/\/internetaddictsanonymous.org\/","logo":{"@type":"ImageObject","inLanguage":"de","@id":"https:\/\/internetaddictsanonymous.org\/#\/schema\/logo\/image\/","url":"https:\/\/internetaddictsanonymous.org\/wp-content\/uploads\/2023\/01\/cropped-ITAA-logo-480px.png","contentUrl":"https:\/\/internetaddictsanonymous.org\/wp-content\/uploads\/2023\/01\/cropped-ITAA-logo-480px.png","width":480,"height":480,"caption":"Internet and Technology Addicts Anonymous"},"image":{"@id":"https:\/\/internetaddictsanonymous.org\/#\/schema\/logo\/image\/"}}]}},"jetpack_sharing_enabled":true,"jetpack_shortlink":"https:\/\/wp.me\/P9Fwob-4mg","_links":{"self":[{"href":"https:\/\/internetaddictsanonymous.org\/de\/wp-json\/wp\/v2\/pages\/16756","targetHints":{"allow":["GET"]}}],"collection":[{"href":"https:\/\/internetaddictsanonymous.org\/de\/wp-json\/wp\/v2\/pages"}],"about":[{"href":"https:\/\/internetaddictsanonymous.org\/de\/wp-json\/wp\/v2\/types\/page"}],"author":[{"embeddable":true,"href":"https:\/\/internetaddictsanonymous.org\/de\/wp-json\/wp\/v2\/users\/35194237"}],"replies":[{"embeddable":true,"href":"https:\/\/internetaddictsanonymous.org\/de\/wp-json\/wp\/v2\/comments?post=16756"}],"version-history":[{"count":2,"href":"https:\/\/internetaddictsanonymous.org\/de\/wp-json\/wp\/v2\/pages\/16756\/revisions"}],"predecessor-version":[{"id":16758,"href":"https:\/\/internetaddictsanonymous.org\/de\/wp-json\/wp\/v2\/pages\/16756\/revisions\/16758"}],"up":[{"embeddable":true,"href":"https:\/\/internetaddictsanonymous.org\/de\/wp-json\/wp\/v2\/pages\/9835"}],"wp:attachment":[{"href":"https:\/\/internetaddictsanonymous.org\/de\/wp-json\/wp\/v2\/media?parent=16756"}],"wp:term":[{"taxonomy":"post_tag","embeddable":true,"href":"https:\/\/internetaddictsanonymous.org\/de\/wp-json\/wp\/v2\/tags?post=16756"}],"curies":[{"name":"wp","href":"https:\/\/api.w.org\/{rel}","templated":true}]}}