{"id":16759,"date":"2023-09-03T14:47:44","date_gmt":"2023-09-03T18:47:44","guid":{"rendered":"https:\/\/internetaddictsanonymous.org\/?page_id=16759"},"modified":"2023-09-03T14:47:56","modified_gmt":"2023-09-03T18:47:56","slug":"fit-zum-traumen-werden","status":"publish","type":"page","link":"https:\/\/internetaddictsanonymous.org\/de\/recovery-stories\/becoming-fit-to-dream\/","title":{"rendered":"Fit zum Tr\u00e4umen werden"},"content":{"rendered":"<p><a href=\"https:\/\/drive.google.com\/file\/d\/1sa9dBP0TMQeO_q1tzpWsT1CYh99mLj03\/view?usp=sharing\" target=\"_blank\" rel=\"noreferrer noopener\"><em>Druckf\u00e4higes PDF<\/em><\/a><\/p>\n\n\n\n<p>Bevor ich zu ITAA kam, f\u00fchlte ich mich, als w\u00e4re ich von einer Klippe gefallen und l\u00e4ge gebrochen und allein am Boden. Ich glaubte, es g\u00e4be keine M\u00f6glichkeit, mich jemals aus dem dunklen Loch der Gebrochenheit herauszuziehen, das ich f\u00fchlte. Irgendetwas in mir wusste, dass mein \u00dcberleben davon abhing, diese Klippe zu erklimmen und mich herauszuziehen, aber aus eigener Willenskraft glaubte ich nicht, dass ich \u00fcberhaupt damit anfangen k\u00f6nnte.&nbsp;<\/p>\n\n\n\n<p>\u00dcberw\u00e4ltigt und von Schamgef\u00fchlen geplagt, verdeckte ich meine Augen und lie\u00df meinen Kopf zur Seite fallen. Ich w\u00fcrde meinen Blick auf das bewegte Bild auf dem Bildschirm fixieren, mich selbst hypnotisieren und mich von meinem Zustand des S\u00fcndenfalls distanzieren.<\/p>\n\n\n\n<p>Ich kam in der Nacht nach einem Streaming-Gelage, das bis 4 Uhr morgens dauerte, zu ITAA. Ich wachte auf und f\u00fchlte die Zerrissenheit auf dem Grund der Klippe. Ich war deprimiert, \u00e4ngstlich, frustriert und suchte verzweifelt nach einer L\u00f6sung. Ich konnte mich nicht vom Bildschirm losrei\u00dfen und ich konnte nicht so weitermachen. Ich fand die ITAA-Website, sah, dass in 10 Minuten ein Treffen stattfand, und meldete mich an.&nbsp;<\/p>\n\n\n\n<p>An diesem Tag tauchten die Gesichter der Genesenden am Rande der Klippe auf. Ich lauschte auf die Stimmen, die mit meiner Erfahrung \u00fcbereinstimmten, und rief um Hilfe. Seile tauchten auf. Menschen, die mir vertraut wurden, kletterten hinunter, um mich zu treffen. Einer gab mir einen tiefen Schluck der Verbindung, w\u00e4hrend ein anderer mir half, meine Verletzungen zu untersuchen. Ein anderer setzte mich auf, und ein weiterer sagte: \"Versuch aufzustehen.\"&nbsp;<\/p>\n\n\n\n<p>Ich stand zwar wackelig, aber auf meinen eigenen zwei F\u00fc\u00dfen. Die Genesenden sagten: \"Es gibt einen Ausweg aus diesem Ort in 12 Schritten. Du musst nur einen nach dem anderen machen.\" Sie zeigten mir die Seile und Flaschenzugsysteme. Sie sagten: \"Du wirst nicht allein herausklettern m\u00fcssen. Klinken Sie sich bei diesem Mann ein; er ist ein guter Kletterer. Sie wissen, wie man den F\u00fchrer benutzt.\"<\/p>\n\n\n\n<p>Ich sp\u00fcrte immer noch eine Last, die mich herunterzog. Ich sehnte mich nach dem dissoziativen Zustand, in den mich die Technologie versetzen w\u00fcrde. Ich f\u00fchlte mich von der Schwerkraft des einfachen Auswegs aus schwierigen Gef\u00fchlen und einem unkontrollierbaren Leben angezogen. W\u00e4hrend ich in der Hypnose des Bildschirms versinken wollte, richteten sich meine Augen auf eine viel m\u00e4chtigere L\u00f6sung. Dies war der Schl\u00fcssel. Ich machte einen Schritt. Ich kletterte auf einen Vorsprung, und als ich versuchte, mich hochzuziehen, hob mich etwas an.&nbsp;<\/p>\n\n\n\n<p>Bis zu diesem Zeitpunkt glaubte ich, dass ich Willenskraft br\u00e4uchte, um mich aufzurichten, aber dieser Glaube war eine Fiktion. Ich habe Meetings und Gemeinschaft. Ich habe ein Programm zur Genesung. Ich habe die Schritte. Ich habe eine Beziehung zu einer h\u00f6heren Macht, die ich selbst verstehe. Ich habe einen Sponsor. Ich habe Menschen auf der ganzen Welt, die ich zu jeder Tageszeit anrufen kann. Die volle Kraft dieser Hebel und Seile tut f\u00fcr mich, was ich allein nie schaffen k\u00f6nnte.<\/p>\n\n\n\n<p>Ich habe noch einige Schritte vor mir, von denen einige be\u00e4ngstigend und komplex erscheinen. Doch irgendwann auf dieser Reise habe ich begonnen, eine Fitness zu erfahren. Eine Fitness des Herzens und des Verstandes; eine geistige Fitness, die mir beim Klettern hilft. Es liegen steile W\u00e4nde vor mir, an denen ich mich kaum festhalten kann, aber ich kann nicht weit fallen. Mein Seil ist fest mit der Gemeinschaft verbunden.&nbsp;<\/p>\n\n\n\n<p>Ich bin nicht die Person, die diese Reise begonnen hat. Meine Gebrochenheit am Anfang bereitete mich darauf vor, um Hilfe zu bitten. Diese Hilfe kam in H\u00fclle und F\u00fclle, als ich der ITAA beitrat und konsequent die Hand ausstreckte. Die Zusammenarbeit mit dieser Unterst\u00fctzung hat mich fit gemacht. Ich bin jetzt fit zum Tr\u00e4umen.<\/p>\n<!-- PMB print buttons is only displayed on a single post\/page URLs-->","protected":false},"excerpt":{"rendered":"<p>PDF zum Ausdrucken Bevor ich zu ITAA kam, f\u00fchlte ich mich, als w\u00e4re ich von einer Klippe gefallen und l\u00e4ge gebrochen und allein am Boden. Ich glaubte, es g\u00e4be keine M\u00f6glichkeit, mich jemals aus dem dunklen Loch der Gebrochenheit herauszuziehen, das ich f\u00fchlte. Etwas in mir wusste, dass mein \u00dcberleben davon abhing, diese Klippe zu erklimmen ... <a href=\"https:\/\/internetaddictsanonymous.org\/de\/recovery-stories\/becoming-fit-to-dream\/\" class=\"more-link\"><span class=\"screen-reader-text\">Fit zum Tr\u00e4umen werden<\/span> weiterlesen<\/a><\/p>","protected":false},"author":35194237,"featured_media":0,"parent":9835,"menu_order":0,"comment_status":"closed","ping_status":"closed","template":"full-width-page.php","meta":{"inline_featured_image":false,"_lmt_disableupdate":"","_lmt_disable":"","jetpack_post_was_ever_published":false,"footnotes":""},"tags":[],"class_list":["post-16759","page","type-page","status-publish","hentry"],"yoast_head":"<!-- This site is optimized with the Yoast SEO plugin v27.3 - https:\/\/yoast.com\/product\/yoast-seo-wordpress\/ -->\n<title>Becoming Fit to Dream &#8211; Internet and Technology Addicts Anonymous<\/title>\n<meta name=\"robots\" content=\"index, follow, max-snippet:-1, max-image-preview:large, max-video-preview:-1\" \/>\n<link rel=\"canonical\" href=\"https:\/\/internetaddictsanonymous.org\/de\/genesungsgeschichten\/fit-zum-traumen-werden\/\" \/>\n<meta property=\"og:locale\" content=\"de_DE\" \/>\n<meta property=\"og:type\" content=\"article\" \/>\n<meta property=\"og:title\" content=\"Becoming Fit to Dream &#8211; Internet and Technology Addicts Anonymous\" \/>\n<meta property=\"og:description\" content=\"Printable PDF Before I came into ITAA I felt like I had fallen from a cliff, and was lying broken and alone at the bottom. I believed there was no way I would ever pull myself out of the dark hole of brokenness I felt. Something in me knew my survival depended on climbing that &hellip; Becoming Fit to Dream weiterlesen\" \/>\n<meta property=\"og:url\" content=\"https:\/\/internetaddictsanonymous.org\/de\/genesungsgeschichten\/fit-zum-traumen-werden\/\" \/>\n<meta property=\"og:site_name\" content=\"Internet and Technology Addicts Anonymous\" \/>\n<meta property=\"article:modified_time\" content=\"2023-09-03T18:47:56+00:00\" \/>\n<meta name=\"twitter:card\" content=\"summary_large_image\" \/>\n<script type=\"application\/ld+json\" class=\"yoast-schema-graph\">{\"@context\":\"https:\\\/\\\/schema.org\",\"@graph\":[{\"@type\":\"WebPage\",\"@id\":\"https:\\\/\\\/internetaddictsanonymous.org\\\/recovery-stories\\\/becoming-fit-to-dream\\\/\",\"url\":\"https:\\\/\\\/internetaddictsanonymous.org\\\/recovery-stories\\\/becoming-fit-to-dream\\\/\",\"name\":\"Becoming Fit to Dream &#8211; Internet and Technology Addicts Anonymous\",\"isPartOf\":{\"@id\":\"https:\\\/\\\/internetaddictsanonymous.org\\\/#website\"},\"datePublished\":\"2023-09-03T18:47:44+00:00\",\"dateModified\":\"2023-09-03T18:47:56+00:00\",\"breadcrumb\":{\"@id\":\"https:\\\/\\\/internetaddictsanonymous.org\\\/recovery-stories\\\/becoming-fit-to-dream\\\/#breadcrumb\"},\"inLanguage\":\"de\",\"potentialAction\":[{\"@type\":\"ReadAction\",\"target\":[\"https:\\\/\\\/internetaddictsanonymous.org\\\/recovery-stories\\\/becoming-fit-to-dream\\\/\"]}]},{\"@type\":\"BreadcrumbList\",\"@id\":\"https:\\\/\\\/internetaddictsanonymous.org\\\/recovery-stories\\\/becoming-fit-to-dream\\\/#breadcrumb\",\"itemListElement\":[{\"@type\":\"ListItem\",\"position\":1,\"name\":\"Home\",\"item\":\"https:\\\/\\\/internetaddictsanonymous.org\\\/\"},{\"@type\":\"ListItem\",\"position\":2,\"name\":\"Recovery Stories\",\"item\":\"https:\\\/\\\/internetaddictsanonymous.org\\\/recovery-stories\\\/\"},{\"@type\":\"ListItem\",\"position\":3,\"name\":\"Becoming Fit to Dream\"}]},{\"@type\":\"WebSite\",\"@id\":\"https:\\\/\\\/internetaddictsanonymous.org\\\/#website\",\"url\":\"https:\\\/\\\/internetaddictsanonymous.org\\\/\",\"name\":\"Internet and Technology Addicts Anonymous\",\"description\":\"Worldwide 12-step Fellowship for Internet and Technology Addiction\",\"publisher\":{\"@id\":\"https:\\\/\\\/internetaddictsanonymous.org\\\/#organization\"},\"potentialAction\":[{\"@type\":\"SearchAction\",\"target\":{\"@type\":\"EntryPoint\",\"urlTemplate\":\"https:\\\/\\\/internetaddictsanonymous.org\\\/?s={search_term_string}\"},\"query-input\":{\"@type\":\"PropertyValueSpecification\",\"valueRequired\":true,\"valueName\":\"search_term_string\"}}],\"inLanguage\":\"de\"},{\"@type\":\"Organization\",\"@id\":\"https:\\\/\\\/internetaddictsanonymous.org\\\/#organization\",\"name\":\"Internet and Technology Addicts Anonymous\",\"url\":\"https:\\\/\\\/internetaddictsanonymous.org\\\/\",\"logo\":{\"@type\":\"ImageObject\",\"inLanguage\":\"de\",\"@id\":\"https:\\\/\\\/internetaddictsanonymous.org\\\/#\\\/schema\\\/logo\\\/image\\\/\",\"url\":\"https:\\\/\\\/internetaddictsanonymous.org\\\/wp-content\\\/uploads\\\/2023\\\/01\\\/cropped-ITAA-logo-480px.png\",\"contentUrl\":\"https:\\\/\\\/internetaddictsanonymous.org\\\/wp-content\\\/uploads\\\/2023\\\/01\\\/cropped-ITAA-logo-480px.png\",\"width\":480,\"height\":480,\"caption\":\"Internet and Technology Addicts Anonymous\"},\"image\":{\"@id\":\"https:\\\/\\\/internetaddictsanonymous.org\\\/#\\\/schema\\\/logo\\\/image\\\/\"}}]}<\/script>\n<!-- \/ Yoast SEO plugin. -->","yoast_head_json":{"title":"Fit zum Tr\u00e4umen werden - Anonyme Internet- und Technologies\u00fcchtige","robots":{"index":"index","follow":"follow","max-snippet":"max-snippet:-1","max-image-preview":"max-image-preview:large","max-video-preview":"max-video-preview:-1"},"canonical":"https:\/\/internetaddictsanonymous.org\/de\/genesungsgeschichten\/fit-zum-traumen-werden\/","og_locale":"de_DE","og_type":"article","og_title":"Becoming Fit to Dream &#8211; Internet and Technology Addicts Anonymous","og_description":"Printable PDF Before I came into ITAA I felt like I had fallen from a cliff, and was lying broken and alone at the bottom. I believed there was no way I would ever pull myself out of the dark hole of brokenness I felt. Something in me knew my survival depended on climbing that &hellip; Becoming Fit to Dream weiterlesen","og_url":"https:\/\/internetaddictsanonymous.org\/de\/genesungsgeschichten\/fit-zum-traumen-werden\/","og_site_name":"Internet and Technology Addicts Anonymous","article_modified_time":"2023-09-03T18:47:56+00:00","twitter_card":"summary_large_image","schema":{"@context":"https:\/\/schema.org","@graph":[{"@type":"WebPage","@id":"https:\/\/internetaddictsanonymous.org\/recovery-stories\/becoming-fit-to-dream\/","url":"https:\/\/internetaddictsanonymous.org\/recovery-stories\/becoming-fit-to-dream\/","name":"Fit zum Tr\u00e4umen werden - Anonyme Internet- und Technologies\u00fcchtige","isPartOf":{"@id":"https:\/\/internetaddictsanonymous.org\/#website"},"datePublished":"2023-09-03T18:47:44+00:00","dateModified":"2023-09-03T18:47:56+00:00","breadcrumb":{"@id":"https:\/\/internetaddictsanonymous.org\/recovery-stories\/becoming-fit-to-dream\/#breadcrumb"},"inLanguage":"de","potentialAction":[{"@type":"ReadAction","target":["https:\/\/internetaddictsanonymous.org\/recovery-stories\/becoming-fit-to-dream\/"]}]},{"@type":"BreadcrumbList","@id":"https:\/\/internetaddictsanonymous.org\/recovery-stories\/becoming-fit-to-dream\/#breadcrumb","itemListElement":[{"@type":"ListItem","position":1,"name":"Home","item":"https:\/\/internetaddictsanonymous.org\/"},{"@type":"ListItem","position":2,"name":"Recovery Stories","item":"https:\/\/internetaddictsanonymous.org\/recovery-stories\/"},{"@type":"ListItem","position":3,"name":"Becoming Fit to Dream"}]},{"@type":"WebSite","@id":"https:\/\/internetaddictsanonymous.org\/#website","url":"https:\/\/internetaddictsanonymous.org\/","name":"Die anonymen Internet- und Technologies\u00fcchtigen","description":"Weltweite 12-Schritte-Gemeinschaft f\u00fcr Internet- und Techniksucht","publisher":{"@id":"https:\/\/internetaddictsanonymous.org\/#organization"},"potentialAction":[{"@type":"SearchAction","target":{"@type":"EntryPoint","urlTemplate":"https:\/\/internetaddictsanonymous.org\/?s={search_term_string}"},"query-input":{"@type":"PropertyValueSpecification","valueRequired":true,"valueName":"search_term_string"}}],"inLanguage":"de"},{"@type":"Organization","@id":"https:\/\/internetaddictsanonymous.org\/#organization","name":"Die anonymen Internet- und Technologies\u00fcchtigen","url":"https:\/\/internetaddictsanonymous.org\/","logo":{"@type":"ImageObject","inLanguage":"de","@id":"https:\/\/internetaddictsanonymous.org\/#\/schema\/logo\/image\/","url":"https:\/\/internetaddictsanonymous.org\/wp-content\/uploads\/2023\/01\/cropped-ITAA-logo-480px.png","contentUrl":"https:\/\/internetaddictsanonymous.org\/wp-content\/uploads\/2023\/01\/cropped-ITAA-logo-480px.png","width":480,"height":480,"caption":"Internet and Technology Addicts Anonymous"},"image":{"@id":"https:\/\/internetaddictsanonymous.org\/#\/schema\/logo\/image\/"}}]}},"jetpack_sharing_enabled":true,"jetpack_shortlink":"https:\/\/wp.me\/P9Fwob-4mj","_links":{"self":[{"href":"https:\/\/internetaddictsanonymous.org\/de\/wp-json\/wp\/v2\/pages\/16759","targetHints":{"allow":["GET"]}}],"collection":[{"href":"https:\/\/internetaddictsanonymous.org\/de\/wp-json\/wp\/v2\/pages"}],"about":[{"href":"https:\/\/internetaddictsanonymous.org\/de\/wp-json\/wp\/v2\/types\/page"}],"author":[{"embeddable":true,"href":"https:\/\/internetaddictsanonymous.org\/de\/wp-json\/wp\/v2\/users\/35194237"}],"replies":[{"embeddable":true,"href":"https:\/\/internetaddictsanonymous.org\/de\/wp-json\/wp\/v2\/comments?post=16759"}],"version-history":[{"count":2,"href":"https:\/\/internetaddictsanonymous.org\/de\/wp-json\/wp\/v2\/pages\/16759\/revisions"}],"predecessor-version":[{"id":16761,"href":"https:\/\/internetaddictsanonymous.org\/de\/wp-json\/wp\/v2\/pages\/16759\/revisions\/16761"}],"up":[{"embeddable":true,"href":"https:\/\/internetaddictsanonymous.org\/de\/wp-json\/wp\/v2\/pages\/9835"}],"wp:attachment":[{"href":"https:\/\/internetaddictsanonymous.org\/de\/wp-json\/wp\/v2\/media?parent=16759"}],"wp:term":[{"taxonomy":"post_tag","embeddable":true,"href":"https:\/\/internetaddictsanonymous.org\/de\/wp-json\/wp\/v2\/tags?post=16759"}],"curies":[{"name":"wp","href":"https:\/\/api.w.org\/{rel}","templated":true}]}}