{"id":17186,"date":"2023-11-19T19:41:19","date_gmt":"2023-11-20T00:41:19","guid":{"rendered":"https:\/\/internetaddictsanonymous.org\/?page_id=17186"},"modified":"2023-12-09T23:32:10","modified_gmt":"2023-12-10T04:32:10","slug":"referententreffen","status":"publish","type":"page","link":"https:\/\/internetaddictsanonymous.org\/de\/speaker-share-meetings\/","title":{"rendered":"Referententreffen"},"content":{"rendered":"<p>Willkommen! Unten finden Sie einen Kalender mit all unseren Online-Meetings, bei denen Rednerbeitr\u00e4ge erscheinen. Diese Meetings beginnen damit, dass ein erfahrenes Mitglied der ITAA einen ausf\u00fchrlichen Bericht \u00fcber seinen Genesungsweg gibt. Danach folgt normalerweise eine Phase des Austauschs. Rednerbeitr\u00e4ge sind wunderbare Gelegenheiten, ausf\u00fchrlich \u00fcber die Erfahrungen, die St\u00e4rke und die Hoffnung anderer Mitglieder zu erfahren.<\/p>\n\n\n\n<p><strong><mark style=\"background-color:rgba(0, 0, 0, 0)\" class=\"has-inline-color has-dark-gray-color\">Die Besprechungszeiten werden in Ihrer lokalen Zeitzone angezeigt.<\/mark> <\/strong>Die Details zu jedem Meeting finden Sie, indem Sie im Kalender auf das Meeting-Ereignis klicken. Bitte beachten Sie, dass Sie m\u00f6glicherweise ein Zoom-Konto ben\u00f6tigen, um teilzunehmen. <\/p>\n\n\n<p><iframe style=\"height: 1150px; width: 100%;\" src=\"https:\/\/teamup.com\/ksor7s7g2r9rgphwo3?view=w&amp;showHeader=0&amp;showLogo=0&amp;showTitle=0&amp;disableSidepanel=1&amp;showViewSelector=1\" width=\"100%\" height=\"1150\" frameborder=\"0\"><\/iframe><\/p>\n\n\n<h3 class=\"wp-block-heading\"><strong>Dem Kalender eine Sprecherfreigabe hinzuf\u00fcgen<\/strong><\/h3>\n\n\n\n<p>Wenn Sie diesem Kalender einen Sprecherbeitrag hinzuf\u00fcgen m\u00f6chten, wenden Sie sich bitte an <strong>speakercalendar.itaa@gmail.com<\/strong> mit Uhrzeit und Tag des Meetings sowie dem Namen des Mitglieds, das den Beitrag leistet.<\/p>\n\n\n\n<h3 class=\"wp-block-heading\"><strong>Zug\u00e4nglichkeitsbezogene Ressourcen<\/strong><\/h3>\n\n\n\n<p><a href=\"https:\/\/internetaddictsanonymous.org\/de\/zuganglichkeit\/\">Zug\u00e4nglichkeit f\u00fcr sprach- und h\u00f6rgesch\u00e4digte Mitglieder<\/a><\/p>\n\n\n\n<p><a href=\"https:\/\/support.zoom.us\/hc\/en-us\/articles\/201362893-How-much-bandwidth-do-I-need-when-using-3G-or-4G-LTE\">Bandbreitenbedarf bei Verwendung von 3G, 4G\/LTE oder 5G (support.zoom.us)<\/a><\/p>\n\n\n\n<p><a href=\"https:\/\/support.zoom.us\/hc\/en-us\/articles\/4409500570381-Stopping-all-incoming-video-in-a-meeting-or-webinar\">So stoppen Sie alle eingehenden Videos (support.zoom.us<\/a>)<\/p>\n<!-- PMB print buttons is only displayed on a single post\/page URLs-->","protected":false},"excerpt":{"rendered":"<p>Willkommen! Unten finden Sie einen Kalender mit allen unseren Online-Meetings, bei denen Rednerbeitr\u00e4ge erscheinen. Diese Meetings beginnen damit, dass ein erfahrenes Mitglied der ITAA einen ausf\u00fchrlichen Bericht \u00fcber seinen Genesungsweg gibt. Danach folgt normalerweise eine Phase des Austauschs. Rednerbeitr\u00e4ge sind wunderbare Gelegenheiten, von der Erfahrung, St\u00e4rke und \u2026 zu h\u00f6ren. <a href=\"https:\/\/internetaddictsanonymous.org\/de\/speaker-share-meetings\/\" class=\"more-link\"><span class=\"screen-reader-text\">Referententreffen<\/span> weiterlesen<\/a><\/p>","protected":false},"author":35194237,"featured_media":0,"parent":0,"menu_order":0,"comment_status":"closed","ping_status":"closed","template":"full-width-page.php","meta":{"inline_featured_image":false,"_lmt_disableupdate":"","_lmt_disable":"","footnotes":""},"tags":[],"class_list":["post-17186","page","type-page","status-publish","hentry"],"yoast_head":"<!-- This site is optimized with the Yoast SEO plugin v27.5 - https:\/\/yoast.com\/product\/yoast-seo-wordpress\/ -->\n<title>Speaker share meetings &#8211; Internet and Technology Addicts Anonymous<\/title>\n<meta name=\"robots\" content=\"index, follow, max-snippet:-1, max-image-preview:large, max-video-preview:-1\" \/>\n<link rel=\"canonical\" href=\"https:\/\/internetaddictsanonymous.org\/de\/referententreffen\/\" \/>\n<meta property=\"og:locale\" content=\"de_DE\" \/>\n<meta property=\"og:type\" content=\"article\" \/>\n<meta property=\"og:title\" content=\"Speaker share meetings &#8211; Internet and Technology Addicts Anonymous\" \/>\n<meta property=\"og:description\" content=\"Welcome! Below is a calendar showing all of our online meetings that feature speaker shares. These meetings start with an experienced member of ITAA giving an extended share about their journey in recovery, and this is usually followed by a period of sharing. Speaker share meetings are wonderful opportunities to hear the experience, strength and &hellip; Speaker share meetings weiterlesen\" \/>\n<meta property=\"og:url\" content=\"https:\/\/internetaddictsanonymous.org\/de\/referententreffen\/\" \/>\n<meta property=\"og:site_name\" content=\"Internet and Technology Addicts Anonymous\" \/>\n<meta property=\"article:modified_time\" content=\"2023-12-10T04:32:10+00:00\" \/>\n<meta name=\"twitter:card\" content=\"summary_large_image\" \/>\n<meta name=\"twitter:label1\" content=\"Gesch\u00e4tzte Lesezeit\" \/>\n\t<meta name=\"twitter:data1\" content=\"1\u00a0Minute\" \/>\n<script type=\"application\/ld+json\" class=\"yoast-schema-graph\">{\"@context\":\"https:\\\/\\\/schema.org\",\"@graph\":[{\"@type\":\"WebPage\",\"@id\":\"https:\\\/\\\/internetaddictsanonymous.org\\\/speaker-share-meetings\\\/\",\"url\":\"https:\\\/\\\/internetaddictsanonymous.org\\\/speaker-share-meetings\\\/\",\"name\":\"Speaker share meetings &#8211; Internet and Technology Addicts Anonymous\",\"isPartOf\":{\"@id\":\"https:\\\/\\\/internetaddictsanonymous.org\\\/#website\"},\"datePublished\":\"2023-11-20T00:41:19+00:00\",\"dateModified\":\"2023-12-10T04:32:10+00:00\",\"breadcrumb\":{\"@id\":\"https:\\\/\\\/internetaddictsanonymous.org\\\/speaker-share-meetings\\\/#breadcrumb\"},\"inLanguage\":\"de\",\"potentialAction\":[{\"@type\":\"ReadAction\",\"target\":[\"https:\\\/\\\/internetaddictsanonymous.org\\\/speaker-share-meetings\\\/\"]}]},{\"@type\":\"BreadcrumbList\",\"@id\":\"https:\\\/\\\/internetaddictsanonymous.org\\\/speaker-share-meetings\\\/#breadcrumb\",\"itemListElement\":[{\"@type\":\"ListItem\",\"position\":1,\"name\":\"Home\",\"item\":\"https:\\\/\\\/internetaddictsanonymous.org\\\/\"},{\"@type\":\"ListItem\",\"position\":2,\"name\":\"Speaker share meetings\"}]},{\"@type\":\"WebSite\",\"@id\":\"https:\\\/\\\/internetaddictsanonymous.org\\\/#website\",\"url\":\"https:\\\/\\\/internetaddictsanonymous.org\\\/\",\"name\":\"Internet and Technology Addicts Anonymous\",\"description\":\"Worldwide 12-step Fellowship for Internet and Technology Addiction\",\"publisher\":{\"@id\":\"https:\\\/\\\/internetaddictsanonymous.org\\\/#organization\"},\"potentialAction\":[{\"@type\":\"SearchAction\",\"target\":{\"@type\":\"EntryPoint\",\"urlTemplate\":\"https:\\\/\\\/internetaddictsanonymous.org\\\/?s={search_term_string}\"},\"query-input\":{\"@type\":\"PropertyValueSpecification\",\"valueRequired\":true,\"valueName\":\"search_term_string\"}}],\"inLanguage\":\"de\"},{\"@type\":\"Organization\",\"@id\":\"https:\\\/\\\/internetaddictsanonymous.org\\\/#organization\",\"name\":\"Internet and Technology Addicts Anonymous\",\"url\":\"https:\\\/\\\/internetaddictsanonymous.org\\\/\",\"logo\":{\"@type\":\"ImageObject\",\"inLanguage\":\"de\",\"@id\":\"https:\\\/\\\/internetaddictsanonymous.org\\\/#\\\/schema\\\/logo\\\/image\\\/\",\"url\":\"https:\\\/\\\/internetaddictsanonymous.org\\\/wp-content\\\/uploads\\\/2023\\\/01\\\/cropped-ITAA-logo-480px.png\",\"contentUrl\":\"https:\\\/\\\/internetaddictsanonymous.org\\\/wp-content\\\/uploads\\\/2023\\\/01\\\/cropped-ITAA-logo-480px.png\",\"width\":480,\"height\":480,\"caption\":\"Internet and Technology Addicts Anonymous\"},\"image\":{\"@id\":\"https:\\\/\\\/internetaddictsanonymous.org\\\/#\\\/schema\\\/logo\\\/image\\\/\"}}]}<\/script>\n<!-- \/ Yoast SEO plugin. -->","yoast_head_json":{"title":"Gemeinsame Sitzungen der Sprecher - Internet and Technology Addicts Anonymous","robots":{"index":"index","follow":"follow","max-snippet":"max-snippet:-1","max-image-preview":"max-image-preview:large","max-video-preview":"max-video-preview:-1"},"canonical":"https:\/\/internetaddictsanonymous.org\/de\/referententreffen\/","og_locale":"de_DE","og_type":"article","og_title":"Speaker share meetings &#8211; Internet and Technology Addicts Anonymous","og_description":"Welcome! Below is a calendar showing all of our online meetings that feature speaker shares. These meetings start with an experienced member of ITAA giving an extended share about their journey in recovery, and this is usually followed by a period of sharing. Speaker share meetings are wonderful opportunities to hear the experience, strength and &hellip; Speaker share meetings weiterlesen","og_url":"https:\/\/internetaddictsanonymous.org\/de\/referententreffen\/","og_site_name":"Internet and Technology Addicts Anonymous","article_modified_time":"2023-12-10T04:32:10+00:00","twitter_card":"summary_large_image","twitter_misc":{"Gesch\u00e4tzte Lesezeit":"1\u00a0Minute"},"schema":{"@context":"https:\/\/schema.org","@graph":[{"@type":"WebPage","@id":"https:\/\/internetaddictsanonymous.org\/speaker-share-meetings\/","url":"https:\/\/internetaddictsanonymous.org\/speaker-share-meetings\/","name":"Gemeinsame Sitzungen der Sprecher - Internet and Technology Addicts Anonymous","isPartOf":{"@id":"https:\/\/internetaddictsanonymous.org\/#website"},"datePublished":"2023-11-20T00:41:19+00:00","dateModified":"2023-12-10T04:32:10+00:00","breadcrumb":{"@id":"https:\/\/internetaddictsanonymous.org\/speaker-share-meetings\/#breadcrumb"},"inLanguage":"de","potentialAction":[{"@type":"ReadAction","target":["https:\/\/internetaddictsanonymous.org\/speaker-share-meetings\/"]}]},{"@type":"BreadcrumbList","@id":"https:\/\/internetaddictsanonymous.org\/speaker-share-meetings\/#breadcrumb","itemListElement":[{"@type":"ListItem","position":1,"name":"Home","item":"https:\/\/internetaddictsanonymous.org\/"},{"@type":"ListItem","position":2,"name":"Speaker share meetings"}]},{"@type":"WebSite","@id":"https:\/\/internetaddictsanonymous.org\/#website","url":"https:\/\/internetaddictsanonymous.org\/","name":"Die anonymen Internet- und Technologies\u00fcchtigen","description":"Weltweite 12-Schritte-Gemeinschaft f\u00fcr Internet- und Techniksucht","publisher":{"@id":"https:\/\/internetaddictsanonymous.org\/#organization"},"potentialAction":[{"@type":"SearchAction","target":{"@type":"EntryPoint","urlTemplate":"https:\/\/internetaddictsanonymous.org\/?s={search_term_string}"},"query-input":{"@type":"PropertyValueSpecification","valueRequired":true,"valueName":"search_term_string"}}],"inLanguage":"de"},{"@type":"Organization","@id":"https:\/\/internetaddictsanonymous.org\/#organization","name":"Die anonymen Internet- und Technologies\u00fcchtigen","url":"https:\/\/internetaddictsanonymous.org\/","logo":{"@type":"ImageObject","inLanguage":"de","@id":"https:\/\/internetaddictsanonymous.org\/#\/schema\/logo\/image\/","url":"https:\/\/internetaddictsanonymous.org\/wp-content\/uploads\/2023\/01\/cropped-ITAA-logo-480px.png","contentUrl":"https:\/\/internetaddictsanonymous.org\/wp-content\/uploads\/2023\/01\/cropped-ITAA-logo-480px.png","width":480,"height":480,"caption":"Internet and Technology Addicts Anonymous"},"image":{"@id":"https:\/\/internetaddictsanonymous.org\/#\/schema\/logo\/image\/"}}]}},"jetpack_sharing_enabled":true,"jetpack_shortlink":"https:\/\/wp.me\/P9Fwob-4tc","_links":{"self":[{"href":"https:\/\/internetaddictsanonymous.org\/de\/wp-json\/wp\/v2\/pages\/17186","targetHints":{"allow":["GET"]}}],"collection":[{"href":"https:\/\/internetaddictsanonymous.org\/de\/wp-json\/wp\/v2\/pages"}],"about":[{"href":"https:\/\/internetaddictsanonymous.org\/de\/wp-json\/wp\/v2\/types\/page"}],"author":[{"embeddable":true,"href":"https:\/\/internetaddictsanonymous.org\/de\/wp-json\/wp\/v2\/users\/35194237"}],"replies":[{"embeddable":true,"href":"https:\/\/internetaddictsanonymous.org\/de\/wp-json\/wp\/v2\/comments?post=17186"}],"version-history":[{"count":9,"href":"https:\/\/internetaddictsanonymous.org\/de\/wp-json\/wp\/v2\/pages\/17186\/revisions"}],"predecessor-version":[{"id":17309,"href":"https:\/\/internetaddictsanonymous.org\/de\/wp-json\/wp\/v2\/pages\/17186\/revisions\/17309"}],"wp:attachment":[{"href":"https:\/\/internetaddictsanonymous.org\/de\/wp-json\/wp\/v2\/media?parent=17186"}],"wp:term":[{"taxonomy":"post_tag","embeddable":true,"href":"https:\/\/internetaddictsanonymous.org\/de\/wp-json\/wp\/v2\/tags?post=17186"}],"curies":[{"name":"wp","href":"https:\/\/api.w.org\/{rel}","templated":true}]}}