{"id":17226,"date":"2023-12-03T15:15:07","date_gmt":"2023-12-03T20:15:07","guid":{"rendered":"https:\/\/internetaddictsanonymous.org\/?page_id=17226"},"modified":"2025-03-02T11:35:39","modified_gmt":"2025-03-02T19:35:39","slug":"ism-tagesordnungspunkt-kriterien","status":"publish","type":"page","link":"https:\/\/internetaddictsanonymous.org\/de\/ism-agenda-item-criteria\/","title":{"rendered":"ISM-Tagesordnungspunkt-Kriterien"},"content":{"rendered":"<p>Jedes ITAA-Mitglied kann einen Tagesordnungspunkt f\u00fcr unsere internationalen Dienstbesprechungen vorschlagen, indem es eine Nachricht \u00fcber die <a href=\"https:\/\/internetaddictsanonymous.org\/de\/kontakt\/\">Kontaktformular<\/a> an die Sekret\u00e4re der Internationalen Dienstversammlung. Bevor Sie einen Tagesordnungspunkt einreichen, bitten wir Sie, die folgenden Punkte zu beachten:<\/p>\n\n\n\n<ul class=\"wp-block-list\">\n<li><strong>Spezifisch: <\/strong>Antr\u00e4ge sind konkrete Vorschl\u00e4ge f\u00fcr eine Handlung oder Entscheidung. Sie spezifizieren normalerweise das \"Was\", \"Wer\", \"Wann\" und \"Wo\". Mit anderen Worten, der Antrag macht genaue Angaben dar\u00fcber, was vorgeschlagen wird, wer betroffen ist oder wer den Antrag umsetzen wird, wann der Antrag stattfinden soll und wo der Antrag umgesetzt werden soll (z. B. im Skript, auf der Website usw.).<\/li>\n\n\n\n<li><strong>Formatiert: <\/strong>Antr\u00e4ge beginnen in der Regel mit den Worten \"Zu\" oder \"Dass\". Ein Beispiel f\u00fcr einen Antrag k\u00f6nnte wie folgt lauten: <em>\"Antrag: Festlegung einer Standardzeitbeschr\u00e4nkung von 2 Minuten f\u00fcr Aktien w\u00e4hrend der ISM (obwohl jeder w\u00e4hrend einer ISM einen Antrag stellen kann, um die Zeitbeschr\u00e4nkung zu verk\u00fcrzen oder zu verl\u00e4ngern oder sie aufzuheben) und Hinzuf\u00fcgung der folgenden Zeile zum ISM-Skript nach dem Abschnitt Berichte: \"W\u00fcrde sich jemand bereit erkl\u00e4ren, heute unser Zeitnehmer zu sein? Wir werden zwei Minuten mit einer 30-Sekunden-Warnung haben.'\"<\/em><\/li>\n\n\n\n<li><strong>Kurz und b\u00fcndig: <\/strong>Wir bem\u00fchen uns, Tagesordnungspunkte auf weniger als 150 W\u00f6rter zu beschr\u00e4nken.<\/li>\n\n\n\n<li><strong>Angemessen:<\/strong> Tagesordnungspunkte d\u00fcrfen die Anonymit\u00e4t anderer Mitglieder weder direkt noch indirekt verletzen, sie sollten andere ITAA-Mitglieder nicht verunglimpfen, sie d\u00fcrfen keine grafischen Beschreibungen von Gewalt oder sexuellen Themen enthalten und sie d\u00fcrfen keine Diskriminierung beinhalten.<\/li>\n<\/ul>\n\n\n\n<p>Zus\u00e4tzlich zu diesen Punkten finden wir es oft hilfreich, sich mit den folgenden Punkten vertraut zu machen <a href=\"https:\/\/internetaddictsanonymous.org\/de\/12-schritte-der-itaa\/\">Zw\u00f6lf Traditionen<\/a>Dabei ist zu bedenken, dass die ISM keine gesetzgebende Beh\u00f6rde ist, sondern im Dienste der Gruppen und unserer Mitglieder arbeitet. Einige Antr\u00e4ge (z.B. Vorschl\u00e4ge zur \u00dcberarbeitung der Website oder des Mustersitzungsskripts) k\u00f6nnen auch besser von einem der folgenden Gremien behandelt werden <a href=\"https:\/\/internetaddictsanonymous.org\/de\/offene-dienststellen\/\">unsere Aussch\u00fcsse<\/a>.<\/p>\n\n\n\n<p>Bitte beachten Sie, dass die Tagesordnungspunkte mindestens 3 Wochen ben\u00f6tigen, bevor sie in einer ISM-Sitzung besprochen werden k\u00f6nnen, und dass es daher mehrere ISM-Sitzungen dauern kann, bis Ihr Tagesordnungspunkt zur Diskussion kommt.<\/p>\n<!-- PMB print buttons is only displayed on a single post\/page URLs-->","protected":false},"excerpt":{"rendered":"<p>Jedes Mitglied der ITAA kann einen Tagesordnungspunkt f\u00fcr unsere internationalen Servicetreffen einreichen, indem es eine Nachricht \u00fcber das Kontaktformular an die Sekret\u00e4re der internationalen Servicetreffen sendet. Bevor Sie einen Tagesordnungspunkt einreichen, empfehlen wir Ihnen, die folgenden Punkte zu beachten: Zus\u00e4tzlich zu diesen Punkten finden wir es oft hilfreich, sich mit \u2026 vertraut zu machen. <a href=\"https:\/\/internetaddictsanonymous.org\/de\/ism-agenda-item-criteria\/\" class=\"more-link\"><span class=\"screen-reader-text\">ISM-Tagesordnungspunkt-Kriterien<\/span> weiterlesen<\/a><\/p>","protected":false},"author":35194237,"featured_media":0,"parent":0,"menu_order":0,"comment_status":"closed","ping_status":"closed","template":"full-width-page.php","meta":{"inline_featured_image":false,"_lmt_disableupdate":"","_lmt_disable":"","jetpack_post_was_ever_published":false,"footnotes":""},"tags":[],"class_list":["post-17226","page","type-page","status-publish","hentry"],"yoast_head":"<!-- This site is optimized with the Yoast SEO plugin v27.1.1 - https:\/\/yoast.com\/product\/yoast-seo-wordpress\/ -->\n<title>ISM Agenda Item Criteria &#8211; Internet and Technology Addicts Anonymous<\/title>\n<meta name=\"robots\" content=\"index, follow, max-snippet:-1, max-image-preview:large, max-video-preview:-1\" \/>\n<link rel=\"canonical\" href=\"https:\/\/internetaddictsanonymous.org\/de\/ism-tagesordnungspunkt-kriterien\/\" \/>\n<meta property=\"og:locale\" content=\"de_DE\" \/>\n<meta property=\"og:type\" content=\"article\" \/>\n<meta property=\"og:title\" content=\"ISM Agenda Item Criteria &#8211; Internet and Technology Addicts Anonymous\" \/>\n<meta property=\"og:description\" content=\"Any member of ITAA may submit an agenda item to our International Service Meetings by sending a message through the contact form to the International Service Meeting Secretaries. Before submitting an agenda item, we encourage you to keep the following points in mind: In addition to these points, we often find it helpful to familiarize &hellip; ISM Agenda Item Criteria weiterlesen\" \/>\n<meta property=\"og:url\" content=\"https:\/\/internetaddictsanonymous.org\/de\/ism-tagesordnungspunkt-kriterien\/\" \/>\n<meta property=\"og:site_name\" content=\"Internet and Technology Addicts Anonymous\" \/>\n<meta property=\"article:modified_time\" content=\"2025-03-02T19:35:39+00:00\" \/>\n<meta name=\"twitter:card\" content=\"summary_large_image\" \/>\n<meta name=\"twitter:label1\" content=\"Gesch\u00e4tzte Lesezeit\" \/>\n\t<meta name=\"twitter:data1\" content=\"2\u00a0Minuten\" \/>\n<script type=\"application\/ld+json\" class=\"yoast-schema-graph\">{\"@context\":\"https:\/\/schema.org\",\"@graph\":[{\"@type\":\"WebPage\",\"@id\":\"https:\/\/internetaddictsanonymous.org\/ism-agenda-item-criteria\/\",\"url\":\"https:\/\/internetaddictsanonymous.org\/ism-agenda-item-criteria\/\",\"name\":\"ISM Agenda Item Criteria &#8211; Internet and Technology Addicts Anonymous\",\"isPartOf\":{\"@id\":\"https:\/\/internetaddictsanonymous.org\/#website\"},\"datePublished\":\"2023-12-03T20:15:07+00:00\",\"dateModified\":\"2025-03-02T19:35:39+00:00\",\"breadcrumb\":{\"@id\":\"https:\/\/internetaddictsanonymous.org\/ism-agenda-item-criteria\/#breadcrumb\"},\"inLanguage\":\"de\",\"potentialAction\":[{\"@type\":\"ReadAction\",\"target\":[\"https:\/\/internetaddictsanonymous.org\/ism-agenda-item-criteria\/\"]}]},{\"@type\":\"BreadcrumbList\",\"@id\":\"https:\/\/internetaddictsanonymous.org\/ism-agenda-item-criteria\/#breadcrumb\",\"itemListElement\":[{\"@type\":\"ListItem\",\"position\":1,\"name\":\"Home\",\"item\":\"https:\/\/internetaddictsanonymous.org\/\"},{\"@type\":\"ListItem\",\"position\":2,\"name\":\"ISM Agenda Item Criteria\"}]},{\"@type\":\"WebSite\",\"@id\":\"https:\/\/internetaddictsanonymous.org\/#website\",\"url\":\"https:\/\/internetaddictsanonymous.org\/\",\"name\":\"Internet and Technology Addicts Anonymous\",\"description\":\"Worldwide 12-step Fellowship for Internet and Technology Addiction\",\"publisher\":{\"@id\":\"https:\/\/internetaddictsanonymous.org\/#organization\"},\"potentialAction\":[{\"@type\":\"SearchAction\",\"target\":{\"@type\":\"EntryPoint\",\"urlTemplate\":\"https:\/\/internetaddictsanonymous.org\/?s={search_term_string}\"},\"query-input\":{\"@type\":\"PropertyValueSpecification\",\"valueRequired\":true,\"valueName\":\"search_term_string\"}}],\"inLanguage\":\"de\"},{\"@type\":\"Organization\",\"@id\":\"https:\/\/internetaddictsanonymous.org\/#organization\",\"name\":\"Internet and Technology Addicts Anonymous\",\"url\":\"https:\/\/internetaddictsanonymous.org\/\",\"logo\":{\"@type\":\"ImageObject\",\"inLanguage\":\"de\",\"@id\":\"https:\/\/internetaddictsanonymous.org\/#\/schema\/logo\/image\/\",\"url\":\"https:\/\/internetaddictsanonymous.org\/wp-content\/uploads\/2023\/01\/cropped-ITAA-logo-480px.png\",\"contentUrl\":\"https:\/\/internetaddictsanonymous.org\/wp-content\/uploads\/2023\/01\/cropped-ITAA-logo-480px.png\",\"width\":480,\"height\":480,\"caption\":\"Internet and Technology Addicts Anonymous\"},\"image\":{\"@id\":\"https:\/\/internetaddictsanonymous.org\/#\/schema\/logo\/image\/\"}}]}<\/script>\n<!-- \/ Yoast SEO plugin. -->","yoast_head_json":{"title":"ISM-Tagesordnungspunkt-Kriterien - Anonyme Internet- und Technologies\u00fcchtige","robots":{"index":"index","follow":"follow","max-snippet":"max-snippet:-1","max-image-preview":"max-image-preview:large","max-video-preview":"max-video-preview:-1"},"canonical":"https:\/\/internetaddictsanonymous.org\/de\/ism-tagesordnungspunkt-kriterien\/","og_locale":"de_DE","og_type":"article","og_title":"ISM Agenda Item Criteria &#8211; Internet and Technology Addicts Anonymous","og_description":"Any member of ITAA may submit an agenda item to our International Service Meetings by sending a message through the contact form to the International Service Meeting Secretaries. Before submitting an agenda item, we encourage you to keep the following points in mind: In addition to these points, we often find it helpful to familiarize &hellip; ISM Agenda Item Criteria weiterlesen","og_url":"https:\/\/internetaddictsanonymous.org\/de\/ism-tagesordnungspunkt-kriterien\/","og_site_name":"Internet and Technology Addicts Anonymous","article_modified_time":"2025-03-02T19:35:39+00:00","twitter_card":"summary_large_image","twitter_misc":{"Gesch\u00e4tzte Lesezeit":"2\u00a0Minuten"},"schema":{"@context":"https:\/\/schema.org","@graph":[{"@type":"WebPage","@id":"https:\/\/internetaddictsanonymous.org\/ism-agenda-item-criteria\/","url":"https:\/\/internetaddictsanonymous.org\/ism-agenda-item-criteria\/","name":"ISM-Tagesordnungspunkt-Kriterien - Anonyme Internet- und Technologies\u00fcchtige","isPartOf":{"@id":"https:\/\/internetaddictsanonymous.org\/#website"},"datePublished":"2023-12-03T20:15:07+00:00","dateModified":"2025-03-02T19:35:39+00:00","breadcrumb":{"@id":"https:\/\/internetaddictsanonymous.org\/ism-agenda-item-criteria\/#breadcrumb"},"inLanguage":"de","potentialAction":[{"@type":"ReadAction","target":["https:\/\/internetaddictsanonymous.org\/ism-agenda-item-criteria\/"]}]},{"@type":"BreadcrumbList","@id":"https:\/\/internetaddictsanonymous.org\/ism-agenda-item-criteria\/#breadcrumb","itemListElement":[{"@type":"ListItem","position":1,"name":"Home","item":"https:\/\/internetaddictsanonymous.org\/"},{"@type":"ListItem","position":2,"name":"ISM Agenda Item Criteria"}]},{"@type":"WebSite","@id":"https:\/\/internetaddictsanonymous.org\/#website","url":"https:\/\/internetaddictsanonymous.org\/","name":"Die anonymen Internet- und Technologies\u00fcchtigen","description":"Weltweite 12-Schritte-Gemeinschaft f\u00fcr Internet- und Techniksucht","publisher":{"@id":"https:\/\/internetaddictsanonymous.org\/#organization"},"potentialAction":[{"@type":"SearchAction","target":{"@type":"EntryPoint","urlTemplate":"https:\/\/internetaddictsanonymous.org\/?s={search_term_string}"},"query-input":{"@type":"PropertyValueSpecification","valueRequired":true,"valueName":"search_term_string"}}],"inLanguage":"de"},{"@type":"Organization","@id":"https:\/\/internetaddictsanonymous.org\/#organization","name":"Die anonymen Internet- und Technologies\u00fcchtigen","url":"https:\/\/internetaddictsanonymous.org\/","logo":{"@type":"ImageObject","inLanguage":"de","@id":"https:\/\/internetaddictsanonymous.org\/#\/schema\/logo\/image\/","url":"https:\/\/internetaddictsanonymous.org\/wp-content\/uploads\/2023\/01\/cropped-ITAA-logo-480px.png","contentUrl":"https:\/\/internetaddictsanonymous.org\/wp-content\/uploads\/2023\/01\/cropped-ITAA-logo-480px.png","width":480,"height":480,"caption":"Internet and Technology Addicts Anonymous"},"image":{"@id":"https:\/\/internetaddictsanonymous.org\/#\/schema\/logo\/image\/"}}]}},"jetpack_sharing_enabled":true,"jetpack_shortlink":"https:\/\/wp.me\/P9Fwob-4tQ","_links":{"self":[{"href":"https:\/\/internetaddictsanonymous.org\/de\/wp-json\/wp\/v2\/pages\/17226","targetHints":{"allow":["GET"]}}],"collection":[{"href":"https:\/\/internetaddictsanonymous.org\/de\/wp-json\/wp\/v2\/pages"}],"about":[{"href":"https:\/\/internetaddictsanonymous.org\/de\/wp-json\/wp\/v2\/types\/page"}],"author":[{"embeddable":true,"href":"https:\/\/internetaddictsanonymous.org\/de\/wp-json\/wp\/v2\/users\/35194237"}],"replies":[{"embeddable":true,"href":"https:\/\/internetaddictsanonymous.org\/de\/wp-json\/wp\/v2\/comments?post=17226"}],"version-history":[{"count":17,"href":"https:\/\/internetaddictsanonymous.org\/de\/wp-json\/wp\/v2\/pages\/17226\/revisions"}],"predecessor-version":[{"id":19391,"href":"https:\/\/internetaddictsanonymous.org\/de\/wp-json\/wp\/v2\/pages\/17226\/revisions\/19391"}],"wp:attachment":[{"href":"https:\/\/internetaddictsanonymous.org\/de\/wp-json\/wp\/v2\/media?parent=17226"}],"wp:term":[{"taxonomy":"post_tag","embeddable":true,"href":"https:\/\/internetaddictsanonymous.org\/de\/wp-json\/wp\/v2\/tags?post=17226"}],"curies":[{"name":"wp","href":"https:\/\/api.w.org\/{rel}","templated":true}]}}