{"id":17595,"date":"2024-02-18T19:47:54","date_gmt":"2024-02-19T00:47:54","guid":{"rendered":"https:\/\/internetaddictsanonymous.org\/?page_id=17595"},"modified":"2026-04-04T07:23:55","modified_gmt":"2026-04-04T14:23:55","slug":"usa-ca","status":"publish","type":"page","link":"https:\/\/internetaddictsanonymous.org\/de\/in-person-meetings\/usa-ca\/","title":{"rendered":"ITAA in Kalifornien, USA"},"content":{"rendered":"<p>Willkommen bei Internet and Technology Addicts Anonymous! Wir freuen uns, dass Sie uns gefunden haben, und hoffen, dass unsere Gemeinschaft f\u00fcr Sie genauso hilfreich sein kann wie f\u00fcr uns.<strong> <mark style=\"background-color:rgba(0, 0, 0, 0)\" class=\"has-inline-color has-dark-gray-color\">ITAA ist eine Zw\u00f6lf-Schritte-Gemeinschaft von Menschen, die sich gegenseitig bei der Genesung von der Internet- und Technologiesucht unterst\u00fctzen.<\/mark><\/strong> Dazu geh\u00f6rt die Sucht nach sozialen Medien, Smartphones, Video- oder Audio-Streaming-Inhalten, Spielen, Nachrichten, Pornografie, Dating-Apps, Online-Recherche, Online-Shopping oder anderen digitalen Aktivit\u00e4ten, die zwanghaft und problematisch werden.&nbsp;<\/p>\n\n\n\n<h4 class=\"wp-block-heading has-text-align-center\">~ <em><strong>In Nordkalifornien <\/strong><\/em>~<\/h4>\n\n\n\n<h3 class=\"wp-block-heading\">Treffen in Chico (Potenziell)<\/h3>\n\n\n\n<p>Wenn Sie Interesse daran haben, mit anderen ITAA-Mitgliedern in Chico, Kalifornien, in Kontakt zu treten, wenden Sie sich bitte an die Kontakt-E-Mail-Adresse.<br>Kontakt: <a href=\"mailto:Chico.ITAA@gmail.com\" target=\"_blank\" rel=\"noreferrer noopener\">Chico.ITAA@gmail.com<\/a><\/p>\n\n\n\n<h3 class=\"wp-block-heading\">Meetings in South Bay (Potential)<\/h3>\n\n\n\n<p>If you are interested in connecting with other ITAA members in South Bay, California, please reach out to Aye Bea&#8217;s email or phone.<br>Kontakt: <a href=\"mailto:Chico.ITAA@gmail.com\" target=\"_blank\" rel=\"noreferrer noopener\">southbay.itaa@gmail.com<\/a> or 408-507-3975<\/p>\n\n\n\n<h3 class=\"wp-block-heading\">Begegnungen in Berkeley<\/h3>\n\n\n\n<p>Wann: Sonntags, 1-2pm<br>Wo: Berkeley Unitarian Universalist Church, 1606 Bonita Ave, Berkeley, CA<br>Kontakt:&nbsp;<a href=\"mailto:nolan.s.itaa@gmail.com\" target=\"_blank\" rel=\"noreferrer noopener\">nolan.s.itaa@gmail.com<\/a><\/p>\n\n\n\n<h3 class=\"wp-block-heading\">Meetings in San Francisco<\/h3>\n\n\n\n<p>Wann: Samstags, 13-14 Uhr.<br>Ort: First Unitarian Universalist Church and Center (UUSF), 1187 Franklin Street, San Francisco, CA<br>Zimmer: Das Fahs-Zimmer<br>Zus\u00e4tzliche Informationen: Bitte klingeln Sie an der Glast\u00fcr hinter der Eingangstreppe (nicht an der Holzt\u00fcr). Sobald Sie das Geb\u00e4ude betreten haben, gehen Sie links den Flur entlang, der um den Innenhof f\u00fchrt. Der Fahs-Raum befindet sich ganz links, hinter der Kapelle. Sollte die T\u00fcr geschlossen sein, kommen Sie einfach herein! Wir freuen uns auf Sie.<br>Kontakt: Tom\u00e1s K, tomask.itaa@gmail.com, 917 725 2192 (Falls Sie Schwierigkeiten haben, das Zimmer zu finden, rufen Sie gerne direkt an)<\/p>\n\n\n\n<h4 class=\"wp-block-heading\">Meetings in Yuba City<\/h4>\n\n\n\n<p>When: First Saturdays, 1-2 pm<br>Where: Feather River Parkway, Yuba City, CA<br>Kontakt:&nbsp;<a href=\"mailto:graham.recovery.in.itaa@gmail.com\" target=\"_blank\" rel=\"noreferrer noopener\">ITAA.NorCal@gmail.com<\/a><\/p>\n\n\n\n<p>Come hang out with a small but mighty group supporting each other to recover one day at a time.<\/p>\n\n\n\n<p>Dies ist eine \u00f6ffentliche Veranstaltung; jeder ist herzlich eingeladen. Wir bitten die Besucher, den Hauptzweck dieser Veranstaltung zu respektieren: die Botschaft der Genesung an die Betroffenen von Internetsucht und Technologieabh\u00e4ngigkeit weiterzugeben.<\/p>\n\n\n\n<h4 class=\"wp-block-heading has-text-align-center\">~ <strong><em>In S\u00fcdkalifornien<\/em><\/strong> ~<\/h4>\n\n\n\n<h3 class=\"wp-block-heading\">Treffen in Los Angeles, Kalifornien<\/h3>\n\n\n\n<h4 class=\"wp-block-heading\">\u201cSchritt 11 um 11:11 Uhr\u201d Treffen der Hollywood ITAA<\/h4>\n\n\n\n<p>Wann: Samstags 11:00\u201312:30 Uhr<br>Ort: Plummer Park, 7377 Santa Monica Blvd, West Hollywood, CA 90046<br>Email:&nbsp;<a href=\"mailto:Hollywood.ITAA@gmail.com\" target=\"_blank\" rel=\"noreferrer noopener\">Hollywood.ITAA@gmail.com<\/a><br>Signal: <a href=\"https:\/\/signal.group\/#CjQKIH-GZ6WbWSa6lwfAKdOepX8k4djVGaUHOwAdyez5Cu5eEhCnuuYB18fbYFqkoxdGW3hp\" target=\"_blank\" rel=\"noreferrer noopener\">https:\/\/signal.group\/#CjQKIH-GZ6WbWSa6lwfAKdOepX8k4djVGaUHOwAdyez5Cu5eEhCnuuYB18fbYFqkoxdGW3hp<\/a><\/p>\n\n\n\n<p>Dies ist eine \u00f6ffentliche Veranstaltung; jeder ist herzlich eingeladen. Wir bitten die Besucher, den Hauptzweck dieser Veranstaltung zu respektieren: die Botschaft der Genesung an die Betroffenen von Internetsucht und Technologieabh\u00e4ngigkeit weiterzugeben.<\/p>\n\n\n\n<p>Genauer Treffpunkt: Wir treffen uns auf der Rasenfl\u00e4che s\u00fcdlich der Tennispl\u00e4tze. Die genauen GPS-Koordinaten lauten:&nbsp;<br>(34.0929888, -118.3514780).<\/p>\n\n\n\n<p>Parken: Parkbesucher k\u00f6nnen auf der Nord- und S\u00fcdseite des Parks kostenlos bis zu drei Stunden parken. Es gibt auch Parkm\u00f6glichkeiten an der Stra\u00dfe, bitte beachten Sie jedoch die st\u00e4dtischen Parkbeschr\u00e4nkungen.<\/p>\n\n\n\n<p>Zus\u00e4tzliche Informationen:<br>1) Bei Fragen k\u00f6nnen Sie sich gerne per E-Mail oder WhatsApp an die Gruppe wenden. Da es sich aber um ein Treffen im Freien handelt, sind auch spontane Teilnehmer willkommen.<\/p>\n\n\n\n<p>2) Bitte kommen Sie bis 11:00 Uhr und ber\u00fccksichtigen Sie die Parkzeit. Das Treffen beginnt um 11:11 Uhr. Danach ist der Einlass zum Treffen geschlossen, bis der gemeinsame Teil nach der Meditation um ca. 12:00 Uhr beginnt. Wenn Sie w\u00e4hrend dieser Zeit ankommen, rufen Sie bitte die Kontaktperson an und Sie werden nach der Meditation eingelassen.<\/p>\n\n\n\n<p>3) Bitte bringen Sie au\u00dferdem Ihren eigenen Stuhl oder Ihre eigene Decke mit, falls Sie nicht auf dem Rasen sitzen m\u00f6chten. Sollten Sie keinen eigenen Stuhl oder keine Decke besitzen, kann gegebenenfalls eine Alternative gefunden werden.<\/p>\n\n\n\n<p><\/p>\n\n\n\n<h4 class=\"wp-block-heading\">Meetings in Pasadena<\/h4>\n\n\n\n<p>Wann: Donnerstags um 11:00 Uhr<br>Ort: Central Park, Pasadena. Bitte seien Sie f\u00fcnf Minuten fr\u00fcher da, um sich am Brunnen der National Humane Alliance an der Ecke Raymond Ave und E Dayton Street zu treffen. Wir sitzen im Schatten gro\u00dfer B\u00e4ume \u2013 bringen Sie gerne einen Stuhl, ein Handtuch oder eine Decke mit.<br>Kontakt:&nbsp;<a href=\"mailto:mishainla.itaa@gmail.com\" target=\"_blank\" rel=\"noreferrer noopener\">mishainla.itaa@gmail.com<\/a><br><\/p>\n\n\n\n<p>Zus\u00e4tzliche Informationen:<br>1) Parkpl\u00e4tze an der Stra\u00dfe finden Sie in der E Dayton Street, der S Raymond Ave und der Fair Oaks Avenue f\u00fcr 1,25 TP4T pro Stunde. Im Parkhaus der Del Mar Station (230 S Raymond Ave) k\u00f6nnen Sie f\u00fcr 90 Minuten f\u00fcr 1,00 TP4T parken. Die A-Linie (blaue Linie) h\u00e4lt an dieser nahegelegenen Station in Del Mar.<br>2) Dieses Treffen wird selten, aber gelegentlich wetterbedingt abgesagt oder verlegt. Neulinge werden gebeten, sich vor ihrer Teilnahme bei Misha zu melden, dies ist jedoch nicht verpflichtend.&nbsp;<a href=\"mailto:mishainla.itaa@gmail.com\" target=\"_blank\" rel=\"noreferrer noopener\">mishainla.itaa@gmail.com<\/a><\/p>\n\n\n\n<h4 class=\"wp-block-heading\">Big-Book-Studientreffen in Santa Monica<\/h4>\n\n\n\n<p>Wann: Mittwochabends 17:30-18:30 Uhr<br>Wo: 3301 Pico Blvd, Santa Monica, CA 90405 (Eingang \u00fcber die Urban Ave)<\/p>\n\n\n\n<p>Dies ist eine \u00f6ffentliche Veranstaltung; jeder ist herzlich eingeladen. Wir bitten die Besucher, den Hauptzweck dieser Veranstaltung zu respektieren: die Botschaft der Genesung an die Betroffenen von Internetsucht und Technologieabh\u00e4ngigkeit weiterzugeben.<\/p>\n\n\n\n<p>Format: Dies ist ein Treffen zum gemeinsamen Lesen und Austauschen. Wir lesen aus dem \u201eGro\u00dfen Buch\u201c der Anonymen Alkoholiker und tauschen uns \u00fcber das Gelesene oder \u00fcber alles, was uns gerade besch\u00e4ftigt, aus.<\/p>\n\n\n\n<p>Das Treffen findet in einem Caf\u00e9 an der Ecke statt \u2013 der Eingang befindet sich in der Urban Ave. Parkpl\u00e4tze stehen auf der Stra\u00dfe zur Verf\u00fcgung, bitte beachten Sie die Parkbeschr\u00e4nkungen.<\/p>\n\n\n\n<p>Kontakt: <a href=\"mailto:Westside.ITAA@gmail.com\" target=\"_blank\" rel=\"noreferrer noopener\">Westside.ITAA@gmail.com<\/a>.<\/p>\n\n\n\n<p class=\"has-text-align-center\">-~-<\/p>\n\n\n\n<h3 class=\"wp-block-heading\">Zus\u00e4tzliche Treffen<\/h3>\n\n\n\n<p>Wenn Sie neu sind, m\u00f6chten wir Sie ermutigen, innerhalb eines kurzen Zeitraums sechs Treffen zu besuchen, um zu sehen, ob unser Programm f\u00fcr Sie hilfreich sein k\u00f6nnte. Zus\u00e4tzlich zu unseren pers\u00f6nlichen Treffen vor Ort k\u00f6nnen Sie sich auch unsere <a href=\"https:\/\/internetaddictsanonymous.org\/de\/lokale-internet-sucht-treffen\/\">andere pers\u00f6nliche Treffen<\/a> und eine <a href=\"https:\/\/internetaddictsanonymous.org\/de\/online-meetings\/\">vollst\u00e4ndiger Zeitplan der Online-Sitzungen<\/a>. Alle Treffen sind v\u00f6llig kostenlos und anonym.<\/p>\n\n\n\n<h3 class=\"wp-block-heading\"><strong>Wie funktionieren Meetings?<\/strong><\/h3>\n\n\n\n<p>Wenn Sie zum ersten Mal an einer Sitzung teilnehmen, brauchen Sie nicht nerv\u00f6s zu sein. Die meisten unserer Sitzungen sind sehr einfach; jede Sitzung hat einen Vorsitzenden, der die Sitzung leitet, und die meisten Sitzungen dauern eine Stunde. Der Vorsitzende und andere Freiwillige lesen einige einleitende Erkl\u00e4rungen vor, bevor wir die Sitzung f\u00fcr die Mitglieder \u00f6ffnen, damit sie sich austauschen k\u00f6nnen. Es ist nicht erforderlich, etwas zu sagen, und es ist in Ordnung, einfach nur zuzuh\u00f6ren. Wenn Sie sich wohl f\u00fchlen, k\u00f6nnen Sie sich vorstellen und erz\u00e4hlen, was Sie zur ITAA gef\u00fchrt hat. Wenn es nicht von dem Mitglied, das erz\u00e4hlt, gew\u00fcnscht wird, machen wir keine Vorschl\u00e4ge oder Kommentare als Antwort auf die Erz\u00e4hlungen der anderen; wir h\u00f6ren einfach zu, ohne zu urteilen. Am Ende der Stunde endet das Treffen mit einigen abschlie\u00dfenden Erkl\u00e4rungen, nach denen sich die Mitglieder normalerweise zwanglos unterhalten, Fragen stellen und Kontaktdaten austauschen.<\/p>\n\n\n\n<h3 class=\"wp-block-heading\">Ressourcen zur Internet- und Technologiesucht<\/h3>\n\n\n\n<p>Wenn Sie sich fragen, ob Sie m\u00f6glicherweise internet- und technologieabh\u00e4ngig sind, k\u00f6nnen Sie sich unsere Frageb\u00f6gen ansehen f\u00fcr <a href=\"https:\/\/internetaddictsanonymous.org\/de\/internet-und-technologieabhangigkeit\/\">Internetabh\u00e4ngigkeit<\/a>, <a href=\"https:\/\/internetaddictsanonymous.org\/de\/internet-und-technologieabhangigkeit\/social-media-sucht\/\">Social-Media-Sucht<\/a>, <a href=\"https:\/\/internetaddictsanonymous.org\/de\/internetabhangigkeit\/streaming-sucht\/\">Streaming-Sucht<\/a>, <a href=\"https:\/\/internetaddictsanonymous.org\/de\/internet-und-technologieabhangigkeit\/telefonabhangigkeit\/\">Telefonabh\u00e4ngigkeit<\/a>, oder <a href=\"https:\/\/internetaddictsanonymous.org\/de\/internet-und-technologieabhangigkeit\/videospielsucht\/\">Videospielsucht<\/a>. Sie k\u00f6nnen auch mehr \u00fcber ITAA erfahren, indem Sie unsere&nbsp;<a href=\"https:\/\/internetaddictsanonymous.org\/de\/leitfaden-fur-neue\/\">Leitfaden f\u00fcr Neue<\/a>, die \u00dcberpr\u00fcfung unserer <a href=\"https:\/\/internetaddictsanonymous.org\/de\/ressourcen\/instrumente-zur-wiederherstellung\/\">Instrumente zur Wiederherstellung<\/a>oder das H\u00f6ren von <a href=\"https:\/\/internetaddictsanonymous.org\/de\/genesungsgeschichten\/\">Genesungsgeschichten von Mitgliedern<\/a>.<\/p>\n\n\n\n<p>Die ITAA ist weder an eine politische Agenda noch an eine Religion oder an externe Interessen gebunden. Wir sind v\u00f6llig selbsttragend und kostenlos f\u00fcr alle, die es brauchen. Unser einziges Ziel ist es, vom zwanghaften Internet- und Technologiegebrauch Abstand zu nehmen und anderen zu helfen, sich von dieser Sucht zu befreien.<\/p>\n\n\n\n<p>Nochmals herzlich willkommen! Wir hoffen, dass diese Gemeinschaft Ihnen die Unterst\u00fctzung bieten kann, die Sie f\u00fcr Ihre Genesung von der Internet- und Technologiesucht ben\u00f6tigen. Bitte z\u00f6gern Sie nicht, sich an uns zu wenden, wenn Sie irgendwelche Fragen haben.<\/p>\n<!-- PMB print buttons is only displayed on a single post\/page URLs-->","protected":false},"excerpt":{"rendered":"<p>Willkommen bei Internet and Technology Addicts Anonymous! Wir freuen uns, dass Sie uns gefunden haben, und hoffen, dass unsere Gemeinschaft f\u00fcr Sie genauso hilfreich sein kann wie f\u00fcr uns. ITAA ist eine Zw\u00f6lf-Schritte-Gemeinschaft von Menschen, die sich gegenseitig bei der Genesung von der Internet- und Technologiesucht unterst\u00fctzen. Dazu geh\u00f6rt die Sucht nach sozialen Medien, Smartphones, Streaming ... <a href=\"https:\/\/internetaddictsanonymous.org\/de\/in-person-meetings\/usa-ca\/\" class=\"more-link\"><span class=\"screen-reader-text\">ITAA in Kalifornien, USA<\/span> weiterlesen<\/a><\/p>","protected":false},"author":35194255,"featured_media":0,"parent":148,"menu_order":0,"comment_status":"closed","ping_status":"closed","template":"full-width-page.php","meta":{"inline_featured_image":false,"_lmt_disableupdate":"","_lmt_disable":"","jetpack_post_was_ever_published":false,"footnotes":""},"tags":[],"class_list":["post-17595","page","type-page","status-publish","hentry"],"yoast_head":"<!-- This site is optimized with the Yoast SEO plugin v27.3 - https:\/\/yoast.com\/product\/yoast-seo-wordpress\/ -->\n<title>ITAA in California, US &#8211; Internet and Technology Addicts Anonymous<\/title>\n<meta name=\"description\" content=\"There are several in-person ITAA meetings in Southern California including in Santa Monica, Pasadena, and Hollywood. More coming soon!\" \/>\n<meta name=\"robots\" content=\"index, follow, max-snippet:-1, max-image-preview:large, max-video-preview:-1\" \/>\n<link rel=\"canonical\" href=\"https:\/\/internetaddictsanonymous.org\/de\/lokale-internet-sucht-treffen\/usa-ca\/\" \/>\n<meta property=\"og:locale\" content=\"de_DE\" \/>\n<meta property=\"og:type\" content=\"article\" \/>\n<meta property=\"og:title\" content=\"ITAA in California, US &#8211; Internet and Technology Addicts Anonymous\" \/>\n<meta property=\"og:description\" content=\"There are several in-person ITAA meetings in Southern California including in Santa Monica, Pasadena, and Hollywood. More coming soon!\" \/>\n<meta property=\"og:url\" content=\"https:\/\/internetaddictsanonymous.org\/de\/lokale-internet-sucht-treffen\/usa-ca\/\" \/>\n<meta property=\"og:site_name\" content=\"Internet and Technology Addicts Anonymous\" \/>\n<meta property=\"article:modified_time\" content=\"2026-04-04T14:23:55+00:00\" \/>\n<meta name=\"twitter:card\" content=\"summary_large_image\" \/>\n<meta name=\"twitter:label1\" content=\"Gesch\u00e4tzte Lesezeit\" \/>\n\t<meta name=\"twitter:data1\" content=\"6\u00a0Minuten\" \/>\n<script type=\"application\/ld+json\" class=\"yoast-schema-graph\">{\"@context\":\"https:\\\/\\\/schema.org\",\"@graph\":[{\"@type\":\"WebPage\",\"@id\":\"https:\\\/\\\/internetaddictsanonymous.org\\\/in-person-meetings\\\/usa-ca\\\/\",\"url\":\"https:\\\/\\\/internetaddictsanonymous.org\\\/in-person-meetings\\\/usa-ca\\\/\",\"name\":\"ITAA in California, US &#8211; Internet and Technology Addicts Anonymous\",\"isPartOf\":{\"@id\":\"https:\\\/\\\/internetaddictsanonymous.org\\\/#website\"},\"datePublished\":\"2024-02-19T00:47:54+00:00\",\"dateModified\":\"2026-04-04T14:23:55+00:00\",\"description\":\"There are several in-person ITAA meetings in Southern California including in Santa Monica, Pasadena, and Hollywood. More coming soon!\",\"breadcrumb\":{\"@id\":\"https:\\\/\\\/internetaddictsanonymous.org\\\/in-person-meetings\\\/usa-ca\\\/#breadcrumb\"},\"inLanguage\":\"de\",\"potentialAction\":[{\"@type\":\"ReadAction\",\"target\":[\"https:\\\/\\\/internetaddictsanonymous.org\\\/in-person-meetings\\\/usa-ca\\\/\"]}]},{\"@type\":\"BreadcrumbList\",\"@id\":\"https:\\\/\\\/internetaddictsanonymous.org\\\/in-person-meetings\\\/usa-ca\\\/#breadcrumb\",\"itemListElement\":[{\"@type\":\"ListItem\",\"position\":1,\"name\":\"Home\",\"item\":\"https:\\\/\\\/internetaddictsanonymous.org\\\/\"},{\"@type\":\"ListItem\",\"position\":2,\"name\":\"In-Person Meetings\",\"item\":\"https:\\\/\\\/internetaddictsanonymous.org\\\/in-person-meetings\\\/\"},{\"@type\":\"ListItem\",\"position\":3,\"name\":\"ITAA in California, US\"}]},{\"@type\":\"WebSite\",\"@id\":\"https:\\\/\\\/internetaddictsanonymous.org\\\/#website\",\"url\":\"https:\\\/\\\/internetaddictsanonymous.org\\\/\",\"name\":\"Internet and Technology Addicts Anonymous\",\"description\":\"Worldwide 12-step Fellowship for Internet and Technology Addiction\",\"publisher\":{\"@id\":\"https:\\\/\\\/internetaddictsanonymous.org\\\/#organization\"},\"potentialAction\":[{\"@type\":\"SearchAction\",\"target\":{\"@type\":\"EntryPoint\",\"urlTemplate\":\"https:\\\/\\\/internetaddictsanonymous.org\\\/?s={search_term_string}\"},\"query-input\":{\"@type\":\"PropertyValueSpecification\",\"valueRequired\":true,\"valueName\":\"search_term_string\"}}],\"inLanguage\":\"de\"},{\"@type\":\"Organization\",\"@id\":\"https:\\\/\\\/internetaddictsanonymous.org\\\/#organization\",\"name\":\"Internet and Technology Addicts Anonymous\",\"url\":\"https:\\\/\\\/internetaddictsanonymous.org\\\/\",\"logo\":{\"@type\":\"ImageObject\",\"inLanguage\":\"de\",\"@id\":\"https:\\\/\\\/internetaddictsanonymous.org\\\/#\\\/schema\\\/logo\\\/image\\\/\",\"url\":\"https:\\\/\\\/internetaddictsanonymous.org\\\/wp-content\\\/uploads\\\/2023\\\/01\\\/cropped-ITAA-logo-480px.png\",\"contentUrl\":\"https:\\\/\\\/internetaddictsanonymous.org\\\/wp-content\\\/uploads\\\/2023\\\/01\\\/cropped-ITAA-logo-480px.png\",\"width\":480,\"height\":480,\"caption\":\"Internet and Technology Addicts Anonymous\"},\"image\":{\"@id\":\"https:\\\/\\\/internetaddictsanonymous.org\\\/#\\\/schema\\\/logo\\\/image\\\/\"}}]}<\/script>\n<!-- \/ Yoast SEO plugin. -->","yoast_head_json":{"title":"ITAA in Kalifornien, USA \u2013 Anonyme Internet- und Technologieabh\u00e4ngige","description":"Es finden mehrere ITAA-Pr\u00e4senztreffen in S\u00fcdkalifornien statt, unter anderem in Santa Monica, Pasadena und Hollywood. Weitere Termine folgen in K\u00fcrze!","robots":{"index":"index","follow":"follow","max-snippet":"max-snippet:-1","max-image-preview":"max-image-preview:large","max-video-preview":"max-video-preview:-1"},"canonical":"https:\/\/internetaddictsanonymous.org\/de\/lokale-internet-sucht-treffen\/usa-ca\/","og_locale":"de_DE","og_type":"article","og_title":"ITAA in California, US &#8211; Internet and Technology Addicts Anonymous","og_description":"There are several in-person ITAA meetings in Southern California including in Santa Monica, Pasadena, and Hollywood. More coming soon!","og_url":"https:\/\/internetaddictsanonymous.org\/de\/lokale-internet-sucht-treffen\/usa-ca\/","og_site_name":"Internet and Technology Addicts Anonymous","article_modified_time":"2026-04-04T14:23:55+00:00","twitter_card":"summary_large_image","twitter_misc":{"Gesch\u00e4tzte Lesezeit":"6\u00a0Minuten"},"schema":{"@context":"https:\/\/schema.org","@graph":[{"@type":"WebPage","@id":"https:\/\/internetaddictsanonymous.org\/in-person-meetings\/usa-ca\/","url":"https:\/\/internetaddictsanonymous.org\/in-person-meetings\/usa-ca\/","name":"ITAA in Kalifornien, USA \u2013 Anonyme Internet- und Technologieabh\u00e4ngige","isPartOf":{"@id":"https:\/\/internetaddictsanonymous.org\/#website"},"datePublished":"2024-02-19T00:47:54+00:00","dateModified":"2026-04-04T14:23:55+00:00","description":"Es finden mehrere ITAA-Pr\u00e4senztreffen in S\u00fcdkalifornien statt, unter anderem in Santa Monica, Pasadena und Hollywood. Weitere Termine folgen in K\u00fcrze!","breadcrumb":{"@id":"https:\/\/internetaddictsanonymous.org\/in-person-meetings\/usa-ca\/#breadcrumb"},"inLanguage":"de","potentialAction":[{"@type":"ReadAction","target":["https:\/\/internetaddictsanonymous.org\/in-person-meetings\/usa-ca\/"]}]},{"@type":"BreadcrumbList","@id":"https:\/\/internetaddictsanonymous.org\/in-person-meetings\/usa-ca\/#breadcrumb","itemListElement":[{"@type":"ListItem","position":1,"name":"Home","item":"https:\/\/internetaddictsanonymous.org\/"},{"@type":"ListItem","position":2,"name":"In-Person Meetings","item":"https:\/\/internetaddictsanonymous.org\/in-person-meetings\/"},{"@type":"ListItem","position":3,"name":"ITAA in California, US"}]},{"@type":"WebSite","@id":"https:\/\/internetaddictsanonymous.org\/#website","url":"https:\/\/internetaddictsanonymous.org\/","name":"Die anonymen Internet- und Technologies\u00fcchtigen","description":"Weltweite 12-Schritte-Gemeinschaft f\u00fcr Internet- und Techniksucht","publisher":{"@id":"https:\/\/internetaddictsanonymous.org\/#organization"},"potentialAction":[{"@type":"SearchAction","target":{"@type":"EntryPoint","urlTemplate":"https:\/\/internetaddictsanonymous.org\/?s={search_term_string}"},"query-input":{"@type":"PropertyValueSpecification","valueRequired":true,"valueName":"search_term_string"}}],"inLanguage":"de"},{"@type":"Organization","@id":"https:\/\/internetaddictsanonymous.org\/#organization","name":"Die anonymen Internet- und Technologies\u00fcchtigen","url":"https:\/\/internetaddictsanonymous.org\/","logo":{"@type":"ImageObject","inLanguage":"de","@id":"https:\/\/internetaddictsanonymous.org\/#\/schema\/logo\/image\/","url":"https:\/\/internetaddictsanonymous.org\/wp-content\/uploads\/2023\/01\/cropped-ITAA-logo-480px.png","contentUrl":"https:\/\/internetaddictsanonymous.org\/wp-content\/uploads\/2023\/01\/cropped-ITAA-logo-480px.png","width":480,"height":480,"caption":"Internet and Technology Addicts Anonymous"},"image":{"@id":"https:\/\/internetaddictsanonymous.org\/#\/schema\/logo\/image\/"}}]}},"jetpack_sharing_enabled":true,"jetpack_shortlink":"https:\/\/wp.me\/P9Fwob-4zN","_links":{"self":[{"href":"https:\/\/internetaddictsanonymous.org\/de\/wp-json\/wp\/v2\/pages\/17595","targetHints":{"allow":["GET"]}}],"collection":[{"href":"https:\/\/internetaddictsanonymous.org\/de\/wp-json\/wp\/v2\/pages"}],"about":[{"href":"https:\/\/internetaddictsanonymous.org\/de\/wp-json\/wp\/v2\/types\/page"}],"author":[{"embeddable":true,"href":"https:\/\/internetaddictsanonymous.org\/de\/wp-json\/wp\/v2\/users\/35194255"}],"replies":[{"embeddable":true,"href":"https:\/\/internetaddictsanonymous.org\/de\/wp-json\/wp\/v2\/comments?post=17595"}],"version-history":[{"count":87,"href":"https:\/\/internetaddictsanonymous.org\/de\/wp-json\/wp\/v2\/pages\/17595\/revisions"}],"predecessor-version":[{"id":21187,"href":"https:\/\/internetaddictsanonymous.org\/de\/wp-json\/wp\/v2\/pages\/17595\/revisions\/21187"}],"up":[{"embeddable":true,"href":"https:\/\/internetaddictsanonymous.org\/de\/wp-json\/wp\/v2\/pages\/148"}],"wp:attachment":[{"href":"https:\/\/internetaddictsanonymous.org\/de\/wp-json\/wp\/v2\/media?parent=17595"}],"wp:term":[{"taxonomy":"post_tag","embeddable":true,"href":"https:\/\/internetaddictsanonymous.org\/de\/wp-json\/wp\/v2\/tags?post=17595"}],"curies":[{"name":"wp","href":"https:\/\/api.w.org\/{rel}","templated":true}]}}