{"id":18148,"date":"2024-06-16T20:35:42","date_gmt":"2024-06-17T00:35:42","guid":{"rendered":"https:\/\/internetaddictsanonymous.org\/?page_id=18148"},"modified":"2024-07-28T14:35:31","modified_gmt":"2024-07-28T18:35:31","slug":"grundsatze-fur-chatgruppen","status":"publish","type":"page","link":"https:\/\/internetaddictsanonymous.org\/de\/resources\/being-of-service-resources\/principles-for-chat-groups\/","title":{"rendered":"Grunds\u00e4tze f\u00fcr ITAA-Chatgruppen"},"content":{"rendered":"<p>Als Internets\u00fcchtige m\u00fcssen wir besonders darauf achten, wie wir die Technologie zur Unterst\u00fctzung unserer Genesung und unserer Treffen einsetzen. Beispielsweise waren Zoom und unsere Website wichtige Werkzeuge, mit denen unsere Gemeinschaft S\u00fcchtige erreichen konnte, die keinen Zugang zu pers\u00f6nlichen Treffen haben. Andere Technologien \u2013 Streaming-Plattformen, Social-Media-Feeds, Dating-Apps, Videospiele \u2013 haben in unserer Gemeinschaft dagegen eindeutig nichts zu suchen. Chatgruppen k\u00f6nnen irgendwo dazwischen liegen: Sie k\u00f6nnen n\u00fctzlich sein, um au\u00dferhalb von Treffen koordiniert zu bleiben, aber sie k\u00f6nnen auch ungesunde Suchttendenzen f\u00f6rdern. Der Zweck dieses Dokuments besteht darin, Grunds\u00e4tze vorzuschlagen, die ITAA-Chatgruppen dabei helfen sollen, sicherzustellen, dass sie unserem Hauptzweck dienen: die Botschaft an den zwanghaften Internet- und Technologienutzer weiterzugeben, der immer noch leidet.<\/p>\n\n\n\n<p>Generell empfehlen wir, dass ITAA-Chatgruppen die folgenden Grunds\u00e4tze befolgen:<\/p>\n\n\n\n<ol class=\"wp-block-list\">\n<li><strong>Geleitet von den Zw\u00f6lf Traditionen: <\/strong>Chatgruppen funktionieren oft gut, wenn sie mit einem individuellen ITAA-Treffen verbunden sind, das den Chat zum Nutzen seiner Mitglieder verwaltet und chatgruppenbezogene Themen in ihrem Gruppengewissen diskutieren kann. Wenn unsere Chatgruppe nicht mit einem bestimmten ITAA-Treffen verbunden ist, k\u00f6nnen wir regelm\u00e4\u00dfige Gruppengewissen abhalten (idealerweise \u00fcber Live-Diskussionen pers\u00f6nlich oder \u00fcber Zoom), vertrauensw\u00fcrdige Diener w\u00e4hlen und \u00fcben <a href=\"https:\/\/internetaddictsanonymous.org\/de\/12-schritte-der-itaa\/\">die Zw\u00f6lf Traditionen<\/a>, genau wie bei jedem anderen Meeting. Ansonsten wird die Chat-Gruppe ermutigt, <em>informell<\/em>, was bedeutet, dass der Name oder das Logo der ITAA nicht verwendet werden und die Mitglieder es bei Neulingen und anderen Mitgliedern der ITAA nicht bewerben sollten.<br><\/li>\n\n\n\n<li><strong>Ein klares Ziel: <\/strong>ITAA-Chatgruppen k\u00f6nnen von einem klaren Ziel profitieren, das mit dem Hauptziel unserer Gemeinschaft \u00fcbereinstimmt: <em>um die Botschaft an den zwanghaften Internet- und Technologienutzer zu \u00fcbermitteln, der immer noch leidet<\/em>. Beispiele f\u00fcr Zwecke k\u00f6nnten die Koordinierung von Vertrauensleuten f\u00fcr ein Treffen oder aufsuchende Anrufe sein. Offizielle ITAA-Chatgruppen eignen sich weniger gut als Foren f\u00fcr unstrukturierten Austausch, gegenseitigen Austausch oder informelle Diskussionen, die zu zwanghaftem Posten, \u00dcberpr\u00fcfen von Benachrichtigungen, parasozialen Verbindungen und zwischenmenschlichen Konflikten f\u00fchren k\u00f6nnen. Zwar sollte jede Gruppe den spezifischen Zweck ihres Chats selbst bestimmen, doch als Internet- und Technologies\u00fcchtige tun wir gut daran, Vorsicht walten zu lassen, wenn wir eine Social-Media-Plattform nutzen, um die Botschaft an Neuank\u00f6mmlinge weiterzugeben. Wir k\u00f6nnen uns vor Augen halten, dass S\u00fcchtige in Zw\u00f6lf-Schritte-Gemeinschaften seit fast 100 Jahren auch ohne Chat-Gruppen n\u00fcchtern geworden sind. Mit einer wachsenden Zahl von pers\u00f6nlichen Treffen, Hunderten von Online-Meetings und Tausenden von Mitgliedern, die f\u00fcr Outreach-Anrufe zur Verf\u00fcgung stehen, gibt es neben dem Chat viele bew\u00e4hrte Medien f\u00fcr Internet- und Technologies\u00fcchtige, die einen Weg suchen, sich auszutauschen.<br><\/li>\n\n\n\n<li><strong>Klar definierte Grenzen und Administratorrechte:<\/strong> Unsere Chatgruppen profitieren von schriftlichen Grenzen \u00fcber den Zweck der Gruppe und spezifischen Richtlinien f\u00fcr das Posten, und wir kommunizieren diese Richtlinien an Neulinge. Ein Beispiel f\u00fcr solche Grenzen finden Sie unten auf dieser Seite. Wir w\u00e4hlen vertrauensw\u00fcrdige Diener mit Amtszeitbeschr\u00e4nkungen, die eine Rotation der Dienste praktizieren und Ma\u00dfnahmen ergreifen k\u00f6nnen, um Grenzen aufrechtzuerhalten. Wir finden es m\u00f6glicherweise vorteilhaft, eine 3-Verst\u00f6\u00dfe-Regel f\u00fcr regelm\u00e4\u00dfige Verst\u00f6\u00dfe einzuf\u00fchren (Posten au\u00dferhalb der Gruppengrenzen, Berichte \u00fcber unerw\u00fcnschte Flirts usw.), wonach das Mitglied f\u00fcr einen Zeitraum von 3 bis 6 Monaten entfernt werden kann, bevor es eingeladen wird, wieder beizutreten, wenn es bereit ist, die Gruppengrenzen zu respektieren. Bei schwerwiegenden Verst\u00f6\u00dfen (gewaltt\u00e4tige Beleidigungen, sexuelle Nachrichten oder Bilder usw.) kann das Mitglied sofort vor\u00fcbergehend entfernt werden, bis in der Gruppengewissensebene besprochen wird, wie lange die Entfernung dauern soll, normalerweise zwischen 6 Monaten und auf unbestimmte Zeit. Die Entscheidung, ein Mitglied aus einer Gruppe zu entfernen, selbst f\u00fcr einen begrenzten Zeitraum, sollte sehr ernst genommen werden, und jede Entfernung sollte immer in der Gruppengewissensebene besprochen werden (idealerweise im Voraus). Weitere Anregungen zum Umgang mit herausforderndem Verhalten finden Sie in unserem <a href=\"https:\/\/internetaddictsanonymous.org\/de\/sicherheit-in-itaa\/\">Leitfaden zur Sicherheit in der ITAA<\/a>.<br><\/li>\n\n\n\n<li><strong>Chatgruppen sollten nicht die erste Anlaufstelle sein:<\/strong> Einige Meetings haben versucht, einen Link zu ihrer Chatgruppe online zu ver\u00f6ffentlichen, um es Neulingen zu erleichtern, Fragen zum Meeting zu stellen. Wir haben oft festgestellt, dass Neulinge, die noch nie bei einem Meeting waren oder mit einem anderen Mitglied gesprochen haben, m\u00f6glicherweise nicht das Bewusstsein oder die N\u00fcchternheit haben, um sichere Grenzen in der Gruppe oder gegen\u00fcber anderen Mitgliedern einzuhalten. Dar\u00fcber hinaus macht uns die \u00f6ffentliche Ver\u00f6ffentlichung des Links zu unserer Chatgruppe anf\u00e4llig f\u00fcr Spammer und Trolle. Meetings werden ermutigt, Kontakt-E-Mails und Telefonnummern f\u00fcr Neulinge bereitzustellen, die an einer Teilnahme interessiert sind, nicht Chatgruppen-Links. Wenn ein unbekanntes Mitglied die Teilnahme an einer Chatgruppe beantragt, ist es angebracht, zun\u00e4chst einige Fragen dazu zu stellen, wie es von der Chatgruppe erfahren hat, um schlechte Akteure herauszufiltern.<\/li>\n<\/ol>\n\n\n\n<p>Im Wesentlichen empfehlen diese Prinzipien, dass Chatgruppen gut strukturiert und in ihrem Umfang begrenzt sein und sich an unseren Zw\u00f6lf Traditionen orientieren sollten. Dies sind lediglich Empfehlungen und wir vertrauen darauf, dass Mitglieder und Gruppen ihren eigenen Weg durch den Prozess des Gruppenbewusstseins finden. Wir hoffen, dass diese Prinzipien uns als Gemeinschaft zu einer Beziehung mit Chatgruppen f\u00fchren k\u00f6nnen, die mehr S\u00fcchtigen auf der ganzen Welt helfen wird, eine stabile, sichere und gesch\u00fctzte Gemeinschaft f\u00fcr ihre Genesung zu finden.<\/p>\n\n\n\n<h2 class=\"wp-block-heading\"><strong>Beispiel f\u00fcr eine Beschreibung und Grenzen einer Chatgruppe:<\/strong><\/h2>\n\n\n\n<p>Der Zweck dieses Chats besteht darin, Outreach-Anrufe zwischen Mitgliedern der ITAA-Gruppe {Meeting name} zu erm\u00f6glichen. Sie k\u00f6nnen im Chat posten, wenn Sie einen Outreach-Anruf ben\u00f6tigen, und ein anderes Mitglied wird auf Ihre Nachricht antworten, wenn es verf\u00fcgbar ist, und Sie dann anrufen. Bitte beachten Sie die folgenden Grenzen:<\/p>\n\n\n\n<ul class=\"wp-block-list\">\n<li>Teilen Sie diese Gruppe nur mit anderen Mitgliedern der ITAA.<\/li>\n\n\n\n<li>Der Zweck dieser Gruppe besteht ausschlie\u00dflich darin, Kontaktanrufe von anderen Mitgliedern anzufordern. Bleiben Sie beim Thema und vermeiden Sie die Weitergabe irrelevanter Nachrichten. Wenn Sie etwas mitteilen m\u00fcssen, rufen Sie ein Mitglied an oder nehmen Sie an einem Meeting teil.<\/li>\n\n\n\n<li>Bewahren Sie die Anonymit\u00e4t anderer Mitglieder. Geben Sie niemals den Namen, die Telefonnummer oder die Identit\u00e4t eines anderen Mitglieds ohne dessen Erlaubnis weiter.&nbsp;<\/li>\n\n\n\n<li>Unterlassen Sie das Posten von Links, Videos, Memes, GIFs oder anderen externen Inhalten.<\/li>\n\n\n\n<li>Vermeiden Sie Werbung f\u00fcr professionelle Dienstleistungen, die Sie oder andere anbieten.<\/li>\n\n\n\n<li>Vermeiden Sie Spamming, Dumping oder Schimpfen. Denken Sie nach, bevor Sie etwas posten, und vermeiden Sie voreilige Antworten. Denken Sie daran, dass wir Internets\u00fcchtige auf dem Weg der Genesung sind und dass Ihre Nachrichten die psychische Gesundheit aller anderen Teilnehmer beeinflussen.<\/li>\n\n\n\n<li>Nutzen Sie die Gruppe niemals, um jemanden zu beschimpfen oder Ihren Unmut kundzutun. Sprechen Sie die betreffende Person privat und respektvoll an, idealerweise nachdem Sie zun\u00e4chst eine Bestandsaufnahme gemacht und mit Ihrem Sponsor dar\u00fcber gesprochen haben.<\/li>\n\n\n\n<li>Dies ist kein Ort, um Dating-Partner zu treffen. Vermeiden Sie Flirts jeglicher Art, einschlie\u00dflich unaufgeforderter Komplimente, frecher Witze oder den Versuch, mit einem Mitglied ins Gespr\u00e4ch zu kommen, das erkl\u00e4rt hat, nicht verf\u00fcgbar zu sein.<\/li>\n<\/ul>\n\n\n\n<p>Wir praktizieren eine 3-Strike-Policy, d. h. wenn Sie diese Grenzen dreimal \u00fcberschreiten, kann ein Administrator Sie f\u00fcr einen Zeitraum von 3-6 Monaten sperren. Andererseits sind die folgenden Verhaltensweisen Gr\u00fcnde f\u00fcr eine sofortige und m\u00f6glicherweise dauerhafte Sperre:<\/p>\n\n\n\n<ul class=\"wp-block-list\">\n<li>Gewaltt\u00e4tiges oder aggressives Verhalten, einschlie\u00dflich Beschimpfungen, Beleidigungen, Dem\u00fctigungen, Verspottungen oder Drohungen.&nbsp;<\/li>\n\n\n\n<li>Sexuelles Verhalten, einschlie\u00dflich sexueller Kommentare oder Aufforderungen gegen\u00fcber anderen Mitgliedern oder des Sendens sexueller Inhalte.<\/li>\n\n\n\n<li>Diskriminierung jeglicher Art, einschlie\u00dflich aufgrund von Rasse, Geschlecht, Geschlechtsidentit\u00e4t, Glaubensbekenntnis, Religion, sexueller Orientierung, K\u00f6rperbau, Behinderung oder Neurodiversit\u00e4t.<\/li>\n\n\n\n<li>Bel\u00e4stigung, Stalking oder anderes kriminelles Verhalten.<\/li>\n<\/ul>\n\n\n\n<p>Dieser Chat folgt den Zw\u00f6lf Traditionen und unterliegt dem Gruppengewissen unseres Treffens, das am ersten Treffen jedes Monats um 13:00 Uhr Ortszeit stattfindet.<\/p>\n<!-- PMB print buttons is only displayed on a single post\/page URLs-->","protected":false},"excerpt":{"rendered":"<p>Als Internets\u00fcchtige m\u00fcssen wir besonders darauf achten, wie wir die Technologie zur Unterst\u00fctzung unserer Genesung und unserer Treffen einsetzen. Beispielsweise waren Zoom und unsere Website wichtige Werkzeuge, mit denen unsere Gemeinschaft S\u00fcchtige erreichen konnte, die keinen Zugang zu pers\u00f6nlichen Treffen haben. Andere Technologien \u2013 Streaming-Plattformen, Social-Media-Feeds, Dating-Apps, Videospiele \u2013 haben dagegen offensichtlich keinen \u2026 <a href=\"https:\/\/internetaddictsanonymous.org\/de\/resources\/being-of-service-resources\/principles-for-chat-groups\/\" class=\"more-link\"><span class=\"screen-reader-text\">Grunds\u00e4tze f\u00fcr ITAA-Chatgruppen<\/span> weiterlesen<\/a><\/p>","protected":false},"author":35194237,"featured_media":0,"parent":18080,"menu_order":0,"comment_status":"closed","ping_status":"closed","template":"full-width-page.php","meta":{"inline_featured_image":false,"_lmt_disableupdate":"","_lmt_disable":"","footnotes":""},"tags":[],"class_list":["post-18148","page","type-page","status-publish","hentry"],"yoast_head":"<!-- This site is optimized with the Yoast SEO plugin v27.5 - https:\/\/yoast.com\/product\/yoast-seo-wordpress\/ -->\n<title>Principles for ITAA chat groups &#8211; Internet and Technology Addicts Anonymous<\/title>\n<meta name=\"robots\" content=\"index, follow, max-snippet:-1, max-image-preview:large, max-video-preview:-1\" \/>\n<link rel=\"canonical\" href=\"https:\/\/internetaddictsanonymous.org\/de\/ressourcen\/von-dienstressourcen\/grundsatze-fur-chatgruppen\/\" \/>\n<meta property=\"og:locale\" content=\"de_DE\" \/>\n<meta property=\"og:type\" content=\"article\" \/>\n<meta property=\"og:title\" content=\"Principles for ITAA chat groups &#8211; Internet and Technology Addicts Anonymous\" \/>\n<meta property=\"og:description\" content=\"As internet addicts, we need take special care how we use technology to support our recoveries and our meetings. For example, Zoom and our website have been essential tools to help our fellowship reach addicts who don\u2019t have access to in-person meetings. Meanwhile, other technologies\u2014streaming platforms, social media feeds, dating apps, video games\u2014clearly have no &hellip; Principles for ITAA chat groups weiterlesen\" \/>\n<meta property=\"og:url\" content=\"https:\/\/internetaddictsanonymous.org\/de\/ressourcen\/von-dienstressourcen\/grundsatze-fur-chatgruppen\/\" \/>\n<meta property=\"og:site_name\" content=\"Internet and Technology Addicts Anonymous\" \/>\n<meta property=\"article:modified_time\" content=\"2024-07-28T18:35:31+00:00\" \/>\n<meta name=\"twitter:card\" content=\"summary_large_image\" \/>\n<meta name=\"twitter:label1\" content=\"Gesch\u00e4tzte Lesezeit\" \/>\n\t<meta name=\"twitter:data1\" content=\"6\u00a0Minuten\" \/>\n<script type=\"application\/ld+json\" class=\"yoast-schema-graph\">{\"@context\":\"https:\\\/\\\/schema.org\",\"@graph\":[{\"@type\":\"WebPage\",\"@id\":\"https:\\\/\\\/internetaddictsanonymous.org\\\/resources\\\/being-of-service-resources\\\/principles-for-chat-groups\\\/\",\"url\":\"https:\\\/\\\/internetaddictsanonymous.org\\\/resources\\\/being-of-service-resources\\\/principles-for-chat-groups\\\/\",\"name\":\"Principles for ITAA chat groups &#8211; Internet and Technology Addicts Anonymous\",\"isPartOf\":{\"@id\":\"https:\\\/\\\/internetaddictsanonymous.org\\\/#website\"},\"datePublished\":\"2024-06-17T00:35:42+00:00\",\"dateModified\":\"2024-07-28T18:35:31+00:00\",\"breadcrumb\":{\"@id\":\"https:\\\/\\\/internetaddictsanonymous.org\\\/resources\\\/being-of-service-resources\\\/principles-for-chat-groups\\\/#breadcrumb\"},\"inLanguage\":\"de\",\"potentialAction\":[{\"@type\":\"ReadAction\",\"target\":[\"https:\\\/\\\/internetaddictsanonymous.org\\\/resources\\\/being-of-service-resources\\\/principles-for-chat-groups\\\/\"]}]},{\"@type\":\"BreadcrumbList\",\"@id\":\"https:\\\/\\\/internetaddictsanonymous.org\\\/resources\\\/being-of-service-resources\\\/principles-for-chat-groups\\\/#breadcrumb\",\"itemListElement\":[{\"@type\":\"ListItem\",\"position\":1,\"name\":\"Home\",\"item\":\"https:\\\/\\\/internetaddictsanonymous.org\\\/\"},{\"@type\":\"ListItem\",\"position\":2,\"name\":\"Resources\",\"item\":\"https:\\\/\\\/internetaddictsanonymous.org\\\/resources\\\/\"},{\"@type\":\"ListItem\",\"position\":3,\"name\":\"Being of service\",\"item\":\"https:\\\/\\\/internetaddictsanonymous.org\\\/resources\\\/being-of-service-resources\\\/\"},{\"@type\":\"ListItem\",\"position\":4,\"name\":\"Principles for ITAA chat groups\"}]},{\"@type\":\"WebSite\",\"@id\":\"https:\\\/\\\/internetaddictsanonymous.org\\\/#website\",\"url\":\"https:\\\/\\\/internetaddictsanonymous.org\\\/\",\"name\":\"Internet and Technology Addicts Anonymous\",\"description\":\"Worldwide 12-step Fellowship for Internet and Technology Addiction\",\"publisher\":{\"@id\":\"https:\\\/\\\/internetaddictsanonymous.org\\\/#organization\"},\"potentialAction\":[{\"@type\":\"SearchAction\",\"target\":{\"@type\":\"EntryPoint\",\"urlTemplate\":\"https:\\\/\\\/internetaddictsanonymous.org\\\/?s={search_term_string}\"},\"query-input\":{\"@type\":\"PropertyValueSpecification\",\"valueRequired\":true,\"valueName\":\"search_term_string\"}}],\"inLanguage\":\"de\"},{\"@type\":\"Organization\",\"@id\":\"https:\\\/\\\/internetaddictsanonymous.org\\\/#organization\",\"name\":\"Internet and Technology Addicts Anonymous\",\"url\":\"https:\\\/\\\/internetaddictsanonymous.org\\\/\",\"logo\":{\"@type\":\"ImageObject\",\"inLanguage\":\"de\",\"@id\":\"https:\\\/\\\/internetaddictsanonymous.org\\\/#\\\/schema\\\/logo\\\/image\\\/\",\"url\":\"https:\\\/\\\/internetaddictsanonymous.org\\\/wp-content\\\/uploads\\\/2023\\\/01\\\/cropped-ITAA-logo-480px.png\",\"contentUrl\":\"https:\\\/\\\/internetaddictsanonymous.org\\\/wp-content\\\/uploads\\\/2023\\\/01\\\/cropped-ITAA-logo-480px.png\",\"width\":480,\"height\":480,\"caption\":\"Internet and Technology Addicts Anonymous\"},\"image\":{\"@id\":\"https:\\\/\\\/internetaddictsanonymous.org\\\/#\\\/schema\\\/logo\\\/image\\\/\"}}]}<\/script>\n<!-- \/ Yoast SEO plugin. -->","yoast_head_json":{"title":"Grunds\u00e4tze f\u00fcr ITAA-Chatgruppen \u2013 Internet and Technology Addicts Anonymous","robots":{"index":"index","follow":"follow","max-snippet":"max-snippet:-1","max-image-preview":"max-image-preview:large","max-video-preview":"max-video-preview:-1"},"canonical":"https:\/\/internetaddictsanonymous.org\/de\/ressourcen\/von-dienstressourcen\/grundsatze-fur-chatgruppen\/","og_locale":"de_DE","og_type":"article","og_title":"Principles for ITAA chat groups &#8211; Internet and Technology Addicts Anonymous","og_description":"As internet addicts, we need take special care how we use technology to support our recoveries and our meetings. For example, Zoom and our website have been essential tools to help our fellowship reach addicts who don\u2019t have access to in-person meetings. Meanwhile, other technologies\u2014streaming platforms, social media feeds, dating apps, video games\u2014clearly have no &hellip; Principles for ITAA chat groups weiterlesen","og_url":"https:\/\/internetaddictsanonymous.org\/de\/ressourcen\/von-dienstressourcen\/grundsatze-fur-chatgruppen\/","og_site_name":"Internet and Technology Addicts Anonymous","article_modified_time":"2024-07-28T18:35:31+00:00","twitter_card":"summary_large_image","twitter_misc":{"Gesch\u00e4tzte Lesezeit":"6\u00a0Minuten"},"schema":{"@context":"https:\/\/schema.org","@graph":[{"@type":"WebPage","@id":"https:\/\/internetaddictsanonymous.org\/resources\/being-of-service-resources\/principles-for-chat-groups\/","url":"https:\/\/internetaddictsanonymous.org\/resources\/being-of-service-resources\/principles-for-chat-groups\/","name":"Grunds\u00e4tze f\u00fcr ITAA-Chatgruppen \u2013 Internet and Technology Addicts Anonymous","isPartOf":{"@id":"https:\/\/internetaddictsanonymous.org\/#website"},"datePublished":"2024-06-17T00:35:42+00:00","dateModified":"2024-07-28T18:35:31+00:00","breadcrumb":{"@id":"https:\/\/internetaddictsanonymous.org\/resources\/being-of-service-resources\/principles-for-chat-groups\/#breadcrumb"},"inLanguage":"de","potentialAction":[{"@type":"ReadAction","target":["https:\/\/internetaddictsanonymous.org\/resources\/being-of-service-resources\/principles-for-chat-groups\/"]}]},{"@type":"BreadcrumbList","@id":"https:\/\/internetaddictsanonymous.org\/resources\/being-of-service-resources\/principles-for-chat-groups\/#breadcrumb","itemListElement":[{"@type":"ListItem","position":1,"name":"Home","item":"https:\/\/internetaddictsanonymous.org\/"},{"@type":"ListItem","position":2,"name":"Resources","item":"https:\/\/internetaddictsanonymous.org\/resources\/"},{"@type":"ListItem","position":3,"name":"Being of service","item":"https:\/\/internetaddictsanonymous.org\/resources\/being-of-service-resources\/"},{"@type":"ListItem","position":4,"name":"Principles for ITAA chat groups"}]},{"@type":"WebSite","@id":"https:\/\/internetaddictsanonymous.org\/#website","url":"https:\/\/internetaddictsanonymous.org\/","name":"Die anonymen Internet- und Technologies\u00fcchtigen","description":"Weltweite 12-Schritte-Gemeinschaft f\u00fcr Internet- und Techniksucht","publisher":{"@id":"https:\/\/internetaddictsanonymous.org\/#organization"},"potentialAction":[{"@type":"SearchAction","target":{"@type":"EntryPoint","urlTemplate":"https:\/\/internetaddictsanonymous.org\/?s={search_term_string}"},"query-input":{"@type":"PropertyValueSpecification","valueRequired":true,"valueName":"search_term_string"}}],"inLanguage":"de"},{"@type":"Organization","@id":"https:\/\/internetaddictsanonymous.org\/#organization","name":"Die anonymen Internet- und Technologies\u00fcchtigen","url":"https:\/\/internetaddictsanonymous.org\/","logo":{"@type":"ImageObject","inLanguage":"de","@id":"https:\/\/internetaddictsanonymous.org\/#\/schema\/logo\/image\/","url":"https:\/\/internetaddictsanonymous.org\/wp-content\/uploads\/2023\/01\/cropped-ITAA-logo-480px.png","contentUrl":"https:\/\/internetaddictsanonymous.org\/wp-content\/uploads\/2023\/01\/cropped-ITAA-logo-480px.png","width":480,"height":480,"caption":"Internet and Technology Addicts Anonymous"},"image":{"@id":"https:\/\/internetaddictsanonymous.org\/#\/schema\/logo\/image\/"}}]}},"jetpack_sharing_enabled":true,"jetpack_shortlink":"https:\/\/wp.me\/P9Fwob-4II","_links":{"self":[{"href":"https:\/\/internetaddictsanonymous.org\/de\/wp-json\/wp\/v2\/pages\/18148","targetHints":{"allow":["GET"]}}],"collection":[{"href":"https:\/\/internetaddictsanonymous.org\/de\/wp-json\/wp\/v2\/pages"}],"about":[{"href":"https:\/\/internetaddictsanonymous.org\/de\/wp-json\/wp\/v2\/types\/page"}],"author":[{"embeddable":true,"href":"https:\/\/internetaddictsanonymous.org\/de\/wp-json\/wp\/v2\/users\/35194237"}],"replies":[{"embeddable":true,"href":"https:\/\/internetaddictsanonymous.org\/de\/wp-json\/wp\/v2\/comments?post=18148"}],"version-history":[{"count":3,"href":"https:\/\/internetaddictsanonymous.org\/de\/wp-json\/wp\/v2\/pages\/18148\/revisions"}],"predecessor-version":[{"id":18354,"href":"https:\/\/internetaddictsanonymous.org\/de\/wp-json\/wp\/v2\/pages\/18148\/revisions\/18354"}],"up":[{"embeddable":true,"href":"https:\/\/internetaddictsanonymous.org\/de\/wp-json\/wp\/v2\/pages\/18080"}],"wp:attachment":[{"href":"https:\/\/internetaddictsanonymous.org\/de\/wp-json\/wp\/v2\/media?parent=18148"}],"wp:term":[{"taxonomy":"post_tag","embeddable":true,"href":"https:\/\/internetaddictsanonymous.org\/de\/wp-json\/wp\/v2\/tags?post=18148"}],"curies":[{"name":"wp","href":"https:\/\/api.w.org\/{rel}","templated":true}]}}