{"id":18513,"date":"2024-08-20T16:29:56","date_gmt":"2024-08-20T23:29:56","guid":{"rendered":"https:\/\/internetaddictsanonymous.org\/?page_id=18513"},"modified":"2026-02-11T19:46:47","modified_gmt":"2026-02-12T03:46:47","slug":"itaa-in-toronto-kanada","status":"publish","type":"page","link":"https:\/\/internetaddictsanonymous.org\/de\/in-person-meetings\/canada-toronto\/","title":{"rendered":"ITAA in Toronto, Kanada"},"content":{"rendered":"<p>Willkommen bei Internet and Technology Addicts Anonymous! Wir freuen uns, dass Sie uns gefunden haben, und hoffen, dass unsere Gemeinschaft f\u00fcr Sie genauso hilfreich sein kann wie f\u00fcr uns.<strong> <mark style=\"background-color:rgba(0, 0, 0, 0)\" class=\"has-inline-color has-dark-gray-color\">ITAA ist eine Zw\u00f6lf-Schritte-Gemeinschaft von Menschen, die sich gegenseitig bei der Genesung von der Internet- und Technologiesucht unterst\u00fctzen.<\/mark><\/strong> Dazu geh\u00f6rt die Sucht nach sozialen Medien, Smartphones, Video- oder Audio-Streaming-Inhalten, Spielen, Nachrichten, Pornografie, Dating-Apps, Online-Recherche, Online-Shopping oder anderen digitalen Aktivit\u00e4ten, die zwanghaft und problematisch werden.&nbsp;<\/p>\n\n\n\n<h3 class=\"wp-block-heading\">Tagungen in Toronto, Kanada<\/h3>\n\n\n\n<p>Wann: Montagabends von 19:00 bis 20:00 Uhr\u00a0<br>Ort: Trinity-St. Paul&#039;s Gemeindezentrum, 427 Bloor Street West, im Circles Room<br>Barrierefreiheit: Der Circles Room befindet sich im Erdgeschoss und ist barrierefrei zug\u00e4nglich. Bitte benutzen Sie f\u00fcr den barrierefreien Zugang den Haupteingang an der Bloor Street auf der Nordseite des Geb\u00e4udes.\u00a0<br>Hinweis: Gelegentlich steht der Circles Room nicht zur Verf\u00fcgung, und wir veranstalten das Treffen in einem anderen Raum. Achten Sie auf die ITAA-Beschilderung oder fragen Sie an der Rezeption nach, in welchem Raum wir uns befinden.<br>\u00d6ffentliche Verkehrsmittel: Die n\u00e4chstgelegene TTC-Station ist die Spadina Station.<br>Parken: Geb\u00fchrenpflichtige Parkpl\u00e4tze, einschlie\u00dflich Behindertenparkpl\u00e4tze, stehen gegen\u00fcber auf der Robert Street auf dem Parkplatz Green P an der S\u00fcdseite des Metro-Supermarkts zur Verf\u00fcgung.<\/p>\n\n\n\n<p>Kontakt:<br>Ben +01&nbsp;<a href=\"tel:(647)%20779-6237\" target=\"_blank\" rel=\"noreferrer noopener\">(647) 779-6237<\/a>&nbsp;<br><a href=\"mailto:TorontoITAAmeeting@gmail.com\" target=\"_blank\" rel=\"noreferrer noopener\">TorontoITAAmeeting@gmail.com<\/a>&nbsp;<\/p>\n\n\n\n<p>Kurzes Update:<\/p>\n\n\n\n<p>An den folgenden Terminen treffen wir uns unten im Gartenzimmer (bitte fragen Sie die Mitarbeiter an der Rezeption nach dem Weg):<br>26. Januar<br>23. Februar<br>2. M\u00e4rz<br>23. M\u00e4rz<br>30. M\u00e4rz<br>27. April<br>11. Mai<br>25. Mai<br>29. Juni<\/p>\n\n\n\n<p>Wichtiger Hinweis: An den folgenden Tagen findet aufgrund von Feiertagsschlie\u00dfungen KEIN Treffen statt.\u00a0<br>\u2013 16. Februar (Familientag)<br>\u2013 18. Mai (Victoria-Tag)\u00a0<\/p>\n\n\n\n<p>Zus\u00e4tzliche Informationen:<br>\u2022 Neulinge sind herzlich willkommen \u2013 au\u00dfer bei Fragen brauchen Sie vor Ihrer Ankunft niemanden zu kontaktieren, Sie k\u00f6nnen einfach vorbeikommen! \ud83d\ude42&nbsp;<br>\u2022 Obwohl wir uns in einer Kirche treffen, m\u00f6chten wir betonen, dass ITAA keiner Religion angeh\u00f6rt. Unsere Gemeinschaft respektiert uneingeschr\u00e4nkt die Freiheit jedes Mitglieds, sich mit jeder Glaubenstradition oder auch ohne Glaubenstradition auseinanderzusetzen, die f\u00fcr den individuellen Genesungsweg am hilfreichsten ist.<br>Dieses Treffen richtet sich an Internet- und Technologiebegeisterte sowie an alle, die sich fragen, ob sie m\u00f6glicherweise ein Problem haben. Neue Teilnehmer sind herzlich willkommen.&nbsp;<br>Dieses Treffen ist nicht f\u00fcr Forscher, Journalisten oder Angeh\u00f6rige von Internet- und Technologieabh\u00e4ngigen bestimmt. Sollten Sie einer dieser Gruppen angeh\u00f6ren, besuchen Sie bitte ein offenes Treffen (lila gekennzeichnet auf [Link einf\u00fcgen]).<a href=\"https:\/\/internetaddictsanonymous.org\/de\/online-meetings\/\"> Online-Meetingplan der ITAA<\/a>) oder Informationen erkunden und r<a href=\"https:\/\/internetaddictsanonymous.org\/de\/fur-familie-und-freunde\/\">Hilfsangebote f\u00fcr Angeh\u00f6rige und Freunde von Suchtkranken.<\/a><\/p>\n\n\n\n<p><\/p>\n\n\n\n<h3 class=\"wp-block-heading\">Zus\u00e4tzliche Treffen<\/h3>\n\n\n\n<p>Wenn Sie neu sind, m\u00f6chten wir Sie ermutigen, innerhalb eines kurzen Zeitraums sechs Treffen zu besuchen, um zu sehen, ob unser Programm f\u00fcr Sie hilfreich sein k\u00f6nnte. Zus\u00e4tzlich zu unseren pers\u00f6nlichen Treffen vor Ort k\u00f6nnen Sie sich auch unsere <a href=\"https:\/\/internetaddictsanonymous.org\/de\/lokale-internet-sucht-treffen\/\">andere pers\u00f6nliche Treffen<\/a> und eine <a href=\"https:\/\/internetaddictsanonymous.org\/de\/online-meetings\/\">vollst\u00e4ndiger Zeitplan der Online-Sitzungen<\/a>. Alle Treffen sind v\u00f6llig kostenlos und anonym.<\/p>\n\n\n\n<h3 class=\"wp-block-heading\"><strong>Wie funktionieren Meetings?<\/strong><\/h3>\n\n\n\n<p>Wenn Sie zum ersten Mal an einer Sitzung teilnehmen, brauchen Sie nicht nerv\u00f6s zu sein. Die meisten unserer Sitzungen sind sehr einfach; jede Sitzung hat einen Vorsitzenden, der die Sitzung leitet, und die meisten Sitzungen dauern eine Stunde. Der Vorsitzende und andere Freiwillige lesen einige einleitende Erkl\u00e4rungen vor, bevor wir die Sitzung f\u00fcr die Mitglieder \u00f6ffnen, damit sie sich austauschen k\u00f6nnen. Es gibt keine Verpflichtung, etwas zu sagen, und es ist in Ordnung, einfach nur zuzuh\u00f6ren. Sie k\u00f6nnen erz\u00e4hlen, wie es Ihnen geht, sich vorstellen und was Sie zur ITAA gebracht hat, oder Fragen stellen. Wenn es nicht von dem Mitglied, das sich mitteilt, gew\u00fcnscht wird, machen wir keine Vorschl\u00e4ge oder Kommentare als Antwort auf die Beitr\u00e4ge der anderen; wir h\u00f6ren einfach zu, ohne zu urteilen. Am Ende der Stunde endet das Treffen mit einigen abschlie\u00dfenden Erkl\u00e4rungen, nach denen sich die Mitglieder normalerweise zwanglos unterhalten, Fragen stellen und Kontaktinformationen austauschen.<\/p>\n\n\n\n<h3 class=\"wp-block-heading\">Ressourcen zur Internet- und Technologiesucht<\/h3>\n\n\n\n<p>Wenn Sie sich fragen, ob Sie m\u00f6glicherweise internet- und technologieabh\u00e4ngig sind, k\u00f6nnen Sie sich unsere Frageb\u00f6gen ansehen f\u00fcr <a href=\"https:\/\/internetaddictsanonymous.org\/de\/internet-und-technologieabhangigkeit\/\">Internetabh\u00e4ngigkeit<\/a>, <a href=\"https:\/\/internetaddictsanonymous.org\/de\/internet-und-technologieabhangigkeit\/social-media-sucht\/\">Social-Media-Sucht<\/a>, <a href=\"https:\/\/internetaddictsanonymous.org\/de\/internetabhangigkeit\/streaming-sucht\/\">Streaming-Sucht<\/a>, <a href=\"https:\/\/internetaddictsanonymous.org\/de\/internet-und-technologieabhangigkeit\/telefonabhangigkeit\/\">Telefonabh\u00e4ngigkeit<\/a>, oder <a href=\"https:\/\/internetaddictsanonymous.org\/de\/internet-und-technologieabhangigkeit\/videospielsucht\/\">Videospielsucht<\/a>. Sie k\u00f6nnen auch mehr \u00fcber ITAA erfahren, indem Sie unsere&nbsp;<a href=\"https:\/\/internetaddictsanonymous.org\/de\/leitfaden-fur-neue\/\">Leitfaden f\u00fcr Neue<\/a>, die \u00dcberpr\u00fcfung unserer <a href=\"https:\/\/internetaddictsanonymous.org\/de\/ressourcen\/instrumente-zur-wiederherstellung\/\">Instrumente zur Wiederherstellung<\/a>oder das H\u00f6ren von <a href=\"https:\/\/internetaddictsanonymous.org\/de\/genesungsgeschichten\/\">Genesungsgeschichten von Mitgliedern<\/a>.<\/p>\n\n\n\n<p>Die ITAA ist weder an eine politische Agenda noch an eine Religion oder an externe Interessen gebunden. Wir sind v\u00f6llig selbsttragend und kostenlos f\u00fcr alle, die es brauchen. Unser einziges Ziel ist es, vom zwanghaften Internet- und Technologiegebrauch Abstand zu nehmen und anderen zu helfen, sich von dieser Sucht zu befreien.<\/p>\n\n\n\n<p>Nochmals herzlich willkommen! Wir hoffen, dass diese Gemeinschaft Ihnen die Unterst\u00fctzung bieten kann, die Sie f\u00fcr Ihre Genesung von der Internet- und Technologiesucht ben\u00f6tigen. Bitte z\u00f6gern Sie nicht, sich an uns zu wenden, wenn Sie irgendwelche Fragen haben.<\/p>\n<!-- PMB print buttons is only displayed on a single post\/page URLs-->","protected":false},"excerpt":{"rendered":"<p>Willkommen bei Internet and Technology Addicts Anonymous! Wir freuen uns, dass Sie uns gefunden haben, und hoffen, dass unsere Gemeinschaft f\u00fcr Sie genauso hilfreich sein kann wie f\u00fcr uns. ITAA ist eine Zw\u00f6lf-Schritte-Gemeinschaft von Menschen, die sich gegenseitig bei der Genesung von der Internet- und Technologiesucht unterst\u00fctzen. Dazu geh\u00f6rt die Sucht nach sozialen Medien, Smartphones, Streaming ... <a href=\"https:\/\/internetaddictsanonymous.org\/de\/in-person-meetings\/canada-toronto\/\" class=\"more-link\"><span class=\"screen-reader-text\">ITAA in Toronto, Kanada<\/span> weiterlesen<\/a><\/p>","protected":false},"author":35194283,"featured_media":0,"parent":148,"menu_order":0,"comment_status":"closed","ping_status":"closed","template":"full-width-page.php","meta":{"inline_featured_image":false,"_lmt_disableupdate":"","_lmt_disable":"","jetpack_post_was_ever_published":false,"footnotes":""},"tags":[],"class_list":["post-18513","page","type-page","status-publish","hentry"],"yoast_head":"<!-- This site is optimized with the Yoast SEO plugin v27.3 - https:\/\/yoast.com\/product\/yoast-seo-wordpress\/ -->\n<title>ITAA in Toronto, Canada &#8211; Internet and Technology Addicts Anonymous<\/title>\n<meta name=\"description\" content=\"There is interest in starting an in-person meeting in Toronto, Canada. If you are interested in attending, please reach out to the contact.\" \/>\n<meta name=\"robots\" content=\"index, follow, max-snippet:-1, max-image-preview:large, max-video-preview:-1\" \/>\n<link rel=\"canonical\" href=\"https:\/\/internetaddictsanonymous.org\/de\/lokale-internet-sucht-treffen\/itaa-in-toronto-kanada\/\" \/>\n<meta property=\"og:locale\" content=\"de_DE\" \/>\n<meta property=\"og:type\" content=\"article\" \/>\n<meta property=\"og:title\" content=\"ITAA in Toronto, Canada &#8211; Internet and Technology Addicts Anonymous\" \/>\n<meta property=\"og:description\" content=\"There is interest in starting an in-person meeting in Toronto, Canada. If you are interested in attending, please reach out to the contact.\" \/>\n<meta property=\"og:url\" content=\"https:\/\/internetaddictsanonymous.org\/de\/lokale-internet-sucht-treffen\/itaa-in-toronto-kanada\/\" \/>\n<meta property=\"og:site_name\" content=\"Internet and Technology Addicts Anonymous\" \/>\n<meta property=\"article:modified_time\" content=\"2026-02-12T03:46:47+00:00\" \/>\n<meta name=\"twitter:card\" content=\"summary_large_image\" \/>\n<meta name=\"twitter:label1\" content=\"Gesch\u00e4tzte Lesezeit\" \/>\n\t<meta name=\"twitter:data1\" content=\"4\u00a0Minuten\" \/>\n<script type=\"application\/ld+json\" class=\"yoast-schema-graph\">{\"@context\":\"https:\\\/\\\/schema.org\",\"@graph\":[{\"@type\":\"WebPage\",\"@id\":\"https:\\\/\\\/internetaddictsanonymous.org\\\/in-person-meetings\\\/canada-toronto\\\/\",\"url\":\"https:\\\/\\\/internetaddictsanonymous.org\\\/in-person-meetings\\\/canada-toronto\\\/\",\"name\":\"ITAA in Toronto, Canada &#8211; Internet and Technology Addicts Anonymous\",\"isPartOf\":{\"@id\":\"https:\\\/\\\/internetaddictsanonymous.org\\\/#website\"},\"datePublished\":\"2024-08-20T23:29:56+00:00\",\"dateModified\":\"2026-02-12T03:46:47+00:00\",\"description\":\"There is interest in starting an in-person meeting in Toronto, Canada. If you are interested in attending, please reach out to the contact.\",\"breadcrumb\":{\"@id\":\"https:\\\/\\\/internetaddictsanonymous.org\\\/in-person-meetings\\\/canada-toronto\\\/#breadcrumb\"},\"inLanguage\":\"de\",\"potentialAction\":[{\"@type\":\"ReadAction\",\"target\":[\"https:\\\/\\\/internetaddictsanonymous.org\\\/in-person-meetings\\\/canada-toronto\\\/\"]}]},{\"@type\":\"BreadcrumbList\",\"@id\":\"https:\\\/\\\/internetaddictsanonymous.org\\\/in-person-meetings\\\/canada-toronto\\\/#breadcrumb\",\"itemListElement\":[{\"@type\":\"ListItem\",\"position\":1,\"name\":\"Home\",\"item\":\"https:\\\/\\\/internetaddictsanonymous.org\\\/\"},{\"@type\":\"ListItem\",\"position\":2,\"name\":\"In-Person Meetings\",\"item\":\"https:\\\/\\\/internetaddictsanonymous.org\\\/in-person-meetings\\\/\"},{\"@type\":\"ListItem\",\"position\":3,\"name\":\"ITAA in Toronto, Canada\"}]},{\"@type\":\"WebSite\",\"@id\":\"https:\\\/\\\/internetaddictsanonymous.org\\\/#website\",\"url\":\"https:\\\/\\\/internetaddictsanonymous.org\\\/\",\"name\":\"Internet and Technology Addicts Anonymous\",\"description\":\"Worldwide 12-step Fellowship for Internet and Technology Addiction\",\"publisher\":{\"@id\":\"https:\\\/\\\/internetaddictsanonymous.org\\\/#organization\"},\"potentialAction\":[{\"@type\":\"SearchAction\",\"target\":{\"@type\":\"EntryPoint\",\"urlTemplate\":\"https:\\\/\\\/internetaddictsanonymous.org\\\/?s={search_term_string}\"},\"query-input\":{\"@type\":\"PropertyValueSpecification\",\"valueRequired\":true,\"valueName\":\"search_term_string\"}}],\"inLanguage\":\"de\"},{\"@type\":\"Organization\",\"@id\":\"https:\\\/\\\/internetaddictsanonymous.org\\\/#organization\",\"name\":\"Internet and Technology Addicts Anonymous\",\"url\":\"https:\\\/\\\/internetaddictsanonymous.org\\\/\",\"logo\":{\"@type\":\"ImageObject\",\"inLanguage\":\"de\",\"@id\":\"https:\\\/\\\/internetaddictsanonymous.org\\\/#\\\/schema\\\/logo\\\/image\\\/\",\"url\":\"https:\\\/\\\/internetaddictsanonymous.org\\\/wp-content\\\/uploads\\\/2023\\\/01\\\/cropped-ITAA-logo-480px.png\",\"contentUrl\":\"https:\\\/\\\/internetaddictsanonymous.org\\\/wp-content\\\/uploads\\\/2023\\\/01\\\/cropped-ITAA-logo-480px.png\",\"width\":480,\"height\":480,\"caption\":\"Internet and Technology Addicts Anonymous\"},\"image\":{\"@id\":\"https:\\\/\\\/internetaddictsanonymous.org\\\/#\\\/schema\\\/logo\\\/image\\\/\"}}]}<\/script>\n<!-- \/ Yoast SEO plugin. -->","yoast_head_json":{"title":"ITAA in Toronto, Kanada - Anonyme Internet- und Technologies\u00fcchtige","description":"Es besteht Interesse an einem Pr\u00e4senztreffen in Toronto, Kanada. Bei Interesse an einer Teilnahme wenden Sie sich bitte an die angegebene Kontaktperson.","robots":{"index":"index","follow":"follow","max-snippet":"max-snippet:-1","max-image-preview":"max-image-preview:large","max-video-preview":"max-video-preview:-1"},"canonical":"https:\/\/internetaddictsanonymous.org\/de\/lokale-internet-sucht-treffen\/itaa-in-toronto-kanada\/","og_locale":"de_DE","og_type":"article","og_title":"ITAA in Toronto, Canada &#8211; Internet and Technology Addicts Anonymous","og_description":"There is interest in starting an in-person meeting in Toronto, Canada. If you are interested in attending, please reach out to the contact.","og_url":"https:\/\/internetaddictsanonymous.org\/de\/lokale-internet-sucht-treffen\/itaa-in-toronto-kanada\/","og_site_name":"Internet and Technology Addicts Anonymous","article_modified_time":"2026-02-12T03:46:47+00:00","twitter_card":"summary_large_image","twitter_misc":{"Gesch\u00e4tzte Lesezeit":"4\u00a0Minuten"},"schema":{"@context":"https:\/\/schema.org","@graph":[{"@type":"WebPage","@id":"https:\/\/internetaddictsanonymous.org\/in-person-meetings\/canada-toronto\/","url":"https:\/\/internetaddictsanonymous.org\/in-person-meetings\/canada-toronto\/","name":"ITAA in Toronto, Kanada - Anonyme Internet- und Technologies\u00fcchtige","isPartOf":{"@id":"https:\/\/internetaddictsanonymous.org\/#website"},"datePublished":"2024-08-20T23:29:56+00:00","dateModified":"2026-02-12T03:46:47+00:00","description":"Es besteht Interesse an einem Pr\u00e4senztreffen in Toronto, Kanada. Bei Interesse an einer Teilnahme wenden Sie sich bitte an die angegebene Kontaktperson.","breadcrumb":{"@id":"https:\/\/internetaddictsanonymous.org\/in-person-meetings\/canada-toronto\/#breadcrumb"},"inLanguage":"de","potentialAction":[{"@type":"ReadAction","target":["https:\/\/internetaddictsanonymous.org\/in-person-meetings\/canada-toronto\/"]}]},{"@type":"BreadcrumbList","@id":"https:\/\/internetaddictsanonymous.org\/in-person-meetings\/canada-toronto\/#breadcrumb","itemListElement":[{"@type":"ListItem","position":1,"name":"Home","item":"https:\/\/internetaddictsanonymous.org\/"},{"@type":"ListItem","position":2,"name":"In-Person Meetings","item":"https:\/\/internetaddictsanonymous.org\/in-person-meetings\/"},{"@type":"ListItem","position":3,"name":"ITAA in Toronto, Canada"}]},{"@type":"WebSite","@id":"https:\/\/internetaddictsanonymous.org\/#website","url":"https:\/\/internetaddictsanonymous.org\/","name":"Die anonymen Internet- und Technologies\u00fcchtigen","description":"Weltweite 12-Schritte-Gemeinschaft f\u00fcr Internet- und Techniksucht","publisher":{"@id":"https:\/\/internetaddictsanonymous.org\/#organization"},"potentialAction":[{"@type":"SearchAction","target":{"@type":"EntryPoint","urlTemplate":"https:\/\/internetaddictsanonymous.org\/?s={search_term_string}"},"query-input":{"@type":"PropertyValueSpecification","valueRequired":true,"valueName":"search_term_string"}}],"inLanguage":"de"},{"@type":"Organization","@id":"https:\/\/internetaddictsanonymous.org\/#organization","name":"Die anonymen Internet- und Technologies\u00fcchtigen","url":"https:\/\/internetaddictsanonymous.org\/","logo":{"@type":"ImageObject","inLanguage":"de","@id":"https:\/\/internetaddictsanonymous.org\/#\/schema\/logo\/image\/","url":"https:\/\/internetaddictsanonymous.org\/wp-content\/uploads\/2023\/01\/cropped-ITAA-logo-480px.png","contentUrl":"https:\/\/internetaddictsanonymous.org\/wp-content\/uploads\/2023\/01\/cropped-ITAA-logo-480px.png","width":480,"height":480,"caption":"Internet and Technology Addicts Anonymous"},"image":{"@id":"https:\/\/internetaddictsanonymous.org\/#\/schema\/logo\/image\/"}}]}},"jetpack_sharing_enabled":true,"jetpack_shortlink":"https:\/\/wp.me\/P9Fwob-4OB","_links":{"self":[{"href":"https:\/\/internetaddictsanonymous.org\/de\/wp-json\/wp\/v2\/pages\/18513","targetHints":{"allow":["GET"]}}],"collection":[{"href":"https:\/\/internetaddictsanonymous.org\/de\/wp-json\/wp\/v2\/pages"}],"about":[{"href":"https:\/\/internetaddictsanonymous.org\/de\/wp-json\/wp\/v2\/types\/page"}],"author":[{"embeddable":true,"href":"https:\/\/internetaddictsanonymous.org\/de\/wp-json\/wp\/v2\/users\/35194283"}],"replies":[{"embeddable":true,"href":"https:\/\/internetaddictsanonymous.org\/de\/wp-json\/wp\/v2\/comments?post=18513"}],"version-history":[{"count":21,"href":"https:\/\/internetaddictsanonymous.org\/de\/wp-json\/wp\/v2\/pages\/18513\/revisions"}],"predecessor-version":[{"id":21019,"href":"https:\/\/internetaddictsanonymous.org\/de\/wp-json\/wp\/v2\/pages\/18513\/revisions\/21019"}],"up":[{"embeddable":true,"href":"https:\/\/internetaddictsanonymous.org\/de\/wp-json\/wp\/v2\/pages\/148"}],"wp:attachment":[{"href":"https:\/\/internetaddictsanonymous.org\/de\/wp-json\/wp\/v2\/media?parent=18513"}],"wp:term":[{"taxonomy":"post_tag","embeddable":true,"href":"https:\/\/internetaddictsanonymous.org\/de\/wp-json\/wp\/v2\/tags?post=18513"}],"curies":[{"name":"wp","href":"https:\/\/api.w.org\/{rel}","templated":true}]}}