{"id":19209,"date":"2025-01-18T23:45:48","date_gmt":"2025-01-19T07:45:48","guid":{"rendered":"https:\/\/internetaddictsanonymous.org\/?page_id=19209"},"modified":"2026-01-23T06:48:40","modified_gmt":"2026-01-23T14:48:40","slug":"australien-melbourne","status":"publish","type":"page","link":"https:\/\/internetaddictsanonymous.org\/de\/in-person-meetings\/australia-melbourne\/","title":{"rendered":"ITAA in Melbourne, Australien"},"content":{"rendered":"<p>Willkommen bei Internet and Technology Addicts Anonymous! Wir freuen uns, dass Sie uns gefunden haben, und hoffen, dass unsere Gemeinschaft f\u00fcr Sie genauso hilfreich sein kann wie f\u00fcr uns.&nbsp;<strong>ITAA ist eine Zw\u00f6lf-Schritte-Gemeinschaft von Menschen, die sich gegenseitig bei der Genesung von der Internet- und Technologiesucht unterst\u00fctzen.<\/strong>&nbsp;Dazu geh\u00f6rt die Sucht nach sozialen Medien, Smartphones, Video- oder Audio-Streaming-Inhalten, Spielen, Nachrichten, Pornografie, Dating-Apps, Online-Recherche, Online-Shopping oder anderen digitalen Aktivit\u00e4ten, die zwanghaft und problematisch werden.&nbsp;<\/p>\n\n\n\n<h3 class=\"wp-block-heading\">Treffen in Carnegie<\/h3>\n\n\n\n<p>Wann: Mittwoch, 19:00 Uhr<br>Ort: Das Treffen findet voraussichtlich in der Carnegie Library, 7 Shepparson Ave, Carnegie VIC 3163, Australien, statt. \u00c4nderungen sind jedoch vorbehalten. Bitte kontaktieren Sie den Gastgeber unter misgaber96@gmail.com. Das Treffen findet im Besprechungsraum der Carnegie Library statt, der sich in der hinteren linken Ecke der Bibliothek befindet. Falls Sie sich verlaufen, fragen Sie einfach an der Rezeption nach dem Weg.<\/p>\n\n\n\n<p>Eine pers\u00f6nliche, allgemeine Diskussionsrunde im direkten Gespr\u00e4ch, die nach dem allgemeinen ITAA-Format strukturiert ist.<br><br>Kontakt: Meir unter misgaber96@gmail.com<\/p>\n\n\n\n<h2 data-wp-context---core-fit-text=\"core\/fit-text::{&quot;fontSize&quot;:&quot;&quot;}\" data-wp-init---core-fit-text=\"core\/fit-text::callbacks.init\" data-wp-interactive data-wp-style--font-size=\"core\/fit-text::context.fontSize\" class=\"wp-block-heading has-fit-text\"><strong>Wichtige Aktualisierung: <\/strong>Donnerstag Online-Hybridtreffen der ITAA Australia<\/h2>\n\n\n\n<p>Die Pr\u00e4senzveranstaltung der ITAA Australia am Donnerstag verzeichnete in letzter Zeit einen R\u00fcckgang der Teilnehmerzahlen, und der Pr\u00e4senzteil fand seit mehreren Wochen nicht mehr statt. Infolgedessen ist auch der Online-Teil der Veranstaltung betroffen.<\/p>\n\n\n\n<p>Diese Treffzeit dient Mitgliedern aus ganz <strong>Australien, Asien und Europa<\/strong>, und wir m\u00f6chten es nach M\u00f6glichkeit nicht verlieren.<\/p>\n\n\n\n<p>Ein <strong>Online-Gruppenbewusstsein (GC)<\/strong> findet statt am <strong>Donnerstag, 8. Januar<\/strong> Zu:<\/p>\n\n\n\n<ul class=\"wp-block-list\">\n<li>Entscheiden Sie, ob diese Sitzung fortgesetzt wird als <strong>nur online<\/strong> oder zur R\u00fcckkehr zu einem Hybridformat<\/li>\n\n\n\n<li>Suchen <strong>Freiwilligenarbeit<\/strong> um die Durchf\u00fchrung des Treffens zu unterst\u00fctzen<\/li>\n<\/ul>\n\n\n\n<p>Wir freuen uns, Ihnen mitteilen zu k\u00f6nnen, dass ein <strong>Ein regelm\u00e4\u00dfiger Online-Host ist ab dem 8. Januar best\u00e4tigt.<\/strong>.<\/p>\n\n\n\n<p><strong>Alle Mitglieder werden ermutigt, an der Online-Sitzung teilzunehmen und sich an der Generalkonferenz zu beteiligen:<\/strong><br><a href=\"https:\/\/teamup.com\/event\/show\/id\/EboKrtt8yHRaPN6kQtft3Ypy1zYJEL\/add-to-calendar\">https:\/\/teamup.com\/event\/show\/id\/EboKrtt8yHRaPN6kQtft3Ypy1zYJEL\/add-to-calendar<\/a><\/p>\n\n\n\n<p>Ihre Teilnahme und Ihre Meinung sind wichtig f\u00fcr die Gestaltung der Zukunft dieses Treffens.<a href=\"\"><\/a><\/p>\n\n\n\n<h3 class=\"wp-block-heading\">Zus\u00e4tzliche Treffen<\/h3>\n\n\n\n<p>Wenn Sie neu sind, empfehlen wir Ihnen, innerhalb kurzer Zeit an sechs Meetings teilzunehmen, um zu sehen, ob unser Programm f\u00fcr Sie hilfreich sein kann. Zus\u00e4tzlich zu unserem lokalen pers\u00f6nlichen Meeting k\u00f6nnen Sie auch unsere&nbsp;<a href=\"https:\/\/internetaddictsanonymous.org\/de\/lokale-internet-sucht-treffen\/\">andere pers\u00f6nliche Treffen<\/a>&nbsp;und eine&nbsp;<a href=\"https:\/\/internetaddictsanonymous.org\/de\/online-meetings\/\">vollst\u00e4ndiger Zeitplan der Online-Sitzungen<\/a>. Alle Treffen sind v\u00f6llig kostenlos und anonym.<\/p>\n\n\n\n<h3 class=\"wp-block-heading\"><strong>Wie funktionieren Meetings?<\/strong><\/h3>\n\n\n\n<p>Wenn Sie zum ersten Mal an einer Sitzung teilnehmen, brauchen Sie nicht nerv\u00f6s zu sein. Die meisten unserer Sitzungen sind sehr einfach; jede Sitzung hat einen Vorsitzenden, der die Sitzung leitet, und die meisten Sitzungen dauern eine Stunde. Der Vorsitzende und andere Freiwillige lesen einige einleitende Erkl\u00e4rungen vor, bevor wir die Sitzung f\u00fcr die Mitglieder \u00f6ffnen, damit sie sich austauschen k\u00f6nnen. Es ist nicht erforderlich, etwas zu sagen, und es ist in Ordnung, einfach nur zuzuh\u00f6ren. Wenn Sie sich wohl f\u00fchlen, k\u00f6nnen Sie sich vorstellen und erz\u00e4hlen, was Sie zur ITAA gef\u00fchrt hat. Wenn es nicht von dem Mitglied, das erz\u00e4hlt, gew\u00fcnscht wird, machen wir keine Vorschl\u00e4ge oder Kommentare als Antwort auf die Erz\u00e4hlungen der anderen; wir h\u00f6ren einfach zu, ohne zu urteilen. Am Ende der Stunde endet das Treffen mit einigen abschlie\u00dfenden Erkl\u00e4rungen, nach denen sich die Mitglieder normalerweise zwanglos unterhalten, Fragen stellen und Kontaktdaten austauschen.<\/p>\n\n\n\n<h3 class=\"wp-block-heading\">Ressourcen zur Internet- und Technologiesucht<\/h3>\n\n\n\n<p>Wenn Sie sich fragen, ob Sie m\u00f6glicherweise internet- und technologieabh\u00e4ngig sind, k\u00f6nnen Sie sich unsere Frageb\u00f6gen ansehen f\u00fcr&nbsp;<a href=\"https:\/\/internetaddictsanonymous.org\/de\/internet-und-technologieabhangigkeit\/\">Internetabh\u00e4ngigkeit<\/a>,&nbsp;<a href=\"https:\/\/internetaddictsanonymous.org\/de\/internet-und-technologieabhangigkeit\/social-media-sucht\/\">Social-Media-Sucht<\/a>,&nbsp;<a href=\"https:\/\/internetaddictsanonymous.org\/de\/internetabhangigkeit\/streaming-sucht\/\">Streaming-Sucht<\/a>,&nbsp;<a href=\"https:\/\/internetaddictsanonymous.org\/de\/internet-und-technologieabhangigkeit\/telefonabhangigkeit\/\">Telefonabh\u00e4ngigkeit<\/a>, oder&nbsp;<a href=\"https:\/\/internetaddictsanonymous.org\/de\/internet-und-technologieabhangigkeit\/videospielsucht\/\">Videospielsucht<\/a>. Sie k\u00f6nnen auch mehr \u00fcber ITAA erfahren, indem Sie unsere&nbsp;<a href=\"https:\/\/internetaddictsanonymous.org\/de\/leitfaden-fur-neue\/\">Leitfaden f\u00fcr Neue<\/a>, die \u00dcberpr\u00fcfung unserer&nbsp;<a href=\"https:\/\/internetaddictsanonymous.org\/de\/ressourcen\/instrumente-zur-wiederherstellung\/\">Instrumente zur Wiederherstellung<\/a>oder das H\u00f6ren von&nbsp;<a href=\"https:\/\/internetaddictsanonymous.org\/de\/genesungsgeschichten\/\">Genesungsgeschichten von Mitgliedern<\/a>.<\/p>\n\n\n\n<p>Die ITAA ist weder an eine politische Agenda noch an eine Religion oder an externe Interessen gebunden. Wir sind v\u00f6llig selbsttragend und kostenlos f\u00fcr alle, die es brauchen. Unser einziges Ziel ist es, vom zwanghaften Internet- und Technologiegebrauch Abstand zu nehmen und anderen zu helfen, sich von dieser Sucht zu befreien.<\/p>\n\n\n\n<p>Nochmals herzlich willkommen! Wir hoffen, dass diese Gemeinschaft Ihnen die Unterst\u00fctzung bieten kann, die Sie f\u00fcr Ihre Genesung von der Internet- und Technologiesucht ben\u00f6tigen. Bitte z\u00f6gern Sie nicht, sich an uns zu wenden, wenn Sie irgendwelche Fragen haben.<\/p>\n<!-- PMB print buttons is only displayed on a single post\/page URLs-->","protected":false},"excerpt":{"rendered":"<p>Willkommen bei den Anonymen Internet- und Technologie-S\u00fcchtigen! Wir freuen uns, dass Sie uns gefunden haben, und hoffen, dass unsere Community Ihnen genauso hilfreich sein kann wie uns. ITAA ist eine Zw\u00f6lf-Schritte-Gemeinschaft von Personen, die sich gegenseitig dabei unterst\u00fctzen, von Internet- und Technologiesucht loszukommen. Dazu geh\u00f6rt die Sucht nach sozialen Medien, Smartphones, Streaming-Videos oder \u2026 <a href=\"https:\/\/internetaddictsanonymous.org\/de\/in-person-meetings\/australia-melbourne\/\" class=\"more-link\"><span class=\"screen-reader-text\">ITAA in Melbourne, Australien<\/span> weiterlesen<\/a><\/p>","protected":false},"author":35194281,"featured_media":0,"parent":148,"menu_order":0,"comment_status":"closed","ping_status":"closed","template":"full-width-page.php","meta":{"inline_featured_image":false,"_lmt_disableupdate":"","_lmt_disable":"","jetpack_post_was_ever_published":false,"footnotes":""},"tags":[],"class_list":["post-19209","page","type-page","status-publish","hentry"],"yoast_head":"<!-- This site is optimized with the Yoast SEO plugin v27.3 - https:\/\/yoast.com\/product\/yoast-seo-wordpress\/ -->\n<title>ITAA in Melbourne, Australia &#8211; Internet and Technology Addicts Anonymous<\/title>\n<meta name=\"robots\" content=\"index, follow, max-snippet:-1, max-image-preview:large, max-video-preview:-1\" \/>\n<link rel=\"canonical\" href=\"https:\/\/internetaddictsanonymous.org\/de\/lokale-internet-sucht-treffen\/australien-melbourne\/\" \/>\n<meta property=\"og:locale\" content=\"de_DE\" \/>\n<meta property=\"og:type\" content=\"article\" \/>\n<meta property=\"og:title\" content=\"ITAA in Melbourne, Australia &#8211; Internet and Technology Addicts Anonymous\" \/>\n<meta property=\"og:description\" content=\"Welcome to Internet and Technology Addicts Anonymous! We\u2019re glad you\u2019ve found us, and we hope our community can be as helpful to you as it has been for us.&nbsp;ITAA is a Twelve-Step fellowship of individuals who support each other in recovering from internet and technology addiction.&nbsp;This includes addiction to social media, smartphones, streaming video or &hellip; ITAA in Melbourne, Australia weiterlesen\" \/>\n<meta property=\"og:url\" content=\"https:\/\/internetaddictsanonymous.org\/de\/lokale-internet-sucht-treffen\/australien-melbourne\/\" \/>\n<meta property=\"og:site_name\" content=\"Internet and Technology Addicts Anonymous\" \/>\n<meta property=\"article:modified_time\" content=\"2026-01-23T14:48:40+00:00\" \/>\n<meta name=\"twitter:card\" content=\"summary_large_image\" \/>\n<meta name=\"twitter:label1\" content=\"Gesch\u00e4tzte Lesezeit\" \/>\n\t<meta name=\"twitter:data1\" content=\"3\u00a0Minuten\" \/>\n<script type=\"application\/ld+json\" class=\"yoast-schema-graph\">{\"@context\":\"https:\\\/\\\/schema.org\",\"@graph\":[{\"@type\":\"WebPage\",\"@id\":\"https:\\\/\\\/internetaddictsanonymous.org\\\/in-person-meetings\\\/australia-melbourne\\\/\",\"url\":\"https:\\\/\\\/internetaddictsanonymous.org\\\/in-person-meetings\\\/australia-melbourne\\\/\",\"name\":\"ITAA in Melbourne, Australia &#8211; Internet and Technology Addicts Anonymous\",\"isPartOf\":{\"@id\":\"https:\\\/\\\/internetaddictsanonymous.org\\\/#website\"},\"datePublished\":\"2025-01-19T07:45:48+00:00\",\"dateModified\":\"2026-01-23T14:48:40+00:00\",\"breadcrumb\":{\"@id\":\"https:\\\/\\\/internetaddictsanonymous.org\\\/in-person-meetings\\\/australia-melbourne\\\/#breadcrumb\"},\"inLanguage\":\"de\",\"potentialAction\":[{\"@type\":\"ReadAction\",\"target\":[\"https:\\\/\\\/internetaddictsanonymous.org\\\/in-person-meetings\\\/australia-melbourne\\\/\"]}]},{\"@type\":\"BreadcrumbList\",\"@id\":\"https:\\\/\\\/internetaddictsanonymous.org\\\/in-person-meetings\\\/australia-melbourne\\\/#breadcrumb\",\"itemListElement\":[{\"@type\":\"ListItem\",\"position\":1,\"name\":\"Home\",\"item\":\"https:\\\/\\\/internetaddictsanonymous.org\\\/\"},{\"@type\":\"ListItem\",\"position\":2,\"name\":\"In-Person Meetings\",\"item\":\"https:\\\/\\\/internetaddictsanonymous.org\\\/in-person-meetings\\\/\"},{\"@type\":\"ListItem\",\"position\":3,\"name\":\"ITAA in Melbourne, Australia\"}]},{\"@type\":\"WebSite\",\"@id\":\"https:\\\/\\\/internetaddictsanonymous.org\\\/#website\",\"url\":\"https:\\\/\\\/internetaddictsanonymous.org\\\/\",\"name\":\"Internet and Technology Addicts Anonymous\",\"description\":\"Worldwide 12-step Fellowship for Internet and Technology Addiction\",\"publisher\":{\"@id\":\"https:\\\/\\\/internetaddictsanonymous.org\\\/#organization\"},\"potentialAction\":[{\"@type\":\"SearchAction\",\"target\":{\"@type\":\"EntryPoint\",\"urlTemplate\":\"https:\\\/\\\/internetaddictsanonymous.org\\\/?s={search_term_string}\"},\"query-input\":{\"@type\":\"PropertyValueSpecification\",\"valueRequired\":true,\"valueName\":\"search_term_string\"}}],\"inLanguage\":\"de\"},{\"@type\":\"Organization\",\"@id\":\"https:\\\/\\\/internetaddictsanonymous.org\\\/#organization\",\"name\":\"Internet and Technology Addicts Anonymous\",\"url\":\"https:\\\/\\\/internetaddictsanonymous.org\\\/\",\"logo\":{\"@type\":\"ImageObject\",\"inLanguage\":\"de\",\"@id\":\"https:\\\/\\\/internetaddictsanonymous.org\\\/#\\\/schema\\\/logo\\\/image\\\/\",\"url\":\"https:\\\/\\\/internetaddictsanonymous.org\\\/wp-content\\\/uploads\\\/2023\\\/01\\\/cropped-ITAA-logo-480px.png\",\"contentUrl\":\"https:\\\/\\\/internetaddictsanonymous.org\\\/wp-content\\\/uploads\\\/2023\\\/01\\\/cropped-ITAA-logo-480px.png\",\"width\":480,\"height\":480,\"caption\":\"Internet and Technology Addicts Anonymous\"},\"image\":{\"@id\":\"https:\\\/\\\/internetaddictsanonymous.org\\\/#\\\/schema\\\/logo\\\/image\\\/\"}}]}<\/script>\n<!-- \/ Yoast SEO plugin. -->","yoast_head_json":{"title":"ITAA in Melbourne, Australien \u2013 Anonyme Internet- und Technologieabh\u00e4ngige","robots":{"index":"index","follow":"follow","max-snippet":"max-snippet:-1","max-image-preview":"max-image-preview:large","max-video-preview":"max-video-preview:-1"},"canonical":"https:\/\/internetaddictsanonymous.org\/de\/lokale-internet-sucht-treffen\/australien-melbourne\/","og_locale":"de_DE","og_type":"article","og_title":"ITAA in Melbourne, Australia &#8211; Internet and Technology Addicts Anonymous","og_description":"Welcome to Internet and Technology Addicts Anonymous! We\u2019re glad you\u2019ve found us, and we hope our community can be as helpful to you as it has been for us.&nbsp;ITAA is a Twelve-Step fellowship of individuals who support each other in recovering from internet and technology addiction.&nbsp;This includes addiction to social media, smartphones, streaming video or &hellip; ITAA in Melbourne, Australia weiterlesen","og_url":"https:\/\/internetaddictsanonymous.org\/de\/lokale-internet-sucht-treffen\/australien-melbourne\/","og_site_name":"Internet and Technology Addicts Anonymous","article_modified_time":"2026-01-23T14:48:40+00:00","twitter_card":"summary_large_image","twitter_misc":{"Gesch\u00e4tzte Lesezeit":"3\u00a0Minuten"},"schema":{"@context":"https:\/\/schema.org","@graph":[{"@type":"WebPage","@id":"https:\/\/internetaddictsanonymous.org\/in-person-meetings\/australia-melbourne\/","url":"https:\/\/internetaddictsanonymous.org\/in-person-meetings\/australia-melbourne\/","name":"ITAA in Melbourne, Australien \u2013 Anonyme Internet- und Technologieabh\u00e4ngige","isPartOf":{"@id":"https:\/\/internetaddictsanonymous.org\/#website"},"datePublished":"2025-01-19T07:45:48+00:00","dateModified":"2026-01-23T14:48:40+00:00","breadcrumb":{"@id":"https:\/\/internetaddictsanonymous.org\/in-person-meetings\/australia-melbourne\/#breadcrumb"},"inLanguage":"de","potentialAction":[{"@type":"ReadAction","target":["https:\/\/internetaddictsanonymous.org\/in-person-meetings\/australia-melbourne\/"]}]},{"@type":"BreadcrumbList","@id":"https:\/\/internetaddictsanonymous.org\/in-person-meetings\/australia-melbourne\/#breadcrumb","itemListElement":[{"@type":"ListItem","position":1,"name":"Home","item":"https:\/\/internetaddictsanonymous.org\/"},{"@type":"ListItem","position":2,"name":"In-Person Meetings","item":"https:\/\/internetaddictsanonymous.org\/in-person-meetings\/"},{"@type":"ListItem","position":3,"name":"ITAA in Melbourne, Australia"}]},{"@type":"WebSite","@id":"https:\/\/internetaddictsanonymous.org\/#website","url":"https:\/\/internetaddictsanonymous.org\/","name":"Die anonymen Internet- und Technologies\u00fcchtigen","description":"Weltweite 12-Schritte-Gemeinschaft f\u00fcr Internet- und Techniksucht","publisher":{"@id":"https:\/\/internetaddictsanonymous.org\/#organization"},"potentialAction":[{"@type":"SearchAction","target":{"@type":"EntryPoint","urlTemplate":"https:\/\/internetaddictsanonymous.org\/?s={search_term_string}"},"query-input":{"@type":"PropertyValueSpecification","valueRequired":true,"valueName":"search_term_string"}}],"inLanguage":"de"},{"@type":"Organization","@id":"https:\/\/internetaddictsanonymous.org\/#organization","name":"Die anonymen Internet- und Technologies\u00fcchtigen","url":"https:\/\/internetaddictsanonymous.org\/","logo":{"@type":"ImageObject","inLanguage":"de","@id":"https:\/\/internetaddictsanonymous.org\/#\/schema\/logo\/image\/","url":"https:\/\/internetaddictsanonymous.org\/wp-content\/uploads\/2023\/01\/cropped-ITAA-logo-480px.png","contentUrl":"https:\/\/internetaddictsanonymous.org\/wp-content\/uploads\/2023\/01\/cropped-ITAA-logo-480px.png","width":480,"height":480,"caption":"Internet and Technology Addicts Anonymous"},"image":{"@id":"https:\/\/internetaddictsanonymous.org\/#\/schema\/logo\/image\/"}}]}},"jetpack_sharing_enabled":true,"jetpack_shortlink":"https:\/\/wp.me\/P9Fwob-4ZP","_links":{"self":[{"href":"https:\/\/internetaddictsanonymous.org\/de\/wp-json\/wp\/v2\/pages\/19209","targetHints":{"allow":["GET"]}}],"collection":[{"href":"https:\/\/internetaddictsanonymous.org\/de\/wp-json\/wp\/v2\/pages"}],"about":[{"href":"https:\/\/internetaddictsanonymous.org\/de\/wp-json\/wp\/v2\/types\/page"}],"author":[{"embeddable":true,"href":"https:\/\/internetaddictsanonymous.org\/de\/wp-json\/wp\/v2\/users\/35194281"}],"replies":[{"embeddable":true,"href":"https:\/\/internetaddictsanonymous.org\/de\/wp-json\/wp\/v2\/comments?post=19209"}],"version-history":[{"count":16,"href":"https:\/\/internetaddictsanonymous.org\/de\/wp-json\/wp\/v2\/pages\/19209\/revisions"}],"predecessor-version":[{"id":20927,"href":"https:\/\/internetaddictsanonymous.org\/de\/wp-json\/wp\/v2\/pages\/19209\/revisions\/20927"}],"up":[{"embeddable":true,"href":"https:\/\/internetaddictsanonymous.org\/de\/wp-json\/wp\/v2\/pages\/148"}],"wp:attachment":[{"href":"https:\/\/internetaddictsanonymous.org\/de\/wp-json\/wp\/v2\/media?parent=19209"}],"wp:term":[{"taxonomy":"post_tag","embeddable":true,"href":"https:\/\/internetaddictsanonymous.org\/de\/wp-json\/wp\/v2\/tags?post=19209"}],"curies":[{"name":"wp","href":"https:\/\/api.w.org\/{rel}","templated":true}]}}