{"id":20028,"date":"2025-06-13T18:24:15","date_gmt":"2025-06-14T01:24:15","guid":{"rendered":"https:\/\/internetaddictsanonymous.org\/?page_id=20028"},"modified":"2026-01-30T07:47:56","modified_gmt":"2026-01-30T15:47:56","slug":"us-pa","status":"publish","type":"page","link":"https:\/\/internetaddictsanonymous.org\/de\/in-person-meetings\/us-pa\/","title":{"rendered":"ITAA in Pennsylvania, USA"},"content":{"rendered":"<p>Willkommen bei Internet and Technology Addicts Anonymous! Wir freuen uns, dass Sie uns gefunden haben, und hoffen, dass unsere Gemeinschaft f\u00fcr Sie genauso hilfreich sein kann wie f\u00fcr uns.<strong> <mark style=\"background-color:rgba(0, 0, 0, 0)\" class=\"has-inline-color has-dark-gray-color\">ITAA ist eine Zw\u00f6lf-Schritte-Gemeinschaft von Menschen, die sich gegenseitig bei der Genesung von der Internet- und Technologiesucht unterst\u00fctzen.<\/mark><\/strong> Dazu geh\u00f6rt die Sucht nach sozialen Medien, Smartphones, Video- oder Audio-Streaming-Inhalten, Spielen, Nachrichten, Pornografie, Dating-Apps, Online-Recherche, Online-Shopping oder anderen digitalen Aktivit\u00e4ten, die zwanghaft und problematisch werden.&nbsp;<\/p>\n\n\n\n<h3 class=\"wp-block-heading\">ITAA-Treffen in Philadelphia<\/h3>\n\n\n\n<h5 class=\"wp-block-heading\">Dienstags in Philly<\/h5>\n\n\n\n<p>Wann: Jeden Dienstag von 18:00 bis 19:00 Uhr ET (Eastern Time).<br>Wo: 1904 Walnut St, Philadelphia, Pa, 19103, Vereinigte Staaten (Kellerraum, Zugang \u00fcber die Treppe an der Geb\u00e4udeseite, geb\u00fchrenpflichtige Parkpl\u00e4tze am Rittenhouse Square)<br>Kontakt:&nbsp;&nbsp;<a href=\"mailto:julian.philly.anon@gmail.com\" target=\"_blank\" rel=\"noreferrer noopener\">julian.philly.anon@gmail.com<\/a><\/p>\n\n\n\n<h5 class=\"wp-block-heading\">Sonntags in Philly<\/h5>\n\n\n\n<p>Wann: Jeden Sonntag um 18:00 Uhr ET (Eastern Time).<br>Ort: Hope on Girard, 126 W Girard Ave, Philadelphia, PA 19123<br>Kontakt:&nbsp;<a href=\"mailto:julian.philly.anon@gmail.com\">julian.philly.anon@gmail.com<\/a><\/p>\n\n\n\n<h3 class=\"wp-block-heading\">ITAA-Treffen in Pittsburgh<\/h3>\n\n\n\n<p><strong>**Unsere Pr\u00e4senztreffen finden bis auf Weiteres nicht statt, bis wir einen neuen Veranstaltungsort gefunden haben. Mitglieder, die an unseren Treffen teilnehmen m\u00f6chten oder weitere Informationen w\u00fcnschen, k\u00f6nnen uns kontaktieren unter\u00a0<a href=\"mailto:itaapgh@gmail.com\" target=\"_blank\" rel=\"noreferrer noopener\">itaapgh@gmail.com<\/a>; nur das Online-Meeting ist aktiv.**<\/strong><\/p>\n\n\n\n<p>Dieses Treffen steht sowohl Einheimischen als auch Nicht-Einheimischen offen! Wir freuen uns \u00fcber jeden Neuling, ob online oder pers\u00f6nlich.<\/p>\n\n\n\n<p>Die ersten zehn Minuten des Treffens verbringen wir mit dem Vorlesen eines Abschnitts aus der relevanten ITAA-Literatur oder hilfreicher Literatur anderer Fachgesellschaften. Anschlie\u00dfend k\u00f6nnen die Mitglieder sich zu den Themen des Gelesenen oder zu ihren eigenen Gedanken austauschen. Einen Eindruck von unserem Treffen erhalten Sie durch das Lesen des Protokolls:&nbsp;<a href=\"https:\/\/docs.google.com\/document\/d\/1bOl-GhM5JprCjBFRgxwLGLRVMc9jw6iic5HvaZYZmA4\/edit?usp=sharing\" rel=\"noreferrer noopener\" target=\"_blank\">https:\/\/docs.google.com\/document\/d\/1bOl-GhM5JprCjBFRgxwLGLRVMc9jw6iic5HvaZYZmA4\/edit?usp=sharing<\/a><\/p>\n\n\n\n<p>**F\u00fcr alle, die pers\u00f6nlich teilnehmen m\u00f6chten:** Besuchen Sie uns samstags von 10:30 bis 11:30 Uhr in der Carnegie Library in East Liberty (30 S Whitfield St, Pittsburgh, PA 15206). Behindertengerechte Parkpl\u00e4tze stehen in der S. Whitfield Street zur Verf\u00fcgung, au\u00dferdem gibt es einen \u00f6ffentlichen Parkplatz mit Parkuhr am Tamello Way.<\/p>\n\n\n\n<p>Aufgrund der hohen Nachfrage nach R\u00e4umen in dieser Bibliothek k\u00f6nnen wir nicht jede Woche denselben Raum reservieren. **Bitte \u00fcberpr\u00fcfen Sie diesen Belegungsplan (<a href=\"https:\/\/docs.google.com\/document\/d\/1_vvbqWKAcQC7RUSR2b0GppT6EcJQo-2Xbusk6wYbtfQ\/edit?usp=sharing\" rel=\"noreferrer noopener\" target=\"_blank\">https:\/\/docs.google.com\/document\/d\/1_vvbqWKAcQC7RUSR2b0GppT6EcJQo-2Xbusk6wYbtfQ\/edit?usp=sharing<\/a>) f\u00fcr genaue Informationen \u00fcber \u00c4nderungen des Raumes\/Ortes oder Absagen von Tagungen.**<\/p>\n\n\n\n<p>Wenn Sie \u00fcber \u00c4nderungen bez\u00fcglich Zeit oder Ort unserer Treffen informiert werden m\u00f6chten, senden Sie bitte eine E-Mail an&nbsp;<a href=\"mailto:itaapgh@gmail.com\" target=\"_blank\" rel=\"noreferrer noopener\">itaapgh@gmail.com<\/a>, Wir nehmen Sie dann in unseren E-Mail-Verteiler auf. Bei Fragen k\u00f6nnen Sie uns jederzeit gerne eine Nachricht schreiben.<\/p>\n\n\n\n<p><strong>Wir treffen uns derzeit auch virtuell \u00fcber Zoom, im&nbsp;<a href=\"https:\/\/us02web.zoom.us\/j\/6716765473?pwd=cHBQVFZ4NEM5dldDdy9wUDAyL3Fydz09\">Aufwachraum<\/a><br>Besprechungs-ID: 671 676 5473<br>Einwahl-Passwort: 12<\/strong><\/p>\n\n\n\n<h3 class=\"wp-block-heading\">Zus\u00e4tzliche Treffen<\/h3>\n\n\n\n<p>Wenn Sie neu sind, m\u00f6chten wir Sie ermutigen, innerhalb eines kurzen Zeitraums sechs Treffen zu besuchen, um zu sehen, ob unser Programm f\u00fcr Sie hilfreich sein k\u00f6nnte. Zus\u00e4tzlich zu unseren pers\u00f6nlichen Treffen vor Ort k\u00f6nnen Sie sich auch unsere <a href=\"https:\/\/internetaddictsanonymous.org\/de\/lokale-internet-sucht-treffen\/\">andere pers\u00f6nliche Treffen<\/a> und eine <a href=\"https:\/\/internetaddictsanonymous.org\/de\/online-meetings\/\">vollst\u00e4ndiger Zeitplan der Online-Sitzungen<\/a>. Alle Treffen sind v\u00f6llig kostenlos und anonym.<\/p>\n\n\n\n<h3 class=\"wp-block-heading\"><strong>Wie funktionieren Meetings?<\/strong><\/h3>\n\n\n\n<p>Wenn Sie zum ersten Mal an einer Sitzung teilnehmen, brauchen Sie nicht nerv\u00f6s zu sein. Die meisten unserer Sitzungen sind sehr einfach; jede Sitzung hat einen Vorsitzenden, der die Sitzung leitet, und die meisten Sitzungen dauern eine Stunde. Der Vorsitzende und andere Freiwillige lesen einige einleitende Erkl\u00e4rungen vor, bevor wir die Sitzung f\u00fcr die Mitglieder \u00f6ffnen, damit sie sich austauschen k\u00f6nnen. Es ist nicht erforderlich, etwas zu sagen, und es ist in Ordnung, einfach nur zuzuh\u00f6ren. Wenn Sie sich wohl f\u00fchlen, k\u00f6nnen Sie sich vorstellen und erz\u00e4hlen, was Sie zur ITAA gef\u00fchrt hat. Wenn es nicht von dem Mitglied, das erz\u00e4hlt, gew\u00fcnscht wird, machen wir keine Vorschl\u00e4ge oder Kommentare als Antwort auf die Erz\u00e4hlungen der anderen; wir h\u00f6ren einfach zu, ohne zu urteilen. Am Ende der Stunde endet das Treffen mit einigen abschlie\u00dfenden Erkl\u00e4rungen, nach denen sich die Mitglieder normalerweise zwanglos unterhalten, Fragen stellen und Kontaktdaten austauschen.<\/p>\n\n\n\n<h3 class=\"wp-block-heading\">Ressourcen zur Internet- und Technologiesucht<\/h3>\n\n\n\n<p>Wenn Sie sich fragen, ob Sie m\u00f6glicherweise internet- und technologieabh\u00e4ngig sind, k\u00f6nnen Sie sich unsere Frageb\u00f6gen ansehen f\u00fcr <a href=\"https:\/\/internetaddictsanonymous.org\/de\/internet-und-technologieabhangigkeit\/\">Internetabh\u00e4ngigkeit<\/a>, <a href=\"https:\/\/internetaddictsanonymous.org\/de\/internet-und-technologieabhangigkeit\/social-media-sucht\/\">Social-Media-Sucht<\/a>, <a href=\"https:\/\/internetaddictsanonymous.org\/de\/internetabhangigkeit\/streaming-sucht\/\">Streaming-Sucht<\/a>, <a href=\"https:\/\/internetaddictsanonymous.org\/de\/internet-und-technologieabhangigkeit\/telefonabhangigkeit\/\">Telefonabh\u00e4ngigkeit<\/a>, oder <a href=\"https:\/\/internetaddictsanonymous.org\/de\/internet-und-technologieabhangigkeit\/videospielsucht\/\">Videospielsucht<\/a>. Sie k\u00f6nnen auch mehr \u00fcber ITAA erfahren, indem Sie unsere&nbsp;<a href=\"https:\/\/internetaddictsanonymous.org\/de\/leitfaden-fur-neue\/\">Leitfaden f\u00fcr Neue<\/a>, die \u00dcberpr\u00fcfung unserer <a href=\"https:\/\/internetaddictsanonymous.org\/de\/ressourcen\/instrumente-zur-wiederherstellung\/\">Instrumente zur Wiederherstellung<\/a>oder das H\u00f6ren von <a href=\"https:\/\/internetaddictsanonymous.org\/de\/genesungsgeschichten\/\">Genesungsgeschichten von Mitgliedern<\/a>.<\/p>\n\n\n\n<p>Die ITAA ist weder an eine politische Agenda noch an eine Religion oder an externe Interessen gebunden. Wir sind v\u00f6llig selbsttragend und kostenlos f\u00fcr alle, die es brauchen. Unser einziges Ziel ist es, vom zwanghaften Internet- und Technologiegebrauch Abstand zu nehmen und anderen zu helfen, sich von dieser Sucht zu befreien.<\/p>\n\n\n\n<p>Nochmals herzlich willkommen! Wir hoffen, dass diese Gemeinschaft Ihnen die Unterst\u00fctzung bieten kann, die Sie f\u00fcr Ihre Genesung von der Internet- und Technologiesucht ben\u00f6tigen. Bitte z\u00f6gern Sie nicht, sich an uns zu wenden, wenn Sie irgendwelche Fragen haben.<\/p>\n<!-- PMB print buttons is only displayed on a single post\/page URLs-->","protected":false},"excerpt":{"rendered":"<p>Willkommen bei Internet and Technology Addicts Anonymous! Wir freuen uns, dass Sie uns gefunden haben, und hoffen, dass unsere Gemeinschaft f\u00fcr Sie genauso hilfreich sein kann wie f\u00fcr uns. ITAA ist eine Zw\u00f6lf-Schritte-Gemeinschaft von Menschen, die sich gegenseitig bei der Genesung von der Internet- und Technologiesucht unterst\u00fctzen. Dazu geh\u00f6rt die Sucht nach sozialen Medien, Smartphones, Streaming ... <a href=\"https:\/\/internetaddictsanonymous.org\/de\/in-person-meetings\/us-pa\/\" class=\"more-link\"><span class=\"screen-reader-text\">ITAA in Pennsylvania, USA<\/span> weiterlesen<\/a><\/p>","protected":false},"author":35194291,"featured_media":0,"parent":148,"menu_order":0,"comment_status":"closed","ping_status":"closed","template":"","meta":{"inline_featured_image":false,"_lmt_disableupdate":"","_lmt_disable":"","jetpack_post_was_ever_published":false,"footnotes":""},"tags":[655524913,307668,655524904,655524910,655524905,655524900,534293,1410996],"class_list":["post-20028","page","type-page","status-publish","hentry","tag-12-steps","tag-internet-addiction","tag-internet-addicts-anonymous","tag-meeting-times","tag-mindful-internet-use","tag-smartphone-addiction","tag-support-group","tag-technology-addiction"],"yoast_head":"<!-- This site is optimized with the Yoast SEO plugin v27.3 - https:\/\/yoast.com\/product\/yoast-seo-wordpress\/ -->\n<title>ITAA in Pennsylvania, US &#8211; Internet and Technology Addicts Anonymous<\/title>\n<meta name=\"robots\" content=\"index, follow, max-snippet:-1, max-image-preview:large, max-video-preview:-1\" \/>\n<link rel=\"canonical\" href=\"https:\/\/internetaddictsanonymous.org\/de\/lokale-internet-sucht-treffen\/us-pa\/\" \/>\n<meta property=\"og:locale\" content=\"de_DE\" \/>\n<meta property=\"og:type\" content=\"article\" \/>\n<meta property=\"og:title\" content=\"ITAA in Pennsylvania, US &#8211; Internet and Technology Addicts Anonymous\" \/>\n<meta property=\"og:description\" content=\"Welcome to Internet and Technology Addicts Anonymous! We\u2019re glad you\u2019ve found us, and we hope our community can be as helpful to you as it has been for us. ITAA is a Twelve-Step fellowship of individuals who support each other in recovering from internet and technology addiction. This includes addiction to social media, smartphones, streaming &hellip; ITAA in Pennsylvania, US weiterlesen\" \/>\n<meta property=\"og:url\" content=\"https:\/\/internetaddictsanonymous.org\/de\/lokale-internet-sucht-treffen\/us-pa\/\" \/>\n<meta property=\"og:site_name\" content=\"Internet and Technology Addicts Anonymous\" \/>\n<meta property=\"article:modified_time\" content=\"2026-01-30T15:47:56+00:00\" \/>\n<meta name=\"twitter:card\" content=\"summary_large_image\" \/>\n<meta name=\"twitter:label1\" content=\"Gesch\u00e4tzte Lesezeit\" \/>\n\t<meta name=\"twitter:data1\" content=\"4\u00a0Minuten\" \/>\n<script type=\"application\/ld+json\" class=\"yoast-schema-graph\">{\"@context\":\"https:\\\/\\\/schema.org\",\"@graph\":[{\"@type\":\"WebPage\",\"@id\":\"https:\\\/\\\/internetaddictsanonymous.org\\\/in-person-meetings\\\/us-pa\\\/\",\"url\":\"https:\\\/\\\/internetaddictsanonymous.org\\\/in-person-meetings\\\/us-pa\\\/\",\"name\":\"ITAA in Pennsylvania, US &#8211; Internet and Technology Addicts Anonymous\",\"isPartOf\":{\"@id\":\"https:\\\/\\\/internetaddictsanonymous.org\\\/#website\"},\"datePublished\":\"2025-06-14T01:24:15+00:00\",\"dateModified\":\"2026-01-30T15:47:56+00:00\",\"breadcrumb\":{\"@id\":\"https:\\\/\\\/internetaddictsanonymous.org\\\/in-person-meetings\\\/us-pa\\\/#breadcrumb\"},\"inLanguage\":\"de\",\"potentialAction\":[{\"@type\":\"ReadAction\",\"target\":[\"https:\\\/\\\/internetaddictsanonymous.org\\\/in-person-meetings\\\/us-pa\\\/\"]}]},{\"@type\":\"BreadcrumbList\",\"@id\":\"https:\\\/\\\/internetaddictsanonymous.org\\\/in-person-meetings\\\/us-pa\\\/#breadcrumb\",\"itemListElement\":[{\"@type\":\"ListItem\",\"position\":1,\"name\":\"Home\",\"item\":\"https:\\\/\\\/internetaddictsanonymous.org\\\/\"},{\"@type\":\"ListItem\",\"position\":2,\"name\":\"In-Person Meetings\",\"item\":\"https:\\\/\\\/internetaddictsanonymous.org\\\/in-person-meetings\\\/\"},{\"@type\":\"ListItem\",\"position\":3,\"name\":\"ITAA in Pennsylvania, US\"}]},{\"@type\":\"WebSite\",\"@id\":\"https:\\\/\\\/internetaddictsanonymous.org\\\/#website\",\"url\":\"https:\\\/\\\/internetaddictsanonymous.org\\\/\",\"name\":\"Internet and Technology Addicts Anonymous\",\"description\":\"Worldwide 12-step Fellowship for Internet and Technology Addiction\",\"publisher\":{\"@id\":\"https:\\\/\\\/internetaddictsanonymous.org\\\/#organization\"},\"potentialAction\":[{\"@type\":\"SearchAction\",\"target\":{\"@type\":\"EntryPoint\",\"urlTemplate\":\"https:\\\/\\\/internetaddictsanonymous.org\\\/?s={search_term_string}\"},\"query-input\":{\"@type\":\"PropertyValueSpecification\",\"valueRequired\":true,\"valueName\":\"search_term_string\"}}],\"inLanguage\":\"de\"},{\"@type\":\"Organization\",\"@id\":\"https:\\\/\\\/internetaddictsanonymous.org\\\/#organization\",\"name\":\"Internet and Technology Addicts Anonymous\",\"url\":\"https:\\\/\\\/internetaddictsanonymous.org\\\/\",\"logo\":{\"@type\":\"ImageObject\",\"inLanguage\":\"de\",\"@id\":\"https:\\\/\\\/internetaddictsanonymous.org\\\/#\\\/schema\\\/logo\\\/image\\\/\",\"url\":\"https:\\\/\\\/internetaddictsanonymous.org\\\/wp-content\\\/uploads\\\/2023\\\/01\\\/cropped-ITAA-logo-480px.png\",\"contentUrl\":\"https:\\\/\\\/internetaddictsanonymous.org\\\/wp-content\\\/uploads\\\/2023\\\/01\\\/cropped-ITAA-logo-480px.png\",\"width\":480,\"height\":480,\"caption\":\"Internet and Technology Addicts Anonymous\"},\"image\":{\"@id\":\"https:\\\/\\\/internetaddictsanonymous.org\\\/#\\\/schema\\\/logo\\\/image\\\/\"}}]}<\/script>\n<!-- \/ Yoast SEO plugin. -->","yoast_head_json":{"title":"ITAA in Pennsylvania, USA \u2013 Anonyme Internet- und Technologieabh\u00e4ngige","robots":{"index":"index","follow":"follow","max-snippet":"max-snippet:-1","max-image-preview":"max-image-preview:large","max-video-preview":"max-video-preview:-1"},"canonical":"https:\/\/internetaddictsanonymous.org\/de\/lokale-internet-sucht-treffen\/us-pa\/","og_locale":"de_DE","og_type":"article","og_title":"ITAA in Pennsylvania, US &#8211; Internet and Technology Addicts Anonymous","og_description":"Welcome to Internet and Technology Addicts Anonymous! We\u2019re glad you\u2019ve found us, and we hope our community can be as helpful to you as it has been for us. ITAA is a Twelve-Step fellowship of individuals who support each other in recovering from internet and technology addiction. This includes addiction to social media, smartphones, streaming &hellip; ITAA in Pennsylvania, US weiterlesen","og_url":"https:\/\/internetaddictsanonymous.org\/de\/lokale-internet-sucht-treffen\/us-pa\/","og_site_name":"Internet and Technology Addicts Anonymous","article_modified_time":"2026-01-30T15:47:56+00:00","twitter_card":"summary_large_image","twitter_misc":{"Gesch\u00e4tzte Lesezeit":"4\u00a0Minuten"},"schema":{"@context":"https:\/\/schema.org","@graph":[{"@type":"WebPage","@id":"https:\/\/internetaddictsanonymous.org\/in-person-meetings\/us-pa\/","url":"https:\/\/internetaddictsanonymous.org\/in-person-meetings\/us-pa\/","name":"ITAA in Pennsylvania, USA \u2013 Anonyme Internet- und Technologieabh\u00e4ngige","isPartOf":{"@id":"https:\/\/internetaddictsanonymous.org\/#website"},"datePublished":"2025-06-14T01:24:15+00:00","dateModified":"2026-01-30T15:47:56+00:00","breadcrumb":{"@id":"https:\/\/internetaddictsanonymous.org\/in-person-meetings\/us-pa\/#breadcrumb"},"inLanguage":"de","potentialAction":[{"@type":"ReadAction","target":["https:\/\/internetaddictsanonymous.org\/in-person-meetings\/us-pa\/"]}]},{"@type":"BreadcrumbList","@id":"https:\/\/internetaddictsanonymous.org\/in-person-meetings\/us-pa\/#breadcrumb","itemListElement":[{"@type":"ListItem","position":1,"name":"Home","item":"https:\/\/internetaddictsanonymous.org\/"},{"@type":"ListItem","position":2,"name":"In-Person Meetings","item":"https:\/\/internetaddictsanonymous.org\/in-person-meetings\/"},{"@type":"ListItem","position":3,"name":"ITAA in Pennsylvania, US"}]},{"@type":"WebSite","@id":"https:\/\/internetaddictsanonymous.org\/#website","url":"https:\/\/internetaddictsanonymous.org\/","name":"Die anonymen Internet- und Technologies\u00fcchtigen","description":"Weltweite 12-Schritte-Gemeinschaft f\u00fcr Internet- und Techniksucht","publisher":{"@id":"https:\/\/internetaddictsanonymous.org\/#organization"},"potentialAction":[{"@type":"SearchAction","target":{"@type":"EntryPoint","urlTemplate":"https:\/\/internetaddictsanonymous.org\/?s={search_term_string}"},"query-input":{"@type":"PropertyValueSpecification","valueRequired":true,"valueName":"search_term_string"}}],"inLanguage":"de"},{"@type":"Organization","@id":"https:\/\/internetaddictsanonymous.org\/#organization","name":"Die anonymen Internet- und Technologies\u00fcchtigen","url":"https:\/\/internetaddictsanonymous.org\/","logo":{"@type":"ImageObject","inLanguage":"de","@id":"https:\/\/internetaddictsanonymous.org\/#\/schema\/logo\/image\/","url":"https:\/\/internetaddictsanonymous.org\/wp-content\/uploads\/2023\/01\/cropped-ITAA-logo-480px.png","contentUrl":"https:\/\/internetaddictsanonymous.org\/wp-content\/uploads\/2023\/01\/cropped-ITAA-logo-480px.png","width":480,"height":480,"caption":"Internet and Technology Addicts Anonymous"},"image":{"@id":"https:\/\/internetaddictsanonymous.org\/#\/schema\/logo\/image\/"}}]}},"jetpack_sharing_enabled":true,"jetpack_shortlink":"https:\/\/wp.me\/P9Fwob-5d2","_links":{"self":[{"href":"https:\/\/internetaddictsanonymous.org\/de\/wp-json\/wp\/v2\/pages\/20028","targetHints":{"allow":["GET"]}}],"collection":[{"href":"https:\/\/internetaddictsanonymous.org\/de\/wp-json\/wp\/v2\/pages"}],"about":[{"href":"https:\/\/internetaddictsanonymous.org\/de\/wp-json\/wp\/v2\/types\/page"}],"author":[{"embeddable":true,"href":"https:\/\/internetaddictsanonymous.org\/de\/wp-json\/wp\/v2\/users\/35194291"}],"replies":[{"embeddable":true,"href":"https:\/\/internetaddictsanonymous.org\/de\/wp-json\/wp\/v2\/comments?post=20028"}],"version-history":[{"count":5,"href":"https:\/\/internetaddictsanonymous.org\/de\/wp-json\/wp\/v2\/pages\/20028\/revisions"}],"predecessor-version":[{"id":20961,"href":"https:\/\/internetaddictsanonymous.org\/de\/wp-json\/wp\/v2\/pages\/20028\/revisions\/20961"}],"up":[{"embeddable":true,"href":"https:\/\/internetaddictsanonymous.org\/de\/wp-json\/wp\/v2\/pages\/148"}],"wp:attachment":[{"href":"https:\/\/internetaddictsanonymous.org\/de\/wp-json\/wp\/v2\/media?parent=20028"}],"wp:term":[{"taxonomy":"post_tag","embeddable":true,"href":"https:\/\/internetaddictsanonymous.org\/de\/wp-json\/wp\/v2\/tags?post=20028"}],"curies":[{"name":"wp","href":"https:\/\/api.w.org\/{rel}","templated":true}]}}