{"id":4,"date":"2018-02-17T01:08:05","date_gmt":"2018-02-17T01:08:05","guid":{"rendered":"https:\/\/internetandtechaa.wordpress.com\/?page_id=4"},"modified":"2026-03-17T17:13:48","modified_gmt":"2026-03-18T00:13:48","slug":"home","status":"publish","type":"page","link":"https:\/\/internetaddictsanonymous.org\/de\/","title":{"rendered":"Die anonymen Internet- und Technologies\u00fcchtigen"},"content":{"rendered":"<p>Willkommen bei Internet and Technology Addicts Anonymous! Wir freuen uns, dass Sie uns gefunden haben, und hoffen, dass unsere Gemeinschaft f\u00fcr Sie genauso hilfreich sein kann wie f\u00fcr uns.<strong> <mark style=\"background-color:rgba(0, 0, 0, 0)\" class=\"has-inline-color has-dark-gray-color\">ITAA ist eine Zw\u00f6lf-Schritte-Gemeinschaft von Menschen, die sich gegenseitig bei der Genesung von der Internet- und Technologiesucht unterst\u00fctzen.<\/mark><\/strong> Dies umfasst die Sucht nach sozialen Medien, Telefonsucht, Videosucht, Fernsehsucht, Spielsucht, Nachrichtensucht, Pornografiesucht, Dating-Apps, Online-Recherche, Online-Shopping, KI-Sucht oder jede andere digitale Aktivit\u00e4t, die zwanghaft und problematisch wird.&nbsp;<\/p>\n\n\n\n<h3 class=\"wp-block-heading\">Kostenlose Hilfe bei Internet- und Technologieabh\u00e4ngigkeit<\/h3>\n\n\n\n<p>Unabh\u00e4ngig davon, wie gro\u00df oder klein Ihr Problem Ihrer Meinung nach sein mag, empfehlen wir Ihnen, an einem unserer t\u00e4glichen Treffen teilzunehmen, um zu sehen, ob ITAA Ihnen helfen kann. Unsere Treffen sind kostenlos und offen f\u00fcr jeden, der mit zwanghafter Internetnutzung zu k\u00e4mpfen hat. Die Treffen sind sicher, gesch\u00fctzt und anonym. ITAA ist sehr vielf\u00e4ltig und unsere Treffen umfassen Mitglieder jeden Alters, Geschlechts und jeder Ethnie aus der ganzen Welt. Zus\u00e4tzlich zu Englisch haben wir auch Treffen in <a href=\"https:\/\/internetaddictsanonymous.org\/fr\/itaa-en-francais\/\">Franz\u00f6sisch<\/a>, <a href=\"https:\/\/internetaddictsanonymous.org\/es\/espanol\/\">Spanisch<\/a>, <a href=\"https:\/\/internetaddictsanonymous.org\/ru\/itaa-%d0%bd%d0%b0-%d1%80%d1%83%d1%81%d1%81%d0%ba%d0%be%d0%bc-%d1%8f%d0%b7%d1%8b%d0%ba%d0%b5\/\">Russisch<\/a>, <a href=\"https:\/\/internetaddictsanonymous.org\/de\/itaa-in-german\/\">Deutsch<\/a>, <a href=\"https:\/\/internetaddictsanonymous.org\/he\/%d7%90%d7%99%d7%98%d7%90-%d7%91%d7%a2%d7%91%d7%a8%d7%99%d7%aa\/\">Hebr\u00e4isch<\/a>, <a href=\"https:\/\/internetaddictsanonymous.org\/ar\/itaa-%d8%a8%d8%a7%d9%84%d9%84%d8%ba%d8%a9-%d8%a7%d9%84%d8%b9%d8%b1%d8%a8%d9%8a%d8%a9\/\">Arabisch<\/a>, <a href=\"https:\/\/internetaddictsanonymous.org\/pt\/portuguese\/\">Portugiesisch<\/a>, <a href=\"https:\/\/internetaddictsanonymous.org\/pl\/itaa-in-polish\/\">Polnisch<\/a>, <a href=\"https:\/\/internetaddictsanonymous.org\/nl\/nederlands\/\" type=\"link\" id=\"https:\/\/internetaddictsanonymous.org\/nl\/nederlands\/\">Niederl\u00e4ndisch<\/a> und <a href=\"https:\/\/internetaddictsanonymous.org\/fa\/itaa-in-persian\/\">persisch<\/a>. Sie k\u00f6nnen auch ein lokales, pers\u00f6nliches Treffen finden in <a href=\"https:\/\/internetaddictsanonymous.org\/de\/local-internet-addiction-meetings\/\">Ihre Stadt<\/a>.<\/p>\n\n\n\n<div class=\"wp-block-buttons is-content-justification-left is-layout-flex wp-container-core-buttons-is-layout-fdcfc74e wp-block-buttons-is-layout-flex\">\n<div class=\"wp-block-button has-custom-width wp-block-button__width-50 is-style-fill\"><a class=\"wp-block-button__link has-white-color has-blue-background-color has-text-color has-background has-custom-font-size wp-element-button\" href=\"https:\/\/internetaddictsanonymous.org\/de\/online-meetings\/\" style=\"border-radius:100px;font-size:25px;font-style:normal;font-weight:900\">An einer Sitzung teilnehmen<\/a><\/div>\n<\/div>\n\n\n\n<p><br>  <\/p>\n\n\n\n<h3 class=\"wp-block-heading\">Ressourcen zur Internet- und Technologiesucht<\/h3>\n\n\n\n<p>Wenn Sie sich fragen, ob Sie m\u00f6glicherweise internet- und technologieabh\u00e4ngig sind, k\u00f6nnen Sie sich unsere Frageb\u00f6gen ansehen f\u00fcr <a href=\"https:\/\/internetaddictsanonymous.org\/de\/internet-und-technologieabhangigkeit\/\">Internetabh\u00e4ngigkeit<\/a>, <a href=\"https:\/\/internetaddictsanonymous.org\/de\/internet-und-technologieabhangigkeit\/social-media-sucht\/\">Social-Media-Sucht<\/a>, <a href=\"https:\/\/internetaddictsanonymous.org\/de\/internetabhangigkeit\/streaming-sucht\/\">Streaming-Sucht<\/a>, <a href=\"https:\/\/internetaddictsanonymous.org\/de\/internet-und-technologieabhangigkeit\/telefonabhangigkeit\/\">Telefonabh\u00e4ngigkeit<\/a>, <a href=\"https:\/\/internetaddictsanonymous.org\/de\/internet-und-technologieabhangigkeit\/videospielsucht\/\">Videospielsucht<\/a>, <a href=\"https:\/\/internetaddictsanonymous.org\/de\/anonyme-internet-und-technologiesuchtige\/pornosucht\/\">Pornosucht<\/a>, oder <a href=\"https:\/\/internetaddictsanonymous.org\/de\/internet-und-technologieabhangigkeit\/informationssucht\/\">Informationssucht<\/a>. Sie k\u00f6nnen auch mehr \u00fcber ITAA erfahren, indem Sie unsere&nbsp;<a href=\"https:\/\/internetaddictsanonymous.org\/de\/leitfaden-fur-neue\/\">Leitfaden f\u00fcr Neue<\/a>, die \u00dcberpr\u00fcfung unserer <a href=\"https:\/\/internetaddictsanonymous.org\/de\/ressourcen\/instrumente-zur-wiederherstellung\/\">Instrumente zur Wiederherstellung<\/a>oder das H\u00f6ren von <a href=\"https:\/\/internetaddictsanonymous.org\/de\/genesungsgeschichten\/\">Genesungsgeschichten von Mitgliedern<\/a>.<\/p>\n\n\n\n<p>Die ITAA ist weder an eine politische Agenda noch an eine Religion oder an externe Interessen gebunden. Wir sind v\u00f6llig selbsttragend und kostenlos f\u00fcr alle, die es brauchen. Unser einziges Ziel ist es, vom zwanghaften Internet- und Technologiegebrauch Abstand zu nehmen und anderen zu helfen, sich von dieser Sucht zu befreien.<\/p>\n\n\n\n<p>Nochmals herzlich willkommen! Wir hoffen, dass diese Gemeinschaft Ihnen die Unterst\u00fctzung bieten kann, die Sie f\u00fcr Ihre Genesung von der Internet- und Technologiesucht ben\u00f6tigen. Bitte z\u00f6gern Sie nicht <a href=\"https:\/\/internetaddictsanonymous.org\/de\/kontakt\/\">sich melden<\/a> wenn Sie irgendwelche Fragen haben.<br>  <\/p>\n\n\n<p><em>Website last updated: April 21, 2026 @ 6:47 p.m. GMT<\/em><\/p>\n<!-- PMB print buttons is only displayed on a single post\/page URLs-->","protected":false},"excerpt":{"rendered":"<p>Willkommen bei den Anonymen Internet- und Technologieabh\u00e4ngigen! Sch\u00f6n, dass Sie uns gefunden haben, und wir hoffen, dass unsere Gemeinschaft Ihnen genauso helfen kann wie uns. ITAA ist eine Zw\u00f6lf-Schritte-Gruppe von Menschen, die sich gegenseitig bei der \u00dcberwindung ihrer Internet- und Technologieabh\u00e4ngigkeit unterst\u00fctzen. Dazu geh\u00f6ren unter anderem die Sucht nach sozialen Medien, Smartphones und Videos. <a href=\"https:\/\/internetaddictsanonymous.org\/de\/\" class=\"more-link\"><span class=\"screen-reader-text\">Die anonymen Internet- und Technologies\u00fcchtigen<\/span> weiterlesen<\/a><\/p>","protected":false},"author":35194237,"featured_media":0,"parent":0,"menu_order":1,"comment_status":"closed","ping_status":"closed","template":"full-width-page.php","meta":{"inline_featured_image":false,"_lmt_disableupdate":"no","_lmt_disable":"","footnotes":""},"tags":[655524906,307668,655524904,655524816,655524905,6271859,534293,1410996,3250287],"class_list":["post-4","page","type-page","status-publish","hentry","tag-balanced-technology-use","tag-internet-addiction","tag-internet-addicts-anonymous","tag-internet-and-technology-addiction","tag-mindful-internet-use","tag-online-shopping-addiction","tag-support-group","tag-technology-addiction","tag-youtube-addiction"],"yoast_head":"<!-- This site is optimized with the Yoast SEO plugin v27.4 - https:\/\/yoast.com\/product\/yoast-seo-wordpress\/ -->\n<title>Internet and Technology Addicts Anonymous | Receive Free Help &amp; Support<\/title>\n<meta name=\"description\" content=\"An active international 12-step fellowship for internet and technology addiction, with meetings every day. Join meetings by phone, computer, or in person.\" \/>\n<meta name=\"robots\" content=\"index, follow, max-snippet:-1, max-image-preview:large, max-video-preview:-1\" \/>\n<link rel=\"canonical\" href=\"https:\/\/internetaddictsanonymous.org\/de\/\" \/>\n<meta property=\"og:locale\" content=\"de_DE\" \/>\n<meta property=\"og:type\" content=\"article\" \/>\n<meta property=\"og:title\" content=\"Internet and Technology Addicts Anonymous | Receive Free Help &amp; Support\" \/>\n<meta property=\"og:description\" content=\"An active international 12-step fellowship for internet and technology addiction, with meetings every day. Join meetings by phone, computer, or in person.\" \/>\n<meta property=\"og:url\" content=\"https:\/\/internetaddictsanonymous.org\/de\/\" \/>\n<meta property=\"og:site_name\" content=\"Internet and Technology Addicts Anonymous\" \/>\n<meta property=\"article:modified_time\" content=\"2026-03-18T00:13:48+00:00\" \/>\n<meta name=\"twitter:card\" content=\"summary_large_image\" \/>\n<meta name=\"twitter:label1\" content=\"Gesch\u00e4tzte Lesezeit\" \/>\n\t<meta name=\"twitter:data1\" content=\"2\u00a0Minuten\" \/>\n<script type=\"application\/ld+json\" class=\"yoast-schema-graph\">{\"@context\":\"https:\\\/\\\/schema.org\",\"@graph\":[{\"@type\":\"WebPage\",\"@id\":\"https:\\\/\\\/internetaddictsanonymous.org\\\/\",\"url\":\"https:\\\/\\\/internetaddictsanonymous.org\\\/\",\"name\":\"Internet and Technology Addicts Anonymous | Receive Free Help & Support\",\"isPartOf\":{\"@id\":\"https:\\\/\\\/internetaddictsanonymous.org\\\/#website\"},\"datePublished\":\"2018-02-17T01:08:05+00:00\",\"dateModified\":\"2026-03-18T00:13:48+00:00\",\"description\":\"An active international 12-step fellowship for internet and technology addiction, with meetings every day. Join meetings by phone, computer, or in person.\",\"breadcrumb\":{\"@id\":\"https:\\\/\\\/internetaddictsanonymous.org\\\/#breadcrumb\"},\"inLanguage\":\"de\",\"potentialAction\":[{\"@type\":\"ReadAction\",\"target\":[\"https:\\\/\\\/internetaddictsanonymous.org\\\/\"]}]},{\"@type\":\"BreadcrumbList\",\"@id\":\"https:\\\/\\\/internetaddictsanonymous.org\\\/#breadcrumb\",\"itemListElement\":[{\"@type\":\"ListItem\",\"position\":1,\"name\":\"Home\",\"item\":\"https:\\\/\\\/internetaddictsanonymous.org\\\/\"},{\"@type\":\"ListItem\",\"position\":2,\"name\":\"Internet and Technology Addicts Anonymous\"}]},{\"@type\":\"WebSite\",\"@id\":\"https:\\\/\\\/internetaddictsanonymous.org\\\/#website\",\"url\":\"https:\\\/\\\/internetaddictsanonymous.org\\\/\",\"name\":\"Internet and Technology Addicts Anonymous\",\"description\":\"Worldwide 12-step Fellowship for Internet and Technology Addiction\",\"publisher\":{\"@id\":\"https:\\\/\\\/internetaddictsanonymous.org\\\/#organization\"},\"potentialAction\":[{\"@type\":\"SearchAction\",\"target\":{\"@type\":\"EntryPoint\",\"urlTemplate\":\"https:\\\/\\\/internetaddictsanonymous.org\\\/?s={search_term_string}\"},\"query-input\":{\"@type\":\"PropertyValueSpecification\",\"valueRequired\":true,\"valueName\":\"search_term_string\"}}],\"inLanguage\":\"de\"},{\"@type\":\"Organization\",\"@id\":\"https:\\\/\\\/internetaddictsanonymous.org\\\/#organization\",\"name\":\"Internet and Technology Addicts Anonymous\",\"url\":\"https:\\\/\\\/internetaddictsanonymous.org\\\/\",\"logo\":{\"@type\":\"ImageObject\",\"inLanguage\":\"de\",\"@id\":\"https:\\\/\\\/internetaddictsanonymous.org\\\/#\\\/schema\\\/logo\\\/image\\\/\",\"url\":\"https:\\\/\\\/internetaddictsanonymous.org\\\/wp-content\\\/uploads\\\/2023\\\/01\\\/cropped-ITAA-logo-480px.png\",\"contentUrl\":\"https:\\\/\\\/internetaddictsanonymous.org\\\/wp-content\\\/uploads\\\/2023\\\/01\\\/cropped-ITAA-logo-480px.png\",\"width\":480,\"height\":480,\"caption\":\"Internet and Technology Addicts Anonymous\"},\"image\":{\"@id\":\"https:\\\/\\\/internetaddictsanonymous.org\\\/#\\\/schema\\\/logo\\\/image\\\/\"}}]}<\/script>\n<!-- \/ Yoast SEO plugin. -->","yoast_head_json":{"title":"Anonyme Internet- und Technologies\u00fcchtige | Erhalten Sie kostenlose Hilfe und Unterst\u00fctzung","description":"Ein aktives internationales 12-Stufen-Stipendium f\u00fcr Internet- und Technologiesucht mit t\u00e4glichen Treffen. Nehmen Sie telefonisch, am Computer oder pers\u00f6nlich an Besprechungen teil.","robots":{"index":"index","follow":"follow","max-snippet":"max-snippet:-1","max-image-preview":"max-image-preview:large","max-video-preview":"max-video-preview:-1"},"canonical":"https:\/\/internetaddictsanonymous.org\/de\/","og_locale":"de_DE","og_type":"article","og_title":"Internet and Technology Addicts Anonymous | Receive Free Help & Support","og_description":"An active international 12-step fellowship for internet and technology addiction, with meetings every day. Join meetings by phone, computer, or in person.","og_url":"https:\/\/internetaddictsanonymous.org\/de\/","og_site_name":"Internet and Technology Addicts Anonymous","article_modified_time":"2026-03-18T00:13:48+00:00","twitter_card":"summary_large_image","twitter_misc":{"Gesch\u00e4tzte Lesezeit":"2\u00a0Minuten"},"schema":{"@context":"https:\/\/schema.org","@graph":[{"@type":"WebPage","@id":"https:\/\/internetaddictsanonymous.org\/","url":"https:\/\/internetaddictsanonymous.org\/","name":"Anonyme Internet- und Technologies\u00fcchtige | Erhalten Sie kostenlose Hilfe und Unterst\u00fctzung","isPartOf":{"@id":"https:\/\/internetaddictsanonymous.org\/#website"},"datePublished":"2018-02-17T01:08:05+00:00","dateModified":"2026-03-18T00:13:48+00:00","description":"Ein aktives internationales 12-Stufen-Stipendium f\u00fcr Internet- und Technologiesucht mit t\u00e4glichen Treffen. Nehmen Sie telefonisch, am Computer oder pers\u00f6nlich an Besprechungen teil.","breadcrumb":{"@id":"https:\/\/internetaddictsanonymous.org\/#breadcrumb"},"inLanguage":"de","potentialAction":[{"@type":"ReadAction","target":["https:\/\/internetaddictsanonymous.org\/"]}]},{"@type":"BreadcrumbList","@id":"https:\/\/internetaddictsanonymous.org\/#breadcrumb","itemListElement":[{"@type":"ListItem","position":1,"name":"Home","item":"https:\/\/internetaddictsanonymous.org\/"},{"@type":"ListItem","position":2,"name":"Internet and Technology Addicts Anonymous"}]},{"@type":"WebSite","@id":"https:\/\/internetaddictsanonymous.org\/#website","url":"https:\/\/internetaddictsanonymous.org\/","name":"Die anonymen Internet- und Technologies\u00fcchtigen","description":"Weltweite 12-Schritte-Gemeinschaft f\u00fcr Internet- und Techniksucht","publisher":{"@id":"https:\/\/internetaddictsanonymous.org\/#organization"},"potentialAction":[{"@type":"SearchAction","target":{"@type":"EntryPoint","urlTemplate":"https:\/\/internetaddictsanonymous.org\/?s={search_term_string}"},"query-input":{"@type":"PropertyValueSpecification","valueRequired":true,"valueName":"search_term_string"}}],"inLanguage":"de"},{"@type":"Organization","@id":"https:\/\/internetaddictsanonymous.org\/#organization","name":"Die anonymen Internet- und Technologies\u00fcchtigen","url":"https:\/\/internetaddictsanonymous.org\/","logo":{"@type":"ImageObject","inLanguage":"de","@id":"https:\/\/internetaddictsanonymous.org\/#\/schema\/logo\/image\/","url":"https:\/\/internetaddictsanonymous.org\/wp-content\/uploads\/2023\/01\/cropped-ITAA-logo-480px.png","contentUrl":"https:\/\/internetaddictsanonymous.org\/wp-content\/uploads\/2023\/01\/cropped-ITAA-logo-480px.png","width":480,"height":480,"caption":"Internet and Technology Addicts Anonymous"},"image":{"@id":"https:\/\/internetaddictsanonymous.org\/#\/schema\/logo\/image\/"}}]}},"jetpack_sharing_enabled":false,"jetpack_shortlink":"https:\/\/wp.me\/P9Fwob-4","_links":{"self":[{"href":"https:\/\/internetaddictsanonymous.org\/de\/wp-json\/wp\/v2\/pages\/4","targetHints":{"allow":["GET"]}}],"collection":[{"href":"https:\/\/internetaddictsanonymous.org\/de\/wp-json\/wp\/v2\/pages"}],"about":[{"href":"https:\/\/internetaddictsanonymous.org\/de\/wp-json\/wp\/v2\/types\/page"}],"author":[{"embeddable":true,"href":"https:\/\/internetaddictsanonymous.org\/de\/wp-json\/wp\/v2\/users\/35194237"}],"replies":[{"embeddable":true,"href":"https:\/\/internetaddictsanonymous.org\/de\/wp-json\/wp\/v2\/comments?post=4"}],"version-history":[{"count":100,"href":"https:\/\/internetaddictsanonymous.org\/de\/wp-json\/wp\/v2\/pages\/4\/revisions"}],"predecessor-version":[{"id":21125,"href":"https:\/\/internetaddictsanonymous.org\/de\/wp-json\/wp\/v2\/pages\/4\/revisions\/21125"}],"wp:attachment":[{"href":"https:\/\/internetaddictsanonymous.org\/de\/wp-json\/wp\/v2\/media?parent=4"}],"wp:term":[{"taxonomy":"post_tag","embeddable":true,"href":"https:\/\/internetaddictsanonymous.org\/de\/wp-json\/wp\/v2\/tags?post=4"}],"curies":[{"name":"wp","href":"https:\/\/api.w.org\/{rel}","templated":true}]}}