{"id":42,"date":"2018-02-17T02:04:58","date_gmt":"2018-02-17T02:04:58","guid":{"rendered":"https:\/\/internetandtechaa.wordpress.com\/?page_id=42"},"modified":"2023-01-30T20:17:53","modified_gmt":"2023-01-31T01:17:53","slug":"ressourcen","status":"publish","type":"page","link":"https:\/\/internetaddictsanonymous.org\/de\/resources\/","title":{"rendered":"Ressourcen"},"content":{"rendered":"<p>Willkommen bei ITAA! Hier finden Sie eine Liste mit hilfreichen Ressourcen, die Ihnen beim Beginn Ihrer Genesungsreise helfen k\u00f6nnen.<\/p>\n<p><strong><a href=\"https:\/\/internetaddictsanonymous.org\/de\/12-schritte-der-itaa\/\">Die zw\u00f6lf Schritte und zw\u00f6lf Traditionen von ITAA<\/a><br \/>\n<\/strong>Die Leitprinzipien unseres Programms.<\/p>\n<p><strong><a href=\"https:\/\/internetaddictsanonymous.org\/de\/leitfaden-fur-neue\/\">Ein Leitfaden f\u00fcr Neuank\u00f6mmlinge<\/a><br \/>\n<\/strong>Eine Liste mit sechs einfachen Vorschl\u00e4gen f\u00fcr den Einstieg in die ITAA.<\/p>\n<p><strong><a href=\"https:\/\/internetaddictsanonymous.org\/de\/genesungsgeschichten\/\">Erfahrungsberichte der Genesung<\/a><br \/>\n<\/strong>Aufgenommene und geschriebene Geschichten von genesenen Mitgliedern der ITAA.<\/p>\n<p><strong><a href=\"https:\/\/internetaddictsanonymous.org\/de\/ressourcen\/instrumente-zur-wiederherstellung\/\">Werkzeuge der Genesung<\/a><br \/>\n<\/strong>Bew\u00e4hrte Tools und Strategien, die uns helfen k\u00f6nnen, n\u00fcchtern zu bleiben.<\/p>\n<p><strong><a href=\"https:\/\/internetaddictsanonymous.org\/de\/arbeitsblatt-zur-entdeckung-der-nuchternheit-eine-einfuhrung-in-die-internet-suchtentwohnung\/\">Arbeitsblatt \"N\u00fcchternheit entdecken<\/a><\/strong><br \/>\nEin Arbeitsblatt, das uns dabei helfen soll, einen Plan f\u00fcr die Genesung von der Internetsucht zu erstellen, mit Fragen und Hinweisen, die wir befolgen k\u00f6nnen.<\/p>\n<p><a href=\"https:\/\/internetaddictsanonymous.org\/de\/ein-leitfaden-zum-ausrutschen-und-ruckfall-in-itaa\/\"><strong>N\u00fcchternheit, Ausrutscher und R\u00fcckf\u00e4lle verstehen<\/strong><\/a><br \/>\nEin \u00dcberblick dar\u00fcber, was N\u00fcchternheit in der ITAA bedeutet und wie man Ausrutscher und R\u00fcckf\u00e4lle verhindert und daran w\u00e4chst.<\/p>\n<p><a href=\"https:\/\/internetaddictsanonymous.org\/de\/a-leitfaden-zur-entnahme\/\"><strong>Umgang mit dem Entzug<\/strong><\/a><br \/>\nEine Beschreibung des Abhebungsprozesses, zusammen mit Wiederherstellungsgeschichten von vier Mitgliedern.<\/p>\n<p><strong><a href=\"https:\/\/internetaddictsanonymous.org\/de\/ein-leitfaden-fur-aufsuchende-anrufe-in-itaa\/\">Outreach-Anrufe t\u00e4tigen<\/a><br \/>\n<\/strong>Eine Anleitung zum Anrufen anderer Mitglieder au\u00dferhalb von Meetings.<\/p>\n<p><a href=\"https:\/\/internetaddictsanonymous.org\/de\/sponsoring\/\"><strong>Die Bedeutung von Sponsoring<\/strong><\/a><br \/>\nPatenschaft ist eine informelle Beziehung, in der ein erfahreneres Mitglied der ITAA uns hilft, uns durch die Genesung zu f\u00fchren.<\/p>\n<p><a href=\"https:\/\/internetaddictsanonymous.org\/de\/ressourcen\/literature\/\"><strong>Stepworking-Ressourcen<\/strong><\/a><br \/>\nDiese Seite enth\u00e4lt Links zu Literatur aus anderen Programmen, die wir verwenden k\u00f6nnen, um die Schritte zu bearbeiten, sowie einige zus\u00e4tzliche informelle Ressourcen, die von Mitgliedern der ITAA entwickelt wurden.<\/p>\n<p><a href=\"https:\/\/internetaddictsanonymous.org\/de\/dienstleistung\/\"><strong>Eine Anleitung zum Service<\/strong><\/a><br \/>\nEine \u00dcbersicht \u00fcber M\u00f6glichkeiten, wie wir Serviceleistungen erbringen und die Genesung anderer Mitglieder unterst\u00fctzen k\u00f6nnen.<\/p>\n<p><strong><a href=\"https:\/\/internetaddictsanonymous.org\/de\/sicherheit-in-itaa\/\">Sicherheit in ITAA<\/a><br \/>\n<\/strong>Ein Leitfaden f\u00fcr die Reaktion auf unsicheres oder unangemessenes Verhalten.<\/p>\n<p><a href=\"https:\/\/internetaddictsanonymous.org\/de\/the-doctors-opinion\/\"><strong>Die wissenschaftlichen Beweise f\u00fcr Internet- und Technologiesucht<\/strong><\/a><br \/>\nEin \u00dcberblick \u00fcber die wissenschaftliche Literatur zu den Auswirkungen und Folgen von Internet- und Techniksucht.<\/p>\n<!-- PMB print buttons is only displayed on a single post\/page URLs-->","protected":false},"excerpt":{"rendered":"<p>Willkommen bei ITAA! Hier finden Sie eine Liste hilfreicher Ressourcen, die Ihnen auf Ihrem Weg zur Genesung helfen k\u00f6nnen. Die zw\u00f6lf Schritte und zw\u00f6lf Traditionen von ITAA. Die Leitprinzipien unseres Programms. Ein Leitfaden f\u00fcr Neueinsteiger. Eine Liste mit sechs einfachen Vorschl\u00e4gen f\u00fcr den Einstieg bei ITAA. Aufgezeichnete Genesungsgeschichten \u2026 <a href=\"https:\/\/internetaddictsanonymous.org\/de\/resources\/\" class=\"more-link\"><span class=\"screen-reader-text\">Ressourcen<\/span> weiterlesen<\/a><\/p>","protected":false},"author":35194237,"featured_media":0,"parent":0,"menu_order":0,"comment_status":"closed","ping_status":"closed","template":"full-width-page.php","meta":{"inline_featured_image":false,"_lmt_disableupdate":"","_lmt_disable":"","jetpack_post_was_ever_published":false,"footnotes":""},"tags":[],"class_list":["post-42","page","type-page","status-publish","hentry"],"yoast_head":"<!-- This site is optimized with the Yoast SEO plugin v27.3 - https:\/\/yoast.com\/product\/yoast-seo-wordpress\/ -->\n<title>Resources &#8211; Internet and Technology Addicts Anonymous<\/title>\n<meta name=\"robots\" content=\"index, follow, max-snippet:-1, max-image-preview:large, max-video-preview:-1\" \/>\n<link rel=\"canonical\" href=\"https:\/\/internetaddictsanonymous.org\/de\/ressourcen\/\" \/>\n<meta property=\"og:locale\" content=\"de_DE\" \/>\n<meta property=\"og:type\" content=\"article\" \/>\n<meta property=\"og:title\" content=\"Resources &#8211; Internet and Technology Addicts Anonymous\" \/>\n<meta property=\"og:description\" content=\"Welcome to ITAA! Here you can find a list of helpful resources that may help you as you embark on your recovery journey. The Twelve Steps and Twelve Traditions of ITAA The guiding principles of our program. A Guide For Newcomers A list of six simple suggestions for getting started in ITAA. Recovery Stories Recorded &hellip; Resources weiterlesen\" \/>\n<meta property=\"og:url\" content=\"https:\/\/internetaddictsanonymous.org\/de\/ressourcen\/\" \/>\n<meta property=\"og:site_name\" content=\"Internet and Technology Addicts Anonymous\" \/>\n<meta property=\"article:modified_time\" content=\"2023-01-31T01:17:53+00:00\" \/>\n<meta name=\"twitter:card\" content=\"summary_large_image\" \/>\n<meta name=\"twitter:label1\" content=\"Gesch\u00e4tzte Lesezeit\" \/>\n\t<meta name=\"twitter:data1\" content=\"2\u00a0Minuten\" \/>\n<script type=\"application\/ld+json\" class=\"yoast-schema-graph\">{\"@context\":\"https:\\\/\\\/schema.org\",\"@graph\":[{\"@type\":\"WebPage\",\"@id\":\"https:\\\/\\\/internetaddictsanonymous.org\\\/resources\\\/\",\"url\":\"https:\\\/\\\/internetaddictsanonymous.org\\\/resources\\\/\",\"name\":\"Resources &#8211; Internet and Technology Addicts Anonymous\",\"isPartOf\":{\"@id\":\"https:\\\/\\\/internetaddictsanonymous.org\\\/#website\"},\"datePublished\":\"2018-02-17T02:04:58+00:00\",\"dateModified\":\"2023-01-31T01:17:53+00:00\",\"breadcrumb\":{\"@id\":\"https:\\\/\\\/internetaddictsanonymous.org\\\/resources\\\/#breadcrumb\"},\"inLanguage\":\"de\",\"potentialAction\":[{\"@type\":\"ReadAction\",\"target\":[\"https:\\\/\\\/internetaddictsanonymous.org\\\/resources\\\/\"]}]},{\"@type\":\"BreadcrumbList\",\"@id\":\"https:\\\/\\\/internetaddictsanonymous.org\\\/resources\\\/#breadcrumb\",\"itemListElement\":[{\"@type\":\"ListItem\",\"position\":1,\"name\":\"Home\",\"item\":\"https:\\\/\\\/internetaddictsanonymous.org\\\/\"},{\"@type\":\"ListItem\",\"position\":2,\"name\":\"Resources\"}]},{\"@type\":\"WebSite\",\"@id\":\"https:\\\/\\\/internetaddictsanonymous.org\\\/#website\",\"url\":\"https:\\\/\\\/internetaddictsanonymous.org\\\/\",\"name\":\"Internet and Technology Addicts Anonymous\",\"description\":\"Worldwide 12-step Fellowship for Internet and Technology Addiction\",\"publisher\":{\"@id\":\"https:\\\/\\\/internetaddictsanonymous.org\\\/#organization\"},\"potentialAction\":[{\"@type\":\"SearchAction\",\"target\":{\"@type\":\"EntryPoint\",\"urlTemplate\":\"https:\\\/\\\/internetaddictsanonymous.org\\\/?s={search_term_string}\"},\"query-input\":{\"@type\":\"PropertyValueSpecification\",\"valueRequired\":true,\"valueName\":\"search_term_string\"}}],\"inLanguage\":\"de\"},{\"@type\":\"Organization\",\"@id\":\"https:\\\/\\\/internetaddictsanonymous.org\\\/#organization\",\"name\":\"Internet and Technology Addicts Anonymous\",\"url\":\"https:\\\/\\\/internetaddictsanonymous.org\\\/\",\"logo\":{\"@type\":\"ImageObject\",\"inLanguage\":\"de\",\"@id\":\"https:\\\/\\\/internetaddictsanonymous.org\\\/#\\\/schema\\\/logo\\\/image\\\/\",\"url\":\"https:\\\/\\\/internetaddictsanonymous.org\\\/wp-content\\\/uploads\\\/2023\\\/01\\\/cropped-ITAA-logo-480px.png\",\"contentUrl\":\"https:\\\/\\\/internetaddictsanonymous.org\\\/wp-content\\\/uploads\\\/2023\\\/01\\\/cropped-ITAA-logo-480px.png\",\"width\":480,\"height\":480,\"caption\":\"Internet and Technology Addicts Anonymous\"},\"image\":{\"@id\":\"https:\\\/\\\/internetaddictsanonymous.org\\\/#\\\/schema\\\/logo\\\/image\\\/\"}}]}<\/script>\n<!-- \/ Yoast SEO plugin. -->","yoast_head_json":{"title":"Ressourcen - Anonyme Internet- und Technologies\u00fcchtige","robots":{"index":"index","follow":"follow","max-snippet":"max-snippet:-1","max-image-preview":"max-image-preview:large","max-video-preview":"max-video-preview:-1"},"canonical":"https:\/\/internetaddictsanonymous.org\/de\/ressourcen\/","og_locale":"de_DE","og_type":"article","og_title":"Resources &#8211; Internet and Technology Addicts Anonymous","og_description":"Welcome to ITAA! Here you can find a list of helpful resources that may help you as you embark on your recovery journey. The Twelve Steps and Twelve Traditions of ITAA The guiding principles of our program. A Guide For Newcomers A list of six simple suggestions for getting started in ITAA. Recovery Stories Recorded &hellip; Resources weiterlesen","og_url":"https:\/\/internetaddictsanonymous.org\/de\/ressourcen\/","og_site_name":"Internet and Technology Addicts Anonymous","article_modified_time":"2023-01-31T01:17:53+00:00","twitter_card":"summary_large_image","twitter_misc":{"Gesch\u00e4tzte Lesezeit":"2\u00a0Minuten"},"schema":{"@context":"https:\/\/schema.org","@graph":[{"@type":"WebPage","@id":"https:\/\/internetaddictsanonymous.org\/resources\/","url":"https:\/\/internetaddictsanonymous.org\/resources\/","name":"Ressourcen - Anonyme Internet- und Technologies\u00fcchtige","isPartOf":{"@id":"https:\/\/internetaddictsanonymous.org\/#website"},"datePublished":"2018-02-17T02:04:58+00:00","dateModified":"2023-01-31T01:17:53+00:00","breadcrumb":{"@id":"https:\/\/internetaddictsanonymous.org\/resources\/#breadcrumb"},"inLanguage":"de","potentialAction":[{"@type":"ReadAction","target":["https:\/\/internetaddictsanonymous.org\/resources\/"]}]},{"@type":"BreadcrumbList","@id":"https:\/\/internetaddictsanonymous.org\/resources\/#breadcrumb","itemListElement":[{"@type":"ListItem","position":1,"name":"Home","item":"https:\/\/internetaddictsanonymous.org\/"},{"@type":"ListItem","position":2,"name":"Resources"}]},{"@type":"WebSite","@id":"https:\/\/internetaddictsanonymous.org\/#website","url":"https:\/\/internetaddictsanonymous.org\/","name":"Die anonymen Internet- und Technologies\u00fcchtigen","description":"Weltweite 12-Schritte-Gemeinschaft f\u00fcr Internet- und Techniksucht","publisher":{"@id":"https:\/\/internetaddictsanonymous.org\/#organization"},"potentialAction":[{"@type":"SearchAction","target":{"@type":"EntryPoint","urlTemplate":"https:\/\/internetaddictsanonymous.org\/?s={search_term_string}"},"query-input":{"@type":"PropertyValueSpecification","valueRequired":true,"valueName":"search_term_string"}}],"inLanguage":"de"},{"@type":"Organization","@id":"https:\/\/internetaddictsanonymous.org\/#organization","name":"Die anonymen Internet- und Technologies\u00fcchtigen","url":"https:\/\/internetaddictsanonymous.org\/","logo":{"@type":"ImageObject","inLanguage":"de","@id":"https:\/\/internetaddictsanonymous.org\/#\/schema\/logo\/image\/","url":"https:\/\/internetaddictsanonymous.org\/wp-content\/uploads\/2023\/01\/cropped-ITAA-logo-480px.png","contentUrl":"https:\/\/internetaddictsanonymous.org\/wp-content\/uploads\/2023\/01\/cropped-ITAA-logo-480px.png","width":480,"height":480,"caption":"Internet and Technology Addicts Anonymous"},"image":{"@id":"https:\/\/internetaddictsanonymous.org\/#\/schema\/logo\/image\/"}}]}},"jetpack_sharing_enabled":false,"jetpack_shortlink":"https:\/\/wp.me\/P9Fwob-G","_links":{"self":[{"href":"https:\/\/internetaddictsanonymous.org\/de\/wp-json\/wp\/v2\/pages\/42","targetHints":{"allow":["GET"]}}],"collection":[{"href":"https:\/\/internetaddictsanonymous.org\/de\/wp-json\/wp\/v2\/pages"}],"about":[{"href":"https:\/\/internetaddictsanonymous.org\/de\/wp-json\/wp\/v2\/types\/page"}],"author":[{"embeddable":true,"href":"https:\/\/internetaddictsanonymous.org\/de\/wp-json\/wp\/v2\/users\/35194237"}],"replies":[{"embeddable":true,"href":"https:\/\/internetaddictsanonymous.org\/de\/wp-json\/wp\/v2\/comments?post=42"}],"version-history":[{"count":23,"href":"https:\/\/internetaddictsanonymous.org\/de\/wp-json\/wp\/v2\/pages\/42\/revisions"}],"predecessor-version":[{"id":15258,"href":"https:\/\/internetaddictsanonymous.org\/de\/wp-json\/wp\/v2\/pages\/42\/revisions\/15258"}],"wp:attachment":[{"href":"https:\/\/internetaddictsanonymous.org\/de\/wp-json\/wp\/v2\/media?parent=42"}],"wp:term":[{"taxonomy":"post_tag","embeddable":true,"href":"https:\/\/internetaddictsanonymous.org\/de\/wp-json\/wp\/v2\/tags?post=42"}],"curies":[{"name":"wp","href":"https:\/\/api.w.org\/{rel}","templated":true}]}}